{"id":7471,"date":"2025-02-23T01:11:21","date_gmt":"2025-02-23T01:11:21","guid":{"rendered":"https:\/\/www.plastic-crates.com\/?post_type=product&#038;p=7471"},"modified":"2025-02-23T01:31:09","modified_gmt":"2025-02-23T01:31:09","slug":"caixa-dobravel-com-efeito-de-madeira","status":"publish","type":"product","link":"https:\/\/www.plastic-crates.com\/pt\/produto\/caixa-dobravel-com-efeito-de-madeira\/","title":{"rendered":"Caixa dobr\u00e1vel com efeito de madeira"},"content":{"rendered":"<p>Apresentando nosso <strong>Caixa dobr\u00e1vel com efeito de madeira<\/strong> \u2013 uma combina\u00e7\u00e3o perfeita de funcionalidade e estilo. Esta caixa n\u00e3o \u00e9 apenas uma solu\u00e7\u00e3o pr\u00e1tica de armazenamento, mas tamb\u00e9m um complemento visualmente atraente para a decora\u00e7\u00e3o da sua casa ou escrit\u00f3rio. Produzida com acabamento em madeira, ela oferece o charme r\u00fastico de uma caixa de madeira, sendo mais leve e dur\u00e1vel.<\/p>\n<ul>\n<li>Pode ser recolhido e empilhado para utiliza\u00e7\u00e3o eficiente do espa\u00e7o durante o transporte e armazenamento<\/li>\n<li>Ecol\u00f3gico e totalmente recicl\u00e1vel<\/li>\n<li>Constru\u00e7\u00e3o em pol\u00edmero f\u00e1cil de limpar, imperme\u00e1vel \u00e0 umidade, inseticidas, fungos, \u00e1cidos, gorduras, solventes e odores<\/li>\n<li>Certificado para contato com alimentos<\/li>\n<li>Em conformidade com as normas europeias<\/li>\n<li>Os pain\u00e9is podem ser dobrados para cima e para baixo sem esfor\u00e7o e silenciosamente<\/li>\n<li>Equipado com trava ativa para proteger o recipiente quando ele estiver desdobrado.<\/li>\n<\/ul>\n<div style=\"width: 1170px;\" class=\"wp-video\"><!--[if lt IE 9]><script>document.createElement('video');<\/script><![endif]-->\n<video class=\"wp-video-shortcode\" id=\"video-7471-1\" width=\"1170\" height=\"663\" preload=\"metadata\" controls=\"controls\"><source type=\"video\/mp4\" src=\"https:\/\/www.plastic-crates.com\/wp-content\/uploads\/2025\/02\/wood-effect-folding-crate-effect.mp4?_=1\" \/><a href=\"https:\/\/www.plastic-crates.com\/wp-content\/uploads\/2025\/02\/wood-effect-folding-crate-effect.mp4\">https:\/\/www.plastic-crates.com\/wp-content\/uploads\/2025\/02\/wood-effect-folding-crate-effect.mp4<\/a><\/video><\/div>\n<p><img loading=\"lazy\" decoding=\"async\" class=\"alignnone size-full wp-image-7479\" src=\"https:\/\/www.plastic-crates.com\/wp-content\/uploads\/2025\/02\/wood-effect-folding-crate-application-1.png\" alt=\"Aplica\u00e7\u00e3o de caixa dobr\u00e1vel com efeito de madeira\" width=\"1195\" height=\"793\" srcset=\"https:\/\/www.plastic-crates.com\/wp-content\/uploads\/2025\/02\/wood-effect-folding-crate-application-1.png 1195w, https:\/\/www.plastic-crates.com\/wp-content\/uploads\/2025\/02\/wood-effect-folding-crate-application-1-300x199.png 300w, https:\/\/www.plastic-crates.com\/wp-content\/uploads\/2025\/02\/wood-effect-folding-crate-application-1-1024x680.png 1024w, https:\/\/www.plastic-crates.com\/wp-content\/uploads\/2025\/02\/wood-effect-folding-crate-application-1-768x510.png 768w, https:\/\/www.plastic-crates.com\/wp-content\/uploads\/2025\/02\/wood-effect-folding-crate-application-1-600x398.png 600w\" sizes=\"auto, (max-width: 1195px) 100vw, 1195px\" \/><br \/>\n<img loading=\"lazy\" decoding=\"async\" class=\"alignnone size-full wp-image-7480\" src=\"https:\/\/www.plastic-crates.com\/wp-content\/uploads\/2025\/02\/wood-effect-folding-crate-application-2.png\" alt=\"Caixa dobr\u00e1vel com efeito de madeira para frutas\" width=\"800\" height=\"1066\" srcset=\"https:\/\/www.plastic-crates.com\/wp-content\/uploads\/2025\/02\/wood-effect-folding-crate-application-2.png 800w, https:\/\/www.plastic-crates.com\/wp-content\/uploads\/2025\/02\/wood-effect-folding-crate-application-2-225x300.png 225w, https:\/\/www.plastic-crates.com\/wp-content\/uploads\/2025\/02\/wood-effect-folding-crate-application-2-768x1023.png 768w, https:\/\/www.plastic-crates.com\/wp-content\/uploads\/2025\/02\/wood-effect-folding-crate-application-2-600x800.png 600w\" sizes=\"auto, (max-width: 800px) 100vw, 800px\" \/><\/p>","protected":false},"excerpt":{"rendered":"<div><a href=\"https:\/\/www.plastic-crates.com\/pt\/produto\/palete-de-contencao-de-derramamento-palete-de-contencao-de-derramamento\/\" target=\"_blank\">palete de conten\u00e7\u00e3o de derramamento<\/a>,<a href=\"https:\/\/www.plastic-crates.com\/pt\/categoria+de+produto\/recipientes-empilhaveis\/\" target=\"_blank\">recipientes de armazenamento empilh\u00e1veis de pl\u00e1stico<\/a>,<a href=\"https:\/\/www.plastic-crates.com\/pt\/categoria+de+produto\/recipientes-empilhaveis\/\" target=\"_blank\" rel=\"noopener noreferrer\">caixas empilh\u00e1veis<\/a>,<a href=\"https:\/\/www.plastic-crates.com\/pt\/categoria+de+produto\/caixa-dobravel-3\/\" target=\"_blank\" rel=\"noopener noreferrer\">cesta de pl\u00e1stico dobr\u00e1vel<\/a>,<a href=\"https:\/\/www.plastic-crates.com\/pt\/categoria+de+produto\/conteiner-de-paletes\/\" target=\"_blank\" rel=\"noopener noreferrer\">cont\u00eainer de armazenamento a granel<\/a>,<a href=\"https:\/\/www.rollingcrates.com\/product-category\/folding-wagon\/\" target=\"_blank\">melhor carrinho dobr\u00e1vel dobr\u00e1vel<\/a><\/div>","protected":false},"featured_media":7472,"template":"","meta":{"_acf_changed":false},"product_brand":[],"product_cat":[11],"product_tag":[101],"class_list":{"0":"post-7471","1":"product","2":"type-product","3":"status-publish","4":"has-post-thumbnail","6":"product_cat-collapsable-box","7":"product_tag-plastic-folding-boxes","9":"first","10":"instock","11":"product-type-simple"},"acf":[],"yoast_head":"<!-- This site is optimized with the Yoast SEO plugin v26.1.1 - https:\/\/yoast.com\/wordpress\/plugins\/seo\/ -->\n<title>Wood Effect Folding Crate wholesale &amp; Factory Price<\/title>\n<meta name=\"description\" content=\"Wholesale Wood Effect Folding Crate, collapsable Wood Effect plastic crates supplier, Dimensions(L*W*H):600 * 400 * 205 mm, Volume: 40L\" \/>\n<meta name=\"robots\" content=\"index, follow, max-snippet:-1, max-image-preview:large, max-video-preview:-1\" \/>\n<link rel=\"canonical\" href=\"https:\/\/www.plastic-crates.com\/pt\/produto\/caixa-dobravel-com-efeito-de-madeira\/\" \/>\n<meta property=\"og:locale\" content=\"pt_PT\" \/>\n<meta property=\"og:type\" content=\"article\" \/>\n<meta property=\"og:title\" content=\"collapsible plastic basket\" \/>\n<meta property=\"og:description\" content=\"Wholesale Wood Effect Folding Crate, collapsable Wood Effect plastic crates supplier, Dimensions(L*W*H):600 * 400 * 205 mm, Volume: 40L\" \/>\n<meta property=\"og:url\" content=\"https:\/\/www.plastic-crates.com\/pt\/produto\/caixa-dobravel-com-efeito-de-madeira\/\" \/>\n<meta property=\"og:site_name\" content=\"plastic-crates.com\" \/>\n<meta property=\"article:modified_time\" content=\"2025-02-23T01:31:09+00:00\" \/>\n<meta property=\"og:image\" content=\"https:\/\/www.plastic-crates.com\/wp-content\/uploads\/2025\/02\/wood-effect-folding-crate-1.jpg\" \/>\n\t<meta property=\"og:image:width\" content=\"700\" \/>\n\t<meta property=\"og:image:height\" content=\"700\" \/>\n\t<meta property=\"og:image:type\" content=\"image\/jpeg\" \/>\n<meta name=\"twitter:card\" content=\"summary_large_image\" \/>\n<meta name=\"twitter:title\" content=\"collapsible plastic basket\" \/>\n<meta name=\"twitter:label1\" content=\"Tempo estimado de leitura\" \/>\n\t<meta name=\"twitter:data1\" content=\"2 minutos\" \/>\n<script type=\"application\/ld+json\" class=\"yoast-schema-graph\">{\"@context\":\"https:\/\/schema.org\",\"@graph\":[{\"@type\":\"WebPage\",\"@id\":\"https:\/\/www.plastic-crates.com\/product\/wood-effect-folding-crate\/\",\"url\":\"https:\/\/www.plastic-crates.com\/product\/wood-effect-folding-crate\/\",\"name\":\"Wood Effect Folding Crate wholesale & Factory Price\",\"isPartOf\":{\"@id\":\"https:\/\/www.plastic-crates.com\/#website\"},\"primaryImageOfPage\":{\"@id\":\"https:\/\/www.plastic-crates.com\/product\/wood-effect-folding-crate\/#primaryimage\"},\"image\":{\"@id\":\"https:\/\/www.plastic-crates.com\/product\/wood-effect-folding-crate\/#primaryimage\"},\"thumbnailUrl\":\"https:\/\/www.plastic-crates.com\/wp-content\/uploads\/2025\/02\/wood-effect-folding-crate-1.jpg\",\"datePublished\":\"2025-02-23T01:11:21+00:00\",\"dateModified\":\"2025-02-23T01:31:09+00:00\",\"description\":\"Wholesale Wood Effect Folding Crate, collapsable Wood Effect plastic crates supplier, Dimensions(L*W*H):600 * 400 * 205 mm, Volume: 40L\",\"breadcrumb\":{\"@id\":\"https:\/\/www.plastic-crates.com\/product\/wood-effect-folding-crate\/#breadcrumb\"},\"inLanguage\":\"pt-PT\",\"potentialAction\":[{\"@type\":\"ReadAction\",\"target\":[\"https:\/\/www.plastic-crates.com\/product\/wood-effect-folding-crate\/\"]}]},{\"@type\":\"ImageObject\",\"inLanguage\":\"pt-PT\",\"@id\":\"https:\/\/www.plastic-crates.com\/product\/wood-effect-folding-crate\/#primaryimage\",\"url\":\"https:\/\/www.plastic-crates.com\/wp-content\/uploads\/2025\/02\/wood-effect-folding-crate-1.jpg\",\"contentUrl\":\"https:\/\/www.plastic-crates.com\/wp-content\/uploads\/2025\/02\/wood-effect-folding-crate-1.jpg\",\"width\":700,\"height\":700,\"caption\":\"Wood Effect Folding Crate\"},{\"@type\":\"BreadcrumbList\",\"@id\":\"https:\/\/www.plastic-crates.com\/product\/wood-effect-folding-crate\/#breadcrumb\",\"itemListElement\":[{\"@type\":\"ListItem\",\"position\":1,\"name\":\"Home\",\"item\":\"https:\/\/www.plastic-crates.com\/\"},{\"@type\":\"ListItem\",\"position\":2,\"name\":\"Products\",\"item\":\"https:\/\/www.plastic-crates.com\/shop\/\"},{\"@type\":\"ListItem\",\"position\":3,\"name\":\"Wood Effect Folding Crate\"}]},{\"@type\":\"WebSite\",\"@id\":\"https:\/\/www.plastic-crates.com\/#website\",\"url\":\"https:\/\/www.plastic-crates.com\/\",\"name\":\"plastic-crates.com\",\"description\":\"Leading plastic crates manufacturer in China\",\"potentialAction\":[{\"@type\":\"SearchAction\",\"target\":{\"@type\":\"EntryPoint\",\"urlTemplate\":\"https:\/\/www.plastic-crates.com\/?s={search_term_string}\"},\"query-input\":{\"@type\":\"PropertyValueSpecification\",\"valueRequired\":true,\"valueName\":\"search_term_string\"}}],\"inLanguage\":\"pt-PT\"}]}<\/script>\n<!-- \/ Yoast SEO plugin. -->","yoast_head_json":{"title":"Caixa dobr\u00e1vel com efeito de madeira no atacado e pre\u00e7o de f\u00e1brica","description":"Caixa dobr\u00e1vel com efeito de madeira no atacado, fornecedor de caixas pl\u00e1sticas dobr\u00e1veis com efeito de madeira, dimens\u00f5es (C*L*A): 600 * 400 * 205 mm, volume: 40L","robots":{"index":"index","follow":"follow","max-snippet":"max-snippet:-1","max-image-preview":"max-image-preview:large","max-video-preview":"max-video-preview:-1"},"canonical":"https:\/\/www.plastic-crates.com\/pt\/produto\/caixa-dobravel-com-efeito-de-madeira\/","og_locale":"pt_PT","og_type":"article","og_title":"collapsible plastic basket","og_description":"Wholesale Wood Effect Folding Crate, collapsable Wood Effect plastic crates supplier, Dimensions(L*W*H):600 * 400 * 205 mm, Volume: 40L","og_url":"https:\/\/www.plastic-crates.com\/pt\/produto\/caixa-dobravel-com-efeito-de-madeira\/","og_site_name":"plastic-crates.com","article_modified_time":"2025-02-23T01:31:09+00:00","og_image":[{"width":700,"height":700,"url":"https:\/\/www.plastic-crates.com\/wp-content\/uploads\/2025\/02\/wood-effect-folding-crate-1.jpg","type":"image\/jpeg"}],"twitter_card":"summary_large_image","twitter_title":"collapsible plastic basket","twitter_misc":{"Tempo estimado de leitura":"2 minutos"},"schema":{"@context":"https:\/\/schema.org","@graph":[{"@type":"WebPage","@id":"https:\/\/www.plastic-crates.com\/product\/wood-effect-folding-crate\/","url":"https:\/\/www.plastic-crates.com\/product\/wood-effect-folding-crate\/","name":"Caixa dobr\u00e1vel com efeito de madeira no atacado e pre\u00e7o de f\u00e1brica","isPartOf":{"@id":"https:\/\/www.plastic-crates.com\/#website"},"primaryImageOfPage":{"@id":"https:\/\/www.plastic-crates.com\/product\/wood-effect-folding-crate\/#primaryimage"},"image":{"@id":"https:\/\/www.plastic-crates.com\/product\/wood-effect-folding-crate\/#primaryimage"},"thumbnailUrl":"https:\/\/www.plastic-crates.com\/wp-content\/uploads\/2025\/02\/wood-effect-folding-crate-1.jpg","datePublished":"2025-02-23T01:11:21+00:00","dateModified":"2025-02-23T01:31:09+00:00","description":"Caixa dobr\u00e1vel com efeito de madeira no atacado, fornecedor de caixas pl\u00e1sticas dobr\u00e1veis com efeito de madeira, dimens\u00f5es (C*L*A): 600 * 400 * 205 mm, volume: 40L","breadcrumb":{"@id":"https:\/\/www.plastic-crates.com\/product\/wood-effect-folding-crate\/#breadcrumb"},"inLanguage":"pt-PT","potentialAction":[{"@type":"ReadAction","target":["https:\/\/www.plastic-crates.com\/product\/wood-effect-folding-crate\/"]}]},{"@type":"ImageObject","inLanguage":"pt-PT","@id":"https:\/\/www.plastic-crates.com\/product\/wood-effect-folding-crate\/#primaryimage","url":"https:\/\/www.plastic-crates.com\/wp-content\/uploads\/2025\/02\/wood-effect-folding-crate-1.jpg","contentUrl":"https:\/\/www.plastic-crates.com\/wp-content\/uploads\/2025\/02\/wood-effect-folding-crate-1.jpg","width":700,"height":700,"caption":"Wood Effect Folding Crate"},{"@type":"BreadcrumbList","@id":"https:\/\/www.plastic-crates.com\/product\/wood-effect-folding-crate\/#breadcrumb","itemListElement":[{"@type":"ListItem","position":1,"name":"Home","item":"https:\/\/www.plastic-crates.com\/"},{"@type":"ListItem","position":2,"name":"Products","item":"https:\/\/www.plastic-crates.com\/shop\/"},{"@type":"ListItem","position":3,"name":"Wood Effect Folding Crate"}]},{"@type":"WebSite","@id":"https:\/\/www.plastic-crates.com\/#website","url":"https:\/\/www.plastic-crates.com\/","name":"plastic-crates.com","description":"Fabricante l\u00edder de caixas pl\u00e1sticas na China","potentialAction":[{"@type":"SearchAction","target":{"@type":"EntryPoint","urlTemplate":"https:\/\/www.plastic-crates.com\/?s={search_term_string}"},"query-input":{"@type":"PropertyValueSpecification","valueRequired":true,"valueName":"search_term_string"}}],"inLanguage":"pt-PT"}]}},"_links":{"self":[{"href":"https:\/\/www.plastic-crates.com\/pt\/wp-json\/wp\/v2\/product\/7471","targetHints":{"allow":["GET"]}}],"collection":[{"href":"https:\/\/www.plastic-crates.com\/pt\/wp-json\/wp\/v2\/product"}],"about":[{"href":"https:\/\/www.plastic-crates.com\/pt\/wp-json\/wp\/v2\/types\/product"}],"wp:featuredmedia":[{"embeddable":true,"href":"https:\/\/www.plastic-crates.com\/pt\/wp-json\/wp\/v2\/media\/7472"}],"wp:attachment":[{"href":"https:\/\/www.plastic-crates.com\/pt\/wp-json\/wp\/v2\/media?parent=7471"}],"wp:term":[{"taxonomy":"product_brand","embeddable":true,"href":"https:\/\/www.plastic-crates.com\/pt\/wp-json\/wp\/v2\/product_brand?post=7471"},{"taxonomy":"product_cat","embeddable":true,"href":"https:\/\/www.plastic-crates.com\/pt\/wp-json\/wp\/v2\/product_cat?post=7471"},{"taxonomy":"product_tag","embeddable":true,"href":"https:\/\/www.plastic-crates.com\/pt\/wp-json\/wp\/v2\/product_tag?post=7471"}],"curies":[{"name":"wp","href":"https:\/\/api.w.org\/{rel}","templated":true}]}}