{"id":7497,"date":"2025-03-24T20:47:23","date_gmt":"2025-03-24T20:47:23","guid":{"rendered":"https:\/\/www.plastic-crates.com\/?post_type=product&#038;p=7497"},"modified":"2025-03-24T21:08:26","modified_gmt":"2025-03-24T21:08:26","slug":"caixa-de-bandeja-de-criacao-de-plastico-bsf-para-larvas-de-farinha","status":"publish","type":"product","link":"https:\/\/www.plastic-crates.com\/pt\/produto\/caixa-de-bandeja-de-criacao-de-plastico-bsf-para-larvas-de-farinha\/","title":{"rendered":"Caixa de reprodu\u00e7\u00e3o de pl\u00e1stico BSF para larvas de farinha"},"content":{"rendered":"<p>Aprimore seus projetos de cria\u00e7\u00e3o ou observa\u00e7\u00e3o de insetos com esta robusta Caixa de Cria\u00e7\u00e3o de Insetos, projetada para proporcionar um ambiente seguro e pr\u00e1tico para a cria\u00e7\u00e3o ou estudo de insetos. Feita em pl\u00e1stico azul dur\u00e1vel e de alta qualidade, esta caixa de cria\u00e7\u00e3o foi projetada para suportar o uso regular, garantindo a seguran\u00e7a de seus habitantes. O design retangular espa\u00e7oso oferece amplo espa\u00e7o para os insetos prosperarem, tornando-a ideal para amadores, educadores ou pesquisadores.<\/p>\n<div style=\"width: 1170px;\" class=\"wp-video\"><!--[if lt IE 9]><script>document.createElement('video');<\/script><![endif]-->\n<video class=\"wp-video-shortcode\" id=\"video-7497-1\" width=\"1170\" height=\"658\" preload=\"metadata\" controls=\"controls\"><source type=\"video\/mp4\" src=\"https:\/\/www.plastic-crates.com\/wp-content\/uploads\/2025\/03\/Insect-Breeding-Box.mp4?_=1\" \/><a href=\"https:\/\/www.plastic-crates.com\/wp-content\/uploads\/2025\/03\/Insect-Breeding-Box.mp4\">https:\/\/www.plastic-crates.com\/wp-content\/uploads\/2025\/03\/Insect-Breeding-Box.mp4<\/a><\/video><\/div>\n<p>A caixa possui uma estrutura ventilada com m\u00faltiplas se\u00e7\u00f5es recortadas nas laterais, promovendo o fluxo de ar adequado para manter um ambiente saud\u00e1vel para os insetos. Sua base s\u00f3lida garante estabilidade, enquanto as bordas elevadas mant\u00eam o conte\u00fado contido com seguran\u00e7a. A cor azul vibrante n\u00e3o s\u00f3 adiciona uma apar\u00eancia profissional, como tamb\u00e9m facilita a localiza\u00e7\u00e3o em qualquer ambiente de trabalho. Perfeita para reprodu\u00e7\u00e3o, observa\u00e7\u00e3o ou transporte de insetos como lagartas, besouros ou outras esp\u00e9cies pequenas, esta Caixa de Cria\u00e7\u00e3o de Insetos \u00e9 uma ferramenta confi\u00e1vel e vers\u00e1til para entusiastas de entomologia. Seja cultivando um habitat para borboletas ou estudando o comportamento de insetos, esta caixa oferece a funcionalidade e a durabilidade necess\u00e1rias para uma cria\u00e7\u00e3o bem-sucedida de insetos.<\/p>\n<p><a href=\"https:\/\/www.plastic-crates.com\/pt\/categoria+de+produto\/sacolas-plasticas-transparentes\/\">Sacolas pl\u00e1sticas transparentes<\/a>, <a href=\"https:\/\/www.plastic-crate.co.uk\/product-category\/supermarket-crates-bale-arm-crates\/\">caixas de bra\u00e7o de fardo<\/a>,<\/p>","protected":false},"excerpt":{"rendered":"<p>Enhance your insect breeding or observation projects with this sturdy Insect Breeding Box, designed to provide a secure and practical&hellip;<\/p>","protected":false},"featured_media":7504,"template":"","meta":{"_acf_changed":false},"product_brand":[],"product_cat":[144],"product_tag":[],"class_list":{"0":"post-7497","1":"product","2":"type-product","3":"status-publish","4":"has-post-thumbnail","6":"product_cat-plastic-trays-wholesale","8":"first","9":"instock","10":"sale","11":"purchasable","12":"product-type-simple"},"acf":[],"yoast_head":"<!-- This site is optimized with the Yoast SEO plugin v26.1.1 - https:\/\/yoast.com\/wordpress\/plugins\/seo\/ -->\n<title>Plastic BSF Breeding Tray Box for Mealworm for sale<\/title>\n<meta name=\"description\" content=\"Plastic BSF Breeding Tray Box for Mealworm, Insect Rearing box, OEM &amp; ODM service available, insect breeding boxes wholesale price!\" \/>\n<meta name=\"robots\" content=\"index, follow, max-snippet:-1, max-image-preview:large, max-video-preview:-1\" \/>\n<link rel=\"canonical\" href=\"https:\/\/www.plastic-crates.com\/pt\/produto\/caixa-de-bandeja-de-criacao-de-plastico-bsf-para-larvas-de-farinha\/\" \/>\n<meta property=\"og:locale\" content=\"pt_PT\" \/>\n<meta property=\"og:type\" content=\"article\" \/>\n<meta property=\"og:title\" content=\"stackable folding crate, High Quality stackable folding crate Wholesale\" \/>\n<meta property=\"og:description\" content=\"Plastic BSF Breeding Tray Box for Mealworm, Insect Rearing box, OEM &amp; ODM service available, insect breeding boxes wholesale price!\" \/>\n<meta property=\"og:url\" content=\"https:\/\/www.plastic-crates.com\/pt\/produto\/caixa-de-bandeja-de-criacao-de-plastico-bsf-para-larvas-de-farinha\/\" \/>\n<meta property=\"og:site_name\" content=\"plastic-crates.com\" \/>\n<meta property=\"article:modified_time\" content=\"2025-03-24T21:08:26+00:00\" \/>\n<meta property=\"og:image\" content=\"https:\/\/www.plastic-crates.com\/wp-content\/uploads\/2025\/03\/black-soldier-fly-breeding-box-7.jpg\" \/>\n\t<meta property=\"og:image:width\" content=\"720\" \/>\n\t<meta property=\"og:image:height\" content=\"720\" \/>\n\t<meta property=\"og:image:type\" content=\"image\/jpeg\" \/>\n<meta name=\"twitter:card\" content=\"summary_large_image\" \/>\n<meta name=\"twitter:title\" content=\"stackable folding crate, High Quality stackable folding crate Wholesale\" \/>\n<meta name=\"twitter:label1\" content=\"Tempo estimado de leitura\" \/>\n\t<meta name=\"twitter:data1\" content=\"2 minutos\" \/>\n<script type=\"application\/ld+json\" class=\"yoast-schema-graph\">{\"@context\":\"https:\/\/schema.org\",\"@graph\":[{\"@type\":\"WebPage\",\"@id\":\"https:\/\/www.plastic-crates.com\/product\/plastic-bsf-breeding-tray-box-for-mealworm\/\",\"url\":\"https:\/\/www.plastic-crates.com\/product\/plastic-bsf-breeding-tray-box-for-mealworm\/\",\"name\":\"Plastic BSF Breeding Tray Box for Mealworm for sale\",\"isPartOf\":{\"@id\":\"https:\/\/www.plastic-crates.com\/#website\"},\"primaryImageOfPage\":{\"@id\":\"https:\/\/www.plastic-crates.com\/product\/plastic-bsf-breeding-tray-box-for-mealworm\/#primaryimage\"},\"image\":{\"@id\":\"https:\/\/www.plastic-crates.com\/product\/plastic-bsf-breeding-tray-box-for-mealworm\/#primaryimage\"},\"thumbnailUrl\":\"https:\/\/www.plastic-crates.com\/wp-content\/uploads\/2025\/03\/black-soldier-fly-breeding-box-7.jpg\",\"datePublished\":\"2025-03-24T20:47:23+00:00\",\"dateModified\":\"2025-03-24T21:08:26+00:00\",\"description\":\"Plastic BSF Breeding Tray Box for Mealworm, Insect Rearing box, OEM & ODM service available, insect breeding boxes wholesale price!\",\"breadcrumb\":{\"@id\":\"https:\/\/www.plastic-crates.com\/product\/plastic-bsf-breeding-tray-box-for-mealworm\/#breadcrumb\"},\"inLanguage\":\"pt-PT\",\"potentialAction\":[{\"@type\":\"ReadAction\",\"target\":[\"https:\/\/www.plastic-crates.com\/product\/plastic-bsf-breeding-tray-box-for-mealworm\/\"]}]},{\"@type\":\"ImageObject\",\"inLanguage\":\"pt-PT\",\"@id\":\"https:\/\/www.plastic-crates.com\/product\/plastic-bsf-breeding-tray-box-for-mealworm\/#primaryimage\",\"url\":\"https:\/\/www.plastic-crates.com\/wp-content\/uploads\/2025\/03\/black-soldier-fly-breeding-box-7.jpg\",\"contentUrl\":\"https:\/\/www.plastic-crates.com\/wp-content\/uploads\/2025\/03\/black-soldier-fly-breeding-box-7.jpg\",\"width\":720,\"height\":720,\"caption\":\"Insect breeding box\"},{\"@type\":\"BreadcrumbList\",\"@id\":\"https:\/\/www.plastic-crates.com\/product\/plastic-bsf-breeding-tray-box-for-mealworm\/#breadcrumb\",\"itemListElement\":[{\"@type\":\"ListItem\",\"position\":1,\"name\":\"Home\",\"item\":\"https:\/\/www.plastic-crates.com\/\"},{\"@type\":\"ListItem\",\"position\":2,\"name\":\"Products\",\"item\":\"https:\/\/www.plastic-crates.com\/shop\/\"},{\"@type\":\"ListItem\",\"position\":3,\"name\":\"Plastic BSF Breeding Tray Box for Mealworm\"}]},{\"@type\":\"WebSite\",\"@id\":\"https:\/\/www.plastic-crates.com\/#website\",\"url\":\"https:\/\/www.plastic-crates.com\/\",\"name\":\"plastic-crates.com\",\"description\":\"Leading plastic crates manufacturer in China\",\"potentialAction\":[{\"@type\":\"SearchAction\",\"target\":{\"@type\":\"EntryPoint\",\"urlTemplate\":\"https:\/\/www.plastic-crates.com\/?s={search_term_string}\"},\"query-input\":{\"@type\":\"PropertyValueSpecification\",\"valueRequired\":true,\"valueName\":\"search_term_string\"}}],\"inLanguage\":\"pt-PT\"}]}<\/script>\n<!-- \/ Yoast SEO plugin. -->","yoast_head_json":{"title":"Caixa de bandeja de reprodu\u00e7\u00e3o de pl\u00e1stico BSF para larvas de farinha \u00e0 venda","description":"Caixa de bandeja de cria\u00e7\u00e3o de pl\u00e1stico BSF para larvas de farinha, caixa de cria\u00e7\u00e3o de insetos, servi\u00e7o OEM e ODM dispon\u00edvel, caixas de cria\u00e7\u00e3o de insetos com pre\u00e7o de atacado!","robots":{"index":"index","follow":"follow","max-snippet":"max-snippet:-1","max-image-preview":"max-image-preview:large","max-video-preview":"max-video-preview:-1"},"canonical":"https:\/\/www.plastic-crates.com\/pt\/produto\/caixa-de-bandeja-de-criacao-de-plastico-bsf-para-larvas-de-farinha\/","og_locale":"pt_PT","og_type":"article","og_title":"stackable folding crate, High Quality stackable folding crate Wholesale","og_description":"Plastic BSF Breeding Tray Box for Mealworm, Insect Rearing box, OEM & ODM service available, insect breeding boxes wholesale price!","og_url":"https:\/\/www.plastic-crates.com\/pt\/produto\/caixa-de-bandeja-de-criacao-de-plastico-bsf-para-larvas-de-farinha\/","og_site_name":"plastic-crates.com","article_modified_time":"2025-03-24T21:08:26+00:00","og_image":[{"width":720,"height":720,"url":"https:\/\/www.plastic-crates.com\/wp-content\/uploads\/2025\/03\/black-soldier-fly-breeding-box-7.jpg","type":"image\/jpeg"}],"twitter_card":"summary_large_image","twitter_title":"stackable folding crate, High Quality stackable folding crate Wholesale","twitter_misc":{"Tempo estimado de leitura":"2 minutos"},"schema":{"@context":"https:\/\/schema.org","@graph":[{"@type":"WebPage","@id":"https:\/\/www.plastic-crates.com\/product\/plastic-bsf-breeding-tray-box-for-mealworm\/","url":"https:\/\/www.plastic-crates.com\/product\/plastic-bsf-breeding-tray-box-for-mealworm\/","name":"Caixa de bandeja de reprodu\u00e7\u00e3o de pl\u00e1stico BSF para larvas de farinha \u00e0 venda","isPartOf":{"@id":"https:\/\/www.plastic-crates.com\/#website"},"primaryImageOfPage":{"@id":"https:\/\/www.plastic-crates.com\/product\/plastic-bsf-breeding-tray-box-for-mealworm\/#primaryimage"},"image":{"@id":"https:\/\/www.plastic-crates.com\/product\/plastic-bsf-breeding-tray-box-for-mealworm\/#primaryimage"},"thumbnailUrl":"https:\/\/www.plastic-crates.com\/wp-content\/uploads\/2025\/03\/black-soldier-fly-breeding-box-7.jpg","datePublished":"2025-03-24T20:47:23+00:00","dateModified":"2025-03-24T21:08:26+00:00","description":"Caixa de bandeja de cria\u00e7\u00e3o de pl\u00e1stico BSF para larvas de farinha, caixa de cria\u00e7\u00e3o de insetos, servi\u00e7o OEM e ODM dispon\u00edvel, caixas de cria\u00e7\u00e3o de insetos com pre\u00e7o de atacado!","breadcrumb":{"@id":"https:\/\/www.plastic-crates.com\/product\/plastic-bsf-breeding-tray-box-for-mealworm\/#breadcrumb"},"inLanguage":"pt-PT","potentialAction":[{"@type":"ReadAction","target":["https:\/\/www.plastic-crates.com\/product\/plastic-bsf-breeding-tray-box-for-mealworm\/"]}]},{"@type":"ImageObject","inLanguage":"pt-PT","@id":"https:\/\/www.plastic-crates.com\/product\/plastic-bsf-breeding-tray-box-for-mealworm\/#primaryimage","url":"https:\/\/www.plastic-crates.com\/wp-content\/uploads\/2025\/03\/black-soldier-fly-breeding-box-7.jpg","contentUrl":"https:\/\/www.plastic-crates.com\/wp-content\/uploads\/2025\/03\/black-soldier-fly-breeding-box-7.jpg","width":720,"height":720,"caption":"Insect breeding box"},{"@type":"BreadcrumbList","@id":"https:\/\/www.plastic-crates.com\/product\/plastic-bsf-breeding-tray-box-for-mealworm\/#breadcrumb","itemListElement":[{"@type":"ListItem","position":1,"name":"Home","item":"https:\/\/www.plastic-crates.com\/"},{"@type":"ListItem","position":2,"name":"Products","item":"https:\/\/www.plastic-crates.com\/shop\/"},{"@type":"ListItem","position":3,"name":"Plastic BSF Breeding Tray Box for Mealworm"}]},{"@type":"WebSite","@id":"https:\/\/www.plastic-crates.com\/#website","url":"https:\/\/www.plastic-crates.com\/","name":"plastic-crates.com","description":"Fabricante l\u00edder de caixas pl\u00e1sticas na China","potentialAction":[{"@type":"SearchAction","target":{"@type":"EntryPoint","urlTemplate":"https:\/\/www.plastic-crates.com\/?s={search_term_string}"},"query-input":{"@type":"PropertyValueSpecification","valueRequired":true,"valueName":"search_term_string"}}],"inLanguage":"pt-PT"}]}},"_links":{"self":[{"href":"https:\/\/www.plastic-crates.com\/pt\/wp-json\/wp\/v2\/product\/7497","targetHints":{"allow":["GET"]}}],"collection":[{"href":"https:\/\/www.plastic-crates.com\/pt\/wp-json\/wp\/v2\/product"}],"about":[{"href":"https:\/\/www.plastic-crates.com\/pt\/wp-json\/wp\/v2\/types\/product"}],"wp:featuredmedia":[{"embeddable":true,"href":"https:\/\/www.plastic-crates.com\/pt\/wp-json\/wp\/v2\/media\/7504"}],"wp:attachment":[{"href":"https:\/\/www.plastic-crates.com\/pt\/wp-json\/wp\/v2\/media?parent=7497"}],"wp:term":[{"taxonomy":"product_brand","embeddable":true,"href":"https:\/\/www.plastic-crates.com\/pt\/wp-json\/wp\/v2\/product_brand?post=7497"},{"taxonomy":"product_cat","embeddable":true,"href":"https:\/\/www.plastic-crates.com\/pt\/wp-json\/wp\/v2\/product_cat?post=7497"},{"taxonomy":"product_tag","embeddable":true,"href":"https:\/\/www.plastic-crates.com\/pt\/wp-json\/wp\/v2\/product_tag?post=7497"}],"curies":[{"name":"wp","href":"https:\/\/api.w.org\/{rel}","templated":true}]}}