{"id":7508,"date":"2025-04-14T23:41:45","date_gmt":"2025-04-14T23:41:45","guid":{"rendered":"https:\/\/www.plastic-crates.com\/?post_type=product&#038;p=7508"},"modified":"2025-09-12T21:45:24","modified_gmt":"2025-09-12T21:45:24","slug":"caixas-de-leite-dobraveis-por-atacado","status":"publish","type":"product","link":"https:\/\/www.plastic-crates.com\/pt\/produto\/caixas-de-leite-dobraveis-por-atacado\/","title":{"rendered":"Caixas de leite dobr\u00e1veis por atacado"},"content":{"rendered":"<p>Transforme suas solu\u00e7\u00f5es de armazenamento com nossa vers\u00e1til <strong>Caixas de leite dobr\u00e1veis<\/strong>. Projetadas para m\u00e1xima funcionalidade, essas caixas s\u00e3o a maneira perfeita de armazenar tudo, de mantimentos a materiais de escrit\u00f3rio, mantendo seu espa\u00e7o organizado e eficiente.<\/p>\n<ul>\n<li><strong>Design que economiza espa\u00e7o:<\/strong>\u00a0Facilmente dobr\u00e1veis para armazenamento compacto quando n\u00e3o estiverem em uso, essas caixas s\u00e3o perfeitas para casas, escrit\u00f3rios ou para viagens.<\/li>\n<li><strong>Material dur\u00e1vel:<\/strong>\u00a0Feitas de pl\u00e1stico resistente e de alta qualidade, nossas caixas de leite podem suportar cargas pesadas, garantindo uso duradouro.<\/li>\n<li><strong>Design ventilado:<\/strong>\u00a0Com uma estrutura de treli\u00e7a respir\u00e1vel, essas caixas ajudam a evitar o ac\u00famulo de umidade, tornando-as ideais para itens aliment\u00edcios e n\u00e3o aliment\u00edcios.<\/li>\n<li><strong>F\u00e1cil de manusear:<\/strong>\u00a0Com al\u00e7as integradas, transportar seus itens nunca foi t\u00e3o f\u00e1cil. Pegue, v\u00e1 e guarde com confian\u00e7a!<\/li>\n<li><strong>Elegante e funcional:<\/strong>\u00a0Dispon\u00edveis em uma elegante cor azul-petr\u00f3leo, essas caixas d\u00e3o um toque de cor \u00e0 sua solu\u00e7\u00e3o de armazenamento, al\u00e9m de serem pr\u00e1ticas.<\/li>\n<\/ul>\n<div style=\"width: 1170px;\" class=\"wp-video\"><!--[if lt IE 9]><script>document.createElement('video');<\/script><![endif]-->\n<video class=\"wp-video-shortcode\" id=\"video-7508-1\" width=\"1170\" height=\"658\" preload=\"metadata\" controls=\"controls\"><source type=\"video\/mp4\" src=\"https:\/\/www.plastic-crates.com\/wp-content\/uploads\/2025\/04\/folding-milk-crates-wholesale.mp4?_=1\" \/><a href=\"https:\/\/www.plastic-crates.com\/wp-content\/uploads\/2025\/04\/folding-milk-crates-wholesale.mp4\">https:\/\/www.plastic-crates.com\/wp-content\/uploads\/2025\/04\/folding-milk-crates-wholesale.mp4<\/a><\/video><\/div>\n<p><strong>Perfeito para:<\/strong><\/p>\n<ul>\n<li>Organiza\u00e7\u00e3o dom\u00e9stica<\/li>\n<li>Compras de supermercado<\/li>\n<li>Material de escrit\u00f3rio<\/li>\n<li>Acampamento e atividades ao ar livre<\/li>\n<li>Brinquedos infantis<\/li>\n<\/ul>","protected":false},"excerpt":{"rendered":"<div><a href=\"https:\/\/www.plastic-crates.com\/pt\/categoria+de+produto\/caixa-dobravel-3\/\" target=\"_blank\" rel=\"noopener noreferrer\">recipientes dobr\u00e1veis de pl\u00e1stico<\/a>,<a href=\"https:\/\/www.plastic-crates.com\/pt\/categoria+de+produto\/conteiner-de-paletes\/\" target=\"_blank\" rel=\"noopener noreferrer\">recipientes pl\u00e1sticos a granel<\/a>,<a href=\"https:\/\/www.plastic-crates.com\/pt\/etiqueta-do-produto\/grandes-recipientes-de-armazenamento-de-plastico\/\" target=\"_blank\" rel=\"noopener noreferrer\">grandes recipientes de armazenamento<\/a><\/div>","protected":false},"featured_media":7514,"template":"","meta":{"_acf_changed":false},"product_brand":[],"product_cat":[11],"product_tag":[153,135,102,149],"class_list":{"0":"post-7508","1":"product","2":"type-product","3":"status-publish","4":"has-post-thumbnail","6":"product_cat-collapsable-box","7":"product_tag-bottle-crate","8":"product_tag-collapsible-utility-crate","9":"product_tag-plastic-folding-basket","10":"product_tag-plastic-milk-crates","12":"first","13":"instock","14":"product-type-simple"},"acf":[],"yoast_head":"<!-- This site is optimized with the Yoast SEO plugin v26.1.1 - https:\/\/yoast.com\/wordpress\/plugins\/seo\/ -->\n<title>Folding milk crates wholesale, fold up milk crates &amp; Factory Price<\/title>\n<meta name=\"description\" content=\"Wholesale Folding milk crates, collapsable milk crates supplier, Dimensions(L*W*H):503*365*281 mm, fold up milk crates for sale\" \/>\n<meta name=\"robots\" content=\"index, follow, max-snippet:-1, max-image-preview:large, max-video-preview:-1\" \/>\n<link rel=\"canonical\" href=\"https:\/\/www.plastic-crates.com\/pt\/produto\/caixas-de-leite-dobraveis-por-atacado\/\" \/>\n<meta property=\"og:locale\" content=\"pt_PT\" \/>\n<meta property=\"og:type\" content=\"article\" \/>\n<meta property=\"og:title\" content=\"kis collapsible crate\" \/>\n<meta property=\"og:description\" content=\"Wholesale Folding milk crates, collapsable milk crates supplier, Dimensions(L*W*H):503*365*281 mm, fold up milk crates for sale\" \/>\n<meta property=\"og:url\" content=\"https:\/\/www.plastic-crates.com\/pt\/produto\/caixas-de-leite-dobraveis-por-atacado\/\" \/>\n<meta property=\"og:site_name\" content=\"plastic-crates.com\" \/>\n<meta property=\"article:modified_time\" content=\"2025-09-12T21:45:24+00:00\" \/>\n<meta property=\"og:image\" content=\"https:\/\/www.plastic-crates.com\/wp-content\/uploads\/2025\/04\/folding-milk-crates-wholesale-6.jpeg\" \/>\n\t<meta property=\"og:image:width\" content=\"960\" \/>\n\t<meta property=\"og:image:height\" content=\"960\" \/>\n\t<meta property=\"og:image:type\" content=\"image\/jpeg\" \/>\n<meta name=\"twitter:card\" content=\"summary_large_image\" \/>\n<meta name=\"twitter:title\" content=\"kis collapsible crate\" \/>\n<meta name=\"twitter:label1\" content=\"Tempo estimado de leitura\" \/>\n\t<meta name=\"twitter:data1\" content=\"1 minuto\" \/>\n<script type=\"application\/ld+json\" class=\"yoast-schema-graph\">{\"@context\":\"https:\/\/schema.org\",\"@graph\":[{\"@type\":\"WebPage\",\"@id\":\"https:\/\/www.plastic-crates.com\/product\/folding-milk-crates-wholesale\/\",\"url\":\"https:\/\/www.plastic-crates.com\/product\/folding-milk-crates-wholesale\/\",\"name\":\"Folding milk crates wholesale, fold up milk crates & Factory Price\",\"isPartOf\":{\"@id\":\"https:\/\/www.plastic-crates.com\/#website\"},\"primaryImageOfPage\":{\"@id\":\"https:\/\/www.plastic-crates.com\/product\/folding-milk-crates-wholesale\/#primaryimage\"},\"image\":{\"@id\":\"https:\/\/www.plastic-crates.com\/product\/folding-milk-crates-wholesale\/#primaryimage\"},\"thumbnailUrl\":\"https:\/\/www.plastic-crates.com\/wp-content\/uploads\/2025\/04\/folding-milk-crates-wholesale-6.jpeg\",\"datePublished\":\"2025-04-14T23:41:45+00:00\",\"dateModified\":\"2025-09-12T21:45:24+00:00\",\"description\":\"Wholesale Folding milk crates, collapsable milk crates supplier, Dimensions(L*W*H):503*365*281 mm, fold up milk crates for sale\",\"breadcrumb\":{\"@id\":\"https:\/\/www.plastic-crates.com\/product\/folding-milk-crates-wholesale\/#breadcrumb\"},\"inLanguage\":\"pt-PT\",\"potentialAction\":[{\"@type\":\"ReadAction\",\"target\":[\"https:\/\/www.plastic-crates.com\/product\/folding-milk-crates-wholesale\/\"]}]},{\"@type\":\"ImageObject\",\"inLanguage\":\"pt-PT\",\"@id\":\"https:\/\/www.plastic-crates.com\/product\/folding-milk-crates-wholesale\/#primaryimage\",\"url\":\"https:\/\/www.plastic-crates.com\/wp-content\/uploads\/2025\/04\/folding-milk-crates-wholesale-6.jpeg\",\"contentUrl\":\"https:\/\/www.plastic-crates.com\/wp-content\/uploads\/2025\/04\/folding-milk-crates-wholesale-6.jpeg\",\"width\":960,\"height\":960,\"caption\":\"folding milk crate stackable\"},{\"@type\":\"BreadcrumbList\",\"@id\":\"https:\/\/www.plastic-crates.com\/product\/folding-milk-crates-wholesale\/#breadcrumb\",\"itemListElement\":[{\"@type\":\"ListItem\",\"position\":1,\"name\":\"Home\",\"item\":\"https:\/\/www.plastic-crates.com\/\"},{\"@type\":\"ListItem\",\"position\":2,\"name\":\"Products\",\"item\":\"https:\/\/www.plastic-crates.com\/shop\/\"},{\"@type\":\"ListItem\",\"position\":3,\"name\":\"Folding milk crates wholesale\"}]},{\"@type\":\"WebSite\",\"@id\":\"https:\/\/www.plastic-crates.com\/#website\",\"url\":\"https:\/\/www.plastic-crates.com\/\",\"name\":\"plastic-crates.com\",\"description\":\"Leading plastic crates manufacturer in China\",\"potentialAction\":[{\"@type\":\"SearchAction\",\"target\":{\"@type\":\"EntryPoint\",\"urlTemplate\":\"https:\/\/www.plastic-crates.com\/?s={search_term_string}\"},\"query-input\":{\"@type\":\"PropertyValueSpecification\",\"valueRequired\":true,\"valueName\":\"search_term_string\"}}],\"inLanguage\":\"pt-PT\"}]}<\/script>\n<!-- \/ Yoast SEO plugin. -->","yoast_head_json":{"title":"Caixas de leite dobr\u00e1veis no atacado, caixas de leite dobr\u00e1veis e pre\u00e7o de f\u00e1brica","description":"Engradados de leite dobr\u00e1veis por atacado, fornecedor de engradados de leite dobr\u00e1veis, dimens\u00f5es (C*L*A): 503*365*281 mm, engradados de leite dobr\u00e1veis para venda","robots":{"index":"index","follow":"follow","max-snippet":"max-snippet:-1","max-image-preview":"max-image-preview:large","max-video-preview":"max-video-preview:-1"},"canonical":"https:\/\/www.plastic-crates.com\/pt\/produto\/caixas-de-leite-dobraveis-por-atacado\/","og_locale":"pt_PT","og_type":"article","og_title":"kis collapsible crate","og_description":"Wholesale Folding milk crates, collapsable milk crates supplier, Dimensions(L*W*H):503*365*281 mm, fold up milk crates for sale","og_url":"https:\/\/www.plastic-crates.com\/pt\/produto\/caixas-de-leite-dobraveis-por-atacado\/","og_site_name":"plastic-crates.com","article_modified_time":"2025-09-12T21:45:24+00:00","og_image":[{"width":960,"height":960,"url":"https:\/\/www.plastic-crates.com\/wp-content\/uploads\/2025\/04\/folding-milk-crates-wholesale-6.jpeg","type":"image\/jpeg"}],"twitter_card":"summary_large_image","twitter_title":"kis collapsible crate","twitter_misc":{"Tempo estimado de leitura":"1 minuto"},"schema":{"@context":"https:\/\/schema.org","@graph":[{"@type":"WebPage","@id":"https:\/\/www.plastic-crates.com\/product\/folding-milk-crates-wholesale\/","url":"https:\/\/www.plastic-crates.com\/product\/folding-milk-crates-wholesale\/","name":"Caixas de leite dobr\u00e1veis no atacado, caixas de leite dobr\u00e1veis e pre\u00e7o de f\u00e1brica","isPartOf":{"@id":"https:\/\/www.plastic-crates.com\/#website"},"primaryImageOfPage":{"@id":"https:\/\/www.plastic-crates.com\/product\/folding-milk-crates-wholesale\/#primaryimage"},"image":{"@id":"https:\/\/www.plastic-crates.com\/product\/folding-milk-crates-wholesale\/#primaryimage"},"thumbnailUrl":"https:\/\/www.plastic-crates.com\/wp-content\/uploads\/2025\/04\/folding-milk-crates-wholesale-6.jpeg","datePublished":"2025-04-14T23:41:45+00:00","dateModified":"2025-09-12T21:45:24+00:00","description":"Engradados de leite dobr\u00e1veis por atacado, fornecedor de engradados de leite dobr\u00e1veis, dimens\u00f5es (C*L*A): 503*365*281 mm, engradados de leite dobr\u00e1veis para venda","breadcrumb":{"@id":"https:\/\/www.plastic-crates.com\/product\/folding-milk-crates-wholesale\/#breadcrumb"},"inLanguage":"pt-PT","potentialAction":[{"@type":"ReadAction","target":["https:\/\/www.plastic-crates.com\/product\/folding-milk-crates-wholesale\/"]}]},{"@type":"ImageObject","inLanguage":"pt-PT","@id":"https:\/\/www.plastic-crates.com\/product\/folding-milk-crates-wholesale\/#primaryimage","url":"https:\/\/www.plastic-crates.com\/wp-content\/uploads\/2025\/04\/folding-milk-crates-wholesale-6.jpeg","contentUrl":"https:\/\/www.plastic-crates.com\/wp-content\/uploads\/2025\/04\/folding-milk-crates-wholesale-6.jpeg","width":960,"height":960,"caption":"folding milk crate stackable"},{"@type":"BreadcrumbList","@id":"https:\/\/www.plastic-crates.com\/product\/folding-milk-crates-wholesale\/#breadcrumb","itemListElement":[{"@type":"ListItem","position":1,"name":"Home","item":"https:\/\/www.plastic-crates.com\/"},{"@type":"ListItem","position":2,"name":"Products","item":"https:\/\/www.plastic-crates.com\/shop\/"},{"@type":"ListItem","position":3,"name":"Folding milk crates wholesale"}]},{"@type":"WebSite","@id":"https:\/\/www.plastic-crates.com\/#website","url":"https:\/\/www.plastic-crates.com\/","name":"plastic-crates.com","description":"Fabricante l\u00edder de caixas pl\u00e1sticas na China","potentialAction":[{"@type":"SearchAction","target":{"@type":"EntryPoint","urlTemplate":"https:\/\/www.plastic-crates.com\/?s={search_term_string}"},"query-input":{"@type":"PropertyValueSpecification","valueRequired":true,"valueName":"search_term_string"}}],"inLanguage":"pt-PT"}]}},"_links":{"self":[{"href":"https:\/\/www.plastic-crates.com\/pt\/wp-json\/wp\/v2\/product\/7508","targetHints":{"allow":["GET"]}}],"collection":[{"href":"https:\/\/www.plastic-crates.com\/pt\/wp-json\/wp\/v2\/product"}],"about":[{"href":"https:\/\/www.plastic-crates.com\/pt\/wp-json\/wp\/v2\/types\/product"}],"wp:featuredmedia":[{"embeddable":true,"href":"https:\/\/www.plastic-crates.com\/pt\/wp-json\/wp\/v2\/media\/7514"}],"wp:attachment":[{"href":"https:\/\/www.plastic-crates.com\/pt\/wp-json\/wp\/v2\/media?parent=7508"}],"wp:term":[{"taxonomy":"product_brand","embeddable":true,"href":"https:\/\/www.plastic-crates.com\/pt\/wp-json\/wp\/v2\/product_brand?post=7508"},{"taxonomy":"product_cat","embeddable":true,"href":"https:\/\/www.plastic-crates.com\/pt\/wp-json\/wp\/v2\/product_cat?post=7508"},{"taxonomy":"product_tag","embeddable":true,"href":"https:\/\/www.plastic-crates.com\/pt\/wp-json\/wp\/v2\/product_tag?post=7508"}],"curies":[{"name":"wp","href":"https:\/\/api.w.org\/{rel}","templated":true}]}}