{"id":7518,"date":"2025-04-26T10:01:42","date_gmt":"2025-04-26T10:01:42","guid":{"rendered":"https:\/\/www.plastic-crates.com\/?post_type=product&#038;p=7518"},"modified":"2025-05-11T09:51:05","modified_gmt":"2025-05-11T09:51:05","slug":"caixas-de-frango-caixas-de-transporte-de-frango-caixas-de-frango-para-venda","status":"publish","type":"product","link":"https:\/\/www.plastic-crates.com\/pt\/produto\/caixas-de-frango-caixas-de-transporte-de-frango-caixas-de-frango-para-venda\/","title":{"rendered":"caixas de frango, caixas de transporte de frango, caixas de frango para venda"},"content":{"rendered":"<p><strong>Solu\u00e7\u00e3o de armazenamento dur\u00e1vel e eficiente para aves<\/strong><\/p>\n<p>Apresentando nosso <strong>Caixas de Frango Premium<\/strong>, habilmente projetadas para o transporte e armazenamento seguro e eficiente de frangos. Estas caixas em tom laranja vibrante combinam funcionalidade com durabilidade, tornando-as indispens\u00e1veis para avicultores e fornecedores.<\/p>\n<table class=\"table table-auto w-full border border-gray-300\">\n<thead>\n<tr>\n<th class=\"border px-4! py-2! text-left\">Item<\/th>\n<th class=\"border px-4! py-2! text-left\">Detalhes<\/th>\n<\/tr>\n<\/thead>\n<tbody>\n<tr>\n<td class=\"border px-4! py-2!\">Tamanho do produto (CM)<\/td>\n<td class=\"border px-4! py-2!\">75 \u00d7 55,5 \u00d7 28,5<\/td>\n<\/tr>\n<tr>\n<td class=\"border px-4! py-2!\">Altura interna (CM)<\/td>\n<td class=\"border px-4! py-2!\">23<\/td>\n<\/tr>\n<tr>\n<td class=\"border px-4! py-2!\">Tamanho da boca da gaiola (CM)<\/td>\n<td class=\"border px-4! py-2!\">33,5 \u00d7 32,5<\/td>\n<\/tr>\n<tr>\n<td class=\"border px-4! py-2!\">Aplicativo<\/td>\n<td class=\"border px-4! py-2!\">Transporte de gado<\/td>\n<\/tr>\n<tr>\n<td class=\"border px-4! py-2!\">Descri\u00e7\u00e3o do produto<\/td>\n<td class=\"border px-4! py-2!\">Para transporte de galinhas<\/td>\n<\/tr>\n<tr>\n<td class=\"border px-4! py-2!\">Vantagens<\/td>\n<td class=\"border px-4! py-2!\">F\u00e1cil de montar<\/td>\n<\/tr>\n<tr>\n<td class=\"border px-4! py-2!\">Capacidade<\/td>\n<td class=\"border px-4! py-2!\">Pode ser usado para 8 a 12 frangos adultos (1,5 kg a 3,5 kg)<\/td>\n<\/tr>\n<\/tbody>\n<\/table>\n<p><strong>Principais caracter\u00edsticas das caixas de frango:<\/strong><\/p>\n<ul>\n<li><strong>Constru\u00e7\u00e3o robusta:<\/strong>\u00a0Feitas de pl\u00e1stico de alta qualidade, pr\u00f3prio para alimentos, garantindo durabilidade, mesmo nas condi\u00e7\u00f5es mais adversas. Resistentes ao desgaste, estas caixas s\u00e3o projetadas para suportar o manuseio di\u00e1rio.<\/li>\n<li><strong>Design ventilado:<\/strong>\u00a0Nossas caixas possuem uma estrutura perfurada cuidadosamente projetada, promovendo o fluxo de ar e evitando o superaquecimento durante o transporte. Isso garante o conforto e o bem-estar das suas aves.<\/li>\n<li><strong>Manuseio conveniente:<\/strong>\u00a0Leves e resistentes, essas caixas s\u00e3o f\u00e1ceis de empilhar, transportar e armazenar. Seu design exclusivo permite f\u00e1cil eleva\u00e7\u00e3o e manobrabilidade.<\/li>\n<li><strong>F\u00e1cil de limpar:<\/strong>\u00a0As superf\u00edcies pl\u00e1sticas lisas permitem uma limpeza r\u00e1pida e f\u00e1cil, garantindo excelentes padr\u00f5es de higiene para suas aves.<\/li>\n<li><strong>Uso vers\u00e1til:<\/strong>\u00a0Ideal n\u00e3o apenas para transportar galinhas, mas tamb\u00e9m compat\u00edvel com outros animais de pequeno porte e produtos agr\u00edcolas, tornando-os uma adi\u00e7\u00e3o vers\u00e1til \u00e0s suas opera\u00e7\u00f5es agr\u00edcolas ou de fornecimento.<\/li>\n<\/ul>","protected":false},"excerpt":{"rendered":"<p><a href=\"https:\/\/www.plastic-crates.com\/pt\/etiqueta-do-produto\/caixas-de-leite-de-plastico\/\">caixas de leite de pl\u00e1stico<\/a>, <a href=\"https:\/\/www.plastic-crates.com\/pt\/categoria+de+produto\/recipientes-empilhaveis\/\">caixas empilh\u00e1veis<\/a><\/p>","protected":false},"featured_media":7519,"template":"","meta":{"_acf_changed":false},"product_brand":[],"product_cat":[150],"product_tag":[],"class_list":{"0":"post-7518","1":"product","2":"type-product","3":"status-publish","4":"has-post-thumbnail","6":"product_cat-others","8":"first","9":"instock","10":"shipping-taxable","11":"product-type-simple"},"acf":[],"yoast_head":"<!-- This site is optimized with the Yoast SEO plugin v26.1.1 - https:\/\/yoast.com\/wordpress\/plugins\/seo\/ -->\n<title>chicken crates, chicken transport crates, chicken crates for sale - plastic-crates.com<\/title>\n<meta name=\"robots\" content=\"index, follow, max-snippet:-1, max-image-preview:large, max-video-preview:-1\" \/>\n<link rel=\"canonical\" href=\"https:\/\/www.plastic-crates.com\/pt\/produto\/caixas-de-frango-caixas-de-transporte-de-frango-caixas-de-frango-para-venda\/\" \/>\n<meta property=\"og:locale\" content=\"pt_PT\" \/>\n<meta property=\"og:type\" content=\"article\" \/>\n<meta property=\"og:title\" content=\"chicken crates, chicken transport crates, chicken crates for sale - plastic-crates.com\" \/>\n<meta property=\"og:description\" content=\"plastic milk crates, stackable crates\" \/>\n<meta property=\"og:url\" content=\"https:\/\/www.plastic-crates.com\/pt\/produto\/caixas-de-frango-caixas-de-transporte-de-frango-caixas-de-frango-para-venda\/\" \/>\n<meta property=\"og:site_name\" content=\"plastic-crates.com\" \/>\n<meta property=\"article:modified_time\" content=\"2025-05-11T09:51:05+00:00\" \/>\n<meta property=\"og:image\" content=\"https:\/\/www.plastic-crates.com\/wp-content\/uploads\/2025\/04\/chicken-transport-crates-for-sale-1.jpg\" \/>\n\t<meta property=\"og:image:width\" content=\"750\" \/>\n\t<meta property=\"og:image:height\" content=\"750\" \/>\n\t<meta property=\"og:image:type\" content=\"image\/jpeg\" \/>\n<meta name=\"twitter:card\" content=\"summary_large_image\" \/>\n<meta name=\"twitter:label1\" content=\"Tempo estimado de leitura\" \/>\n\t<meta name=\"twitter:data1\" content=\"2 minutos\" \/>\n<script type=\"application\/ld+json\" class=\"yoast-schema-graph\">{\"@context\":\"https:\/\/schema.org\",\"@graph\":[{\"@type\":\"WebPage\",\"@id\":\"https:\/\/www.plastic-crates.com\/product\/chicken-crates-chicken-transport-crates-chicken-crates-for-sale\/\",\"url\":\"https:\/\/www.plastic-crates.com\/product\/chicken-crates-chicken-transport-crates-chicken-crates-for-sale\/\",\"name\":\"chicken crates, chicken transport crates, chicken crates for sale - plastic-crates.com\",\"isPartOf\":{\"@id\":\"https:\/\/www.plastic-crates.com\/#website\"},\"primaryImageOfPage\":{\"@id\":\"https:\/\/www.plastic-crates.com\/product\/chicken-crates-chicken-transport-crates-chicken-crates-for-sale\/#primaryimage\"},\"image\":{\"@id\":\"https:\/\/www.plastic-crates.com\/product\/chicken-crates-chicken-transport-crates-chicken-crates-for-sale\/#primaryimage\"},\"thumbnailUrl\":\"https:\/\/www.plastic-crates.com\/wp-content\/uploads\/2025\/04\/chicken-transport-crates-for-sale-1.jpg\",\"datePublished\":\"2025-04-26T10:01:42+00:00\",\"dateModified\":\"2025-05-11T09:51:05+00:00\",\"breadcrumb\":{\"@id\":\"https:\/\/www.plastic-crates.com\/product\/chicken-crates-chicken-transport-crates-chicken-crates-for-sale\/#breadcrumb\"},\"inLanguage\":\"pt-PT\",\"potentialAction\":[{\"@type\":\"ReadAction\",\"target\":[\"https:\/\/www.plastic-crates.com\/product\/chicken-crates-chicken-transport-crates-chicken-crates-for-sale\/\"]}]},{\"@type\":\"ImageObject\",\"inLanguage\":\"pt-PT\",\"@id\":\"https:\/\/www.plastic-crates.com\/product\/chicken-crates-chicken-transport-crates-chicken-crates-for-sale\/#primaryimage\",\"url\":\"https:\/\/www.plastic-crates.com\/wp-content\/uploads\/2025\/04\/chicken-transport-crates-for-sale-1.jpg\",\"contentUrl\":\"https:\/\/www.plastic-crates.com\/wp-content\/uploads\/2025\/04\/chicken-transport-crates-for-sale-1.jpg\",\"width\":750,\"height\":750,\"caption\":\"chicken crates\"},{\"@type\":\"BreadcrumbList\",\"@id\":\"https:\/\/www.plastic-crates.com\/product\/chicken-crates-chicken-transport-crates-chicken-crates-for-sale\/#breadcrumb\",\"itemListElement\":[{\"@type\":\"ListItem\",\"position\":1,\"name\":\"Home\",\"item\":\"https:\/\/www.plastic-crates.com\/\"},{\"@type\":\"ListItem\",\"position\":2,\"name\":\"Products\",\"item\":\"https:\/\/www.plastic-crates.com\/shop\/\"},{\"@type\":\"ListItem\",\"position\":3,\"name\":\"chicken crates, chicken transport crates, chicken crates for sale\"}]},{\"@type\":\"WebSite\",\"@id\":\"https:\/\/www.plastic-crates.com\/#website\",\"url\":\"https:\/\/www.plastic-crates.com\/\",\"name\":\"plastic-crates.com\",\"description\":\"Leading plastic crates manufacturer in China\",\"potentialAction\":[{\"@type\":\"SearchAction\",\"target\":{\"@type\":\"EntryPoint\",\"urlTemplate\":\"https:\/\/www.plastic-crates.com\/?s={search_term_string}\"},\"query-input\":{\"@type\":\"PropertyValueSpecification\",\"valueRequired\":true,\"valueName\":\"search_term_string\"}}],\"inLanguage\":\"pt-PT\"}]}<\/script>\n<!-- \/ Yoast SEO plugin. -->","yoast_head_json":{"title":"caixas de frango, caixas de transporte de frango, caixas de frango para venda - plastic-crates.com","robots":{"index":"index","follow":"follow","max-snippet":"max-snippet:-1","max-image-preview":"max-image-preview:large","max-video-preview":"max-video-preview:-1"},"canonical":"https:\/\/www.plastic-crates.com\/pt\/produto\/caixas-de-frango-caixas-de-transporte-de-frango-caixas-de-frango-para-venda\/","og_locale":"pt_PT","og_type":"article","og_title":"chicken crates, chicken transport crates, chicken crates for sale - plastic-crates.com","og_description":"plastic milk crates, stackable crates","og_url":"https:\/\/www.plastic-crates.com\/pt\/produto\/caixas-de-frango-caixas-de-transporte-de-frango-caixas-de-frango-para-venda\/","og_site_name":"plastic-crates.com","article_modified_time":"2025-05-11T09:51:05+00:00","og_image":[{"width":750,"height":750,"url":"https:\/\/www.plastic-crates.com\/wp-content\/uploads\/2025\/04\/chicken-transport-crates-for-sale-1.jpg","type":"image\/jpeg"}],"twitter_card":"summary_large_image","twitter_misc":{"Tempo estimado de leitura":"2 minutos"},"schema":{"@context":"https:\/\/schema.org","@graph":[{"@type":"WebPage","@id":"https:\/\/www.plastic-crates.com\/product\/chicken-crates-chicken-transport-crates-chicken-crates-for-sale\/","url":"https:\/\/www.plastic-crates.com\/product\/chicken-crates-chicken-transport-crates-chicken-crates-for-sale\/","name":"caixas de frango, caixas de transporte de frango, caixas de frango para venda - plastic-crates.com","isPartOf":{"@id":"https:\/\/www.plastic-crates.com\/#website"},"primaryImageOfPage":{"@id":"https:\/\/www.plastic-crates.com\/product\/chicken-crates-chicken-transport-crates-chicken-crates-for-sale\/#primaryimage"},"image":{"@id":"https:\/\/www.plastic-crates.com\/product\/chicken-crates-chicken-transport-crates-chicken-crates-for-sale\/#primaryimage"},"thumbnailUrl":"https:\/\/www.plastic-crates.com\/wp-content\/uploads\/2025\/04\/chicken-transport-crates-for-sale-1.jpg","datePublished":"2025-04-26T10:01:42+00:00","dateModified":"2025-05-11T09:51:05+00:00","breadcrumb":{"@id":"https:\/\/www.plastic-crates.com\/product\/chicken-crates-chicken-transport-crates-chicken-crates-for-sale\/#breadcrumb"},"inLanguage":"pt-PT","potentialAction":[{"@type":"ReadAction","target":["https:\/\/www.plastic-crates.com\/product\/chicken-crates-chicken-transport-crates-chicken-crates-for-sale\/"]}]},{"@type":"ImageObject","inLanguage":"pt-PT","@id":"https:\/\/www.plastic-crates.com\/product\/chicken-crates-chicken-transport-crates-chicken-crates-for-sale\/#primaryimage","url":"https:\/\/www.plastic-crates.com\/wp-content\/uploads\/2025\/04\/chicken-transport-crates-for-sale-1.jpg","contentUrl":"https:\/\/www.plastic-crates.com\/wp-content\/uploads\/2025\/04\/chicken-transport-crates-for-sale-1.jpg","width":750,"height":750,"caption":"chicken crates"},{"@type":"BreadcrumbList","@id":"https:\/\/www.plastic-crates.com\/product\/chicken-crates-chicken-transport-crates-chicken-crates-for-sale\/#breadcrumb","itemListElement":[{"@type":"ListItem","position":1,"name":"Home","item":"https:\/\/www.plastic-crates.com\/"},{"@type":"ListItem","position":2,"name":"Products","item":"https:\/\/www.plastic-crates.com\/shop\/"},{"@type":"ListItem","position":3,"name":"chicken crates, chicken transport crates, chicken crates for sale"}]},{"@type":"WebSite","@id":"https:\/\/www.plastic-crates.com\/#website","url":"https:\/\/www.plastic-crates.com\/","name":"plastic-crates.com","description":"Fabricante l\u00edder de caixas pl\u00e1sticas na China","potentialAction":[{"@type":"SearchAction","target":{"@type":"EntryPoint","urlTemplate":"https:\/\/www.plastic-crates.com\/?s={search_term_string}"},"query-input":{"@type":"PropertyValueSpecification","valueRequired":true,"valueName":"search_term_string"}}],"inLanguage":"pt-PT"}]}},"_links":{"self":[{"href":"https:\/\/www.plastic-crates.com\/pt\/wp-json\/wp\/v2\/product\/7518","targetHints":{"allow":["GET"]}}],"collection":[{"href":"https:\/\/www.plastic-crates.com\/pt\/wp-json\/wp\/v2\/product"}],"about":[{"href":"https:\/\/www.plastic-crates.com\/pt\/wp-json\/wp\/v2\/types\/product"}],"wp:featuredmedia":[{"embeddable":true,"href":"https:\/\/www.plastic-crates.com\/pt\/wp-json\/wp\/v2\/media\/7519"}],"wp:attachment":[{"href":"https:\/\/www.plastic-crates.com\/pt\/wp-json\/wp\/v2\/media?parent=7518"}],"wp:term":[{"taxonomy":"product_brand","embeddable":true,"href":"https:\/\/www.plastic-crates.com\/pt\/wp-json\/wp\/v2\/product_brand?post=7518"},{"taxonomy":"product_cat","embeddable":true,"href":"https:\/\/www.plastic-crates.com\/pt\/wp-json\/wp\/v2\/product_cat?post=7518"},{"taxonomy":"product_tag","embeddable":true,"href":"https:\/\/www.plastic-crates.com\/pt\/wp-json\/wp\/v2\/product_tag?post=7518"}],"curies":[{"name":"wp","href":"https:\/\/api.w.org\/{rel}","templated":true}]}}