{"id":7531,"date":"2025-04-28T21:53:23","date_gmt":"2025-04-28T21:53:23","guid":{"rendered":"https:\/\/www.plastic-crates.com\/product\/bakery-rack\/"},"modified":"2025-04-28T22:12:10","modified_gmt":"2025-04-28T22:12:10","slug":"prateleira-de-padaria","status":"publish","type":"product","link":"https:\/\/www.plastic-crates.com\/pt\/produto\/prateleira-de-padaria\/","title":{"rendered":"grelha de padaria, bandeja de pl\u00e1stico para grelha de padaria"},"content":{"rendered":"<p>Apresentando nosso vers\u00e1til <strong>bandeja de pl\u00e1stico para padaria<\/strong>, projetadas para m\u00e1xima conveni\u00eancia e organiza\u00e7\u00e3o em sua padaria ou estabelecimento aliment\u00edcio. Constru\u00eddas com um material novo e dur\u00e1vel, estas grades para padaria garantem o gerenciamento eficiente dos seus produtos assados, mantendo-os frescos.<\/p>\n<p><img loading=\"lazy\" decoding=\"async\" class=\"alignnone size-full wp-image-7534\" src=\"https:\/\/www.plastic-crates.com\/wp-content\/uploads\/2025\/04\/bakery-rack-tray-detial-1.jpg\" alt=\"detalhe da bandeja de grelha de padaria\" width=\"1060\" height=\"1008\" srcset=\"https:\/\/www.plastic-crates.com\/wp-content\/uploads\/2025\/04\/bakery-rack-tray-detial-1.jpg 1060w, https:\/\/www.plastic-crates.com\/wp-content\/uploads\/2025\/04\/bakery-rack-tray-detial-1-300x285.jpg 300w, https:\/\/www.plastic-crates.com\/wp-content\/uploads\/2025\/04\/bakery-rack-tray-detial-1-1024x974.jpg 1024w, https:\/\/www.plastic-crates.com\/wp-content\/uploads\/2025\/04\/bakery-rack-tray-detial-1-768x730.jpg 768w, https:\/\/www.plastic-crates.com\/wp-content\/uploads\/2025\/04\/bakery-rack-tray-detial-1-13x12.jpg 13w, https:\/\/www.plastic-crates.com\/wp-content\/uploads\/2025\/04\/bakery-rack-tray-detial-1-600x571.jpg 600w\" sizes=\"auto, (max-width: 1060px) 100vw, 1060px\" \/><\/p>\n<p>Tamanhos dispon\u00edveis da bandeja de suporte para alimentos<\/p>\n<table class=\"table-auto w-full border border-gray-300\">\n<thead>\n<tr class=\"bg-blue-100\">\n<th class=\"border px-4 py-2 text-left\">N\u00famero de s\u00e9rie<\/th>\n<th class=\"border px-4 py-2 text-left\">Especifica\u00e7\u00e3o (mm) (C\u00d7L\u00d7A)<\/th>\n<th class=\"border px-4 py-2 text-left\">Peso<\/th>\n<\/tr>\n<\/thead>\n<tbody>\n<tr>\n<td class=\"border px-4 py-2\">JOIN-BR-001<\/td>\n<td class=\"border px-4 py-2\">725\u00d7650\u00d7150 mm<\/td>\n<td class=\"border px-4 py-2\">2,32 kg<\/td>\n<\/tr>\n<tr>\n<td class=\"border px-4 py-2\">JOIN-BR-002<\/td>\n<td class=\"border px-4 py-2\">550\u00d7480\u00d7165 mm<\/td>\n<td class=\"border px-4 py-2\">1,38 kg<\/td>\n<\/tr>\n<tr>\n<td class=\"border px-4 py-2\">JOIN-BR-003<\/td>\n<td class=\"border px-4 py-2\">550\u00d7480\u00d7153 mm<\/td>\n<td class=\"border px-4 py-2\">1,28 kg<\/td>\n<\/tr>\n<tr>\n<td class=\"border px-4 py-2\">JOIN-BR-004<\/td>\n<td class=\"border px-4 py-2\">690\u00d7445\u00d7180 mm<\/td>\n<td class=\"border px-4 py-2\">1,7 kg<\/td>\n<\/tr>\n<\/tbody>\n<\/table>\n<p><img loading=\"lazy\" decoding=\"async\" class=\"alignnone size-full wp-image-7533\" src=\"https:\/\/www.plastic-crates.com\/wp-content\/uploads\/2025\/04\/bakery-rack-tray-detail-2.jpg\" alt=\"detalhe da bandeja de grelha de padaria\" width=\"1060\" height=\"1756\" srcset=\"https:\/\/www.plastic-crates.com\/wp-content\/uploads\/2025\/04\/bakery-rack-tray-detail-2.jpg 1060w, https:\/\/www.plastic-crates.com\/wp-content\/uploads\/2025\/04\/bakery-rack-tray-detail-2-181x300.jpg 181w, https:\/\/www.plastic-crates.com\/wp-content\/uploads\/2025\/04\/bakery-rack-tray-detail-2-618x1024.jpg 618w, https:\/\/www.plastic-crates.com\/wp-content\/uploads\/2025\/04\/bakery-rack-tray-detail-2-768x1272.jpg 768w, https:\/\/www.plastic-crates.com\/wp-content\/uploads\/2025\/04\/bakery-rack-tray-detail-2-927x1536.jpg 927w, https:\/\/www.plastic-crates.com\/wp-content\/uploads\/2025\/04\/bakery-rack-tray-detail-2-7x12.jpg 7w, https:\/\/www.plastic-crates.com\/wp-content\/uploads\/2025\/04\/bakery-rack-tray-detail-2-600x994.jpg 600w\" sizes=\"auto, (max-width: 1060px) 100vw, 1060px\" \/><\/p>","protected":false},"excerpt":{"rendered":"<p><a href=\"https:\/\/www.plastic-crates.com\/pt\/produto\/caixas-de-frango-caixas-de-transporte-de-frango-caixas-de-frango-para-venda\/\">caixas de frango<\/a>, <a href=\"https:\/\/www.plastic-crates.com\/pt\/categoria+de+produto\/conteiner-de-paletes\/\">recipiente de pl\u00e1stico a granel<\/a><\/p>","protected":false},"featured_media":7525,"template":"","meta":{"_acf_changed":false},"product_brand":[],"product_cat":[151],"product_tag":[],"class_list":{"0":"post-7531","1":"product","2":"type-product","3":"status-publish","4":"has-post-thumbnail","6":"product_cat-bakery-rack","8":"first","9":"instock","10":"shipping-taxable","11":"product-type-simple"},"acf":[],"yoast_head":"<!-- This site is optimized with the Yoast SEO plugin v26.1.1 - https:\/\/yoast.com\/wordpress\/plugins\/seo\/ -->\n<title>bakery rack, plastic bakery rack tray - plastic-crates.com<\/title>\n<meta name=\"robots\" content=\"index, follow, max-snippet:-1, max-image-preview:large, max-video-preview:-1\" \/>\n<link rel=\"canonical\" href=\"https:\/\/www.plastic-crates.com\/pt\/produto\/prateleira-de-padaria\/\" \/>\n<meta property=\"og:locale\" content=\"pt_PT\" \/>\n<meta property=\"og:type\" content=\"article\" \/>\n<meta property=\"og:title\" content=\"bakery rack, plastic bakery rack tray - plastic-crates.com\" \/>\n<meta property=\"og:description\" content=\"chicken crates, plastic bulk container\" \/>\n<meta property=\"og:url\" content=\"https:\/\/www.plastic-crates.com\/pt\/produto\/prateleira-de-padaria\/\" \/>\n<meta property=\"og:site_name\" content=\"plastic-crates.com\" \/>\n<meta property=\"article:modified_time\" content=\"2025-04-28T22:12:10+00:00\" \/>\n<meta property=\"og:image\" content=\"https:\/\/www.plastic-crates.com\/wp-content\/uploads\/2025\/04\/bakery-rack-1.webp\" \/>\n\t<meta property=\"og:image:width\" content=\"1060\" \/>\n\t<meta property=\"og:image:height\" content=\"1210\" \/>\n\t<meta property=\"og:image:type\" content=\"image\/webp\" \/>\n<meta name=\"twitter:card\" content=\"summary_large_image\" \/>\n<meta name=\"twitter:label1\" content=\"Tempo estimado de leitura\" \/>\n\t<meta name=\"twitter:data1\" content=\"1 minuto\" \/>\n<script type=\"application\/ld+json\" class=\"yoast-schema-graph\">{\"@context\":\"https:\/\/schema.org\",\"@graph\":[{\"@type\":\"WebPage\",\"@id\":\"https:\/\/www.plastic-crates.com\/product\/bakery-rack\/\",\"url\":\"https:\/\/www.plastic-crates.com\/product\/bakery-rack\/\",\"name\":\"bakery rack, plastic bakery rack tray - plastic-crates.com\",\"isPartOf\":{\"@id\":\"https:\/\/www.plastic-crates.com\/#website\"},\"primaryImageOfPage\":{\"@id\":\"https:\/\/www.plastic-crates.com\/product\/bakery-rack\/#primaryimage\"},\"image\":{\"@id\":\"https:\/\/www.plastic-crates.com\/product\/bakery-rack\/#primaryimage\"},\"thumbnailUrl\":\"https:\/\/www.plastic-crates.com\/wp-content\/uploads\/2025\/04\/bakery-rack-1.webp\",\"datePublished\":\"2025-04-28T21:53:23+00:00\",\"dateModified\":\"2025-04-28T22:12:10+00:00\",\"breadcrumb\":{\"@id\":\"https:\/\/www.plastic-crates.com\/product\/bakery-rack\/#breadcrumb\"},\"inLanguage\":\"pt-PT\",\"potentialAction\":[{\"@type\":\"ReadAction\",\"target\":[\"https:\/\/www.plastic-crates.com\/product\/bakery-rack\/\"]}]},{\"@type\":\"ImageObject\",\"inLanguage\":\"pt-PT\",\"@id\":\"https:\/\/www.plastic-crates.com\/product\/bakery-rack\/#primaryimage\",\"url\":\"https:\/\/www.plastic-crates.com\/wp-content\/uploads\/2025\/04\/bakery-rack-1.webp\",\"contentUrl\":\"https:\/\/www.plastic-crates.com\/wp-content\/uploads\/2025\/04\/bakery-rack-1.webp\",\"width\":1060,\"height\":1210,\"caption\":\"bakery rack\"},{\"@type\":\"BreadcrumbList\",\"@id\":\"https:\/\/www.plastic-crates.com\/product\/bakery-rack\/#breadcrumb\",\"itemListElement\":[{\"@type\":\"ListItem\",\"position\":1,\"name\":\"Home\",\"item\":\"https:\/\/www.plastic-crates.com\/\"},{\"@type\":\"ListItem\",\"position\":2,\"name\":\"Products\",\"item\":\"https:\/\/www.plastic-crates.com\/shop\/\"},{\"@type\":\"ListItem\",\"position\":3,\"name\":\"bakery rack, plastic bakery rack tray\"}]},{\"@type\":\"WebSite\",\"@id\":\"https:\/\/www.plastic-crates.com\/#website\",\"url\":\"https:\/\/www.plastic-crates.com\/\",\"name\":\"plastic-crates.com\",\"description\":\"Leading plastic crates manufacturer in China\",\"potentialAction\":[{\"@type\":\"SearchAction\",\"target\":{\"@type\":\"EntryPoint\",\"urlTemplate\":\"https:\/\/www.plastic-crates.com\/?s={search_term_string}\"},\"query-input\":{\"@type\":\"PropertyValueSpecification\",\"valueRequired\":true,\"valueName\":\"search_term_string\"}}],\"inLanguage\":\"pt-PT\"}]}<\/script>\n<!-- \/ Yoast SEO plugin. -->","yoast_head_json":{"title":"grelha de padaria, bandeja de pl\u00e1stico para grelha de padaria - plastic-crates.com","robots":{"index":"index","follow":"follow","max-snippet":"max-snippet:-1","max-image-preview":"max-image-preview:large","max-video-preview":"max-video-preview:-1"},"canonical":"https:\/\/www.plastic-crates.com\/pt\/produto\/prateleira-de-padaria\/","og_locale":"pt_PT","og_type":"article","og_title":"bakery rack, plastic bakery rack tray - plastic-crates.com","og_description":"chicken crates, plastic bulk container","og_url":"https:\/\/www.plastic-crates.com\/pt\/produto\/prateleira-de-padaria\/","og_site_name":"plastic-crates.com","article_modified_time":"2025-04-28T22:12:10+00:00","og_image":[{"width":1060,"height":1210,"url":"https:\/\/www.plastic-crates.com\/wp-content\/uploads\/2025\/04\/bakery-rack-1.webp","type":"image\/webp"}],"twitter_card":"summary_large_image","twitter_misc":{"Tempo estimado de leitura":"1 minuto"},"schema":{"@context":"https:\/\/schema.org","@graph":[{"@type":"WebPage","@id":"https:\/\/www.plastic-crates.com\/product\/bakery-rack\/","url":"https:\/\/www.plastic-crates.com\/product\/bakery-rack\/","name":"grelha de padaria, bandeja de pl\u00e1stico para grelha de padaria - plastic-crates.com","isPartOf":{"@id":"https:\/\/www.plastic-crates.com\/#website"},"primaryImageOfPage":{"@id":"https:\/\/www.plastic-crates.com\/product\/bakery-rack\/#primaryimage"},"image":{"@id":"https:\/\/www.plastic-crates.com\/product\/bakery-rack\/#primaryimage"},"thumbnailUrl":"https:\/\/www.plastic-crates.com\/wp-content\/uploads\/2025\/04\/bakery-rack-1.webp","datePublished":"2025-04-28T21:53:23+00:00","dateModified":"2025-04-28T22:12:10+00:00","breadcrumb":{"@id":"https:\/\/www.plastic-crates.com\/product\/bakery-rack\/#breadcrumb"},"inLanguage":"pt-PT","potentialAction":[{"@type":"ReadAction","target":["https:\/\/www.plastic-crates.com\/product\/bakery-rack\/"]}]},{"@type":"ImageObject","inLanguage":"pt-PT","@id":"https:\/\/www.plastic-crates.com\/product\/bakery-rack\/#primaryimage","url":"https:\/\/www.plastic-crates.com\/wp-content\/uploads\/2025\/04\/bakery-rack-1.webp","contentUrl":"https:\/\/www.plastic-crates.com\/wp-content\/uploads\/2025\/04\/bakery-rack-1.webp","width":1060,"height":1210,"caption":"bakery rack"},{"@type":"BreadcrumbList","@id":"https:\/\/www.plastic-crates.com\/product\/bakery-rack\/#breadcrumb","itemListElement":[{"@type":"ListItem","position":1,"name":"Home","item":"https:\/\/www.plastic-crates.com\/"},{"@type":"ListItem","position":2,"name":"Products","item":"https:\/\/www.plastic-crates.com\/shop\/"},{"@type":"ListItem","position":3,"name":"bakery rack, plastic bakery rack tray"}]},{"@type":"WebSite","@id":"https:\/\/www.plastic-crates.com\/#website","url":"https:\/\/www.plastic-crates.com\/","name":"plastic-crates.com","description":"Fabricante l\u00edder de caixas pl\u00e1sticas na China","potentialAction":[{"@type":"SearchAction","target":{"@type":"EntryPoint","urlTemplate":"https:\/\/www.plastic-crates.com\/?s={search_term_string}"},"query-input":{"@type":"PropertyValueSpecification","valueRequired":true,"valueName":"search_term_string"}}],"inLanguage":"pt-PT"}]}},"_links":{"self":[{"href":"https:\/\/www.plastic-crates.com\/pt\/wp-json\/wp\/v2\/product\/7531","targetHints":{"allow":["GET"]}}],"collection":[{"href":"https:\/\/www.plastic-crates.com\/pt\/wp-json\/wp\/v2\/product"}],"about":[{"href":"https:\/\/www.plastic-crates.com\/pt\/wp-json\/wp\/v2\/types\/product"}],"wp:featuredmedia":[{"embeddable":true,"href":"https:\/\/www.plastic-crates.com\/pt\/wp-json\/wp\/v2\/media\/7525"}],"wp:attachment":[{"href":"https:\/\/www.plastic-crates.com\/pt\/wp-json\/wp\/v2\/media?parent=7531"}],"wp:term":[{"taxonomy":"product_brand","embeddable":true,"href":"https:\/\/www.plastic-crates.com\/pt\/wp-json\/wp\/v2\/product_brand?post=7531"},{"taxonomy":"product_cat","embeddable":true,"href":"https:\/\/www.plastic-crates.com\/pt\/wp-json\/wp\/v2\/product_cat?post=7531"},{"taxonomy":"product_tag","embeddable":true,"href":"https:\/\/www.plastic-crates.com\/pt\/wp-json\/wp\/v2\/product_tag?post=7531"}],"curies":[{"name":"wp","href":"https:\/\/api.w.org\/{rel}","templated":true}]}}