{"id":7555,"date":"2025-05-11T04:31:47","date_gmt":"2025-05-11T04:31:47","guid":{"rendered":"https:\/\/www.plastic-crates.com\/product\/plastic-milk-crates\/"},"modified":"2025-09-12T21:46:18","modified_gmt":"2025-09-12T21:46:18","slug":"caixas-de-leite-de-plastico","status":"publish","type":"product","link":"https:\/\/www.plastic-crates.com\/pt\/produto\/caixas-de-leite-de-plastico\/","title":{"rendered":"Caixas de leite de pl\u00e1stico"},"content":{"rendered":"<p>Nosso <strong>caixa de leite de pl\u00e1stico<\/strong> Apresenta uma estrutura robusta que suporta cargas pesadas, proporcionando excelente ventila\u00e7\u00e3o para manter os produtos frescos. Com al\u00e7as ergon\u00f4micas para f\u00e1cil eleva\u00e7\u00e3o e transporte, facilita a movimenta\u00e7\u00e3o do armazenamento at\u00e9 a entrega.<\/p>\n<p>Equipada com compartimentos personaliz\u00e1veis, esta caixa permite o armazenamento organizado de garrafas de leite, garantindo a seguran\u00e7a de cada item durante o transporte. O design empilh\u00e1vel maximiza a efici\u00eancia de espa\u00e7o, tornando-a ideal para o manuseio de grandes volumes em diversos ambientes da cadeia de suprimentos.<\/p>\n<p><strong>Principais benef\u00edcios:<\/strong><\/p>\n<p><strong>Design dur\u00e1vel<\/strong>: Feito para durar com material pl\u00e1stico de alta qualidade que resiste ao desgaste.<br \/>\n<strong>Armazenamento Eficiente<\/strong>: Compartimentos projetados para armazenar v\u00e1rias garrafas com seguran\u00e7a, evitando movimentos e derramamentos.<br \/>\n<strong>Op\u00e7\u00f5es personaliz\u00e1veis<\/strong>: Dispon\u00edvel para <strong>OEM\/ODM<\/strong> projetos, permitindo marcas e tamanhos personalizados para atender \u00e0s suas necessidades espec\u00edficas.<br \/>\nOportunidades de atacado: ideais para compras em grandes quantidades, garantindo que suas opera\u00e7\u00f5es funcionem sem interrup\u00e7\u00f5es.<\/p>","protected":false},"excerpt":{"rendered":"<p>Apresentando nosso vers\u00e1til e dur\u00e1vel <strong>caixa de leite de pl\u00e1stico<\/strong>, a solu\u00e7\u00e3o definitiva para armazenamento e transporte eficientes de latic\u00ednios. Projetada tanto para compradores atacadistas quanto para parceiros OEM\/ODM, esta caixa de leite \u00e9 um recurso indispens\u00e1vel para fazendas, latic\u00ednios e supermercados.<\/p>","protected":false},"featured_media":7549,"template":"","meta":{"_acf_changed":false},"product_brand":[],"product_cat":[151],"product_tag":[153,149],"class_list":{"0":"post-7555","1":"product","2":"type-product","3":"status-publish","4":"has-post-thumbnail","6":"product_cat-bakery-rack","7":"product_tag-bottle-crate","8":"product_tag-plastic-milk-crates","10":"first","11":"instock","12":"shipping-taxable","13":"product-type-simple"},"acf":[],"yoast_head":"<!-- This site is optimized with the Yoast SEO plugin v26.1.1 - https:\/\/yoast.com\/wordpress\/plugins\/seo\/ -->\n<title>Plastic milk crates - plastic-crates.com<\/title>\n<meta name=\"robots\" content=\"index, follow, max-snippet:-1, max-image-preview:large, max-video-preview:-1\" \/>\n<link rel=\"canonical\" href=\"https:\/\/www.plastic-crates.com\/pt\/produto\/caixas-de-leite-de-plastico\/\" \/>\n<meta property=\"og:locale\" content=\"pt_PT\" \/>\n<meta property=\"og:type\" content=\"article\" \/>\n<meta property=\"og:title\" content=\"Plastic milk crates - plastic-crates.com\" \/>\n<meta property=\"og:description\" content=\"Introducing our versatile and durable plastic milk crate, the ultimate solution for efficient storage and transport of dairy products. Designed for both wholesale buyers and OEM\/ODM partnerships, this milk crate is an indispensable asset for farms, dairies, and grocery stores.\" \/>\n<meta property=\"og:url\" content=\"https:\/\/www.plastic-crates.com\/pt\/produto\/caixas-de-leite-de-plastico\/\" \/>\n<meta property=\"og:site_name\" content=\"plastic-crates.com\" \/>\n<meta property=\"article:modified_time\" content=\"2025-09-12T21:46:18+00:00\" \/>\n<meta property=\"og:image\" content=\"https:\/\/www.plastic-crates.com\/wp-content\/uploads\/2025\/05\/plastic-milk-crates-1.jpg\" \/>\n\t<meta property=\"og:image:width\" content=\"720\" \/>\n\t<meta property=\"og:image:height\" content=\"720\" \/>\n\t<meta property=\"og:image:type\" content=\"image\/jpeg\" \/>\n<meta name=\"twitter:card\" content=\"summary_large_image\" \/>\n<meta name=\"twitter:label1\" content=\"Tempo estimado de leitura\" \/>\n\t<meta name=\"twitter:data1\" content=\"1 minuto\" \/>\n<script type=\"application\/ld+json\" class=\"yoast-schema-graph\">{\"@context\":\"https:\/\/schema.org\",\"@graph\":[{\"@type\":\"WebPage\",\"@id\":\"https:\/\/www.plastic-crates.com\/product\/plastic-milk-crates\/\",\"url\":\"https:\/\/www.plastic-crates.com\/product\/plastic-milk-crates\/\",\"name\":\"Plastic milk crates - plastic-crates.com\",\"isPartOf\":{\"@id\":\"https:\/\/www.plastic-crates.com\/#website\"},\"primaryImageOfPage\":{\"@id\":\"https:\/\/www.plastic-crates.com\/product\/plastic-milk-crates\/#primaryimage\"},\"image\":{\"@id\":\"https:\/\/www.plastic-crates.com\/product\/plastic-milk-crates\/#primaryimage\"},\"thumbnailUrl\":\"https:\/\/www.plastic-crates.com\/wp-content\/uploads\/2025\/05\/plastic-milk-crates-1.jpg\",\"datePublished\":\"2025-05-11T04:31:47+00:00\",\"dateModified\":\"2025-09-12T21:46:18+00:00\",\"breadcrumb\":{\"@id\":\"https:\/\/www.plastic-crates.com\/product\/plastic-milk-crates\/#breadcrumb\"},\"inLanguage\":\"pt-PT\",\"potentialAction\":[{\"@type\":\"ReadAction\",\"target\":[\"https:\/\/www.plastic-crates.com\/product\/plastic-milk-crates\/\"]}]},{\"@type\":\"ImageObject\",\"inLanguage\":\"pt-PT\",\"@id\":\"https:\/\/www.plastic-crates.com\/product\/plastic-milk-crates\/#primaryimage\",\"url\":\"https:\/\/www.plastic-crates.com\/wp-content\/uploads\/2025\/05\/plastic-milk-crates-1.jpg\",\"contentUrl\":\"https:\/\/www.plastic-crates.com\/wp-content\/uploads\/2025\/05\/plastic-milk-crates-1.jpg\",\"width\":720,\"height\":720,\"caption\":\"plastic milk crates\"},{\"@type\":\"BreadcrumbList\",\"@id\":\"https:\/\/www.plastic-crates.com\/product\/plastic-milk-crates\/#breadcrumb\",\"itemListElement\":[{\"@type\":\"ListItem\",\"position\":1,\"name\":\"Home\",\"item\":\"https:\/\/www.plastic-crates.com\/\"},{\"@type\":\"ListItem\",\"position\":2,\"name\":\"Products\",\"item\":\"https:\/\/www.plastic-crates.com\/shop\/\"},{\"@type\":\"ListItem\",\"position\":3,\"name\":\"Plastic milk crates\"}]},{\"@type\":\"WebSite\",\"@id\":\"https:\/\/www.plastic-crates.com\/#website\",\"url\":\"https:\/\/www.plastic-crates.com\/\",\"name\":\"plastic-crates.com\",\"description\":\"Leading plastic crates manufacturer in China\",\"potentialAction\":[{\"@type\":\"SearchAction\",\"target\":{\"@type\":\"EntryPoint\",\"urlTemplate\":\"https:\/\/www.plastic-crates.com\/?s={search_term_string}\"},\"query-input\":{\"@type\":\"PropertyValueSpecification\",\"valueRequired\":true,\"valueName\":\"search_term_string\"}}],\"inLanguage\":\"pt-PT\"}]}<\/script>\n<!-- \/ Yoast SEO plugin. -->","yoast_head_json":{"title":"Caixas pl\u00e1sticas para leite - plastic-crates.com","robots":{"index":"index","follow":"follow","max-snippet":"max-snippet:-1","max-image-preview":"max-image-preview:large","max-video-preview":"max-video-preview:-1"},"canonical":"https:\/\/www.plastic-crates.com\/pt\/produto\/caixas-de-leite-de-plastico\/","og_locale":"pt_PT","og_type":"article","og_title":"Plastic milk crates - plastic-crates.com","og_description":"Introducing our versatile and durable plastic milk crate, the ultimate solution for efficient storage and transport of dairy products. Designed for both wholesale buyers and OEM\/ODM partnerships, this milk crate is an indispensable asset for farms, dairies, and grocery stores.","og_url":"https:\/\/www.plastic-crates.com\/pt\/produto\/caixas-de-leite-de-plastico\/","og_site_name":"plastic-crates.com","article_modified_time":"2025-09-12T21:46:18+00:00","og_image":[{"width":720,"height":720,"url":"https:\/\/www.plastic-crates.com\/wp-content\/uploads\/2025\/05\/plastic-milk-crates-1.jpg","type":"image\/jpeg"}],"twitter_card":"summary_large_image","twitter_misc":{"Tempo estimado de leitura":"1 minuto"},"schema":{"@context":"https:\/\/schema.org","@graph":[{"@type":"WebPage","@id":"https:\/\/www.plastic-crates.com\/product\/plastic-milk-crates\/","url":"https:\/\/www.plastic-crates.com\/product\/plastic-milk-crates\/","name":"Caixas pl\u00e1sticas para leite - plastic-crates.com","isPartOf":{"@id":"https:\/\/www.plastic-crates.com\/#website"},"primaryImageOfPage":{"@id":"https:\/\/www.plastic-crates.com\/product\/plastic-milk-crates\/#primaryimage"},"image":{"@id":"https:\/\/www.plastic-crates.com\/product\/plastic-milk-crates\/#primaryimage"},"thumbnailUrl":"https:\/\/www.plastic-crates.com\/wp-content\/uploads\/2025\/05\/plastic-milk-crates-1.jpg","datePublished":"2025-05-11T04:31:47+00:00","dateModified":"2025-09-12T21:46:18+00:00","breadcrumb":{"@id":"https:\/\/www.plastic-crates.com\/product\/plastic-milk-crates\/#breadcrumb"},"inLanguage":"pt-PT","potentialAction":[{"@type":"ReadAction","target":["https:\/\/www.plastic-crates.com\/product\/plastic-milk-crates\/"]}]},{"@type":"ImageObject","inLanguage":"pt-PT","@id":"https:\/\/www.plastic-crates.com\/product\/plastic-milk-crates\/#primaryimage","url":"https:\/\/www.plastic-crates.com\/wp-content\/uploads\/2025\/05\/plastic-milk-crates-1.jpg","contentUrl":"https:\/\/www.plastic-crates.com\/wp-content\/uploads\/2025\/05\/plastic-milk-crates-1.jpg","width":720,"height":720,"caption":"plastic milk crates"},{"@type":"BreadcrumbList","@id":"https:\/\/www.plastic-crates.com\/product\/plastic-milk-crates\/#breadcrumb","itemListElement":[{"@type":"ListItem","position":1,"name":"Home","item":"https:\/\/www.plastic-crates.com\/"},{"@type":"ListItem","position":2,"name":"Products","item":"https:\/\/www.plastic-crates.com\/shop\/"},{"@type":"ListItem","position":3,"name":"Plastic milk crates"}]},{"@type":"WebSite","@id":"https:\/\/www.plastic-crates.com\/#website","url":"https:\/\/www.plastic-crates.com\/","name":"plastic-crates.com","description":"Fabricante l\u00edder de caixas pl\u00e1sticas na China","potentialAction":[{"@type":"SearchAction","target":{"@type":"EntryPoint","urlTemplate":"https:\/\/www.plastic-crates.com\/?s={search_term_string}"},"query-input":{"@type":"PropertyValueSpecification","valueRequired":true,"valueName":"search_term_string"}}],"inLanguage":"pt-PT"}]}},"_links":{"self":[{"href":"https:\/\/www.plastic-crates.com\/pt\/wp-json\/wp\/v2\/product\/7555","targetHints":{"allow":["GET"]}}],"collection":[{"href":"https:\/\/www.plastic-crates.com\/pt\/wp-json\/wp\/v2\/product"}],"about":[{"href":"https:\/\/www.plastic-crates.com\/pt\/wp-json\/wp\/v2\/types\/product"}],"wp:featuredmedia":[{"embeddable":true,"href":"https:\/\/www.plastic-crates.com\/pt\/wp-json\/wp\/v2\/media\/7549"}],"wp:attachment":[{"href":"https:\/\/www.plastic-crates.com\/pt\/wp-json\/wp\/v2\/media?parent=7555"}],"wp:term":[{"taxonomy":"product_brand","embeddable":true,"href":"https:\/\/www.plastic-crates.com\/pt\/wp-json\/wp\/v2\/product_brand?post=7555"},{"taxonomy":"product_cat","embeddable":true,"href":"https:\/\/www.plastic-crates.com\/pt\/wp-json\/wp\/v2\/product_cat?post=7555"},{"taxonomy":"product_tag","embeddable":true,"href":"https:\/\/www.plastic-crates.com\/pt\/wp-json\/wp\/v2\/product_tag?post=7555"}],"curies":[{"name":"wp","href":"https:\/\/api.w.org\/{rel}","templated":true}]}}