{"id":7578,"date":"2025-05-12T12:15:21","date_gmt":"2025-05-12T12:15:21","guid":{"rendered":"https:\/\/www.plastic-crates.com\/?post_type=product&#038;p=7578"},"modified":"2025-09-19T17:04:00","modified_gmt":"2025-09-19T17:04:00","slug":"caixa-de-criacao-de-insetos-para-venda","status":"publish","type":"product","link":"https:\/\/www.plastic-crates.com\/pt\/produto\/caixa-de-criacao-de-insetos-para-venda\/","title":{"rendered":"Caixa para cria\u00e7\u00e3o de insetos \u00e0 venda"},"content":{"rendered":"<p>Transforme suas pr\u00e1ticas agr\u00edcolas sustent\u00e1veis com nossa Caixa para Insetos, projetada especificamente para o cultivo eficiente e ecol\u00f3gico de insetos. Essas caixas robustas e vers\u00e1teis s\u00e3o perfeitas tanto para criadores amadores quanto para criadores comerciais de insetos que buscam otimizar seus processos de produ\u00e7\u00e3o.<\/p>\n<div style=\"width: 1170px;\" class=\"wp-video\"><!--[if lt IE 9]><script>document.createElement('video');<\/script><![endif]-->\n<video class=\"wp-video-shortcode\" id=\"video-7578-1\" width=\"1170\" height=\"658\" poster=\"https:\/\/www.plastic-crates.com\/wp-content\/uploads\/2025\/05\/insect-farming-box-for-sale-4-min.jpg\" preload=\"metadata\" controls=\"controls\"><source type=\"video\/mp4\" src=\"https:\/\/www.plastic-crates.com\/wp-content\/uploads\/2025\/05\/insect-farming-box-for-sale.mp4?_=1\" \/><a href=\"https:\/\/www.plastic-crates.com\/wp-content\/uploads\/2025\/05\/insect-farming-box-for-sale.mp4\">https:\/\/www.plastic-crates.com\/wp-content\/uploads\/2025\/05\/insect-farming-box-for-sale.mp4<\/a><\/video><\/div>\n<p><strong>Principais caracter\u00edsticas:<\/strong><\/p>\n<ul>\n<li><strong>Constru\u00e7\u00e3o dur\u00e1vel:<\/strong>\u00a0Feitas de materiais resistentes e de alta qualidade, nossas caixas para cria\u00e7\u00e3o de insetos garantem longevidade e estabilidade durante todo o ciclo de cria\u00e7\u00e3o.<\/li>\n<li><strong>Design eficaz:<\/strong>\u00a0O design ergon\u00f4mico permite f\u00e1cil empilhamento e organiza\u00e7\u00e3o, maximizando seu espa\u00e7o e proporcionando fluxo de ar adequado para os insetos.<\/li>\n<li><strong>Uso vers\u00e1til:<\/strong>\u00a0Adequado para o cultivo de diversas esp\u00e9cies de insetos, desde grilos at\u00e9 larvas de farinha, o que o torna uma escolha ideal para diversas necessidades agr\u00edcolas.<\/li>\n<\/ul>\n<p><strong>Oportunidades de atacado:<\/strong>\u00a0Oferecemos pre\u00e7os competitivos para pedidos em grandes quantidades, facilitando o estoque e maximizando a lucratividade das empresas. Seja para iniciar uma opera\u00e7\u00e3o em larga escala ou expandir um neg\u00f3cio j\u00e1 existente, nossas op\u00e7\u00f5es de atacado oferecem efici\u00eancia e economia.<\/p>","protected":false},"excerpt":{"rendered":"<p><strong>Servi\u00e7os OEM\/ODM:<\/strong>\u00a0Nosso compromisso com a satisfa\u00e7\u00e3o do cliente se estende aos nossos servi\u00e7os OEM\/ODM. Trabalhamos em estreita colabora\u00e7\u00e3o com os clientes para personalizar as caixas para cria\u00e7\u00e3o de insetos de acordo com requisitos espec\u00edficos e necessidades de marca, garantindo que seus produtos se destaquem no mercado.<\/p>\n<p>Eleve sua cria\u00e7\u00e3o de insetos com nossa confi\u00e1vel Caixa para Cria\u00e7\u00e3o de Insetos. Entre em contato conosco hoje mesmo para consultas sobre atacado ou para discutir suas op\u00e7\u00f5es de personaliza\u00e7\u00e3o!<\/p>\n<p><a href=\"https:\/\/www.plastic-crates.com\/pt\/etiqueta-do-produto\/caixas-de-leite-de-plastico\/\">caixas de leite por atacado<\/a><\/p>","protected":false},"featured_media":7579,"template":"","meta":{"_acf_changed":false},"product_brand":[],"product_cat":[144],"product_tag":[],"class_list":{"0":"post-7578","1":"product","2":"type-product","3":"status-publish","4":"has-post-thumbnail","6":"product_cat-plastic-trays-wholesale","8":"first","9":"instock","10":"sale","11":"purchasable","12":"product-type-simple"},"acf":[],"yoast_head":"<!-- This site is optimized with the Yoast SEO plugin v26.1.1 - https:\/\/yoast.com\/wordpress\/plugins\/seo\/ -->\n<title>Insect farming box for sale for sale, Insect Feeding Box wholesale<\/title>\n<meta name=\"description\" content=\"Plastic Insect farming box for Mealworm, Insect Rearing box, OEM &amp; ODM service available, Insect breeding tray wholesale price!\" \/>\n<meta name=\"robots\" content=\"index, follow, max-snippet:-1, max-image-preview:large, max-video-preview:-1\" \/>\n<link rel=\"canonical\" href=\"https:\/\/www.plastic-crates.com\/pt\/produto\/caixa-de-criacao-de-insetos-para-venda\/\" \/>\n<meta property=\"og:locale\" content=\"pt_PT\" \/>\n<meta property=\"og:type\" content=\"article\" \/>\n<meta property=\"og:title\" content=\"stackable folding crate, High Quality stackable folding crate Wholesale\" \/>\n<meta property=\"og:description\" content=\"Plastic Insect farming box for Mealworm, Insect Rearing box, OEM &amp; ODM service available, Insect breeding tray wholesale price!\" \/>\n<meta property=\"og:url\" content=\"https:\/\/www.plastic-crates.com\/pt\/produto\/caixa-de-criacao-de-insetos-para-venda\/\" \/>\n<meta property=\"og:site_name\" content=\"plastic-crates.com\" \/>\n<meta property=\"article:modified_time\" content=\"2025-09-19T17:04:00+00:00\" \/>\n<meta property=\"og:image\" content=\"https:\/\/www.plastic-crates.com\/wp-content\/uploads\/2025\/05\/insect-farming-box-for-sale-1-min.jpg\" \/>\n\t<meta property=\"og:image:width\" content=\"2000\" \/>\n\t<meta property=\"og:image:height\" content=\"2000\" \/>\n\t<meta property=\"og:image:type\" content=\"image\/jpeg\" \/>\n<meta name=\"twitter:card\" content=\"summary_large_image\" \/>\n<meta name=\"twitter:title\" content=\"stackable folding crate, High Quality stackable folding crate Wholesale\" \/>\n<meta name=\"twitter:label1\" content=\"Tempo estimado de leitura\" \/>\n\t<meta name=\"twitter:data1\" content=\"1 minuto\" \/>\n<script type=\"application\/ld+json\" class=\"yoast-schema-graph\">{\"@context\":\"https:\/\/schema.org\",\"@graph\":[{\"@type\":\"WebPage\",\"@id\":\"https:\/\/www.plastic-crates.com\/product\/insect-farming-box-for-sale\/\",\"url\":\"https:\/\/www.plastic-crates.com\/product\/insect-farming-box-for-sale\/\",\"name\":\"Insect farming box for sale for sale, Insect Feeding Box wholesale\",\"isPartOf\":{\"@id\":\"https:\/\/www.plastic-crates.com\/#website\"},\"primaryImageOfPage\":{\"@id\":\"https:\/\/www.plastic-crates.com\/product\/insect-farming-box-for-sale\/#primaryimage\"},\"image\":{\"@id\":\"https:\/\/www.plastic-crates.com\/product\/insect-farming-box-for-sale\/#primaryimage\"},\"thumbnailUrl\":\"https:\/\/www.plastic-crates.com\/wp-content\/uploads\/2025\/05\/insect-farming-box-for-sale-1-min.jpg\",\"datePublished\":\"2025-05-12T12:15:21+00:00\",\"dateModified\":\"2025-09-19T17:04:00+00:00\",\"description\":\"Plastic Insect farming box for Mealworm, Insect Rearing box, OEM & ODM service available, Insect breeding tray wholesale price!\",\"breadcrumb\":{\"@id\":\"https:\/\/www.plastic-crates.com\/product\/insect-farming-box-for-sale\/#breadcrumb\"},\"inLanguage\":\"pt-PT\",\"potentialAction\":[{\"@type\":\"ReadAction\",\"target\":[\"https:\/\/www.plastic-crates.com\/product\/insect-farming-box-for-sale\/\"]}]},{\"@type\":\"ImageObject\",\"inLanguage\":\"pt-PT\",\"@id\":\"https:\/\/www.plastic-crates.com\/product\/insect-farming-box-for-sale\/#primaryimage\",\"url\":\"https:\/\/www.plastic-crates.com\/wp-content\/uploads\/2025\/05\/insect-farming-box-for-sale-1-min.jpg\",\"contentUrl\":\"https:\/\/www.plastic-crates.com\/wp-content\/uploads\/2025\/05\/insect-farming-box-for-sale-1-min.jpg\",\"width\":2000,\"height\":2000,\"caption\":\"Insect farming box for sale\"},{\"@type\":\"BreadcrumbList\",\"@id\":\"https:\/\/www.plastic-crates.com\/product\/insect-farming-box-for-sale\/#breadcrumb\",\"itemListElement\":[{\"@type\":\"ListItem\",\"position\":1,\"name\":\"Home\",\"item\":\"https:\/\/www.plastic-crates.com\/\"},{\"@type\":\"ListItem\",\"position\":2,\"name\":\"Products\",\"item\":\"https:\/\/www.plastic-crates.com\/shop\/\"},{\"@type\":\"ListItem\",\"position\":3,\"name\":\"Insect farming box for sale\"}]},{\"@type\":\"WebSite\",\"@id\":\"https:\/\/www.plastic-crates.com\/#website\",\"url\":\"https:\/\/www.plastic-crates.com\/\",\"name\":\"plastic-crates.com\",\"description\":\"Leading plastic crates manufacturer in China\",\"potentialAction\":[{\"@type\":\"SearchAction\",\"target\":{\"@type\":\"EntryPoint\",\"urlTemplate\":\"https:\/\/www.plastic-crates.com\/?s={search_term_string}\"},\"query-input\":{\"@type\":\"PropertyValueSpecification\",\"valueRequired\":true,\"valueName\":\"search_term_string\"}}],\"inLanguage\":\"pt-PT\"}]}<\/script>\n<!-- \/ Yoast SEO plugin. -->","yoast_head_json":{"title":"Caixa de cria\u00e7\u00e3o de insetos \u00e0 venda, Caixa de alimenta\u00e7\u00e3o de insetos no atacado","description":"Caixa de cria\u00e7\u00e3o de insetos de pl\u00e1stico para larvas de farinha, caixa de cria\u00e7\u00e3o de insetos, servi\u00e7o OEM e ODM dispon\u00edvel, bandeja de cria\u00e7\u00e3o de insetos com pre\u00e7o de atacado!","robots":{"index":"index","follow":"follow","max-snippet":"max-snippet:-1","max-image-preview":"max-image-preview:large","max-video-preview":"max-video-preview:-1"},"canonical":"https:\/\/www.plastic-crates.com\/pt\/produto\/caixa-de-criacao-de-insetos-para-venda\/","og_locale":"pt_PT","og_type":"article","og_title":"stackable folding crate, High Quality stackable folding crate Wholesale","og_description":"Plastic Insect farming box for Mealworm, Insect Rearing box, OEM & ODM service available, Insect breeding tray wholesale price!","og_url":"https:\/\/www.plastic-crates.com\/pt\/produto\/caixa-de-criacao-de-insetos-para-venda\/","og_site_name":"plastic-crates.com","article_modified_time":"2025-09-19T17:04:00+00:00","og_image":[{"width":2000,"height":2000,"url":"https:\/\/www.plastic-crates.com\/wp-content\/uploads\/2025\/05\/insect-farming-box-for-sale-1-min.jpg","type":"image\/jpeg"}],"twitter_card":"summary_large_image","twitter_title":"stackable folding crate, High Quality stackable folding crate Wholesale","twitter_misc":{"Tempo estimado de leitura":"1 minuto"},"schema":{"@context":"https:\/\/schema.org","@graph":[{"@type":"WebPage","@id":"https:\/\/www.plastic-crates.com\/product\/insect-farming-box-for-sale\/","url":"https:\/\/www.plastic-crates.com\/product\/insect-farming-box-for-sale\/","name":"Caixa de cria\u00e7\u00e3o de insetos \u00e0 venda, Caixa de alimenta\u00e7\u00e3o de insetos no atacado","isPartOf":{"@id":"https:\/\/www.plastic-crates.com\/#website"},"primaryImageOfPage":{"@id":"https:\/\/www.plastic-crates.com\/product\/insect-farming-box-for-sale\/#primaryimage"},"image":{"@id":"https:\/\/www.plastic-crates.com\/product\/insect-farming-box-for-sale\/#primaryimage"},"thumbnailUrl":"https:\/\/www.plastic-crates.com\/wp-content\/uploads\/2025\/05\/insect-farming-box-for-sale-1-min.jpg","datePublished":"2025-05-12T12:15:21+00:00","dateModified":"2025-09-19T17:04:00+00:00","description":"Caixa de cria\u00e7\u00e3o de insetos de pl\u00e1stico para larvas de farinha, caixa de cria\u00e7\u00e3o de insetos, servi\u00e7o OEM e ODM dispon\u00edvel, bandeja de cria\u00e7\u00e3o de insetos com pre\u00e7o de atacado!","breadcrumb":{"@id":"https:\/\/www.plastic-crates.com\/product\/insect-farming-box-for-sale\/#breadcrumb"},"inLanguage":"pt-PT","potentialAction":[{"@type":"ReadAction","target":["https:\/\/www.plastic-crates.com\/product\/insect-farming-box-for-sale\/"]}]},{"@type":"ImageObject","inLanguage":"pt-PT","@id":"https:\/\/www.plastic-crates.com\/product\/insect-farming-box-for-sale\/#primaryimage","url":"https:\/\/www.plastic-crates.com\/wp-content\/uploads\/2025\/05\/insect-farming-box-for-sale-1-min.jpg","contentUrl":"https:\/\/www.plastic-crates.com\/wp-content\/uploads\/2025\/05\/insect-farming-box-for-sale-1-min.jpg","width":2000,"height":2000,"caption":"Insect farming box for sale"},{"@type":"BreadcrumbList","@id":"https:\/\/www.plastic-crates.com\/product\/insect-farming-box-for-sale\/#breadcrumb","itemListElement":[{"@type":"ListItem","position":1,"name":"Home","item":"https:\/\/www.plastic-crates.com\/"},{"@type":"ListItem","position":2,"name":"Products","item":"https:\/\/www.plastic-crates.com\/shop\/"},{"@type":"ListItem","position":3,"name":"Insect farming box for sale"}]},{"@type":"WebSite","@id":"https:\/\/www.plastic-crates.com\/#website","url":"https:\/\/www.plastic-crates.com\/","name":"plastic-crates.com","description":"Fabricante l\u00edder de caixas pl\u00e1sticas na China","potentialAction":[{"@type":"SearchAction","target":{"@type":"EntryPoint","urlTemplate":"https:\/\/www.plastic-crates.com\/?s={search_term_string}"},"query-input":{"@type":"PropertyValueSpecification","valueRequired":true,"valueName":"search_term_string"}}],"inLanguage":"pt-PT"}]}},"_links":{"self":[{"href":"https:\/\/www.plastic-crates.com\/pt\/wp-json\/wp\/v2\/product\/7578","targetHints":{"allow":["GET"]}}],"collection":[{"href":"https:\/\/www.plastic-crates.com\/pt\/wp-json\/wp\/v2\/product"}],"about":[{"href":"https:\/\/www.plastic-crates.com\/pt\/wp-json\/wp\/v2\/types\/product"}],"wp:featuredmedia":[{"embeddable":true,"href":"https:\/\/www.plastic-crates.com\/pt\/wp-json\/wp\/v2\/media\/7579"}],"wp:attachment":[{"href":"https:\/\/www.plastic-crates.com\/pt\/wp-json\/wp\/v2\/media?parent=7578"}],"wp:term":[{"taxonomy":"product_brand","embeddable":true,"href":"https:\/\/www.plastic-crates.com\/pt\/wp-json\/wp\/v2\/product_brand?post=7578"},{"taxonomy":"product_cat","embeddable":true,"href":"https:\/\/www.plastic-crates.com\/pt\/wp-json\/wp\/v2\/product_cat?post=7578"},{"taxonomy":"product_tag","embeddable":true,"href":"https:\/\/www.plastic-crates.com\/pt\/wp-json\/wp\/v2\/product_tag?post=7578"}],"curies":[{"name":"wp","href":"https:\/\/api.w.org\/{rel}","templated":true}]}}