{"id":7587,"date":"2025-05-12T12:52:08","date_gmt":"2025-05-12T12:52:08","guid":{"rendered":"https:\/\/www.plastic-crates.com\/?post_type=product&#038;p=7587"},"modified":"2025-05-12T13:18:43","modified_gmt":"2025-05-12T13:18:43","slug":"bandeja-de-incrustacao-de-besouro","status":"publish","type":"product","link":"https:\/\/www.plastic-crates.com\/pt\/produto\/bandeja-de-incrustacao-de-besouro\/","title":{"rendered":"Bandeja de incrusta\u00e7\u00e3o de besouro"},"content":{"rendered":"<p>N\u00f3s projetamos um novo <strong>Bandeja de incrusta\u00e7\u00e3o de besouro<\/strong> Projetadas especificamente para aumentar a produ\u00e7\u00e3o de prote\u00edna animal, essas bandejas garantem espa\u00e7amento consistente entre camadas para suportar sistemas de alimenta\u00e7\u00e3o automatizados de forma eficaz. Com superf\u00edcie lisa e bordas e nervuras m\u00ednimas, elas ajudam a evitar que as pupas grudem na bandeja, melhorando a higiene e a efici\u00eancia operacional.<\/p>\n<p>Otimizadas para uso em ambientes automatizados, as bandejas s\u00e3o compat\u00edveis com sistemas de empilhamento, desempilhamento e lavagem. Suas dimens\u00f5es padronizadas e design integrado as tornam uma solu\u00e7\u00e3o ideal para o processamento otimizado em instala\u00e7\u00f5es de cria\u00e7\u00e3o de insetos e produ\u00e7\u00e3o de prote\u00edna.<\/p>\n<div style=\"width: 1170px;\" class=\"wp-video\"><!--[if lt IE 9]><script>document.createElement('video');<\/script><![endif]-->\n<video class=\"wp-video-shortcode\" id=\"video-7587-1\" width=\"1170\" height=\"658\" poster=\"https:\/\/www.plastic-crates.com\/wp-content\/uploads\/2025\/05\/beetle-inlay-tray-5.jpg\" preload=\"metadata\" controls=\"controls\"><source type=\"video\/mp4\" src=\"https:\/\/www.plastic-crates.com\/wp-content\/uploads\/2025\/05\/beetle-inlay-tray.mp4?_=1\" \/><a href=\"https:\/\/www.plastic-crates.com\/wp-content\/uploads\/2025\/05\/beetle-inlay-tray.mp4\">https:\/\/www.plastic-crates.com\/wp-content\/uploads\/2025\/05\/beetle-inlay-tray.mp4<\/a><\/video><\/div>\n<h4>Principais caracter\u00edsticas:<\/h4>\n<ul>\n<li><strong>Constru\u00e7\u00e3o dur\u00e1vel<\/strong>:Feita de pl\u00e1stico resistente e de alta qualidade, a bandeja Beetle Inlay foi projetada para suportar o uso di\u00e1rio, seja no varejo, no dep\u00f3sito ou em casa.<\/li>\n<li><strong>Design empilh\u00e1vel<\/strong>: Economize espa\u00e7o com a funcionalidade empilh\u00e1vel, permitindo que voc\u00ea maximize suas op\u00e7\u00f5es de armazenamento sem esfor\u00e7o.<\/li>\n<li><strong>Uso multiuso<\/strong>: Ideal para diversas aplica\u00e7\u00f5es, incluindo jardinagem, artesanato e armazenamento de alimentos, esta bandeja pode atender a uma infinidade de necessidades.<\/li>\n<\/ul>","protected":false},"excerpt":{"rendered":"<p>Buscando personaliza\u00e7\u00e3o? Nossos servi\u00e7os OEM\/ODM permitem que voc\u00ea personalize a bandeja de incrusta\u00e7\u00e3o Beetle de acordo com o estilo e as necessidades espec\u00edficas da sua marca. Das varia\u00e7\u00f5es de cores \u00e0s op\u00e7\u00f5es de personaliza\u00e7\u00e3o da marca, nosso objetivo \u00e9 fornecer produtos que reflitam a sua vis\u00e3o.<\/p>\n<p>Temos orgulho em oferecer pre\u00e7os de atacado para pedidos em grandes quantidades, perfeitos para empresas que buscam solu\u00e7\u00f5es de armazenamento de alta qualidade. Aproveite pre\u00e7os competitivos e entrega confi\u00e1vel ao fazer pedidos em grandes quantidades.<\/p>\n<p><a href=\"https:\/\/www.plastic-crates.com\/pt\/etiqueta-do-produto\/caixas-de-leite-de-plastico\/\">caixas de leite para venda<\/a><\/p>","protected":false},"featured_media":7588,"template":"","meta":{"_acf_changed":false},"product_brand":[],"product_cat":[144],"product_tag":[],"class_list":{"0":"post-7587","1":"product","2":"type-product","3":"status-publish","4":"has-post-thumbnail","6":"product_cat-plastic-trays-wholesale","8":"first","9":"instock","10":"sale","11":"purchasable","12":"product-type-simple"},"acf":[],"yoast_head":"<!-- This site is optimized with the Yoast SEO plugin v26.1.1 - https:\/\/yoast.com\/wordpress\/plugins\/seo\/ -->\n<title>Beetle Inlay Tray for sale, Insect Feeding Boxes wholesale<\/title>\n<meta name=\"description\" content=\"Plastic Beetle Inlay Tray for Mealworm, Insect Rearing crates, OEM &amp; ODM service available, Beetle Inlay Tray wholesale price!\" \/>\n<meta name=\"robots\" content=\"index, follow, max-snippet:-1, max-image-preview:large, max-video-preview:-1\" \/>\n<link rel=\"canonical\" href=\"https:\/\/www.plastic-crates.com\/pt\/produto\/bandeja-de-incrustacao-de-besouro\/\" \/>\n<meta property=\"og:locale\" content=\"pt_PT\" \/>\n<meta property=\"og:type\" content=\"article\" \/>\n<meta property=\"og:title\" content=\"stackable folding crate, High Quality stackable folding crate Wholesale\" \/>\n<meta property=\"og:description\" content=\"Plastic Beetle Inlay Tray for Mealworm, Insect Rearing crates, OEM &amp; ODM service available, Beetle Inlay Tray wholesale price!\" \/>\n<meta property=\"og:url\" content=\"https:\/\/www.plastic-crates.com\/pt\/produto\/bandeja-de-incrustacao-de-besouro\/\" \/>\n<meta property=\"og:site_name\" content=\"plastic-crates.com\" \/>\n<meta property=\"article:modified_time\" content=\"2025-05-12T13:18:43+00:00\" \/>\n<meta property=\"og:image\" content=\"https:\/\/www.plastic-crates.com\/wp-content\/uploads\/2025\/05\/beetle-inlay-tray-1.jpg\" \/>\n\t<meta property=\"og:image:width\" content=\"2000\" \/>\n\t<meta property=\"og:image:height\" content=\"2000\" \/>\n\t<meta property=\"og:image:type\" content=\"image\/jpeg\" \/>\n<meta name=\"twitter:card\" content=\"summary_large_image\" \/>\n<meta name=\"twitter:title\" content=\"stackable folding crate, High Quality stackable folding crate Wholesale\" \/>\n<meta name=\"twitter:label1\" content=\"Tempo estimado de leitura\" \/>\n\t<meta name=\"twitter:data1\" content=\"1 minuto\" \/>\n<script type=\"application\/ld+json\" class=\"yoast-schema-graph\">{\"@context\":\"https:\/\/schema.org\",\"@graph\":[{\"@type\":\"WebPage\",\"@id\":\"https:\/\/www.plastic-crates.com\/product\/beetle-inlay-tray\/\",\"url\":\"https:\/\/www.plastic-crates.com\/product\/beetle-inlay-tray\/\",\"name\":\"Beetle Inlay Tray for sale, Insect Feeding Boxes wholesale\",\"isPartOf\":{\"@id\":\"https:\/\/www.plastic-crates.com\/#website\"},\"primaryImageOfPage\":{\"@id\":\"https:\/\/www.plastic-crates.com\/product\/beetle-inlay-tray\/#primaryimage\"},\"image\":{\"@id\":\"https:\/\/www.plastic-crates.com\/product\/beetle-inlay-tray\/#primaryimage\"},\"thumbnailUrl\":\"https:\/\/www.plastic-crates.com\/wp-content\/uploads\/2025\/05\/beetle-inlay-tray-1.jpg\",\"datePublished\":\"2025-05-12T12:52:08+00:00\",\"dateModified\":\"2025-05-12T13:18:43+00:00\",\"description\":\"Plastic Beetle Inlay Tray for Mealworm, Insect Rearing crates, OEM & ODM service available, Beetle Inlay Tray wholesale price!\",\"breadcrumb\":{\"@id\":\"https:\/\/www.plastic-crates.com\/product\/beetle-inlay-tray\/#breadcrumb\"},\"inLanguage\":\"pt-PT\",\"potentialAction\":[{\"@type\":\"ReadAction\",\"target\":[\"https:\/\/www.plastic-crates.com\/product\/beetle-inlay-tray\/\"]}]},{\"@type\":\"ImageObject\",\"inLanguage\":\"pt-PT\",\"@id\":\"https:\/\/www.plastic-crates.com\/product\/beetle-inlay-tray\/#primaryimage\",\"url\":\"https:\/\/www.plastic-crates.com\/wp-content\/uploads\/2025\/05\/beetle-inlay-tray-1.jpg\",\"contentUrl\":\"https:\/\/www.plastic-crates.com\/wp-content\/uploads\/2025\/05\/beetle-inlay-tray-1.jpg\",\"width\":2000,\"height\":2000,\"caption\":\"beetle inlay tray\"},{\"@type\":\"BreadcrumbList\",\"@id\":\"https:\/\/www.plastic-crates.com\/product\/beetle-inlay-tray\/#breadcrumb\",\"itemListElement\":[{\"@type\":\"ListItem\",\"position\":1,\"name\":\"Home\",\"item\":\"https:\/\/www.plastic-crates.com\/\"},{\"@type\":\"ListItem\",\"position\":2,\"name\":\"Products\",\"item\":\"https:\/\/www.plastic-crates.com\/shop\/\"},{\"@type\":\"ListItem\",\"position\":3,\"name\":\"Beetle Inlay Tray\"}]},{\"@type\":\"WebSite\",\"@id\":\"https:\/\/www.plastic-crates.com\/#website\",\"url\":\"https:\/\/www.plastic-crates.com\/\",\"name\":\"plastic-crates.com\",\"description\":\"Leading plastic crates manufacturer in China\",\"potentialAction\":[{\"@type\":\"SearchAction\",\"target\":{\"@type\":\"EntryPoint\",\"urlTemplate\":\"https:\/\/www.plastic-crates.com\/?s={search_term_string}\"},\"query-input\":{\"@type\":\"PropertyValueSpecification\",\"valueRequired\":true,\"valueName\":\"search_term_string\"}}],\"inLanguage\":\"pt-PT\"}]}<\/script>\n<!-- \/ Yoast SEO plugin. -->","yoast_head_json":{"title":"Bandeja de incrusta\u00e7\u00e3o de besouro \u00e0 venda, caixas de alimenta\u00e7\u00e3o de insetos no atacado","description":"Bandeja de pl\u00e1stico com incrusta\u00e7\u00e3o de besouro para larvas de farinha, caixas de cria\u00e7\u00e3o de insetos, servi\u00e7o OEM e ODM dispon\u00edvel, pre\u00e7o de atacado de bandeja de incrusta\u00e7\u00e3o de besouro!","robots":{"index":"index","follow":"follow","max-snippet":"max-snippet:-1","max-image-preview":"max-image-preview:large","max-video-preview":"max-video-preview:-1"},"canonical":"https:\/\/www.plastic-crates.com\/pt\/produto\/bandeja-de-incrustacao-de-besouro\/","og_locale":"pt_PT","og_type":"article","og_title":"stackable folding crate, High Quality stackable folding crate Wholesale","og_description":"Plastic Beetle Inlay Tray for Mealworm, Insect Rearing crates, OEM & ODM service available, Beetle Inlay Tray wholesale price!","og_url":"https:\/\/www.plastic-crates.com\/pt\/produto\/bandeja-de-incrustacao-de-besouro\/","og_site_name":"plastic-crates.com","article_modified_time":"2025-05-12T13:18:43+00:00","og_image":[{"width":2000,"height":2000,"url":"https:\/\/www.plastic-crates.com\/wp-content\/uploads\/2025\/05\/beetle-inlay-tray-1.jpg","type":"image\/jpeg"}],"twitter_card":"summary_large_image","twitter_title":"stackable folding crate, High Quality stackable folding crate Wholesale","twitter_misc":{"Tempo estimado de leitura":"1 minuto"},"schema":{"@context":"https:\/\/schema.org","@graph":[{"@type":"WebPage","@id":"https:\/\/www.plastic-crates.com\/product\/beetle-inlay-tray\/","url":"https:\/\/www.plastic-crates.com\/product\/beetle-inlay-tray\/","name":"Bandeja de incrusta\u00e7\u00e3o de besouro \u00e0 venda, caixas de alimenta\u00e7\u00e3o de insetos no atacado","isPartOf":{"@id":"https:\/\/www.plastic-crates.com\/#website"},"primaryImageOfPage":{"@id":"https:\/\/www.plastic-crates.com\/product\/beetle-inlay-tray\/#primaryimage"},"image":{"@id":"https:\/\/www.plastic-crates.com\/product\/beetle-inlay-tray\/#primaryimage"},"thumbnailUrl":"https:\/\/www.plastic-crates.com\/wp-content\/uploads\/2025\/05\/beetle-inlay-tray-1.jpg","datePublished":"2025-05-12T12:52:08+00:00","dateModified":"2025-05-12T13:18:43+00:00","description":"Bandeja de pl\u00e1stico com incrusta\u00e7\u00e3o de besouro para larvas de farinha, caixas de cria\u00e7\u00e3o de insetos, servi\u00e7o OEM e ODM dispon\u00edvel, pre\u00e7o de atacado de bandeja de incrusta\u00e7\u00e3o de besouro!","breadcrumb":{"@id":"https:\/\/www.plastic-crates.com\/product\/beetle-inlay-tray\/#breadcrumb"},"inLanguage":"pt-PT","potentialAction":[{"@type":"ReadAction","target":["https:\/\/www.plastic-crates.com\/product\/beetle-inlay-tray\/"]}]},{"@type":"ImageObject","inLanguage":"pt-PT","@id":"https:\/\/www.plastic-crates.com\/product\/beetle-inlay-tray\/#primaryimage","url":"https:\/\/www.plastic-crates.com\/wp-content\/uploads\/2025\/05\/beetle-inlay-tray-1.jpg","contentUrl":"https:\/\/www.plastic-crates.com\/wp-content\/uploads\/2025\/05\/beetle-inlay-tray-1.jpg","width":2000,"height":2000,"caption":"beetle inlay tray"},{"@type":"BreadcrumbList","@id":"https:\/\/www.plastic-crates.com\/product\/beetle-inlay-tray\/#breadcrumb","itemListElement":[{"@type":"ListItem","position":1,"name":"Home","item":"https:\/\/www.plastic-crates.com\/"},{"@type":"ListItem","position":2,"name":"Products","item":"https:\/\/www.plastic-crates.com\/shop\/"},{"@type":"ListItem","position":3,"name":"Beetle Inlay Tray"}]},{"@type":"WebSite","@id":"https:\/\/www.plastic-crates.com\/#website","url":"https:\/\/www.plastic-crates.com\/","name":"plastic-crates.com","description":"Fabricante l\u00edder de caixas pl\u00e1sticas na China","potentialAction":[{"@type":"SearchAction","target":{"@type":"EntryPoint","urlTemplate":"https:\/\/www.plastic-crates.com\/?s={search_term_string}"},"query-input":{"@type":"PropertyValueSpecification","valueRequired":true,"valueName":"search_term_string"}}],"inLanguage":"pt-PT"}]}},"_links":{"self":[{"href":"https:\/\/www.plastic-crates.com\/pt\/wp-json\/wp\/v2\/product\/7587","targetHints":{"allow":["GET"]}}],"collection":[{"href":"https:\/\/www.plastic-crates.com\/pt\/wp-json\/wp\/v2\/product"}],"about":[{"href":"https:\/\/www.plastic-crates.com\/pt\/wp-json\/wp\/v2\/types\/product"}],"wp:featuredmedia":[{"embeddable":true,"href":"https:\/\/www.plastic-crates.com\/pt\/wp-json\/wp\/v2\/media\/7588"}],"wp:attachment":[{"href":"https:\/\/www.plastic-crates.com\/pt\/wp-json\/wp\/v2\/media?parent=7587"}],"wp:term":[{"taxonomy":"product_brand","embeddable":true,"href":"https:\/\/www.plastic-crates.com\/pt\/wp-json\/wp\/v2\/product_brand?post=7587"},{"taxonomy":"product_cat","embeddable":true,"href":"https:\/\/www.plastic-crates.com\/pt\/wp-json\/wp\/v2\/product_cat?post=7587"},{"taxonomy":"product_tag","embeddable":true,"href":"https:\/\/www.plastic-crates.com\/pt\/wp-json\/wp\/v2\/product_tag?post=7587"}],"curies":[{"name":"wp","href":"https:\/\/api.w.org\/{rel}","templated":true}]}}