{"id":7639,"date":"2025-07-28T23:57:13","date_gmt":"2025-07-28T23:57:13","guid":{"rendered":"https:\/\/www.plastic-crates.com\/?post_type=product&#038;p=7639"},"modified":"2025-07-29T00:05:04","modified_gmt":"2025-07-29T00:05:04","slug":"caixa-de-pao-de-plastico-725","status":"publish","type":"product","link":"https:\/\/www.plastic-crates.com\/pt\/produto\/caixa-de-pao-de-plastico-725\/","title":{"rendered":"Caixa de p\u00e3o de pl\u00e1stico 725"},"content":{"rendered":"<p><strong>Caixas de p\u00e3o eficientes e que economizam espa\u00e7o<\/strong><br \/>\nNossas caixas de p\u00e3o de pl\u00e1stico s\u00e3o projetadas especificamente para otimizar o espa\u00e7o em padarias, armaz\u00e9ns, caminh\u00f5es de entrega e ambientes de varejo, como supermercados e lojas de conveni\u00eancia.<\/p>\n<p>Quando carregadas, essas bandejas dur\u00e1veis empilham-se com seguran\u00e7a, permitindo transporte ou comercializa\u00e7\u00e3o segura e conveniente. Quando vazias, elas se encaixam facilmente por empilhamento cruzado, maximizando a efici\u00eancia do espa\u00e7o dos fundos e do caminh\u00e3o.<\/p>\n<p>Ideais para criar exibi\u00e7\u00f5es atraentes e acess\u00edveis em corredores de padarias ou se\u00e7\u00f5es de prateleiras, essas caixas combinam praticidade com apresenta\u00e7\u00e3o.<\/p>\n<p><strong>Principais caracter\u00edsticas:<\/strong><\/p>\n<p>Barra de balan\u00e7o opcional: empilh\u00e1vel com a barra de balan\u00e7o para dentro; encaix\u00e1vel com ela para fora, para armazenamento vers\u00e1til.<\/p>\n<p>Design encaix\u00e1vel: economiza espa\u00e7o valioso quando as caixas n\u00e3o est\u00e3o em uso.<\/p>\n<p>Marca personalizada: impress\u00e3o em tela de seda dispon\u00edvel para seu logotipo ou nome da empresa.<\/p>\n<p>Suporte de etiquetas opcional: anexe etiquetas facilmente para identifica\u00e7\u00e3o ou classifica\u00e7\u00e3o.<\/p>\n<p>Feito sob medida para transporte de p\u00e3o: projetado especificamente para transportar e apresentar p\u00e3es e produtos assados com seguran\u00e7a.<\/p>\n<p>Tamanho dispon\u00edvel de <strong>caixas de p\u00e3o de pl\u00e1stico<\/strong><\/p>\n<p>725x650x150,<\/p>\n<p>550x480x165,<\/p>\n<p>550x480x153<\/p>\n<p>&nbsp;<\/p>\n<p><a href=\"https:\/\/www.plastic-crate.co.uk\/product-category\/plastic-milk-crates\/\">caixas de leite para venda<\/a>, <a href=\"https:\/\/www.plastic-crate.co.uk\/product-category\/supermarket-crates-bale-arm-crates\/\">caixas de bra\u00e7o de fardo de supermercado<\/a>, <a href=\"https:\/\/www.plastic-crates.com\/pt\/categoria+de+produto\/sacolas-com-tampas\/\" target=\"_blank\" rel=\"noopener\">caixas de pl\u00e1stico com tampa acoplada<\/a><\/p>","protected":false},"excerpt":{"rendered":"<p>Caixas de p\u00e3o eficientes e que economizam espa\u00e7o Nossas caixas de p\u00e3o de pl\u00e1stico s\u00e3o projetadas especificamente para otimizar o espa\u00e7o em padarias, armaz\u00e9ns, caminh\u00f5es de entrega,\u2026<\/p>","protected":false},"featured_media":7640,"template":"","meta":{"_acf_changed":false},"product_brand":[],"product_cat":[151,144],"product_tag":[],"class_list":{"0":"post-7639","1":"product","2":"type-product","3":"status-publish","4":"has-post-thumbnail","6":"product_cat-bakery-rack","7":"product_cat-plastic-trays-wholesale","9":"first","10":"instock","11":"product-type-simple"},"acf":[],"yoast_head":"<!-- This site is optimized with the Yoast SEO plugin v26.1.1 - https:\/\/yoast.com\/wordpress\/plugins\/seo\/ -->\n<title>Plastic bread trays, commercial bread trays Wholesale<\/title>\n<meta name=\"description\" content=\"Plastic bread trays, commercial bread trays at wholesale prices, OEM &amp; ODM service available, perfect for catering supermarket\" \/>\n<meta name=\"robots\" content=\"index, follow, max-snippet:-1, max-image-preview:large, max-video-preview:-1\" \/>\n<link rel=\"canonical\" href=\"https:\/\/www.plastic-crates.com\/pt\/produto\/caixa-de-pao-de-plastico-725\/\" \/>\n<meta property=\"og:locale\" content=\"pt_PT\" \/>\n<meta property=\"og:type\" content=\"article\" \/>\n<meta property=\"og:title\" content=\"stackable folding crate, High Quality stackable folding crate Wholesale\" \/>\n<meta property=\"og:description\" content=\"Plastic bread trays, commercial bread trays at wholesale prices, OEM &amp; ODM service available, perfect for catering supermarket\" \/>\n<meta property=\"og:url\" content=\"https:\/\/www.plastic-crates.com\/pt\/produto\/caixa-de-pao-de-plastico-725\/\" \/>\n<meta property=\"og:site_name\" content=\"plastic-crates.com\" \/>\n<meta property=\"article:modified_time\" content=\"2025-07-29T00:05:04+00:00\" \/>\n<meta property=\"og:image\" content=\"https:\/\/www.plastic-crates.com\/wp-content\/uploads\/2025\/07\/plastic-bread-crate-1.jpg\" \/>\n\t<meta property=\"og:image:width\" content=\"730\" \/>\n\t<meta property=\"og:image:height\" content=\"730\" \/>\n\t<meta property=\"og:image:type\" content=\"image\/jpeg\" \/>\n<meta name=\"twitter:card\" content=\"summary_large_image\" \/>\n<meta name=\"twitter:title\" content=\"stackable folding crate, High Quality stackable folding crate Wholesale\" \/>\n<meta name=\"twitter:label1\" content=\"Tempo estimado de leitura\" \/>\n\t<meta name=\"twitter:data1\" content=\"1 minuto\" \/>\n<script type=\"application\/ld+json\" class=\"yoast-schema-graph\">{\"@context\":\"https:\/\/schema.org\",\"@graph\":[{\"@type\":\"WebPage\",\"@id\":\"https:\/\/www.plastic-crates.com\/product\/plastic-bread-crate-725\/\",\"url\":\"https:\/\/www.plastic-crates.com\/product\/plastic-bread-crate-725\/\",\"name\":\"Plastic bread trays, commercial bread trays Wholesale\",\"isPartOf\":{\"@id\":\"https:\/\/www.plastic-crates.com\/#website\"},\"primaryImageOfPage\":{\"@id\":\"https:\/\/www.plastic-crates.com\/product\/plastic-bread-crate-725\/#primaryimage\"},\"image\":{\"@id\":\"https:\/\/www.plastic-crates.com\/product\/plastic-bread-crate-725\/#primaryimage\"},\"thumbnailUrl\":\"https:\/\/www.plastic-crates.com\/wp-content\/uploads\/2025\/07\/plastic-bread-crate-1.jpg\",\"datePublished\":\"2025-07-28T23:57:13+00:00\",\"dateModified\":\"2025-07-29T00:05:04+00:00\",\"description\":\"Plastic bread trays, commercial bread trays at wholesale prices, OEM & ODM service available, perfect for catering supermarket\",\"breadcrumb\":{\"@id\":\"https:\/\/www.plastic-crates.com\/product\/plastic-bread-crate-725\/#breadcrumb\"},\"inLanguage\":\"pt-PT\",\"potentialAction\":[{\"@type\":\"ReadAction\",\"target\":[\"https:\/\/www.plastic-crates.com\/product\/plastic-bread-crate-725\/\"]}]},{\"@type\":\"ImageObject\",\"inLanguage\":\"pt-PT\",\"@id\":\"https:\/\/www.plastic-crates.com\/product\/plastic-bread-crate-725\/#primaryimage\",\"url\":\"https:\/\/www.plastic-crates.com\/wp-content\/uploads\/2025\/07\/plastic-bread-crate-1.jpg\",\"contentUrl\":\"https:\/\/www.plastic-crates.com\/wp-content\/uploads\/2025\/07\/plastic-bread-crate-1.jpg\",\"width\":730,\"height\":730,\"caption\":\"plastic bread crate\"},{\"@type\":\"BreadcrumbList\",\"@id\":\"https:\/\/www.plastic-crates.com\/product\/plastic-bread-crate-725\/#breadcrumb\",\"itemListElement\":[{\"@type\":\"ListItem\",\"position\":1,\"name\":\"Home\",\"item\":\"https:\/\/www.plastic-crates.com\/\"},{\"@type\":\"ListItem\",\"position\":2,\"name\":\"Products\",\"item\":\"https:\/\/www.plastic-crates.com\/shop\/\"},{\"@type\":\"ListItem\",\"position\":3,\"name\":\"Plastic bread crate 725\"}]},{\"@type\":\"WebSite\",\"@id\":\"https:\/\/www.plastic-crates.com\/#website\",\"url\":\"https:\/\/www.plastic-crates.com\/\",\"name\":\"plastic-crates.com\",\"description\":\"Leading plastic crates manufacturer in China\",\"potentialAction\":[{\"@type\":\"SearchAction\",\"target\":{\"@type\":\"EntryPoint\",\"urlTemplate\":\"https:\/\/www.plastic-crates.com\/?s={search_term_string}\"},\"query-input\":{\"@type\":\"PropertyValueSpecification\",\"valueRequired\":true,\"valueName\":\"search_term_string\"}}],\"inLanguage\":\"pt-PT\"}]}<\/script>\n<!-- \/ Yoast SEO plugin. -->","yoast_head_json":{"title":"Bandejas de p\u00e3o de pl\u00e1stico, bandejas de p\u00e3o comerciais Atacado","description":"Bandejas de p\u00e3o de pl\u00e1stico, bandejas de p\u00e3o comerciais a pre\u00e7os de atacado, servi\u00e7o OEM e ODM dispon\u00edvel, perfeitas para supermercados de catering","robots":{"index":"index","follow":"follow","max-snippet":"max-snippet:-1","max-image-preview":"max-image-preview:large","max-video-preview":"max-video-preview:-1"},"canonical":"https:\/\/www.plastic-crates.com\/pt\/produto\/caixa-de-pao-de-plastico-725\/","og_locale":"pt_PT","og_type":"article","og_title":"stackable folding crate, High Quality stackable folding crate Wholesale","og_description":"Plastic bread trays, commercial bread trays at wholesale prices, OEM & ODM service available, perfect for catering supermarket","og_url":"https:\/\/www.plastic-crates.com\/pt\/produto\/caixa-de-pao-de-plastico-725\/","og_site_name":"plastic-crates.com","article_modified_time":"2025-07-29T00:05:04+00:00","og_image":[{"width":730,"height":730,"url":"https:\/\/www.plastic-crates.com\/wp-content\/uploads\/2025\/07\/plastic-bread-crate-1.jpg","type":"image\/jpeg"}],"twitter_card":"summary_large_image","twitter_title":"stackable folding crate, High Quality stackable folding crate Wholesale","twitter_misc":{"Tempo estimado de leitura":"1 minuto"},"schema":{"@context":"https:\/\/schema.org","@graph":[{"@type":"WebPage","@id":"https:\/\/www.plastic-crates.com\/product\/plastic-bread-crate-725\/","url":"https:\/\/www.plastic-crates.com\/product\/plastic-bread-crate-725\/","name":"Bandejas de p\u00e3o de pl\u00e1stico, bandejas de p\u00e3o comerciais Atacado","isPartOf":{"@id":"https:\/\/www.plastic-crates.com\/#website"},"primaryImageOfPage":{"@id":"https:\/\/www.plastic-crates.com\/product\/plastic-bread-crate-725\/#primaryimage"},"image":{"@id":"https:\/\/www.plastic-crates.com\/product\/plastic-bread-crate-725\/#primaryimage"},"thumbnailUrl":"https:\/\/www.plastic-crates.com\/wp-content\/uploads\/2025\/07\/plastic-bread-crate-1.jpg","datePublished":"2025-07-28T23:57:13+00:00","dateModified":"2025-07-29T00:05:04+00:00","description":"Bandejas de p\u00e3o de pl\u00e1stico, bandejas de p\u00e3o comerciais a pre\u00e7os de atacado, servi\u00e7o OEM e ODM dispon\u00edvel, perfeitas para supermercados de catering","breadcrumb":{"@id":"https:\/\/www.plastic-crates.com\/product\/plastic-bread-crate-725\/#breadcrumb"},"inLanguage":"pt-PT","potentialAction":[{"@type":"ReadAction","target":["https:\/\/www.plastic-crates.com\/product\/plastic-bread-crate-725\/"]}]},{"@type":"ImageObject","inLanguage":"pt-PT","@id":"https:\/\/www.plastic-crates.com\/product\/plastic-bread-crate-725\/#primaryimage","url":"https:\/\/www.plastic-crates.com\/wp-content\/uploads\/2025\/07\/plastic-bread-crate-1.jpg","contentUrl":"https:\/\/www.plastic-crates.com\/wp-content\/uploads\/2025\/07\/plastic-bread-crate-1.jpg","width":730,"height":730,"caption":"plastic bread crate"},{"@type":"BreadcrumbList","@id":"https:\/\/www.plastic-crates.com\/product\/plastic-bread-crate-725\/#breadcrumb","itemListElement":[{"@type":"ListItem","position":1,"name":"Home","item":"https:\/\/www.plastic-crates.com\/"},{"@type":"ListItem","position":2,"name":"Products","item":"https:\/\/www.plastic-crates.com\/shop\/"},{"@type":"ListItem","position":3,"name":"Plastic bread crate 725"}]},{"@type":"WebSite","@id":"https:\/\/www.plastic-crates.com\/#website","url":"https:\/\/www.plastic-crates.com\/","name":"plastic-crates.com","description":"Fabricante l\u00edder de caixas pl\u00e1sticas na China","potentialAction":[{"@type":"SearchAction","target":{"@type":"EntryPoint","urlTemplate":"https:\/\/www.plastic-crates.com\/?s={search_term_string}"},"query-input":{"@type":"PropertyValueSpecification","valueRequired":true,"valueName":"search_term_string"}}],"inLanguage":"pt-PT"}]}},"_links":{"self":[{"href":"https:\/\/www.plastic-crates.com\/pt\/wp-json\/wp\/v2\/product\/7639","targetHints":{"allow":["GET"]}}],"collection":[{"href":"https:\/\/www.plastic-crates.com\/pt\/wp-json\/wp\/v2\/product"}],"about":[{"href":"https:\/\/www.plastic-crates.com\/pt\/wp-json\/wp\/v2\/types\/product"}],"wp:featuredmedia":[{"embeddable":true,"href":"https:\/\/www.plastic-crates.com\/pt\/wp-json\/wp\/v2\/media\/7640"}],"wp:attachment":[{"href":"https:\/\/www.plastic-crates.com\/pt\/wp-json\/wp\/v2\/media?parent=7639"}],"wp:term":[{"taxonomy":"product_brand","embeddable":true,"href":"https:\/\/www.plastic-crates.com\/pt\/wp-json\/wp\/v2\/product_brand?post=7639"},{"taxonomy":"product_cat","embeddable":true,"href":"https:\/\/www.plastic-crates.com\/pt\/wp-json\/wp\/v2\/product_cat?post=7639"},{"taxonomy":"product_tag","embeddable":true,"href":"https:\/\/www.plastic-crates.com\/pt\/wp-json\/wp\/v2\/product_tag?post=7639"}],"curies":[{"name":"wp","href":"https:\/\/api.w.org\/{rel}","templated":true}]}}