{"id":7647,"date":"2025-08-07T23:56:40","date_gmt":"2025-08-07T23:56:40","guid":{"rendered":"https:\/\/www.plastic-crates.com\/?post_type=product&#038;p=7647"},"modified":"2025-08-08T00:45:32","modified_gmt":"2025-08-08T00:45:32","slug":"grandes-bandejas-empilhaveis-para-criacao-de-larvas-de-farinha-equipamentos-para-criacao-de-larvas-de-farinha","status":"publish","type":"product","link":"https:\/\/www.plastic-crates.com\/pt\/produto\/grandes-bandejas-empilhaveis-para-criacao-de-larvas-de-farinha-equipamentos-para-criacao-de-larvas-de-farinha\/","title":{"rendered":"Bandejas grandes empilh\u00e1veis para larvas de farinha, Equipamento para cria\u00e7\u00e3o de larvas de farinha"},"content":{"rendered":"<div style=\"width: 1170px;\" class=\"wp-video\"><!--[if lt IE 9]><script>document.createElement('video');<\/script><![endif]-->\n<video class=\"wp-video-shortcode\" id=\"video-7647-1\" width=\"1170\" height=\"658\" preload=\"metadata\" controls=\"controls\"><source type=\"video\/mp4\" src=\"https:\/\/www.plastic-crates.com\/wp-content\/uploads\/2025\/08\/big-stackable-mealworm-trays-mealworm-farming-equipment.mp4?_=1\" \/><a href=\"https:\/\/www.plastic-crates.com\/wp-content\/uploads\/2025\/08\/big-stackable-mealworm-trays-mealworm-farming-equipment.mp4\">https:\/\/www.plastic-crates.com\/wp-content\/uploads\/2025\/08\/big-stackable-mealworm-trays-mealworm-farming-equipment.mp4<\/a><\/video><\/div>\n<p><strong>Bandeja empilh\u00e1vel para larvas de farinha Caracter\u00edsticas:<\/strong><\/p>\n<ul>\n<li><strong>Design espa\u00e7oso:<\/strong>\u00a0Com amplo espa\u00e7o para v\u00e1rios projetos de cria\u00e7\u00e3o, nossas bandejas oferecem espa\u00e7o ideal para os insetos prosperarem, garantindo um ambiente de cria\u00e7\u00e3o saud\u00e1vel.<\/li>\n<li><strong>Estrutura Ventilada:<\/strong>\u00a0O design inovador da malha promove excelente fluxo de ar, reduzindo o ac\u00famulo de umidade e prevenindo o crescimento de bact\u00e9rias prejudiciais.<\/li>\n<li><strong>Conveni\u00eancia empilh\u00e1vel:<\/strong>\u00a0Economize espa\u00e7o e mantenha a organiza\u00e7\u00e3o em sua \u00e1rea de cria\u00e7\u00e3o com nossas bandejas empilh\u00e1veis, permitindo f\u00e1cil transporte e armazenamento.<\/li>\n<li><strong>F\u00e1cil de limpar:<\/strong>\u00a0A superf\u00edcie lisa e os materiais dur\u00e1veis tornam a limpeza muito f\u00e1cil, garantindo um habitat higi\u00eanico para seus insetos.<\/li>\n<li><strong>Uso vers\u00e1til:<\/strong> Perfeito para cria\u00e7\u00e3o de grilos, larvas de farinha, mosca soldado negra (BSF), vermes de b\u00fafalo, grilos, moscas, lagartixa, lagarto, escorpi\u00e3o, unic\u00f3rnio, r\u00e9ptil<\/li>\n<\/ul>\n<p><a href=\"https:\/\/papallet.com\/category\/plastic-spill-pallet\/\" target=\"_blank\" rel=\"noopener\">palete de derramamento<\/a><\/p>","protected":false},"excerpt":{"rendered":"<ul>\n<li>Dimens\u00f5es: Tamanho generoso para acomodar m\u00faltiplas camadas<\/li>\n<li>Material: Polietileno de alta densidade<\/li>\n<li>Cor: turquesa ou vermelho brilhante e atraente para f\u00e1cil visibilidade<\/li>\n<\/ul>\n<p>&nbsp;<\/p>","protected":false},"featured_media":7649,"template":"","meta":{"_acf_changed":false},"product_brand":[],"product_cat":[144],"product_tag":[],"class_list":{"0":"post-7647","1":"product","2":"type-product","3":"status-publish","4":"has-post-thumbnail","6":"product_cat-plastic-trays-wholesale","8":"first","9":"instock","10":"product-type-simple"},"acf":[],"yoast_head":"<!-- This site is optimized with the Yoast SEO plugin v26.1.1 - https:\/\/yoast.com\/wordpress\/plugins\/seo\/ -->\n<title>Big Stackable mealworm trays, Mealworm farming equipment for sale<\/title>\n<meta name=\"description\" content=\"Stackable mealworm trays, Insect Rearing boxes, OEM &amp; ODM service available, Mealworm farming equipment wholesale! 1100x1100x350cm.\" \/>\n<meta name=\"robots\" content=\"index, follow, max-snippet:-1, max-image-preview:large, max-video-preview:-1\" \/>\n<link rel=\"canonical\" href=\"https:\/\/www.plastic-crates.com\/pt\/produto\/grandes-bandejas-empilhaveis-para-criacao-de-larvas-de-farinha-equipamentos-para-criacao-de-larvas-de-farinha\/\" \/>\n<meta property=\"og:locale\" content=\"pt_PT\" \/>\n<meta property=\"og:type\" content=\"article\" \/>\n<meta property=\"og:title\" content=\"stackable folding crate, High Quality stackable folding crate Wholesale\" \/>\n<meta property=\"og:description\" content=\"Stackable mealworm trays, Insect Rearing boxes, OEM &amp; ODM service available, Mealworm farming equipment wholesale! 1100x1100x350cm.\" \/>\n<meta property=\"og:url\" content=\"https:\/\/www.plastic-crates.com\/pt\/produto\/grandes-bandejas-empilhaveis-para-criacao-de-larvas-de-farinha-equipamentos-para-criacao-de-larvas-de-farinha\/\" \/>\n<meta property=\"og:site_name\" content=\"plastic-crates.com\" \/>\n<meta property=\"article:modified_time\" content=\"2025-08-08T00:45:32+00:00\" \/>\n<meta property=\"og:image\" content=\"https:\/\/www.plastic-crates.com\/wp-content\/uploads\/2025\/08\/big-stackable-mealworm-trays-mealworm-farming-equipment-2-min.jpg\" \/>\n\t<meta property=\"og:image:width\" content=\"2000\" \/>\n\t<meta property=\"og:image:height\" content=\"2000\" \/>\n\t<meta property=\"og:image:type\" content=\"image\/jpeg\" \/>\n<meta name=\"twitter:card\" content=\"summary_large_image\" \/>\n<meta name=\"twitter:title\" content=\"stackable folding crate, High Quality stackable folding crate Wholesale\" \/>\n<meta name=\"twitter:label1\" content=\"Tempo estimado de leitura\" \/>\n\t<meta name=\"twitter:data1\" content=\"1 minuto\" \/>\n<script type=\"application\/ld+json\" class=\"yoast-schema-graph\">{\"@context\":\"https:\/\/schema.org\",\"@graph\":[{\"@type\":\"WebPage\",\"@id\":\"https:\/\/www.plastic-crates.com\/product\/big-stackable-mealworm-trays-mealworm-farming-equipment\/\",\"url\":\"https:\/\/www.plastic-crates.com\/product\/big-stackable-mealworm-trays-mealworm-farming-equipment\/\",\"name\":\"Big Stackable mealworm trays, Mealworm farming equipment for sale\",\"isPartOf\":{\"@id\":\"https:\/\/www.plastic-crates.com\/#website\"},\"primaryImageOfPage\":{\"@id\":\"https:\/\/www.plastic-crates.com\/product\/big-stackable-mealworm-trays-mealworm-farming-equipment\/#primaryimage\"},\"image\":{\"@id\":\"https:\/\/www.plastic-crates.com\/product\/big-stackable-mealworm-trays-mealworm-farming-equipment\/#primaryimage\"},\"thumbnailUrl\":\"https:\/\/www.plastic-crates.com\/wp-content\/uploads\/2025\/08\/big-stackable-mealworm-trays-mealworm-farming-equipment-2-min.jpg\",\"datePublished\":\"2025-08-07T23:56:40+00:00\",\"dateModified\":\"2025-08-08T00:45:32+00:00\",\"description\":\"Stackable mealworm trays, Insect Rearing boxes, OEM & ODM service available, Mealworm farming equipment wholesale! 1100x1100x350cm.\",\"breadcrumb\":{\"@id\":\"https:\/\/www.plastic-crates.com\/product\/big-stackable-mealworm-trays-mealworm-farming-equipment\/#breadcrumb\"},\"inLanguage\":\"pt-PT\",\"potentialAction\":[{\"@type\":\"ReadAction\",\"target\":[\"https:\/\/www.plastic-crates.com\/product\/big-stackable-mealworm-trays-mealworm-farming-equipment\/\"]}]},{\"@type\":\"ImageObject\",\"inLanguage\":\"pt-PT\",\"@id\":\"https:\/\/www.plastic-crates.com\/product\/big-stackable-mealworm-trays-mealworm-farming-equipment\/#primaryimage\",\"url\":\"https:\/\/www.plastic-crates.com\/wp-content\/uploads\/2025\/08\/big-stackable-mealworm-trays-mealworm-farming-equipment-2-min.jpg\",\"contentUrl\":\"https:\/\/www.plastic-crates.com\/wp-content\/uploads\/2025\/08\/big-stackable-mealworm-trays-mealworm-farming-equipment-2-min.jpg\",\"width\":2000,\"height\":2000,\"caption\":\"Big Stackable mealworm trays\"},{\"@type\":\"BreadcrumbList\",\"@id\":\"https:\/\/www.plastic-crates.com\/product\/big-stackable-mealworm-trays-mealworm-farming-equipment\/#breadcrumb\",\"itemListElement\":[{\"@type\":\"ListItem\",\"position\":1,\"name\":\"Home\",\"item\":\"https:\/\/www.plastic-crates.com\/\"},{\"@type\":\"ListItem\",\"position\":2,\"name\":\"Products\",\"item\":\"https:\/\/www.plastic-crates.com\/shop\/\"},{\"@type\":\"ListItem\",\"position\":3,\"name\":\"Big Stackable mealworm trays, Mealworm farming equipment\"}]},{\"@type\":\"WebSite\",\"@id\":\"https:\/\/www.plastic-crates.com\/#website\",\"url\":\"https:\/\/www.plastic-crates.com\/\",\"name\":\"plastic-crates.com\",\"description\":\"Leading plastic crates manufacturer in China\",\"potentialAction\":[{\"@type\":\"SearchAction\",\"target\":{\"@type\":\"EntryPoint\",\"urlTemplate\":\"https:\/\/www.plastic-crates.com\/?s={search_term_string}\"},\"query-input\":{\"@type\":\"PropertyValueSpecification\",\"valueRequired\":true,\"valueName\":\"search_term_string\"}}],\"inLanguage\":\"pt-PT\"}]}<\/script>\n<!-- \/ Yoast SEO plugin. -->","yoast_head_json":{"title":"Bandejas grandes empilh\u00e1veis para larvas de farinha, equipamentos para cria\u00e7\u00e3o de larvas de farinha \u00e0 venda","description":"Bandejas empilh\u00e1veis para larvas de farinha, caixas para cria\u00e7\u00e3o de insetos, servi\u00e7o OEM e ODM dispon\u00edvel, equipamento para cria\u00e7\u00e3o de larvas de farinha no atacado! 1100x1100x350cm.","robots":{"index":"index","follow":"follow","max-snippet":"max-snippet:-1","max-image-preview":"max-image-preview:large","max-video-preview":"max-video-preview:-1"},"canonical":"https:\/\/www.plastic-crates.com\/pt\/produto\/grandes-bandejas-empilhaveis-para-criacao-de-larvas-de-farinha-equipamentos-para-criacao-de-larvas-de-farinha\/","og_locale":"pt_PT","og_type":"article","og_title":"stackable folding crate, High Quality stackable folding crate Wholesale","og_description":"Stackable mealworm trays, Insect Rearing boxes, OEM & ODM service available, Mealworm farming equipment wholesale! 1100x1100x350cm.","og_url":"https:\/\/www.plastic-crates.com\/pt\/produto\/grandes-bandejas-empilhaveis-para-criacao-de-larvas-de-farinha-equipamentos-para-criacao-de-larvas-de-farinha\/","og_site_name":"plastic-crates.com","article_modified_time":"2025-08-08T00:45:32+00:00","og_image":[{"width":2000,"height":2000,"url":"https:\/\/www.plastic-crates.com\/wp-content\/uploads\/2025\/08\/big-stackable-mealworm-trays-mealworm-farming-equipment-2-min.jpg","type":"image\/jpeg"}],"twitter_card":"summary_large_image","twitter_title":"stackable folding crate, High Quality stackable folding crate Wholesale","twitter_misc":{"Tempo estimado de leitura":"1 minuto"},"schema":{"@context":"https:\/\/schema.org","@graph":[{"@type":"WebPage","@id":"https:\/\/www.plastic-crates.com\/product\/big-stackable-mealworm-trays-mealworm-farming-equipment\/","url":"https:\/\/www.plastic-crates.com\/product\/big-stackable-mealworm-trays-mealworm-farming-equipment\/","name":"Bandejas grandes empilh\u00e1veis para larvas de farinha, equipamentos para cria\u00e7\u00e3o de larvas de farinha \u00e0 venda","isPartOf":{"@id":"https:\/\/www.plastic-crates.com\/#website"},"primaryImageOfPage":{"@id":"https:\/\/www.plastic-crates.com\/product\/big-stackable-mealworm-trays-mealworm-farming-equipment\/#primaryimage"},"image":{"@id":"https:\/\/www.plastic-crates.com\/product\/big-stackable-mealworm-trays-mealworm-farming-equipment\/#primaryimage"},"thumbnailUrl":"https:\/\/www.plastic-crates.com\/wp-content\/uploads\/2025\/08\/big-stackable-mealworm-trays-mealworm-farming-equipment-2-min.jpg","datePublished":"2025-08-07T23:56:40+00:00","dateModified":"2025-08-08T00:45:32+00:00","description":"Bandejas empilh\u00e1veis para larvas de farinha, caixas para cria\u00e7\u00e3o de insetos, servi\u00e7o OEM e ODM dispon\u00edvel, equipamento para cria\u00e7\u00e3o de larvas de farinha no atacado! 1100x1100x350cm.","breadcrumb":{"@id":"https:\/\/www.plastic-crates.com\/product\/big-stackable-mealworm-trays-mealworm-farming-equipment\/#breadcrumb"},"inLanguage":"pt-PT","potentialAction":[{"@type":"ReadAction","target":["https:\/\/www.plastic-crates.com\/product\/big-stackable-mealworm-trays-mealworm-farming-equipment\/"]}]},{"@type":"ImageObject","inLanguage":"pt-PT","@id":"https:\/\/www.plastic-crates.com\/product\/big-stackable-mealworm-trays-mealworm-farming-equipment\/#primaryimage","url":"https:\/\/www.plastic-crates.com\/wp-content\/uploads\/2025\/08\/big-stackable-mealworm-trays-mealworm-farming-equipment-2-min.jpg","contentUrl":"https:\/\/www.plastic-crates.com\/wp-content\/uploads\/2025\/08\/big-stackable-mealworm-trays-mealworm-farming-equipment-2-min.jpg","width":2000,"height":2000,"caption":"Big Stackable mealworm trays"},{"@type":"BreadcrumbList","@id":"https:\/\/www.plastic-crates.com\/product\/big-stackable-mealworm-trays-mealworm-farming-equipment\/#breadcrumb","itemListElement":[{"@type":"ListItem","position":1,"name":"Home","item":"https:\/\/www.plastic-crates.com\/"},{"@type":"ListItem","position":2,"name":"Products","item":"https:\/\/www.plastic-crates.com\/shop\/"},{"@type":"ListItem","position":3,"name":"Big Stackable mealworm trays, Mealworm farming equipment"}]},{"@type":"WebSite","@id":"https:\/\/www.plastic-crates.com\/#website","url":"https:\/\/www.plastic-crates.com\/","name":"plastic-crates.com","description":"Fabricante l\u00edder de caixas pl\u00e1sticas na China","potentialAction":[{"@type":"SearchAction","target":{"@type":"EntryPoint","urlTemplate":"https:\/\/www.plastic-crates.com\/?s={search_term_string}"},"query-input":{"@type":"PropertyValueSpecification","valueRequired":true,"valueName":"search_term_string"}}],"inLanguage":"pt-PT"}]}},"_links":{"self":[{"href":"https:\/\/www.plastic-crates.com\/pt\/wp-json\/wp\/v2\/product\/7647","targetHints":{"allow":["GET"]}}],"collection":[{"href":"https:\/\/www.plastic-crates.com\/pt\/wp-json\/wp\/v2\/product"}],"about":[{"href":"https:\/\/www.plastic-crates.com\/pt\/wp-json\/wp\/v2\/types\/product"}],"wp:featuredmedia":[{"embeddable":true,"href":"https:\/\/www.plastic-crates.com\/pt\/wp-json\/wp\/v2\/media\/7649"}],"wp:attachment":[{"href":"https:\/\/www.plastic-crates.com\/pt\/wp-json\/wp\/v2\/media?parent=7647"}],"wp:term":[{"taxonomy":"product_brand","embeddable":true,"href":"https:\/\/www.plastic-crates.com\/pt\/wp-json\/wp\/v2\/product_brand?post=7647"},{"taxonomy":"product_cat","embeddable":true,"href":"https:\/\/www.plastic-crates.com\/pt\/wp-json\/wp\/v2\/product_cat?post=7647"},{"taxonomy":"product_tag","embeddable":true,"href":"https:\/\/www.plastic-crates.com\/pt\/wp-json\/wp\/v2\/product_tag?post=7647"}],"curies":[{"name":"wp","href":"https:\/\/api.w.org\/{rel}","templated":true}]}}