{"id":7688,"date":"2025-09-12T22:33:26","date_gmt":"2025-09-12T22:33:26","guid":{"rendered":"https:\/\/www.plastic-crates.com\/product\/wine-bottle-crate\/"},"modified":"2025-09-12T22:39:05","modified_gmt":"2025-09-12T22:39:05","slug":"caixa-de-garrafas-de-vinho","status":"publish","type":"product","link":"https:\/\/www.plastic-crates.com\/pt\/produto\/caixa-de-garrafas-de-vinho\/","title":{"rendered":"Caixa para garrafas de vinho"},"content":{"rendered":"<p>Nossas caixas para garrafas de vinho oferecem prote\u00e7\u00e3o e organiza\u00e7\u00e3o de n\u00edvel profissional para vin\u00edcolas, distribuidoras e empresas de hospitalidade. Projetadas especificamente para garrafas de vinho de vidro, essas caixas combinam resist\u00eancia, estilo e praticidade para armazenamento e transporte perfeitos.<\/p>\n<p><a href=\"https:\/\/www.plastic-crates.com\/pt\/categoria+de+produto\/sacolas-com-tampas\/\" target=\"_blank\" rel=\"noopener\">bolsa de armazenamento com tampa articulada<\/a>, <a href=\"https:\/\/www.palletssupplier.com\/plastic-pallets\/\" target=\"_blank\" rel=\"noopener\">paletes de pl\u00e1stico revers\u00edveis<\/a><\/p>","protected":false},"excerpt":{"rendered":"<p>Nossas caixas para garrafas de vinho oferecem prote\u00e7\u00e3o e organiza\u00e7\u00e3o de n\u00edvel profissional para vin\u00edcolas, distribuidoras e empresas de hospitalidade. Projetadas especificamente para garrafas de vinho de vidro,\u2026<\/p>","protected":false},"featured_media":7681,"template":"","meta":{"_acf_changed":false},"product_brand":[],"product_cat":[15],"product_tag":[153],"class_list":{"0":"post-7688","1":"product","2":"type-product","3":"status-publish","4":"has-post-thumbnail","6":"product_cat-stackable-containers","7":"product_tag-bottle-crate","9":"first","10":"instock","11":"shipping-taxable","12":"product-type-simple"},"acf":[],"yoast_head":"<!-- This site is optimized with the Yoast SEO plugin v26.1.1 - https:\/\/yoast.com\/wordpress\/plugins\/seo\/ -->\n<title>Wine bottle crate, Beer bottle crate wholesale - plastic-crates.com<\/title>\n<meta name=\"robots\" content=\"index, follow, max-snippet:-1, max-image-preview:large, max-video-preview:-1\" \/>\n<link rel=\"canonical\" href=\"https:\/\/www.plastic-crates.com\/pt\/produto\/caixa-de-garrafas-de-vinho\/\" \/>\n<meta property=\"og:locale\" content=\"pt_PT\" \/>\n<meta property=\"og:type\" content=\"article\" \/>\n<meta property=\"og:title\" content=\"Wine bottle crate, Beer bottle crate wholesale - plastic-crates.com\" \/>\n<meta property=\"og:description\" content=\"Our wine-bottle crates provide professional-grade protection and organization for wineries, distributors, and hospitality businesses. Designed specifically for glass wine bottles,&hellip;\" \/>\n<meta property=\"og:url\" content=\"https:\/\/www.plastic-crates.com\/pt\/produto\/caixa-de-garrafas-de-vinho\/\" \/>\n<meta property=\"og:site_name\" content=\"plastic-crates.com\" \/>\n<meta property=\"article:modified_time\" content=\"2025-09-12T22:39:05+00:00\" \/>\n<meta property=\"og:image\" content=\"https:\/\/www.plastic-crates.com\/wp-content\/uploads\/2025\/09\/wine-bottle-crate-1.jpg\" \/>\n\t<meta property=\"og:image:width\" content=\"2000\" \/>\n\t<meta property=\"og:image:height\" content=\"2000\" \/>\n\t<meta property=\"og:image:type\" content=\"image\/jpeg\" \/>\n<meta name=\"twitter:card\" content=\"summary_large_image\" \/>\n<meta name=\"twitter:label1\" content=\"Tempo estimado de leitura\" \/>\n\t<meta name=\"twitter:data1\" content=\"1 minuto\" \/>\n<script type=\"application\/ld+json\" class=\"yoast-schema-graph\">{\"@context\":\"https:\/\/schema.org\",\"@graph\":[{\"@type\":\"WebPage\",\"@id\":\"https:\/\/www.plastic-crates.com\/product\/wine-bottle-crate\/\",\"url\":\"https:\/\/www.plastic-crates.com\/product\/wine-bottle-crate\/\",\"name\":\"Wine bottle crate, Beer bottle crate wholesale - plastic-crates.com\",\"isPartOf\":{\"@id\":\"https:\/\/www.plastic-crates.com\/#website\"},\"primaryImageOfPage\":{\"@id\":\"https:\/\/www.plastic-crates.com\/product\/wine-bottle-crate\/#primaryimage\"},\"image\":{\"@id\":\"https:\/\/www.plastic-crates.com\/product\/wine-bottle-crate\/#primaryimage\"},\"thumbnailUrl\":\"https:\/\/www.plastic-crates.com\/wp-content\/uploads\/2025\/09\/wine-bottle-crate-1.jpg\",\"datePublished\":\"2025-09-12T22:33:26+00:00\",\"dateModified\":\"2025-09-12T22:39:05+00:00\",\"breadcrumb\":{\"@id\":\"https:\/\/www.plastic-crates.com\/product\/wine-bottle-crate\/#breadcrumb\"},\"inLanguage\":\"pt-PT\",\"potentialAction\":[{\"@type\":\"ReadAction\",\"target\":[\"https:\/\/www.plastic-crates.com\/product\/wine-bottle-crate\/\"]}]},{\"@type\":\"ImageObject\",\"inLanguage\":\"pt-PT\",\"@id\":\"https:\/\/www.plastic-crates.com\/product\/wine-bottle-crate\/#primaryimage\",\"url\":\"https:\/\/www.plastic-crates.com\/wp-content\/uploads\/2025\/09\/wine-bottle-crate-1.jpg\",\"contentUrl\":\"https:\/\/www.plastic-crates.com\/wp-content\/uploads\/2025\/09\/wine-bottle-crate-1.jpg\",\"width\":2000,\"height\":2000,\"caption\":\"Wine bottle crate\"},{\"@type\":\"BreadcrumbList\",\"@id\":\"https:\/\/www.plastic-crates.com\/product\/wine-bottle-crate\/#breadcrumb\",\"itemListElement\":[{\"@type\":\"ListItem\",\"position\":1,\"name\":\"Home\",\"item\":\"https:\/\/www.plastic-crates.com\/\"},{\"@type\":\"ListItem\",\"position\":2,\"name\":\"Products\",\"item\":\"https:\/\/www.plastic-crates.com\/shop\/\"},{\"@type\":\"ListItem\",\"position\":3,\"name\":\"Wine bottle crate\"}]},{\"@type\":\"WebSite\",\"@id\":\"https:\/\/www.plastic-crates.com\/#website\",\"url\":\"https:\/\/www.plastic-crates.com\/\",\"name\":\"plastic-crates.com\",\"description\":\"Leading plastic crates manufacturer in China\",\"potentialAction\":[{\"@type\":\"SearchAction\",\"target\":{\"@type\":\"EntryPoint\",\"urlTemplate\":\"https:\/\/www.plastic-crates.com\/?s={search_term_string}\"},\"query-input\":{\"@type\":\"PropertyValueSpecification\",\"valueRequired\":true,\"valueName\":\"search_term_string\"}}],\"inLanguage\":\"pt-PT\"}]}<\/script>\n<!-- \/ Yoast SEO plugin. -->","yoast_head_json":{"title":"Caixa para garrafas de vinho, Caixa para garrafas de cerveja no atacado - plastic-crates.com","robots":{"index":"index","follow":"follow","max-snippet":"max-snippet:-1","max-image-preview":"max-image-preview:large","max-video-preview":"max-video-preview:-1"},"canonical":"https:\/\/www.plastic-crates.com\/pt\/produto\/caixa-de-garrafas-de-vinho\/","og_locale":"pt_PT","og_type":"article","og_title":"Wine bottle crate, Beer bottle crate wholesale - plastic-crates.com","og_description":"Our wine-bottle crates provide professional-grade protection and organization for wineries, distributors, and hospitality businesses. Designed specifically for glass wine bottles,&hellip;","og_url":"https:\/\/www.plastic-crates.com\/pt\/produto\/caixa-de-garrafas-de-vinho\/","og_site_name":"plastic-crates.com","article_modified_time":"2025-09-12T22:39:05+00:00","og_image":[{"width":2000,"height":2000,"url":"https:\/\/www.plastic-crates.com\/wp-content\/uploads\/2025\/09\/wine-bottle-crate-1.jpg","type":"image\/jpeg"}],"twitter_card":"summary_large_image","twitter_misc":{"Tempo estimado de leitura":"1 minuto"},"schema":{"@context":"https:\/\/schema.org","@graph":[{"@type":"WebPage","@id":"https:\/\/www.plastic-crates.com\/product\/wine-bottle-crate\/","url":"https:\/\/www.plastic-crates.com\/product\/wine-bottle-crate\/","name":"Caixa para garrafas de vinho, Caixa para garrafas de cerveja no atacado - plastic-crates.com","isPartOf":{"@id":"https:\/\/www.plastic-crates.com\/#website"},"primaryImageOfPage":{"@id":"https:\/\/www.plastic-crates.com\/product\/wine-bottle-crate\/#primaryimage"},"image":{"@id":"https:\/\/www.plastic-crates.com\/product\/wine-bottle-crate\/#primaryimage"},"thumbnailUrl":"https:\/\/www.plastic-crates.com\/wp-content\/uploads\/2025\/09\/wine-bottle-crate-1.jpg","datePublished":"2025-09-12T22:33:26+00:00","dateModified":"2025-09-12T22:39:05+00:00","breadcrumb":{"@id":"https:\/\/www.plastic-crates.com\/product\/wine-bottle-crate\/#breadcrumb"},"inLanguage":"pt-PT","potentialAction":[{"@type":"ReadAction","target":["https:\/\/www.plastic-crates.com\/product\/wine-bottle-crate\/"]}]},{"@type":"ImageObject","inLanguage":"pt-PT","@id":"https:\/\/www.plastic-crates.com\/product\/wine-bottle-crate\/#primaryimage","url":"https:\/\/www.plastic-crates.com\/wp-content\/uploads\/2025\/09\/wine-bottle-crate-1.jpg","contentUrl":"https:\/\/www.plastic-crates.com\/wp-content\/uploads\/2025\/09\/wine-bottle-crate-1.jpg","width":2000,"height":2000,"caption":"Wine bottle crate"},{"@type":"BreadcrumbList","@id":"https:\/\/www.plastic-crates.com\/product\/wine-bottle-crate\/#breadcrumb","itemListElement":[{"@type":"ListItem","position":1,"name":"Home","item":"https:\/\/www.plastic-crates.com\/"},{"@type":"ListItem","position":2,"name":"Products","item":"https:\/\/www.plastic-crates.com\/shop\/"},{"@type":"ListItem","position":3,"name":"Wine bottle crate"}]},{"@type":"WebSite","@id":"https:\/\/www.plastic-crates.com\/#website","url":"https:\/\/www.plastic-crates.com\/","name":"plastic-crates.com","description":"Fabricante l\u00edder de caixas pl\u00e1sticas na China","potentialAction":[{"@type":"SearchAction","target":{"@type":"EntryPoint","urlTemplate":"https:\/\/www.plastic-crates.com\/?s={search_term_string}"},"query-input":{"@type":"PropertyValueSpecification","valueRequired":true,"valueName":"search_term_string"}}],"inLanguage":"pt-PT"}]}},"_links":{"self":[{"href":"https:\/\/www.plastic-crates.com\/pt\/wp-json\/wp\/v2\/product\/7688","targetHints":{"allow":["GET"]}}],"collection":[{"href":"https:\/\/www.plastic-crates.com\/pt\/wp-json\/wp\/v2\/product"}],"about":[{"href":"https:\/\/www.plastic-crates.com\/pt\/wp-json\/wp\/v2\/types\/product"}],"wp:featuredmedia":[{"embeddable":true,"href":"https:\/\/www.plastic-crates.com\/pt\/wp-json\/wp\/v2\/media\/7681"}],"wp:attachment":[{"href":"https:\/\/www.plastic-crates.com\/pt\/wp-json\/wp\/v2\/media?parent=7688"}],"wp:term":[{"taxonomy":"product_brand","embeddable":true,"href":"https:\/\/www.plastic-crates.com\/pt\/wp-json\/wp\/v2\/product_brand?post=7688"},{"taxonomy":"product_cat","embeddable":true,"href":"https:\/\/www.plastic-crates.com\/pt\/wp-json\/wp\/v2\/product_cat?post=7688"},{"taxonomy":"product_tag","embeddable":true,"href":"https:\/\/www.plastic-crates.com\/pt\/wp-json\/wp\/v2\/product_tag?post=7688"}],"curies":[{"name":"wp","href":"https:\/\/api.w.org\/{rel}","templated":true}]}}