{"id":7697,"date":"2025-09-12T22:44:57","date_gmt":"2025-09-12T22:44:57","guid":{"rendered":"https:\/\/www.plastic-crates.com\/product\/plastic-soda-crates\/"},"modified":"2025-09-12T22:50:59","modified_gmt":"2025-09-12T22:50:59","slug":"caixas-de-refrigerante-de-plastico","status":"publish","type":"product","link":"https:\/\/www.plastic-crates.com\/pt\/produto\/caixas-de-refrigerante-de-plastico\/","title":{"rendered":"Caixas de refrigerante de pl\u00e1stico"},"content":{"rendered":"<p>Caixas de pl\u00e1stico para refrigerantes \u2013 Armazenamento e transporte dur\u00e1veis para refrigerantes<br \/>\nNossas caixas pl\u00e1sticas para refrigerantes s\u00e3o projetadas especificamente para engarrafadores, distribuidores e atacadistas de bebidas que precisam de solu\u00e7\u00f5es confi\u00e1veis e reutiliz\u00e1veis para a log\u00edstica de refrigerantes. Feitas de pl\u00e1stico resistente e de qualidade alimentar, essas caixas mant\u00eam as garrafas seguras, organizadas e f\u00e1ceis de transportar em todas as etapas da cadeia de suprimentos.<\/p>\n<p><a href=\"https:\/\/www.plastic-crates.com\/pt\/categoria+de+produto\/sacolas-com-tampas\/\" target=\"_blank\" rel=\"noopener\">grandes caixas de armazenamento com tampas<\/a><\/p>","protected":false},"excerpt":{"rendered":"<p>Caixas de pl\u00e1stico para refrigerantes \u2013 Armazenamento e transporte dur\u00e1veis para refrigerantes Nossas caixas de pl\u00e1stico para refrigerantes s\u00e3o feitas especialmente para engarrafadores de bebidas,\u2026<\/p>","protected":false},"featured_media":7690,"template":"","meta":{"_acf_changed":false},"product_brand":[],"product_cat":[15],"product_tag":[153],"class_list":{"0":"post-7697","1":"product","2":"type-product","3":"status-publish","4":"has-post-thumbnail","6":"product_cat-stackable-containers","7":"product_tag-bottle-crate","9":"first","10":"instock","11":"shipping-taxable","12":"product-type-simple"},"acf":[],"yoast_head":"<!-- This site is optimized with the Yoast SEO plugin v26.1.1 - https:\/\/yoast.com\/wordpress\/plugins\/seo\/ -->\n<title>Plastic soda crates, plastic soda bottle crates Wholesale - plastic-crates.com<\/title>\n<meta name=\"description\" content=\"Heavy-duty plastic soda crates. Stackable, food-grade, and reusable\u2014ideal for soft drink manufacturers, wholesalers, and commercial transport.\" \/>\n<meta name=\"robots\" content=\"index, follow, max-snippet:-1, max-image-preview:large, max-video-preview:-1\" \/>\n<link rel=\"canonical\" href=\"https:\/\/www.plastic-crates.com\/pt\/produto\/caixas-de-refrigerante-de-plastico\/\" \/>\n<meta property=\"og:locale\" content=\"pt_PT\" \/>\n<meta property=\"og:type\" content=\"article\" \/>\n<meta property=\"og:title\" content=\"Plastic soda crates, plastic soda bottle crates Wholesale - plastic-crates.com\" \/>\n<meta property=\"og:description\" content=\"Heavy-duty plastic soda crates. Stackable, food-grade, and reusable\u2014ideal for soft drink manufacturers, wholesalers, and commercial transport.\" \/>\n<meta property=\"og:url\" content=\"https:\/\/www.plastic-crates.com\/pt\/produto\/caixas-de-refrigerante-de-plastico\/\" \/>\n<meta property=\"og:site_name\" content=\"plastic-crates.com\" \/>\n<meta property=\"article:modified_time\" content=\"2025-09-12T22:50:59+00:00\" \/>\n<meta property=\"og:image\" content=\"https:\/\/www.plastic-crates.com\/wp-content\/uploads\/2025\/09\/plastic-soda-crates-1.jpg\" \/>\n\t<meta property=\"og:image:width\" content=\"2000\" \/>\n\t<meta property=\"og:image:height\" content=\"2000\" \/>\n\t<meta property=\"og:image:type\" content=\"image\/jpeg\" \/>\n<meta name=\"twitter:card\" content=\"summary_large_image\" \/>\n<meta name=\"twitter:label1\" content=\"Tempo estimado de leitura\" \/>\n\t<meta name=\"twitter:data1\" content=\"1 minuto\" \/>\n<script type=\"application\/ld+json\" class=\"yoast-schema-graph\">{\"@context\":\"https:\/\/schema.org\",\"@graph\":[{\"@type\":\"WebPage\",\"@id\":\"https:\/\/www.plastic-crates.com\/product\/plastic-soda-crates\/\",\"url\":\"https:\/\/www.plastic-crates.com\/product\/plastic-soda-crates\/\",\"name\":\"Plastic soda crates, plastic soda bottle crates Wholesale - plastic-crates.com\",\"isPartOf\":{\"@id\":\"https:\/\/www.plastic-crates.com\/#website\"},\"primaryImageOfPage\":{\"@id\":\"https:\/\/www.plastic-crates.com\/product\/plastic-soda-crates\/#primaryimage\"},\"image\":{\"@id\":\"https:\/\/www.plastic-crates.com\/product\/plastic-soda-crates\/#primaryimage\"},\"thumbnailUrl\":\"https:\/\/www.plastic-crates.com\/wp-content\/uploads\/2025\/09\/plastic-soda-crates-1.jpg\",\"datePublished\":\"2025-09-12T22:44:57+00:00\",\"dateModified\":\"2025-09-12T22:50:59+00:00\",\"description\":\"Heavy-duty plastic soda crates. Stackable, food-grade, and reusable\u2014ideal for soft drink manufacturers, wholesalers, and commercial transport.\",\"breadcrumb\":{\"@id\":\"https:\/\/www.plastic-crates.com\/product\/plastic-soda-crates\/#breadcrumb\"},\"inLanguage\":\"pt-PT\",\"potentialAction\":[{\"@type\":\"ReadAction\",\"target\":[\"https:\/\/www.plastic-crates.com\/product\/plastic-soda-crates\/\"]}]},{\"@type\":\"ImageObject\",\"inLanguage\":\"pt-PT\",\"@id\":\"https:\/\/www.plastic-crates.com\/product\/plastic-soda-crates\/#primaryimage\",\"url\":\"https:\/\/www.plastic-crates.com\/wp-content\/uploads\/2025\/09\/plastic-soda-crates-1.jpg\",\"contentUrl\":\"https:\/\/www.plastic-crates.com\/wp-content\/uploads\/2025\/09\/plastic-soda-crates-1.jpg\",\"width\":2000,\"height\":2000,\"caption\":\"Plastic soda crates\"},{\"@type\":\"BreadcrumbList\",\"@id\":\"https:\/\/www.plastic-crates.com\/product\/plastic-soda-crates\/#breadcrumb\",\"itemListElement\":[{\"@type\":\"ListItem\",\"position\":1,\"name\":\"Home\",\"item\":\"https:\/\/www.plastic-crates.com\/\"},{\"@type\":\"ListItem\",\"position\":2,\"name\":\"Products\",\"item\":\"https:\/\/www.plastic-crates.com\/shop\/\"},{\"@type\":\"ListItem\",\"position\":3,\"name\":\"Plastic soda crates\"}]},{\"@type\":\"WebSite\",\"@id\":\"https:\/\/www.plastic-crates.com\/#website\",\"url\":\"https:\/\/www.plastic-crates.com\/\",\"name\":\"plastic-crates.com\",\"description\":\"Leading plastic crates manufacturer in China\",\"potentialAction\":[{\"@type\":\"SearchAction\",\"target\":{\"@type\":\"EntryPoint\",\"urlTemplate\":\"https:\/\/www.plastic-crates.com\/?s={search_term_string}\"},\"query-input\":{\"@type\":\"PropertyValueSpecification\",\"valueRequired\":true,\"valueName\":\"search_term_string\"}}],\"inLanguage\":\"pt-PT\"}]}<\/script>\n<!-- \/ Yoast SEO plugin. -->","yoast_head_json":{"title":"Caixas pl\u00e1sticas para refrigerantes, caixas pl\u00e1sticas para garrafas de refrigerante no atacado - plastic-crates.com","description":"Caixas pl\u00e1sticas resistentes para refrigerantes. Empilh\u00e1veis, de qualidade alimentar e reutiliz\u00e1veis \u2014 ideais para fabricantes de refrigerantes, atacadistas e transporte comercial.","robots":{"index":"index","follow":"follow","max-snippet":"max-snippet:-1","max-image-preview":"max-image-preview:large","max-video-preview":"max-video-preview:-1"},"canonical":"https:\/\/www.plastic-crates.com\/pt\/produto\/caixas-de-refrigerante-de-plastico\/","og_locale":"pt_PT","og_type":"article","og_title":"Plastic soda crates, plastic soda bottle crates Wholesale - plastic-crates.com","og_description":"Heavy-duty plastic soda crates. Stackable, food-grade, and reusable\u2014ideal for soft drink manufacturers, wholesalers, and commercial transport.","og_url":"https:\/\/www.plastic-crates.com\/pt\/produto\/caixas-de-refrigerante-de-plastico\/","og_site_name":"plastic-crates.com","article_modified_time":"2025-09-12T22:50:59+00:00","og_image":[{"width":2000,"height":2000,"url":"https:\/\/www.plastic-crates.com\/wp-content\/uploads\/2025\/09\/plastic-soda-crates-1.jpg","type":"image\/jpeg"}],"twitter_card":"summary_large_image","twitter_misc":{"Tempo estimado de leitura":"1 minuto"},"schema":{"@context":"https:\/\/schema.org","@graph":[{"@type":"WebPage","@id":"https:\/\/www.plastic-crates.com\/product\/plastic-soda-crates\/","url":"https:\/\/www.plastic-crates.com\/product\/plastic-soda-crates\/","name":"Caixas pl\u00e1sticas para refrigerantes, caixas pl\u00e1sticas para garrafas de refrigerante no atacado - plastic-crates.com","isPartOf":{"@id":"https:\/\/www.plastic-crates.com\/#website"},"primaryImageOfPage":{"@id":"https:\/\/www.plastic-crates.com\/product\/plastic-soda-crates\/#primaryimage"},"image":{"@id":"https:\/\/www.plastic-crates.com\/product\/plastic-soda-crates\/#primaryimage"},"thumbnailUrl":"https:\/\/www.plastic-crates.com\/wp-content\/uploads\/2025\/09\/plastic-soda-crates-1.jpg","datePublished":"2025-09-12T22:44:57+00:00","dateModified":"2025-09-12T22:50:59+00:00","description":"Caixas pl\u00e1sticas resistentes para refrigerantes. Empilh\u00e1veis, de qualidade alimentar e reutiliz\u00e1veis \u2014 ideais para fabricantes de refrigerantes, atacadistas e transporte comercial.","breadcrumb":{"@id":"https:\/\/www.plastic-crates.com\/product\/plastic-soda-crates\/#breadcrumb"},"inLanguage":"pt-PT","potentialAction":[{"@type":"ReadAction","target":["https:\/\/www.plastic-crates.com\/product\/plastic-soda-crates\/"]}]},{"@type":"ImageObject","inLanguage":"pt-PT","@id":"https:\/\/www.plastic-crates.com\/product\/plastic-soda-crates\/#primaryimage","url":"https:\/\/www.plastic-crates.com\/wp-content\/uploads\/2025\/09\/plastic-soda-crates-1.jpg","contentUrl":"https:\/\/www.plastic-crates.com\/wp-content\/uploads\/2025\/09\/plastic-soda-crates-1.jpg","width":2000,"height":2000,"caption":"Plastic soda crates"},{"@type":"BreadcrumbList","@id":"https:\/\/www.plastic-crates.com\/product\/plastic-soda-crates\/#breadcrumb","itemListElement":[{"@type":"ListItem","position":1,"name":"Home","item":"https:\/\/www.plastic-crates.com\/"},{"@type":"ListItem","position":2,"name":"Products","item":"https:\/\/www.plastic-crates.com\/shop\/"},{"@type":"ListItem","position":3,"name":"Plastic soda crates"}]},{"@type":"WebSite","@id":"https:\/\/www.plastic-crates.com\/#website","url":"https:\/\/www.plastic-crates.com\/","name":"plastic-crates.com","description":"Fabricante l\u00edder de caixas pl\u00e1sticas na China","potentialAction":[{"@type":"SearchAction","target":{"@type":"EntryPoint","urlTemplate":"https:\/\/www.plastic-crates.com\/?s={search_term_string}"},"query-input":{"@type":"PropertyValueSpecification","valueRequired":true,"valueName":"search_term_string"}}],"inLanguage":"pt-PT"}]}},"_links":{"self":[{"href":"https:\/\/www.plastic-crates.com\/pt\/wp-json\/wp\/v2\/product\/7697","targetHints":{"allow":["GET"]}}],"collection":[{"href":"https:\/\/www.plastic-crates.com\/pt\/wp-json\/wp\/v2\/product"}],"about":[{"href":"https:\/\/www.plastic-crates.com\/pt\/wp-json\/wp\/v2\/types\/product"}],"wp:featuredmedia":[{"embeddable":true,"href":"https:\/\/www.plastic-crates.com\/pt\/wp-json\/wp\/v2\/media\/7690"}],"wp:attachment":[{"href":"https:\/\/www.plastic-crates.com\/pt\/wp-json\/wp\/v2\/media?parent=7697"}],"wp:term":[{"taxonomy":"product_brand","embeddable":true,"href":"https:\/\/www.plastic-crates.com\/pt\/wp-json\/wp\/v2\/product_brand?post=7697"},{"taxonomy":"product_cat","embeddable":true,"href":"https:\/\/www.plastic-crates.com\/pt\/wp-json\/wp\/v2\/product_cat?post=7697"},{"taxonomy":"product_tag","embeddable":true,"href":"https:\/\/www.plastic-crates.com\/pt\/wp-json\/wp\/v2\/product_tag?post=7697"}],"curies":[{"name":"wp","href":"https:\/\/api.w.org\/{rel}","templated":true}]}}