{"id":7712,"date":"2025-09-12T23:01:17","date_gmt":"2025-09-12T23:01:17","guid":{"rendered":"https:\/\/www.plastic-crates.com\/product\/6-bottle-crate-plastic-glass-bottle-crates-wholesale\/"},"modified":"2025-09-12T23:17:44","modified_gmt":"2025-09-12T23:17:44","slug":"caixa-de-plastico-para-6-garrafas-caixas-de-garrafas-de-vidro-para-atacado","status":"publish","type":"product","link":"https:\/\/www.plastic-crates.com\/pt\/produto\/caixa-de-plastico-para-6-garrafas-caixas-de-garrafas-de-vidro-para-atacado\/","title":{"rendered":"Caixa para 6 garrafas, caixas de garrafas de vidro e pl\u00e1stico no atacado"},"content":{"rendered":"<p>Nosso <strong>Caixas de 6 garrafas<\/strong> s\u00e3o a escolha perfeita para cervejarias, fabricantes de refrigerantes e distribuidores de bebidas que precisam de embalagens a granel confi\u00e1veis. Feitas de pl\u00e1stico resistente e pr\u00f3prio para alimentos, essas caixas armazenam garrafas de vidro com seguran\u00e7a, suportando os rigores do transporte e da reutiliza\u00e7\u00e3o repetida.<\/p>\n<p>Ideal para<br \/>\nEngarrafadores de bebidas, cervejarias, empresas de refrigerantes e atacadistas buscam engradados de garrafas pl\u00e1sticas de vidro com boa rela\u00e7\u00e3o custo-benef\u00edcio para cadeias de suprimentos de grande porte. Esses engradados de 6 garrafas garantem transporte seguro, reduzem quebras e agilizam a distribui\u00e7\u00e3o B2B.<\/p>\n<p><a href=\"https:\/\/www.plastic-crates.com\/pt\/categoria+de+produto\/caixa-dobravel-3\/\" target=\"_blank\" rel=\"noopener\">caixas de armazenamento dobr\u00e1veis de pl\u00e1stico<\/a>, <a href=\"https:\/\/www.palletssupplier.com\/plastic-pallets\/\" target=\"_blank\" rel=\"noopener\">fabricante de paletes de pl\u00e1stico<\/a><\/p>","protected":false},"excerpt":{"rendered":"<p>Nossas caixas com 6 garrafas s\u00e3o a escolha perfeita para cervejarias, fabricantes de refrigerantes e distribuidores de bebidas que precisam de embalagens a granel confi\u00e1veis. Feitas de\u2026<\/p>","protected":false},"featured_media":7706,"template":"","meta":{"_acf_changed":false},"product_brand":[],"product_cat":[15],"product_tag":[153,149],"class_list":{"0":"post-7712","1":"product","2":"type-product","3":"status-publish","4":"has-post-thumbnail","6":"product_cat-stackable-containers","7":"product_tag-bottle-crate","8":"product_tag-plastic-milk-crates","10":"first","11":"instock","12":"shipping-taxable","13":"product-type-simple"},"acf":[],"yoast_head":"<!-- This site is optimized with the Yoast SEO plugin v26.1.1 - https:\/\/yoast.com\/wordpress\/plugins\/seo\/ -->\n<title>6 bottle crate, plastic glass bottle crates wholesale - plastic-crates.com<\/title>\n<meta name=\"description\" content=\"Wholesale 6-bottle plastic glass bottle crates for secure beverage transport. Stackable, food-grade, and reusable\u2014ideal for breweries, soda makers, and bulk distribution.\" \/>\n<meta name=\"robots\" content=\"index, follow, max-snippet:-1, max-image-preview:large, max-video-preview:-1\" \/>\n<link rel=\"canonical\" href=\"https:\/\/www.plastic-crates.com\/pt\/produto\/caixa-de-plastico-para-6-garrafas-caixas-de-garrafas-de-vidro-para-atacado\/\" \/>\n<meta property=\"og:locale\" content=\"pt_PT\" \/>\n<meta property=\"og:type\" content=\"article\" \/>\n<meta property=\"og:title\" content=\"6 bottle crate, plastic glass bottle crates wholesale - plastic-crates.com\" \/>\n<meta property=\"og:description\" content=\"Wholesale 6-bottle plastic glass bottle crates for secure beverage transport. Stackable, food-grade, and reusable\u2014ideal for breweries, soda makers, and bulk distribution.\" \/>\n<meta property=\"og:url\" content=\"https:\/\/www.plastic-crates.com\/pt\/produto\/caixa-de-plastico-para-6-garrafas-caixas-de-garrafas-de-vidro-para-atacado\/\" \/>\n<meta property=\"og:site_name\" content=\"plastic-crates.com\" \/>\n<meta property=\"article:modified_time\" content=\"2025-09-12T23:17:44+00:00\" \/>\n<meta property=\"og:image\" content=\"https:\/\/www.plastic-crates.com\/wp-content\/uploads\/2025\/09\/plastic-6-bottle-crates-1.jpg\" \/>\n\t<meta property=\"og:image:width\" content=\"2000\" \/>\n\t<meta property=\"og:image:height\" content=\"2000\" \/>\n\t<meta property=\"og:image:type\" content=\"image\/jpeg\" \/>\n<meta name=\"twitter:card\" content=\"summary_large_image\" \/>\n<meta name=\"twitter:label1\" content=\"Tempo estimado de leitura\" \/>\n\t<meta name=\"twitter:data1\" content=\"1 minuto\" \/>\n<script type=\"application\/ld+json\" class=\"yoast-schema-graph\">{\"@context\":\"https:\/\/schema.org\",\"@graph\":[{\"@type\":\"WebPage\",\"@id\":\"https:\/\/www.plastic-crates.com\/product\/6-bottle-crate-plastic-glass-bottle-crates-wholesale\/\",\"url\":\"https:\/\/www.plastic-crates.com\/product\/6-bottle-crate-plastic-glass-bottle-crates-wholesale\/\",\"name\":\"6 bottle crate, plastic glass bottle crates wholesale - plastic-crates.com\",\"isPartOf\":{\"@id\":\"https:\/\/www.plastic-crates.com\/#website\"},\"primaryImageOfPage\":{\"@id\":\"https:\/\/www.plastic-crates.com\/product\/6-bottle-crate-plastic-glass-bottle-crates-wholesale\/#primaryimage\"},\"image\":{\"@id\":\"https:\/\/www.plastic-crates.com\/product\/6-bottle-crate-plastic-glass-bottle-crates-wholesale\/#primaryimage\"},\"thumbnailUrl\":\"https:\/\/www.plastic-crates.com\/wp-content\/uploads\/2025\/09\/plastic-6-bottle-crates-1.jpg\",\"datePublished\":\"2025-09-12T23:01:17+00:00\",\"dateModified\":\"2025-09-12T23:17:44+00:00\",\"description\":\"Wholesale 6-bottle plastic glass bottle crates for secure beverage transport. Stackable, food-grade, and reusable\u2014ideal for breweries, soda makers, and bulk distribution.\",\"breadcrumb\":{\"@id\":\"https:\/\/www.plastic-crates.com\/product\/6-bottle-crate-plastic-glass-bottle-crates-wholesale\/#breadcrumb\"},\"inLanguage\":\"pt-PT\",\"potentialAction\":[{\"@type\":\"ReadAction\",\"target\":[\"https:\/\/www.plastic-crates.com\/product\/6-bottle-crate-plastic-glass-bottle-crates-wholesale\/\"]}]},{\"@type\":\"ImageObject\",\"inLanguage\":\"pt-PT\",\"@id\":\"https:\/\/www.plastic-crates.com\/product\/6-bottle-crate-plastic-glass-bottle-crates-wholesale\/#primaryimage\",\"url\":\"https:\/\/www.plastic-crates.com\/wp-content\/uploads\/2025\/09\/plastic-6-bottle-crates-1.jpg\",\"contentUrl\":\"https:\/\/www.plastic-crates.com\/wp-content\/uploads\/2025\/09\/plastic-6-bottle-crates-1.jpg\",\"width\":2000,\"height\":2000,\"caption\":\"Plastic 6 bottle crate\"},{\"@type\":\"BreadcrumbList\",\"@id\":\"https:\/\/www.plastic-crates.com\/product\/6-bottle-crate-plastic-glass-bottle-crates-wholesale\/#breadcrumb\",\"itemListElement\":[{\"@type\":\"ListItem\",\"position\":1,\"name\":\"Home\",\"item\":\"https:\/\/www.plastic-crates.com\/\"},{\"@type\":\"ListItem\",\"position\":2,\"name\":\"Products\",\"item\":\"https:\/\/www.plastic-crates.com\/shop\/\"},{\"@type\":\"ListItem\",\"position\":3,\"name\":\"6 bottle crate, plastic glass bottle crates wholesale\"}]},{\"@type\":\"WebSite\",\"@id\":\"https:\/\/www.plastic-crates.com\/#website\",\"url\":\"https:\/\/www.plastic-crates.com\/\",\"name\":\"plastic-crates.com\",\"description\":\"Leading plastic crates manufacturer in China\",\"potentialAction\":[{\"@type\":\"SearchAction\",\"target\":{\"@type\":\"EntryPoint\",\"urlTemplate\":\"https:\/\/www.plastic-crates.com\/?s={search_term_string}\"},\"query-input\":{\"@type\":\"PropertyValueSpecification\",\"valueRequired\":true,\"valueName\":\"search_term_string\"}}],\"inLanguage\":\"pt-PT\"}]}<\/script>\n<!-- \/ Yoast SEO plugin. -->","yoast_head_json":{"title":"Caixa para 6 garrafas, caixas de garrafas de vidro e pl\u00e1stico no atacado - plastic-crates.com","description":"Caixas pl\u00e1sticas de vidro com capacidade para 6 garrafas, para transporte seguro de bebidas. Empilh\u00e1veis, de qualidade alimentar e reutiliz\u00e1veis \u2014 ideais para cervejarias, fabricantes de refrigerantes e distribui\u00e7\u00e3o a granel.","robots":{"index":"index","follow":"follow","max-snippet":"max-snippet:-1","max-image-preview":"max-image-preview:large","max-video-preview":"max-video-preview:-1"},"canonical":"https:\/\/www.plastic-crates.com\/pt\/produto\/caixa-de-plastico-para-6-garrafas-caixas-de-garrafas-de-vidro-para-atacado\/","og_locale":"pt_PT","og_type":"article","og_title":"6 bottle crate, plastic glass bottle crates wholesale - plastic-crates.com","og_description":"Wholesale 6-bottle plastic glass bottle crates for secure beverage transport. Stackable, food-grade, and reusable\u2014ideal for breweries, soda makers, and bulk distribution.","og_url":"https:\/\/www.plastic-crates.com\/pt\/produto\/caixa-de-plastico-para-6-garrafas-caixas-de-garrafas-de-vidro-para-atacado\/","og_site_name":"plastic-crates.com","article_modified_time":"2025-09-12T23:17:44+00:00","og_image":[{"width":2000,"height":2000,"url":"https:\/\/www.plastic-crates.com\/wp-content\/uploads\/2025\/09\/plastic-6-bottle-crates-1.jpg","type":"image\/jpeg"}],"twitter_card":"summary_large_image","twitter_misc":{"Tempo estimado de leitura":"1 minuto"},"schema":{"@context":"https:\/\/schema.org","@graph":[{"@type":"WebPage","@id":"https:\/\/www.plastic-crates.com\/product\/6-bottle-crate-plastic-glass-bottle-crates-wholesale\/","url":"https:\/\/www.plastic-crates.com\/product\/6-bottle-crate-plastic-glass-bottle-crates-wholesale\/","name":"Caixa para 6 garrafas, caixas de garrafas de vidro e pl\u00e1stico no atacado - plastic-crates.com","isPartOf":{"@id":"https:\/\/www.plastic-crates.com\/#website"},"primaryImageOfPage":{"@id":"https:\/\/www.plastic-crates.com\/product\/6-bottle-crate-plastic-glass-bottle-crates-wholesale\/#primaryimage"},"image":{"@id":"https:\/\/www.plastic-crates.com\/product\/6-bottle-crate-plastic-glass-bottle-crates-wholesale\/#primaryimage"},"thumbnailUrl":"https:\/\/www.plastic-crates.com\/wp-content\/uploads\/2025\/09\/plastic-6-bottle-crates-1.jpg","datePublished":"2025-09-12T23:01:17+00:00","dateModified":"2025-09-12T23:17:44+00:00","description":"Caixas pl\u00e1sticas de vidro com capacidade para 6 garrafas, para transporte seguro de bebidas. Empilh\u00e1veis, de qualidade alimentar e reutiliz\u00e1veis \u2014 ideais para cervejarias, fabricantes de refrigerantes e distribui\u00e7\u00e3o a granel.","breadcrumb":{"@id":"https:\/\/www.plastic-crates.com\/product\/6-bottle-crate-plastic-glass-bottle-crates-wholesale\/#breadcrumb"},"inLanguage":"pt-PT","potentialAction":[{"@type":"ReadAction","target":["https:\/\/www.plastic-crates.com\/product\/6-bottle-crate-plastic-glass-bottle-crates-wholesale\/"]}]},{"@type":"ImageObject","inLanguage":"pt-PT","@id":"https:\/\/www.plastic-crates.com\/product\/6-bottle-crate-plastic-glass-bottle-crates-wholesale\/#primaryimage","url":"https:\/\/www.plastic-crates.com\/wp-content\/uploads\/2025\/09\/plastic-6-bottle-crates-1.jpg","contentUrl":"https:\/\/www.plastic-crates.com\/wp-content\/uploads\/2025\/09\/plastic-6-bottle-crates-1.jpg","width":2000,"height":2000,"caption":"Plastic 6 bottle crate"},{"@type":"BreadcrumbList","@id":"https:\/\/www.plastic-crates.com\/product\/6-bottle-crate-plastic-glass-bottle-crates-wholesale\/#breadcrumb","itemListElement":[{"@type":"ListItem","position":1,"name":"Home","item":"https:\/\/www.plastic-crates.com\/"},{"@type":"ListItem","position":2,"name":"Products","item":"https:\/\/www.plastic-crates.com\/shop\/"},{"@type":"ListItem","position":3,"name":"6 bottle crate, plastic glass bottle crates wholesale"}]},{"@type":"WebSite","@id":"https:\/\/www.plastic-crates.com\/#website","url":"https:\/\/www.plastic-crates.com\/","name":"plastic-crates.com","description":"Fabricante l\u00edder de caixas pl\u00e1sticas na China","potentialAction":[{"@type":"SearchAction","target":{"@type":"EntryPoint","urlTemplate":"https:\/\/www.plastic-crates.com\/?s={search_term_string}"},"query-input":{"@type":"PropertyValueSpecification","valueRequired":true,"valueName":"search_term_string"}}],"inLanguage":"pt-PT"}]}},"_links":{"self":[{"href":"https:\/\/www.plastic-crates.com\/pt\/wp-json\/wp\/v2\/product\/7712","targetHints":{"allow":["GET"]}}],"collection":[{"href":"https:\/\/www.plastic-crates.com\/pt\/wp-json\/wp\/v2\/product"}],"about":[{"href":"https:\/\/www.plastic-crates.com\/pt\/wp-json\/wp\/v2\/types\/product"}],"wp:featuredmedia":[{"embeddable":true,"href":"https:\/\/www.plastic-crates.com\/pt\/wp-json\/wp\/v2\/media\/7706"}],"wp:attachment":[{"href":"https:\/\/www.plastic-crates.com\/pt\/wp-json\/wp\/v2\/media?parent=7712"}],"wp:term":[{"taxonomy":"product_brand","embeddable":true,"href":"https:\/\/www.plastic-crates.com\/pt\/wp-json\/wp\/v2\/product_brand?post=7712"},{"taxonomy":"product_cat","embeddable":true,"href":"https:\/\/www.plastic-crates.com\/pt\/wp-json\/wp\/v2\/product_cat?post=7712"},{"taxonomy":"product_tag","embeddable":true,"href":"https:\/\/www.plastic-crates.com\/pt\/wp-json\/wp\/v2\/product_tag?post=7712"}],"curies":[{"name":"wp","href":"https:\/\/api.w.org\/{rel}","templated":true}]}}