{"id":7739,"date":"2025-09-18T20:30:52","date_gmt":"2025-09-18T20:30:52","guid":{"rendered":"https:\/\/www.plastic-crates.com\/product\/airport-security-trays\/"},"modified":"2025-09-18T20:31:54","modified_gmt":"2025-09-18T20:31:54","slug":"bandejas-de-seguranca-do-aeroporto","status":"publish","type":"product","link":"https:\/\/www.plastic-crates.com\/pt\/produto\/bandejas-de-seguranca-do-aeroporto\/","title":{"rendered":"Bandejas de seguran\u00e7a do aeroporto"},"content":{"rendered":"<p>As bandejas de seguran\u00e7a dos aeroportos, tamb\u00e9m conhecidas como caixas TSA, s\u00e3o uma parte essencial da triagem de passageiros nos pontos de controle de seguran\u00e7a. Projetadas para efici\u00eancia, durabilidade e conformidade, essas bandejas oferecem uma solu\u00e7\u00e3o padronizada para organizar pertences pessoais, como laptops, sapatos, cintos e bagagem de m\u00e3o, durante o processo de triagem por raio-X.<\/p>\n<p>Para aeroportos, ag\u00eancias governamentais e empresas de seguran\u00e7a, a aquisi\u00e7\u00e3o de bandejas de seguran\u00e7a em grandes quantidades garante opera\u00e7\u00f5es tranquilas e um fluxo consistente de passageiros. Fabricadas em pl\u00e1stico resistente a impactos, essas bandejas suportam o uso constante em alto volume, mantendo seu formato e confiabilidade. Suas superf\u00edcies n\u00e3o porosas permitem limpeza e higieniza\u00e7\u00e3o r\u00e1pidas, atendendo aos padr\u00f5es de higiene em centros de viagens movimentados.<\/p>\n<p>O dimensionamento uniforme os torna compat\u00edveis tanto com linhas de triagem manuais quanto com pistas de seguran\u00e7a automatizadas, garantindo integra\u00e7\u00e3o perfeita com os equipamentos existentes. Pedidos em grandes quantidades tamb\u00e9m garantem economia de custos e fornecimento ininterrupto, tornando-os ideais para gerentes de compras e operadores de instala\u00e7\u00f5es respons\u00e1veis por opera\u00e7\u00f5es de seguran\u00e7a em larga escala.<\/p>\n<p>Seja equipando um grande aeroporto internacional, um terminal regional ou um centro de transporte, investir em bandejas de seguran\u00e7a para aeroportos em grandes quantidades proporciona a durabilidade e a consist\u00eancia necess\u00e1rias para manter as filas de seguran\u00e7a fluindo com efici\u00eancia.<\/p>","protected":false},"excerpt":{"rendered":"<p>As bandejas de seguran\u00e7a dos aeroportos, tamb\u00e9m conhecidas como caixas TSA, s\u00e3o uma parte essencial da triagem de passageiros nos pontos de controle de seguran\u00e7a. Projetadas para\u2026<\/p>","protected":false},"featured_media":7734,"template":"","meta":{"_acf_changed":false},"product_brand":[],"product_cat":[144],"product_tag":[154],"class_list":{"0":"post-7739","1":"product","2":"type-product","3":"status-publish","4":"has-post-thumbnail","6":"product_cat-plastic-trays-wholesale","7":"product_tag-tsa-bins","9":"first","10":"instock","11":"shipping-taxable","12":"product-type-simple"},"acf":[],"yoast_head":"<!-- This site is optimized with the Yoast SEO plugin v26.1.1 - https:\/\/yoast.com\/wordpress\/plugins\/seo\/ -->\n<title>Airport security trays - plastic-crates.com<\/title>\n<meta name=\"robots\" content=\"index, follow, max-snippet:-1, max-image-preview:large, max-video-preview:-1\" \/>\n<link rel=\"canonical\" href=\"https:\/\/www.plastic-crates.com\/pt\/produto\/bandejas-de-seguranca-do-aeroporto\/\" \/>\n<meta property=\"og:locale\" content=\"pt_PT\" \/>\n<meta property=\"og:type\" content=\"article\" \/>\n<meta property=\"og:title\" content=\"Airport security trays - plastic-crates.com\" \/>\n<meta property=\"og:description\" content=\"Airport security trays, also known as TSA bins, are an essential part of passenger screening at security checkpoints. Designed for&hellip;\" \/>\n<meta property=\"og:url\" content=\"https:\/\/www.plastic-crates.com\/pt\/produto\/bandejas-de-seguranca-do-aeroporto\/\" \/>\n<meta property=\"og:site_name\" content=\"plastic-crates.com\" \/>\n<meta property=\"article:modified_time\" content=\"2025-09-18T20:31:54+00:00\" \/>\n<meta property=\"og:image\" content=\"https:\/\/www.plastic-crates.com\/wp-content\/uploads\/2025\/09\/airport-security-trays-1.jpg\" \/>\n\t<meta property=\"og:image:width\" content=\"2000\" \/>\n\t<meta property=\"og:image:height\" content=\"2000\" \/>\n\t<meta property=\"og:image:type\" content=\"image\/jpeg\" \/>\n<meta name=\"twitter:card\" content=\"summary_large_image\" \/>\n<meta name=\"twitter:label1\" content=\"Tempo estimado de leitura\" \/>\n\t<meta name=\"twitter:data1\" content=\"1 minuto\" \/>\n<script type=\"application\/ld+json\" class=\"yoast-schema-graph\">{\"@context\":\"https:\/\/schema.org\",\"@graph\":[{\"@type\":\"WebPage\",\"@id\":\"https:\/\/www.plastic-crates.com\/product\/airport-security-trays\/\",\"url\":\"https:\/\/www.plastic-crates.com\/product\/airport-security-trays\/\",\"name\":\"Airport security trays - plastic-crates.com\",\"isPartOf\":{\"@id\":\"https:\/\/www.plastic-crates.com\/#website\"},\"primaryImageOfPage\":{\"@id\":\"https:\/\/www.plastic-crates.com\/product\/airport-security-trays\/#primaryimage\"},\"image\":{\"@id\":\"https:\/\/www.plastic-crates.com\/product\/airport-security-trays\/#primaryimage\"},\"thumbnailUrl\":\"https:\/\/www.plastic-crates.com\/wp-content\/uploads\/2025\/09\/airport-security-trays-1.jpg\",\"datePublished\":\"2025-09-18T20:30:52+00:00\",\"dateModified\":\"2025-09-18T20:31:54+00:00\",\"breadcrumb\":{\"@id\":\"https:\/\/www.plastic-crates.com\/product\/airport-security-trays\/#breadcrumb\"},\"inLanguage\":\"pt-PT\",\"potentialAction\":[{\"@type\":\"ReadAction\",\"target\":[\"https:\/\/www.plastic-crates.com\/product\/airport-security-trays\/\"]}]},{\"@type\":\"ImageObject\",\"inLanguage\":\"pt-PT\",\"@id\":\"https:\/\/www.plastic-crates.com\/product\/airport-security-trays\/#primaryimage\",\"url\":\"https:\/\/www.plastic-crates.com\/wp-content\/uploads\/2025\/09\/airport-security-trays-1.jpg\",\"contentUrl\":\"https:\/\/www.plastic-crates.com\/wp-content\/uploads\/2025\/09\/airport-security-trays-1.jpg\",\"width\":2000,\"height\":2000,\"caption\":\"airport security trays\"},{\"@type\":\"BreadcrumbList\",\"@id\":\"https:\/\/www.plastic-crates.com\/product\/airport-security-trays\/#breadcrumb\",\"itemListElement\":[{\"@type\":\"ListItem\",\"position\":1,\"name\":\"Home\",\"item\":\"https:\/\/www.plastic-crates.com\/\"},{\"@type\":\"ListItem\",\"position\":2,\"name\":\"Products\",\"item\":\"https:\/\/www.plastic-crates.com\/shop\/\"},{\"@type\":\"ListItem\",\"position\":3,\"name\":\"Airport security trays\"}]},{\"@type\":\"WebSite\",\"@id\":\"https:\/\/www.plastic-crates.com\/#website\",\"url\":\"https:\/\/www.plastic-crates.com\/\",\"name\":\"plastic-crates.com\",\"description\":\"Leading plastic crates manufacturer in China\",\"potentialAction\":[{\"@type\":\"SearchAction\",\"target\":{\"@type\":\"EntryPoint\",\"urlTemplate\":\"https:\/\/www.plastic-crates.com\/?s={search_term_string}\"},\"query-input\":{\"@type\":\"PropertyValueSpecification\",\"valueRequired\":true,\"valueName\":\"search_term_string\"}}],\"inLanguage\":\"pt-PT\"}]}<\/script>\n<!-- \/ Yoast SEO plugin. -->","yoast_head_json":{"title":"Bandejas de seguran\u00e7a para aeroportos - plastic-crates.com","robots":{"index":"index","follow":"follow","max-snippet":"max-snippet:-1","max-image-preview":"max-image-preview:large","max-video-preview":"max-video-preview:-1"},"canonical":"https:\/\/www.plastic-crates.com\/pt\/produto\/bandejas-de-seguranca-do-aeroporto\/","og_locale":"pt_PT","og_type":"article","og_title":"Airport security trays - plastic-crates.com","og_description":"Airport security trays, also known as TSA bins, are an essential part of passenger screening at security checkpoints. Designed for&hellip;","og_url":"https:\/\/www.plastic-crates.com\/pt\/produto\/bandejas-de-seguranca-do-aeroporto\/","og_site_name":"plastic-crates.com","article_modified_time":"2025-09-18T20:31:54+00:00","og_image":[{"width":2000,"height":2000,"url":"https:\/\/www.plastic-crates.com\/wp-content\/uploads\/2025\/09\/airport-security-trays-1.jpg","type":"image\/jpeg"}],"twitter_card":"summary_large_image","twitter_misc":{"Tempo estimado de leitura":"1 minuto"},"schema":{"@context":"https:\/\/schema.org","@graph":[{"@type":"WebPage","@id":"https:\/\/www.plastic-crates.com\/product\/airport-security-trays\/","url":"https:\/\/www.plastic-crates.com\/product\/airport-security-trays\/","name":"Bandejas de seguran\u00e7a para aeroportos - plastic-crates.com","isPartOf":{"@id":"https:\/\/www.plastic-crates.com\/#website"},"primaryImageOfPage":{"@id":"https:\/\/www.plastic-crates.com\/product\/airport-security-trays\/#primaryimage"},"image":{"@id":"https:\/\/www.plastic-crates.com\/product\/airport-security-trays\/#primaryimage"},"thumbnailUrl":"https:\/\/www.plastic-crates.com\/wp-content\/uploads\/2025\/09\/airport-security-trays-1.jpg","datePublished":"2025-09-18T20:30:52+00:00","dateModified":"2025-09-18T20:31:54+00:00","breadcrumb":{"@id":"https:\/\/www.plastic-crates.com\/product\/airport-security-trays\/#breadcrumb"},"inLanguage":"pt-PT","potentialAction":[{"@type":"ReadAction","target":["https:\/\/www.plastic-crates.com\/product\/airport-security-trays\/"]}]},{"@type":"ImageObject","inLanguage":"pt-PT","@id":"https:\/\/www.plastic-crates.com\/product\/airport-security-trays\/#primaryimage","url":"https:\/\/www.plastic-crates.com\/wp-content\/uploads\/2025\/09\/airport-security-trays-1.jpg","contentUrl":"https:\/\/www.plastic-crates.com\/wp-content\/uploads\/2025\/09\/airport-security-trays-1.jpg","width":2000,"height":2000,"caption":"airport security trays"},{"@type":"BreadcrumbList","@id":"https:\/\/www.plastic-crates.com\/product\/airport-security-trays\/#breadcrumb","itemListElement":[{"@type":"ListItem","position":1,"name":"Home","item":"https:\/\/www.plastic-crates.com\/"},{"@type":"ListItem","position":2,"name":"Products","item":"https:\/\/www.plastic-crates.com\/shop\/"},{"@type":"ListItem","position":3,"name":"Airport security trays"}]},{"@type":"WebSite","@id":"https:\/\/www.plastic-crates.com\/#website","url":"https:\/\/www.plastic-crates.com\/","name":"plastic-crates.com","description":"Fabricante l\u00edder de caixas pl\u00e1sticas na China","potentialAction":[{"@type":"SearchAction","target":{"@type":"EntryPoint","urlTemplate":"https:\/\/www.plastic-crates.com\/?s={search_term_string}"},"query-input":{"@type":"PropertyValueSpecification","valueRequired":true,"valueName":"search_term_string"}}],"inLanguage":"pt-PT"}]}},"_links":{"self":[{"href":"https:\/\/www.plastic-crates.com\/pt\/wp-json\/wp\/v2\/product\/7739","targetHints":{"allow":["GET"]}}],"collection":[{"href":"https:\/\/www.plastic-crates.com\/pt\/wp-json\/wp\/v2\/product"}],"about":[{"href":"https:\/\/www.plastic-crates.com\/pt\/wp-json\/wp\/v2\/types\/product"}],"wp:featuredmedia":[{"embeddable":true,"href":"https:\/\/www.plastic-crates.com\/pt\/wp-json\/wp\/v2\/media\/7734"}],"wp:attachment":[{"href":"https:\/\/www.plastic-crates.com\/pt\/wp-json\/wp\/v2\/media?parent=7739"}],"wp:term":[{"taxonomy":"product_brand","embeddable":true,"href":"https:\/\/www.plastic-crates.com\/pt\/wp-json\/wp\/v2\/product_brand?post=7739"},{"taxonomy":"product_cat","embeddable":true,"href":"https:\/\/www.plastic-crates.com\/pt\/wp-json\/wp\/v2\/product_cat?post=7739"},{"taxonomy":"product_tag","embeddable":true,"href":"https:\/\/www.plastic-crates.com\/pt\/wp-json\/wp\/v2\/product_tag?post=7739"}],"curies":[{"name":"wp","href":"https:\/\/api.w.org\/{rel}","templated":true}]}}