{"id":7746,"date":"2025-09-18T20:34:25","date_gmt":"2025-09-18T20:34:25","guid":{"rendered":"https:\/\/www.plastic-crates.com\/product\/airport-security-tray-manufacturer\/"},"modified":"2025-09-18T20:53:16","modified_gmt":"2025-09-18T20:53:16","slug":"fabricante-de-bandejas-de-seguranca-para-aeroportos","status":"publish","type":"product","link":"https:\/\/www.plastic-crates.com\/pt\/produto\/fabricante-de-bandejas-de-seguranca-para-aeroportos\/","title":{"rendered":"Fabricante de bandejas de seguran\u00e7a para aeroportos"},"content":{"rendered":"<p>Como fabricante l\u00edder de bandejas de seguran\u00e7a para aeroportos, nos especializamos na produ\u00e7\u00e3o de caixas dur\u00e1veis e em conformidade com a TSA, projetadas para opera\u00e7\u00f5es de alto volume em pontos de controle. Nossas bandejas s\u00e3o reconhecidas por aeroportos, instala\u00e7\u00f5es governamentais e empresas de seguran\u00e7a em todo o mundo por sua confiabilidade, resist\u00eancia e facilidade de uso.<\/p>\n<p>Fabricadas com materiais n\u00e3o porosos e resistentes a impactos, nossas bandejas de seguran\u00e7a para aeroportos s\u00e3o projetadas para suportar o uso cont\u00ednuo em ambientes de viagens movimentadas, sendo f\u00e1ceis de limpar e higienizar. Cada bandeja \u00e9 projetada para um tamanho consistente, garantindo compatibilidade tanto com esta\u00e7\u00f5es de triagem manuais quanto com as avan\u00e7adas linhas de triagem automatizadas.<\/p>\n<p>Ao encomendar diretamente do fabricante, os compradores B2B se beneficiam de pre\u00e7os competitivos no atacado, cadeias de suprimentos confi\u00e1veis e op\u00e7\u00f5es personaliz\u00e1veis, adaptadas \u00e0s necessidades operacionais espec\u00edficas. Sejam pedidos em larga escala para aeroportos internacionais ou solu\u00e7\u00f5es personalizadas para hubs regionais, oferecemos produtos que proporcionam uma triagem de passageiros tranquila, segura e eficiente.<\/p>","protected":false},"excerpt":{"rendered":"<p>Como fabricante l\u00edder de bandejas de seguran\u00e7a para aeroportos, nos especializamos na produ\u00e7\u00e3o de recipientes dur\u00e1veis e em conformidade com a TSA, projetados para opera\u00e7\u00f5es de alto volume em postos de controle. Nossos\u2026<\/p>","protected":false},"featured_media":7740,"template":"","meta":{"_acf_changed":false},"product_brand":[],"product_cat":[144],"product_tag":[154],"class_list":{"0":"post-7746","1":"product","2":"type-product","3":"status-publish","4":"has-post-thumbnail","6":"product_cat-plastic-trays-wholesale","7":"product_tag-tsa-bins","9":"first","10":"instock","11":"shipping-taxable","12":"product-type-simple"},"acf":[],"yoast_head":"<!-- This site is optimized with the Yoast SEO plugin v26.1.1 - https:\/\/yoast.com\/wordpress\/plugins\/seo\/ -->\n<title>Airport security tray manufacturer - plastic-crates.com<\/title>\n<meta name=\"robots\" content=\"index, follow, max-snippet:-1, max-image-preview:large, max-video-preview:-1\" \/>\n<link rel=\"canonical\" href=\"https:\/\/www.plastic-crates.com\/pt\/produto\/fabricante-de-bandejas-de-seguranca-para-aeroportos\/\" \/>\n<meta property=\"og:locale\" content=\"pt_PT\" \/>\n<meta property=\"og:type\" content=\"article\" \/>\n<meta property=\"og:title\" content=\"Airport security tray manufacturer - plastic-crates.com\" \/>\n<meta property=\"og:description\" content=\"As a leading airport security tray manufacturer, we specialize in producing durable, TSA-compliant bins designed for high-volume checkpoint operations. Our&hellip;\" \/>\n<meta property=\"og:url\" content=\"https:\/\/www.plastic-crates.com\/pt\/produto\/fabricante-de-bandejas-de-seguranca-para-aeroportos\/\" \/>\n<meta property=\"og:site_name\" content=\"plastic-crates.com\" \/>\n<meta property=\"article:modified_time\" content=\"2025-09-18T20:53:16+00:00\" \/>\n<meta property=\"og:image\" content=\"https:\/\/www.plastic-crates.com\/wp-content\/uploads\/2025\/09\/airport-security-tray-manufacturer-1.jpg\" \/>\n\t<meta property=\"og:image:width\" content=\"2000\" \/>\n\t<meta property=\"og:image:height\" content=\"2000\" \/>\n\t<meta property=\"og:image:type\" content=\"image\/jpeg\" \/>\n<meta name=\"twitter:card\" content=\"summary_large_image\" \/>\n<meta name=\"twitter:label1\" content=\"Tempo estimado de leitura\" \/>\n\t<meta name=\"twitter:data1\" content=\"1 minuto\" \/>\n<script type=\"application\/ld+json\" class=\"yoast-schema-graph\">{\"@context\":\"https:\/\/schema.org\",\"@graph\":[{\"@type\":\"WebPage\",\"@id\":\"https:\/\/www.plastic-crates.com\/product\/airport-security-tray-manufacturer\/\",\"url\":\"https:\/\/www.plastic-crates.com\/product\/airport-security-tray-manufacturer\/\",\"name\":\"Airport security tray manufacturer - plastic-crates.com\",\"isPartOf\":{\"@id\":\"https:\/\/www.plastic-crates.com\/#website\"},\"primaryImageOfPage\":{\"@id\":\"https:\/\/www.plastic-crates.com\/product\/airport-security-tray-manufacturer\/#primaryimage\"},\"image\":{\"@id\":\"https:\/\/www.plastic-crates.com\/product\/airport-security-tray-manufacturer\/#primaryimage\"},\"thumbnailUrl\":\"https:\/\/www.plastic-crates.com\/wp-content\/uploads\/2025\/09\/airport-security-tray-manufacturer-1.jpg\",\"datePublished\":\"2025-09-18T20:34:25+00:00\",\"dateModified\":\"2025-09-18T20:53:16+00:00\",\"breadcrumb\":{\"@id\":\"https:\/\/www.plastic-crates.com\/product\/airport-security-tray-manufacturer\/#breadcrumb\"},\"inLanguage\":\"pt-PT\",\"potentialAction\":[{\"@type\":\"ReadAction\",\"target\":[\"https:\/\/www.plastic-crates.com\/product\/airport-security-tray-manufacturer\/\"]}]},{\"@type\":\"ImageObject\",\"inLanguage\":\"pt-PT\",\"@id\":\"https:\/\/www.plastic-crates.com\/product\/airport-security-tray-manufacturer\/#primaryimage\",\"url\":\"https:\/\/www.plastic-crates.com\/wp-content\/uploads\/2025\/09\/airport-security-tray-manufacturer-1.jpg\",\"contentUrl\":\"https:\/\/www.plastic-crates.com\/wp-content\/uploads\/2025\/09\/airport-security-tray-manufacturer-1.jpg\",\"width\":2000,\"height\":2000,\"caption\":\"airport security tray manufacturer\"},{\"@type\":\"BreadcrumbList\",\"@id\":\"https:\/\/www.plastic-crates.com\/product\/airport-security-tray-manufacturer\/#breadcrumb\",\"itemListElement\":[{\"@type\":\"ListItem\",\"position\":1,\"name\":\"Home\",\"item\":\"https:\/\/www.plastic-crates.com\/\"},{\"@type\":\"ListItem\",\"position\":2,\"name\":\"Products\",\"item\":\"https:\/\/www.plastic-crates.com\/shop\/\"},{\"@type\":\"ListItem\",\"position\":3,\"name\":\"Airport security tray manufacturer\"}]},{\"@type\":\"WebSite\",\"@id\":\"https:\/\/www.plastic-crates.com\/#website\",\"url\":\"https:\/\/www.plastic-crates.com\/\",\"name\":\"plastic-crates.com\",\"description\":\"Leading plastic crates manufacturer in China\",\"potentialAction\":[{\"@type\":\"SearchAction\",\"target\":{\"@type\":\"EntryPoint\",\"urlTemplate\":\"https:\/\/www.plastic-crates.com\/?s={search_term_string}\"},\"query-input\":{\"@type\":\"PropertyValueSpecification\",\"valueRequired\":true,\"valueName\":\"search_term_string\"}}],\"inLanguage\":\"pt-PT\"}]}<\/script>\n<!-- \/ Yoast SEO plugin. -->","yoast_head_json":{"title":"Fabricante de bandejas de seguran\u00e7a para aeroportos - plastic-crates.com","robots":{"index":"index","follow":"follow","max-snippet":"max-snippet:-1","max-image-preview":"max-image-preview:large","max-video-preview":"max-video-preview:-1"},"canonical":"https:\/\/www.plastic-crates.com\/pt\/produto\/fabricante-de-bandejas-de-seguranca-para-aeroportos\/","og_locale":"pt_PT","og_type":"article","og_title":"Airport security tray manufacturer - plastic-crates.com","og_description":"As a leading airport security tray manufacturer, we specialize in producing durable, TSA-compliant bins designed for high-volume checkpoint operations. Our&hellip;","og_url":"https:\/\/www.plastic-crates.com\/pt\/produto\/fabricante-de-bandejas-de-seguranca-para-aeroportos\/","og_site_name":"plastic-crates.com","article_modified_time":"2025-09-18T20:53:16+00:00","og_image":[{"width":2000,"height":2000,"url":"https:\/\/www.plastic-crates.com\/wp-content\/uploads\/2025\/09\/airport-security-tray-manufacturer-1.jpg","type":"image\/jpeg"}],"twitter_card":"summary_large_image","twitter_misc":{"Tempo estimado de leitura":"1 minuto"},"schema":{"@context":"https:\/\/schema.org","@graph":[{"@type":"WebPage","@id":"https:\/\/www.plastic-crates.com\/product\/airport-security-tray-manufacturer\/","url":"https:\/\/www.plastic-crates.com\/product\/airport-security-tray-manufacturer\/","name":"Fabricante de bandejas de seguran\u00e7a para aeroportos - plastic-crates.com","isPartOf":{"@id":"https:\/\/www.plastic-crates.com\/#website"},"primaryImageOfPage":{"@id":"https:\/\/www.plastic-crates.com\/product\/airport-security-tray-manufacturer\/#primaryimage"},"image":{"@id":"https:\/\/www.plastic-crates.com\/product\/airport-security-tray-manufacturer\/#primaryimage"},"thumbnailUrl":"https:\/\/www.plastic-crates.com\/wp-content\/uploads\/2025\/09\/airport-security-tray-manufacturer-1.jpg","datePublished":"2025-09-18T20:34:25+00:00","dateModified":"2025-09-18T20:53:16+00:00","breadcrumb":{"@id":"https:\/\/www.plastic-crates.com\/product\/airport-security-tray-manufacturer\/#breadcrumb"},"inLanguage":"pt-PT","potentialAction":[{"@type":"ReadAction","target":["https:\/\/www.plastic-crates.com\/product\/airport-security-tray-manufacturer\/"]}]},{"@type":"ImageObject","inLanguage":"pt-PT","@id":"https:\/\/www.plastic-crates.com\/product\/airport-security-tray-manufacturer\/#primaryimage","url":"https:\/\/www.plastic-crates.com\/wp-content\/uploads\/2025\/09\/airport-security-tray-manufacturer-1.jpg","contentUrl":"https:\/\/www.plastic-crates.com\/wp-content\/uploads\/2025\/09\/airport-security-tray-manufacturer-1.jpg","width":2000,"height":2000,"caption":"airport security tray manufacturer"},{"@type":"BreadcrumbList","@id":"https:\/\/www.plastic-crates.com\/product\/airport-security-tray-manufacturer\/#breadcrumb","itemListElement":[{"@type":"ListItem","position":1,"name":"Home","item":"https:\/\/www.plastic-crates.com\/"},{"@type":"ListItem","position":2,"name":"Products","item":"https:\/\/www.plastic-crates.com\/shop\/"},{"@type":"ListItem","position":3,"name":"Airport security tray manufacturer"}]},{"@type":"WebSite","@id":"https:\/\/www.plastic-crates.com\/#website","url":"https:\/\/www.plastic-crates.com\/","name":"plastic-crates.com","description":"Fabricante l\u00edder de caixas pl\u00e1sticas na China","potentialAction":[{"@type":"SearchAction","target":{"@type":"EntryPoint","urlTemplate":"https:\/\/www.plastic-crates.com\/?s={search_term_string}"},"query-input":{"@type":"PropertyValueSpecification","valueRequired":true,"valueName":"search_term_string"}}],"inLanguage":"pt-PT"}]}},"_links":{"self":[{"href":"https:\/\/www.plastic-crates.com\/pt\/wp-json\/wp\/v2\/product\/7746","targetHints":{"allow":["GET"]}}],"collection":[{"href":"https:\/\/www.plastic-crates.com\/pt\/wp-json\/wp\/v2\/product"}],"about":[{"href":"https:\/\/www.plastic-crates.com\/pt\/wp-json\/wp\/v2\/types\/product"}],"wp:featuredmedia":[{"embeddable":true,"href":"https:\/\/www.plastic-crates.com\/pt\/wp-json\/wp\/v2\/media\/7740"}],"wp:attachment":[{"href":"https:\/\/www.plastic-crates.com\/pt\/wp-json\/wp\/v2\/media?parent=7746"}],"wp:term":[{"taxonomy":"product_brand","embeddable":true,"href":"https:\/\/www.plastic-crates.com\/pt\/wp-json\/wp\/v2\/product_brand?post=7746"},{"taxonomy":"product_cat","embeddable":true,"href":"https:\/\/www.plastic-crates.com\/pt\/wp-json\/wp\/v2\/product_cat?post=7746"},{"taxonomy":"product_tag","embeddable":true,"href":"https:\/\/www.plastic-crates.com\/pt\/wp-json\/wp\/v2\/product_tag?post=7746"}],"curies":[{"name":"wp","href":"https:\/\/api.w.org\/{rel}","templated":true}]}}