{"id":7752,"date":"2025-09-18T20:36:59","date_gmt":"2025-09-18T20:36:59","guid":{"rendered":"https:\/\/www.plastic-crates.com\/product\/airport-security-check-tray\/"},"modified":"2025-09-18T20:53:07","modified_gmt":"2025-09-18T20:53:07","slug":"bandeja-de-verificacao-de-seguranca-do-aeroporto","status":"publish","type":"product","link":"https:\/\/www.plastic-crates.com\/pt\/produto\/bandeja-de-verificacao-de-seguranca-do-aeroporto\/","title":{"rendered":"Bandeja de verifica\u00e7\u00e3o de seguran\u00e7a do aeroporto"},"content":{"rendered":"<p>As bandejas de verifica\u00e7\u00e3o de seguran\u00e7a do aeroporto, frequentemente chamadas de caixas TSA, s\u00e3o um componente vital da triagem de passageiros nos pontos de controle do aeroporto. Projetadas para acomodar itens pessoais como laptops, sapatos, cintos e pequenas bagagens de m\u00e3o, essas bandejas garantem que os pertences sejam processados com seguran\u00e7a e efici\u00eancia por scanners de raio-X.<\/p>\n<p>Para aeroportos, autoridades de avia\u00e7\u00e3o e empresas de seguran\u00e7a, a aquisi\u00e7\u00e3o de bandejas de verifica\u00e7\u00e3o de seguran\u00e7a em grandes quantidades proporciona valor e confiabilidade a longo prazo. Fabricadas em pl\u00e1stico dur\u00e1vel e resistente a impactos, essas bandejas suportam o uso cont\u00ednuo em ambientes de alto tr\u00e1fego. Suas superf\u00edcies lisas e n\u00e3o porosas tornam a limpeza e a higieniza\u00e7\u00e3o r\u00e1pidas e eficientes, atendendo aos rigorosos padr\u00f5es de higiene nas \u00e1reas de triagem de passageiros.<\/p>\n<p>Com tamanho e design consistentes, as bandejas de verifica\u00e7\u00e3o de seguran\u00e7a para aeroportos integram-se perfeitamente aos sistemas de triagem tradicionais e automatizados, ajudando a reduzir atrasos e agilizar as opera\u00e7\u00f5es nos pontos de verifica\u00e7\u00e3o. A aquisi\u00e7\u00e3o em massa diretamente de fornecedores ou fabricantes confi\u00e1veis garante economia de custos, disponibilidade consistente e equipamentos padronizados em todas as \u00e1reas de seguran\u00e7a.<\/p>\n<p>Seja para aeroportos internacionais, centros regionais ou instala\u00e7\u00f5es de seguran\u00e7a governamentais, as bandejas de verifica\u00e7\u00e3o de seguran\u00e7a do aeroporto s\u00e3o uma solu\u00e7\u00e3o indispens\u00e1vel para uma triagem de passageiros segura, em conformidade e eficiente.<\/p>","protected":false},"excerpt":{"rendered":"<p>As bandejas de verifica\u00e7\u00e3o de seguran\u00e7a do aeroporto, muitas vezes chamadas de caixas TSA, s\u00e3o um componente vital da triagem de passageiros nos pontos de verifica\u00e7\u00e3o do aeroporto.<\/p>","protected":false},"featured_media":7747,"template":"","meta":{"_acf_changed":false},"product_brand":[],"product_cat":[144],"product_tag":[154],"class_list":{"0":"post-7752","1":"product","2":"type-product","3":"status-publish","4":"has-post-thumbnail","6":"product_cat-plastic-trays-wholesale","7":"product_tag-tsa-bins","9":"first","10":"instock","11":"shipping-taxable","12":"product-type-simple"},"acf":[],"yoast_head":"<!-- This site is optimized with the Yoast SEO plugin v26.1.1 - https:\/\/yoast.com\/wordpress\/plugins\/seo\/ -->\n<title>Airport security check tray - plastic-crates.com<\/title>\n<meta name=\"robots\" content=\"index, follow, max-snippet:-1, max-image-preview:large, max-video-preview:-1\" \/>\n<link rel=\"canonical\" href=\"https:\/\/www.plastic-crates.com\/pt\/produto\/bandeja-de-verificacao-de-seguranca-do-aeroporto\/\" \/>\n<meta property=\"og:locale\" content=\"pt_PT\" \/>\n<meta property=\"og:type\" content=\"article\" \/>\n<meta property=\"og:title\" content=\"Airport security check tray - plastic-crates.com\" \/>\n<meta property=\"og:description\" content=\"Airport security check trays, often referred to as TSA bins, are a vital component of passenger screening at airport checkpoints.&hellip;\" \/>\n<meta property=\"og:url\" content=\"https:\/\/www.plastic-crates.com\/pt\/produto\/bandeja-de-verificacao-de-seguranca-do-aeroporto\/\" \/>\n<meta property=\"og:site_name\" content=\"plastic-crates.com\" \/>\n<meta property=\"article:modified_time\" content=\"2025-09-18T20:53:07+00:00\" \/>\n<meta property=\"og:image\" content=\"https:\/\/www.plastic-crates.com\/wp-content\/uploads\/2025\/09\/airport-security-check-tray-1.jpg\" \/>\n\t<meta property=\"og:image:width\" content=\"2000\" \/>\n\t<meta property=\"og:image:height\" content=\"2000\" \/>\n\t<meta property=\"og:image:type\" content=\"image\/jpeg\" \/>\n<meta name=\"twitter:card\" content=\"summary_large_image\" \/>\n<meta name=\"twitter:label1\" content=\"Tempo estimado de leitura\" \/>\n\t<meta name=\"twitter:data1\" content=\"1 minuto\" \/>\n<script type=\"application\/ld+json\" class=\"yoast-schema-graph\">{\"@context\":\"https:\/\/schema.org\",\"@graph\":[{\"@type\":\"WebPage\",\"@id\":\"https:\/\/www.plastic-crates.com\/product\/airport-security-check-tray\/\",\"url\":\"https:\/\/www.plastic-crates.com\/product\/airport-security-check-tray\/\",\"name\":\"Airport security check tray - plastic-crates.com\",\"isPartOf\":{\"@id\":\"https:\/\/www.plastic-crates.com\/#website\"},\"primaryImageOfPage\":{\"@id\":\"https:\/\/www.plastic-crates.com\/product\/airport-security-check-tray\/#primaryimage\"},\"image\":{\"@id\":\"https:\/\/www.plastic-crates.com\/product\/airport-security-check-tray\/#primaryimage\"},\"thumbnailUrl\":\"https:\/\/www.plastic-crates.com\/wp-content\/uploads\/2025\/09\/airport-security-check-tray-1.jpg\",\"datePublished\":\"2025-09-18T20:36:59+00:00\",\"dateModified\":\"2025-09-18T20:53:07+00:00\",\"breadcrumb\":{\"@id\":\"https:\/\/www.plastic-crates.com\/product\/airport-security-check-tray\/#breadcrumb\"},\"inLanguage\":\"pt-PT\",\"potentialAction\":[{\"@type\":\"ReadAction\",\"target\":[\"https:\/\/www.plastic-crates.com\/product\/airport-security-check-tray\/\"]}]},{\"@type\":\"ImageObject\",\"inLanguage\":\"pt-PT\",\"@id\":\"https:\/\/www.plastic-crates.com\/product\/airport-security-check-tray\/#primaryimage\",\"url\":\"https:\/\/www.plastic-crates.com\/wp-content\/uploads\/2025\/09\/airport-security-check-tray-1.jpg\",\"contentUrl\":\"https:\/\/www.plastic-crates.com\/wp-content\/uploads\/2025\/09\/airport-security-check-tray-1.jpg\",\"width\":2000,\"height\":2000,\"caption\":\"airport security check tray\"},{\"@type\":\"BreadcrumbList\",\"@id\":\"https:\/\/www.plastic-crates.com\/product\/airport-security-check-tray\/#breadcrumb\",\"itemListElement\":[{\"@type\":\"ListItem\",\"position\":1,\"name\":\"Home\",\"item\":\"https:\/\/www.plastic-crates.com\/\"},{\"@type\":\"ListItem\",\"position\":2,\"name\":\"Products\",\"item\":\"https:\/\/www.plastic-crates.com\/shop\/\"},{\"@type\":\"ListItem\",\"position\":3,\"name\":\"Airport security check tray\"}]},{\"@type\":\"WebSite\",\"@id\":\"https:\/\/www.plastic-crates.com\/#website\",\"url\":\"https:\/\/www.plastic-crates.com\/\",\"name\":\"plastic-crates.com\",\"description\":\"Leading plastic crates manufacturer in China\",\"potentialAction\":[{\"@type\":\"SearchAction\",\"target\":{\"@type\":\"EntryPoint\",\"urlTemplate\":\"https:\/\/www.plastic-crates.com\/?s={search_term_string}\"},\"query-input\":{\"@type\":\"PropertyValueSpecification\",\"valueRequired\":true,\"valueName\":\"search_term_string\"}}],\"inLanguage\":\"pt-PT\"}]}<\/script>\n<!-- \/ Yoast SEO plugin. -->","yoast_head_json":{"title":"Bandeja de verifica\u00e7\u00e3o de seguran\u00e7a do aeroporto - plastic-crates.com","robots":{"index":"index","follow":"follow","max-snippet":"max-snippet:-1","max-image-preview":"max-image-preview:large","max-video-preview":"max-video-preview:-1"},"canonical":"https:\/\/www.plastic-crates.com\/pt\/produto\/bandeja-de-verificacao-de-seguranca-do-aeroporto\/","og_locale":"pt_PT","og_type":"article","og_title":"Airport security check tray - plastic-crates.com","og_description":"Airport security check trays, often referred to as TSA bins, are a vital component of passenger screening at airport checkpoints.&hellip;","og_url":"https:\/\/www.plastic-crates.com\/pt\/produto\/bandeja-de-verificacao-de-seguranca-do-aeroporto\/","og_site_name":"plastic-crates.com","article_modified_time":"2025-09-18T20:53:07+00:00","og_image":[{"width":2000,"height":2000,"url":"https:\/\/www.plastic-crates.com\/wp-content\/uploads\/2025\/09\/airport-security-check-tray-1.jpg","type":"image\/jpeg"}],"twitter_card":"summary_large_image","twitter_misc":{"Tempo estimado de leitura":"1 minuto"},"schema":{"@context":"https:\/\/schema.org","@graph":[{"@type":"WebPage","@id":"https:\/\/www.plastic-crates.com\/product\/airport-security-check-tray\/","url":"https:\/\/www.plastic-crates.com\/product\/airport-security-check-tray\/","name":"Bandeja de verifica\u00e7\u00e3o de seguran\u00e7a do aeroporto - plastic-crates.com","isPartOf":{"@id":"https:\/\/www.plastic-crates.com\/#website"},"primaryImageOfPage":{"@id":"https:\/\/www.plastic-crates.com\/product\/airport-security-check-tray\/#primaryimage"},"image":{"@id":"https:\/\/www.plastic-crates.com\/product\/airport-security-check-tray\/#primaryimage"},"thumbnailUrl":"https:\/\/www.plastic-crates.com\/wp-content\/uploads\/2025\/09\/airport-security-check-tray-1.jpg","datePublished":"2025-09-18T20:36:59+00:00","dateModified":"2025-09-18T20:53:07+00:00","breadcrumb":{"@id":"https:\/\/www.plastic-crates.com\/product\/airport-security-check-tray\/#breadcrumb"},"inLanguage":"pt-PT","potentialAction":[{"@type":"ReadAction","target":["https:\/\/www.plastic-crates.com\/product\/airport-security-check-tray\/"]}]},{"@type":"ImageObject","inLanguage":"pt-PT","@id":"https:\/\/www.plastic-crates.com\/product\/airport-security-check-tray\/#primaryimage","url":"https:\/\/www.plastic-crates.com\/wp-content\/uploads\/2025\/09\/airport-security-check-tray-1.jpg","contentUrl":"https:\/\/www.plastic-crates.com\/wp-content\/uploads\/2025\/09\/airport-security-check-tray-1.jpg","width":2000,"height":2000,"caption":"airport security check tray"},{"@type":"BreadcrumbList","@id":"https:\/\/www.plastic-crates.com\/product\/airport-security-check-tray\/#breadcrumb","itemListElement":[{"@type":"ListItem","position":1,"name":"Home","item":"https:\/\/www.plastic-crates.com\/"},{"@type":"ListItem","position":2,"name":"Products","item":"https:\/\/www.plastic-crates.com\/shop\/"},{"@type":"ListItem","position":3,"name":"Airport security check tray"}]},{"@type":"WebSite","@id":"https:\/\/www.plastic-crates.com\/#website","url":"https:\/\/www.plastic-crates.com\/","name":"plastic-crates.com","description":"Fabricante l\u00edder de caixas pl\u00e1sticas na China","potentialAction":[{"@type":"SearchAction","target":{"@type":"EntryPoint","urlTemplate":"https:\/\/www.plastic-crates.com\/?s={search_term_string}"},"query-input":{"@type":"PropertyValueSpecification","valueRequired":true,"valueName":"search_term_string"}}],"inLanguage":"pt-PT"}]}},"_links":{"self":[{"href":"https:\/\/www.plastic-crates.com\/pt\/wp-json\/wp\/v2\/product\/7752","targetHints":{"allow":["GET"]}}],"collection":[{"href":"https:\/\/www.plastic-crates.com\/pt\/wp-json\/wp\/v2\/product"}],"about":[{"href":"https:\/\/www.plastic-crates.com\/pt\/wp-json\/wp\/v2\/types\/product"}],"wp:featuredmedia":[{"embeddable":true,"href":"https:\/\/www.plastic-crates.com\/pt\/wp-json\/wp\/v2\/media\/7747"}],"wp:attachment":[{"href":"https:\/\/www.plastic-crates.com\/pt\/wp-json\/wp\/v2\/media?parent=7752"}],"wp:term":[{"taxonomy":"product_brand","embeddable":true,"href":"https:\/\/www.plastic-crates.com\/pt\/wp-json\/wp\/v2\/product_brand?post=7752"},{"taxonomy":"product_cat","embeddable":true,"href":"https:\/\/www.plastic-crates.com\/pt\/wp-json\/wp\/v2\/product_cat?post=7752"},{"taxonomy":"product_tag","embeddable":true,"href":"https:\/\/www.plastic-crates.com\/pt\/wp-json\/wp\/v2\/product_tag?post=7752"}],"curies":[{"name":"wp","href":"https:\/\/api.w.org\/{rel}","templated":true}]}}