{"id":7765,"date":"2025-09-18T20:45:53","date_gmt":"2025-09-18T20:45:53","guid":{"rendered":"https:\/\/www.plastic-crates.com\/product\/security-tray-airport\/"},"modified":"2025-09-18T20:55:48","modified_gmt":"2025-09-18T20:55:48","slug":"bandeja-de-seguranca-do-aeroporto","status":"publish","type":"product","link":"https:\/\/www.plastic-crates.com\/pt\/produto\/bandeja-de-seguranca-do-aeroporto\/","title":{"rendered":"Bandeja de seguran\u00e7a do aeroporto"},"content":{"rendered":"<p>Nossas bandejas de seguran\u00e7a para aeroportos s\u00e3o projetadas para uma triagem eficiente e confi\u00e1vel de passageiros. Feitas de pl\u00e1stico dur\u00e1vel e resistente a impactos, essas bandejas seguram com seguran\u00e7a laptops, sapatos, cintos e itens pessoais durante a inspe\u00e7\u00e3o por raio-X. Suas superf\u00edcies lisas e n\u00e3o porosas tornam a limpeza e a higieniza\u00e7\u00e3o r\u00e1pidas e eficazes, atendendo aos padr\u00f5es de higiene em ambientes aeroportu\u00e1rios movimentados.<\/p>\n<p>Compat\u00edveis tanto com pistas manuais quanto com sistemas de triagem automatizados, essas bandejas padronizadas garantem desempenho consistente em todos os pontos de controle. Dispon\u00edveis para pedidos em grandes quantidades e fornecimento por atacado, s\u00e3o a solu\u00e7\u00e3o ideal para aeroportos, instala\u00e7\u00f5es governamentais e empresas de seguran\u00e7a que buscam durabilidade, conformidade e efici\u00eancia de custos.<\/p>\n<p><strong>Design espa\u00e7oso<\/strong>: Medindo 680 mm x 520 mm x 110 mm, esta bandeja oferece amplo espa\u00e7o para seus pertences, incluindo laptops, bolsas e itens pessoais.<br \/>\n<strong>Compartimentos Funcionais<\/strong>:A bandeja inclui se\u00e7\u00f5es designadas para manter seus itens organizados, permitindo um processo de triagem de seguran\u00e7a r\u00e1pido e cont\u00ednuo.<br \/>\n<strong>Amigo do usu\u00e1rio<\/strong>: Seu design leve facilita a passagem pelas filas de seguran\u00e7a, garantindo que voc\u00ea tenha uma experi\u00eancia de viagem sem estresse.<br \/>\n<strong>Marcas vis\u00edveis<\/strong>: Instru\u00e7\u00f5es claras e \u00edcones impressos na superf\u00edcie orientam os usu\u00e1rios sobre como colocar seus itens, aumentando a efici\u00eancia nos pontos de verifica\u00e7\u00e3o de seguran\u00e7a.<br \/>\n<strong>Superf\u00edcie f\u00e1cil de limpar<\/strong>: O material liso permite uma limpeza r\u00e1pida, promovendo a higiene e garantindo que sua bandeja esteja sempre pronta para uso.<br \/>\nPor que escolher nossa bandeja de seguran\u00e7a?<br \/>\nMaximize seu tempo no aeroporto e elimine o inc\u00f4modo de se atrapalhar com seus pertences. Com a nossa Bandeja de Seguran\u00e7a, voc\u00ea pode se concentrar no que realmente importa: sua viagem. Torne suas viagens mais f\u00e1ceis e eficientes com este item essencial para sua bagagem de viagem!<\/p>","protected":false},"excerpt":{"rendered":"<p>Nossas bandejas de seguran\u00e7a para aeroportos s\u00e3o projetadas para uma triagem eficiente e confi\u00e1vel de passageiros. Feitas de pl\u00e1stico dur\u00e1vel e resistente a impactos, essas bandejas seguram com seguran\u00e7a\u2026<\/p>","protected":false},"featured_media":7759,"template":"","meta":{"_acf_changed":false},"product_brand":[],"product_cat":[144],"product_tag":[154],"class_list":{"0":"post-7765","1":"product","2":"type-product","3":"status-publish","4":"has-post-thumbnail","6":"product_cat-plastic-trays-wholesale","7":"product_tag-tsa-bins","9":"first","10":"instock","11":"shipping-taxable","12":"product-type-simple"},"acf":[],"yoast_head":"<!-- This site is optimized with the Yoast SEO plugin v26.1.1 - https:\/\/yoast.com\/wordpress\/plugins\/seo\/ -->\n<title>Security tray airport - plastic-crates.com<\/title>\n<meta name=\"robots\" content=\"index, follow, max-snippet:-1, max-image-preview:large, max-video-preview:-1\" \/>\n<link rel=\"canonical\" href=\"https:\/\/www.plastic-crates.com\/pt\/produto\/bandeja-de-seguranca-do-aeroporto\/\" \/>\n<meta property=\"og:locale\" content=\"pt_PT\" \/>\n<meta property=\"og:type\" content=\"article\" \/>\n<meta property=\"og:title\" content=\"Security tray airport - plastic-crates.com\" \/>\n<meta property=\"og:description\" content=\"Our airport security trays are designed for efficient and reliable passenger screening. Made from durable, impact-resistant plastic, these trays securely&hellip;\" \/>\n<meta property=\"og:url\" content=\"https:\/\/www.plastic-crates.com\/pt\/produto\/bandeja-de-seguranca-do-aeroporto\/\" \/>\n<meta property=\"og:site_name\" content=\"plastic-crates.com\" \/>\n<meta property=\"article:modified_time\" content=\"2025-09-18T20:55:48+00:00\" \/>\n<meta property=\"og:image\" content=\"https:\/\/www.plastic-crates.com\/wp-content\/uploads\/2025\/09\/security-tray-airport-1.jpg\" \/>\n\t<meta property=\"og:image:width\" content=\"2000\" \/>\n\t<meta property=\"og:image:height\" content=\"2000\" \/>\n\t<meta property=\"og:image:type\" content=\"image\/jpeg\" \/>\n<meta name=\"twitter:card\" content=\"summary_large_image\" \/>\n<meta name=\"twitter:label1\" content=\"Tempo estimado de leitura\" \/>\n\t<meta name=\"twitter:data1\" content=\"2 minutos\" \/>\n<script type=\"application\/ld+json\" class=\"yoast-schema-graph\">{\"@context\":\"https:\/\/schema.org\",\"@graph\":[{\"@type\":\"WebPage\",\"@id\":\"https:\/\/www.plastic-crates.com\/product\/security-tray-airport\/\",\"url\":\"https:\/\/www.plastic-crates.com\/product\/security-tray-airport\/\",\"name\":\"Security tray airport - plastic-crates.com\",\"isPartOf\":{\"@id\":\"https:\/\/www.plastic-crates.com\/#website\"},\"primaryImageOfPage\":{\"@id\":\"https:\/\/www.plastic-crates.com\/product\/security-tray-airport\/#primaryimage\"},\"image\":{\"@id\":\"https:\/\/www.plastic-crates.com\/product\/security-tray-airport\/#primaryimage\"},\"thumbnailUrl\":\"https:\/\/www.plastic-crates.com\/wp-content\/uploads\/2025\/09\/security-tray-airport-1.jpg\",\"datePublished\":\"2025-09-18T20:45:53+00:00\",\"dateModified\":\"2025-09-18T20:55:48+00:00\",\"breadcrumb\":{\"@id\":\"https:\/\/www.plastic-crates.com\/product\/security-tray-airport\/#breadcrumb\"},\"inLanguage\":\"pt-PT\",\"potentialAction\":[{\"@type\":\"ReadAction\",\"target\":[\"https:\/\/www.plastic-crates.com\/product\/security-tray-airport\/\"]}]},{\"@type\":\"ImageObject\",\"inLanguage\":\"pt-PT\",\"@id\":\"https:\/\/www.plastic-crates.com\/product\/security-tray-airport\/#primaryimage\",\"url\":\"https:\/\/www.plastic-crates.com\/wp-content\/uploads\/2025\/09\/security-tray-airport-1.jpg\",\"contentUrl\":\"https:\/\/www.plastic-crates.com\/wp-content\/uploads\/2025\/09\/security-tray-airport-1.jpg\",\"width\":2000,\"height\":2000,\"caption\":\"security tray airport\"},{\"@type\":\"BreadcrumbList\",\"@id\":\"https:\/\/www.plastic-crates.com\/product\/security-tray-airport\/#breadcrumb\",\"itemListElement\":[{\"@type\":\"ListItem\",\"position\":1,\"name\":\"Home\",\"item\":\"https:\/\/www.plastic-crates.com\/\"},{\"@type\":\"ListItem\",\"position\":2,\"name\":\"Products\",\"item\":\"https:\/\/www.plastic-crates.com\/shop\/\"},{\"@type\":\"ListItem\",\"position\":3,\"name\":\"Security tray airport\"}]},{\"@type\":\"WebSite\",\"@id\":\"https:\/\/www.plastic-crates.com\/#website\",\"url\":\"https:\/\/www.plastic-crates.com\/\",\"name\":\"plastic-crates.com\",\"description\":\"Leading plastic crates manufacturer in China\",\"potentialAction\":[{\"@type\":\"SearchAction\",\"target\":{\"@type\":\"EntryPoint\",\"urlTemplate\":\"https:\/\/www.plastic-crates.com\/?s={search_term_string}\"},\"query-input\":{\"@type\":\"PropertyValueSpecification\",\"valueRequired\":true,\"valueName\":\"search_term_string\"}}],\"inLanguage\":\"pt-PT\"}]}<\/script>\n<!-- \/ Yoast SEO plugin. -->","yoast_head_json":{"title":"Bandeja de seguran\u00e7a para aeroporto - plastic-crates.com","robots":{"index":"index","follow":"follow","max-snippet":"max-snippet:-1","max-image-preview":"max-image-preview:large","max-video-preview":"max-video-preview:-1"},"canonical":"https:\/\/www.plastic-crates.com\/pt\/produto\/bandeja-de-seguranca-do-aeroporto\/","og_locale":"pt_PT","og_type":"article","og_title":"Security tray airport - plastic-crates.com","og_description":"Our airport security trays are designed for efficient and reliable passenger screening. Made from durable, impact-resistant plastic, these trays securely&hellip;","og_url":"https:\/\/www.plastic-crates.com\/pt\/produto\/bandeja-de-seguranca-do-aeroporto\/","og_site_name":"plastic-crates.com","article_modified_time":"2025-09-18T20:55:48+00:00","og_image":[{"width":2000,"height":2000,"url":"https:\/\/www.plastic-crates.com\/wp-content\/uploads\/2025\/09\/security-tray-airport-1.jpg","type":"image\/jpeg"}],"twitter_card":"summary_large_image","twitter_misc":{"Tempo estimado de leitura":"2 minutos"},"schema":{"@context":"https:\/\/schema.org","@graph":[{"@type":"WebPage","@id":"https:\/\/www.plastic-crates.com\/product\/security-tray-airport\/","url":"https:\/\/www.plastic-crates.com\/product\/security-tray-airport\/","name":"Bandeja de seguran\u00e7a para aeroporto - plastic-crates.com","isPartOf":{"@id":"https:\/\/www.plastic-crates.com\/#website"},"primaryImageOfPage":{"@id":"https:\/\/www.plastic-crates.com\/product\/security-tray-airport\/#primaryimage"},"image":{"@id":"https:\/\/www.plastic-crates.com\/product\/security-tray-airport\/#primaryimage"},"thumbnailUrl":"https:\/\/www.plastic-crates.com\/wp-content\/uploads\/2025\/09\/security-tray-airport-1.jpg","datePublished":"2025-09-18T20:45:53+00:00","dateModified":"2025-09-18T20:55:48+00:00","breadcrumb":{"@id":"https:\/\/www.plastic-crates.com\/product\/security-tray-airport\/#breadcrumb"},"inLanguage":"pt-PT","potentialAction":[{"@type":"ReadAction","target":["https:\/\/www.plastic-crates.com\/product\/security-tray-airport\/"]}]},{"@type":"ImageObject","inLanguage":"pt-PT","@id":"https:\/\/www.plastic-crates.com\/product\/security-tray-airport\/#primaryimage","url":"https:\/\/www.plastic-crates.com\/wp-content\/uploads\/2025\/09\/security-tray-airport-1.jpg","contentUrl":"https:\/\/www.plastic-crates.com\/wp-content\/uploads\/2025\/09\/security-tray-airport-1.jpg","width":2000,"height":2000,"caption":"security tray airport"},{"@type":"BreadcrumbList","@id":"https:\/\/www.plastic-crates.com\/product\/security-tray-airport\/#breadcrumb","itemListElement":[{"@type":"ListItem","position":1,"name":"Home","item":"https:\/\/www.plastic-crates.com\/"},{"@type":"ListItem","position":2,"name":"Products","item":"https:\/\/www.plastic-crates.com\/shop\/"},{"@type":"ListItem","position":3,"name":"Security tray airport"}]},{"@type":"WebSite","@id":"https:\/\/www.plastic-crates.com\/#website","url":"https:\/\/www.plastic-crates.com\/","name":"plastic-crates.com","description":"Fabricante l\u00edder de caixas pl\u00e1sticas na China","potentialAction":[{"@type":"SearchAction","target":{"@type":"EntryPoint","urlTemplate":"https:\/\/www.plastic-crates.com\/?s={search_term_string}"},"query-input":{"@type":"PropertyValueSpecification","valueRequired":true,"valueName":"search_term_string"}}],"inLanguage":"pt-PT"}]}},"_links":{"self":[{"href":"https:\/\/www.plastic-crates.com\/pt\/wp-json\/wp\/v2\/product\/7765","targetHints":{"allow":["GET"]}}],"collection":[{"href":"https:\/\/www.plastic-crates.com\/pt\/wp-json\/wp\/v2\/product"}],"about":[{"href":"https:\/\/www.plastic-crates.com\/pt\/wp-json\/wp\/v2\/types\/product"}],"wp:featuredmedia":[{"embeddable":true,"href":"https:\/\/www.plastic-crates.com\/pt\/wp-json\/wp\/v2\/media\/7759"}],"wp:attachment":[{"href":"https:\/\/www.plastic-crates.com\/pt\/wp-json\/wp\/v2\/media?parent=7765"}],"wp:term":[{"taxonomy":"product_brand","embeddable":true,"href":"https:\/\/www.plastic-crates.com\/pt\/wp-json\/wp\/v2\/product_brand?post=7765"},{"taxonomy":"product_cat","embeddable":true,"href":"https:\/\/www.plastic-crates.com\/pt\/wp-json\/wp\/v2\/product_cat?post=7765"},{"taxonomy":"product_tag","embeddable":true,"href":"https:\/\/www.plastic-crates.com\/pt\/wp-json\/wp\/v2\/product_tag?post=7765"}],"curies":[{"name":"wp","href":"https:\/\/api.w.org\/{rel}","templated":true}]}}