{"id":7772,"date":"2025-09-18T20:50:24","date_gmt":"2025-09-18T20:50:24","guid":{"rendered":"https:\/\/www.plastic-crates.com\/product\/esd-airport-security-trays\/"},"modified":"2025-09-18T20:52:34","modified_gmt":"2025-09-18T20:52:34","slug":"bandejas-de-seguranca-de-aeroporto-esd","status":"publish","type":"product","link":"https:\/\/www.plastic-crates.com\/pt\/produto\/bandejas-de-seguranca-de-aeroporto-esd\/","title":{"rendered":"Bandejas de seguran\u00e7a ESD para aeroportos"},"content":{"rendered":"<p>Melhore sua experi\u00eancia de seguran\u00e7a no aeroporto com nossas bandejas de seguran\u00e7a ESD premium, meticulosamente projetadas para efici\u00eancia e seguran\u00e7a em ambientes de alto tr\u00e1fego. Medindo 840 mm x 550 mm x 250 mm, essas bandejas espa\u00e7osas oferecem amplo espa\u00e7o para os passageiros colocarem seus pertences durante o processo de inspe\u00e7\u00e3o de seguran\u00e7a.<\/p>\n<p>Principais caracter\u00edsticas:<\/p>\n<p>Prote\u00e7\u00e3o contra descarga eletrost\u00e1tica (ESD): Feitas de materiais de alta qualidade e \u00e0 prova de ESD, essas bandejas minimizam o risco de danos causados por eletricidade est\u00e1tica em itens eletr\u00f4nicos sens\u00edveis, como laptops, tablets e c\u00e2meras.<\/p>\n<p>Constru\u00e7\u00e3o dur\u00e1vel: Projetadas para suportar os rigores do uso di\u00e1rio, nossas bandejas s\u00e3o robustas e resistentes ao desgaste, garantindo longevidade e confiabilidade em aeroportos movimentados.<\/p>\n<p>Design ergon\u00f4mico: o design leve e as al\u00e7as confort\u00e1veis facilitam o transporte e o posicionamento das bandejas pelos passageiros, aumentando a efici\u00eancia geral nos pontos de verifica\u00e7\u00e3o de seguran\u00e7a.<\/p>\n<p>Empilh\u00e1veis para f\u00e1cil armazenamento: Projetadas para serem empilh\u00e1veis, essas bandejas economizam espa\u00e7o quando n\u00e3o est\u00e3o em uso, facilitando o gerenciamento e o armazenamento eficiente.<\/p>\n<p>Superf\u00edcie lisa para f\u00e1cil limpeza: a superf\u00edcie n\u00e3o porosa \u00e9 simples de limpar e higienizar, garantindo uma solu\u00e7\u00e3o higi\u00eanica para viajantes e pessoal de seguran\u00e7a.<\/p>\n<p>Aprimore as opera\u00e7\u00f5es de seguran\u00e7a do seu aeroporto com nossas Bandejas de Seguran\u00e7a Aeroportu\u00e1ria ESD. Garanta a prote\u00e7\u00e3o de seus eletr\u00f4nicos valiosos e agilize o processo de triagem para uma experi\u00eancia de viagem tranquila!<\/p>","protected":false},"excerpt":{"rendered":"<p>Melhore sua experi\u00eancia de seguran\u00e7a no aeroporto com nossas bandejas de seguran\u00e7a ESD premium para aeroportos, meticulosamente projetadas para efici\u00eancia e seguran\u00e7a em locais de alto tr\u00e1fego\u2026<\/p>","protected":false},"featured_media":7766,"template":"","meta":{"_acf_changed":false},"product_brand":[],"product_cat":[144],"product_tag":[154],"class_list":{"0":"post-7772","1":"product","2":"type-product","3":"status-publish","4":"has-post-thumbnail","6":"product_cat-plastic-trays-wholesale","7":"product_tag-tsa-bins","9":"first","10":"instock","11":"shipping-taxable","12":"product-type-simple"},"acf":[],"yoast_head":"<!-- This site is optimized with the Yoast SEO plugin v26.1.1 - https:\/\/yoast.com\/wordpress\/plugins\/seo\/ -->\n<title>ESD airport security trays - plastic-crates.com<\/title>\n<meta name=\"robots\" content=\"index, follow, max-snippet:-1, max-image-preview:large, max-video-preview:-1\" \/>\n<link rel=\"canonical\" href=\"https:\/\/www.plastic-crates.com\/pt\/produto\/bandejas-de-seguranca-de-aeroporto-esd\/\" \/>\n<meta property=\"og:locale\" content=\"pt_PT\" \/>\n<meta property=\"og:type\" content=\"article\" \/>\n<meta property=\"og:title\" content=\"ESD airport security trays - plastic-crates.com\" \/>\n<meta property=\"og:description\" content=\"Enhance your airport security experience with our premium ESD Airport Security Trays, meticulously designed for efficiency and safety in high-traffic&hellip;\" \/>\n<meta property=\"og:url\" content=\"https:\/\/www.plastic-crates.com\/pt\/produto\/bandejas-de-seguranca-de-aeroporto-esd\/\" \/>\n<meta property=\"og:site_name\" content=\"plastic-crates.com\" \/>\n<meta property=\"article:modified_time\" content=\"2025-09-18T20:52:34+00:00\" \/>\n<meta property=\"og:image\" content=\"https:\/\/www.plastic-crates.com\/wp-content\/uploads\/2025\/09\/esd-airport-security-trays-1.jpg\" \/>\n\t<meta property=\"og:image:width\" content=\"2000\" \/>\n\t<meta property=\"og:image:height\" content=\"2000\" \/>\n\t<meta property=\"og:image:type\" content=\"image\/jpeg\" \/>\n<meta name=\"twitter:card\" content=\"summary_large_image\" \/>\n<meta name=\"twitter:label1\" content=\"Tempo estimado de leitura\" \/>\n\t<meta name=\"twitter:data1\" content=\"1 minuto\" \/>\n<script type=\"application\/ld+json\" class=\"yoast-schema-graph\">{\"@context\":\"https:\/\/schema.org\",\"@graph\":[{\"@type\":\"WebPage\",\"@id\":\"https:\/\/www.plastic-crates.com\/product\/esd-airport-security-trays\/\",\"url\":\"https:\/\/www.plastic-crates.com\/product\/esd-airport-security-trays\/\",\"name\":\"ESD airport security trays - plastic-crates.com\",\"isPartOf\":{\"@id\":\"https:\/\/www.plastic-crates.com\/#website\"},\"primaryImageOfPage\":{\"@id\":\"https:\/\/www.plastic-crates.com\/product\/esd-airport-security-trays\/#primaryimage\"},\"image\":{\"@id\":\"https:\/\/www.plastic-crates.com\/product\/esd-airport-security-trays\/#primaryimage\"},\"thumbnailUrl\":\"https:\/\/www.plastic-crates.com\/wp-content\/uploads\/2025\/09\/esd-airport-security-trays-1.jpg\",\"datePublished\":\"2025-09-18T20:50:24+00:00\",\"dateModified\":\"2025-09-18T20:52:34+00:00\",\"breadcrumb\":{\"@id\":\"https:\/\/www.plastic-crates.com\/product\/esd-airport-security-trays\/#breadcrumb\"},\"inLanguage\":\"pt-PT\",\"potentialAction\":[{\"@type\":\"ReadAction\",\"target\":[\"https:\/\/www.plastic-crates.com\/product\/esd-airport-security-trays\/\"]}]},{\"@type\":\"ImageObject\",\"inLanguage\":\"pt-PT\",\"@id\":\"https:\/\/www.plastic-crates.com\/product\/esd-airport-security-trays\/#primaryimage\",\"url\":\"https:\/\/www.plastic-crates.com\/wp-content\/uploads\/2025\/09\/esd-airport-security-trays-1.jpg\",\"contentUrl\":\"https:\/\/www.plastic-crates.com\/wp-content\/uploads\/2025\/09\/esd-airport-security-trays-1.jpg\",\"width\":2000,\"height\":2000,\"caption\":\"ESD airport security trays\"},{\"@type\":\"BreadcrumbList\",\"@id\":\"https:\/\/www.plastic-crates.com\/product\/esd-airport-security-trays\/#breadcrumb\",\"itemListElement\":[{\"@type\":\"ListItem\",\"position\":1,\"name\":\"Home\",\"item\":\"https:\/\/www.plastic-crates.com\/\"},{\"@type\":\"ListItem\",\"position\":2,\"name\":\"Products\",\"item\":\"https:\/\/www.plastic-crates.com\/shop\/\"},{\"@type\":\"ListItem\",\"position\":3,\"name\":\"ESD airport security trays\"}]},{\"@type\":\"WebSite\",\"@id\":\"https:\/\/www.plastic-crates.com\/#website\",\"url\":\"https:\/\/www.plastic-crates.com\/\",\"name\":\"plastic-crates.com\",\"description\":\"Leading plastic crates manufacturer in China\",\"potentialAction\":[{\"@type\":\"SearchAction\",\"target\":{\"@type\":\"EntryPoint\",\"urlTemplate\":\"https:\/\/www.plastic-crates.com\/?s={search_term_string}\"},\"query-input\":{\"@type\":\"PropertyValueSpecification\",\"valueRequired\":true,\"valueName\":\"search_term_string\"}}],\"inLanguage\":\"pt-PT\"}]}<\/script>\n<!-- \/ Yoast SEO plugin. -->","yoast_head_json":{"title":"Bandejas de seguran\u00e7a ESD para aeroportos - plastic-crates.com","robots":{"index":"index","follow":"follow","max-snippet":"max-snippet:-1","max-image-preview":"max-image-preview:large","max-video-preview":"max-video-preview:-1"},"canonical":"https:\/\/www.plastic-crates.com\/pt\/produto\/bandejas-de-seguranca-de-aeroporto-esd\/","og_locale":"pt_PT","og_type":"article","og_title":"ESD airport security trays - plastic-crates.com","og_description":"Enhance your airport security experience with our premium ESD Airport Security Trays, meticulously designed for efficiency and safety in high-traffic&hellip;","og_url":"https:\/\/www.plastic-crates.com\/pt\/produto\/bandejas-de-seguranca-de-aeroporto-esd\/","og_site_name":"plastic-crates.com","article_modified_time":"2025-09-18T20:52:34+00:00","og_image":[{"width":2000,"height":2000,"url":"https:\/\/www.plastic-crates.com\/wp-content\/uploads\/2025\/09\/esd-airport-security-trays-1.jpg","type":"image\/jpeg"}],"twitter_card":"summary_large_image","twitter_misc":{"Tempo estimado de leitura":"1 minuto"},"schema":{"@context":"https:\/\/schema.org","@graph":[{"@type":"WebPage","@id":"https:\/\/www.plastic-crates.com\/product\/esd-airport-security-trays\/","url":"https:\/\/www.plastic-crates.com\/product\/esd-airport-security-trays\/","name":"Bandejas de seguran\u00e7a ESD para aeroportos - plastic-crates.com","isPartOf":{"@id":"https:\/\/www.plastic-crates.com\/#website"},"primaryImageOfPage":{"@id":"https:\/\/www.plastic-crates.com\/product\/esd-airport-security-trays\/#primaryimage"},"image":{"@id":"https:\/\/www.plastic-crates.com\/product\/esd-airport-security-trays\/#primaryimage"},"thumbnailUrl":"https:\/\/www.plastic-crates.com\/wp-content\/uploads\/2025\/09\/esd-airport-security-trays-1.jpg","datePublished":"2025-09-18T20:50:24+00:00","dateModified":"2025-09-18T20:52:34+00:00","breadcrumb":{"@id":"https:\/\/www.plastic-crates.com\/product\/esd-airport-security-trays\/#breadcrumb"},"inLanguage":"pt-PT","potentialAction":[{"@type":"ReadAction","target":["https:\/\/www.plastic-crates.com\/product\/esd-airport-security-trays\/"]}]},{"@type":"ImageObject","inLanguage":"pt-PT","@id":"https:\/\/www.plastic-crates.com\/product\/esd-airport-security-trays\/#primaryimage","url":"https:\/\/www.plastic-crates.com\/wp-content\/uploads\/2025\/09\/esd-airport-security-trays-1.jpg","contentUrl":"https:\/\/www.plastic-crates.com\/wp-content\/uploads\/2025\/09\/esd-airport-security-trays-1.jpg","width":2000,"height":2000,"caption":"ESD airport security trays"},{"@type":"BreadcrumbList","@id":"https:\/\/www.plastic-crates.com\/product\/esd-airport-security-trays\/#breadcrumb","itemListElement":[{"@type":"ListItem","position":1,"name":"Home","item":"https:\/\/www.plastic-crates.com\/"},{"@type":"ListItem","position":2,"name":"Products","item":"https:\/\/www.plastic-crates.com\/shop\/"},{"@type":"ListItem","position":3,"name":"ESD airport security trays"}]},{"@type":"WebSite","@id":"https:\/\/www.plastic-crates.com\/#website","url":"https:\/\/www.plastic-crates.com\/","name":"plastic-crates.com","description":"Fabricante l\u00edder de caixas pl\u00e1sticas na China","potentialAction":[{"@type":"SearchAction","target":{"@type":"EntryPoint","urlTemplate":"https:\/\/www.plastic-crates.com\/?s={search_term_string}"},"query-input":{"@type":"PropertyValueSpecification","valueRequired":true,"valueName":"search_term_string"}}],"inLanguage":"pt-PT"}]}},"_links":{"self":[{"href":"https:\/\/www.plastic-crates.com\/pt\/wp-json\/wp\/v2\/product\/7772","targetHints":{"allow":["GET"]}}],"collection":[{"href":"https:\/\/www.plastic-crates.com\/pt\/wp-json\/wp\/v2\/product"}],"about":[{"href":"https:\/\/www.plastic-crates.com\/pt\/wp-json\/wp\/v2\/types\/product"}],"wp:featuredmedia":[{"embeddable":true,"href":"https:\/\/www.plastic-crates.com\/pt\/wp-json\/wp\/v2\/media\/7766"}],"wp:attachment":[{"href":"https:\/\/www.plastic-crates.com\/pt\/wp-json\/wp\/v2\/media?parent=7772"}],"wp:term":[{"taxonomy":"product_brand","embeddable":true,"href":"https:\/\/www.plastic-crates.com\/pt\/wp-json\/wp\/v2\/product_brand?post=7772"},{"taxonomy":"product_cat","embeddable":true,"href":"https:\/\/www.plastic-crates.com\/pt\/wp-json\/wp\/v2\/product_cat?post=7772"},{"taxonomy":"product_tag","embeddable":true,"href":"https:\/\/www.plastic-crates.com\/pt\/wp-json\/wp\/v2\/product_tag?post=7772"}],"curies":[{"name":"wp","href":"https:\/\/api.w.org\/{rel}","templated":true}]}}