{"id":419,"date":"2018-04-27T04:50:03","date_gmt":"2018-04-27T04:50:03","guid":{"rendered":"https:\/\/www.plastic-crates.com\/?page_id=419"},"modified":"2025-08-25T23:01:03","modified_gmt":"2025-08-25T23:01:03","slug":"bize-ulasin","status":"publish","type":"page","link":"https:\/\/www.plastic-crates.com\/tr\/bize-ulasin\/","title":{"rendered":"Bize Ula\u015f\u0131n"},"content":{"rendered":"<div class=\"mb-20p\">\n  <p>\n    Shanghai Qusheng Plastics Co., Ltd, \u00c7in&#039;in \u015eanghay kentinde kendi fabrikas\u0131 bulunan tan\u0131nm\u0131\u015f bir plastik enjeksiyon \u015firketidir. Her t\u00fcrl\u00fc plastik enjeksiyonda uzmanla\u015fm\u0131\u015f bir ihracat \u00fcretim \u015firketiyiz.\n    <strong>Plastik Kutular<\/strong>\n    ,\n    <strong>Arabalar<\/strong>\n    ,\n    <strong>Paletler<\/strong>\n    ,\n    <strong>Plastik Par\u00e7alar<\/strong>\n    ,\n    <strong>Plastik Par\u00e7a Kutular\u0131<\/strong>\n    ,\n    <strong>\u0130stiflenebilir Konteynerler<\/strong>\n    . ve ayr\u0131ca ihtiya\u00e7lar\u0131n\u0131za g\u00f6re \u00f6zelle\u015ftirebilirsiniz.\n  <\/p>\n  <p>Uzun y\u0131llard\u0131r plastik \u00fcr\u00fcnleriyle ilgileniyoruz. \u0130yi kalite, uygun maliyetler ve zaman\u0131nda hizmet anlay\u0131\u015f\u0131m\u0131z m\u00fc\u015fterilerimiz aras\u0131nda b\u00fcy\u00fck bir itibar kazanm\u0131\u015ft\u0131r. Joinplastic Group olarak, 2005 y\u0131l\u0131ndan bu yana ta\u015f\u0131mac\u0131l\u0131k, depolama, antrepo ve end\u00fcstriyel vb. alanlarda 48 \u00fclkede (ve ABD&#039;de) 350&#039;den fazla m\u00fc\u015fterimiz bulunmaktad\u0131r.<\/p>\n  <p>D\u00fcnyan\u0131n d\u00f6rt bir yan\u0131ndaki m\u00fc\u015fterilerimizle uzun vadeli ortakl\u0131klar kurmaya kararl\u0131y\u0131z. Daha da ba\u015far\u0131l\u0131 bir gelecek yaratmak i\u00e7in t\u00fcm potansiyel yerli ve yabanc\u0131 meslekta\u015flar\u0131m\u0131z ve dostlar\u0131m\u0131zla i\u015f birli\u011fi yapmay\u0131 d\u00f6rt g\u00f6zle bekliyoruz.<\/p>\n<\/div>\n\n\n\n<figure class=\"wp-block-image\"><img loading=\"lazy\" decoding=\"async\" width=\"1024\" height=\"263\" src=\"https:\/\/www.plastic-crates.com\/wp-content\/uploads\/2019\/01\/moving-crates-factory-inside-1024x263.jpg\" alt=\"plastik ta\u015f\u0131nma kutular\u0131 fabrikas\u0131\" class=\"wp-image-1816\" srcset=\"https:\/\/www.plastic-crates.com\/wp-content\/uploads\/2019\/01\/moving-crates-factory-inside-1024x263.jpg 1024w, https:\/\/www.plastic-crates.com\/wp-content\/uploads\/2019\/01\/moving-crates-factory-inside-600x154.jpg 600w, https:\/\/www.plastic-crates.com\/wp-content\/uploads\/2019\/01\/moving-crates-factory-inside-300x77.jpg 300w, https:\/\/www.plastic-crates.com\/wp-content\/uploads\/2019\/01\/moving-crates-factory-inside-768x197.jpg 768w, https:\/\/www.plastic-crates.com\/wp-content\/uploads\/2019\/01\/moving-crates-factory-inside.jpg 1200w\" sizes=\"auto, (max-width: 1024px) 100vw, 1024px\" \/><figcaption class=\"wp-element-caption\">Fabrikam\u0131z\u0131n \u0130\u00e7inde<\/figcaption><\/figure>\n\n\n\nA\u015eA\u011eIDAK\u0130 \u0130LET\u0130\u015e\u0130M FORMUNU KULLANARAK B\u0130ZE ULA\u015eAB\u0130L\u0130RS\u0130N\u0130Z.\n\n\n\n<div class=\"row\">\n  <div class=\"col-sm-6\">\n<div class=\"wpcf7 no-js\" id=\"wpcf7-f244-o1\" lang=\"en-US\" dir=\"ltr\" data-wpcf7-id=\"244\">\n<div class=\"screen-reader-response\"><p role=\"status\" aria-live=\"polite\" aria-atomic=\"true\"><\/p> <ul><\/ul><\/div>\n<form action=\"\/tr\/wp-json\/wp\/v2\/pages\/419#wpcf7-f244-o1\" method=\"post\" class=\"wpcf7-form init\" aria-label=\"Contact form\" novalidate=\"novalidate\" data-status=\"init\" data-trp-original-action=\"\/tr\/wp-json\/wp\/v2\/pages\/419#wpcf7-f244-o1\">\n<fieldset class=\"hidden-fields-container\"><input type=\"hidden\" name=\"_wpcf7\" value=\"244\" \/><input type=\"hidden\" name=\"_wpcf7_version\" value=\"6.1.2\" \/><input type=\"hidden\" name=\"_wpcf7_locale\" value=\"en_US\" \/><input type=\"hidden\" name=\"_wpcf7_unit_tag\" value=\"wpcf7-f244-o1\" \/><input type=\"hidden\" name=\"_wpcf7_container_post\" value=\"0\" \/><input type=\"hidden\" name=\"_wpcf7_posted_data_hash\" value=\"\" \/>\n<\/fieldset>\n<p><label> \u00dcr\u00fcn Modeli<br \/>\n<span class=\"wpcf7-form-control-wrap\" data-name=\"ProductModel\"><input size=\"40\" maxlength=\"400\" class=\"wpcf7-form-control wpcf7-text contact-input\" id=\"ProductModel\" aria-invalid=\"false\" value=\"\" type=\"text\" name=\"ProductModel\" \/><\/span> <\/label>\n<\/p>\n<p><label> Miktar<br \/>\n<span class=\"wpcf7-form-control-wrap\" data-name=\"Quantity\"><input size=\"40\" maxlength=\"400\" class=\"wpcf7-form-control wpcf7-text contact-input\" aria-invalid=\"false\" value=\"\" type=\"text\" name=\"Quantity\" \/><\/span> <\/label>\n<\/p>\n<p><label> Ad\u0131n\u0131z (gerekli)<br \/>\n<span class=\"wpcf7-form-control-wrap\" data-name=\"your-name\"><input size=\"40\" maxlength=\"400\" class=\"wpcf7-form-control wpcf7-text wpcf7-validates-as-required contact-input\" aria-required=\"true\" aria-invalid=\"false\" value=\"\" type=\"text\" name=\"your-name\" \/><\/span> <\/label>\n<\/p>\n<p><label> E-postan\u0131z (gerekli)<br \/>\n<span class=\"wpcf7-form-control-wrap\" data-name=\"your-email\"><input size=\"40\" maxlength=\"400\" class=\"wpcf7-form-control wpcf7-email wpcf7-validates-as-required wpcf7-text wpcf7-validates-as-email contact-input\" aria-required=\"true\" aria-invalid=\"false\" value=\"\" type=\"email\" name=\"your-email\" \/><\/span> <\/label>\n<\/p>\n<p><label> Mesaj\u0131n\u0131z<br \/>\n<span class=\"wpcf7-form-control-wrap\" data-name=\"your-message\"><textarea cols=\"40\" rows=\"10\" maxlength=\"2000\" class=\"wpcf7-form-control wpcf7-textarea contact-product-detail\" id=\"productDetail\" aria-invalid=\"false\" placeholder=\"L\u00fctfen \u00fcr\u00fcn detaylar\u0131n\u0131 ve kalitesini bize bildirin, en k\u0131sa s\u00fcrede sizinle ileti\u015fime ge\u00e7ece\u011fiz!\" name=\"your-message\"><\/textarea><\/span> <\/label>\n<\/p>\n<p><input class=\"wpcf7-form-control wpcf7-submit has-spinner\" type=\"submit\" value=\"G\u00f6ndermek\" \/>\n<\/p>\n<p><span id=\"wpcf7-69eb48bb5710d-wrapper\" class=\"wpcf7-form-control-wrap website-wrap\" style=\"display:none !important; visibility:hidden !important;\"><label for=\"wpcf7-69eb48bb5710d-field\" class=\"hp-message\">Please leave this field empty.<\/label><input id=\"wpcf7-69eb48bb5710d-field\"  class=\"wpcf7-form-control wpcf7-text\" type=\"text\" name=\"website\" value=\"\" size=\"40\" tabindex=\"-1\" autocomplete=\"new-password\" \/><\/span><br \/>\n<span class=\"wpcf7-form-control-wrap\" data-name=\"to_email\"><input size=\"40\" maxlength=\"400\" class=\"wpcf7-form-control wpcf7-text hidden\" aria-invalid=\"false\" value=\"inquiry@joinplastic.com\" type=\"text\" name=\"to_email\" \/><\/span><br \/>\n<span class=\"wpcf7-form-control-wrap\" data-name=\"company_name\"><input size=\"40\" maxlength=\"400\" class=\"wpcf7-form-control wpcf7-text hidden\" aria-invalid=\"false\" value=\"joinplastic\" type=\"text\" name=\"company_name\" \/><\/span>\n<\/p><p style=\"display: none !important;\" class=\"akismet-fields-container\" data-prefix=\"_wpcf7_ak_\"><label>&#916;<textarea name=\"_wpcf7_ak_hp_textarea\" cols=\"45\" rows=\"8\" maxlength=\"100\"><\/textarea><\/label><input type=\"hidden\" id=\"ak_js_1\" name=\"_wpcf7_ak_js\" value=\"83\"\/><script>document.getElementById( \"ak_js_1\" ).setAttribute( \"value\", ( new Date() ).getTime() );<\/script><\/p><div class=\"wpcf7-response-output\" aria-hidden=\"true\"><\/div>\n<input type=\"hidden\" name=\"trp-form-language\" value=\"tr\"\/><\/form>\n<\/div>\n<\/div>\n  <div class=\"col-sm-6\">\n    <div class=\"mb-20p\">\n      <div id=\"map\" style=\"width: 100%; height: 300px;\">&nbsp;<\/div>\n    <\/div>\n    <h4 class=\"theme-color mb-0\">Ofis adresi:<\/h4>\n    <h5 class=\"mt-0\">Oda 1404~1406, No.28 Moyu Yolu, Jiading B\u00f6lgesi, \u015eanghay.<\/h5>\n    <h4 class=\"theme-color mb-0\">Fabrika adresi:<\/h4>\n    <h5 class=\"mt-0\">No.28 Hengtang Yolu, Huaqiao Kasabas\u0131, Kunshan, Jiangsu.<\/h5>\n  <\/div>\n<\/div>","protected":false},"excerpt":{"rendered":"<p>Shanghai Qusheng Plastics Co.,Ltd is a wellknown plastic injection enterprise with its own factory located at Shanghai,China. We are an&hellip;<\/p>","protected":false},"author":1,"featured_media":0,"parent":0,"menu_order":0,"comment_status":"closed","ping_status":"closed","template":"","meta":{"_acf_changed":false,"footnotes":""},"class_list":["post-419","page","type-page","status-publish","hentry"],"acf":[],"yoast_head":"<!-- This site is optimized with the Yoast SEO plugin v26.1.1 - https:\/\/yoast.com\/wordpress\/plugins\/seo\/ -->\n<title>Contact us | Storage Bins With Lids supplier - plastic-crates.com<\/title>\n<meta name=\"robots\" content=\"index, follow, max-snippet:-1, max-image-preview:large, max-video-preview:-1\" \/>\n<link rel=\"canonical\" href=\"https:\/\/www.plastic-crates.com\/tr\/bize-ulasin\/\" \/>\n<meta property=\"og:locale\" content=\"tr_TR\" \/>\n<meta property=\"og:type\" content=\"article\" \/>\n<meta property=\"og:title\" content=\"Contact us | Storage Bins With Lids supplier - plastic-crates.com\" \/>\n<meta property=\"og:description\" content=\"Shanghai Qusheng Plastics Co.,Ltd is a wellknown plastic injection enterprise with its own factory located at Shanghai,China. We are an&hellip;\" \/>\n<meta property=\"og:url\" content=\"https:\/\/www.plastic-crates.com\/tr\/bize-ulasin\/\" \/>\n<meta property=\"og:site_name\" content=\"plastic-crates.com\" \/>\n<meta property=\"article:modified_time\" content=\"2025-08-25T23:01:03+00:00\" \/>\n<meta property=\"og:image\" content=\"https:\/\/www.plastic-crates.com\/wp-content\/uploads\/2019\/01\/moving-crates-factory-inside.jpg\" \/>\n\t<meta property=\"og:image:width\" content=\"1200\" \/>\n\t<meta property=\"og:image:height\" content=\"308\" \/>\n\t<meta property=\"og:image:type\" content=\"image\/jpeg\" \/>\n<meta name=\"twitter:card\" content=\"summary_large_image\" \/>\n<meta name=\"twitter:label1\" content=\"Tahmini okuma s\u00fcresi\" \/>\n\t<meta name=\"twitter:data1\" content=\"1 dakika\" \/>\n<script type=\"application\/ld+json\" class=\"yoast-schema-graph\">{\"@context\":\"https:\/\/schema.org\",\"@graph\":[{\"@type\":\"WebPage\",\"@id\":\"https:\/\/www.plastic-crates.com\/contact-us\/\",\"url\":\"https:\/\/www.plastic-crates.com\/contact-us\/\",\"name\":\"Contact us | Storage Bins With Lids supplier - plastic-crates.com\",\"isPartOf\":{\"@id\":\"https:\/\/www.plastic-crates.com\/#website\"},\"primaryImageOfPage\":{\"@id\":\"https:\/\/www.plastic-crates.com\/contact-us\/#primaryimage\"},\"image\":{\"@id\":\"https:\/\/www.plastic-crates.com\/contact-us\/#primaryimage\"},\"thumbnailUrl\":\"https:\/\/www.plastic-crates.com\/wp-content\/uploads\/2019\/01\/moving-crates-factory-inside-1024x263.jpg\",\"datePublished\":\"2018-04-27T04:50:03+00:00\",\"dateModified\":\"2025-08-25T23:01:03+00:00\",\"breadcrumb\":{\"@id\":\"https:\/\/www.plastic-crates.com\/contact-us\/#breadcrumb\"},\"inLanguage\":\"tr\",\"potentialAction\":[{\"@type\":\"ReadAction\",\"target\":[\"https:\/\/www.plastic-crates.com\/contact-us\/\"]}]},{\"@type\":\"ImageObject\",\"inLanguage\":\"tr\",\"@id\":\"https:\/\/www.plastic-crates.com\/contact-us\/#primaryimage\",\"url\":\"https:\/\/www.plastic-crates.com\/wp-content\/uploads\/2019\/01\/moving-crates-factory-inside-1024x263.jpg\",\"contentUrl\":\"https:\/\/www.plastic-crates.com\/wp-content\/uploads\/2019\/01\/moving-crates-factory-inside-1024x263.jpg\"},{\"@type\":\"BreadcrumbList\",\"@id\":\"https:\/\/www.plastic-crates.com\/contact-us\/#breadcrumb\",\"itemListElement\":[{\"@type\":\"ListItem\",\"position\":1,\"name\":\"Home\",\"item\":\"https:\/\/www.plastic-crates.com\/\"},{\"@type\":\"ListItem\",\"position\":2,\"name\":\"Contact us\"}]},{\"@type\":\"WebSite\",\"@id\":\"https:\/\/www.plastic-crates.com\/#website\",\"url\":\"https:\/\/www.plastic-crates.com\/\",\"name\":\"plastic-crates.com\",\"description\":\"Leading plastic crates manufacturer in China\",\"potentialAction\":[{\"@type\":\"SearchAction\",\"target\":{\"@type\":\"EntryPoint\",\"urlTemplate\":\"https:\/\/www.plastic-crates.com\/?s={search_term_string}\"},\"query-input\":{\"@type\":\"PropertyValueSpecification\",\"valueRequired\":true,\"valueName\":\"search_term_string\"}}],\"inLanguage\":\"tr\"}]}<\/script>\n<!-- \/ Yoast SEO plugin. -->","yoast_head_json":{"title":"Bize Ula\u015f\u0131n | Kapakl\u0131 Saklama Kutular\u0131 tedarik\u00e7isi - plastic-crates.com","robots":{"index":"index","follow":"follow","max-snippet":"max-snippet:-1","max-image-preview":"max-image-preview:large","max-video-preview":"max-video-preview:-1"},"canonical":"https:\/\/www.plastic-crates.com\/tr\/bize-ulasin\/","og_locale":"tr_TR","og_type":"article","og_title":"Contact us | Storage Bins With Lids supplier - plastic-crates.com","og_description":"Shanghai Qusheng Plastics Co.,Ltd is a wellknown plastic injection enterprise with its own factory located at Shanghai,China. We are an&hellip;","og_url":"https:\/\/www.plastic-crates.com\/tr\/bize-ulasin\/","og_site_name":"plastic-crates.com","article_modified_time":"2025-08-25T23:01:03+00:00","og_image":[{"width":1200,"height":308,"url":"https:\/\/www.plastic-crates.com\/wp-content\/uploads\/2019\/01\/moving-crates-factory-inside.jpg","type":"image\/jpeg"}],"twitter_card":"summary_large_image","twitter_misc":{"Tahmini okuma s\u00fcresi":"1 dakika"},"schema":{"@context":"https:\/\/schema.org","@graph":[{"@type":"WebPage","@id":"https:\/\/www.plastic-crates.com\/contact-us\/","url":"https:\/\/www.plastic-crates.com\/contact-us\/","name":"Bize Ula\u015f\u0131n | Kapakl\u0131 Saklama Kutular\u0131 tedarik\u00e7isi - plastic-crates.com","isPartOf":{"@id":"https:\/\/www.plastic-crates.com\/#website"},"primaryImageOfPage":{"@id":"https:\/\/www.plastic-crates.com\/contact-us\/#primaryimage"},"image":{"@id":"https:\/\/www.plastic-crates.com\/contact-us\/#primaryimage"},"thumbnailUrl":"https:\/\/www.plastic-crates.com\/wp-content\/uploads\/2019\/01\/moving-crates-factory-inside-1024x263.jpg","datePublished":"2018-04-27T04:50:03+00:00","dateModified":"2025-08-25T23:01:03+00:00","breadcrumb":{"@id":"https:\/\/www.plastic-crates.com\/contact-us\/#breadcrumb"},"inLanguage":"tr","potentialAction":[{"@type":"ReadAction","target":["https:\/\/www.plastic-crates.com\/contact-us\/"]}]},{"@type":"ImageObject","inLanguage":"tr","@id":"https:\/\/www.plastic-crates.com\/contact-us\/#primaryimage","url":"https:\/\/www.plastic-crates.com\/wp-content\/uploads\/2019\/01\/moving-crates-factory-inside-1024x263.jpg","contentUrl":"https:\/\/www.plastic-crates.com\/wp-content\/uploads\/2019\/01\/moving-crates-factory-inside-1024x263.jpg"},{"@type":"BreadcrumbList","@id":"https:\/\/www.plastic-crates.com\/contact-us\/#breadcrumb","itemListElement":[{"@type":"ListItem","position":1,"name":"Home","item":"https:\/\/www.plastic-crates.com\/"},{"@type":"ListItem","position":2,"name":"Contact us"}]},{"@type":"WebSite","@id":"https:\/\/www.plastic-crates.com\/#website","url":"https:\/\/www.plastic-crates.com\/","name":"plastic-crates.com","description":"\u00c7in&#039;in \u00f6nde gelen plastik kasa \u00fcreticisi","potentialAction":[{"@type":"SearchAction","target":{"@type":"EntryPoint","urlTemplate":"https:\/\/www.plastic-crates.com\/?s={search_term_string}"},"query-input":{"@type":"PropertyValueSpecification","valueRequired":true,"valueName":"search_term_string"}}],"inLanguage":"tr"}]}},"_links":{"self":[{"href":"https:\/\/www.plastic-crates.com\/tr\/wp-json\/wp\/v2\/pages\/419","targetHints":{"allow":["GET"]}}],"collection":[{"href":"https:\/\/www.plastic-crates.com\/tr\/wp-json\/wp\/v2\/pages"}],"about":[{"href":"https:\/\/www.plastic-crates.com\/tr\/wp-json\/wp\/v2\/types\/page"}],"author":[{"embeddable":true,"href":"https:\/\/www.plastic-crates.com\/tr\/wp-json\/wp\/v2\/users\/1"}],"replies":[{"embeddable":true,"href":"https:\/\/www.plastic-crates.com\/tr\/wp-json\/wp\/v2\/comments?post=419"}],"version-history":[{"count":31,"href":"https:\/\/www.plastic-crates.com\/tr\/wp-json\/wp\/v2\/pages\/419\/revisions"}],"predecessor-version":[{"id":7675,"href":"https:\/\/www.plastic-crates.com\/tr\/wp-json\/wp\/v2\/pages\/419\/revisions\/7675"}],"wp:attachment":[{"href":"https:\/\/www.plastic-crates.com\/tr\/wp-json\/wp\/v2\/media?parent=419"}],"curies":[{"name":"wp","href":"https:\/\/api.w.org\/{rel}","templated":true}]}}