{"id":7,"date":"2016-10-30T18:08:01","date_gmt":"2016-10-30T18:08:01","guid":{"rendered":"https:\/\/www.plastic-crates.com\/?page_id=7"},"modified":"2025-08-25T23:09:09","modified_gmt":"2025-08-25T23:09:09","slug":"wholesale-plastic-crates-pallet-boxes-moving-boxes","status":"publish","type":"page","link":"https:\/\/www.plastic-crates.com\/tr\/","title":{"rendered":""},"content":{"rendered":"<div>\n  <section class=\"video-section\">\n    <div class=\"video-wrap\">\n      <div class=\"video-bg-img video-bg-img-a\">\n        <div class=\"video-bg-overlay\"> <\/div>\n        <div class=\"video-text\">\n          <h1 class=\"h2 video-text-header hidden-xs\">Toptan plastik kasalar<\/h1>\n          <h1 class=\"h2 video-text-header visible-xs\">\n            <span class=\"h1 text-danger\" style=\"font-size: 55px; font-weight: bold;\">Toptan<\/span>\n            <br>\n            <span class=\"h4\"><a href=\"https:\/\/www.plastic-crates.com\/tr\/urun-kategori\/kapakli-cantalar\/\">Kapakl\u0131 Tote \u00c7antalar<\/a><\/span>\n            <br>\n            <span class=\"h4\"><a href=\"https:\/\/www.plastic-crates.com\/tr\/urun-kategori\/palet-konteyneri\/\">Palet Konteyneri<\/a><\/span>\n            <br>\n            <span class=\"h4\"><a href=\"https:\/\/www.plastic-crates.com\/tr\/urun-kategori\/istiflenebilir-konteynerler\/\">\u0130stiflenebilir Konteynerler<\/a><\/span>\n            <br>\n            <span class=\"h4\"><a href=\"https:\/\/www.plastic-crates.com\/tr\/urun-kategori\/katlanabilir-kutu\/\">Katlanabilir Kutu<\/a><\/span>\n            <br>\n            <span class=\"h3\">\u2026 vesaire.<\/span>\n            <br>\n          <\/h1>\n          <h4 class=\"h3 video-text-detail hidden-xs\">Ba\u015fka yere bakman\u0131za gerek yok, kar\u015f\u0131l\u0131kl\u0131 yarar sa\u011flamak i\u00e7in \u00e7abal\u0131yoruz ve uzun vadeli bir i\u015f ili\u015fkisi kurmay\u0131 hedefliyoruz.<\/h4>\n          <div class=\"h3 btn-wrap\">\n            <button type=\"button\" class=\"btn btn-danger\">G\u00fcvenilir \u00dcretici<\/button>\n            <button type=\"button\" class=\"btn btn-danger\">Kalite G\u00fcvencesi<\/button>\n            <button type=\"button\" class=\"btn btn-danger\">Ticaret G\u00fcvencesi<\/button>\n          <\/div>\n        <\/div>\n        <div class=\"video-inner-wrap\" style=\"width: 70%;\">\n          <video width=\"100%\" controls=\"\">\n            <source src=\"https:\/\/www.plastic-crates.com\/wp-content\/uploads\/2025\/08\/qs-plastic-crates-factory.mp4\" type=\"video\/mp4\">\n            Taray\u0131c\u0131n\u0131z HTML5 videosunu desteklemiyor.\n          <\/video>\n        <\/div>\n      <\/div>\n    <\/div>\n  <\/section>\n<\/div>\n<div>\n  <div>\n  \t<section class=\"text-section text-center mt-1 container\">\n      <div class=\"text-header h2 font-weight-bold\">\u00d6ne \u00c7\u0131kan \u00dcr\u00fcnler<\/div>\n      <hr>\n      <div class=\"row\">\n        <div class=\"col-xs-6 col-md-3\">\n          <a href=\"\/tr\/urun-kategori\/katlanabilir-kutu\/\">\n            <img decoding=\"async\" class=\"img-responsive\" src=\"\/wp-content\/uploads\/2019\/11\/kis-collapsible-crate.jpg\" alt=\"Katlanabilir Kutu\">\n          <\/a>\n          <a href=\"\/tr\/urun-kategori\/katlanabilir-kutu\/\">\n            <span class=\"h5 font-weight-bold cat-name-title\">Katlanabilir Kutu<\/span>\n          <\/a>\n        <\/div>\n        <div class=\"col-xs-6 col-md-3\">\n          <a href=\"\/tr\/urun-kategori\/kapakli-cantalar\/\">\n            <img decoding=\"async\" class=\"img-responsive\" src=\"\/wp-content\/uploads\/2019\/09\/attached-lid-containers.jpg\" alt=\"Kapakl\u0131 Tote \u00c7antalar\">\n          <\/a>\n          <a href=\"\/tr\/urun-kategori\/kapakli-cantalar\/\">\n            <span class=\"h5 font-weight-bold cat-name-title\">Kapakl\u0131 Tote \u00c7antalar<\/span>\n          <\/a>\n        <\/div>\n        <div class=\"col-xs-6 col-md-3\">\n          <a href=\"\/tr\/urun-kategori\/istiflenebilir-konteynerler\/\">\n            <img decoding=\"async\" class=\"img-responsive\" src=\"\/wp-content\/uploads\/2019\/10\/eub360270.jpg\" alt=\"\u0130stiflenebilir Konteynerler\">\n          <\/a>\n          <a href=\"\/tr\/urun-kategori\/istiflenebilir-konteynerler\/\">\n            <span class=\"h5 font-weight-bold cat-name-title\">\u0130stiflenebilir Konteynerler<\/span>\n          <\/a>\n        <\/div>\n        <div class=\"col-xs-6 col-md-3\">\n          <a href=\"\/tr\/urun-kategori\/palet-konteyneri\/\">\n            <img decoding=\"async\" class=\"img-responsive\" src=\"\/wp-content\/uploads\/2019\/10\/plastic-coaming-pack-container.png\" alt=\"plastik palet konteyneri\">\n          <\/a>\n          <a href=\"\/tr\/urun-kategori\/palet-konteyneri\/\">\n            <span class=\"h5 font-weight-bold cat-name-title\">Toplu Plastik Kaplar<\/span>\n          <\/a>\n        <\/div>\n      <\/div>\n    <\/section>\n  <\/div>\n<\/div>\n\n\n\n<section class=\"py-12 bg-gray-50 mt-5\">\n  <div class=\"mx-auto px-4 sm:px-6 lg:px-8\">\n    <h2 class=\"text-2xl md:text-3xl font-bold text-center mb-4\">Her \u0130htiyaca Uygun \u00c7\u00f6z\u00fcmler<\/h2>\n    <p class=\"text-center text-gray-600 mb-10 max-w-4xl mx-auto\">Tar\u0131m, lojistik, g\u0131da ve i\u00e7ecek, so\u011fuk hava deposu, otomotiv ve at\u0131k geri d\u00f6n\u00fc\u015f\u00fcm\u00fc i\u00e7in tasarlanm\u0131\u015f sekt\u00f6r odakl\u0131 plastik palet \u00e7\u00f6z\u00fcmlerini ke\u015ffedin.<\/p>\n\n    <div class=\"grid grid-cols-1 md:grid-cols-2 lg:grid-cols-3 gap-6\">\n      <!-- Card 1 -->\n      <div class=\"relative group rounded-lg overflow-hidden shadow-lg\">\n        <a href=\"\/tr\/urun-kategori\/palet-konteyneri\/\">\n          <img decoding=\"async\" src=\"https:\/\/cdn.plastic-crates.com\/wp-content\/uploads\/2019\/11\/stackable-pallet-containers-1.jpg\" alt=\"Tar\u0131m kasalar\u0131\" class=\"w-full h-auto object-cover\">\n        <\/a>\n        <div class=\"absolute bottom-0 left-0 w-full bg-black\/30 text-white px-4 py-2\">\n          <h3 class=\"text-lg font-semibold\"><a href=\"\/tr\/urun-kategori\/palet-konteyneri\/\">01 Tar\u0131m<\/a><\/h3>\n        <\/div>\n        <div class=\"absolute inset-0 bg-blue-900\/80 flex flex-col justify-center p-6 text-white opacity-0 translate-y-full group-hover:translate-y-0 group-hover:opacity-100 transition-all duration-500 ease-in-out\">\n          <h3 class=\"text-xl font-bold mb-2\">Tar\u0131m<\/h3>\n          <p class=\"mb-4\">Taze \u00fcr\u00fcnlerin ta\u015f\u0131nmas\u0131 ve depolanmas\u0131 i\u00e7in FDA onayl\u0131 havaland\u0131rmal\u0131 plastik palet kutular\u0131. Nem direnci sayesinde uzun s\u00fcreli tar\u0131msal kullan\u0131m i\u00e7in idealdir.<\/p>\n         <a href=\"\/tr\/urun-kategori\/palet-konteyneri\/\" class=\"inline-flex items-center gap-2 border border-white px-4 py-2 rounded hover:bg-white hover:text-blue-900 transition\">\n            Devam\u0131n\u0131 oku\n            <svg xmlns=\"http:\/\/www.w3.org\/2000\/svg\" class=\"h-4 w-4\" fill=\"none\" viewbox=\"0 0 24 24\" stroke=\"currentColor\">\n              <path stroke-linecap=\"round\" stroke-linejoin=\"round\" stroke-width=\"2\" d=\"M9 5l7 7-7 7\" \/>\n            <\/svg>\n          <\/a>\n        <\/div>\n      <\/div>\n\n      <!-- Card 2 -->\n      <div class=\"relative group rounded-lg overflow-hidden shadow-lg\">\n        <a href=\"\/tr\/urun\/spill-containment-pallet-drum-spill-containment-pallet\/\">\n          <img decoding=\"async\" src=\"https:\/\/cdn.plastic-crates.com\/wp-content\/uploads\/2019\/11\/pallet-size-storage-containers-2.jpg\" alt=\"Sanayi\" class=\"w-full h-auto object-cover\">\n        <\/a>\n        <div class=\"absolute bottom-0 left-0 w-full bg-black\/30 text-white px-4 py-2\">\n          <h3 class=\"text-lg font-semibold\"><a href=\"\/tr\/urun\/spill-containment-pallet-drum-spill-containment-pallet\/\">02 Sanayi<\/a><\/h3>\n        <\/div>\n        <div class=\"absolute inset-0 bg-blue-900\/80 flex flex-col justify-center p-6 text-white opacity-0 translate-y-full group-hover:translate-y-0 group-hover:opacity-100 transition-all duration-500 ease-in-out\">\n          <h3 class=\"text-xl font-bold mb-2\">Sanayi<\/h3>\n          <p class=\"mb-4\">De\u011firmenler ve ila\u00e7 depolar\u0131 gibi end\u00fcstriyel ortamlar i\u00e7in ideal, kimyasallara dayan\u0131kl\u0131 ve istiflenebilir plastik paletler, temiz ve verimli ta\u015f\u0131ma sa\u011flar.<\/p>\n          <a href=\"\/tr\/urun\/spill-containment-pallet-drum-spill-containment-pallet\/\" class=\"inline-flex items-center gap-2 border border-white px-4 py-2 rounded hover:bg-white hover:text-blue-900 transition\">\n            Devam\u0131n\u0131 oku\n            <svg xmlns=\"http:\/\/www.w3.org\/2000\/svg\" class=\"h-4 w-4\" fill=\"none\" viewbox=\"0 0 24 24\" stroke=\"currentColor\">\n              <path stroke-linecap=\"round\" stroke-linejoin=\"round\" stroke-width=\"2\" d=\"M9 5l7 7-7 7\" \/>\n            <\/svg>\n          <\/a>\n        <\/div>\n      <\/div>\n\n      <!-- Card 3 -->\n      <div class=\"relative group rounded-lg overflow-hidden shadow-lg\">\n        <a href=\"\/tr\/urun\/plastik-hamur-tepsileri-kapakli-pizza-hamur-tepsisi-453\/\">\n          <img decoding=\"async\" src=\"https:\/\/cdn.plastic-crates.com\/wp-content\/uploads\/2024\/10\/dough-tray-with-lid-7.png\" alt=\"Yiyecek ve \u0130\u00e7ecek\" class=\"w-full h-auto object-cover\">\n        <\/a>\n        <div class=\"absolute bottom-0 left-0 w-full bg-black\/30 text-white px-4 py-2\">\n          <h3 class=\"text-lg font-semibold\"><a href=\"\/tr\/urun\/plastik-hamur-tepsileri-kapakli-pizza-hamur-tepsisi-453\/\">03 Yiyecek ve \u0130\u00e7ecek<\/a> <\/h3>\n        <\/div>\n        <div class=\"absolute inset-0 bg-blue-900\/80 flex flex-col justify-center p-6 text-white opacity-0 translate-y-full group-hover:translate-y-0 group-hover:opacity-100 transition-all duration-500 ease-in-out\">\n          <h3 class=\"text-xl font-bold mb-2\">Yiyecek ve \u0130\u00e7ecek<\/h3>\n          <p class=\"mb-4\">\u0130\u00e7ecek ve g\u0131da depolamas\u0131 i\u00e7in tasarlanm\u0131\u015f hijyenik g\u0131da s\u0131n\u0131f\u0131 plastik paletler. Geleneksel ah\u015fap paletlerden daha g\u00fc\u00e7l\u00fc ve daha dayan\u0131kl\u0131d\u0131r.<\/p>\n          <a href=\"\/tr\/urun\/plastik-hamur-tepsileri-kapakli-pizza-hamur-tepsisi-453\/\" class=\"inline-flex items-center gap-2 border border-white px-4 py-2 rounded hover:bg-white hover:text-blue-900 transition\">\n            Devam\u0131n\u0131 oku\n            <svg xmlns=\"http:\/\/www.w3.org\/2000\/svg\" class=\"h-4 w-4\" fill=\"none\" viewbox=\"0 0 24 24\" stroke=\"currentColor\">\n              <path stroke-linecap=\"round\" stroke-linejoin=\"round\" stroke-width=\"2\" d=\"M9 5l7 7-7 7\" \/>\n            <\/svg>\n          <\/a>\n        <\/div>\n      <\/div>\n\n      <!-- Card 4 -->\n      <div class=\"relative group rounded-lg overflow-hidden shadow-lg\">\n        <a href=\"\/tr\/urun-kategori\/seffaf-plastik-saklama-kaplari\/\">\n          <img decoding=\"async\" src=\"https:\/\/cdn.plastic-crates.com\/wp-content\/uploads\/2023\/10\/128L-Extra-Large-Clear-Plastic-Storage-containers-with-Lids-1.jpg\" alt=\"Ev Depolama\" class=\"w-full h-auto object-cover\">\n        <\/a>\n        <div class=\"absolute bottom-0 left-0 w-full bg-black\/30 text-white px-4 py-2\">\n          <h3 class=\"text-lg font-semibold\"> <a href=\"\/tr\/urun-kategori\/seffaf-plastik-saklama-kaplari\/\">04 Ev Depolama<\/a><\/h3>\n        <\/div>\n        <div class=\"absolute inset-0 bg-blue-900\/80 flex flex-col justify-center p-6 text-white opacity-0 translate-y-full group-hover:translate-y-0 group-hover:opacity-100 transition-all duration-500 ease-in-out\">\n          <h3 class=\"text-xl font-bold mb-2\">Ev Depolama<\/h3>\n          <p class=\"mb-4\">Ev kullan\u0131m\u0131 i\u00e7in tasarlanm\u0131\u015f dayan\u0131kl\u0131 \u015feffaf plastik saklama kaplar\u0131yla evinizi d\u00fczenli tutun. Bu \u015feffaf kaplar, e\u015fyalar\u0131n\u0131z\u0131 toz ve nemden korurken, i\u00e7indekileri bir bak\u0131\u015fta kolayca tespit etmenizi sa\u011flar. <\/p>\n          <a href=\"\/tr\/urun-kategori\/seffaf-plastik-saklama-kaplari\/\" class=\"inline-flex items-center gap-2 border border-white px-4 py-2 rounded hover:bg-white hover:text-blue-900 transition\">\n            Devam\u0131n\u0131 oku\n            <svg xmlns=\"http:\/\/www.w3.org\/2000\/svg\" class=\"h-4 w-4\" fill=\"none\" viewbox=\"0 0 24 24\" stroke=\"currentColor\">\n              <path stroke-linecap=\"round\" stroke-linejoin=\"round\" stroke-width=\"2\" d=\"M9 5l7 7-7 7\" \/>\n            <\/svg>\n          <\/a>\n        <\/div>\n      <\/div>\n\n      <!-- Card 5 -->\n      <div class=\"relative group rounded-lg overflow-hidden shadow-lg\">\n        <a href=\"\/tr\/urun-kategori\/istiflenebilir-konteynerler\/\">\n          <img decoding=\"async\" src=\"https:\/\/cdn.plastic-crates.com\/wp-content\/uploads\/2019\/11\/collapsible-storage-bins-plastic.jpg\" alt=\"katlan\u0131r kutu\" class=\"w-full h-auto object-cover\">\n        <\/a>\n        <div class=\"absolute bottom-0 left-0 w-full bg-black\/30 text-white px-4 py-2\">\n          <h3 class=\"text-lg font-semibold\"><a href=\"\/tr\/urun-kategori\/istiflenebilir-konteynerler\/\">05 Otomotiv<\/a> <\/h3>\n        <\/div>\n        <div class=\"absolute inset-0 bg-blue-900\/80 flex flex-col justify-center p-6 text-white opacity-0 translate-y-full group-hover:translate-y-0 group-hover:opacity-100 transition-all duration-500 ease-in-out\">\n          <h3 class=\"text-xl font-bold mb-2\">Otomotiv<\/h3>\n          <p class=\"mb-4\">Dayan\u0131kl\u0131 Euro kutular\u0131, otomotiv par\u00e7alar\u0131 i\u00e7in ambalaj at\u0131klar\u0131n\u0131 ve maliyetleri azalt\u0131r. Ford, Thyssen Krupp ve Chep taraf\u0131ndan d\u00fcnya \u00e7ap\u0131nda kullan\u0131lmaktad\u0131r.<\/p>\n          <a href=\"\/tr\/urun-kategori\/istiflenebilir-konteynerler\/\" class=\"inline-flex items-center gap-2 border border-white px-4 py-2 rounded hover:bg-white hover:text-blue-900 transition\">\n            Devam\u0131n\u0131 oku\n            <svg xmlns=\"http:\/\/www.w3.org\/2000\/svg\" class=\"h-4 w-4\" fill=\"none\" viewbox=\"0 0 24 24\" stroke=\"currentColor\">\n              <path stroke-linecap=\"round\" stroke-linejoin=\"round\" stroke-width=\"2\" d=\"M9 5l7 7-7 7\" \/>\n            <\/svg>\n          <\/a>\n        <\/div>\n      <\/div>\n\n      <!-- Card 6 -->\n      <div class=\"relative group rounded-lg overflow-hidden shadow-lg\">\n        <a href=\"\/tr\/urun-kategori\/kapakli-cantalar\/\">\n          <img decoding=\"async\" src=\"https:\/\/cdn.plastic-crates.com\/wp-content\/uploads\/2022\/03\/attached-lid-storage-containers-1.jpg\" alt=\"Lojistik ve Depolama\" class=\"w-full h-auto object-cover\">\n        <\/a>\n        <div class=\"absolute bottom-0 left-0 w-full bg-black\/30 text-white px-4 py-2\">\n          <h3 class=\"text-lg font-semibold\"><a href=\"\/tr\/urun-kategori\/kapakli-cantalar\/\">06 Lojistik ve Depolama<\/a><\/h3>\n        <\/div>\n        <div class=\"absolute inset-0 bg-blue-900\/80 flex flex-col justify-center p-6 text-white opacity-0 translate-y-full group-hover:translate-y-0 group-hover:opacity-100 transition-all duration-500 ease-in-out\">\n          <h3 class=\"text-xl font-bold mb-2\">Lojistik ve Depolama<\/h3>\n          <p class=\"mb-4\">Otomatik depolama sistemleri ve g\u00fcvenli \u00fcr\u00fcn ta\u015f\u0131mac\u0131l\u0131\u011f\u0131 i\u00e7in tasarlanm\u0131\u015f, a\u011f\u0131r hizmet tipi, istiflenebilir plastik depo kutular\u0131m\u0131zla tedarik zincirinizi optimize edin ve depolama kapasitenizi en \u00fcst d\u00fczeye \u00e7\u0131kar\u0131n.<\/p>\n          <a href=\"\/tr\/urun-kategori\/kapakli-cantalar\/\" class=\"inline-flex items-center gap-2 border border-white px-4 py-2 rounded hover:bg-white hover:text-blue-900 transition\">\n            Devam\u0131n\u0131 oku\n            <svg xmlns=\"http:\/\/www.w3.org\/2000\/svg\" class=\"h-4 w-4\" fill=\"none\" viewbox=\"0 0 24 24\" stroke=\"currentColor\">\n              <path stroke-linecap=\"round\" stroke-linejoin=\"round\" stroke-width=\"2\" d=\"M9 5l7 7-7 7\" \/>\n            <\/svg>\n          <\/a>\n        <\/div>\n      <\/div>\n\n    <\/div>\n  <\/div>\n<\/section>\n\n\n\n<section class=\"text-section text-center mt-1\">\n      <div class=\"text-header h2 font-weight-bold\">HAKKIMIZDA<\/div>\n      <div class=\"text-header h3 theme-color hidden-xs\">Plastik Kasa \u00dcreticisi ve Tedarik\u00e7isi<\/div>\n      <hr>\n      <div class=\"text-header h3 theme-color visible-xs\">\n        Plastik Kasa \u00dcreticisi\n        <br>\n        &amp; Tedarik\u00e7i\n      <\/div>\n      <div class=\"text-detail h4 p-3\" style=\"line-height: 1.2;\">Kapakl\u0131 Tote \u00c7antalar, Katlanabilir Kutular, \u0130stiflenebilir Kaplar, Par\u00e7a Depolama Kutular\u0131 i\u00e7in en iyi f\u0131rsat\u0131 do\u011frudan \u00c7in \u00fcreticilerinden al\u0131n. Depolama, lojistik ve nakliye i\u00e7in plastik kutular ve kasalar konusunda uzmanla\u015fm\u0131\u015ft\u0131r.<\/div>\n      <div>\n        <a type=\"button\" href=\"\/tr\/bize-ulasin\/\" class=\"btn btn-danger\">Daha fazla bilgi edin<\/a>\n      <\/div>\n      <hr>\n      <div class=\"text-detail h4 p-3 visible-xs\" style=\"line-height: 1.2;\">Ba\u015fka yere bakman\u0131za gerek yok, kar\u015f\u0131l\u0131kl\u0131 yarar sa\u011flamak i\u00e7in \u00e7abal\u0131yoruz ve uzun vadeli bir i\u015f ili\u015fkisi kurmay\u0131 hedefliyoruz.<\/div>\n    <\/section>","protected":false},"excerpt":{"rendered":"<p>Wholesale plastic crates Wholesale Totes With Lids Pallet Container Stackable Containers Collapsable Box &#8230; etc. Look no further, we strive&hellip;<\/p>","protected":false},"author":1,"featured_media":0,"parent":0,"menu_order":0,"comment_status":"closed","ping_status":"closed","template":"","meta":{"_acf_changed":false,"footnotes":""},"class_list":["post-7","page","type-page","status-publish","hentry"],"acf":[],"yoast_head":"<!-- This site is optimized with the Yoast SEO plugin v26.1.1 - https:\/\/yoast.com\/wordpress\/plugins\/seo\/ -->\n<title>Plastic Crates, Plastic Storage Crates, Cheap Stackable Plastic crates sale<\/title>\n<meta name=\"description\" content=\"we are a Plastic Crates manufacturer and wholesale a range of Plastic Storage Crates, including Stackable Plastic crates, plastic pallet containers, etc!\" \/>\n<meta name=\"robots\" content=\"index, follow, max-snippet:-1, max-image-preview:large, max-video-preview:-1\" \/>\n<link rel=\"canonical\" href=\"https:\/\/www.plastic-crates.com\/tr\/\" \/>\n<meta property=\"og:locale\" content=\"tr_TR\" \/>\n<meta property=\"og:type\" content=\"article\" \/>\n<meta property=\"og:title\" content=\"Plastic Crates, Plastic Storage Crates, Cheap Stackable Plastic crates sale\" \/>\n<meta property=\"og:description\" content=\"we are a Plastic Crates manufacturer and wholesale a range of Plastic Storage Crates, including Stackable Plastic crates, plastic pallet containers, etc!\" \/>\n<meta property=\"og:url\" content=\"https:\/\/www.plastic-crates.com\/tr\/\" \/>\n<meta property=\"og:site_name\" content=\"plastic-crates.com\" \/>\n<meta property=\"article:modified_time\" content=\"2025-08-25T23:09:09+00:00\" \/>\n<meta property=\"og:image\" content=\"https:\/\/cdn.plastic-crates.com\/wp-content\/uploads\/2019\/11\/stackable-pallet-containers-1.jpg\" \/>\n<meta name=\"twitter:card\" content=\"summary_large_image\" \/>\n<meta name=\"twitter:label1\" content=\"Tahmini okuma s\u00fcresi\" \/>\n\t<meta name=\"twitter:data1\" content=\"4 dakika\" \/>\n<script type=\"application\/ld+json\" class=\"yoast-schema-graph\">{\"@context\":\"https:\/\/schema.org\",\"@graph\":[{\"@type\":\"WebPage\",\"@id\":\"https:\/\/www.plastic-crates.com\/\",\"url\":\"https:\/\/www.plastic-crates.com\/\",\"name\":\"Plastic Crates, Plastic Storage Crates, Cheap Stackable Plastic crates sale\",\"isPartOf\":{\"@id\":\"https:\/\/www.plastic-crates.com\/#website\"},\"primaryImageOfPage\":{\"@id\":\"https:\/\/www.plastic-crates.com\/#primaryimage\"},\"image\":{\"@id\":\"https:\/\/www.plastic-crates.com\/#primaryimage\"},\"thumbnailUrl\":\"https:\/\/cdn.plastic-crates.com\/wp-content\/uploads\/2019\/11\/stackable-pallet-containers-1.jpg\",\"datePublished\":\"2016-10-30T18:08:01+00:00\",\"dateModified\":\"2025-08-25T23:09:09+00:00\",\"description\":\"we are a Plastic Crates manufacturer and wholesale a range of Plastic Storage Crates, including Stackable Plastic crates, plastic pallet containers, etc!\",\"inLanguage\":\"tr\",\"potentialAction\":[{\"@type\":\"ReadAction\",\"target\":[\"https:\/\/www.plastic-crates.com\/\"]}]},{\"@type\":\"ImageObject\",\"inLanguage\":\"tr\",\"@id\":\"https:\/\/www.plastic-crates.com\/#primaryimage\",\"url\":\"https:\/\/cdn.plastic-crates.com\/wp-content\/uploads\/2019\/11\/stackable-pallet-containers-1.jpg\",\"contentUrl\":\"https:\/\/cdn.plastic-crates.com\/wp-content\/uploads\/2019\/11\/stackable-pallet-containers-1.jpg\"},{\"@type\":\"WebSite\",\"@id\":\"https:\/\/www.plastic-crates.com\/#website\",\"url\":\"https:\/\/www.plastic-crates.com\/\",\"name\":\"plastic-crates.com\",\"description\":\"Leading plastic crates manufacturer in China\",\"potentialAction\":[{\"@type\":\"SearchAction\",\"target\":{\"@type\":\"EntryPoint\",\"urlTemplate\":\"https:\/\/www.plastic-crates.com\/?s={search_term_string}\"},\"query-input\":{\"@type\":\"PropertyValueSpecification\",\"valueRequired\":true,\"valueName\":\"search_term_string\"}}],\"inLanguage\":\"tr\"}]}<\/script>\n<!-- \/ Yoast SEO plugin. -->","yoast_head_json":{"title":"Plastik Kasalar, Plastik Saklama Kasalar\u0131, Ucuz \u0130stiflenebilir Plastik Kasalar sat\u0131\u015f\u0131","description":"Biz bir Plastik Kasa \u00fcreticisiyiz ve istiflenebilir plastik kasalar, plastik palet konteynerleri vb. dahil olmak \u00fczere \u00e7e\u015fitli Plastik Depolama Kasalar\u0131 toptan sat\u0131yoruz!","robots":{"index":"index","follow":"follow","max-snippet":"max-snippet:-1","max-image-preview":"max-image-preview:large","max-video-preview":"max-video-preview:-1"},"canonical":"https:\/\/www.plastic-crates.com\/tr\/","og_locale":"tr_TR","og_type":"article","og_title":"Plastic Crates, Plastic Storage Crates, Cheap Stackable Plastic crates sale","og_description":"we are a Plastic Crates manufacturer and wholesale a range of Plastic Storage Crates, including Stackable Plastic crates, plastic pallet containers, etc!","og_url":"https:\/\/www.plastic-crates.com\/tr\/","og_site_name":"plastic-crates.com","article_modified_time":"2025-08-25T23:09:09+00:00","og_image":[{"url":"https:\/\/cdn.plastic-crates.com\/wp-content\/uploads\/2019\/11\/stackable-pallet-containers-1.jpg","type":"","width":"","height":""}],"twitter_card":"summary_large_image","twitter_misc":{"Tahmini okuma s\u00fcresi":"4 dakika"},"schema":{"@context":"https:\/\/schema.org","@graph":[{"@type":"WebPage","@id":"https:\/\/www.plastic-crates.com\/","url":"https:\/\/www.plastic-crates.com\/","name":"Plastik Kasalar, Plastik Saklama Kasalar\u0131, Ucuz \u0130stiflenebilir Plastik Kasalar sat\u0131\u015f\u0131","isPartOf":{"@id":"https:\/\/www.plastic-crates.com\/#website"},"primaryImageOfPage":{"@id":"https:\/\/www.plastic-crates.com\/#primaryimage"},"image":{"@id":"https:\/\/www.plastic-crates.com\/#primaryimage"},"thumbnailUrl":"https:\/\/cdn.plastic-crates.com\/wp-content\/uploads\/2019\/11\/stackable-pallet-containers-1.jpg","datePublished":"2016-10-30T18:08:01+00:00","dateModified":"2025-08-25T23:09:09+00:00","description":"Biz bir Plastik Kasa \u00fcreticisiyiz ve istiflenebilir plastik kasalar, plastik palet konteynerleri vb. dahil olmak \u00fczere \u00e7e\u015fitli Plastik Depolama Kasalar\u0131 toptan sat\u0131yoruz!","inLanguage":"tr","potentialAction":[{"@type":"ReadAction","target":["https:\/\/www.plastic-crates.com\/"]}]},{"@type":"ImageObject","inLanguage":"tr","@id":"https:\/\/www.plastic-crates.com\/#primaryimage","url":"https:\/\/cdn.plastic-crates.com\/wp-content\/uploads\/2019\/11\/stackable-pallet-containers-1.jpg","contentUrl":"https:\/\/cdn.plastic-crates.com\/wp-content\/uploads\/2019\/11\/stackable-pallet-containers-1.jpg"},{"@type":"WebSite","@id":"https:\/\/www.plastic-crates.com\/#website","url":"https:\/\/www.plastic-crates.com\/","name":"plastic-crates.com","description":"\u00c7in&#039;in \u00f6nde gelen plastik kasa \u00fcreticisi","potentialAction":[{"@type":"SearchAction","target":{"@type":"EntryPoint","urlTemplate":"https:\/\/www.plastic-crates.com\/?s={search_term_string}"},"query-input":{"@type":"PropertyValueSpecification","valueRequired":true,"valueName":"search_term_string"}}],"inLanguage":"tr"}]}},"_links":{"self":[{"href":"https:\/\/www.plastic-crates.com\/tr\/wp-json\/wp\/v2\/pages\/7","targetHints":{"allow":["GET"]}}],"collection":[{"href":"https:\/\/www.plastic-crates.com\/tr\/wp-json\/wp\/v2\/pages"}],"about":[{"href":"https:\/\/www.plastic-crates.com\/tr\/wp-json\/wp\/v2\/types\/page"}],"author":[{"embeddable":true,"href":"https:\/\/www.plastic-crates.com\/tr\/wp-json\/wp\/v2\/users\/1"}],"replies":[{"embeddable":true,"href":"https:\/\/www.plastic-crates.com\/tr\/wp-json\/wp\/v2\/comments?post=7"}],"version-history":[{"count":88,"href":"https:\/\/www.plastic-crates.com\/tr\/wp-json\/wp\/v2\/pages\/7\/revisions"}],"predecessor-version":[{"id":7677,"href":"https:\/\/www.plastic-crates.com\/tr\/wp-json\/wp\/v2\/pages\/7\/revisions\/7677"}],"wp:attachment":[{"href":"https:\/\/www.plastic-crates.com\/tr\/wp-json\/wp\/v2\/media?parent=7"}],"curies":[{"name":"wp","href":"https:\/\/api.w.org\/{rel}","templated":true}]}}