{"id":1648,"date":"2018-12-11T08:12:32","date_gmt":"2018-12-11T08:12:32","guid":{"rendered":"https:\/\/www.plastic-crates.com\/?post_type=product&#038;p=1648"},"modified":"2021-09-07T23:02:26","modified_gmt":"2021-09-07T23:02:26","slug":"ic-ice-gecebilen-depolama-kuveti-6430","status":"publish","type":"product","link":"https:\/\/www.plastic-crates.com\/tr\/urun\/ic-ice-gecebilen-depolama-kuveti-6430\/","title":{"rendered":"Yuvalanabilir Depolama K\u00fcveti 6430"},"content":{"rendered":"<p><strong>Yuvalanabilir Depolama K\u00fcvetleri<\/strong>\u00a0Montaj hatt\u0131 kullan\u0131m\u0131, malzeme veya imal edilmi\u015f par\u00e7alar\u0131n depolanmas\u0131 i\u00e7in m\u00fckemmeldir. \u0130\u00e7 i\u00e7e ge\u00e7en kasalar doluyken istiflenebilir, 180\u00b0 d\u00f6nebilir ve bo\u015fken i\u00e7 i\u00e7e ge\u00e7ebilir. Kal\u0131planm\u0131\u015f tutma yerleri g\u00fcvenli ve ergonomik tutma yerleri sa\u011flar. S\u0131cak su veya standart deterjanlarla buharda kolayca temizlenebilir.<br \/>\nYuvalama kutusu \u00fcst \u00fcste istiflenebilir, bu sadece yerden tasarruf etmeye yard\u0131mc\u0131 olmakla kalmaz, plastik ta\u015f\u0131ma kutular\u0131 ta\u015f\u0131may\u0131 daha kolay ve daha g\u00fcvenli hale getirir, 75% yerden tasarruf sa\u011flar<\/p>\n<p><img loading=\"lazy\" decoding=\"async\" class=\"alignnone size-medium wp-image-1649\" src=\"https:\/\/www.plastic-crates.com\/wp-content\/uploads\/2018\/12\/Uncapping-Tank_large-300x296.jpg\" alt=\"Yuvalanabilir Depolama K\u00fcveti \" width=\"300\" height=\"296\" srcset=\"https:\/\/www.plastic-crates.com\/wp-content\/uploads\/2018\/12\/Uncapping-Tank_large-300x296.jpg 300w, https:\/\/www.plastic-crates.com\/wp-content\/uploads\/2018\/12\/Uncapping-Tank_large-100x100.jpg 100w, https:\/\/www.plastic-crates.com\/wp-content\/uploads\/2018\/12\/Uncapping-Tank_large.jpg 480w\" sizes=\"auto, (max-width: 300px) 100vw, 300px\" \/><\/p>","protected":false},"excerpt":{"rendered":"<p><strong>\u00d6zellikler ve Avantajlar<\/strong><\/p>\n<ul>\n<li>Konteyner k\u00fcp\u00fc 48\u2033 x 45\u2033 paletler<\/li>\n<li>G\u00fc\u00e7lendirilmi\u015f yanlar ve tabanlar \u00fcr\u00fcn korumas\u0131n\u0131 art\u0131r\u0131r<\/li>\n<li>Birlikte \u00e7al\u0131\u015fma boyutlar\u0131, palet \u00fczerinde kar\u0131\u015f\u0131k istiflemeye olanak tan\u0131r<\/li>\n<li>Se\u00e7ili boyutlarda ek \u00fcr\u00fcn korumas\u0131 i\u00e7in toz ete\u011fi<\/li>\n<li>Mevcut sisteminizi geni\u015fletmek i\u00e7in di\u011fer markalarla uyumludur<\/li>\n<li>Kolay kald\u0131rma i\u00e7in ergonomik kulplar<\/li>\n<li>Enjeksiyon kal\u0131pl\u0131 HDPE yap\u0131s\u0131 darbeye, neme ve \u00e7o\u011fu kimyasala dayan\u0131kl\u0131d\u0131r<\/li>\n<li>-20\u02da ila 120\u02da F aras\u0131ndaki s\u0131cakl\u0131klarda kullan\u0131n<\/li>\n<li>\u00d6zelle\u015ftirme ve tan\u0131mlama se\u00e7enekleri mevcuttur<\/li>\n<li>Bir y\u0131ll\u0131k s\u0131n\u0131rl\u0131 garantiyle desteklenmektedir<\/li>\n<li>100% geri d\u00f6n\u00fc\u015ft\u00fcr\u00fclebilir<\/li>\n<\/ul>","protected":false},"featured_media":1649,"template":"","meta":{"_acf_changed":false},"product_brand":[],"product_cat":[80],"product_tag":[81,82],"class_list":{"0":"post-1648","1":"product","2":"type-product","3":"status-publish","4":"has-post-thumbnail","6":"product_cat-nestable-storage-tub","7":"product_tag-nestable-storage-tub","8":"product_tag-storage-tubs","10":"first","11":"instock","12":"shipping-taxable","13":"product-type-simple"},"acf":[],"yoast_head":"<!-- This site is optimized with the Yoast SEO plugin v26.1.1 - https:\/\/yoast.com\/wordpress\/plugins\/seo\/ -->\n<title>Nestable Storage Tub 6430 - plastic-crates.com<\/title>\n<meta name=\"robots\" content=\"index, follow, max-snippet:-1, max-image-preview:large, max-video-preview:-1\" \/>\n<link rel=\"canonical\" href=\"https:\/\/www.plastic-crates.com\/tr\/urun\/ic-ice-gecebilen-depolama-kuveti-6430\/\" \/>\n<meta property=\"og:locale\" content=\"tr_TR\" \/>\n<meta property=\"og:type\" content=\"article\" \/>\n<meta property=\"og:title\" content=\"Nestable Storage Tub 6430 - plastic-crates.com\" \/>\n<meta property=\"og:description\" content=\"Features and Benefits   Containers cube 48\u2033 x 45\u2033 pallets  Reinforced sides and bottoms enhance product protection  Interworking sizes allow mixed stacking on a pallet  Dust skirt on select sizes for added product protection  Compatible with other brands to expand your existing system  Ergonomic handles for easy lifting  Injection-molded HDPE construction resists impact, moisture and most chemicals  Use with temperatures of -20\u02da to 120\u02da F  Customization and identification options available  Backed by a one-year limited warranty  100% recyclable\" \/>\n<meta property=\"og:url\" content=\"https:\/\/www.plastic-crates.com\/tr\/urun\/ic-ice-gecebilen-depolama-kuveti-6430\/\" \/>\n<meta property=\"og:site_name\" content=\"plastic-crates.com\" \/>\n<meta property=\"article:modified_time\" content=\"2021-09-07T23:02:26+00:00\" \/>\n<meta property=\"og:image\" content=\"https:\/\/www.plastic-crates.com\/wp-content\/uploads\/2018\/12\/Uncapping-Tank_large.jpg\" \/>\n\t<meta property=\"og:image:width\" content=\"480\" \/>\n\t<meta property=\"og:image:height\" content=\"473\" \/>\n\t<meta property=\"og:image:type\" content=\"image\/jpeg\" \/>\n<meta name=\"twitter:card\" content=\"summary_large_image\" \/>\n<script type=\"application\/ld+json\" class=\"yoast-schema-graph\">{\"@context\":\"https:\/\/schema.org\",\"@graph\":[{\"@type\":\"WebPage\",\"@id\":\"https:\/\/www.plastic-crates.com\/product\/nestable-storage-tub-6430\/\",\"url\":\"https:\/\/www.plastic-crates.com\/product\/nestable-storage-tub-6430\/\",\"name\":\"Nestable Storage Tub 6430 - plastic-crates.com\",\"isPartOf\":{\"@id\":\"https:\/\/www.plastic-crates.com\/#website\"},\"primaryImageOfPage\":{\"@id\":\"https:\/\/www.plastic-crates.com\/product\/nestable-storage-tub-6430\/#primaryimage\"},\"image\":{\"@id\":\"https:\/\/www.plastic-crates.com\/product\/nestable-storage-tub-6430\/#primaryimage\"},\"thumbnailUrl\":\"https:\/\/www.plastic-crates.com\/wp-content\/uploads\/2018\/12\/Uncapping-Tank_large.jpg\",\"datePublished\":\"2018-12-11T08:12:32+00:00\",\"dateModified\":\"2021-09-07T23:02:26+00:00\",\"breadcrumb\":{\"@id\":\"https:\/\/www.plastic-crates.com\/product\/nestable-storage-tub-6430\/#breadcrumb\"},\"inLanguage\":\"tr\",\"potentialAction\":[{\"@type\":\"ReadAction\",\"target\":[\"https:\/\/www.plastic-crates.com\/product\/nestable-storage-tub-6430\/\"]}]},{\"@type\":\"ImageObject\",\"inLanguage\":\"tr\",\"@id\":\"https:\/\/www.plastic-crates.com\/product\/nestable-storage-tub-6430\/#primaryimage\",\"url\":\"https:\/\/www.plastic-crates.com\/wp-content\/uploads\/2018\/12\/Uncapping-Tank_large.jpg\",\"contentUrl\":\"https:\/\/www.plastic-crates.com\/wp-content\/uploads\/2018\/12\/Uncapping-Tank_large.jpg\",\"width\":480,\"height\":473,\"caption\":\"Nestable Storage Tub\"},{\"@type\":\"BreadcrumbList\",\"@id\":\"https:\/\/www.plastic-crates.com\/product\/nestable-storage-tub-6430\/#breadcrumb\",\"itemListElement\":[{\"@type\":\"ListItem\",\"position\":1,\"name\":\"Home\",\"item\":\"https:\/\/www.plastic-crates.com\/\"},{\"@type\":\"ListItem\",\"position\":2,\"name\":\"Products\",\"item\":\"https:\/\/www.plastic-crates.com\/shop\/\"},{\"@type\":\"ListItem\",\"position\":3,\"name\":\"Nestable Storage Tub 6430\"}]},{\"@type\":\"WebSite\",\"@id\":\"https:\/\/www.plastic-crates.com\/#website\",\"url\":\"https:\/\/www.plastic-crates.com\/\",\"name\":\"plastic-crates.com\",\"description\":\"Leading plastic crates manufacturer in China\",\"potentialAction\":[{\"@type\":\"SearchAction\",\"target\":{\"@type\":\"EntryPoint\",\"urlTemplate\":\"https:\/\/www.plastic-crates.com\/?s={search_term_string}\"},\"query-input\":{\"@type\":\"PropertyValueSpecification\",\"valueRequired\":true,\"valueName\":\"search_term_string\"}}],\"inLanguage\":\"tr\"}]}<\/script>\n<!-- \/ Yoast SEO plugin. -->","yoast_head_json":{"title":"Yuvalanabilir Depolama K\u00fcveti 6430 - Plastic-crates.com","robots":{"index":"index","follow":"follow","max-snippet":"max-snippet:-1","max-image-preview":"max-image-preview:large","max-video-preview":"max-video-preview:-1"},"canonical":"https:\/\/www.plastic-crates.com\/tr\/urun\/ic-ice-gecebilen-depolama-kuveti-6430\/","og_locale":"tr_TR","og_type":"article","og_title":"Nestable Storage Tub 6430 - plastic-crates.com","og_description":"Features and Benefits   Containers cube 48\u2033 x 45\u2033 pallets  Reinforced sides and bottoms enhance product protection  Interworking sizes allow mixed stacking on a pallet  Dust skirt on select sizes for added product protection  Compatible with other brands to expand your existing system  Ergonomic handles for easy lifting  Injection-molded HDPE construction resists impact, moisture and most chemicals  Use with temperatures of -20\u02da to 120\u02da F  Customization and identification options available  Backed by a one-year limited warranty  100% recyclable","og_url":"https:\/\/www.plastic-crates.com\/tr\/urun\/ic-ice-gecebilen-depolama-kuveti-6430\/","og_site_name":"plastic-crates.com","article_modified_time":"2021-09-07T23:02:26+00:00","og_image":[{"width":480,"height":473,"url":"https:\/\/www.plastic-crates.com\/wp-content\/uploads\/2018\/12\/Uncapping-Tank_large.jpg","type":"image\/jpeg"}],"twitter_card":"summary_large_image","schema":{"@context":"https:\/\/schema.org","@graph":[{"@type":"WebPage","@id":"https:\/\/www.plastic-crates.com\/product\/nestable-storage-tub-6430\/","url":"https:\/\/www.plastic-crates.com\/product\/nestable-storage-tub-6430\/","name":"Yuvalanabilir Depolama K\u00fcveti 6430 - Plastic-crates.com","isPartOf":{"@id":"https:\/\/www.plastic-crates.com\/#website"},"primaryImageOfPage":{"@id":"https:\/\/www.plastic-crates.com\/product\/nestable-storage-tub-6430\/#primaryimage"},"image":{"@id":"https:\/\/www.plastic-crates.com\/product\/nestable-storage-tub-6430\/#primaryimage"},"thumbnailUrl":"https:\/\/www.plastic-crates.com\/wp-content\/uploads\/2018\/12\/Uncapping-Tank_large.jpg","datePublished":"2018-12-11T08:12:32+00:00","dateModified":"2021-09-07T23:02:26+00:00","breadcrumb":{"@id":"https:\/\/www.plastic-crates.com\/product\/nestable-storage-tub-6430\/#breadcrumb"},"inLanguage":"tr","potentialAction":[{"@type":"ReadAction","target":["https:\/\/www.plastic-crates.com\/product\/nestable-storage-tub-6430\/"]}]},{"@type":"ImageObject","inLanguage":"tr","@id":"https:\/\/www.plastic-crates.com\/product\/nestable-storage-tub-6430\/#primaryimage","url":"https:\/\/www.plastic-crates.com\/wp-content\/uploads\/2018\/12\/Uncapping-Tank_large.jpg","contentUrl":"https:\/\/www.plastic-crates.com\/wp-content\/uploads\/2018\/12\/Uncapping-Tank_large.jpg","width":480,"height":473,"caption":"Nestable Storage Tub"},{"@type":"BreadcrumbList","@id":"https:\/\/www.plastic-crates.com\/product\/nestable-storage-tub-6430\/#breadcrumb","itemListElement":[{"@type":"ListItem","position":1,"name":"Home","item":"https:\/\/www.plastic-crates.com\/"},{"@type":"ListItem","position":2,"name":"Products","item":"https:\/\/www.plastic-crates.com\/shop\/"},{"@type":"ListItem","position":3,"name":"Nestable Storage Tub 6430"}]},{"@type":"WebSite","@id":"https:\/\/www.plastic-crates.com\/#website","url":"https:\/\/www.plastic-crates.com\/","name":"plastic-crates.com","description":"\u00c7in&#039;in \u00f6nde gelen plastik kasa \u00fcreticisi","potentialAction":[{"@type":"SearchAction","target":{"@type":"EntryPoint","urlTemplate":"https:\/\/www.plastic-crates.com\/?s={search_term_string}"},"query-input":{"@type":"PropertyValueSpecification","valueRequired":true,"valueName":"search_term_string"}}],"inLanguage":"tr"}]}},"_links":{"self":[{"href":"https:\/\/www.plastic-crates.com\/tr\/wp-json\/wp\/v2\/product\/1648","targetHints":{"allow":["GET"]}}],"collection":[{"href":"https:\/\/www.plastic-crates.com\/tr\/wp-json\/wp\/v2\/product"}],"about":[{"href":"https:\/\/www.plastic-crates.com\/tr\/wp-json\/wp\/v2\/types\/product"}],"wp:featuredmedia":[{"embeddable":true,"href":"https:\/\/www.plastic-crates.com\/tr\/wp-json\/wp\/v2\/media\/1649"}],"wp:attachment":[{"href":"https:\/\/www.plastic-crates.com\/tr\/wp-json\/wp\/v2\/media?parent=1648"}],"wp:term":[{"taxonomy":"product_brand","embeddable":true,"href":"https:\/\/www.plastic-crates.com\/tr\/wp-json\/wp\/v2\/product_brand?post=1648"},{"taxonomy":"product_cat","embeddable":true,"href":"https:\/\/www.plastic-crates.com\/tr\/wp-json\/wp\/v2\/product_cat?post=1648"},{"taxonomy":"product_tag","embeddable":true,"href":"https:\/\/www.plastic-crates.com\/tr\/wp-json\/wp\/v2\/product_tag?post=1648"}],"curies":[{"name":"wp","href":"https:\/\/api.w.org\/{rel}","templated":true}]}}