{"id":6086,"date":"2019-10-10T11:39:26","date_gmt":"2019-10-10T11:39:26","guid":{"rendered":"https:\/\/www.plastic-crates.com\/product\/mesh-style-folding-containers-vegetable-storage-crates\/"},"modified":"2025-04-15T21:48:26","modified_gmt":"2025-04-15T21:48:26","slug":"orgu-tarzi-katlanir-kaplar-sebze-saklama-kasalari","status":"publish","type":"product","link":"https:\/\/www.plastic-crates.com\/tr\/urun\/orgu-tarzi-katlanir-kaplar-sebze-saklama-kasalari\/","title":{"rendered":"\u00f6rg\u00fc tarz\u0131 katlan\u0131r kaplar-sebze saklama kasalar\u0131"},"content":{"rendered":"","protected":false},"excerpt":{"rendered":"<div><a href=\"https:\/\/www.plastic-crates.com\/tr\/urun-kategori\/katlanabilir-kutu\/\" target=\"_blank\" rel=\"noopener noreferrer\">katlanabilir plastik saklama kasalar\u0131<\/a>,<a href=\"https:\/\/www.plastic-crates.com\/tr\/urun-kategori\/parca-depolama-kutulari\/\" target=\"_blank\" rel=\"noopener noreferrer\">duvara monte plastik \u00e7\u00f6p kutusu<\/a>,<a href=\"https:\/\/www.plastic-crates.com\/tr\/urun-kategori\/istiflenebilir-konteynerler\/\" target=\"_blank\" rel=\"noopener noreferrer\">sebze kutular\u0131n\u0131 istifleme<\/a>,<a href=\"https:\/\/www.plastic-crates.com\/tr\/urun-kategori\/palet-konteyneri\/\" target=\"_blank\" rel=\"noopener noreferrer\">toplu plastik depolama kutular\u0131<\/a>,<a href=\"https:\/\/www.plastic-crates.com\/tr\/urun-kategori\/kapakli-cantalar\/\" target=\"_blank\" rel=\"noopener noreferrer\">b\u00fcy\u00fck plastik saklama kaplar\u0131<\/a><\/div>","protected":false},"featured_media":6087,"template":"","meta":{"_acf_changed":false},"product_brand":[],"product_cat":[11],"product_tag":[23],"class_list":{"0":"post-6086","1":"product","2":"type-product","3":"status-publish","4":"has-post-thumbnail","6":"product_cat-collapsable-box","7":"product_tag-collapsible-plastic-crate","9":"first","10":"instock","11":"product-type-simple"},"acf":[],"yoast_head":"<!-- This site is optimized with the Yoast SEO plugin v26.1.1 - https:\/\/yoast.com\/wordpress\/plugins\/seo\/ -->\n<title>mesh style folding containers wholesale &amp; Factory Price<\/title>\n<meta name=\"description\" content=\"Wholesale mesh style folding containers, collapsable box supplier, Dimensions(L*W*H):600 * 400 * 205 mm, Volume: 40L, mesh style folding containers for sale\" \/>\n<meta name=\"robots\" content=\"index, follow, max-snippet:-1, max-image-preview:large, max-video-preview:-1\" \/>\n<link rel=\"canonical\" href=\"https:\/\/www.plastic-crates.com\/tr\/urun\/orgu-tarzi-katlanir-kaplar-sebze-saklama-kasalari\/\" \/>\n<meta property=\"og:locale\" content=\"tr_TR\" \/>\n<meta property=\"og:type\" content=\"article\" \/>\n<meta property=\"og:title\" content=\"mesh style folding containers\" \/>\n<meta property=\"og:description\" content=\"Wholesale mesh style folding containers, collapsable box supplier, Dimensions(L*W*H):600 * 400 * 205 mm, Volume: 40L, mesh style folding containers for sale\" \/>\n<meta property=\"og:url\" content=\"https:\/\/www.plastic-crates.com\/tr\/urun\/orgu-tarzi-katlanir-kaplar-sebze-saklama-kasalari\/\" \/>\n<meta property=\"og:site_name\" content=\"plastic-crates.com\" \/>\n<meta property=\"article:modified_time\" content=\"2025-04-15T21:48:26+00:00\" \/>\n<meta property=\"og:image\" content=\"https:\/\/www.plastic-crates.com\/wp-content\/uploads\/2019\/11\/mesh-style-folding-containers.jpg\" \/>\n\t<meta property=\"og:image:width\" content=\"700\" \/>\n\t<meta property=\"og:image:height\" content=\"700\" \/>\n\t<meta property=\"og:image:type\" content=\"image\/jpeg\" \/>\n<meta name=\"twitter:card\" content=\"summary_large_image\" \/>\n<meta name=\"twitter:title\" content=\"mesh style folding containers\" \/>\n<meta name=\"twitter:label1\" content=\"Tahmini okuma s\u00fcresi\" \/>\n\t<meta name=\"twitter:data1\" content=\"1 dakika\" \/>\n<script type=\"application\/ld+json\" class=\"yoast-schema-graph\">{\"@context\":\"https:\/\/schema.org\",\"@graph\":[{\"@type\":\"WebPage\",\"@id\":\"https:\/\/www.plastic-crates.com\/product\/mesh-style-folding-containers-vegetable-storage-crates\/\",\"url\":\"https:\/\/www.plastic-crates.com\/product\/mesh-style-folding-containers-vegetable-storage-crates\/\",\"name\":\"mesh style folding containers wholesale & Factory Price\",\"isPartOf\":{\"@id\":\"https:\/\/www.plastic-crates.com\/#website\"},\"primaryImageOfPage\":{\"@id\":\"https:\/\/www.plastic-crates.com\/product\/mesh-style-folding-containers-vegetable-storage-crates\/#primaryimage\"},\"image\":{\"@id\":\"https:\/\/www.plastic-crates.com\/product\/mesh-style-folding-containers-vegetable-storage-crates\/#primaryimage\"},\"thumbnailUrl\":\"https:\/\/www.plastic-crates.com\/wp-content\/uploads\/2019\/11\/mesh-style-folding-containers.jpg\",\"datePublished\":\"2019-10-10T11:39:26+00:00\",\"dateModified\":\"2025-04-15T21:48:26+00:00\",\"description\":\"Wholesale mesh style folding containers, collapsable box supplier, Dimensions(L*W*H):600 * 400 * 205 mm, Volume: 40L, mesh style folding containers for sale\",\"breadcrumb\":{\"@id\":\"https:\/\/www.plastic-crates.com\/product\/mesh-style-folding-containers-vegetable-storage-crates\/#breadcrumb\"},\"inLanguage\":\"tr\",\"potentialAction\":[{\"@type\":\"ReadAction\",\"target\":[\"https:\/\/www.plastic-crates.com\/product\/mesh-style-folding-containers-vegetable-storage-crates\/\"]}]},{\"@type\":\"ImageObject\",\"inLanguage\":\"tr\",\"@id\":\"https:\/\/www.plastic-crates.com\/product\/mesh-style-folding-containers-vegetable-storage-crates\/#primaryimage\",\"url\":\"https:\/\/www.plastic-crates.com\/wp-content\/uploads\/2019\/11\/mesh-style-folding-containers.jpg\",\"contentUrl\":\"https:\/\/www.plastic-crates.com\/wp-content\/uploads\/2019\/11\/mesh-style-folding-containers.jpg\",\"width\":700,\"height\":700,\"caption\":\"mesh style folding containers\"},{\"@type\":\"BreadcrumbList\",\"@id\":\"https:\/\/www.plastic-crates.com\/product\/mesh-style-folding-containers-vegetable-storage-crates\/#breadcrumb\",\"itemListElement\":[{\"@type\":\"ListItem\",\"position\":1,\"name\":\"Home\",\"item\":\"https:\/\/www.plastic-crates.com\/\"},{\"@type\":\"ListItem\",\"position\":2,\"name\":\"Products\",\"item\":\"https:\/\/www.plastic-crates.com\/shop\/\"},{\"@type\":\"ListItem\",\"position\":3,\"name\":\"mesh style folding containers-vegetable storage crates\"}]},{\"@type\":\"WebSite\",\"@id\":\"https:\/\/www.plastic-crates.com\/#website\",\"url\":\"https:\/\/www.plastic-crates.com\/\",\"name\":\"plastic-crates.com\",\"description\":\"Leading plastic crates manufacturer in China\",\"potentialAction\":[{\"@type\":\"SearchAction\",\"target\":{\"@type\":\"EntryPoint\",\"urlTemplate\":\"https:\/\/www.plastic-crates.com\/?s={search_term_string}\"},\"query-input\":{\"@type\":\"PropertyValueSpecification\",\"valueRequired\":true,\"valueName\":\"search_term_string\"}}],\"inLanguage\":\"tr\"}]}<\/script>\n<!-- \/ Yoast SEO plugin. -->","yoast_head_json":{"title":"\u00f6rg\u00fc tarz\u0131 katlan\u0131r kaplar toptan ve fabrika fiyat\u0131","description":"Toptan file tarz\u0131 katlan\u0131r kaplar, katlanabilir kutu tedarik\u00e7isi, Boyutlar (U*G*Y): 600 * 400 * 205 mm, Hacim: 40L, sat\u0131l\u0131k file tarz\u0131 katlan\u0131r kaplar","robots":{"index":"index","follow":"follow","max-snippet":"max-snippet:-1","max-image-preview":"max-image-preview:large","max-video-preview":"max-video-preview:-1"},"canonical":"https:\/\/www.plastic-crates.com\/tr\/urun\/orgu-tarzi-katlanir-kaplar-sebze-saklama-kasalari\/","og_locale":"tr_TR","og_type":"article","og_title":"mesh style folding containers","og_description":"Wholesale mesh style folding containers, collapsable box supplier, Dimensions(L*W*H):600 * 400 * 205 mm, Volume: 40L, mesh style folding containers for sale","og_url":"https:\/\/www.plastic-crates.com\/tr\/urun\/orgu-tarzi-katlanir-kaplar-sebze-saklama-kasalari\/","og_site_name":"plastic-crates.com","article_modified_time":"2025-04-15T21:48:26+00:00","og_image":[{"width":700,"height":700,"url":"https:\/\/www.plastic-crates.com\/wp-content\/uploads\/2019\/11\/mesh-style-folding-containers.jpg","type":"image\/jpeg"}],"twitter_card":"summary_large_image","twitter_title":"mesh style folding containers","twitter_misc":{"Tahmini okuma s\u00fcresi":"1 dakika"},"schema":{"@context":"https:\/\/schema.org","@graph":[{"@type":"WebPage","@id":"https:\/\/www.plastic-crates.com\/product\/mesh-style-folding-containers-vegetable-storage-crates\/","url":"https:\/\/www.plastic-crates.com\/product\/mesh-style-folding-containers-vegetable-storage-crates\/","name":"\u00f6rg\u00fc tarz\u0131 katlan\u0131r kaplar toptan ve fabrika fiyat\u0131","isPartOf":{"@id":"https:\/\/www.plastic-crates.com\/#website"},"primaryImageOfPage":{"@id":"https:\/\/www.plastic-crates.com\/product\/mesh-style-folding-containers-vegetable-storage-crates\/#primaryimage"},"image":{"@id":"https:\/\/www.plastic-crates.com\/product\/mesh-style-folding-containers-vegetable-storage-crates\/#primaryimage"},"thumbnailUrl":"https:\/\/www.plastic-crates.com\/wp-content\/uploads\/2019\/11\/mesh-style-folding-containers.jpg","datePublished":"2019-10-10T11:39:26+00:00","dateModified":"2025-04-15T21:48:26+00:00","description":"Toptan file tarz\u0131 katlan\u0131r kaplar, katlanabilir kutu tedarik\u00e7isi, Boyutlar (U*G*Y): 600 * 400 * 205 mm, Hacim: 40L, sat\u0131l\u0131k file tarz\u0131 katlan\u0131r kaplar","breadcrumb":{"@id":"https:\/\/www.plastic-crates.com\/product\/mesh-style-folding-containers-vegetable-storage-crates\/#breadcrumb"},"inLanguage":"tr","potentialAction":[{"@type":"ReadAction","target":["https:\/\/www.plastic-crates.com\/product\/mesh-style-folding-containers-vegetable-storage-crates\/"]}]},{"@type":"ImageObject","inLanguage":"tr","@id":"https:\/\/www.plastic-crates.com\/product\/mesh-style-folding-containers-vegetable-storage-crates\/#primaryimage","url":"https:\/\/www.plastic-crates.com\/wp-content\/uploads\/2019\/11\/mesh-style-folding-containers.jpg","contentUrl":"https:\/\/www.plastic-crates.com\/wp-content\/uploads\/2019\/11\/mesh-style-folding-containers.jpg","width":700,"height":700,"caption":"mesh style folding containers"},{"@type":"BreadcrumbList","@id":"https:\/\/www.plastic-crates.com\/product\/mesh-style-folding-containers-vegetable-storage-crates\/#breadcrumb","itemListElement":[{"@type":"ListItem","position":1,"name":"Home","item":"https:\/\/www.plastic-crates.com\/"},{"@type":"ListItem","position":2,"name":"Products","item":"https:\/\/www.plastic-crates.com\/shop\/"},{"@type":"ListItem","position":3,"name":"mesh style folding containers-vegetable storage crates"}]},{"@type":"WebSite","@id":"https:\/\/www.plastic-crates.com\/#website","url":"https:\/\/www.plastic-crates.com\/","name":"plastic-crates.com","description":"\u00c7in&#039;in \u00f6nde gelen plastik kasa \u00fcreticisi","potentialAction":[{"@type":"SearchAction","target":{"@type":"EntryPoint","urlTemplate":"https:\/\/www.plastic-crates.com\/?s={search_term_string}"},"query-input":{"@type":"PropertyValueSpecification","valueRequired":true,"valueName":"search_term_string"}}],"inLanguage":"tr"}]}},"_links":{"self":[{"href":"https:\/\/www.plastic-crates.com\/tr\/wp-json\/wp\/v2\/product\/6086","targetHints":{"allow":["GET"]}}],"collection":[{"href":"https:\/\/www.plastic-crates.com\/tr\/wp-json\/wp\/v2\/product"}],"about":[{"href":"https:\/\/www.plastic-crates.com\/tr\/wp-json\/wp\/v2\/types\/product"}],"wp:featuredmedia":[{"embeddable":true,"href":"https:\/\/www.plastic-crates.com\/tr\/wp-json\/wp\/v2\/media\/6087"}],"wp:attachment":[{"href":"https:\/\/www.plastic-crates.com\/tr\/wp-json\/wp\/v2\/media?parent=6086"}],"wp:term":[{"taxonomy":"product_brand","embeddable":true,"href":"https:\/\/www.plastic-crates.com\/tr\/wp-json\/wp\/v2\/product_brand?post=6086"},{"taxonomy":"product_cat","embeddable":true,"href":"https:\/\/www.plastic-crates.com\/tr\/wp-json\/wp\/v2\/product_cat?post=6086"},{"taxonomy":"product_tag","embeddable":true,"href":"https:\/\/www.plastic-crates.com\/tr\/wp-json\/wp\/v2\/product_tag?post=6086"}],"curies":[{"name":"wp","href":"https:\/\/api.w.org\/{rel}","templated":true}]}}