{"id":6092,"date":"2019-07-30T22:38:33","date_gmt":"2019-07-30T22:38:33","guid":{"rendered":"https:\/\/www.plastic-crates.com\/product\/foldable-pp-box-300-150\/"},"modified":"2019-11-23T03:43:29","modified_gmt":"2019-11-23T03:43:29","slug":"katlanabilir-pp-kutusu-300-150","status":"publish","type":"product","link":"https:\/\/www.plastic-crates.com\/tr\/urun\/katlanabilir-pp-kutusu-300-150\/","title":{"rendered":"katlanabilir pp kutusu-300-150"},"content":{"rendered":"","protected":false},"excerpt":{"rendered":"<div><a href=\"https:\/\/www.plastic-crates.com\/tr\/urun-kategori\/kapakli-cantalar\/\" target=\"_blank\" rel=\"noopener noreferrer\">tote kaplar<\/a>,<a href=\"https:\/\/www.plastic-crates.com\/tr\/urun-kategori\/parca-depolama-kutulari\/\" target=\"_blank\" rel=\"noopener noreferrer\">bin raf \u00fcniteleri<\/a>,<a href=\"https:\/\/www.plastic-crates.com\/tr\/urun-kategori\/istiflenebilir-konteynerler\/\" target=\"_blank\" rel=\"noopener noreferrer\">sat\u0131l\u0131k euro kasalar\u0131<\/a>,<a href=\"https:\/\/www.plastic-crates.com\/tr\/urun-kategori\/palet-konteyneri\/\" target=\"_blank\" rel=\"noopener noreferrer\">katlanabilir palet kutular\u0131<\/a>,<a href=\"https:\/\/www.plastic-crates.com\/tr\/urun-kategori\/katlanabilir-kutu\/\" target=\"_blank\" rel=\"noopener noreferrer\">katlan\u0131r plastik kutu<\/a><\/div>","protected":false},"featured_media":6093,"template":"","meta":{"_acf_changed":false},"product_brand":[],"product_cat":[11],"product_tag":[23,121],"class_list":{"0":"post-6092","1":"product","2":"type-product","3":"status-publish","4":"has-post-thumbnail","6":"product_cat-collapsable-box","7":"product_tag-collapsible-plastic-crate","8":"product_tag-foldable-storage-box","10":"first","11":"instock","12":"product-type-simple"},"acf":[],"yoast_head":"<!-- This site is optimized with the Yoast SEO plugin v26.1.1 - https:\/\/yoast.com\/wordpress\/plugins\/seo\/ -->\n<title>foldable pp box wholesale &amp; Factory Price<\/title>\n<meta name=\"description\" content=\"Wholesale foldable pp box, collapsable box supplier, Dimensions(L*W*H):300 * 200 * 150 mm, Volume: 8.2L, foldable pp box for sale\" \/>\n<meta name=\"robots\" content=\"index, follow, max-snippet:-1, max-image-preview:large, max-video-preview:-1\" \/>\n<link rel=\"canonical\" href=\"https:\/\/www.plastic-crates.com\/tr\/urun\/katlanabilir-pp-kutusu-300-150\/\" \/>\n<meta property=\"og:locale\" content=\"tr_TR\" \/>\n<meta property=\"og:type\" content=\"article\" \/>\n<meta property=\"og:title\" content=\"foldable pp box\" \/>\n<meta property=\"og:description\" content=\"Wholesale foldable pp box, collapsable box supplier, Dimensions(L*W*H):300 * 200 * 150 mm, Volume: 8.2L, foldable pp box for sale\" \/>\n<meta property=\"og:url\" content=\"https:\/\/www.plastic-crates.com\/tr\/urun\/katlanabilir-pp-kutusu-300-150\/\" \/>\n<meta property=\"og:site_name\" content=\"plastic-crates.com\" \/>\n<meta property=\"article:modified_time\" content=\"2019-11-23T03:43:29+00:00\" \/>\n<meta property=\"og:image\" content=\"https:\/\/www.plastic-crates.com\/wp-content\/uploads\/2019\/11\/foldable-pp-box.jpg\" \/>\n\t<meta property=\"og:image:width\" content=\"3984\" \/>\n\t<meta property=\"og:image:height\" content=\"2656\" \/>\n\t<meta property=\"og:image:type\" content=\"image\/jpeg\" \/>\n<meta name=\"twitter:card\" content=\"summary_large_image\" \/>\n<meta name=\"twitter:title\" content=\"foldable pp box\" \/>\n<script type=\"application\/ld+json\" class=\"yoast-schema-graph\">{\"@context\":\"https:\/\/schema.org\",\"@graph\":[{\"@type\":\"WebPage\",\"@id\":\"https:\/\/www.plastic-crates.com\/product\/foldable-pp-box-300-150\/\",\"url\":\"https:\/\/www.plastic-crates.com\/product\/foldable-pp-box-300-150\/\",\"name\":\"foldable pp box wholesale & Factory Price\",\"isPartOf\":{\"@id\":\"https:\/\/www.plastic-crates.com\/#website\"},\"primaryImageOfPage\":{\"@id\":\"https:\/\/www.plastic-crates.com\/product\/foldable-pp-box-300-150\/#primaryimage\"},\"image\":{\"@id\":\"https:\/\/www.plastic-crates.com\/product\/foldable-pp-box-300-150\/#primaryimage\"},\"thumbnailUrl\":\"https:\/\/www.plastic-crates.com\/wp-content\/uploads\/2019\/11\/foldable-pp-box.jpg\",\"datePublished\":\"2019-07-30T22:38:33+00:00\",\"dateModified\":\"2019-11-23T03:43:29+00:00\",\"description\":\"Wholesale foldable pp box, collapsable box supplier, Dimensions(L*W*H):300 * 200 * 150 mm, Volume: 8.2L, foldable pp box for sale\",\"breadcrumb\":{\"@id\":\"https:\/\/www.plastic-crates.com\/product\/foldable-pp-box-300-150\/#breadcrumb\"},\"inLanguage\":\"tr\",\"potentialAction\":[{\"@type\":\"ReadAction\",\"target\":[\"https:\/\/www.plastic-crates.com\/product\/foldable-pp-box-300-150\/\"]}]},{\"@type\":\"ImageObject\",\"inLanguage\":\"tr\",\"@id\":\"https:\/\/www.plastic-crates.com\/product\/foldable-pp-box-300-150\/#primaryimage\",\"url\":\"https:\/\/www.plastic-crates.com\/wp-content\/uploads\/2019\/11\/foldable-pp-box.jpg\",\"contentUrl\":\"https:\/\/www.plastic-crates.com\/wp-content\/uploads\/2019\/11\/foldable-pp-box.jpg\",\"width\":3984,\"height\":2656,\"caption\":\"foldable pp box\"},{\"@type\":\"BreadcrumbList\",\"@id\":\"https:\/\/www.plastic-crates.com\/product\/foldable-pp-box-300-150\/#breadcrumb\",\"itemListElement\":[{\"@type\":\"ListItem\",\"position\":1,\"name\":\"Home\",\"item\":\"https:\/\/www.plastic-crates.com\/\"},{\"@type\":\"ListItem\",\"position\":2,\"name\":\"Products\",\"item\":\"https:\/\/www.plastic-crates.com\/shop\/\"},{\"@type\":\"ListItem\",\"position\":3,\"name\":\"foldable pp box-300-150\"}]},{\"@type\":\"WebSite\",\"@id\":\"https:\/\/www.plastic-crates.com\/#website\",\"url\":\"https:\/\/www.plastic-crates.com\/\",\"name\":\"plastic-crates.com\",\"description\":\"Leading plastic crates manufacturer in China\",\"potentialAction\":[{\"@type\":\"SearchAction\",\"target\":{\"@type\":\"EntryPoint\",\"urlTemplate\":\"https:\/\/www.plastic-crates.com\/?s={search_term_string}\"},\"query-input\":{\"@type\":\"PropertyValueSpecification\",\"valueRequired\":true,\"valueName\":\"search_term_string\"}}],\"inLanguage\":\"tr\"}]}<\/script>\n<!-- \/ Yoast SEO plugin. -->","yoast_head_json":{"title":"katlanabilir pp kutu toptan ve fabrika fiyat\u0131","description":"Toptan katlanabilir pp kutu, katlanabilir kutu tedarik\u00e7isi, Boyutlar (U*G*Y): 300 * 200 * 150 mm, Hacim: 8,2 L, sat\u0131l\u0131k katlanabilir pp kutu","robots":{"index":"index","follow":"follow","max-snippet":"max-snippet:-1","max-image-preview":"max-image-preview:large","max-video-preview":"max-video-preview:-1"},"canonical":"https:\/\/www.plastic-crates.com\/tr\/urun\/katlanabilir-pp-kutusu-300-150\/","og_locale":"tr_TR","og_type":"article","og_title":"foldable pp box","og_description":"Wholesale foldable pp box, collapsable box supplier, Dimensions(L*W*H):300 * 200 * 150 mm, Volume: 8.2L, foldable pp box for sale","og_url":"https:\/\/www.plastic-crates.com\/tr\/urun\/katlanabilir-pp-kutusu-300-150\/","og_site_name":"plastic-crates.com","article_modified_time":"2019-11-23T03:43:29+00:00","og_image":[{"width":3984,"height":2656,"url":"https:\/\/www.plastic-crates.com\/wp-content\/uploads\/2019\/11\/foldable-pp-box.jpg","type":"image\/jpeg"}],"twitter_card":"summary_large_image","twitter_title":"foldable pp box","schema":{"@context":"https:\/\/schema.org","@graph":[{"@type":"WebPage","@id":"https:\/\/www.plastic-crates.com\/product\/foldable-pp-box-300-150\/","url":"https:\/\/www.plastic-crates.com\/product\/foldable-pp-box-300-150\/","name":"katlanabilir pp kutu toptan ve fabrika fiyat\u0131","isPartOf":{"@id":"https:\/\/www.plastic-crates.com\/#website"},"primaryImageOfPage":{"@id":"https:\/\/www.plastic-crates.com\/product\/foldable-pp-box-300-150\/#primaryimage"},"image":{"@id":"https:\/\/www.plastic-crates.com\/product\/foldable-pp-box-300-150\/#primaryimage"},"thumbnailUrl":"https:\/\/www.plastic-crates.com\/wp-content\/uploads\/2019\/11\/foldable-pp-box.jpg","datePublished":"2019-07-30T22:38:33+00:00","dateModified":"2019-11-23T03:43:29+00:00","description":"Toptan katlanabilir pp kutu, katlanabilir kutu tedarik\u00e7isi, Boyutlar (U*G*Y): 300 * 200 * 150 mm, Hacim: 8,2 L, sat\u0131l\u0131k katlanabilir pp kutu","breadcrumb":{"@id":"https:\/\/www.plastic-crates.com\/product\/foldable-pp-box-300-150\/#breadcrumb"},"inLanguage":"tr","potentialAction":[{"@type":"ReadAction","target":["https:\/\/www.plastic-crates.com\/product\/foldable-pp-box-300-150\/"]}]},{"@type":"ImageObject","inLanguage":"tr","@id":"https:\/\/www.plastic-crates.com\/product\/foldable-pp-box-300-150\/#primaryimage","url":"https:\/\/www.plastic-crates.com\/wp-content\/uploads\/2019\/11\/foldable-pp-box.jpg","contentUrl":"https:\/\/www.plastic-crates.com\/wp-content\/uploads\/2019\/11\/foldable-pp-box.jpg","width":3984,"height":2656,"caption":"foldable pp box"},{"@type":"BreadcrumbList","@id":"https:\/\/www.plastic-crates.com\/product\/foldable-pp-box-300-150\/#breadcrumb","itemListElement":[{"@type":"ListItem","position":1,"name":"Home","item":"https:\/\/www.plastic-crates.com\/"},{"@type":"ListItem","position":2,"name":"Products","item":"https:\/\/www.plastic-crates.com\/shop\/"},{"@type":"ListItem","position":3,"name":"foldable pp box-300-150"}]},{"@type":"WebSite","@id":"https:\/\/www.plastic-crates.com\/#website","url":"https:\/\/www.plastic-crates.com\/","name":"plastic-crates.com","description":"\u00c7in&#039;in \u00f6nde gelen plastik kasa \u00fcreticisi","potentialAction":[{"@type":"SearchAction","target":{"@type":"EntryPoint","urlTemplate":"https:\/\/www.plastic-crates.com\/?s={search_term_string}"},"query-input":{"@type":"PropertyValueSpecification","valueRequired":true,"valueName":"search_term_string"}}],"inLanguage":"tr"}]}},"_links":{"self":[{"href":"https:\/\/www.plastic-crates.com\/tr\/wp-json\/wp\/v2\/product\/6092","targetHints":{"allow":["GET"]}}],"collection":[{"href":"https:\/\/www.plastic-crates.com\/tr\/wp-json\/wp\/v2\/product"}],"about":[{"href":"https:\/\/www.plastic-crates.com\/tr\/wp-json\/wp\/v2\/types\/product"}],"wp:featuredmedia":[{"embeddable":true,"href":"https:\/\/www.plastic-crates.com\/tr\/wp-json\/wp\/v2\/media\/6093"}],"wp:attachment":[{"href":"https:\/\/www.plastic-crates.com\/tr\/wp-json\/wp\/v2\/media?parent=6092"}],"wp:term":[{"taxonomy":"product_brand","embeddable":true,"href":"https:\/\/www.plastic-crates.com\/tr\/wp-json\/wp\/v2\/product_brand?post=6092"},{"taxonomy":"product_cat","embeddable":true,"href":"https:\/\/www.plastic-crates.com\/tr\/wp-json\/wp\/v2\/product_cat?post=6092"},{"taxonomy":"product_tag","embeddable":true,"href":"https:\/\/www.plastic-crates.com\/tr\/wp-json\/wp\/v2\/product_tag?post=6092"}],"curies":[{"name":"wp","href":"https:\/\/api.w.org\/{rel}","templated":true}]}}