{"id":6690,"date":"2019-08-26T02:33:08","date_gmt":"2019-08-26T02:33:08","guid":{"rendered":"https:\/\/www.plastic-crates.com\/product\/storage-totes-with-lids-600-315\/"},"modified":"2025-01-12T13:01:12","modified_gmt":"2025-01-12T13:01:12","slug":"storage-totes-with-lids-600-315","status":"publish","type":"product","link":"https:\/\/www.plastic-crates.com\/tr\/urun\/storage-totes-with-lids-600-315\/","title":{"rendered":"kapakl\u0131 saklama kaplar\u0131-600-315"},"content":{"rendered":"","protected":false},"excerpt":{"rendered":"<div><a href=\"https:\/\/www.plastic-crates.com\/tr\/urun-kategori\/katlanabilir-kutu\/\" target=\"_blank\" rel=\"noopener noreferrer\">araba bagaj\u0131 i\u00e7in katlanabilir kasa<\/a>,<a href=\"https:\/\/www.plastic-crates.com\/tr\/urun-kategori\/parca-depolama-kutulari\/\" target=\"_blank\" rel=\"noopener noreferrer\">kutulu depolama raflar\u0131<\/a>,<a href=\"https:\/\/www.plastic-crates.com\/tr\/urun-kategori\/kapakli-cantalar\/\" target=\"_blank\" rel=\"noopener noreferrer\">kilitli plastik saklama kaplar\u0131<\/a>,<a href=\"https:\/\/www.plastic-crates.com\/tr\/urun-kategori\/istiflenebilir-konteynerler\/\" target=\"_blank\" rel=\"noopener noreferrer\">plastic stock bin<\/a>,<a href=\"https:\/\/www.plastic-crates.com\/tr\/urun-kategori\/palet-konteyneri\/\" target=\"_blank\" rel=\"noopener noreferrer\">stackable pallet box<\/a><\/div>","protected":false},"featured_media":6691,"template":"","meta":{"_acf_changed":false},"product_brand":[],"product_cat":[8],"product_tag":[142,146,119],"class_list":{"0":"post-6690","1":"product","2":"type-product","3":"status-publish","4":"has-post-thumbnail","6":"product_cat-totes-with-lids","7":"product_tag-alc-boxes","8":"product_tag-alc-containers","9":"product_tag-nestable-lidded-container","11":"first","12":"instock","13":"product-type-simple"},"acf":[],"yoast_head":"<!-- This site is optimized with the Yoast SEO plugin v26.1.1 - https:\/\/yoast.com\/wordpress\/plugins\/seo\/ -->\n<title>storage totes with lids wholesale &amp; Factory Price<\/title>\n<meta name=\"description\" content=\"Wholesale storage totes with lids, totes with lids supplier, Dimensions(L*W*H):600 * 400 * 315 mm, Volume: 61.3L, storage totes with lids for sale\" \/>\n<meta name=\"robots\" content=\"index, follow, max-snippet:-1, max-image-preview:large, max-video-preview:-1\" \/>\n<link rel=\"canonical\" href=\"https:\/\/www.plastic-crates.com\/tr\/urun\/storage-totes-with-lids-600-315\/\" \/>\n<meta property=\"og:locale\" content=\"tr_TR\" \/>\n<meta property=\"og:type\" content=\"article\" \/>\n<meta property=\"og:title\" content=\"storage totes with lids\" \/>\n<meta property=\"og:description\" content=\"Wholesale storage totes with lids, totes with lids supplier, Dimensions(L*W*H):600 * 400 * 315 mm, Volume: 61.3L, storage totes with lids for sale\" \/>\n<meta property=\"og:url\" content=\"https:\/\/www.plastic-crates.com\/tr\/urun\/storage-totes-with-lids-600-315\/\" \/>\n<meta property=\"og:site_name\" content=\"plastic-crates.com\" \/>\n<meta property=\"article:modified_time\" content=\"2025-01-12T13:01:12+00:00\" \/>\n<meta property=\"og:image\" content=\"https:\/\/www.plastic-crates.com\/wp-content\/uploads\/2019\/11\/storage-totes-with-lids.jpg\" \/>\n\t<meta property=\"og:image:width\" content=\"700\" \/>\n\t<meta property=\"og:image:height\" content=\"700\" \/>\n\t<meta property=\"og:image:type\" content=\"image\/jpeg\" \/>\n<meta name=\"twitter:card\" content=\"summary_large_image\" \/>\n<meta name=\"twitter:title\" content=\"storage totes with lids\" \/>\n<script type=\"application\/ld+json\" class=\"yoast-schema-graph\">{\"@context\":\"https:\/\/schema.org\",\"@graph\":[{\"@type\":\"WebPage\",\"@id\":\"https:\/\/www.plastic-crates.com\/product\/storage-totes-with-lids-600-315\/\",\"url\":\"https:\/\/www.plastic-crates.com\/product\/storage-totes-with-lids-600-315\/\",\"name\":\"storage totes with lids wholesale & Factory Price\",\"isPartOf\":{\"@id\":\"https:\/\/www.plastic-crates.com\/#website\"},\"primaryImageOfPage\":{\"@id\":\"https:\/\/www.plastic-crates.com\/product\/storage-totes-with-lids-600-315\/#primaryimage\"},\"image\":{\"@id\":\"https:\/\/www.plastic-crates.com\/product\/storage-totes-with-lids-600-315\/#primaryimage\"},\"thumbnailUrl\":\"https:\/\/www.plastic-crates.com\/wp-content\/uploads\/2019\/11\/storage-totes-with-lids.jpg\",\"datePublished\":\"2019-08-26T02:33:08+00:00\",\"dateModified\":\"2025-01-12T13:01:12+00:00\",\"description\":\"Wholesale storage totes with lids, totes with lids supplier, Dimensions(L*W*H):600 * 400 * 315 mm, Volume: 61.3L, storage totes with lids for sale\",\"breadcrumb\":{\"@id\":\"https:\/\/www.plastic-crates.com\/product\/storage-totes-with-lids-600-315\/#breadcrumb\"},\"inLanguage\":\"tr\",\"potentialAction\":[{\"@type\":\"ReadAction\",\"target\":[\"https:\/\/www.plastic-crates.com\/product\/storage-totes-with-lids-600-315\/\"]}]},{\"@type\":\"ImageObject\",\"inLanguage\":\"tr\",\"@id\":\"https:\/\/www.plastic-crates.com\/product\/storage-totes-with-lids-600-315\/#primaryimage\",\"url\":\"https:\/\/www.plastic-crates.com\/wp-content\/uploads\/2019\/11\/storage-totes-with-lids.jpg\",\"contentUrl\":\"https:\/\/www.plastic-crates.com\/wp-content\/uploads\/2019\/11\/storage-totes-with-lids.jpg\",\"width\":700,\"height\":700,\"caption\":\"storage totes with lids\"},{\"@type\":\"BreadcrumbList\",\"@id\":\"https:\/\/www.plastic-crates.com\/product\/storage-totes-with-lids-600-315\/#breadcrumb\",\"itemListElement\":[{\"@type\":\"ListItem\",\"position\":1,\"name\":\"Home\",\"item\":\"https:\/\/www.plastic-crates.com\/\"},{\"@type\":\"ListItem\",\"position\":2,\"name\":\"Products\",\"item\":\"https:\/\/www.plastic-crates.com\/shop\/\"},{\"@type\":\"ListItem\",\"position\":3,\"name\":\"storage totes with lids-600-315\"}]},{\"@type\":\"WebSite\",\"@id\":\"https:\/\/www.plastic-crates.com\/#website\",\"url\":\"https:\/\/www.plastic-crates.com\/\",\"name\":\"plastic-crates.com\",\"description\":\"Leading plastic crates manufacturer in China\",\"potentialAction\":[{\"@type\":\"SearchAction\",\"target\":{\"@type\":\"EntryPoint\",\"urlTemplate\":\"https:\/\/www.plastic-crates.com\/?s={search_term_string}\"},\"query-input\":{\"@type\":\"PropertyValueSpecification\",\"valueRequired\":true,\"valueName\":\"search_term_string\"}}],\"inLanguage\":\"tr\"}]}<\/script>\n<!-- \/ Yoast SEO plugin. -->","yoast_head_json":{"title":"storage totes with lids wholesale & Factory Price","description":"Wholesale storage totes with lids, totes with lids supplier, Dimensions(L*W*H):600 * 400 * 315 mm, Volume: 61.3L, storage totes with lids for sale","robots":{"index":"index","follow":"follow","max-snippet":"max-snippet:-1","max-image-preview":"max-image-preview:large","max-video-preview":"max-video-preview:-1"},"canonical":"https:\/\/www.plastic-crates.com\/tr\/urun\/storage-totes-with-lids-600-315\/","og_locale":"tr_TR","og_type":"article","og_title":"storage totes with lids","og_description":"Wholesale storage totes with lids, totes with lids supplier, Dimensions(L*W*H):600 * 400 * 315 mm, Volume: 61.3L, storage totes with lids for sale","og_url":"https:\/\/www.plastic-crates.com\/tr\/urun\/storage-totes-with-lids-600-315\/","og_site_name":"plastic-crates.com","article_modified_time":"2025-01-12T13:01:12+00:00","og_image":[{"width":700,"height":700,"url":"https:\/\/www.plastic-crates.com\/wp-content\/uploads\/2019\/11\/storage-totes-with-lids.jpg","type":"image\/jpeg"}],"twitter_card":"summary_large_image","twitter_title":"storage totes with lids","schema":{"@context":"https:\/\/schema.org","@graph":[{"@type":"WebPage","@id":"https:\/\/www.plastic-crates.com\/product\/storage-totes-with-lids-600-315\/","url":"https:\/\/www.plastic-crates.com\/product\/storage-totes-with-lids-600-315\/","name":"storage totes with lids wholesale & Factory Price","isPartOf":{"@id":"https:\/\/www.plastic-crates.com\/#website"},"primaryImageOfPage":{"@id":"https:\/\/www.plastic-crates.com\/product\/storage-totes-with-lids-600-315\/#primaryimage"},"image":{"@id":"https:\/\/www.plastic-crates.com\/product\/storage-totes-with-lids-600-315\/#primaryimage"},"thumbnailUrl":"https:\/\/www.plastic-crates.com\/wp-content\/uploads\/2019\/11\/storage-totes-with-lids.jpg","datePublished":"2019-08-26T02:33:08+00:00","dateModified":"2025-01-12T13:01:12+00:00","description":"Wholesale storage totes with lids, totes with lids supplier, Dimensions(L*W*H):600 * 400 * 315 mm, Volume: 61.3L, storage totes with lids for sale","breadcrumb":{"@id":"https:\/\/www.plastic-crates.com\/product\/storage-totes-with-lids-600-315\/#breadcrumb"},"inLanguage":"tr","potentialAction":[{"@type":"ReadAction","target":["https:\/\/www.plastic-crates.com\/product\/storage-totes-with-lids-600-315\/"]}]},{"@type":"ImageObject","inLanguage":"tr","@id":"https:\/\/www.plastic-crates.com\/product\/storage-totes-with-lids-600-315\/#primaryimage","url":"https:\/\/www.plastic-crates.com\/wp-content\/uploads\/2019\/11\/storage-totes-with-lids.jpg","contentUrl":"https:\/\/www.plastic-crates.com\/wp-content\/uploads\/2019\/11\/storage-totes-with-lids.jpg","width":700,"height":700,"caption":"storage totes with lids"},{"@type":"BreadcrumbList","@id":"https:\/\/www.plastic-crates.com\/product\/storage-totes-with-lids-600-315\/#breadcrumb","itemListElement":[{"@type":"ListItem","position":1,"name":"Home","item":"https:\/\/www.plastic-crates.com\/"},{"@type":"ListItem","position":2,"name":"Products","item":"https:\/\/www.plastic-crates.com\/shop\/"},{"@type":"ListItem","position":3,"name":"storage totes with lids-600-315"}]},{"@type":"WebSite","@id":"https:\/\/www.plastic-crates.com\/#website","url":"https:\/\/www.plastic-crates.com\/","name":"plastic-crates.com","description":"\u00c7in&#039;in \u00f6nde gelen plastik kasa \u00fcreticisi","potentialAction":[{"@type":"SearchAction","target":{"@type":"EntryPoint","urlTemplate":"https:\/\/www.plastic-crates.com\/?s={search_term_string}"},"query-input":{"@type":"PropertyValueSpecification","valueRequired":true,"valueName":"search_term_string"}}],"inLanguage":"tr"}]}},"_links":{"self":[{"href":"https:\/\/www.plastic-crates.com\/tr\/wp-json\/wp\/v2\/product\/6690","targetHints":{"allow":["GET"]}}],"collection":[{"href":"https:\/\/www.plastic-crates.com\/tr\/wp-json\/wp\/v2\/product"}],"about":[{"href":"https:\/\/www.plastic-crates.com\/tr\/wp-json\/wp\/v2\/types\/product"}],"wp:featuredmedia":[{"embeddable":true,"href":"https:\/\/www.plastic-crates.com\/tr\/wp-json\/wp\/v2\/media\/6691"}],"wp:attachment":[{"href":"https:\/\/www.plastic-crates.com\/tr\/wp-json\/wp\/v2\/media?parent=6690"}],"wp:term":[{"taxonomy":"product_brand","embeddable":true,"href":"https:\/\/www.plastic-crates.com\/tr\/wp-json\/wp\/v2\/product_brand?post=6690"},{"taxonomy":"product_cat","embeddable":true,"href":"https:\/\/www.plastic-crates.com\/tr\/wp-json\/wp\/v2\/product_cat?post=6690"},{"taxonomy":"product_tag","embeddable":true,"href":"https:\/\/www.plastic-crates.com\/tr\/wp-json\/wp\/v2\/product_tag?post=6690"}],"curies":[{"name":"wp","href":"https:\/\/api.w.org\/{rel}","templated":true}]}}