{"id":6777,"date":"2019-09-29T21:55:10","date_gmt":"2019-09-29T21:55:10","guid":{"rendered":"https:\/\/www.plastic-crates.com\/product\/pallet-plastic-container-foldable-1140-985\/"},"modified":"2025-01-12T13:45:47","modified_gmt":"2025-01-12T13:45:47","slug":"palet-plastik-konteyner-katlanabilir-1140-985","status":"publish","type":"product","link":"https:\/\/www.plastic-crates.com\/tr\/urun\/palet-plastik-konteyner-katlanabilir-1140-985\/","title":{"rendered":"palet plastik konteyner-katlanabilir 1140-985"},"content":{"rendered":"","protected":false},"excerpt":{"rendered":"<div><a href=\"https:\/\/www.plastic-crates.com\/tr\/urun-kategori\/parca-depolama-kutulari\/\" target=\"_blank\" rel=\"noopener noreferrer\">raflar i\u00e7in kutular<\/a>,<a href=\"https:\/\/www.plastic-crates.com\/tr\/urun-kategori\/katlanabilir-kutu\/\" target=\"_blank\" rel=\"noopener noreferrer\">PP plastik katlan\u0131r saklama kutusu kimyasal kullan\u0131m\u0131<\/a>,<a href=\"https:\/\/www.plastic-crates.com\/tr\/urun-kategori\/kapakli-cantalar\/\" target=\"_blank\" rel=\"noopener noreferrer\">kapakl\u0131 kaplar<\/a>,<a href=\"https:\/\/www.plastic-crates.com\/tr\/urun-kategori\/palet-konteyneri\/\" target=\"_blank\" rel=\"noopener noreferrer\">palet depolama konteynerleri<\/a>,<a href=\"https:\/\/www.plastic-crates.com\/tr\/urun-kategori\/istiflenebilir-konteynerler\/\" target=\"_blank\" rel=\"noopener noreferrer\">kapakl\u0131 euro istiflenebilir konteynerler<\/a><\/div>","protected":false},"featured_media":6778,"template":"","meta":{"_acf_changed":false},"product_brand":[],"product_cat":[14],"product_tag":[147,87,17,86],"class_list":{"0":"post-6777","1":"product","2":"type-product","3":"status-publish","4":"has-post-thumbnail","6":"product_cat-pallet-container","7":"product_tag-cobra-collapsible-container","8":"product_tag-foldable-pallet-container","9":"product_tag-large-plastic-storage-containers","10":"product_tag-plastic-pallet-box","12":"first","13":"instock","14":"product-type-simple"},"acf":[],"yoast_head":"<!-- This site is optimized with the Yoast SEO plugin v26.1.1 - https:\/\/yoast.com\/wordpress\/plugins\/seo\/ -->\n<title>pallet plastic container wholesale &amp; Factory Price<\/title>\n<meta name=\"description\" content=\"Wholesale pallet plastic container, pallet container supplier, Dimensions(L*W*H):1140 * 980 * 1050 mm, Volume: 878L, pallet plastic container for sale\" \/>\n<meta name=\"robots\" content=\"index, follow, max-snippet:-1, max-image-preview:large, max-video-preview:-1\" \/>\n<link rel=\"canonical\" href=\"https:\/\/www.plastic-crates.com\/tr\/urun\/palet-plastik-konteyner-katlanabilir-1140-985\/\" \/>\n<meta property=\"og:locale\" content=\"tr_TR\" \/>\n<meta property=\"og:type\" content=\"article\" \/>\n<meta property=\"og:title\" content=\"pallet plastic container\" \/>\n<meta property=\"og:description\" content=\"Wholesale pallet plastic container, pallet container supplier, Dimensions(L*W*H):1140 * 980 * 1050 mm, Volume: 878L, pallet plastic container for sale\" \/>\n<meta property=\"og:url\" content=\"https:\/\/www.plastic-crates.com\/tr\/urun\/palet-plastik-konteyner-katlanabilir-1140-985\/\" \/>\n<meta property=\"og:site_name\" content=\"plastic-crates.com\" \/>\n<meta property=\"article:modified_time\" content=\"2025-01-12T13:45:47+00:00\" \/>\n<meta property=\"og:image\" content=\"https:\/\/www.plastic-crates.com\/wp-content\/uploads\/2019\/11\/pallet-plastic-container.jpg\" \/>\n\t<meta property=\"og:image:width\" content=\"1920\" \/>\n\t<meta property=\"og:image:height\" content=\"1440\" \/>\n\t<meta property=\"og:image:type\" content=\"image\/jpeg\" \/>\n<meta name=\"twitter:card\" content=\"summary_large_image\" \/>\n<meta name=\"twitter:title\" content=\"pallet plastic container\" \/>\n<meta name=\"twitter:label1\" content=\"Tahmini okuma s\u00fcresi\" \/>\n\t<meta name=\"twitter:data1\" content=\"1 dakika\" \/>\n<script type=\"application\/ld+json\" class=\"yoast-schema-graph\">{\"@context\":\"https:\/\/schema.org\",\"@graph\":[{\"@type\":\"WebPage\",\"@id\":\"https:\/\/www.plastic-crates.com\/product\/pallet-plastic-container-foldable-1140-985\/\",\"url\":\"https:\/\/www.plastic-crates.com\/product\/pallet-plastic-container-foldable-1140-985\/\",\"name\":\"pallet plastic container wholesale & Factory Price\",\"isPartOf\":{\"@id\":\"https:\/\/www.plastic-crates.com\/#website\"},\"primaryImageOfPage\":{\"@id\":\"https:\/\/www.plastic-crates.com\/product\/pallet-plastic-container-foldable-1140-985\/#primaryimage\"},\"image\":{\"@id\":\"https:\/\/www.plastic-crates.com\/product\/pallet-plastic-container-foldable-1140-985\/#primaryimage\"},\"thumbnailUrl\":\"https:\/\/www.plastic-crates.com\/wp-content\/uploads\/2019\/11\/pallet-plastic-container.jpg\",\"datePublished\":\"2019-09-29T21:55:10+00:00\",\"dateModified\":\"2025-01-12T13:45:47+00:00\",\"description\":\"Wholesale pallet plastic container, pallet container supplier, Dimensions(L*W*H):1140 * 980 * 1050 mm, Volume: 878L, pallet plastic container for sale\",\"breadcrumb\":{\"@id\":\"https:\/\/www.plastic-crates.com\/product\/pallet-plastic-container-foldable-1140-985\/#breadcrumb\"},\"inLanguage\":\"tr\",\"potentialAction\":[{\"@type\":\"ReadAction\",\"target\":[\"https:\/\/www.plastic-crates.com\/product\/pallet-plastic-container-foldable-1140-985\/\"]}]},{\"@type\":\"ImageObject\",\"inLanguage\":\"tr\",\"@id\":\"https:\/\/www.plastic-crates.com\/product\/pallet-plastic-container-foldable-1140-985\/#primaryimage\",\"url\":\"https:\/\/www.plastic-crates.com\/wp-content\/uploads\/2019\/11\/pallet-plastic-container.jpg\",\"contentUrl\":\"https:\/\/www.plastic-crates.com\/wp-content\/uploads\/2019\/11\/pallet-plastic-container.jpg\",\"width\":1920,\"height\":1440,\"caption\":\"pallet plastic container\"},{\"@type\":\"BreadcrumbList\",\"@id\":\"https:\/\/www.plastic-crates.com\/product\/pallet-plastic-container-foldable-1140-985\/#breadcrumb\",\"itemListElement\":[{\"@type\":\"ListItem\",\"position\":1,\"name\":\"Home\",\"item\":\"https:\/\/www.plastic-crates.com\/\"},{\"@type\":\"ListItem\",\"position\":2,\"name\":\"Products\",\"item\":\"https:\/\/www.plastic-crates.com\/shop\/\"},{\"@type\":\"ListItem\",\"position\":3,\"name\":\"pallet plastic container-foldable 1140-985\"}]},{\"@type\":\"WebSite\",\"@id\":\"https:\/\/www.plastic-crates.com\/#website\",\"url\":\"https:\/\/www.plastic-crates.com\/\",\"name\":\"plastic-crates.com\",\"description\":\"Leading plastic crates manufacturer in China\",\"potentialAction\":[{\"@type\":\"SearchAction\",\"target\":{\"@type\":\"EntryPoint\",\"urlTemplate\":\"https:\/\/www.plastic-crates.com\/?s={search_term_string}\"},\"query-input\":{\"@type\":\"PropertyValueSpecification\",\"valueRequired\":true,\"valueName\":\"search_term_string\"}}],\"inLanguage\":\"tr\"}]}<\/script>\n<!-- \/ Yoast SEO plugin. -->","yoast_head_json":{"title":"palet plastik konteyner toptan ve fabrika fiyat\u0131","description":"Toptan palet plastik konteyner, palet konteyner tedarik\u00e7isi, Boyutlar (U*G*Y): 1140 * 980 * 1050 mm, Hacim: 878L, sat\u0131l\u0131k palet plastik konteyner","robots":{"index":"index","follow":"follow","max-snippet":"max-snippet:-1","max-image-preview":"max-image-preview:large","max-video-preview":"max-video-preview:-1"},"canonical":"https:\/\/www.plastic-crates.com\/tr\/urun\/palet-plastik-konteyner-katlanabilir-1140-985\/","og_locale":"tr_TR","og_type":"article","og_title":"pallet plastic container","og_description":"Wholesale pallet plastic container, pallet container supplier, Dimensions(L*W*H):1140 * 980 * 1050 mm, Volume: 878L, pallet plastic container for sale","og_url":"https:\/\/www.plastic-crates.com\/tr\/urun\/palet-plastik-konteyner-katlanabilir-1140-985\/","og_site_name":"plastic-crates.com","article_modified_time":"2025-01-12T13:45:47+00:00","og_image":[{"width":1920,"height":1440,"url":"https:\/\/www.plastic-crates.com\/wp-content\/uploads\/2019\/11\/pallet-plastic-container.jpg","type":"image\/jpeg"}],"twitter_card":"summary_large_image","twitter_title":"pallet plastic container","twitter_misc":{"Tahmini okuma s\u00fcresi":"1 dakika"},"schema":{"@context":"https:\/\/schema.org","@graph":[{"@type":"WebPage","@id":"https:\/\/www.plastic-crates.com\/product\/pallet-plastic-container-foldable-1140-985\/","url":"https:\/\/www.plastic-crates.com\/product\/pallet-plastic-container-foldable-1140-985\/","name":"palet plastik konteyner toptan ve fabrika fiyat\u0131","isPartOf":{"@id":"https:\/\/www.plastic-crates.com\/#website"},"primaryImageOfPage":{"@id":"https:\/\/www.plastic-crates.com\/product\/pallet-plastic-container-foldable-1140-985\/#primaryimage"},"image":{"@id":"https:\/\/www.plastic-crates.com\/product\/pallet-plastic-container-foldable-1140-985\/#primaryimage"},"thumbnailUrl":"https:\/\/www.plastic-crates.com\/wp-content\/uploads\/2019\/11\/pallet-plastic-container.jpg","datePublished":"2019-09-29T21:55:10+00:00","dateModified":"2025-01-12T13:45:47+00:00","description":"Toptan palet plastik konteyner, palet konteyner tedarik\u00e7isi, Boyutlar (U*G*Y): 1140 * 980 * 1050 mm, Hacim: 878L, sat\u0131l\u0131k palet plastik konteyner","breadcrumb":{"@id":"https:\/\/www.plastic-crates.com\/product\/pallet-plastic-container-foldable-1140-985\/#breadcrumb"},"inLanguage":"tr","potentialAction":[{"@type":"ReadAction","target":["https:\/\/www.plastic-crates.com\/product\/pallet-plastic-container-foldable-1140-985\/"]}]},{"@type":"ImageObject","inLanguage":"tr","@id":"https:\/\/www.plastic-crates.com\/product\/pallet-plastic-container-foldable-1140-985\/#primaryimage","url":"https:\/\/www.plastic-crates.com\/wp-content\/uploads\/2019\/11\/pallet-plastic-container.jpg","contentUrl":"https:\/\/www.plastic-crates.com\/wp-content\/uploads\/2019\/11\/pallet-plastic-container.jpg","width":1920,"height":1440,"caption":"pallet plastic container"},{"@type":"BreadcrumbList","@id":"https:\/\/www.plastic-crates.com\/product\/pallet-plastic-container-foldable-1140-985\/#breadcrumb","itemListElement":[{"@type":"ListItem","position":1,"name":"Home","item":"https:\/\/www.plastic-crates.com\/"},{"@type":"ListItem","position":2,"name":"Products","item":"https:\/\/www.plastic-crates.com\/shop\/"},{"@type":"ListItem","position":3,"name":"pallet plastic container-foldable 1140-985"}]},{"@type":"WebSite","@id":"https:\/\/www.plastic-crates.com\/#website","url":"https:\/\/www.plastic-crates.com\/","name":"plastic-crates.com","description":"\u00c7in&#039;in \u00f6nde gelen plastik kasa \u00fcreticisi","potentialAction":[{"@type":"SearchAction","target":{"@type":"EntryPoint","urlTemplate":"https:\/\/www.plastic-crates.com\/?s={search_term_string}"},"query-input":{"@type":"PropertyValueSpecification","valueRequired":true,"valueName":"search_term_string"}}],"inLanguage":"tr"}]}},"_links":{"self":[{"href":"https:\/\/www.plastic-crates.com\/tr\/wp-json\/wp\/v2\/product\/6777","targetHints":{"allow":["GET"]}}],"collection":[{"href":"https:\/\/www.plastic-crates.com\/tr\/wp-json\/wp\/v2\/product"}],"about":[{"href":"https:\/\/www.plastic-crates.com\/tr\/wp-json\/wp\/v2\/types\/product"}],"wp:featuredmedia":[{"embeddable":true,"href":"https:\/\/www.plastic-crates.com\/tr\/wp-json\/wp\/v2\/media\/6778"}],"wp:attachment":[{"href":"https:\/\/www.plastic-crates.com\/tr\/wp-json\/wp\/v2\/media?parent=6777"}],"wp:term":[{"taxonomy":"product_brand","embeddable":true,"href":"https:\/\/www.plastic-crates.com\/tr\/wp-json\/wp\/v2\/product_brand?post=6777"},{"taxonomy":"product_cat","embeddable":true,"href":"https:\/\/www.plastic-crates.com\/tr\/wp-json\/wp\/v2\/product_cat?post=6777"},{"taxonomy":"product_tag","embeddable":true,"href":"https:\/\/www.plastic-crates.com\/tr\/wp-json\/wp\/v2\/product_tag?post=6777"}],"curies":[{"name":"wp","href":"https:\/\/api.w.org\/{rel}","templated":true}]}}