{"id":6906,"date":"2019-09-25T02:13:09","date_gmt":"2019-09-25T02:13:09","guid":{"rendered":"https:\/\/www.plastic-crates.com\/product\/shelves-with-bins-6109\/"},"modified":"2019-11-23T05:16:12","modified_gmt":"2019-11-23T05:16:12","slug":"shelves-with-bins-6109","status":"publish","type":"product","link":"https:\/\/www.plastic-crates.com\/tr\/urun\/shelves-with-bins-6109\/","title":{"rendered":"kutulu raflar-6109"},"content":{"rendered":"","protected":false},"excerpt":{"rendered":"<div><a href=\"https:\/\/www.plastic-crates.com\/tr\/urun-kategori\/parca-depolama-kutulari\/\" target=\"_blank\" rel=\"noopener noreferrer\">kutulu depolama raflar\u0131<\/a>,<a href=\"https:\/\/www.plastic-crates.com\/tr\/urun-kategori\/kapakli-cantalar\/\" target=\"_blank\" rel=\"noopener noreferrer\">kilitli plastik saklama kaplar\u0131<\/a>,<a href=\"https:\/\/www.plastic-crates.com\/tr\/urun-kategori\/palet-konteyneri\/\" target=\"_blank\" rel=\"noopener noreferrer\">forklift palet kutusu<\/a>,<a href=\"https:\/\/www.plastic-crates.com\/tr\/urun-kategori\/katlanabilir-kutu\/\" target=\"_blank\" rel=\"noopener noreferrer\">katlan\u0131r kaplama kutusu<\/a>,<a href=\"https:\/\/www.plastic-crates.com\/tr\/urun-kategori\/istiflenebilir-konteynerler\/\" target=\"_blank\" rel=\"noopener noreferrer\">istifleme kutular\u0131<\/a><\/div>","protected":false},"featured_media":6907,"template":"","meta":{"_acf_changed":false},"product_brand":[],"product_cat":[18],"product_tag":[76,98],"class_list":{"0":"post-6906","1":"product","2":"type-product","3":"status-publish","4":"has-post-thumbnail","6":"product_cat-parts-storage-bins","7":"product_tag-storage-bin","8":"product_tag-warehouse-bin","10":"first","11":"instock","12":"product-type-simple"},"acf":[],"yoast_head":"<!-- This site is optimized with the Yoast SEO plugin v26.1.1 - https:\/\/yoast.com\/wordpress\/plugins\/seo\/ -->\n<title>shelves with bins wholesale &amp; Factory Price<\/title>\n<meta name=\"description\" content=\"Wholesale shelves with bins, parts storage bins supplier, Dimensions(L*W*H):600 * 117 * 90 mm, Volume: 4.2L, shelves with bins for sale\" \/>\n<meta name=\"robots\" content=\"index, follow, max-snippet:-1, max-image-preview:large, max-video-preview:-1\" \/>\n<link rel=\"canonical\" href=\"https:\/\/www.plastic-crates.com\/tr\/urun\/shelves-with-bins-6109\/\" \/>\n<meta property=\"og:locale\" content=\"tr_TR\" \/>\n<meta property=\"og:type\" content=\"article\" \/>\n<meta property=\"og:title\" content=\"shelves with bins\" \/>\n<meta property=\"og:description\" content=\"Wholesale shelves with bins, parts storage bins supplier, Dimensions(L*W*H):600 * 117 * 90 mm, Volume: 4.2L, shelves with bins for sale\" \/>\n<meta property=\"og:url\" content=\"https:\/\/www.plastic-crates.com\/tr\/urun\/shelves-with-bins-6109\/\" \/>\n<meta property=\"og:site_name\" content=\"plastic-crates.com\" \/>\n<meta property=\"article:modified_time\" content=\"2019-11-23T05:16:12+00:00\" \/>\n<meta property=\"og:image\" content=\"https:\/\/www.plastic-crates.com\/wp-content\/uploads\/2019\/11\/shelves-with-bins.jpg\" \/>\n\t<meta property=\"og:image:width\" content=\"600\" \/>\n\t<meta property=\"og:image:height\" content=\"600\" \/>\n\t<meta property=\"og:image:type\" content=\"image\/jpeg\" \/>\n<meta name=\"twitter:card\" content=\"summary_large_image\" \/>\n<meta name=\"twitter:title\" content=\"shelves with bins\" \/>\n<script type=\"application\/ld+json\" class=\"yoast-schema-graph\">{\"@context\":\"https:\/\/schema.org\",\"@graph\":[{\"@type\":\"WebPage\",\"@id\":\"https:\/\/www.plastic-crates.com\/product\/shelves-with-bins-6109\/\",\"url\":\"https:\/\/www.plastic-crates.com\/product\/shelves-with-bins-6109\/\",\"name\":\"shelves with bins wholesale & Factory Price\",\"isPartOf\":{\"@id\":\"https:\/\/www.plastic-crates.com\/#website\"},\"primaryImageOfPage\":{\"@id\":\"https:\/\/www.plastic-crates.com\/product\/shelves-with-bins-6109\/#primaryimage\"},\"image\":{\"@id\":\"https:\/\/www.plastic-crates.com\/product\/shelves-with-bins-6109\/#primaryimage\"},\"thumbnailUrl\":\"https:\/\/www.plastic-crates.com\/wp-content\/uploads\/2019\/11\/shelves-with-bins.jpg\",\"datePublished\":\"2019-09-25T02:13:09+00:00\",\"dateModified\":\"2019-11-23T05:16:12+00:00\",\"description\":\"Wholesale shelves with bins, parts storage bins supplier, Dimensions(L*W*H):600 * 117 * 90 mm, Volume: 4.2L, shelves with bins for sale\",\"breadcrumb\":{\"@id\":\"https:\/\/www.plastic-crates.com\/product\/shelves-with-bins-6109\/#breadcrumb\"},\"inLanguage\":\"tr\",\"potentialAction\":[{\"@type\":\"ReadAction\",\"target\":[\"https:\/\/www.plastic-crates.com\/product\/shelves-with-bins-6109\/\"]}]},{\"@type\":\"ImageObject\",\"inLanguage\":\"tr\",\"@id\":\"https:\/\/www.plastic-crates.com\/product\/shelves-with-bins-6109\/#primaryimage\",\"url\":\"https:\/\/www.plastic-crates.com\/wp-content\/uploads\/2019\/11\/shelves-with-bins.jpg\",\"contentUrl\":\"https:\/\/www.plastic-crates.com\/wp-content\/uploads\/2019\/11\/shelves-with-bins.jpg\",\"width\":600,\"height\":600,\"caption\":\"shelves with bins\"},{\"@type\":\"BreadcrumbList\",\"@id\":\"https:\/\/www.plastic-crates.com\/product\/shelves-with-bins-6109\/#breadcrumb\",\"itemListElement\":[{\"@type\":\"ListItem\",\"position\":1,\"name\":\"Home\",\"item\":\"https:\/\/www.plastic-crates.com\/\"},{\"@type\":\"ListItem\",\"position\":2,\"name\":\"Products\",\"item\":\"https:\/\/www.plastic-crates.com\/shop\/\"},{\"@type\":\"ListItem\",\"position\":3,\"name\":\"shelves with bins-6109\"}]},{\"@type\":\"WebSite\",\"@id\":\"https:\/\/www.plastic-crates.com\/#website\",\"url\":\"https:\/\/www.plastic-crates.com\/\",\"name\":\"plastic-crates.com\",\"description\":\"Leading plastic crates manufacturer in China\",\"potentialAction\":[{\"@type\":\"SearchAction\",\"target\":{\"@type\":\"EntryPoint\",\"urlTemplate\":\"https:\/\/www.plastic-crates.com\/?s={search_term_string}\"},\"query-input\":{\"@type\":\"PropertyValueSpecification\",\"valueRequired\":true,\"valueName\":\"search_term_string\"}}],\"inLanguage\":\"tr\"}]}<\/script>\n<!-- \/ Yoast SEO plugin. -->","yoast_head_json":{"title":"shelves with bins wholesale & Factory Price","description":"Wholesale shelves with bins, parts storage bins supplier, Dimensions(L*W*H):600 * 117 * 90 mm, Volume: 4.2L, shelves with bins for sale","robots":{"index":"index","follow":"follow","max-snippet":"max-snippet:-1","max-image-preview":"max-image-preview:large","max-video-preview":"max-video-preview:-1"},"canonical":"https:\/\/www.plastic-crates.com\/tr\/urun\/shelves-with-bins-6109\/","og_locale":"tr_TR","og_type":"article","og_title":"shelves with bins","og_description":"Wholesale shelves with bins, parts storage bins supplier, Dimensions(L*W*H):600 * 117 * 90 mm, Volume: 4.2L, shelves with bins for sale","og_url":"https:\/\/www.plastic-crates.com\/tr\/urun\/shelves-with-bins-6109\/","og_site_name":"plastic-crates.com","article_modified_time":"2019-11-23T05:16:12+00:00","og_image":[{"width":600,"height":600,"url":"https:\/\/www.plastic-crates.com\/wp-content\/uploads\/2019\/11\/shelves-with-bins.jpg","type":"image\/jpeg"}],"twitter_card":"summary_large_image","twitter_title":"shelves with bins","schema":{"@context":"https:\/\/schema.org","@graph":[{"@type":"WebPage","@id":"https:\/\/www.plastic-crates.com\/product\/shelves-with-bins-6109\/","url":"https:\/\/www.plastic-crates.com\/product\/shelves-with-bins-6109\/","name":"shelves with bins wholesale & Factory Price","isPartOf":{"@id":"https:\/\/www.plastic-crates.com\/#website"},"primaryImageOfPage":{"@id":"https:\/\/www.plastic-crates.com\/product\/shelves-with-bins-6109\/#primaryimage"},"image":{"@id":"https:\/\/www.plastic-crates.com\/product\/shelves-with-bins-6109\/#primaryimage"},"thumbnailUrl":"https:\/\/www.plastic-crates.com\/wp-content\/uploads\/2019\/11\/shelves-with-bins.jpg","datePublished":"2019-09-25T02:13:09+00:00","dateModified":"2019-11-23T05:16:12+00:00","description":"Wholesale shelves with bins, parts storage bins supplier, Dimensions(L*W*H):600 * 117 * 90 mm, Volume: 4.2L, shelves with bins for sale","breadcrumb":{"@id":"https:\/\/www.plastic-crates.com\/product\/shelves-with-bins-6109\/#breadcrumb"},"inLanguage":"tr","potentialAction":[{"@type":"ReadAction","target":["https:\/\/www.plastic-crates.com\/product\/shelves-with-bins-6109\/"]}]},{"@type":"ImageObject","inLanguage":"tr","@id":"https:\/\/www.plastic-crates.com\/product\/shelves-with-bins-6109\/#primaryimage","url":"https:\/\/www.plastic-crates.com\/wp-content\/uploads\/2019\/11\/shelves-with-bins.jpg","contentUrl":"https:\/\/www.plastic-crates.com\/wp-content\/uploads\/2019\/11\/shelves-with-bins.jpg","width":600,"height":600,"caption":"shelves with bins"},{"@type":"BreadcrumbList","@id":"https:\/\/www.plastic-crates.com\/product\/shelves-with-bins-6109\/#breadcrumb","itemListElement":[{"@type":"ListItem","position":1,"name":"Home","item":"https:\/\/www.plastic-crates.com\/"},{"@type":"ListItem","position":2,"name":"Products","item":"https:\/\/www.plastic-crates.com\/shop\/"},{"@type":"ListItem","position":3,"name":"shelves with bins-6109"}]},{"@type":"WebSite","@id":"https:\/\/www.plastic-crates.com\/#website","url":"https:\/\/www.plastic-crates.com\/","name":"plastic-crates.com","description":"\u00c7in&#039;in \u00f6nde gelen plastik kasa \u00fcreticisi","potentialAction":[{"@type":"SearchAction","target":{"@type":"EntryPoint","urlTemplate":"https:\/\/www.plastic-crates.com\/?s={search_term_string}"},"query-input":{"@type":"PropertyValueSpecification","valueRequired":true,"valueName":"search_term_string"}}],"inLanguage":"tr"}]}},"_links":{"self":[{"href":"https:\/\/www.plastic-crates.com\/tr\/wp-json\/wp\/v2\/product\/6906","targetHints":{"allow":["GET"]}}],"collection":[{"href":"https:\/\/www.plastic-crates.com\/tr\/wp-json\/wp\/v2\/product"}],"about":[{"href":"https:\/\/www.plastic-crates.com\/tr\/wp-json\/wp\/v2\/types\/product"}],"wp:featuredmedia":[{"embeddable":true,"href":"https:\/\/www.plastic-crates.com\/tr\/wp-json\/wp\/v2\/media\/6907"}],"wp:attachment":[{"href":"https:\/\/www.plastic-crates.com\/tr\/wp-json\/wp\/v2\/media?parent=6906"}],"wp:term":[{"taxonomy":"product_brand","embeddable":true,"href":"https:\/\/www.plastic-crates.com\/tr\/wp-json\/wp\/v2\/product_brand?post=6906"},{"taxonomy":"product_cat","embeddable":true,"href":"https:\/\/www.plastic-crates.com\/tr\/wp-json\/wp\/v2\/product_cat?post=6906"},{"taxonomy":"product_tag","embeddable":true,"href":"https:\/\/www.plastic-crates.com\/tr\/wp-json\/wp\/v2\/product_tag?post=6906"}],"curies":[{"name":"wp","href":"https:\/\/api.w.org\/{rel}","templated":true}]}}