{"id":6958,"date":"2021-07-15T05:53:43","date_gmt":"2021-07-15T05:53:43","guid":{"rendered":"https:\/\/www.plastic-crates.com\/?post_type=product&#038;p=6958"},"modified":"2025-04-21T13:14:48","modified_gmt":"2025-04-21T13:14:48","slug":"plastic-crates-for-fruits-and-vegetables-6424","status":"publish","type":"product","link":"https:\/\/www.plastic-crates.com\/tr\/urun\/plastic-crates-for-fruits-and-vegetables-6424\/","title":{"rendered":"Meyve ve sebzeler i\u00e7in plastik kasalar 6424"},"content":{"rendered":"<p>fruit crates are available in multiple sizes and styles for picking, processing and shipping small fruits and\u00a0vegetables like strawberries or asparagus.<\/p>\n<p><strong>\u00d6zellikler ve Avantajlar<\/strong><\/p>\n<ul>\n<li>FDA uyumlu malzemelerden \u00fcretilmi\u015ftir<\/li>\n<li>G\u00fcne\u015f \u0131\u015f\u0131\u011f\u0131na ve so\u011futma i\u015flemlerine dayan\u0131kl\u0131d\u0131r; darbeye ve neme kar\u015f\u0131 dayan\u0131kl\u0131d\u0131r; par\u00e7alanmaz, \u00e7\u00fcr\u00fcmez veya koku emmez<\/li>\n<li>Kolay temizlenebilir i\u00e7 mekanlar<\/li>\n<li>Alan verimlili\u011fi i\u00e7in doluyken istifleyin, bo\u015fken yuvalay\u0131n<\/li>\n<li>H\u0131zl\u0131 so\u011futma, s\u0131cakl\u0131k kontrol\u00fc ve drenaj i\u00e7in havaland\u0131rmal\u0131 tasar\u0131mlar<\/li>\n<li>-20\u02da ila 120\u02da F aras\u0131ndaki s\u0131cakl\u0131klarda kullan\u0131n<\/li>\n<li>\u00d6zelle\u015ftirme ve tan\u0131mlama se\u00e7enekleri mevcuttur<\/li>\n<li>Bir y\u0131ll\u0131k s\u0131n\u0131rl\u0131 garantiyle desteklenmektedir<\/li>\n<li>100% geri d\u00f6n\u00fc\u015ft\u00fcr\u00fclebilir HDPE<\/li>\n<\/ul>","protected":false},"excerpt":{"rendered":"<p>\u0130lginizi \u00e7ekebilecek di\u011fer konular <a href=\"https:\/\/www.plastic-crates.com\/tr\/urun-kategori\/kapakli-cantalar\/\" target=\"_blank\" rel=\"noopener\">kapakl\u0131 plastik kaplar<\/a>,<a href=\"https:\/\/www.plastic-crates.com\/tr\/urun-kategori\/parca-depolama-kutulari\/\" target=\"_blank\" rel=\"noopener\">parts stackable bin<\/a><\/p>","protected":false},"featured_media":6976,"template":"","meta":{"_acf_changed":false},"product_brand":[],"product_cat":[20],"product_tag":[148,126,127],"class_list":{"0":"post-6958","1":"product","2":"type-product","3":"status-publish","4":"has-post-thumbnail","6":"product_cat-fruit-crates","7":"product_tag-plastic-shipping-crates","8":"product_tag-plastic-vegetable-and-fruit-crate","9":"product_tag-plastic-vegetable-basket","11":"first","12":"instock","13":"product-type-simple"},"acf":[],"yoast_head":"<!-- This site is optimized with the Yoast SEO plugin v26.1.1 - https:\/\/yoast.com\/wordpress\/plugins\/seo\/ -->\n<title>Plastic Crates for fruits and vegetables | High Quality &amp; Factory Price\u200e<\/title>\n<meta name=\"description\" content=\"Plastic Crates for fruits and vegetables, Harvest Crates, Dimensions(L*W*H):600*400*245mm, Volumn:48L,plastic fruit crates for sale\" \/>\n<meta name=\"robots\" content=\"index, follow, max-snippet:-1, max-image-preview:large, max-video-preview:-1\" \/>\n<link rel=\"canonical\" href=\"https:\/\/www.plastic-crates.com\/tr\/urun\/plastic-crates-for-fruits-and-vegetables-6424\/\" \/>\n<meta property=\"og:locale\" content=\"tr_TR\" \/>\n<meta property=\"og:type\" content=\"article\" \/>\n<meta property=\"og:title\" content=\"fruit crates | High Quality &amp; Factory Price\u200e\" \/>\n<meta property=\"og:description\" content=\"Plastic Crates for fruits and vegetables, Harvest Crates, Dimensions(L*W*H):600*400*245mm, Volumn:48L,plastic fruit crates for sale\" \/>\n<meta property=\"og:url\" content=\"https:\/\/www.plastic-crates.com\/tr\/urun\/plastic-crates-for-fruits-and-vegetables-6424\/\" \/>\n<meta property=\"og:site_name\" content=\"plastic-crates.com\" \/>\n<meta property=\"article:modified_time\" content=\"2025-04-21T13:14:48+00:00\" \/>\n<meta property=\"og:image\" content=\"https:\/\/www.plastic-crates.com\/wp-content\/uploads\/2021\/07\/fruit-crates-2.jpg\" \/>\n\t<meta property=\"og:image:width\" content=\"700\" \/>\n\t<meta property=\"og:image:height\" content=\"700\" \/>\n\t<meta property=\"og:image:type\" content=\"image\/jpeg\" \/>\n<meta name=\"twitter:card\" content=\"summary_large_image\" \/>\n<meta name=\"twitter:title\" content=\"fruit crates | High Quality &amp; Factory Price\u200e\" \/>\n<meta name=\"twitter:label1\" content=\"Tahmini okuma s\u00fcresi\" \/>\n\t<meta name=\"twitter:data1\" content=\"1 dakika\" \/>\n<script type=\"application\/ld+json\" class=\"yoast-schema-graph\">{\"@context\":\"https:\/\/schema.org\",\"@graph\":[{\"@type\":\"WebPage\",\"@id\":\"https:\/\/www.plastic-crates.com\/product\/plastic-crates-for-fruits-and-vegetables-6424\/\",\"url\":\"https:\/\/www.plastic-crates.com\/product\/plastic-crates-for-fruits-and-vegetables-6424\/\",\"name\":\"Plastic Crates for fruits and vegetables | High Quality & Factory Price\u200e\",\"isPartOf\":{\"@id\":\"https:\/\/www.plastic-crates.com\/#website\"},\"primaryImageOfPage\":{\"@id\":\"https:\/\/www.plastic-crates.com\/product\/plastic-crates-for-fruits-and-vegetables-6424\/#primaryimage\"},\"image\":{\"@id\":\"https:\/\/www.plastic-crates.com\/product\/plastic-crates-for-fruits-and-vegetables-6424\/#primaryimage\"},\"thumbnailUrl\":\"https:\/\/www.plastic-crates.com\/wp-content\/uploads\/2021\/07\/fruit-crates-2.jpg\",\"datePublished\":\"2021-07-15T05:53:43+00:00\",\"dateModified\":\"2025-04-21T13:14:48+00:00\",\"description\":\"Plastic Crates for fruits and vegetables, Harvest Crates, Dimensions(L*W*H):600*400*245mm, Volumn:48L,plastic fruit crates for sale\",\"breadcrumb\":{\"@id\":\"https:\/\/www.plastic-crates.com\/product\/plastic-crates-for-fruits-and-vegetables-6424\/#breadcrumb\"},\"inLanguage\":\"tr\",\"potentialAction\":[{\"@type\":\"ReadAction\",\"target\":[\"https:\/\/www.plastic-crates.com\/product\/plastic-crates-for-fruits-and-vegetables-6424\/\"]}]},{\"@type\":\"ImageObject\",\"inLanguage\":\"tr\",\"@id\":\"https:\/\/www.plastic-crates.com\/product\/plastic-crates-for-fruits-and-vegetables-6424\/#primaryimage\",\"url\":\"https:\/\/www.plastic-crates.com\/wp-content\/uploads\/2021\/07\/fruit-crates-2.jpg\",\"contentUrl\":\"https:\/\/www.plastic-crates.com\/wp-content\/uploads\/2021\/07\/fruit-crates-2.jpg\",\"width\":700,\"height\":700,\"caption\":\"Plastic Crates for fruits and vegetables\"},{\"@type\":\"BreadcrumbList\",\"@id\":\"https:\/\/www.plastic-crates.com\/product\/plastic-crates-for-fruits-and-vegetables-6424\/#breadcrumb\",\"itemListElement\":[{\"@type\":\"ListItem\",\"position\":1,\"name\":\"Home\",\"item\":\"https:\/\/www.plastic-crates.com\/\"},{\"@type\":\"ListItem\",\"position\":2,\"name\":\"Products\",\"item\":\"https:\/\/www.plastic-crates.com\/shop\/\"},{\"@type\":\"ListItem\",\"position\":3,\"name\":\"Plastic Crates for fruits and vegetables 6424\"}]},{\"@type\":\"WebSite\",\"@id\":\"https:\/\/www.plastic-crates.com\/#website\",\"url\":\"https:\/\/www.plastic-crates.com\/\",\"name\":\"plastic-crates.com\",\"description\":\"Leading plastic crates manufacturer in China\",\"potentialAction\":[{\"@type\":\"SearchAction\",\"target\":{\"@type\":\"EntryPoint\",\"urlTemplate\":\"https:\/\/www.plastic-crates.com\/?s={search_term_string}\"},\"query-input\":{\"@type\":\"PropertyValueSpecification\",\"valueRequired\":true,\"valueName\":\"search_term_string\"}}],\"inLanguage\":\"tr\"}]}<\/script>\n<!-- \/ Yoast SEO plugin. -->","yoast_head_json":{"title":"Plastic Crates for fruits and vegetables | High Quality & Factory Price\u200e","description":"Plastic Crates for fruits and vegetables, Harvest Crates, Dimensions(L*W*H):600*400*245mm, Volumn:48L,plastic fruit crates for sale","robots":{"index":"index","follow":"follow","max-snippet":"max-snippet:-1","max-image-preview":"max-image-preview:large","max-video-preview":"max-video-preview:-1"},"canonical":"https:\/\/www.plastic-crates.com\/tr\/urun\/plastic-crates-for-fruits-and-vegetables-6424\/","og_locale":"tr_TR","og_type":"article","og_title":"fruit crates | High Quality & Factory Price\u200e","og_description":"Plastic Crates for fruits and vegetables, Harvest Crates, Dimensions(L*W*H):600*400*245mm, Volumn:48L,plastic fruit crates for sale","og_url":"https:\/\/www.plastic-crates.com\/tr\/urun\/plastic-crates-for-fruits-and-vegetables-6424\/","og_site_name":"plastic-crates.com","article_modified_time":"2025-04-21T13:14:48+00:00","og_image":[{"width":700,"height":700,"url":"https:\/\/www.plastic-crates.com\/wp-content\/uploads\/2021\/07\/fruit-crates-2.jpg","type":"image\/jpeg"}],"twitter_card":"summary_large_image","twitter_title":"fruit crates | High Quality & Factory Price\u200e","twitter_misc":{"Tahmini okuma s\u00fcresi":"1 dakika"},"schema":{"@context":"https:\/\/schema.org","@graph":[{"@type":"WebPage","@id":"https:\/\/www.plastic-crates.com\/product\/plastic-crates-for-fruits-and-vegetables-6424\/","url":"https:\/\/www.plastic-crates.com\/product\/plastic-crates-for-fruits-and-vegetables-6424\/","name":"Plastic Crates for fruits and vegetables | High Quality & Factory Price\u200e","isPartOf":{"@id":"https:\/\/www.plastic-crates.com\/#website"},"primaryImageOfPage":{"@id":"https:\/\/www.plastic-crates.com\/product\/plastic-crates-for-fruits-and-vegetables-6424\/#primaryimage"},"image":{"@id":"https:\/\/www.plastic-crates.com\/product\/plastic-crates-for-fruits-and-vegetables-6424\/#primaryimage"},"thumbnailUrl":"https:\/\/www.plastic-crates.com\/wp-content\/uploads\/2021\/07\/fruit-crates-2.jpg","datePublished":"2021-07-15T05:53:43+00:00","dateModified":"2025-04-21T13:14:48+00:00","description":"Plastic Crates for fruits and vegetables, Harvest Crates, Dimensions(L*W*H):600*400*245mm, Volumn:48L,plastic fruit crates for sale","breadcrumb":{"@id":"https:\/\/www.plastic-crates.com\/product\/plastic-crates-for-fruits-and-vegetables-6424\/#breadcrumb"},"inLanguage":"tr","potentialAction":[{"@type":"ReadAction","target":["https:\/\/www.plastic-crates.com\/product\/plastic-crates-for-fruits-and-vegetables-6424\/"]}]},{"@type":"ImageObject","inLanguage":"tr","@id":"https:\/\/www.plastic-crates.com\/product\/plastic-crates-for-fruits-and-vegetables-6424\/#primaryimage","url":"https:\/\/www.plastic-crates.com\/wp-content\/uploads\/2021\/07\/fruit-crates-2.jpg","contentUrl":"https:\/\/www.plastic-crates.com\/wp-content\/uploads\/2021\/07\/fruit-crates-2.jpg","width":700,"height":700,"caption":"Plastic Crates for fruits and vegetables"},{"@type":"BreadcrumbList","@id":"https:\/\/www.plastic-crates.com\/product\/plastic-crates-for-fruits-and-vegetables-6424\/#breadcrumb","itemListElement":[{"@type":"ListItem","position":1,"name":"Home","item":"https:\/\/www.plastic-crates.com\/"},{"@type":"ListItem","position":2,"name":"Products","item":"https:\/\/www.plastic-crates.com\/shop\/"},{"@type":"ListItem","position":3,"name":"Plastic Crates for fruits and vegetables 6424"}]},{"@type":"WebSite","@id":"https:\/\/www.plastic-crates.com\/#website","url":"https:\/\/www.plastic-crates.com\/","name":"plastic-crates.com","description":"\u00c7in&#039;in \u00f6nde gelen plastik kasa \u00fcreticisi","potentialAction":[{"@type":"SearchAction","target":{"@type":"EntryPoint","urlTemplate":"https:\/\/www.plastic-crates.com\/?s={search_term_string}"},"query-input":{"@type":"PropertyValueSpecification","valueRequired":true,"valueName":"search_term_string"}}],"inLanguage":"tr"}]}},"_links":{"self":[{"href":"https:\/\/www.plastic-crates.com\/tr\/wp-json\/wp\/v2\/product\/6958","targetHints":{"allow":["GET"]}}],"collection":[{"href":"https:\/\/www.plastic-crates.com\/tr\/wp-json\/wp\/v2\/product"}],"about":[{"href":"https:\/\/www.plastic-crates.com\/tr\/wp-json\/wp\/v2\/types\/product"}],"wp:featuredmedia":[{"embeddable":true,"href":"https:\/\/www.plastic-crates.com\/tr\/wp-json\/wp\/v2\/media\/6976"}],"wp:attachment":[{"href":"https:\/\/www.plastic-crates.com\/tr\/wp-json\/wp\/v2\/media?parent=6958"}],"wp:term":[{"taxonomy":"product_brand","embeddable":true,"href":"https:\/\/www.plastic-crates.com\/tr\/wp-json\/wp\/v2\/product_brand?post=6958"},{"taxonomy":"product_cat","embeddable":true,"href":"https:\/\/www.plastic-crates.com\/tr\/wp-json\/wp\/v2\/product_cat?post=6958"},{"taxonomy":"product_tag","embeddable":true,"href":"https:\/\/www.plastic-crates.com\/tr\/wp-json\/wp\/v2\/product_tag?post=6958"}],"curies":[{"name":"wp","href":"https:\/\/api.w.org\/{rel}","templated":true}]}}