{"id":6964,"date":"2021-07-15T05:53:44","date_gmt":"2021-07-15T05:53:44","guid":{"rendered":"https:\/\/www.plastic-crates.com\/?post_type=product&#038;p=6964"},"modified":"2021-07-15T06:54:56","modified_gmt":"2021-07-15T06:54:56","slug":"katlanabilir-meyve-kasalari","status":"publish","type":"product","link":"https:\/\/www.plastic-crates.com\/tr\/urun\/katlanabilir-meyve-kasalari\/","title":{"rendered":"katlanabilir meyve kasalar\u0131"},"content":{"rendered":"<div style=\"width: 960px;\" class=\"wp-video\"><!--[if lt IE 9]><script>document.createElement('video');<\/script><![endif]-->\n<video class=\"wp-video-shortcode\" id=\"video-6964-1\" width=\"960\" height=\"540\" preload=\"metadata\" controls=\"controls\"><source type=\"video\/mp4\" src=\"https:\/\/www.vegcrates.com\/wp-content\/uploads\/2021\/06\/folding-vegetable-crates.mp4?_=1\" \/><a href=\"https:\/\/www.vegcrates.com\/wp-content\/uploads\/2021\/06\/folding-vegetable-crates.mp4\">https:\/\/www.vegcrates.com\/wp-content\/uploads\/2021\/06\/folding-vegetable-crates.mp4<\/a><\/video><\/div>\n<p>&nbsp;<\/p>\n<table class=\"table table-bordered\">\n<tbody>\n<tr>\n<td colspan=\"2\" rowspan=\"1\">\n<div class=\"magic-5\" data-spm-anchor-id=\"a2700.wholesale.0.i28.6ec52b1clrcZLq\">\n<div class=\"magic-6\" data-spm-anchor-id=\"0.0.0.i25.47de4f05nhNpC9\"><span class=\"magic-7\" data-spm-anchor-id=\"a2700.pc-decorate.0.i14.39f83333ChPpDi\"><b>\u00dcr\u00fcn Parametreleri<\/b><\/span><\/div>\n<\/div>\n<\/td>\n<\/tr>\n<tr>\n<td colspan=\"1\" rowspan=\"1\">\n<div class=\"magic-10\">\u00dcr\u00fcn ad\u0131<\/div>\n<\/td>\n<td colspan=\"1\" rowspan=\"1\">\n<div class=\"magic-11\">ZD64220&#039;ye KATILIN<\/div>\n<\/td>\n<\/tr>\n<tr>\n<td colspan=\"1\" rowspan=\"1\">\n<div class=\"magic-10\">Hacim<\/div>\n<\/td>\n<td colspan=\"1\" rowspan=\"1\">\n<div class=\"magic-11\">41L<\/div>\n<\/td>\n<\/tr>\n<tr>\n<td colspan=\"1\" rowspan=\"1\">\n<div class=\"magic-12\">D\u0131\u015f Boyut<\/div>\n<\/td>\n<td colspan=\"1\" rowspan=\"1\">\n<div class=\"magic-11\">600*400*220mm<\/div>\n<\/td>\n<\/tr>\n<tr>\n<td colspan=\"1\" rowspan=\"1\">\n<div class=\"magic-10\">Katlama Boyutu<\/div>\n<\/td>\n<td colspan=\"1\" rowspan=\"1\">\n<div class=\"magic-11\" data-spm-anchor-id=\"a2700.wholesale.0.i22.6ec52b1clrcZLq\">600*400*48mm<\/div>\n<\/td>\n<\/tr>\n<tr>\n<td colspan=\"1\" rowspan=\"1\">\n<div class=\"magic-10\">Katlama Y\u00fcksekli\u011fi<\/div>\n<\/td>\n<td colspan=\"1\" rowspan=\"1\">\n<div class=\"magic-11\">48 mm<\/div>\n<\/td>\n<\/tr>\n<tr>\n<td colspan=\"1\" rowspan=\"1\">\n<div class=\"magic-10\">Malzeme<\/div>\n<\/td>\n<td colspan=\"1\" rowspan=\"1\">\n<div class=\"magic-11\">PP<\/div>\n<\/td>\n<\/tr>\n<tr>\n<td colspan=\"1\" rowspan=\"1\">\n<div class=\"magic-10\">Renkler<\/div>\n<\/td>\n<td colspan=\"1\" rowspan=\"1\">\n<div class=\"magic-11\">Mavi Ye\u015fil \u00d6zelle\u015ftirme<\/div>\n<\/td>\n<\/tr>\n<tr>\n<td colspan=\"1\" rowspan=\"1\">\n<div class=\"magic-10\">Y\u00fck Kapasitesi<\/div>\n<\/td>\n<td colspan=\"1\" rowspan=\"1\">\n<div class=\"magic-11\">\u226420kg<\/div>\n<\/td>\n<\/tr>\n<tr>\n<td colspan=\"1\" rowspan=\"1\">\n<div class=\"magic-12\">\u0130stifleme Kapasitesi<\/div>\n<\/td>\n<td colspan=\"1\" rowspan=\"1\">\n<div class=\"magic-11\">\u2264100kg<\/div>\n<\/td>\n<\/tr>\n<tr>\n<td colspan=\"1\" rowspan=\"1\">\n<div class=\"magic-12\">20&#039;GP<\/div>\n<\/td>\n<td colspan=\"1\" rowspan=\"1\">\n<div class=\"magic-11\">2500 adet<\/div>\n<\/td>\n<\/tr>\n<tr>\n<td colspan=\"1\" rowspan=\"1\">\n<div class=\"magic-12\">40&#039;GP<\/div>\n<\/td>\n<td colspan=\"1\" rowspan=\"1\">\n<div class=\"magic-11\">5000 adet<\/div>\n<\/td>\n<\/tr>\n<\/tbody>\n<\/table>\n<p>&nbsp;<\/p>\n<p>&nbsp;<\/p>\n<div class=\"table-responsive\">\n<table class=\"table table-bordered\">\n<tbody>\n<tr>\n<td colspan=\"5\" rowspan=\"1\">\n<div class=\"magic-57\">\n<div class=\"magic-6\" data-spm-anchor-id=\"0.0.0.i48.47de4f05sUjxmC\"><b><span class=\"magic-7\" data-spm-anchor-id=\"0.0.0.i47.47de4f05sUjxmC\">T\u00dcM Mevcut Boyutlar<\/span><\/b><\/div>\n<\/div>\n<\/td>\n<\/tr>\n<tr>\n<td colspan=\"1\" rowspan=\"1\">\n<div class=\"magic-60\">\n<div class=\"magic-61\" data-spm-anchor-id=\"0.0.0.i14.47de4f05sUjxmC\">\u00dcr\u00fcn Numaras\u0131<\/div>\n<\/div>\n<\/td>\n<td colspan=\"1\" rowspan=\"1\">\n<div class=\"magic-62\">\n<div class=\"magic-6\" data-spm-anchor-id=\"0.0.0.i12.47de4f05sUjxmC\">Hacim<\/div>\n<\/div>\n<\/td>\n<td colspan=\"1\" rowspan=\"1\">\n<div class=\"magic-62\">\n<div class=\"magic-6\" data-spm-anchor-id=\"0.0.0.i76.47de4f05sUjxmC\">D\u0131\u015f Boyut<\/div>\n<\/div>\n<\/td>\n<td colspan=\"1\" rowspan=\"1\">\n<div class=\"magic-62\">\n<div class=\"magic-6\" data-spm-anchor-id=\"0.0.0.i34.47de4f05sUjxmC\">Katlama Boyutu<\/div>\n<\/div>\n<\/td>\n<td colspan=\"1\" rowspan=\"1\">\n<div class=\"magic-63\">\n<div class=\"magic-6\">Tek A\u011f\u0131rl\u0131k<\/div>\n<\/div>\n<\/td>\n<\/tr>\n<tr>\n<td colspan=\"1\" rowspan=\"1\">\n<div class=\"magic-60\">\n<div class=\"magic-61\" data-spm-anchor-id=\"0.0.0.i62.47de4f05sUjxmC\">ZD64220&#039;ye KATILIN<\/div>\n<\/div>\n<\/td>\n<td colspan=\"1\" rowspan=\"1\">\n<div class=\"magic-62\">\n<div class=\"magic-6\" data-spm-anchor-id=\"a2700.pc-decorate.0.i139.3abb3333TIRZpF\">41L<\/div>\n<\/div>\n<\/td>\n<td colspan=\"1\" rowspan=\"1\">\n<div class=\"magic-62\">\n<div class=\"magic-6\" data-spm-anchor-id=\"a2700.pc-decorate.0.i142.3abb3333TIRZpF\">600*400*220mm<\/div>\n<\/div>\n<\/td>\n<td colspan=\"1\" rowspan=\"1\">\n<div class=\"magic-62\">\n<div class=\"magic-6\" data-spm-anchor-id=\"a2700.pc-decorate.0.i146.3abb3333TIRZpF\">600*400*48mm<\/div>\n<\/div>\n<\/td>\n<td colspan=\"1\" rowspan=\"1\">\n<div class=\"magic-63\">\n<div class=\"magic-6\" data-spm-anchor-id=\"a2700.pc-decorate.0.i147.3abb3333TIRZpF\">2,1 kg \u00b12%<\/div>\n<\/div>\n<\/td>\n<\/tr>\n<tr>\n<td colspan=\"1\" rowspan=\"1\">\n<div class=\"magic-60\">\n<div class=\"magic-61\" data-spm-anchor-id=\"a2700.custom-template.0.i23.e62133334T37Q0\">ZD64255&#039;e KATILIN<\/div>\n<\/div>\n<\/td>\n<td colspan=\"1\" rowspan=\"1\">\n<div class=\"magic-62\">\n<div class=\"magic-6\" data-spm-anchor-id=\"a2700.pc-decorate.0.i140.3abb3333TIRZpF\">50L<\/div>\n<\/div>\n<\/td>\n<td colspan=\"1\" rowspan=\"1\">\n<div class=\"magic-62\">\n<div class=\"magic-6\" data-spm-anchor-id=\"a2700.pc-decorate.0.i144.3abb3333TIRZpF\">600*400*255mm<\/div>\n<\/div>\n<\/td>\n<td colspan=\"1\" rowspan=\"1\">\n<div class=\"magic-62\">\n<div class=\"magic-6\" data-spm-anchor-id=\"0.0.0.i79.47de4f05sUjxmC\">600*400*80mm<\/div>\n<\/div>\n<\/td>\n<td colspan=\"1\" rowspan=\"1\">\n<div class=\"magic-63\">\n<div class=\"magic-6\" data-spm-anchor-id=\"a2700.pc-decorate.0.i148.3abb3333TIRZpF\">2,0 kg \u00b12%<\/div>\n<\/div>\n<\/td>\n<\/tr>\n<tr>\n<td colspan=\"1\" rowspan=\"1\">\n<div class=\"magic-60\">\n<div class=\"magic-61\" data-spm-anchor-id=\"a2700.custom-template.0.i27.e62133334T37Q0\">ZD53245&#039;e KATILIN<\/div>\n<\/div>\n<\/td>\n<td colspan=\"1\" rowspan=\"1\">\n<div class=\"magic-62\">\n<div class=\"magic-6\" data-spm-anchor-id=\"a2700.pc-decorate.0.i141.3abb3333TIRZpF\">30L<\/div>\n<\/div>\n<\/td>\n<td colspan=\"1\" rowspan=\"1\">\n<div class=\"magic-62\">\n<div class=\"magic-6\" data-spm-anchor-id=\"a2700.pc-decorate.0.i145.3abb3333TIRZpF\">506*337*245mm<\/div>\n<\/div>\n<\/td>\n<td colspan=\"1\" rowspan=\"1\">\n<div class=\"magic-62\">\n<div class=\"magic-6\" data-spm-anchor-id=\"0.0.0.i80.47de4f05sUjxmC\">506*337*90mm<\/div>\n<\/div>\n<\/td>\n<td colspan=\"1\" rowspan=\"1\">\n<div class=\"magic-63\">\n<div class=\"magic-6\" data-spm-anchor-id=\"a2700.pc-decorate.0.i149.3abb3333TIRZpF\">1,9 kg \u00b12%<\/div>\n<\/div>\n<\/td>\n<\/tr>\n<\/tbody>\n<\/table>\n<\/div>\n<p><strong>katlanabilir plastik meyve kasalar\u0131 detaylar\u0131<\/strong><\/p>\n<p><img loading=\"lazy\" decoding=\"async\" class=\"alignnone wp-image-6522\" src=\"https:\/\/www.vegcrates.com\/wp-content\/uploads\/2021\/06\/folding-crates-1.jpg\" alt=\"katlan\u0131r kasalar\" width=\"800\" height=\"800\" \/> <img loading=\"lazy\" decoding=\"async\" class=\"alignnone wp-image-6523\" src=\"https:\/\/www.vegcrates.com\/wp-content\/uploads\/2021\/06\/folding-crates-2.jpg\" alt=\"katlanabilir kasalar\" width=\"800\" height=\"424\" \/> <img loading=\"lazy\" decoding=\"async\" class=\"alignnone wp-image-6525\" src=\"https:\/\/www.vegcrates.com\/wp-content\/uploads\/2021\/06\/folding-crates-4.jpg\" alt=\"katlan\u0131r plastik kasalar\" width=\"800\" height=\"800\" \/><\/p>\n<div class=\"text-title\" data-id=\"below-title\">\n<div><\/div>\n<div><\/div>\n<div class=\"magic-6\"><strong><span class=\"magic-7\" data-spm-anchor-id=\"a2700.wholesale.0.i29.6ec52b1clrcZLq\">Bask\u0131 ve Grav\u00fcr<\/span><\/strong><\/div>\n<\/div>\n<div class=\"text-content\" data-id=\"below-content\"><span class=\"magic-34\">M\u00fc\u015fterinin iste\u011fine g\u00f6re katlan\u0131r kasan\u0131n belirlenen k\u0131s\u0131mlar\u0131na bask\u0131 ve grav\u00fcr yap\u0131l\u0131r.<\/span><\/div>\n<div data-id=\"below-content\"><img loading=\"lazy\" decoding=\"async\" class=\"alignnone wp-image-6526\" src=\"https:\/\/www.vegcrates.com\/wp-content\/uploads\/2021\/06\/vegetable-crates-printing-e1624458589223.jpg\" alt=\"sebze kasalar\u0131\" width=\"800\" height=\"416\" \/><\/div>\n<p>Bu sebze kasas\u0131n\u0131n istiflenebilme ve katlanabilme \u00f6zelli\u011fi, onu s\u00fcpermarkette, \u00e7ift\u00e7i pazar\u0131nda, depoda, markette, lojistik \u015firketinde sebze ve meyvelerin depolanmas\u0131 ve da\u011f\u0131t\u0131m\u0131 i\u00e7in uygun hale getirir.<\/p>\n<p>&nbsp;<\/p>\n<p><strong>Bu sebze plastik kasalar\u0131n\u0131n uygulamas\u0131<\/strong><\/p>\n<p><img loading=\"lazy\" decoding=\"async\" class=\"alignnone wp-image-6527\" src=\"https:\/\/www.vegcrates.com\/wp-content\/uploads\/2021\/06\/vegetable-crates-application-1-1024x265.png\" alt=\"sebze kasalar\u0131 uygulamas\u0131\" width=\"800\" height=\"207\" \/> <img loading=\"lazy\" decoding=\"async\" class=\"alignnone wp-image-6528\" src=\"https:\/\/www.vegcrates.com\/wp-content\/uploads\/2021\/06\/vegetable-crates-application-2-1024x437.png\" alt=\"sebze kasalar\u0131 uygulamas\u0131\" width=\"800\" height=\"341\" \/> <img loading=\"lazy\" decoding=\"async\" class=\"alignnone wp-image-6529\" src=\"https:\/\/www.vegcrates.com\/wp-content\/uploads\/2021\/06\/vegetable-crates-application-3-1024x361.png\" alt=\"sebze kasalar\u0131 uygulamas\u0131\" width=\"800\" height=\"282\" \/> <img loading=\"lazy\" decoding=\"async\" class=\"alignnone wp-image-6530\" src=\"https:\/\/www.vegcrates.com\/wp-content\/uploads\/2021\/06\/vegetable-crates-application-4-1024x350.png\" alt=\"sebze kasalar\u0131 uygulamas\u0131\" width=\"800\" height=\"274\" \/><\/p>\n<p>&nbsp;<\/p>\n<p>Sebze plastik kasalar\u0131, \u00e7ilek veya ku\u015fkonmaz gibi k\u00fc\u00e7\u00fck meyve ve sebzelerin toplanmas\u0131, i\u015flenmesi ve nakliyesi i\u00e7in \u00e7e\u015fitli boyut ve stillerde mevcuttur.<\/p>\n<p><strong>Paketleme ve Teslimat<\/strong><\/p>\n<p><img loading=\"lazy\" decoding=\"async\" class=\"alignnone wp-image-6531\" src=\"https:\/\/www.vegcrates.com\/wp-content\/uploads\/2021\/06\/foldable-crates-for-groceries-delivery-1024x505.png\" alt=\"bakkal teslimat\u0131 i\u00e7in katlanabilir kasalar\" width=\"800\" height=\"395\" \/><\/p>\n<p><strong>\u00d6zellikler ve Avantajlar<\/strong><\/p>\n<ul>\n<li>FDA uyumlu malzemelerden \u00fcretilmi\u015ftir<\/li>\n<li>G\u00fcne\u015f \u0131\u015f\u0131\u011f\u0131na ve so\u011futma i\u015flemlerine dayan\u0131kl\u0131d\u0131r; darbeye ve neme kar\u015f\u0131 dayan\u0131kl\u0131d\u0131r; par\u00e7alanmaz, \u00e7\u00fcr\u00fcmez veya koku emmez<\/li>\n<li>Kolay temizlenebilir i\u00e7 mekanlar<\/li>\n<li>Alan verimlili\u011fi i\u00e7in doluyken istifleyin, bo\u015fken yuvalay\u0131n<\/li>\n<li>H\u0131zl\u0131 so\u011futma, s\u0131cakl\u0131k kontrol\u00fc ve drenaj i\u00e7in havaland\u0131rmal\u0131 tasar\u0131mlar<\/li>\n<li>-20\u02da ila 120\u02da F aras\u0131ndaki s\u0131cakl\u0131klarda kullan\u0131n<\/li>\n<li>\u00d6zelle\u015ftirme ve tan\u0131mlama se\u00e7enekleri mevcuttur<\/li>\n<li>Bir y\u0131ll\u0131k s\u0131n\u0131rl\u0131 garantiyle desteklenmektedir<\/li>\n<li>100% geri d\u00f6n\u00fc\u015ft\u00fcr\u00fclebilir HDPE<\/li>\n<\/ul>","protected":false},"excerpt":{"rendered":"<p>\u0130lginizi \u00e7ekebilecek di\u011fer konular <a href=\"https:\/\/www.vegcrates.com\/product-category\/collapsible-storage-crate\/\" target=\"_blank\" rel=\"noopener\">katlan\u0131r kasalar<\/a>,<a href=\"https:\/\/www.vegcrates.com\/product-category\/euro-containers\/\" target=\"_blank\" rel=\"noopener\">sat\u0131l\u0131k euro kasalar\u0131<\/a><\/p>","protected":false},"featured_media":7004,"template":"","meta":{"_acf_changed":false},"product_brand":[],"product_cat":[20],"product_tag":[126,127],"class_list":{"0":"post-6964","1":"product","2":"type-product","3":"status-publish","4":"has-post-thumbnail","6":"product_cat-fruit-crates","7":"product_tag-plastic-vegetable-and-fruit-crate","8":"product_tag-plastic-vegetable-basket","10":"first","11":"instock","12":"product-type-simple"},"acf":[],"yoast_head":"<!-- This site is optimized with the Yoast SEO plugin v26.1.1 - https:\/\/yoast.com\/wordpress\/plugins\/seo\/ -->\n<title>Collapsible fruit crates | High Quality &amp; Factory Price\u200e<\/title>\n<meta name=\"description\" content=\"Professional manufacturer of collapsible plastic fruit crates,Dimensions(L*W*H):600*400*220mm, Volumn:41L,fruit crates for sale\" \/>\n<meta name=\"robots\" content=\"index, follow, max-snippet:-1, max-image-preview:large, max-video-preview:-1\" \/>\n<link rel=\"canonical\" href=\"https:\/\/www.plastic-crates.com\/tr\/urun\/katlanabilir-meyve-kasalari\/\" \/>\n<meta property=\"og:locale\" content=\"tr_TR\" \/>\n<meta property=\"og:type\" content=\"article\" \/>\n<meta property=\"og:title\" content=\"vegetable plastic crates | High Quality &amp; Factory Price\u200e\" \/>\n<meta property=\"og:description\" content=\"Professional manufacturer of collapsible plastic fruit crates,Dimensions(L*W*H):600*400*220mm, Volumn:41L,fruit crates for sale\" \/>\n<meta property=\"og:url\" content=\"https:\/\/www.plastic-crates.com\/tr\/urun\/katlanabilir-meyve-kasalari\/\" \/>\n<meta property=\"og:site_name\" content=\"plastic-crates.com\" \/>\n<meta property=\"article:modified_time\" content=\"2021-07-15T06:54:56+00:00\" \/>\n<meta property=\"og:image\" content=\"https:\/\/www.plastic-crates.com\/wp-content\/uploads\/2021\/07\/folding-vegetable-crates-1-e1624458802176.jpeg\" \/>\n\t<meta property=\"og:image:width\" content=\"1000\" \/>\n\t<meta property=\"og:image:height\" content=\"747\" \/>\n\t<meta property=\"og:image:type\" content=\"image\/jpeg\" \/>\n<meta name=\"twitter:card\" content=\"summary_large_image\" \/>\n<meta name=\"twitter:title\" content=\"vegetable plastic crates | High Quality &amp; Factory Price\u200e\" \/>\n<meta name=\"twitter:label1\" content=\"Tahmini okuma s\u00fcresi\" \/>\n\t<meta name=\"twitter:data1\" content=\"3 dakika\" \/>\n<script type=\"application\/ld+json\" class=\"yoast-schema-graph\">{\"@context\":\"https:\/\/schema.org\",\"@graph\":[{\"@type\":\"WebPage\",\"@id\":\"https:\/\/www.plastic-crates.com\/product\/collapsible-fruit-crates\/\",\"url\":\"https:\/\/www.plastic-crates.com\/product\/collapsible-fruit-crates\/\",\"name\":\"Collapsible fruit crates | High Quality & Factory Price\u200e\",\"isPartOf\":{\"@id\":\"https:\/\/www.plastic-crates.com\/#website\"},\"primaryImageOfPage\":{\"@id\":\"https:\/\/www.plastic-crates.com\/product\/collapsible-fruit-crates\/#primaryimage\"},\"image\":{\"@id\":\"https:\/\/www.plastic-crates.com\/product\/collapsible-fruit-crates\/#primaryimage\"},\"thumbnailUrl\":\"https:\/\/www.plastic-crates.com\/wp-content\/uploads\/2021\/07\/folding-vegetable-crates-1-e1624458802176.jpeg\",\"datePublished\":\"2021-07-15T05:53:44+00:00\",\"dateModified\":\"2021-07-15T06:54:56+00:00\",\"description\":\"Professional manufacturer of collapsible plastic fruit crates,Dimensions(L*W*H):600*400*220mm, Volumn:41L,fruit crates for sale\",\"breadcrumb\":{\"@id\":\"https:\/\/www.plastic-crates.com\/product\/collapsible-fruit-crates\/#breadcrumb\"},\"inLanguage\":\"tr\",\"potentialAction\":[{\"@type\":\"ReadAction\",\"target\":[\"https:\/\/www.plastic-crates.com\/product\/collapsible-fruit-crates\/\"]}]},{\"@type\":\"ImageObject\",\"inLanguage\":\"tr\",\"@id\":\"https:\/\/www.plastic-crates.com\/product\/collapsible-fruit-crates\/#primaryimage\",\"url\":\"https:\/\/www.plastic-crates.com\/wp-content\/uploads\/2021\/07\/folding-vegetable-crates-1-e1624458802176.jpeg\",\"contentUrl\":\"https:\/\/www.plastic-crates.com\/wp-content\/uploads\/2021\/07\/folding-vegetable-crates-1-e1624458802176.jpeg\",\"width\":1000,\"height\":747,\"caption\":\"collapsible fruit crates\"},{\"@type\":\"BreadcrumbList\",\"@id\":\"https:\/\/www.plastic-crates.com\/product\/collapsible-fruit-crates\/#breadcrumb\",\"itemListElement\":[{\"@type\":\"ListItem\",\"position\":1,\"name\":\"Home\",\"item\":\"https:\/\/www.plastic-crates.com\/\"},{\"@type\":\"ListItem\",\"position\":2,\"name\":\"Products\",\"item\":\"https:\/\/www.plastic-crates.com\/shop\/\"},{\"@type\":\"ListItem\",\"position\":3,\"name\":\"collapsible fruit crates\"}]},{\"@type\":\"WebSite\",\"@id\":\"https:\/\/www.plastic-crates.com\/#website\",\"url\":\"https:\/\/www.plastic-crates.com\/\",\"name\":\"plastic-crates.com\",\"description\":\"Leading plastic crates manufacturer in China\",\"potentialAction\":[{\"@type\":\"SearchAction\",\"target\":{\"@type\":\"EntryPoint\",\"urlTemplate\":\"https:\/\/www.plastic-crates.com\/?s={search_term_string}\"},\"query-input\":{\"@type\":\"PropertyValueSpecification\",\"valueRequired\":true,\"valueName\":\"search_term_string\"}}],\"inLanguage\":\"tr\"}]}<\/script>\n<!-- \/ Yoast SEO plugin. -->","yoast_head_json":{"title":"Katlanabilir meyve kasalar\u0131 | Y\u00fcksek Kalite ve Fabrika Fiyat\u0131","description":"Katlanabilir plastik meyve kasalar\u0131n\u0131n profesyonel \u00fcreticisi, Boyutlar (U*G*Y): 600*400*220 mm, Hacim: 41 L, sat\u0131l\u0131k meyve kasalar\u0131","robots":{"index":"index","follow":"follow","max-snippet":"max-snippet:-1","max-image-preview":"max-image-preview:large","max-video-preview":"max-video-preview:-1"},"canonical":"https:\/\/www.plastic-crates.com\/tr\/urun\/katlanabilir-meyve-kasalari\/","og_locale":"tr_TR","og_type":"article","og_title":"vegetable plastic crates | High Quality & Factory Price\u200e","og_description":"Professional manufacturer of collapsible plastic fruit crates,Dimensions(L*W*H):600*400*220mm, Volumn:41L,fruit crates for sale","og_url":"https:\/\/www.plastic-crates.com\/tr\/urun\/katlanabilir-meyve-kasalari\/","og_site_name":"plastic-crates.com","article_modified_time":"2021-07-15T06:54:56+00:00","og_image":[{"width":1000,"height":747,"url":"https:\/\/www.plastic-crates.com\/wp-content\/uploads\/2021\/07\/folding-vegetable-crates-1-e1624458802176.jpeg","type":"image\/jpeg"}],"twitter_card":"summary_large_image","twitter_title":"vegetable plastic crates | High Quality & Factory Price\u200e","twitter_misc":{"Tahmini okuma s\u00fcresi":"3 dakika"},"schema":{"@context":"https:\/\/schema.org","@graph":[{"@type":"WebPage","@id":"https:\/\/www.plastic-crates.com\/product\/collapsible-fruit-crates\/","url":"https:\/\/www.plastic-crates.com\/product\/collapsible-fruit-crates\/","name":"Katlanabilir meyve kasalar\u0131 | Y\u00fcksek Kalite ve Fabrika Fiyat\u0131","isPartOf":{"@id":"https:\/\/www.plastic-crates.com\/#website"},"primaryImageOfPage":{"@id":"https:\/\/www.plastic-crates.com\/product\/collapsible-fruit-crates\/#primaryimage"},"image":{"@id":"https:\/\/www.plastic-crates.com\/product\/collapsible-fruit-crates\/#primaryimage"},"thumbnailUrl":"https:\/\/www.plastic-crates.com\/wp-content\/uploads\/2021\/07\/folding-vegetable-crates-1-e1624458802176.jpeg","datePublished":"2021-07-15T05:53:44+00:00","dateModified":"2021-07-15T06:54:56+00:00","description":"Katlanabilir plastik meyve kasalar\u0131n\u0131n profesyonel \u00fcreticisi, Boyutlar (U*G*Y): 600*400*220 mm, Hacim: 41 L, sat\u0131l\u0131k meyve kasalar\u0131","breadcrumb":{"@id":"https:\/\/www.plastic-crates.com\/product\/collapsible-fruit-crates\/#breadcrumb"},"inLanguage":"tr","potentialAction":[{"@type":"ReadAction","target":["https:\/\/www.plastic-crates.com\/product\/collapsible-fruit-crates\/"]}]},{"@type":"ImageObject","inLanguage":"tr","@id":"https:\/\/www.plastic-crates.com\/product\/collapsible-fruit-crates\/#primaryimage","url":"https:\/\/www.plastic-crates.com\/wp-content\/uploads\/2021\/07\/folding-vegetable-crates-1-e1624458802176.jpeg","contentUrl":"https:\/\/www.plastic-crates.com\/wp-content\/uploads\/2021\/07\/folding-vegetable-crates-1-e1624458802176.jpeg","width":1000,"height":747,"caption":"collapsible fruit crates"},{"@type":"BreadcrumbList","@id":"https:\/\/www.plastic-crates.com\/product\/collapsible-fruit-crates\/#breadcrumb","itemListElement":[{"@type":"ListItem","position":1,"name":"Home","item":"https:\/\/www.plastic-crates.com\/"},{"@type":"ListItem","position":2,"name":"Products","item":"https:\/\/www.plastic-crates.com\/shop\/"},{"@type":"ListItem","position":3,"name":"collapsible fruit crates"}]},{"@type":"WebSite","@id":"https:\/\/www.plastic-crates.com\/#website","url":"https:\/\/www.plastic-crates.com\/","name":"plastic-crates.com","description":"\u00c7in&#039;in \u00f6nde gelen plastik kasa \u00fcreticisi","potentialAction":[{"@type":"SearchAction","target":{"@type":"EntryPoint","urlTemplate":"https:\/\/www.plastic-crates.com\/?s={search_term_string}"},"query-input":{"@type":"PropertyValueSpecification","valueRequired":true,"valueName":"search_term_string"}}],"inLanguage":"tr"}]}},"_links":{"self":[{"href":"https:\/\/www.plastic-crates.com\/tr\/wp-json\/wp\/v2\/product\/6964","targetHints":{"allow":["GET"]}}],"collection":[{"href":"https:\/\/www.plastic-crates.com\/tr\/wp-json\/wp\/v2\/product"}],"about":[{"href":"https:\/\/www.plastic-crates.com\/tr\/wp-json\/wp\/v2\/types\/product"}],"wp:featuredmedia":[{"embeddable":true,"href":"https:\/\/www.plastic-crates.com\/tr\/wp-json\/wp\/v2\/media\/7004"}],"wp:attachment":[{"href":"https:\/\/www.plastic-crates.com\/tr\/wp-json\/wp\/v2\/media?parent=6964"}],"wp:term":[{"taxonomy":"product_brand","embeddable":true,"href":"https:\/\/www.plastic-crates.com\/tr\/wp-json\/wp\/v2\/product_brand?post=6964"},{"taxonomy":"product_cat","embeddable":true,"href":"https:\/\/www.plastic-crates.com\/tr\/wp-json\/wp\/v2\/product_cat?post=6964"},{"taxonomy":"product_tag","embeddable":true,"href":"https:\/\/www.plastic-crates.com\/tr\/wp-json\/wp\/v2\/product_tag?post=6964"}],"curies":[{"name":"wp","href":"https:\/\/api.w.org\/{rel}","templated":true}]}}