{"id":6965,"date":"2021-07-15T05:53:44","date_gmt":"2021-07-15T05:53:44","guid":{"rendered":"https:\/\/www.plastic-crates.com\/?post_type=product&#038;p=6965"},"modified":"2021-07-15T07:29:41","modified_gmt":"2021-07-15T07:29:41","slug":"ventilated-agricultural-containers","status":"publish","type":"product","link":"https:\/\/www.plastic-crates.com\/tr\/urun\/ventilated-agricultural-containers\/","title":{"rendered":"Havaland\u0131rmal\u0131 tar\u0131m konteynerleri"},"content":{"rendered":"<p>These Ventilated agricultural containers are made with high grade quality material and latest techniques to ensure their higher durability and superb quality. Considering the perishable nature of fruits &amp; vegetables, the crates have very good ventilation and smooth interious, ther are suitable for tomato, apple, orange, grapes, mango etc, and the tomato crates have sturdy exteriors to handle load.<\/p>\n<p>Available Product type<\/p>\n<div class=\"table-responsive\">\n<table class=\"table\" style=\"height: 234px;\" border=\"1\" width=\"828\" cellspacing=\"0\" cellpadding=\"0\">\n<tbody>\n<tr align=\"left\">\n<td rowspan=\"2\"><span data-spm-anchor-id=\"a2700.details.0.i29.249235fbYUTov5\">Item<\/span><\/td>\n<td rowspan=\"2\">Mateiral<\/td>\n<td>A\u011f\u0131rl\u0131k<\/td>\n<td>D\u0131\u015f Boyut<\/td>\n<td>Inner Size<\/td>\n<td colspan=\"3\">QTY\/Container<\/td>\n<td rowspan=\"2\">NOTE<\/td>\n<\/tr>\n<tr align=\"left\">\n<td>(KGS\u00b13%)<\/td>\n<td>(mm)<\/td>\n<td>(mm)<\/td>\n<td>20&#039;GP<\/td>\n<td>40&#039;GP<\/td>\n<td>40&#8217;HQ<\/td>\n<\/tr>\n<tr align=\"left\">\n<td>JOIN0358A<\/td>\n<td>HDPE<\/td>\n<td>2.1<\/td>\n<td>L600*W410*H330<\/td>\n<td>L590*W400*H300<\/td>\n<td>500<\/td>\n<td><\/td>\n<td>1336<\/td>\n<td>ventilated<\/td>\n<\/tr>\n<tr align=\"left\">\n<td>JOIN0358C<\/td>\n<td>HDPE<\/td>\n<td>2<\/td>\n<td>L450*W350*H330<\/td>\n<td>L420*W320*H305<\/td>\n<td>788<\/td>\n<td><\/td>\n<td>2110<\/td>\n<td>ventilated<\/td>\n<\/tr>\n<\/tbody>\n<\/table>\n<\/div>\n<p>&nbsp;<\/p>\n<p>&nbsp;<\/p>\n<p><strong>Application of this Ventilated agricultural containers<\/strong><\/p>\n<p><img loading=\"lazy\" decoding=\"async\" class=\"alignnone wp-image-6527\" src=\"https:\/\/www.vegcrates.com\/wp-content\/uploads\/2021\/06\/vegetable-crates-application-1-1024x265.png\" alt=\"sebze kasalar\u0131 uygulamas\u0131\" width=\"800\" height=\"207\" \/> <img loading=\"lazy\" decoding=\"async\" class=\"alignnone wp-image-6528\" src=\"https:\/\/www.vegcrates.com\/wp-content\/uploads\/2021\/06\/vegetable-crates-application-2-1024x437.png\" alt=\"sebze kasalar\u0131 uygulamas\u0131\" width=\"800\" height=\"341\" \/> <img loading=\"lazy\" decoding=\"async\" class=\"alignnone wp-image-6529\" src=\"https:\/\/www.vegcrates.com\/wp-content\/uploads\/2021\/06\/vegetable-crates-application-3-1024x361.png\" alt=\"sebze kasalar\u0131 uygulamas\u0131\" width=\"800\" height=\"282\" \/> <img loading=\"lazy\" decoding=\"async\" class=\"alignnone wp-image-6530\" src=\"https:\/\/www.vegcrates.com\/wp-content\/uploads\/2021\/06\/vegetable-crates-application-4-1024x350.png\" alt=\"sebze kasalar\u0131 uygulamas\u0131\" width=\"800\" height=\"274\" \/><\/p>\n<p>&nbsp;<\/p>\n<p>Sebze plastik kasalar\u0131, \u00e7ilek veya ku\u015fkonmaz gibi k\u00fc\u00e7\u00fck meyve ve sebzelerin toplanmas\u0131, i\u015flenmesi ve nakliyesi i\u00e7in \u00e7e\u015fitli boyut ve stillerde mevcuttur.<\/p>\n<p><strong>Paketleme ve Teslimat<\/strong><\/p>\n<p><img loading=\"lazy\" decoding=\"async\" class=\"alignnone wp-image-6531\" src=\"https:\/\/www.vegcrates.com\/wp-content\/uploads\/2021\/06\/foldable-crates-for-groceries-delivery-1024x505.png\" alt=\"bakkal teslimat\u0131 i\u00e7in katlanabilir kasalar\" width=\"800\" height=\"395\" \/><\/p>\n<p><strong>\u00d6zellikler ve Avantajlar<\/strong><\/p>\n<ul>\n<li>FDA uyumlu malzemelerden \u00fcretilmi\u015ftir<\/li>\n<li>G\u00fcne\u015f \u0131\u015f\u0131\u011f\u0131na ve so\u011futma i\u015flemlerine dayan\u0131kl\u0131d\u0131r; darbeye ve neme kar\u015f\u0131 dayan\u0131kl\u0131d\u0131r; par\u00e7alanmaz, \u00e7\u00fcr\u00fcmez veya koku emmez<\/li>\n<li>Kolay temizlenebilir i\u00e7 mekanlar<\/li>\n<li>Alan verimlili\u011fi i\u00e7in doluyken istifleyin, bo\u015fken yuvalay\u0131n<\/li>\n<li>H\u0131zl\u0131 so\u011futma, s\u0131cakl\u0131k kontrol\u00fc ve drenaj i\u00e7in havaland\u0131rmal\u0131 tasar\u0131mlar<\/li>\n<li>-20\u02da ila 120\u02da F aras\u0131ndaki s\u0131cakl\u0131klarda kullan\u0131n<\/li>\n<li>\u00d6zelle\u015ftirme ve tan\u0131mlama se\u00e7enekleri mevcuttur<\/li>\n<li>Bir y\u0131ll\u0131k s\u0131n\u0131rl\u0131 garantiyle desteklenmektedir<\/li>\n<li>100% geri d\u00f6n\u00fc\u015ft\u00fcr\u00fclebilir HDPE<\/li>\n<\/ul>","protected":false},"excerpt":{"rendered":"<p>\u0130lginizi \u00e7ekebilecek di\u011fer konular <a href=\"https:\/\/www.plastic-crates.com\/tr\/urun-kategori\/plastik-kopek-kulubeleri\/\" target=\"_blank\" rel=\"noopener\">plastik k\u00f6pek kul\u00fcbeleri<\/a>,<a href=\"https:\/\/www.plastic-crates.com\/tr\/urun-kategori\/katlanabilir-kutu\/\" target=\"_blank\" rel=\"noopener\">collapsible plastic crates<\/a><\/p>","protected":false},"featured_media":7010,"template":"","meta":{"_acf_changed":false},"product_brand":[],"product_cat":[20],"product_tag":[126,127],"class_list":{"0":"post-6965","1":"product","2":"type-product","3":"status-publish","4":"has-post-thumbnail","6":"product_cat-fruit-crates","7":"product_tag-plastic-vegetable-and-fruit-crate","8":"product_tag-plastic-vegetable-basket","10":"first","11":"instock","12":"product-type-simple"},"acf":[],"yoast_head":"<!-- This site is optimized with the Yoast SEO plugin v26.1.1 - https:\/\/yoast.com\/wordpress\/plugins\/seo\/ -->\n<title>Ventilated agricultural containers | High Quality &amp; Factory Price\u200e<\/title>\n<meta name=\"description\" content=\"Professional manufacturer of Ventilated agricultural containers, Dimensions(L*W*H):600*410*330mm, Volumn:77L, agricultural crates for sale\" \/>\n<meta name=\"robots\" content=\"index, follow, max-snippet:-1, max-image-preview:large, max-video-preview:-1\" \/>\n<link rel=\"canonical\" href=\"https:\/\/www.plastic-crates.com\/tr\/urun\/ventilated-agricultural-containers\/\" \/>\n<meta property=\"og:locale\" content=\"tr_TR\" \/>\n<meta property=\"og:type\" content=\"article\" \/>\n<meta property=\"og:title\" content=\"vegetable plastic crates | High Quality &amp; Factory Price\u200e\" \/>\n<meta property=\"og:description\" content=\"Professional manufacturer of Ventilated agricultural containers, Dimensions(L*W*H):600*410*330mm, Volumn:77L, agricultural crates for sale\" \/>\n<meta property=\"og:url\" content=\"https:\/\/www.plastic-crates.com\/tr\/urun\/ventilated-agricultural-containers\/\" \/>\n<meta property=\"og:site_name\" content=\"plastic-crates.com\" \/>\n<meta property=\"article:modified_time\" content=\"2021-07-15T07:29:41+00:00\" \/>\n<meta property=\"og:image\" content=\"https:\/\/www.plastic-crates.com\/wp-content\/uploads\/2021\/07\/plastic-apple-crates-6.jpeg\" \/>\n\t<meta property=\"og:image:width\" content=\"800\" \/>\n\t<meta property=\"og:image:height\" content=\"799\" \/>\n\t<meta property=\"og:image:type\" content=\"image\/jpeg\" \/>\n<meta name=\"twitter:card\" content=\"summary_large_image\" \/>\n<meta name=\"twitter:title\" content=\"vegetable plastic crates | High Quality &amp; Factory Price\u200e\" \/>\n<meta name=\"twitter:label1\" content=\"Tahmini okuma s\u00fcresi\" \/>\n\t<meta name=\"twitter:data1\" content=\"2 dakika\" \/>\n<script type=\"application\/ld+json\" class=\"yoast-schema-graph\">{\"@context\":\"https:\/\/schema.org\",\"@graph\":[{\"@type\":\"WebPage\",\"@id\":\"https:\/\/www.plastic-crates.com\/product\/ventilated-agricultural-containers\/\",\"url\":\"https:\/\/www.plastic-crates.com\/product\/ventilated-agricultural-containers\/\",\"name\":\"Ventilated agricultural containers | High Quality & Factory Price\u200e\",\"isPartOf\":{\"@id\":\"https:\/\/www.plastic-crates.com\/#website\"},\"primaryImageOfPage\":{\"@id\":\"https:\/\/www.plastic-crates.com\/product\/ventilated-agricultural-containers\/#primaryimage\"},\"image\":{\"@id\":\"https:\/\/www.plastic-crates.com\/product\/ventilated-agricultural-containers\/#primaryimage\"},\"thumbnailUrl\":\"https:\/\/www.plastic-crates.com\/wp-content\/uploads\/2021\/07\/plastic-apple-crates-6.jpeg\",\"datePublished\":\"2021-07-15T05:53:44+00:00\",\"dateModified\":\"2021-07-15T07:29:41+00:00\",\"description\":\"Professional manufacturer of Ventilated agricultural containers, Dimensions(L*W*H):600*410*330mm, Volumn:77L, agricultural crates for sale\",\"breadcrumb\":{\"@id\":\"https:\/\/www.plastic-crates.com\/product\/ventilated-agricultural-containers\/#breadcrumb\"},\"inLanguage\":\"tr\",\"potentialAction\":[{\"@type\":\"ReadAction\",\"target\":[\"https:\/\/www.plastic-crates.com\/product\/ventilated-agricultural-containers\/\"]}]},{\"@type\":\"ImageObject\",\"inLanguage\":\"tr\",\"@id\":\"https:\/\/www.plastic-crates.com\/product\/ventilated-agricultural-containers\/#primaryimage\",\"url\":\"https:\/\/www.plastic-crates.com\/wp-content\/uploads\/2021\/07\/plastic-apple-crates-6.jpeg\",\"contentUrl\":\"https:\/\/www.plastic-crates.com\/wp-content\/uploads\/2021\/07\/plastic-apple-crates-6.jpeg\",\"width\":800,\"height\":799,\"caption\":\"Ventilated agricultural containers\"},{\"@type\":\"BreadcrumbList\",\"@id\":\"https:\/\/www.plastic-crates.com\/product\/ventilated-agricultural-containers\/#breadcrumb\",\"itemListElement\":[{\"@type\":\"ListItem\",\"position\":1,\"name\":\"Home\",\"item\":\"https:\/\/www.plastic-crates.com\/\"},{\"@type\":\"ListItem\",\"position\":2,\"name\":\"Products\",\"item\":\"https:\/\/www.plastic-crates.com\/shop\/\"},{\"@type\":\"ListItem\",\"position\":3,\"name\":\"Ventilated agricultural containers\"}]},{\"@type\":\"WebSite\",\"@id\":\"https:\/\/www.plastic-crates.com\/#website\",\"url\":\"https:\/\/www.plastic-crates.com\/\",\"name\":\"plastic-crates.com\",\"description\":\"Leading plastic crates manufacturer in China\",\"potentialAction\":[{\"@type\":\"SearchAction\",\"target\":{\"@type\":\"EntryPoint\",\"urlTemplate\":\"https:\/\/www.plastic-crates.com\/?s={search_term_string}\"},\"query-input\":{\"@type\":\"PropertyValueSpecification\",\"valueRequired\":true,\"valueName\":\"search_term_string\"}}],\"inLanguage\":\"tr\"}]}<\/script>\n<!-- \/ Yoast SEO plugin. -->","yoast_head_json":{"title":"Ventilated agricultural containers | High Quality & Factory Price\u200e","description":"Professional manufacturer of Ventilated agricultural containers, Dimensions(L*W*H):600*410*330mm, Volumn:77L, agricultural crates for sale","robots":{"index":"index","follow":"follow","max-snippet":"max-snippet:-1","max-image-preview":"max-image-preview:large","max-video-preview":"max-video-preview:-1"},"canonical":"https:\/\/www.plastic-crates.com\/tr\/urun\/ventilated-agricultural-containers\/","og_locale":"tr_TR","og_type":"article","og_title":"vegetable plastic crates | High Quality & Factory Price\u200e","og_description":"Professional manufacturer of Ventilated agricultural containers, Dimensions(L*W*H):600*410*330mm, Volumn:77L, agricultural crates for sale","og_url":"https:\/\/www.plastic-crates.com\/tr\/urun\/ventilated-agricultural-containers\/","og_site_name":"plastic-crates.com","article_modified_time":"2021-07-15T07:29:41+00:00","og_image":[{"width":800,"height":799,"url":"https:\/\/www.plastic-crates.com\/wp-content\/uploads\/2021\/07\/plastic-apple-crates-6.jpeg","type":"image\/jpeg"}],"twitter_card":"summary_large_image","twitter_title":"vegetable plastic crates | High Quality & Factory Price\u200e","twitter_misc":{"Tahmini okuma s\u00fcresi":"2 dakika"},"schema":{"@context":"https:\/\/schema.org","@graph":[{"@type":"WebPage","@id":"https:\/\/www.plastic-crates.com\/product\/ventilated-agricultural-containers\/","url":"https:\/\/www.plastic-crates.com\/product\/ventilated-agricultural-containers\/","name":"Ventilated agricultural containers | High Quality & Factory Price\u200e","isPartOf":{"@id":"https:\/\/www.plastic-crates.com\/#website"},"primaryImageOfPage":{"@id":"https:\/\/www.plastic-crates.com\/product\/ventilated-agricultural-containers\/#primaryimage"},"image":{"@id":"https:\/\/www.plastic-crates.com\/product\/ventilated-agricultural-containers\/#primaryimage"},"thumbnailUrl":"https:\/\/www.plastic-crates.com\/wp-content\/uploads\/2021\/07\/plastic-apple-crates-6.jpeg","datePublished":"2021-07-15T05:53:44+00:00","dateModified":"2021-07-15T07:29:41+00:00","description":"Professional manufacturer of Ventilated agricultural containers, Dimensions(L*W*H):600*410*330mm, Volumn:77L, agricultural crates for sale","breadcrumb":{"@id":"https:\/\/www.plastic-crates.com\/product\/ventilated-agricultural-containers\/#breadcrumb"},"inLanguage":"tr","potentialAction":[{"@type":"ReadAction","target":["https:\/\/www.plastic-crates.com\/product\/ventilated-agricultural-containers\/"]}]},{"@type":"ImageObject","inLanguage":"tr","@id":"https:\/\/www.plastic-crates.com\/product\/ventilated-agricultural-containers\/#primaryimage","url":"https:\/\/www.plastic-crates.com\/wp-content\/uploads\/2021\/07\/plastic-apple-crates-6.jpeg","contentUrl":"https:\/\/www.plastic-crates.com\/wp-content\/uploads\/2021\/07\/plastic-apple-crates-6.jpeg","width":800,"height":799,"caption":"Ventilated agricultural containers"},{"@type":"BreadcrumbList","@id":"https:\/\/www.plastic-crates.com\/product\/ventilated-agricultural-containers\/#breadcrumb","itemListElement":[{"@type":"ListItem","position":1,"name":"Home","item":"https:\/\/www.plastic-crates.com\/"},{"@type":"ListItem","position":2,"name":"Products","item":"https:\/\/www.plastic-crates.com\/shop\/"},{"@type":"ListItem","position":3,"name":"Ventilated agricultural containers"}]},{"@type":"WebSite","@id":"https:\/\/www.plastic-crates.com\/#website","url":"https:\/\/www.plastic-crates.com\/","name":"plastic-crates.com","description":"\u00c7in&#039;in \u00f6nde gelen plastik kasa \u00fcreticisi","potentialAction":[{"@type":"SearchAction","target":{"@type":"EntryPoint","urlTemplate":"https:\/\/www.plastic-crates.com\/?s={search_term_string}"},"query-input":{"@type":"PropertyValueSpecification","valueRequired":true,"valueName":"search_term_string"}}],"inLanguage":"tr"}]}},"_links":{"self":[{"href":"https:\/\/www.plastic-crates.com\/tr\/wp-json\/wp\/v2\/product\/6965","targetHints":{"allow":["GET"]}}],"collection":[{"href":"https:\/\/www.plastic-crates.com\/tr\/wp-json\/wp\/v2\/product"}],"about":[{"href":"https:\/\/www.plastic-crates.com\/tr\/wp-json\/wp\/v2\/types\/product"}],"wp:featuredmedia":[{"embeddable":true,"href":"https:\/\/www.plastic-crates.com\/tr\/wp-json\/wp\/v2\/media\/7010"}],"wp:attachment":[{"href":"https:\/\/www.plastic-crates.com\/tr\/wp-json\/wp\/v2\/media?parent=6965"}],"wp:term":[{"taxonomy":"product_brand","embeddable":true,"href":"https:\/\/www.plastic-crates.com\/tr\/wp-json\/wp\/v2\/product_brand?post=6965"},{"taxonomy":"product_cat","embeddable":true,"href":"https:\/\/www.plastic-crates.com\/tr\/wp-json\/wp\/v2\/product_cat?post=6965"},{"taxonomy":"product_tag","embeddable":true,"href":"https:\/\/www.plastic-crates.com\/tr\/wp-json\/wp\/v2\/product_tag?post=6965"}],"curies":[{"name":"wp","href":"https:\/\/api.w.org\/{rel}","templated":true}]}}