{"id":6966,"date":"2021-07-15T05:53:44","date_gmt":"2021-07-15T05:53:44","guid":{"rendered":"https:\/\/www.plastic-crates.com\/?post_type=product&#038;p=6966"},"modified":"2021-07-15T06:21:05","modified_gmt":"2021-07-15T06:21:05","slug":"meyve-kasalari-plastik-beyaz-yesil-kirmizi-mavi-sari","status":"publish","type":"product","link":"https:\/\/www.plastic-crates.com\/tr\/urun\/meyve-kasalari-plastik-beyaz-yesil-kirmizi-mavi-sari\/","title":{"rendered":"Plastik Meyve Kasalar\u0131 Beyaz, Ye\u015fil, K\u0131rm\u0131z\u0131, Mavi, Sar\u0131"},"content":{"rendered":"<p>Bu Plastik Meyve Kasalar\u0131, daha y\u00fcksek dayan\u0131kl\u0131l\u0131k ve \u00fcst\u00fcn kalite sa\u011flamak i\u00e7in y\u00fcksek kaliteli malzeme ve en son tekniklerle \u00fcretilmi\u015ftir. Meyve ve sebzelerin \u00e7abuk bozulabilen yap\u0131s\u0131 g\u00f6z \u00f6n\u00fcne al\u0131nd\u0131\u011f\u0131nda, meyve kasalar\u0131 \u00e7ok iyi havaland\u0131rmaya ve p\u00fcr\u00fczs\u00fcz bir i\u00e7 y\u00fczeye sahiptir. Domates, elma, portakal, \u00fcz\u00fcm, mango vb. i\u00e7in uygundur ve domates kasalar\u0131 y\u00fck\u00fc kald\u0131rabilecek sa\u011flam d\u0131\u015f y\u00fczeylere sahiptir.<\/p>\n<p><img loading=\"lazy\" decoding=\"async\" class=\"alignnone size-full wp-image-6547\" src=\"https:\/\/www.vegcrates.com\/wp-content\/uploads\/2021\/06\/stackable-produce-crates-application.jpeg\" alt=\"istiflenebilir \u00fcr\u00fcn kasalar\u0131 uygulamas\u0131\" width=\"750\" height=\"290\" \/><\/p>\n<p>\u00dcr\u00fcn detaylar\u0131<\/p>\n<div class=\"table-responsive\">\n<table class=\"table\">\n<tbody>\n<tr>\n<td colspan=\"1\" rowspan=\"1\">\n<div class=\"magic-5\"><span class=\"magic-6\" style=\"color: #000000; font-family: Arial;\"><b data-spm-anchor-id=\"a2700.siteadmin.0.i31.41db3333Tc3boV\">Boyutlar<\/b><\/span><\/div>\n<\/td>\n<td colspan=\"1\" rowspan=\"1\">\n<div class=\"magic-7\"><span class=\"magic-6\" style=\"color: #000000; font-family: Arial;\" data-spm-anchor-id=\"a2700.details.0.i41.3b378557YPNL4f\">535x413x228mm<\/span><\/div>\n<\/td>\n<\/tr>\n<tr>\n<td colspan=\"1\" rowspan=\"1\">\n<div class=\"magic-5\"><span class=\"magic-6\" style=\"color: #000000; font-family: Arial;\"><b>Y\u00fck Kapasitesi<\/b><\/span><\/div>\n<\/td>\n<td colspan=\"1\" rowspan=\"1\">\n<div class=\"magic-7\"><span class=\"magic-6\" style=\"color: #000000; font-family: Arial;\">35 kg<\/span><\/div>\n<\/td>\n<\/tr>\n<tr>\n<td colspan=\"1\" rowspan=\"1\">\n<div class=\"magic-5\"><span class=\"magic-6\" style=\"color: #000000; font-family: Arial;\"><b>Y\u0131\u011f\u0131n Kapasitesi<\/b><\/span><\/div>\n<\/td>\n<td colspan=\"1\" rowspan=\"1\">\n<div class=\"magic-7\" data-spm-anchor-id=\"a2700.details.0.i34.3b378557YPNL4f\"><span class=\"magic-6\" style=\"color: #000000; font-family: Arial;\" data-spm-anchor-id=\"a2700.siteadmin.0.i28.41db3333Tc3boV\">210 kg<\/span><\/div>\n<\/td>\n<\/tr>\n<tr>\n<td colspan=\"1\" rowspan=\"1\">\n<div class=\"magic-5\"><span class=\"magic-6\" style=\"color: #000000; font-family: Arial;\"><b>Hacim<\/b><\/span><\/div>\n<\/td>\n<td colspan=\"1\" rowspan=\"1\">\n<div class=\"magic-7\"><span class=\"magic-6\" style=\"color: #000000; font-family: Arial;\">42,2L<\/span><\/div>\n<\/td>\n<\/tr>\n<tr>\n<td colspan=\"1\" rowspan=\"1\">\n<div class=\"magic-5\"><span class=\"magic-6\" style=\"color: #000000; font-family: Arial;\"><b>Tip<\/b><\/span><\/div>\n<\/td>\n<td colspan=\"1\" rowspan=\"1\">\n<div class=\"magic-7\"><span class=\"magic-6\" style=\"color: #000000; font-family: Arial;\" data-spm-anchor-id=\"a2700.siteadmin.0.i33.41db3333Tc3boV\">Havaland\u0131rmal\u0131<\/span><\/div>\n<\/td>\n<\/tr>\n<tr>\n<td colspan=\"1\" rowspan=\"1\">\n<div class=\"magic-5\"><span class=\"magic-6\" style=\"color: #000000; font-family: Arial;\"><b>Malzeme<\/b><\/span><\/div>\n<\/td>\n<td colspan=\"1\" rowspan=\"1\">\n<div class=\"magic-7\"><span class=\"magic-6\" style=\"color: #000000; font-family: Arial;\">100% Virgin PP<\/span><\/div>\n<\/td>\n<\/tr>\n<tr>\n<td colspan=\"1\" rowspan=\"1\">\n<div class=\"magic-5\"><span class=\"magic-6\" style=\"color: #000000; font-family: Arial;\"><b>A\u011f\u0131rl\u0131k<\/b><\/span><\/div>\n<\/td>\n<td colspan=\"1\" rowspan=\"1\">\n<div class=\"magic-7\"><span class=\"magic-6\" style=\"color: #000000; font-family: Arial;\">1,39 kg<\/span><\/div>\n<\/td>\n<\/tr>\n<tr>\n<td colspan=\"1\" rowspan=\"1\">\n<div class=\"magic-5\"><span class=\"magic-6\" style=\"color: #000000; font-family: Arial;\"><b>Renk<\/b><\/span><\/div>\n<\/td>\n<td colspan=\"1\" rowspan=\"1\">\n<div class=\"magic-7\"><span class=\"magic-6\" style=\"color: #000000; font-family: Arial;\">Mavi, \u00d6zelle\u015ftirilmi\u015f, vb.<\/span><\/div>\n<\/td>\n<\/tr>\n<tr>\n<td colspan=\"1\" rowspan=\"1\">\n<div class=\"magic-5\"><span class=\"magic-6\" style=\"color: #000000; font-family: Arial;\"><b class=\"magic-8\">Sertifikasyon<\/b><\/span><\/div>\n<\/td>\n<td colspan=\"1\" rowspan=\"1\">\n<div class=\"magic-7\" data-spm-anchor-id=\"a2700.details.0.i36.3b378557YPNL4f\"><span class=\"magic-6\" style=\"color: #000000; font-family: Arial;\">ISO 9001:2008<\/span><\/div>\n<\/td>\n<\/tr>\n<tr>\n<td colspan=\"1\" rowspan=\"1\">\n<div class=\"magic-5\"><span class=\"magic-6\" style=\"color: #000000; font-family: Arial;\"><b>Ba\u015fvuru<\/b><\/span><\/div>\n<\/td>\n<td colspan=\"1\" rowspan=\"1\">\n<div class=\"magic-7\"><span class=\"magic-6\" style=\"color: #000000; font-family: Arial;\">Paketleme, nakliye, ta\u015f\u0131ma, lojistik<\/span><\/div>\n<\/td>\n<\/tr>\n<\/tbody>\n<\/table>\n<\/div>\n<p>&nbsp;<\/p>\n<p>&nbsp;<\/p>\n<p><strong>Sebze plastik kasalar\u0131n\u0131n uygulamas\u0131<\/strong><\/p>\n<p><img loading=\"lazy\" decoding=\"async\" class=\"alignnone wp-image-6527\" src=\"https:\/\/www.vegcrates.com\/wp-content\/uploads\/2021\/06\/vegetable-crates-application-1-1024x265.png\" alt=\"sebze kasalar\u0131 uygulamas\u0131\" width=\"800\" height=\"207\" \/> <img loading=\"lazy\" decoding=\"async\" class=\"alignnone wp-image-6528\" src=\"https:\/\/www.vegcrates.com\/wp-content\/uploads\/2021\/06\/vegetable-crates-application-2-1024x437.png\" alt=\"sebze kasalar\u0131 uygulamas\u0131\" width=\"800\" height=\"341\" \/> <img loading=\"lazy\" decoding=\"async\" class=\"alignnone wp-image-6529\" src=\"https:\/\/www.vegcrates.com\/wp-content\/uploads\/2021\/06\/vegetable-crates-application-3-1024x361.png\" alt=\"sebze kasalar\u0131 uygulamas\u0131\" width=\"800\" height=\"282\" \/> <img loading=\"lazy\" decoding=\"async\" class=\"alignnone wp-image-6530\" src=\"https:\/\/www.vegcrates.com\/wp-content\/uploads\/2021\/06\/vegetable-crates-application-4-1024x350.png\" alt=\"sebze kasalar\u0131 uygulamas\u0131\" width=\"800\" height=\"274\" \/><\/p>\n<p>&nbsp;<\/p>\n<p>Sebze plastik kasalar\u0131, \u00e7ilek veya ku\u015fkonmaz gibi k\u00fc\u00e7\u00fck meyve ve sebzelerin toplanmas\u0131, i\u015flenmesi ve nakliyesi i\u00e7in \u00e7e\u015fitli boyut ve stillerde mevcuttur.<\/p>\n<p><strong>Paketleme ve Teslimat<\/strong><\/p>\n<p><img loading=\"lazy\" decoding=\"async\" class=\"alignnone wp-image-6531\" src=\"https:\/\/www.vegcrates.com\/wp-content\/uploads\/2021\/06\/foldable-crates-for-groceries-delivery-1024x505.png\" alt=\"bakkal teslimat\u0131 i\u00e7in katlanabilir kasalar\" width=\"800\" height=\"395\" \/><\/p>\n<p><strong>\u00d6zellikler ve Avantajlar<\/strong><\/p>\n<ul>\n<li>FDA uyumlu malzemelerden \u00fcretilmi\u015ftir<\/li>\n<li>G\u00fcne\u015f \u0131\u015f\u0131\u011f\u0131na ve so\u011futma i\u015flemlerine dayan\u0131kl\u0131d\u0131r; darbeye ve neme kar\u015f\u0131 dayan\u0131kl\u0131d\u0131r; par\u00e7alanmaz, \u00e7\u00fcr\u00fcmez veya koku emmez<\/li>\n<li>Kolay temizlenebilir i\u00e7 mekanlar<\/li>\n<li>Alan verimlili\u011fi i\u00e7in doluyken istifleyin, bo\u015fken yuvalay\u0131n<\/li>\n<li>H\u0131zl\u0131 so\u011futma, s\u0131cakl\u0131k kontrol\u00fc ve drenaj i\u00e7in havaland\u0131rmal\u0131 tasar\u0131mlar<\/li>\n<li>-20\u02da ila 120\u02da F aras\u0131ndaki s\u0131cakl\u0131klarda kullan\u0131n<\/li>\n<li>\u00d6zelle\u015ftirme ve tan\u0131mlama se\u00e7enekleri mevcuttur<\/li>\n<li>Bir y\u0131ll\u0131k s\u0131n\u0131rl\u0131 garantiyle desteklenmektedir<\/li>\n<li>100% geri d\u00f6n\u00fc\u015ft\u00fcr\u00fclebilir HDPE<\/li>\n<\/ul>","protected":false},"excerpt":{"rendered":"<p>\u0130lginizi \u00e7ekebilecek di\u011fer konular <a href=\"https:\/\/www.plastic-crates.com\/tr\/urun-kategori\/katlanabilir-kutu\/\" target=\"_blank\" rel=\"noopener\">katlanabilir saklama kutusu<\/a>,<a href=\"https:\/\/www.plastic-crates.com\/tr\/urun-kategori\/istiflenebilir-konteynerler\/\" target=\"_blank\" rel=\"noopener\">sat\u0131l\u0131k istiflenebilir euro konteyner<\/a><\/p>","protected":false},"featured_media":7015,"template":"","meta":{"_acf_changed":false},"product_brand":[],"product_cat":[20],"product_tag":[126,127],"class_list":{"0":"post-6966","1":"product","2":"type-product","3":"status-publish","4":"has-post-thumbnail","6":"product_cat-fruit-crates","7":"product_tag-plastic-vegetable-and-fruit-crate","8":"product_tag-plastic-vegetable-basket","10":"first","11":"instock","12":"product-type-simple"},"acf":[],"yoast_head":"<!-- This site is optimized with the Yoast SEO plugin v26.1.1 - https:\/\/yoast.com\/wordpress\/plugins\/seo\/ -->\n<title>Fruit Crates Plastic, Fruit plastic crates manufacturers| Factory Price\u200e<\/title>\n<meta name=\"description\" content=\"Fruit Crates Plastic wholesale, Dimensions(L*W*H):535*413*228mm, Volumn:42.2L, fruit stackable produce crates for sale\" \/>\n<meta name=\"robots\" content=\"index, follow, max-snippet:-1, max-image-preview:large, max-video-preview:-1\" \/>\n<link rel=\"canonical\" href=\"https:\/\/www.plastic-crates.com\/tr\/urun\/meyve-kasalari-plastik-beyaz-yesil-kirmizi-mavi-sari\/\" \/>\n<meta property=\"og:locale\" content=\"tr_TR\" \/>\n<meta property=\"og:type\" content=\"article\" \/>\n<meta property=\"og:title\" content=\"vegetable plastic crates | High Quality &amp; Factory Price\u200e\" \/>\n<meta property=\"og:description\" content=\"Fruit Crates Plastic wholesale, Dimensions(L*W*H):535*413*228mm, Volumn:42.2L, fruit stackable produce crates for sale\" \/>\n<meta property=\"og:url\" content=\"https:\/\/www.plastic-crates.com\/tr\/urun\/meyve-kasalari-plastik-beyaz-yesil-kirmizi-mavi-sari\/\" \/>\n<meta property=\"og:site_name\" content=\"plastic-crates.com\" \/>\n<meta property=\"article:modified_time\" content=\"2021-07-15T06:21:05+00:00\" \/>\n<meta property=\"og:image\" content=\"https:\/\/www.plastic-crates.com\/wp-content\/uploads\/2021\/07\/stackable-produce-crates-1.jpeg\" \/>\n\t<meta property=\"og:image:width\" content=\"1000\" \/>\n\t<meta property=\"og:image:height\" content=\"1000\" \/>\n\t<meta property=\"og:image:type\" content=\"image\/jpeg\" \/>\n<meta name=\"twitter:card\" content=\"summary_large_image\" \/>\n<meta name=\"twitter:title\" content=\"vegetable plastic crates | High Quality &amp; Factory Price\u200e\" \/>\n<meta name=\"twitter:label1\" content=\"Tahmini okuma s\u00fcresi\" \/>\n\t<meta name=\"twitter:data1\" content=\"3 dakika\" \/>\n<script type=\"application\/ld+json\" class=\"yoast-schema-graph\">{\"@context\":\"https:\/\/schema.org\",\"@graph\":[{\"@type\":\"WebPage\",\"@id\":\"https:\/\/www.plastic-crates.com\/product\/fruit-crates-plastic-white-green-red-blue-yellow\/\",\"url\":\"https:\/\/www.plastic-crates.com\/product\/fruit-crates-plastic-white-green-red-blue-yellow\/\",\"name\":\"Fruit Crates Plastic, Fruit plastic crates manufacturers| Factory Price\u200e\",\"isPartOf\":{\"@id\":\"https:\/\/www.plastic-crates.com\/#website\"},\"primaryImageOfPage\":{\"@id\":\"https:\/\/www.plastic-crates.com\/product\/fruit-crates-plastic-white-green-red-blue-yellow\/#primaryimage\"},\"image\":{\"@id\":\"https:\/\/www.plastic-crates.com\/product\/fruit-crates-plastic-white-green-red-blue-yellow\/#primaryimage\"},\"thumbnailUrl\":\"https:\/\/www.plastic-crates.com\/wp-content\/uploads\/2021\/07\/stackable-produce-crates-1.jpeg\",\"datePublished\":\"2021-07-15T05:53:44+00:00\",\"dateModified\":\"2021-07-15T06:21:05+00:00\",\"description\":\"Fruit Crates Plastic wholesale, Dimensions(L*W*H):535*413*228mm, Volumn:42.2L, fruit stackable produce crates for sale\",\"breadcrumb\":{\"@id\":\"https:\/\/www.plastic-crates.com\/product\/fruit-crates-plastic-white-green-red-blue-yellow\/#breadcrumb\"},\"inLanguage\":\"tr\",\"potentialAction\":[{\"@type\":\"ReadAction\",\"target\":[\"https:\/\/www.plastic-crates.com\/product\/fruit-crates-plastic-white-green-red-blue-yellow\/\"]}]},{\"@type\":\"ImageObject\",\"inLanguage\":\"tr\",\"@id\":\"https:\/\/www.plastic-crates.com\/product\/fruit-crates-plastic-white-green-red-blue-yellow\/#primaryimage\",\"url\":\"https:\/\/www.plastic-crates.com\/wp-content\/uploads\/2021\/07\/stackable-produce-crates-1.jpeg\",\"contentUrl\":\"https:\/\/www.plastic-crates.com\/wp-content\/uploads\/2021\/07\/stackable-produce-crates-1.jpeg\",\"width\":1000,\"height\":1000,\"caption\":\"Fruit Crates Plastic\"},{\"@type\":\"BreadcrumbList\",\"@id\":\"https:\/\/www.plastic-crates.com\/product\/fruit-crates-plastic-white-green-red-blue-yellow\/#breadcrumb\",\"itemListElement\":[{\"@type\":\"ListItem\",\"position\":1,\"name\":\"Home\",\"item\":\"https:\/\/www.plastic-crates.com\/\"},{\"@type\":\"ListItem\",\"position\":2,\"name\":\"Products\",\"item\":\"https:\/\/www.plastic-crates.com\/shop\/\"},{\"@type\":\"ListItem\",\"position\":3,\"name\":\"Fruit Crates Plastic White, Green, Red, Blue, Yellow\"}]},{\"@type\":\"WebSite\",\"@id\":\"https:\/\/www.plastic-crates.com\/#website\",\"url\":\"https:\/\/www.plastic-crates.com\/\",\"name\":\"plastic-crates.com\",\"description\":\"Leading plastic crates manufacturer in China\",\"potentialAction\":[{\"@type\":\"SearchAction\",\"target\":{\"@type\":\"EntryPoint\",\"urlTemplate\":\"https:\/\/www.plastic-crates.com\/?s={search_term_string}\"},\"query-input\":{\"@type\":\"PropertyValueSpecification\",\"valueRequired\":true,\"valueName\":\"search_term_string\"}}],\"inLanguage\":\"tr\"}]}<\/script>\n<!-- \/ Yoast SEO plugin. -->","yoast_head_json":{"title":"Plastik Meyve Kasalar\u0131, Plastik Meyve Kasalar\u0131 \u00dcreticileri | Fabrika Fiyat\u0131","description":"Meyve Kasalar\u0131 Plastik toptan, Boyutlar (U*G*Y): 535*413*228 mm, Hacim: 42,2 L, sat\u0131l\u0131k istiflenebilir meyve kasalar\u0131","robots":{"index":"index","follow":"follow","max-snippet":"max-snippet:-1","max-image-preview":"max-image-preview:large","max-video-preview":"max-video-preview:-1"},"canonical":"https:\/\/www.plastic-crates.com\/tr\/urun\/meyve-kasalari-plastik-beyaz-yesil-kirmizi-mavi-sari\/","og_locale":"tr_TR","og_type":"article","og_title":"vegetable plastic crates | High Quality & Factory Price\u200e","og_description":"Fruit Crates Plastic wholesale, Dimensions(L*W*H):535*413*228mm, Volumn:42.2L, fruit stackable produce crates for sale","og_url":"https:\/\/www.plastic-crates.com\/tr\/urun\/meyve-kasalari-plastik-beyaz-yesil-kirmizi-mavi-sari\/","og_site_name":"plastic-crates.com","article_modified_time":"2021-07-15T06:21:05+00:00","og_image":[{"width":1000,"height":1000,"url":"https:\/\/www.plastic-crates.com\/wp-content\/uploads\/2021\/07\/stackable-produce-crates-1.jpeg","type":"image\/jpeg"}],"twitter_card":"summary_large_image","twitter_title":"vegetable plastic crates | High Quality & Factory Price\u200e","twitter_misc":{"Tahmini okuma s\u00fcresi":"3 dakika"},"schema":{"@context":"https:\/\/schema.org","@graph":[{"@type":"WebPage","@id":"https:\/\/www.plastic-crates.com\/product\/fruit-crates-plastic-white-green-red-blue-yellow\/","url":"https:\/\/www.plastic-crates.com\/product\/fruit-crates-plastic-white-green-red-blue-yellow\/","name":"Plastik Meyve Kasalar\u0131, Plastik Meyve Kasalar\u0131 \u00dcreticileri | Fabrika Fiyat\u0131","isPartOf":{"@id":"https:\/\/www.plastic-crates.com\/#website"},"primaryImageOfPage":{"@id":"https:\/\/www.plastic-crates.com\/product\/fruit-crates-plastic-white-green-red-blue-yellow\/#primaryimage"},"image":{"@id":"https:\/\/www.plastic-crates.com\/product\/fruit-crates-plastic-white-green-red-blue-yellow\/#primaryimage"},"thumbnailUrl":"https:\/\/www.plastic-crates.com\/wp-content\/uploads\/2021\/07\/stackable-produce-crates-1.jpeg","datePublished":"2021-07-15T05:53:44+00:00","dateModified":"2021-07-15T06:21:05+00:00","description":"Meyve Kasalar\u0131 Plastik toptan, Boyutlar (U*G*Y): 535*413*228 mm, Hacim: 42,2 L, sat\u0131l\u0131k istiflenebilir meyve kasalar\u0131","breadcrumb":{"@id":"https:\/\/www.plastic-crates.com\/product\/fruit-crates-plastic-white-green-red-blue-yellow\/#breadcrumb"},"inLanguage":"tr","potentialAction":[{"@type":"ReadAction","target":["https:\/\/www.plastic-crates.com\/product\/fruit-crates-plastic-white-green-red-blue-yellow\/"]}]},{"@type":"ImageObject","inLanguage":"tr","@id":"https:\/\/www.plastic-crates.com\/product\/fruit-crates-plastic-white-green-red-blue-yellow\/#primaryimage","url":"https:\/\/www.plastic-crates.com\/wp-content\/uploads\/2021\/07\/stackable-produce-crates-1.jpeg","contentUrl":"https:\/\/www.plastic-crates.com\/wp-content\/uploads\/2021\/07\/stackable-produce-crates-1.jpeg","width":1000,"height":1000,"caption":"Fruit Crates Plastic"},{"@type":"BreadcrumbList","@id":"https:\/\/www.plastic-crates.com\/product\/fruit-crates-plastic-white-green-red-blue-yellow\/#breadcrumb","itemListElement":[{"@type":"ListItem","position":1,"name":"Home","item":"https:\/\/www.plastic-crates.com\/"},{"@type":"ListItem","position":2,"name":"Products","item":"https:\/\/www.plastic-crates.com\/shop\/"},{"@type":"ListItem","position":3,"name":"Fruit Crates Plastic White, Green, Red, Blue, Yellow"}]},{"@type":"WebSite","@id":"https:\/\/www.plastic-crates.com\/#website","url":"https:\/\/www.plastic-crates.com\/","name":"plastic-crates.com","description":"\u00c7in&#039;in \u00f6nde gelen plastik kasa \u00fcreticisi","potentialAction":[{"@type":"SearchAction","target":{"@type":"EntryPoint","urlTemplate":"https:\/\/www.plastic-crates.com\/?s={search_term_string}"},"query-input":{"@type":"PropertyValueSpecification","valueRequired":true,"valueName":"search_term_string"}}],"inLanguage":"tr"}]}},"_links":{"self":[{"href":"https:\/\/www.plastic-crates.com\/tr\/wp-json\/wp\/v2\/product\/6966","targetHints":{"allow":["GET"]}}],"collection":[{"href":"https:\/\/www.plastic-crates.com\/tr\/wp-json\/wp\/v2\/product"}],"about":[{"href":"https:\/\/www.plastic-crates.com\/tr\/wp-json\/wp\/v2\/types\/product"}],"wp:featuredmedia":[{"embeddable":true,"href":"https:\/\/www.plastic-crates.com\/tr\/wp-json\/wp\/v2\/media\/7015"}],"wp:attachment":[{"href":"https:\/\/www.plastic-crates.com\/tr\/wp-json\/wp\/v2\/media?parent=6966"}],"wp:term":[{"taxonomy":"product_brand","embeddable":true,"href":"https:\/\/www.plastic-crates.com\/tr\/wp-json\/wp\/v2\/product_brand?post=6966"},{"taxonomy":"product_cat","embeddable":true,"href":"https:\/\/www.plastic-crates.com\/tr\/wp-json\/wp\/v2\/product_cat?post=6966"},{"taxonomy":"product_tag","embeddable":true,"href":"https:\/\/www.plastic-crates.com\/tr\/wp-json\/wp\/v2\/product_tag?post=6966"}],"curies":[{"name":"wp","href":"https:\/\/api.w.org\/{rel}","templated":true}]}}