{"id":6968,"date":"2021-07-15T05:53:44","date_gmt":"2021-07-15T05:53:44","guid":{"rendered":"https:\/\/www.plastic-crates.com\/?post_type=product&#038;p=6968"},"modified":"2021-07-15T07:00:11","modified_gmt":"2021-07-15T07:00:11","slug":"katlanabilir-plastik-urun-kasalari","status":"publish","type":"product","link":"https:\/\/www.plastic-crates.com\/tr\/urun\/katlanabilir-plastik-urun-kasalari\/","title":{"rendered":"Katlanabilir plastik \u00fcr\u00fcn kasalar\u0131"},"content":{"rendered":"<p>Bu Katlanabilir plastik \u00fcr\u00fcn kasalar\u0131, daha y\u00fcksek dayan\u0131kl\u0131l\u0131k ve \u00fcst\u00fcn kaliteyi garantilemek i\u00e7in y\u00fcksek kaliteli malzeme ve en son tekniklerle \u00fcretilmi\u015ftir. <strong>Plastik \u00dcr\u00fcn Kasalar\u0131<\/strong> Ta\u015f\u0131ma ve depolama s\u0131ras\u0131nda \u00fcr\u00fcnlerin depolanmas\u0131 ve paketlenmesi i\u00e7in en iyi se\u00e7imdir. Bu havaland\u0131rmal\u0131 tar\u0131m konteynerleri, ihracat\u00e7\u0131lar ve \u00e7ift\u00e7iler taraf\u0131ndan meyve ve sebze ta\u015f\u0131mac\u0131l\u0131\u011f\u0131nda kullan\u0131m i\u00e7in idealdir. Kasalar, hasat sonras\u0131 kay\u0131plar\u0131 en aza indirmeye yard\u0131mc\u0131 olur ve y\u00fck\u00fc ta\u015f\u0131yabilecek sa\u011flam d\u0131\u015f y\u00fczeylere sahiptir.<\/p>\n<div style=\"width: 960px;\" class=\"wp-video\"><!--[if lt IE 9]><script>document.createElement('video');<\/script><![endif]-->\n<video class=\"wp-video-shortcode\" id=\"video-6968-1\" width=\"960\" height=\"540\" preload=\"metadata\" controls=\"controls\"><source type=\"video\/mp4\" src=\"https:\/\/www.vegcrates.com\/wp-content\/uploads\/2021\/07\/agricultural-plastic-crates.mp4?_=1\" \/><a href=\"https:\/\/www.vegcrates.com\/wp-content\/uploads\/2021\/07\/agricultural-plastic-crates.mp4\">https:\/\/www.vegcrates.com\/wp-content\/uploads\/2021\/07\/agricultural-plastic-crates.mp4<\/a><\/video><\/div>\n<p><strong>Bu sebze plastik kasalar\u0131n\u0131n uygulamas\u0131<\/strong><\/p>\n<p><img loading=\"lazy\" decoding=\"async\" class=\"alignnone wp-image-6527\" src=\"https:\/\/www.vegcrates.com\/wp-content\/uploads\/2021\/06\/vegetable-crates-application-1-1024x265.png\" alt=\"sebze kasalar\u0131 uygulamas\u0131\" width=\"800\" height=\"207\" \/> <img loading=\"lazy\" decoding=\"async\" class=\"alignnone wp-image-6528\" src=\"https:\/\/www.vegcrates.com\/wp-content\/uploads\/2021\/06\/vegetable-crates-application-2-1024x437.png\" alt=\"sebze kasalar\u0131 uygulamas\u0131\" width=\"800\" height=\"341\" \/> <img loading=\"lazy\" decoding=\"async\" class=\"alignnone wp-image-6529\" src=\"https:\/\/www.vegcrates.com\/wp-content\/uploads\/2021\/06\/vegetable-crates-application-3-1024x361.png\" alt=\"sebze kasalar\u0131 uygulamas\u0131\" width=\"800\" height=\"282\" \/> <img loading=\"lazy\" decoding=\"async\" class=\"alignnone wp-image-6530\" src=\"https:\/\/www.vegcrates.com\/wp-content\/uploads\/2021\/06\/vegetable-crates-application-4-1024x350.png\" alt=\"sebze kasalar\u0131 uygulamas\u0131\" width=\"800\" height=\"274\" \/><\/p>\n<p>&nbsp;<\/p>\n<p>Sebze plastik kasalar\u0131, \u00e7ilek veya ku\u015fkonmaz gibi k\u00fc\u00e7\u00fck meyve ve sebzelerin toplanmas\u0131, i\u015flenmesi ve nakliyesi i\u00e7in \u00e7e\u015fitli boyut ve stillerde mevcuttur.<\/p>\n<p><strong>Paketleme ve Teslimat<\/strong><\/p>\n<p><img loading=\"lazy\" decoding=\"async\" class=\"alignnone wp-image-6531\" src=\"https:\/\/www.vegcrates.com\/wp-content\/uploads\/2021\/06\/foldable-crates-for-groceries-delivery-1024x505.png\" alt=\"bakkal teslimat\u0131 i\u00e7in katlanabilir kasalar\" width=\"800\" height=\"395\" \/><\/p>\n<p><strong>\u00d6zellikler ve Avantajlar<\/strong><\/p>\n<ul>\n<li>FDA uyumlu malzemelerden \u00fcretilmi\u015ftir<\/li>\n<li>G\u00fcne\u015f \u0131\u015f\u0131\u011f\u0131na ve so\u011futma i\u015flemlerine dayan\u0131kl\u0131d\u0131r; darbeye ve neme kar\u015f\u0131 dayan\u0131kl\u0131d\u0131r; par\u00e7alanmaz, \u00e7\u00fcr\u00fcmez veya koku emmez<\/li>\n<li>Kolay temizlenebilir i\u00e7 mekanlar<\/li>\n<li>Alan verimlili\u011fi i\u00e7in doluyken istifleyin, bo\u015fken yuvalay\u0131n<\/li>\n<li>H\u0131zl\u0131 so\u011futma, s\u0131cakl\u0131k kontrol\u00fc ve drenaj i\u00e7in havaland\u0131rmal\u0131 tasar\u0131mlar<\/li>\n<li>-20\u02da ila 120\u02da F aras\u0131ndaki s\u0131cakl\u0131klarda kullan\u0131n<\/li>\n<li>\u00d6zelle\u015ftirme ve tan\u0131mlama se\u00e7enekleri mevcuttur<\/li>\n<li>Bir y\u0131ll\u0131k s\u0131n\u0131rl\u0131 garantiyle desteklenmektedir<\/li>\n<li>100% geri d\u00f6n\u00fc\u015ft\u00fcr\u00fclebilir HDPE<\/li>\n<\/ul>","protected":false},"excerpt":{"rendered":"<p>\u0130lginizi \u00e7ekebilecek di\u011fer konular <a href=\"https:\/\/www.plastic-crates.com\/tr\/urun-kategori\/parca-depolama-kutulari\/\" target=\"_blank\" rel=\"noopener\">plastik raf kutular\u0131<\/a>,<a href=\"https:\/\/www.vegcrates.com\/product-category\/euro-containers\/\" target=\"_blank\" rel=\"noopener\">palet kasalar\u0131<\/a><\/p>","protected":false},"featured_media":7027,"template":"","meta":{"_acf_changed":false},"product_brand":[],"product_cat":[20],"product_tag":[126,127],"class_list":{"0":"post-6968","1":"product","2":"type-product","3":"status-publish","4":"has-post-thumbnail","6":"product_cat-fruit-crates","7":"product_tag-plastic-vegetable-and-fruit-crate","8":"product_tag-plastic-vegetable-basket","10":"first","11":"instock","12":"product-type-simple"},"acf":[],"yoast_head":"<!-- This site is optimized with the Yoast SEO plugin v26.1.1 - https:\/\/yoast.com\/wordpress\/plugins\/seo\/ -->\n<title>Collapsible plastic produce crates, produce containers wholesale<\/title>\n<meta name=\"description\" content=\"Professional supplier of Collapsible plastic produce crates, Dimensions(L*W*H):600*400*300mm, Volumn:56L, Ventilated produce crates for sale\" \/>\n<meta name=\"robots\" content=\"index, follow, max-snippet:-1, max-image-preview:large, max-video-preview:-1\" \/>\n<link rel=\"canonical\" href=\"https:\/\/www.plastic-crates.com\/tr\/urun\/katlanabilir-plastik-urun-kasalari\/\" \/>\n<meta property=\"og:locale\" content=\"tr_TR\" \/>\n<meta property=\"og:type\" content=\"article\" \/>\n<meta property=\"og:title\" content=\"vegetable plastic crates | High Quality &amp; Factory Price\u200e\" \/>\n<meta property=\"og:description\" content=\"Professional supplier of Collapsible plastic produce crates, Dimensions(L*W*H):600*400*300mm, Volumn:56L, Ventilated produce crates for sale\" \/>\n<meta property=\"og:url\" content=\"https:\/\/www.plastic-crates.com\/tr\/urun\/katlanabilir-plastik-urun-kasalari\/\" \/>\n<meta property=\"og:site_name\" content=\"plastic-crates.com\" \/>\n<meta property=\"article:modified_time\" content=\"2021-07-15T07:00:11+00:00\" \/>\n<meta property=\"og:image\" content=\"https:\/\/www.plastic-crates.com\/wp-content\/uploads\/2021\/07\/agricultural-plastic-crates-3.jpeg\" \/>\n\t<meta property=\"og:image:width\" content=\"750\" \/>\n\t<meta property=\"og:image:height\" content=\"750\" \/>\n\t<meta property=\"og:image:type\" content=\"image\/jpeg\" \/>\n<meta name=\"twitter:card\" content=\"summary_large_image\" \/>\n<meta name=\"twitter:title\" content=\"vegetable plastic crates | High Quality &amp; Factory Price\u200e\" \/>\n<meta name=\"twitter:label1\" content=\"Tahmini okuma s\u00fcresi\" \/>\n\t<meta name=\"twitter:data1\" content=\"2 dakika\" \/>\n<script type=\"application\/ld+json\" class=\"yoast-schema-graph\">{\"@context\":\"https:\/\/schema.org\",\"@graph\":[{\"@type\":\"WebPage\",\"@id\":\"https:\/\/www.plastic-crates.com\/product\/collapsible-plastic-produce-crates\/\",\"url\":\"https:\/\/www.plastic-crates.com\/product\/collapsible-plastic-produce-crates\/\",\"name\":\"Collapsible plastic produce crates, produce containers wholesale\",\"isPartOf\":{\"@id\":\"https:\/\/www.plastic-crates.com\/#website\"},\"primaryImageOfPage\":{\"@id\":\"https:\/\/www.plastic-crates.com\/product\/collapsible-plastic-produce-crates\/#primaryimage\"},\"image\":{\"@id\":\"https:\/\/www.plastic-crates.com\/product\/collapsible-plastic-produce-crates\/#primaryimage\"},\"thumbnailUrl\":\"https:\/\/www.plastic-crates.com\/wp-content\/uploads\/2021\/07\/agricultural-plastic-crates-3.jpeg\",\"datePublished\":\"2021-07-15T05:53:44+00:00\",\"dateModified\":\"2021-07-15T07:00:11+00:00\",\"description\":\"Professional supplier of Collapsible plastic produce crates, Dimensions(L*W*H):600*400*300mm, Volumn:56L, Ventilated produce crates for sale\",\"breadcrumb\":{\"@id\":\"https:\/\/www.plastic-crates.com\/product\/collapsible-plastic-produce-crates\/#breadcrumb\"},\"inLanguage\":\"tr\",\"potentialAction\":[{\"@type\":\"ReadAction\",\"target\":[\"https:\/\/www.plastic-crates.com\/product\/collapsible-plastic-produce-crates\/\"]}]},{\"@type\":\"ImageObject\",\"inLanguage\":\"tr\",\"@id\":\"https:\/\/www.plastic-crates.com\/product\/collapsible-plastic-produce-crates\/#primaryimage\",\"url\":\"https:\/\/www.plastic-crates.com\/wp-content\/uploads\/2021\/07\/agricultural-plastic-crates-3.jpeg\",\"contentUrl\":\"https:\/\/www.plastic-crates.com\/wp-content\/uploads\/2021\/07\/agricultural-plastic-crates-3.jpeg\",\"width\":750,\"height\":750,\"caption\":\"Collapsible plastic produce crates\"},{\"@type\":\"BreadcrumbList\",\"@id\":\"https:\/\/www.plastic-crates.com\/product\/collapsible-plastic-produce-crates\/#breadcrumb\",\"itemListElement\":[{\"@type\":\"ListItem\",\"position\":1,\"name\":\"Home\",\"item\":\"https:\/\/www.plastic-crates.com\/\"},{\"@type\":\"ListItem\",\"position\":2,\"name\":\"Products\",\"item\":\"https:\/\/www.plastic-crates.com\/shop\/\"},{\"@type\":\"ListItem\",\"position\":3,\"name\":\"Collapsible plastic produce crates\"}]},{\"@type\":\"WebSite\",\"@id\":\"https:\/\/www.plastic-crates.com\/#website\",\"url\":\"https:\/\/www.plastic-crates.com\/\",\"name\":\"plastic-crates.com\",\"description\":\"Leading plastic crates manufacturer in China\",\"potentialAction\":[{\"@type\":\"SearchAction\",\"target\":{\"@type\":\"EntryPoint\",\"urlTemplate\":\"https:\/\/www.plastic-crates.com\/?s={search_term_string}\"},\"query-input\":{\"@type\":\"PropertyValueSpecification\",\"valueRequired\":true,\"valueName\":\"search_term_string\"}}],\"inLanguage\":\"tr\"}]}<\/script>\n<!-- \/ Yoast SEO plugin. -->","yoast_head_json":{"title":"Katlanabilir plastik \u00fcr\u00fcn kasalar\u0131, toptan \u00fcr\u00fcn kaplar\u0131","description":"Katlanabilir plastik \u00fcr\u00fcn kasalar\u0131n\u0131n profesyonel tedarik\u00e7isi, Boyutlar (U*G*Y): 600*400*300 mm, Hacim: 56 L, Sat\u0131l\u0131k havaland\u0131rmal\u0131 \u00fcr\u00fcn kasalar\u0131","robots":{"index":"index","follow":"follow","max-snippet":"max-snippet:-1","max-image-preview":"max-image-preview:large","max-video-preview":"max-video-preview:-1"},"canonical":"https:\/\/www.plastic-crates.com\/tr\/urun\/katlanabilir-plastik-urun-kasalari\/","og_locale":"tr_TR","og_type":"article","og_title":"vegetable plastic crates | High Quality & Factory Price\u200e","og_description":"Professional supplier of Collapsible plastic produce crates, Dimensions(L*W*H):600*400*300mm, Volumn:56L, Ventilated produce crates for sale","og_url":"https:\/\/www.plastic-crates.com\/tr\/urun\/katlanabilir-plastik-urun-kasalari\/","og_site_name":"plastic-crates.com","article_modified_time":"2021-07-15T07:00:11+00:00","og_image":[{"width":750,"height":750,"url":"https:\/\/www.plastic-crates.com\/wp-content\/uploads\/2021\/07\/agricultural-plastic-crates-3.jpeg","type":"image\/jpeg"}],"twitter_card":"summary_large_image","twitter_title":"vegetable plastic crates | High Quality & Factory Price\u200e","twitter_misc":{"Tahmini okuma s\u00fcresi":"2 dakika"},"schema":{"@context":"https:\/\/schema.org","@graph":[{"@type":"WebPage","@id":"https:\/\/www.plastic-crates.com\/product\/collapsible-plastic-produce-crates\/","url":"https:\/\/www.plastic-crates.com\/product\/collapsible-plastic-produce-crates\/","name":"Katlanabilir plastik \u00fcr\u00fcn kasalar\u0131, toptan \u00fcr\u00fcn kaplar\u0131","isPartOf":{"@id":"https:\/\/www.plastic-crates.com\/#website"},"primaryImageOfPage":{"@id":"https:\/\/www.plastic-crates.com\/product\/collapsible-plastic-produce-crates\/#primaryimage"},"image":{"@id":"https:\/\/www.plastic-crates.com\/product\/collapsible-plastic-produce-crates\/#primaryimage"},"thumbnailUrl":"https:\/\/www.plastic-crates.com\/wp-content\/uploads\/2021\/07\/agricultural-plastic-crates-3.jpeg","datePublished":"2021-07-15T05:53:44+00:00","dateModified":"2021-07-15T07:00:11+00:00","description":"Katlanabilir plastik \u00fcr\u00fcn kasalar\u0131n\u0131n profesyonel tedarik\u00e7isi, Boyutlar (U*G*Y): 600*400*300 mm, Hacim: 56 L, Sat\u0131l\u0131k havaland\u0131rmal\u0131 \u00fcr\u00fcn kasalar\u0131","breadcrumb":{"@id":"https:\/\/www.plastic-crates.com\/product\/collapsible-plastic-produce-crates\/#breadcrumb"},"inLanguage":"tr","potentialAction":[{"@type":"ReadAction","target":["https:\/\/www.plastic-crates.com\/product\/collapsible-plastic-produce-crates\/"]}]},{"@type":"ImageObject","inLanguage":"tr","@id":"https:\/\/www.plastic-crates.com\/product\/collapsible-plastic-produce-crates\/#primaryimage","url":"https:\/\/www.plastic-crates.com\/wp-content\/uploads\/2021\/07\/agricultural-plastic-crates-3.jpeg","contentUrl":"https:\/\/www.plastic-crates.com\/wp-content\/uploads\/2021\/07\/agricultural-plastic-crates-3.jpeg","width":750,"height":750,"caption":"Collapsible plastic produce crates"},{"@type":"BreadcrumbList","@id":"https:\/\/www.plastic-crates.com\/product\/collapsible-plastic-produce-crates\/#breadcrumb","itemListElement":[{"@type":"ListItem","position":1,"name":"Home","item":"https:\/\/www.plastic-crates.com\/"},{"@type":"ListItem","position":2,"name":"Products","item":"https:\/\/www.plastic-crates.com\/shop\/"},{"@type":"ListItem","position":3,"name":"Collapsible plastic produce crates"}]},{"@type":"WebSite","@id":"https:\/\/www.plastic-crates.com\/#website","url":"https:\/\/www.plastic-crates.com\/","name":"plastic-crates.com","description":"\u00c7in&#039;in \u00f6nde gelen plastik kasa \u00fcreticisi","potentialAction":[{"@type":"SearchAction","target":{"@type":"EntryPoint","urlTemplate":"https:\/\/www.plastic-crates.com\/?s={search_term_string}"},"query-input":{"@type":"PropertyValueSpecification","valueRequired":true,"valueName":"search_term_string"}}],"inLanguage":"tr"}]}},"_links":{"self":[{"href":"https:\/\/www.plastic-crates.com\/tr\/wp-json\/wp\/v2\/product\/6968","targetHints":{"allow":["GET"]}}],"collection":[{"href":"https:\/\/www.plastic-crates.com\/tr\/wp-json\/wp\/v2\/product"}],"about":[{"href":"https:\/\/www.plastic-crates.com\/tr\/wp-json\/wp\/v2\/types\/product"}],"wp:featuredmedia":[{"embeddable":true,"href":"https:\/\/www.plastic-crates.com\/tr\/wp-json\/wp\/v2\/media\/7027"}],"wp:attachment":[{"href":"https:\/\/www.plastic-crates.com\/tr\/wp-json\/wp\/v2\/media?parent=6968"}],"wp:term":[{"taxonomy":"product_brand","embeddable":true,"href":"https:\/\/www.plastic-crates.com\/tr\/wp-json\/wp\/v2\/product_brand?post=6968"},{"taxonomy":"product_cat","embeddable":true,"href":"https:\/\/www.plastic-crates.com\/tr\/wp-json\/wp\/v2\/product_cat?post=6968"},{"taxonomy":"product_tag","embeddable":true,"href":"https:\/\/www.plastic-crates.com\/tr\/wp-json\/wp\/v2\/product_tag?post=6968"}],"curies":[{"name":"wp","href":"https:\/\/api.w.org\/{rel}","templated":true}]}}