{"id":7134,"date":"2022-03-29T02:36:41","date_gmt":"2022-03-29T02:36:41","guid":{"rendered":"https:\/\/www.plastic-crates.com\/?post_type=product&#038;p=7134"},"modified":"2022-03-29T03:20:12","modified_gmt":"2022-03-29T03:20:12","slug":"auer-euro-konteynerleri-st-a","status":"publish","type":"product","link":"https:\/\/www.plastic-crates.com\/tr\/urun\/auer-euro-konteynerleri-st-a\/","title":{"rendered":"AUER Euro konteynerler-ST-A"},"content":{"rendered":"<p>A\u011f\u0131r hizmet tipi plastik AUER Euro konteynerler, g\u00fc\u00e7lendirilmi\u015f k\u00f6\u015feleriyle en a\u011f\u0131r y\u00fckleri bile ta\u015f\u0131yabilir ve b\u00f6ylece daha fazla g\u00fc\u00e7 ve dayan\u0131kl\u0131l\u0131k sa\u011flayabilir. Genellikle otomotiv end\u00fcstrisinde, catering sekt\u00f6r\u00fcnde (g\u0131da s\u0131n\u0131f\u0131ndad\u0131rlar), m\u00fchendislik sekt\u00f6r\u00fcnde (antistatik konteynerler elektrikli bile\u015fenleri korur), barlarda ve restoranlarda kullan\u0131l\u0131rlar.<\/p>","protected":false},"excerpt":{"rendered":"<div><a href=\"https:\/\/www.plastic-crates.com\/tr\/urun-kategori\/istiflenebilir-konteynerler\/\" target=\"_blank\" rel=\"noopener noreferrer\">istiflenebilir plastik saklama kutular\u0131<\/a>,<a href=\"https:\/\/www.plastic-crates.com\/tr\/urun-kategori\/kapakli-cantalar\/\" target=\"_blank\" rel=\"noopener noreferrer\">sat\u0131l\u0131k plastik saklama kaplar\u0131<\/a>,<a href=\"https:\/\/www.plastic-crates.com\/tr\/urun-kategori\/parca-depolama-kutulari\/\" target=\"_blank\" rel=\"noopener noreferrer\">plastik par\u00e7a kutular\u0131<\/a>,<a href=\"https:\/\/www.plastic-crates.com\/tr\/urun-kategori\/katlanabilir-kutu\/\" target=\"_blank\" rel=\"noopener noreferrer\">katlan\u0131r kasalar<\/a>,<a href=\"https:\/\/www.plastic-crates.com\/tr\/urun-kategori\/palet-konteyneri\/\" target=\"_blank\" rel=\"noopener noreferrer\">toplu plastik kutular<\/a><\/div>","protected":false},"featured_media":7140,"template":"","meta":{"_acf_changed":false},"product_brand":[],"product_cat":[15],"product_tag":[109],"class_list":{"0":"post-7134","1":"product","2":"type-product","3":"status-publish","4":"has-post-thumbnail","6":"product_cat-stackable-containers","7":"product_tag-stacking-crate","9":"first","10":"instock","11":"product-type-simple"},"acf":[],"yoast_head":"<!-- This site is optimized with the Yoast SEO plugin v26.1.1 - https:\/\/yoast.com\/wordpress\/plugins\/seo\/ -->\n<title>AUER Euro containers wholesale &amp; Factory Price<\/title>\n<meta name=\"description\" content=\"Wholesale AUER Euro containers, euro stackable plastic containers supplier, Dimensions(L*W*H):300 * 200 * 148 mm, Volume: 5.4L, bale arm container for sale\" \/>\n<meta name=\"robots\" content=\"index, follow, max-snippet:-1, max-image-preview:large, max-video-preview:-1\" \/>\n<link rel=\"canonical\" href=\"https:\/\/www.plastic-crates.com\/tr\/urun\/auer-euro-konteynerleri-st-a\/\" \/>\n<meta property=\"og:locale\" content=\"tr_TR\" \/>\n<meta property=\"og:type\" content=\"article\" \/>\n<meta property=\"og:title\" content=\"bale arm container\" \/>\n<meta property=\"og:description\" content=\"Wholesale AUER Euro containers, euro stackable plastic containers supplier, Dimensions(L*W*H):300 * 200 * 148 mm, Volume: 5.4L, bale arm container for sale\" \/>\n<meta property=\"og:url\" content=\"https:\/\/www.plastic-crates.com\/tr\/urun\/auer-euro-konteynerleri-st-a\/\" \/>\n<meta property=\"og:site_name\" content=\"plastic-crates.com\" \/>\n<meta property=\"article:modified_time\" content=\"2022-03-29T03:20:12+00:00\" \/>\n<meta property=\"og:image\" content=\"https:\/\/www.plastic-crates.com\/wp-content\/uploads\/2022\/03\/AUER-Euro-containers-1.jpg\" \/>\n\t<meta property=\"og:image:width\" content=\"700\" \/>\n\t<meta property=\"og:image:height\" content=\"700\" \/>\n\t<meta property=\"og:image:type\" content=\"image\/jpeg\" \/>\n<meta name=\"twitter:card\" content=\"summary_large_image\" \/>\n<meta name=\"twitter:title\" content=\"bale arm container\" \/>\n<meta name=\"twitter:label1\" content=\"Tahmini okuma s\u00fcresi\" \/>\n\t<meta name=\"twitter:data1\" content=\"1 dakika\" \/>\n<script type=\"application\/ld+json\" class=\"yoast-schema-graph\">{\"@context\":\"https:\/\/schema.org\",\"@graph\":[{\"@type\":\"WebPage\",\"@id\":\"https:\/\/www.plastic-crates.com\/product\/auer-euro-containers-st-a\/\",\"url\":\"https:\/\/www.plastic-crates.com\/product\/auer-euro-containers-st-a\/\",\"name\":\"AUER Euro containers wholesale & Factory Price\",\"isPartOf\":{\"@id\":\"https:\/\/www.plastic-crates.com\/#website\"},\"primaryImageOfPage\":{\"@id\":\"https:\/\/www.plastic-crates.com\/product\/auer-euro-containers-st-a\/#primaryimage\"},\"image\":{\"@id\":\"https:\/\/www.plastic-crates.com\/product\/auer-euro-containers-st-a\/#primaryimage\"},\"thumbnailUrl\":\"https:\/\/www.plastic-crates.com\/wp-content\/uploads\/2022\/03\/AUER-Euro-containers-1.jpg\",\"datePublished\":\"2022-03-29T02:36:41+00:00\",\"dateModified\":\"2022-03-29T03:20:12+00:00\",\"description\":\"Wholesale AUER Euro containers, euro stackable plastic containers supplier, Dimensions(L*W*H):300 * 200 * 148 mm, Volume: 5.4L, bale arm container for sale\",\"breadcrumb\":{\"@id\":\"https:\/\/www.plastic-crates.com\/product\/auer-euro-containers-st-a\/#breadcrumb\"},\"inLanguage\":\"tr\",\"potentialAction\":[{\"@type\":\"ReadAction\",\"target\":[\"https:\/\/www.plastic-crates.com\/product\/auer-euro-containers-st-a\/\"]}]},{\"@type\":\"ImageObject\",\"inLanguage\":\"tr\",\"@id\":\"https:\/\/www.plastic-crates.com\/product\/auer-euro-containers-st-a\/#primaryimage\",\"url\":\"https:\/\/www.plastic-crates.com\/wp-content\/uploads\/2022\/03\/AUER-Euro-containers-1.jpg\",\"contentUrl\":\"https:\/\/www.plastic-crates.com\/wp-content\/uploads\/2022\/03\/AUER-Euro-containers-1.jpg\",\"width\":700,\"height\":700,\"caption\":\"AUER Euro containers\"},{\"@type\":\"BreadcrumbList\",\"@id\":\"https:\/\/www.plastic-crates.com\/product\/auer-euro-containers-st-a\/#breadcrumb\",\"itemListElement\":[{\"@type\":\"ListItem\",\"position\":1,\"name\":\"Home\",\"item\":\"https:\/\/www.plastic-crates.com\/\"},{\"@type\":\"ListItem\",\"position\":2,\"name\":\"Products\",\"item\":\"https:\/\/www.plastic-crates.com\/shop\/\"},{\"@type\":\"ListItem\",\"position\":3,\"name\":\"AUER Euro containers-ST-A\"}]},{\"@type\":\"WebSite\",\"@id\":\"https:\/\/www.plastic-crates.com\/#website\",\"url\":\"https:\/\/www.plastic-crates.com\/\",\"name\":\"plastic-crates.com\",\"description\":\"Leading plastic crates manufacturer in China\",\"potentialAction\":[{\"@type\":\"SearchAction\",\"target\":{\"@type\":\"EntryPoint\",\"urlTemplate\":\"https:\/\/www.plastic-crates.com\/?s={search_term_string}\"},\"query-input\":{\"@type\":\"PropertyValueSpecification\",\"valueRequired\":true,\"valueName\":\"search_term_string\"}}],\"inLanguage\":\"tr\"}]}<\/script>\n<!-- \/ Yoast SEO plugin. -->","yoast_head_json":{"title":"AUER Euro konteynerler toptan ve fabrika fiyat\u0131","description":"Toptan AUER Euro konteynerler, istiflenebilir euro plastik konteyner tedarik\u00e7isi, Boyutlar (U*G*Y): 300 * 200 * 148 mm, Hacim: 5,4 L, sat\u0131l\u0131k balya kolu konteyneri","robots":{"index":"index","follow":"follow","max-snippet":"max-snippet:-1","max-image-preview":"max-image-preview:large","max-video-preview":"max-video-preview:-1"},"canonical":"https:\/\/www.plastic-crates.com\/tr\/urun\/auer-euro-konteynerleri-st-a\/","og_locale":"tr_TR","og_type":"article","og_title":"bale arm container","og_description":"Wholesale AUER Euro containers, euro stackable plastic containers supplier, Dimensions(L*W*H):300 * 200 * 148 mm, Volume: 5.4L, bale arm container for sale","og_url":"https:\/\/www.plastic-crates.com\/tr\/urun\/auer-euro-konteynerleri-st-a\/","og_site_name":"plastic-crates.com","article_modified_time":"2022-03-29T03:20:12+00:00","og_image":[{"width":700,"height":700,"url":"https:\/\/www.plastic-crates.com\/wp-content\/uploads\/2022\/03\/AUER-Euro-containers-1.jpg","type":"image\/jpeg"}],"twitter_card":"summary_large_image","twitter_title":"bale arm container","twitter_misc":{"Tahmini okuma s\u00fcresi":"1 dakika"},"schema":{"@context":"https:\/\/schema.org","@graph":[{"@type":"WebPage","@id":"https:\/\/www.plastic-crates.com\/product\/auer-euro-containers-st-a\/","url":"https:\/\/www.plastic-crates.com\/product\/auer-euro-containers-st-a\/","name":"AUER Euro konteynerler toptan ve fabrika fiyat\u0131","isPartOf":{"@id":"https:\/\/www.plastic-crates.com\/#website"},"primaryImageOfPage":{"@id":"https:\/\/www.plastic-crates.com\/product\/auer-euro-containers-st-a\/#primaryimage"},"image":{"@id":"https:\/\/www.plastic-crates.com\/product\/auer-euro-containers-st-a\/#primaryimage"},"thumbnailUrl":"https:\/\/www.plastic-crates.com\/wp-content\/uploads\/2022\/03\/AUER-Euro-containers-1.jpg","datePublished":"2022-03-29T02:36:41+00:00","dateModified":"2022-03-29T03:20:12+00:00","description":"Toptan AUER Euro konteynerler, istiflenebilir euro plastik konteyner tedarik\u00e7isi, Boyutlar (U*G*Y): 300 * 200 * 148 mm, Hacim: 5,4 L, sat\u0131l\u0131k balya kolu konteyneri","breadcrumb":{"@id":"https:\/\/www.plastic-crates.com\/product\/auer-euro-containers-st-a\/#breadcrumb"},"inLanguage":"tr","potentialAction":[{"@type":"ReadAction","target":["https:\/\/www.plastic-crates.com\/product\/auer-euro-containers-st-a\/"]}]},{"@type":"ImageObject","inLanguage":"tr","@id":"https:\/\/www.plastic-crates.com\/product\/auer-euro-containers-st-a\/#primaryimage","url":"https:\/\/www.plastic-crates.com\/wp-content\/uploads\/2022\/03\/AUER-Euro-containers-1.jpg","contentUrl":"https:\/\/www.plastic-crates.com\/wp-content\/uploads\/2022\/03\/AUER-Euro-containers-1.jpg","width":700,"height":700,"caption":"AUER Euro containers"},{"@type":"BreadcrumbList","@id":"https:\/\/www.plastic-crates.com\/product\/auer-euro-containers-st-a\/#breadcrumb","itemListElement":[{"@type":"ListItem","position":1,"name":"Home","item":"https:\/\/www.plastic-crates.com\/"},{"@type":"ListItem","position":2,"name":"Products","item":"https:\/\/www.plastic-crates.com\/shop\/"},{"@type":"ListItem","position":3,"name":"AUER Euro containers-ST-A"}]},{"@type":"WebSite","@id":"https:\/\/www.plastic-crates.com\/#website","url":"https:\/\/www.plastic-crates.com\/","name":"plastic-crates.com","description":"\u00c7in&#039;in \u00f6nde gelen plastik kasa \u00fcreticisi","potentialAction":[{"@type":"SearchAction","target":{"@type":"EntryPoint","urlTemplate":"https:\/\/www.plastic-crates.com\/?s={search_term_string}"},"query-input":{"@type":"PropertyValueSpecification","valueRequired":true,"valueName":"search_term_string"}}],"inLanguage":"tr"}]}},"_links":{"self":[{"href":"https:\/\/www.plastic-crates.com\/tr\/wp-json\/wp\/v2\/product\/7134","targetHints":{"allow":["GET"]}}],"collection":[{"href":"https:\/\/www.plastic-crates.com\/tr\/wp-json\/wp\/v2\/product"}],"about":[{"href":"https:\/\/www.plastic-crates.com\/tr\/wp-json\/wp\/v2\/types\/product"}],"wp:featuredmedia":[{"embeddable":true,"href":"https:\/\/www.plastic-crates.com\/tr\/wp-json\/wp\/v2\/media\/7140"}],"wp:attachment":[{"href":"https:\/\/www.plastic-crates.com\/tr\/wp-json\/wp\/v2\/media?parent=7134"}],"wp:term":[{"taxonomy":"product_brand","embeddable":true,"href":"https:\/\/www.plastic-crates.com\/tr\/wp-json\/wp\/v2\/product_brand?post=7134"},{"taxonomy":"product_cat","embeddable":true,"href":"https:\/\/www.plastic-crates.com\/tr\/wp-json\/wp\/v2\/product_cat?post=7134"},{"taxonomy":"product_tag","embeddable":true,"href":"https:\/\/www.plastic-crates.com\/tr\/wp-json\/wp\/v2\/product_tag?post=7134"}],"curies":[{"name":"wp","href":"https:\/\/api.w.org\/{rel}","templated":true}]}}