{"id":7151,"date":"2022-04-15T03:43:13","date_gmt":"2022-04-15T03:43:13","guid":{"rendered":"https:\/\/www.plastic-crates.com\/?post_type=product&#038;p=7151"},"modified":"2022-04-15T03:54:04","modified_gmt":"2022-04-15T03:54:04","slug":"euro-containers-with-hinged-lid-st-f","status":"publish","type":"product","link":"https:\/\/www.plastic-crates.com\/tr\/urun\/euro-containers-with-hinged-lid-st-f\/","title":{"rendered":"Mente\u015feli kapakl\u0131 Euro kaplar-ST-F"},"content":{"rendered":"<p>Wholesale euro containers with hinged lid, Our euro stacking box has reinforced corners,allowing this strong container to hold the heaviest of loads so it can provide greater strength and durability. Hand grips on 2 sides make the container easy to handle and carry.They can be tailored to suit your requirements with lids, hinges, inner dividers, customized print and locking clasps.<\/p>\n<p>&nbsp;<\/p>\n<p><a href=\"https:\/\/www.plastic-crates.com\/tr\/urun-kategori\/parca-depolama-kutulari\/\" target=\"_blank\" rel=\"noopener noreferrer\">par\u00e7a kutusu<\/a>,<a href=\"https:\/\/www.plastic-crates.com\/tr\/urun-kategori\/palet-konteyneri\/\" target=\"_blank\" rel=\"noopener noreferrer\">plastik d\u00f6kme depolama konteynerleri<\/a>, <a href=\"https:\/\/www.plastic-crate.co.uk\/product-category\/plastic-trays\/\" target=\"_blank\" rel=\"noopener\">plastik tepsiler<\/a><\/p>","protected":false},"excerpt":{"rendered":"<div><a href=\"https:\/\/www.plastic-crates.com\/tr\/urun-kategori\/istiflenebilir-konteynerler\/\" target=\"_blank\" rel=\"noopener noreferrer\">plastic stackable storage bins<\/a>,<a href=\"https:\/\/www.plastic-crates.com\/tr\/urun-kategori\/katlanabilir-kutu\/\" target=\"_blank\" rel=\"noopener noreferrer\">katlan\u0131r plastik kaplar<\/a><\/div>","protected":false},"featured_media":7154,"template":"","meta":{"_acf_changed":false},"product_brand":[],"product_cat":[15],"product_tag":[111,109],"class_list":{"0":"post-7151","1":"product","2":"type-product","3":"status-publish","4":"has-post-thumbnail","6":"product_cat-stackable-containers","7":"product_tag-stackable-bin","8":"product_tag-stacking-crate","10":"first","11":"instock","12":"product-type-simple"},"acf":[],"yoast_head":"<!-- This site is optimized with the Yoast SEO plugin v26.1.1 - https:\/\/yoast.com\/wordpress\/plugins\/seo\/ -->\n<title>euro containers with hinged lid wholesale &amp; Factory Price<\/title>\n<meta name=\"description\" content=\"Wholesale euro containers with hinged lid, Dimensions(L*W*H):450 * 450 * 330 mm, Volume: 52L, euro containers with hinged lid for sale\" \/>\n<meta name=\"robots\" content=\"index, follow, max-snippet:-1, max-image-preview:large, max-video-preview:-1\" \/>\n<link rel=\"canonical\" href=\"https:\/\/www.plastic-crates.com\/tr\/urun\/euro-containers-with-hinged-lid-st-f\/\" \/>\n<meta property=\"og:locale\" content=\"tr_TR\" \/>\n<meta property=\"og:type\" content=\"article\" \/>\n<meta property=\"og:title\" content=\"pe milk crate\" \/>\n<meta property=\"og:description\" content=\"Wholesale euro containers with hinged lid, Dimensions(L*W*H):450 * 450 * 330 mm, Volume: 52L, euro containers with hinged lid for sale\" \/>\n<meta property=\"og:url\" content=\"https:\/\/www.plastic-crates.com\/tr\/urun\/euro-containers-with-hinged-lid-st-f\/\" \/>\n<meta property=\"og:site_name\" content=\"plastic-crates.com\" \/>\n<meta property=\"article:modified_time\" content=\"2022-04-15T03:54:04+00:00\" \/>\n<meta property=\"og:image\" content=\"https:\/\/www.plastic-crates.com\/wp-content\/uploads\/2022\/04\/euro-containers-with-hinged-lid-4.jpg\" \/>\n\t<meta property=\"og:image:width\" content=\"700\" \/>\n\t<meta property=\"og:image:height\" content=\"700\" \/>\n\t<meta property=\"og:image:type\" content=\"image\/jpeg\" \/>\n<meta name=\"twitter:card\" content=\"summary_large_image\" \/>\n<meta name=\"twitter:title\" content=\"pe milk crate\" \/>\n<script type=\"application\/ld+json\" class=\"yoast-schema-graph\">{\"@context\":\"https:\/\/schema.org\",\"@graph\":[{\"@type\":\"WebPage\",\"@id\":\"https:\/\/www.plastic-crates.com\/product\/euro-containers-with-hinged-lid-st-f\/\",\"url\":\"https:\/\/www.plastic-crates.com\/product\/euro-containers-with-hinged-lid-st-f\/\",\"name\":\"euro containers with hinged lid wholesale & Factory Price\",\"isPartOf\":{\"@id\":\"https:\/\/www.plastic-crates.com\/#website\"},\"primaryImageOfPage\":{\"@id\":\"https:\/\/www.plastic-crates.com\/product\/euro-containers-with-hinged-lid-st-f\/#primaryimage\"},\"image\":{\"@id\":\"https:\/\/www.plastic-crates.com\/product\/euro-containers-with-hinged-lid-st-f\/#primaryimage\"},\"thumbnailUrl\":\"https:\/\/www.plastic-crates.com\/wp-content\/uploads\/2022\/04\/euro-containers-with-hinged-lid-4.jpg\",\"datePublished\":\"2022-04-15T03:43:13+00:00\",\"dateModified\":\"2022-04-15T03:54:04+00:00\",\"description\":\"Wholesale euro containers with hinged lid, Dimensions(L*W*H):450 * 450 * 330 mm, Volume: 52L, euro containers with hinged lid for sale\",\"breadcrumb\":{\"@id\":\"https:\/\/www.plastic-crates.com\/product\/euro-containers-with-hinged-lid-st-f\/#breadcrumb\"},\"inLanguage\":\"tr\",\"potentialAction\":[{\"@type\":\"ReadAction\",\"target\":[\"https:\/\/www.plastic-crates.com\/product\/euro-containers-with-hinged-lid-st-f\/\"]}]},{\"@type\":\"ImageObject\",\"inLanguage\":\"tr\",\"@id\":\"https:\/\/www.plastic-crates.com\/product\/euro-containers-with-hinged-lid-st-f\/#primaryimage\",\"url\":\"https:\/\/www.plastic-crates.com\/wp-content\/uploads\/2022\/04\/euro-containers-with-hinged-lid-4.jpg\",\"contentUrl\":\"https:\/\/www.plastic-crates.com\/wp-content\/uploads\/2022\/04\/euro-containers-with-hinged-lid-4.jpg\",\"width\":700,\"height\":700,\"caption\":\"euro containers with hinged lid\"},{\"@type\":\"BreadcrumbList\",\"@id\":\"https:\/\/www.plastic-crates.com\/product\/euro-containers-with-hinged-lid-st-f\/#breadcrumb\",\"itemListElement\":[{\"@type\":\"ListItem\",\"position\":1,\"name\":\"Home\",\"item\":\"https:\/\/www.plastic-crates.com\/\"},{\"@type\":\"ListItem\",\"position\":2,\"name\":\"Products\",\"item\":\"https:\/\/www.plastic-crates.com\/shop\/\"},{\"@type\":\"ListItem\",\"position\":3,\"name\":\"Euro containers with hinged lid-ST-F\"}]},{\"@type\":\"WebSite\",\"@id\":\"https:\/\/www.plastic-crates.com\/#website\",\"url\":\"https:\/\/www.plastic-crates.com\/\",\"name\":\"plastic-crates.com\",\"description\":\"Leading plastic crates manufacturer in China\",\"potentialAction\":[{\"@type\":\"SearchAction\",\"target\":{\"@type\":\"EntryPoint\",\"urlTemplate\":\"https:\/\/www.plastic-crates.com\/?s={search_term_string}\"},\"query-input\":{\"@type\":\"PropertyValueSpecification\",\"valueRequired\":true,\"valueName\":\"search_term_string\"}}],\"inLanguage\":\"tr\"}]}<\/script>\n<!-- \/ Yoast SEO plugin. -->","yoast_head_json":{"title":"euro containers with hinged lid wholesale & Factory Price","description":"Wholesale euro containers with hinged lid, Dimensions(L*W*H):450 * 450 * 330 mm, Volume: 52L, euro containers with hinged lid for sale","robots":{"index":"index","follow":"follow","max-snippet":"max-snippet:-1","max-image-preview":"max-image-preview:large","max-video-preview":"max-video-preview:-1"},"canonical":"https:\/\/www.plastic-crates.com\/tr\/urun\/euro-containers-with-hinged-lid-st-f\/","og_locale":"tr_TR","og_type":"article","og_title":"pe milk crate","og_description":"Wholesale euro containers with hinged lid, Dimensions(L*W*H):450 * 450 * 330 mm, Volume: 52L, euro containers with hinged lid for sale","og_url":"https:\/\/www.plastic-crates.com\/tr\/urun\/euro-containers-with-hinged-lid-st-f\/","og_site_name":"plastic-crates.com","article_modified_time":"2022-04-15T03:54:04+00:00","og_image":[{"width":700,"height":700,"url":"https:\/\/www.plastic-crates.com\/wp-content\/uploads\/2022\/04\/euro-containers-with-hinged-lid-4.jpg","type":"image\/jpeg"}],"twitter_card":"summary_large_image","twitter_title":"pe milk crate","schema":{"@context":"https:\/\/schema.org","@graph":[{"@type":"WebPage","@id":"https:\/\/www.plastic-crates.com\/product\/euro-containers-with-hinged-lid-st-f\/","url":"https:\/\/www.plastic-crates.com\/product\/euro-containers-with-hinged-lid-st-f\/","name":"euro containers with hinged lid wholesale & Factory Price","isPartOf":{"@id":"https:\/\/www.plastic-crates.com\/#website"},"primaryImageOfPage":{"@id":"https:\/\/www.plastic-crates.com\/product\/euro-containers-with-hinged-lid-st-f\/#primaryimage"},"image":{"@id":"https:\/\/www.plastic-crates.com\/product\/euro-containers-with-hinged-lid-st-f\/#primaryimage"},"thumbnailUrl":"https:\/\/www.plastic-crates.com\/wp-content\/uploads\/2022\/04\/euro-containers-with-hinged-lid-4.jpg","datePublished":"2022-04-15T03:43:13+00:00","dateModified":"2022-04-15T03:54:04+00:00","description":"Wholesale euro containers with hinged lid, Dimensions(L*W*H):450 * 450 * 330 mm, Volume: 52L, euro containers with hinged lid for sale","breadcrumb":{"@id":"https:\/\/www.plastic-crates.com\/product\/euro-containers-with-hinged-lid-st-f\/#breadcrumb"},"inLanguage":"tr","potentialAction":[{"@type":"ReadAction","target":["https:\/\/www.plastic-crates.com\/product\/euro-containers-with-hinged-lid-st-f\/"]}]},{"@type":"ImageObject","inLanguage":"tr","@id":"https:\/\/www.plastic-crates.com\/product\/euro-containers-with-hinged-lid-st-f\/#primaryimage","url":"https:\/\/www.plastic-crates.com\/wp-content\/uploads\/2022\/04\/euro-containers-with-hinged-lid-4.jpg","contentUrl":"https:\/\/www.plastic-crates.com\/wp-content\/uploads\/2022\/04\/euro-containers-with-hinged-lid-4.jpg","width":700,"height":700,"caption":"euro containers with hinged lid"},{"@type":"BreadcrumbList","@id":"https:\/\/www.plastic-crates.com\/product\/euro-containers-with-hinged-lid-st-f\/#breadcrumb","itemListElement":[{"@type":"ListItem","position":1,"name":"Home","item":"https:\/\/www.plastic-crates.com\/"},{"@type":"ListItem","position":2,"name":"Products","item":"https:\/\/www.plastic-crates.com\/shop\/"},{"@type":"ListItem","position":3,"name":"Euro containers with hinged lid-ST-F"}]},{"@type":"WebSite","@id":"https:\/\/www.plastic-crates.com\/#website","url":"https:\/\/www.plastic-crates.com\/","name":"plastic-crates.com","description":"\u00c7in&#039;in \u00f6nde gelen plastik kasa \u00fcreticisi","potentialAction":[{"@type":"SearchAction","target":{"@type":"EntryPoint","urlTemplate":"https:\/\/www.plastic-crates.com\/?s={search_term_string}"},"query-input":{"@type":"PropertyValueSpecification","valueRequired":true,"valueName":"search_term_string"}}],"inLanguage":"tr"}]}},"_links":{"self":[{"href":"https:\/\/www.plastic-crates.com\/tr\/wp-json\/wp\/v2\/product\/7151","targetHints":{"allow":["GET"]}}],"collection":[{"href":"https:\/\/www.plastic-crates.com\/tr\/wp-json\/wp\/v2\/product"}],"about":[{"href":"https:\/\/www.plastic-crates.com\/tr\/wp-json\/wp\/v2\/types\/product"}],"wp:featuredmedia":[{"embeddable":true,"href":"https:\/\/www.plastic-crates.com\/tr\/wp-json\/wp\/v2\/media\/7154"}],"wp:attachment":[{"href":"https:\/\/www.plastic-crates.com\/tr\/wp-json\/wp\/v2\/media?parent=7151"}],"wp:term":[{"taxonomy":"product_brand","embeddable":true,"href":"https:\/\/www.plastic-crates.com\/tr\/wp-json\/wp\/v2\/product_brand?post=7151"},{"taxonomy":"product_cat","embeddable":true,"href":"https:\/\/www.plastic-crates.com\/tr\/wp-json\/wp\/v2\/product_cat?post=7151"},{"taxonomy":"product_tag","embeddable":true,"href":"https:\/\/www.plastic-crates.com\/tr\/wp-json\/wp\/v2\/product_tag?post=7151"}],"curies":[{"name":"wp","href":"https:\/\/api.w.org\/{rel}","templated":true}]}}