{"id":7169,"date":"2022-07-16T02:36:05","date_gmt":"2022-07-16T02:36:05","guid":{"rendered":"https:\/\/www.plastic-crates.com\/?post_type=product&#038;p=7169"},"modified":"2022-07-16T02:48:14","modified_gmt":"2022-07-16T02:48:14","slug":"large-clear-plastic-totes-with-lids-90l","status":"publish","type":"product","link":"https:\/\/www.plastic-crates.com\/tr\/urun\/large-clear-plastic-totes-with-lids-90l\/","title":{"rendered":"Kapakl\u0131 b\u00fcy\u00fck \u015feffaf plastik saklama kaplar\u0131 90L"},"content":{"rendered":"<h4>Large clear plastic totes with lids\u00a0video show<\/h4>\n<div style=\"width: 960px;\" class=\"wp-video\"><!--[if lt IE 9]><script>document.createElement('video');<\/script><![endif]-->\n<video class=\"wp-video-shortcode\" id=\"video-7169-1\" width=\"960\" height=\"540\" preload=\"metadata\" controls=\"controls\"><source type=\"video\/mp4\" src=\"https:\/\/www.plastic-crates.com\/wp-content\/uploads\/2022\/07\/Large-clear-plastic-totes-with-lids.mp4?_=1\" \/><a href=\"https:\/\/www.plastic-crates.com\/wp-content\/uploads\/2022\/07\/Large-clear-plastic-totes-with-lids.mp4\">https:\/\/www.plastic-crates.com\/wp-content\/uploads\/2022\/07\/Large-clear-plastic-totes-with-lids.mp4<\/a><\/video><\/div>\n<p><img loading=\"lazy\" decoding=\"async\" class=\"alignnone size-full wp-image-7178\" src=\"https:\/\/www.plastic-crates.com\/wp-content\/uploads\/2022\/07\/Large-clear-plastic-totes-with-lids-package-and-shipping.jpg\" alt=\"Large clear plastic totes with lids shipping\" width=\"750\" height=\"1039\" srcset=\"https:\/\/www.plastic-crates.com\/wp-content\/uploads\/2022\/07\/Large-clear-plastic-totes-with-lids-package-and-shipping.jpg 750w, https:\/\/www.plastic-crates.com\/wp-content\/uploads\/2022\/07\/Large-clear-plastic-totes-with-lids-package-and-shipping-217x300.jpg 217w, https:\/\/www.plastic-crates.com\/wp-content\/uploads\/2022\/07\/Large-clear-plastic-totes-with-lids-package-and-shipping-739x1024.jpg 739w, https:\/\/www.plastic-crates.com\/wp-content\/uploads\/2022\/07\/Large-clear-plastic-totes-with-lids-package-and-shipping-600x831.jpg 600w\" sizes=\"auto, (max-width: 750px) 100vw, 750px\" \/> <img loading=\"lazy\" decoding=\"async\" class=\"alignnone size-full wp-image-7177\" src=\"https:\/\/www.plastic-crates.com\/wp-content\/uploads\/2022\/07\/Large-clear-plastic-totes-with-lids-detail.jpg\" alt=\"Large clear plastic totes with lids detail\" width=\"750\" height=\"1004\" srcset=\"https:\/\/www.plastic-crates.com\/wp-content\/uploads\/2022\/07\/Large-clear-plastic-totes-with-lids-detail.jpg 750w, https:\/\/www.plastic-crates.com\/wp-content\/uploads\/2022\/07\/Large-clear-plastic-totes-with-lids-detail-224x300.jpg 224w, https:\/\/www.plastic-crates.com\/wp-content\/uploads\/2022\/07\/Large-clear-plastic-totes-with-lids-detail-600x803.jpg 600w\" sizes=\"auto, (max-width: 750px) 100vw, 750px\" \/><\/p>\n<p>&nbsp;<\/p>","protected":false},"excerpt":{"rendered":"<div><a href=\"https:\/\/www.plastic-crates.com\/tr\/urun-kategori\/istiflenebilir-konteynerler\/\" target=\"_blank\" rel=\"noopener noreferrer\">plastic euro boxes<\/a>,<a href=\"https:\/\/www.plastic-crates.com\/tr\/urun-kategori\/katlanabilir-kutu\/\" target=\"_blank\" rel=\"noopener noreferrer\">katlanabilir plastik kutular<\/a><\/div>","protected":false},"featured_media":7172,"template":"","meta":{"_acf_changed":false},"product_brand":[],"product_cat":[8],"product_tag":[119],"class_list":{"0":"post-7169","1":"product","2":"type-product","3":"status-publish","4":"has-post-thumbnail","6":"product_cat-totes-with-lids","7":"product_tag-nestable-lidded-container","9":"first","10":"instock","11":"product-type-simple"},"acf":[],"yoast_head":"<!-- This site is optimized with the Yoast SEO plugin v26.1.1 - https:\/\/yoast.com\/wordpress\/plugins\/seo\/ -->\n<title>Large clear plastic totes with lids wholesale &amp; Factory Price<\/title>\n<meta name=\"description\" content=\"Large clear plastic totes with lids, cheap Plastic Boxes with Lids and Handles supplier, Dimensions(L*W*H):770 * 570 * 280 mm, Volume: 90L\" \/>\n<meta name=\"robots\" content=\"index, follow, max-snippet:-1, max-image-preview:large, max-video-preview:-1\" \/>\n<link rel=\"canonical\" href=\"https:\/\/www.plastic-crates.com\/tr\/urun\/large-clear-plastic-totes-with-lids-90l\/\" \/>\n<meta property=\"og:locale\" content=\"tr_TR\" \/>\n<meta property=\"og:type\" content=\"article\" \/>\n<meta property=\"og:title\" content=\"hinged lid plastic crates\" \/>\n<meta property=\"og:description\" content=\"Large clear plastic totes with lids, cheap Plastic Boxes with Lids and Handles supplier, Dimensions(L*W*H):770 * 570 * 280 mm, Volume: 90L\" \/>\n<meta property=\"og:url\" content=\"https:\/\/www.plastic-crates.com\/tr\/urun\/large-clear-plastic-totes-with-lids-90l\/\" \/>\n<meta property=\"og:site_name\" content=\"plastic-crates.com\" \/>\n<meta property=\"article:modified_time\" content=\"2022-07-16T02:48:14+00:00\" \/>\n<meta property=\"og:image\" content=\"https:\/\/www.plastic-crates.com\/wp-content\/uploads\/2022\/07\/Large-clear-plastic-totes-with-lids-2.jpg\" \/>\n\t<meta property=\"og:image:width\" content=\"1000\" \/>\n\t<meta property=\"og:image:height\" content=\"1000\" \/>\n\t<meta property=\"og:image:type\" content=\"image\/jpeg\" \/>\n<meta name=\"twitter:card\" content=\"summary_large_image\" \/>\n<meta name=\"twitter:title\" content=\"hinged lid plastic crates\" \/>\n<meta name=\"twitter:label1\" content=\"Tahmini okuma s\u00fcresi\" \/>\n\t<meta name=\"twitter:data1\" content=\"1 dakika\" \/>\n<script type=\"application\/ld+json\" class=\"yoast-schema-graph\">{\"@context\":\"https:\/\/schema.org\",\"@graph\":[{\"@type\":\"WebPage\",\"@id\":\"https:\/\/www.plastic-crates.com\/product\/large-clear-plastic-totes-with-lids-90l\/\",\"url\":\"https:\/\/www.plastic-crates.com\/product\/large-clear-plastic-totes-with-lids-90l\/\",\"name\":\"Large clear plastic totes with lids wholesale & Factory Price\",\"isPartOf\":{\"@id\":\"https:\/\/www.plastic-crates.com\/#website\"},\"primaryImageOfPage\":{\"@id\":\"https:\/\/www.plastic-crates.com\/product\/large-clear-plastic-totes-with-lids-90l\/#primaryimage\"},\"image\":{\"@id\":\"https:\/\/www.plastic-crates.com\/product\/large-clear-plastic-totes-with-lids-90l\/#primaryimage\"},\"thumbnailUrl\":\"https:\/\/www.plastic-crates.com\/wp-content\/uploads\/2022\/07\/Large-clear-plastic-totes-with-lids-2.jpg\",\"datePublished\":\"2022-07-16T02:36:05+00:00\",\"dateModified\":\"2022-07-16T02:48:14+00:00\",\"description\":\"Large clear plastic totes with lids, cheap Plastic Boxes with Lids and Handles supplier, Dimensions(L*W*H):770 * 570 * 280 mm, Volume: 90L\",\"breadcrumb\":{\"@id\":\"https:\/\/www.plastic-crates.com\/product\/large-clear-plastic-totes-with-lids-90l\/#breadcrumb\"},\"inLanguage\":\"tr\",\"potentialAction\":[{\"@type\":\"ReadAction\",\"target\":[\"https:\/\/www.plastic-crates.com\/product\/large-clear-plastic-totes-with-lids-90l\/\"]}]},{\"@type\":\"ImageObject\",\"inLanguage\":\"tr\",\"@id\":\"https:\/\/www.plastic-crates.com\/product\/large-clear-plastic-totes-with-lids-90l\/#primaryimage\",\"url\":\"https:\/\/www.plastic-crates.com\/wp-content\/uploads\/2022\/07\/Large-clear-plastic-totes-with-lids-2.jpg\",\"contentUrl\":\"https:\/\/www.plastic-crates.com\/wp-content\/uploads\/2022\/07\/Large-clear-plastic-totes-with-lids-2.jpg\",\"width\":1000,\"height\":1000,\"caption\":\"Large clear plastic totes with lids\"},{\"@type\":\"BreadcrumbList\",\"@id\":\"https:\/\/www.plastic-crates.com\/product\/large-clear-plastic-totes-with-lids-90l\/#breadcrumb\",\"itemListElement\":[{\"@type\":\"ListItem\",\"position\":1,\"name\":\"Home\",\"item\":\"https:\/\/www.plastic-crates.com\/\"},{\"@type\":\"ListItem\",\"position\":2,\"name\":\"Products\",\"item\":\"https:\/\/www.plastic-crates.com\/shop\/\"},{\"@type\":\"ListItem\",\"position\":3,\"name\":\"Large clear plastic totes with lids 90L\"}]},{\"@type\":\"WebSite\",\"@id\":\"https:\/\/www.plastic-crates.com\/#website\",\"url\":\"https:\/\/www.plastic-crates.com\/\",\"name\":\"plastic-crates.com\",\"description\":\"Leading plastic crates manufacturer in China\",\"potentialAction\":[{\"@type\":\"SearchAction\",\"target\":{\"@type\":\"EntryPoint\",\"urlTemplate\":\"https:\/\/www.plastic-crates.com\/?s={search_term_string}\"},\"query-input\":{\"@type\":\"PropertyValueSpecification\",\"valueRequired\":true,\"valueName\":\"search_term_string\"}}],\"inLanguage\":\"tr\"}]}<\/script>\n<!-- \/ Yoast SEO plugin. -->","yoast_head_json":{"title":"Large clear plastic totes with lids wholesale & Factory Price","description":"Large clear plastic totes with lids, cheap Plastic Boxes with Lids and Handles supplier, Dimensions(L*W*H):770 * 570 * 280 mm, Volume: 90L","robots":{"index":"index","follow":"follow","max-snippet":"max-snippet:-1","max-image-preview":"max-image-preview:large","max-video-preview":"max-video-preview:-1"},"canonical":"https:\/\/www.plastic-crates.com\/tr\/urun\/large-clear-plastic-totes-with-lids-90l\/","og_locale":"tr_TR","og_type":"article","og_title":"hinged lid plastic crates","og_description":"Large clear plastic totes with lids, cheap Plastic Boxes with Lids and Handles supplier, Dimensions(L*W*H):770 * 570 * 280 mm, Volume: 90L","og_url":"https:\/\/www.plastic-crates.com\/tr\/urun\/large-clear-plastic-totes-with-lids-90l\/","og_site_name":"plastic-crates.com","article_modified_time":"2022-07-16T02:48:14+00:00","og_image":[{"width":1000,"height":1000,"url":"https:\/\/www.plastic-crates.com\/wp-content\/uploads\/2022\/07\/Large-clear-plastic-totes-with-lids-2.jpg","type":"image\/jpeg"}],"twitter_card":"summary_large_image","twitter_title":"hinged lid plastic crates","twitter_misc":{"Tahmini okuma s\u00fcresi":"1 dakika"},"schema":{"@context":"https:\/\/schema.org","@graph":[{"@type":"WebPage","@id":"https:\/\/www.plastic-crates.com\/product\/large-clear-plastic-totes-with-lids-90l\/","url":"https:\/\/www.plastic-crates.com\/product\/large-clear-plastic-totes-with-lids-90l\/","name":"Large clear plastic totes with lids wholesale & Factory Price","isPartOf":{"@id":"https:\/\/www.plastic-crates.com\/#website"},"primaryImageOfPage":{"@id":"https:\/\/www.plastic-crates.com\/product\/large-clear-plastic-totes-with-lids-90l\/#primaryimage"},"image":{"@id":"https:\/\/www.plastic-crates.com\/product\/large-clear-plastic-totes-with-lids-90l\/#primaryimage"},"thumbnailUrl":"https:\/\/www.plastic-crates.com\/wp-content\/uploads\/2022\/07\/Large-clear-plastic-totes-with-lids-2.jpg","datePublished":"2022-07-16T02:36:05+00:00","dateModified":"2022-07-16T02:48:14+00:00","description":"Large clear plastic totes with lids, cheap Plastic Boxes with Lids and Handles supplier, Dimensions(L*W*H):770 * 570 * 280 mm, Volume: 90L","breadcrumb":{"@id":"https:\/\/www.plastic-crates.com\/product\/large-clear-plastic-totes-with-lids-90l\/#breadcrumb"},"inLanguage":"tr","potentialAction":[{"@type":"ReadAction","target":["https:\/\/www.plastic-crates.com\/product\/large-clear-plastic-totes-with-lids-90l\/"]}]},{"@type":"ImageObject","inLanguage":"tr","@id":"https:\/\/www.plastic-crates.com\/product\/large-clear-plastic-totes-with-lids-90l\/#primaryimage","url":"https:\/\/www.plastic-crates.com\/wp-content\/uploads\/2022\/07\/Large-clear-plastic-totes-with-lids-2.jpg","contentUrl":"https:\/\/www.plastic-crates.com\/wp-content\/uploads\/2022\/07\/Large-clear-plastic-totes-with-lids-2.jpg","width":1000,"height":1000,"caption":"Large clear plastic totes with lids"},{"@type":"BreadcrumbList","@id":"https:\/\/www.plastic-crates.com\/product\/large-clear-plastic-totes-with-lids-90l\/#breadcrumb","itemListElement":[{"@type":"ListItem","position":1,"name":"Home","item":"https:\/\/www.plastic-crates.com\/"},{"@type":"ListItem","position":2,"name":"Products","item":"https:\/\/www.plastic-crates.com\/shop\/"},{"@type":"ListItem","position":3,"name":"Large clear plastic totes with lids 90L"}]},{"@type":"WebSite","@id":"https:\/\/www.plastic-crates.com\/#website","url":"https:\/\/www.plastic-crates.com\/","name":"plastic-crates.com","description":"\u00c7in&#039;in \u00f6nde gelen plastik kasa \u00fcreticisi","potentialAction":[{"@type":"SearchAction","target":{"@type":"EntryPoint","urlTemplate":"https:\/\/www.plastic-crates.com\/?s={search_term_string}"},"query-input":{"@type":"PropertyValueSpecification","valueRequired":true,"valueName":"search_term_string"}}],"inLanguage":"tr"}]}},"_links":{"self":[{"href":"https:\/\/www.plastic-crates.com\/tr\/wp-json\/wp\/v2\/product\/7169","targetHints":{"allow":["GET"]}}],"collection":[{"href":"https:\/\/www.plastic-crates.com\/tr\/wp-json\/wp\/v2\/product"}],"about":[{"href":"https:\/\/www.plastic-crates.com\/tr\/wp-json\/wp\/v2\/types\/product"}],"wp:featuredmedia":[{"embeddable":true,"href":"https:\/\/www.plastic-crates.com\/tr\/wp-json\/wp\/v2\/media\/7172"}],"wp:attachment":[{"href":"https:\/\/www.plastic-crates.com\/tr\/wp-json\/wp\/v2\/media?parent=7169"}],"wp:term":[{"taxonomy":"product_brand","embeddable":true,"href":"https:\/\/www.plastic-crates.com\/tr\/wp-json\/wp\/v2\/product_brand?post=7169"},{"taxonomy":"product_cat","embeddable":true,"href":"https:\/\/www.plastic-crates.com\/tr\/wp-json\/wp\/v2\/product_cat?post=7169"},{"taxonomy":"product_tag","embeddable":true,"href":"https:\/\/www.plastic-crates.com\/tr\/wp-json\/wp\/v2\/product_tag?post=7169"}],"curies":[{"name":"wp","href":"https:\/\/api.w.org\/{rel}","templated":true}]}}