{"id":7200,"date":"2022-12-12T04:55:33","date_gmt":"2022-12-12T04:55:33","guid":{"rendered":"https:\/\/www.plastic-crates.com\/?post_type=product&#038;p=7200"},"modified":"2022-12-12T05:27:12","modified_gmt":"2022-12-12T05:27:12","slug":"foldable-plastic-pallet-honeycomb-coaming-sleeve-box","status":"publish","type":"product","link":"https:\/\/www.plastic-crates.com\/tr\/urun\/foldable-plastic-pallet-honeycomb-coaming-sleeve-box\/","title":{"rendered":"Katlanabilir Plastik Palet Petek Kaplama Kovan Kutusu"},"content":{"rendered":"<div style=\"width: 960px;\" class=\"wp-video\"><!--[if lt IE 9]><script>document.createElement('video');<\/script><![endif]-->\n<video class=\"wp-video-shortcode\" id=\"video-7200-1\" width=\"960\" height=\"540\" preload=\"metadata\" controls=\"controls\"><source type=\"video\/mp4\" src=\"https:\/\/www.plastic-crates.com\/wp-content\/uploads\/2022\/12\/plastic-gaylord-pallet-container.mp4?_=1\" \/><a href=\"https:\/\/www.plastic-crates.com\/wp-content\/uploads\/2022\/12\/plastic-gaylord-pallet-container.mp4\">https:\/\/www.plastic-crates.com\/wp-content\/uploads\/2022\/12\/plastic-gaylord-pallet-container.mp4<\/a><\/video><\/div>\n<p>&nbsp;<\/p>\n<p>&nbsp;<\/p>\n<p><strong>Plastik gaylord kutusu<\/strong> mevcut boyutlar<\/p>\n<table border=\"1\" width=\"510\">\n<tbody>\n<tr>\n<td height=\"19\" data-spm-anchor-id=\"a2700.details.0.i7.65943b7dW6kPoZ\">Model<\/td>\n<td height=\"19\">D\u0131\u015f \u00c7ap<\/td>\n<td height=\"19\">\u0130\u00e7 \u00c7ap<\/td>\n<td height=\"19\">Palet A\u011f\u0131rl\u0131\u011f\u0131<\/td>\n<td height=\"19\">Kapak A\u011f\u0131rl\u0131\u011f\u0131<\/td>\n<td height=\"19\">\u0130\u00e7 Y\u00fckseklik<\/td>\n<\/tr>\n<tr>\n<td height=\"19\">1<\/td>\n<td height=\"19\" data-spm-anchor-id=\"a2700.details.0.i37.65943b7dW6kPoZ\">1200&#215;1000<\/td>\n<td height=\"19\">1140&#215;940<\/td>\n<td height=\"19\">10kg<\/td>\n<td height=\"19\">8 kg<\/td>\n<td rowspan=\"12\" height=\"228\" data-spm-anchor-id=\"a2700.details.0.i38.65943b7dW6kPoZ\">y\u00fckseklik olabilir<br \/>\n\u00f6zelle\u015ftirilebilir<\/td>\n<\/tr>\n<tr>\n<td height=\"19\">2<\/td>\n<td height=\"19\" data-spm-anchor-id=\"a2700.details.0.i8.65943b7dW6kPoZ\">1150&#215;985<\/td>\n<td height=\"19\">1106&#215;940<\/td>\n<td height=\"19\">10kg<\/td>\n<td height=\"19\">8 kg<\/td>\n<\/tr>\n<tr>\n<td height=\"19\">3<\/td>\n<td height=\"19\">1200&#215;800<\/td>\n<td height=\"19\">1160&#215;760<\/td>\n<td height=\"19\">8,5 kg<\/td>\n<td height=\"19\">7,5 kg<\/td>\n<\/tr>\n<tr>\n<td height=\"19\">4<\/td>\n<td height=\"19\">1470X1150<\/td>\n<td height=\"19\">1400&#215;1070<\/td>\n<td height=\"19\">15kg<\/td>\n<td height=\"19\">13 kilo<\/td>\n<\/tr>\n<tr>\n<td height=\"19\">5<\/td>\n<td height=\"19\">1350&#215;1150<\/td>\n<td height=\"19\">1280&#215;1070<\/td>\n<td height=\"19\">14 kilo<\/td>\n<td height=\"19\">12 kg<\/td>\n<\/tr>\n<tr>\n<td height=\"19\">6<\/td>\n<td height=\"19\">1150&#215;1150<\/td>\n<td height=\"19\">1105&#215;1105<\/td>\n<td height=\"19\">10,5 kg<\/td>\n<td height=\"19\">8,5 kg<\/td>\n<\/tr>\n<tr>\n<td height=\"19\">7<\/td>\n<td height=\"19\">1100&#215;1100<\/td>\n<td height=\"19\">1055&#215;1055<\/td>\n<td height=\"19\">10kg<\/td>\n<td height=\"19\">8 kg<\/td>\n<\/tr>\n<tr>\n<td height=\"19\">8<\/td>\n<td height=\"19\">1200&#215;1150<\/td>\n<td height=\"19\">1160&#215;1080<\/td>\n<td height=\"19\">12 kg<\/td>\n<td height=\"19\">10kg<\/td>\n<\/tr>\n<tr>\n<td height=\"19\">9<\/td>\n<td height=\"19\">1600&#215;1150<\/td>\n<td height=\"19\">1540&#215;1080<\/td>\n<td height=\"19\">18,5 kg<\/td>\n<td height=\"19\">12,5 kg<\/td>\n<\/tr>\n<tr>\n<td height=\"19\">10<\/td>\n<td height=\"19\">2070&#215;1150<\/td>\n<td height=\"19\">2000&#215;1080<\/td>\n<td height=\"19\">30 kilo<\/td>\n<td height=\"19\">16 kilo<\/td>\n<\/tr>\n<tr>\n<td height=\"19\">11<\/td>\n<td height=\"19\">820&#215;600<\/td>\n<td height=\"19\" data-spm-anchor-id=\"a2700.details.0.i9.65943b7dW6kPoZ\">760&#215;560<\/td>\n<td height=\"19\">6 kg<\/td>\n<td height=\"19\">5kg<\/td>\n<\/tr>\n<tr>\n<td height=\"19\">12<\/td>\n<td height=\"19\">1100&#215;1000<\/td>\n<td height=\"19\">1050&#215;950<\/td>\n<td height=\"19\">10kg<\/td>\n<td height=\"19\">7,5 kg<\/td>\n<\/tr>\n<\/tbody>\n<\/table>\n<p>&nbsp;<\/p>\n<p><strong>Avantajlar\u0131:<\/strong><\/p>\n<ul>\n<li>hafif, sa\u011flam plastik gaylord kutular\u0131<\/li>\n<li>katlanabilir ve \u00e7\u00f6kebilir<\/li>\n<li>Gaylord kutusu hacminin yaln\u0131zca 20%&#039;sine d\u00fc\u015f\u00fcr\u00fcld\u00fc<\/li>\n<li>80%&#039;ye kadar azalt\u0131lm\u0131\u015f ta\u015f\u0131ma maliyetleri<\/li>\n<li>kapakl\u0131 plastik palet kutusu ve palet kapal\u0131 bir \u00fcnite olu\u015fturur<\/li>\n<li>g\u00fcvenli, temiz ve verimli ula\u015f\u0131m garantilidir<\/li>\n<li>hava ko\u015fullar\u0131na dayan\u0131kl\u0131<\/li>\n<li>\u00e7ok sa\u011flam<\/li>\n<li>kolayca temizlenir<\/li>\n<\/ul>\n<p><strong>Honeycomb Coaming Sleeve Box feature<\/strong><\/p>\n<p><img loading=\"lazy\" decoding=\"async\" class=\"alignnone wp-image-7189 size-full\" src=\"https:\/\/www.plastic-crates.com\/wp-content\/uploads\/2022\/12\/plastic-gaylord-pallet-container-feature-1.jpg\" alt=\"plastic gaylord pallet container feature\" width=\"750\" height=\"506\" srcset=\"https:\/\/www.plastic-crates.com\/wp-content\/uploads\/2022\/12\/plastic-gaylord-pallet-container-feature-1.jpg 750w, https:\/\/www.plastic-crates.com\/wp-content\/uploads\/2022\/12\/plastic-gaylord-pallet-container-feature-1-300x202.jpg 300w, https:\/\/www.plastic-crates.com\/wp-content\/uploads\/2022\/12\/plastic-gaylord-pallet-container-feature-1-600x405.jpg 600w\" sizes=\"auto, (max-width: 750px) 100vw, 750px\" \/> <img loading=\"lazy\" decoding=\"async\" class=\"alignnone size-full wp-image-7190\" src=\"https:\/\/www.plastic-crates.com\/wp-content\/uploads\/2022\/12\/plastic-gaylord-pallet-container-feature-2.jpg\" alt=\"plastic gaylord pallet container feature\" width=\"750\" height=\"747\" srcset=\"https:\/\/www.plastic-crates.com\/wp-content\/uploads\/2022\/12\/plastic-gaylord-pallet-container-feature-2.jpg 750w, https:\/\/www.plastic-crates.com\/wp-content\/uploads\/2022\/12\/plastic-gaylord-pallet-container-feature-2-300x300.jpg 300w, https:\/\/www.plastic-crates.com\/wp-content\/uploads\/2022\/12\/plastic-gaylord-pallet-container-feature-2-150x150.jpg 150w, https:\/\/www.plastic-crates.com\/wp-content\/uploads\/2022\/12\/plastic-gaylord-pallet-container-feature-2-600x598.jpg 600w, https:\/\/www.plastic-crates.com\/wp-content\/uploads\/2022\/12\/plastic-gaylord-pallet-container-feature-2-100x100.jpg 100w\" sizes=\"auto, (max-width: 750px) 100vw, 750px\" \/> <img loading=\"lazy\" decoding=\"async\" class=\"alignnone size-full wp-image-7191\" src=\"https:\/\/www.plastic-crates.com\/wp-content\/uploads\/2022\/12\/plastic-gaylord-pallet-container-feature-3.jpg\" alt=\"plastic gaylord pallet container feature\" width=\"750\" height=\"615\" srcset=\"https:\/\/www.plastic-crates.com\/wp-content\/uploads\/2022\/12\/plastic-gaylord-pallet-container-feature-3.jpg 750w, https:\/\/www.plastic-crates.com\/wp-content\/uploads\/2022\/12\/plastic-gaylord-pallet-container-feature-3-300x246.jpg 300w, https:\/\/www.plastic-crates.com\/wp-content\/uploads\/2022\/12\/plastic-gaylord-pallet-container-feature-3-600x492.jpg 600w\" sizes=\"auto, (max-width: 750px) 100vw, 750px\" \/><\/p>\n<p>&nbsp;<\/p>\n<p><img loading=\"lazy\" decoding=\"async\" class=\"alignnone size-full wp-image-7192\" src=\"https:\/\/www.plastic-crates.com\/wp-content\/uploads\/2022\/12\/plastic-gaylord-pallet-container-packaging-shipping.jpg\" alt=\"plastic gaylord pallet container packaging shipping\" width=\"750\" height=\"604\" srcset=\"https:\/\/www.plastic-crates.com\/wp-content\/uploads\/2022\/12\/plastic-gaylord-pallet-container-packaging-shipping.jpg 750w, https:\/\/www.plastic-crates.com\/wp-content\/uploads\/2022\/12\/plastic-gaylord-pallet-container-packaging-shipping-300x242.jpg 300w, https:\/\/www.plastic-crates.com\/wp-content\/uploads\/2022\/12\/plastic-gaylord-pallet-container-packaging-shipping-600x483.jpg 600w\" sizes=\"auto, (max-width: 750px) 100vw, 750px\" \/><\/p>","protected":false},"excerpt":{"rendered":"<div><a href=\"https:\/\/www.plastic-crates.com\/tr\/urun-kategori\/istiflenebilir-konteynerler\/\" target=\"_blank\" rel=\"noopener noreferrer\">plastik saklama kaplar\u0131<\/a>,<a href=\"https:\/\/www.plastic-crates.com\/tr\/urun-kategori\/palet-konteyneri\/\" target=\"_blank\" rel=\"noopener noreferrer\">istiflenebilir palet konteynerleri<\/a>,<a href=\"https:\/\/www.plastic-crate.co.uk\/product-tag\/ifco-crates-for-sale\/\" target=\"_blank\" rel=\"noopener noreferrer\">Plastik ifco kasalar\u0131<\/a>,<a href=\"https:\/\/www.plastic-crates.com\/tr\/urun-kategori\/kapakli-cantalar\/\" target=\"_blank\" rel=\"noopener noreferrer\">D\u00fcz Duvarl\u0131 Konteyner<\/a><\/div>","protected":false},"featured_media":7209,"template":"","meta":{"_acf_changed":false},"product_brand":[],"product_cat":[14],"product_tag":[91,89,88,138,139],"class_list":{"0":"post-7200","1":"product","2":"type-product","3":"status-publish","4":"has-post-thumbnail","6":"product_cat-pallet-container","7":"product_tag-collapsible-plastic-pallet-box","8":"product_tag-corrugated-pallet-box","9":"product_tag-foldable-coaming-box","10":"product_tag-pallet-sleeve-box","11":"product_tag-plastic-gaylord-box-reusable-plastic-gaylord-pallet-container","13":"first","14":"instock","15":"product-type-simple"},"acf":[],"yoast_head":"<!-- This site is optimized with the Yoast SEO plugin v26.1.1 - https:\/\/yoast.com\/wordpress\/plugins\/seo\/ -->\n<title>plastic Honeycomb Coaming Sleeve Box wholesale &amp; Factory Price<\/title>\n<meta name=\"description\" content=\"Plastic Honeycomb Coaming Sleeve Box, Dimensions(L*W*H):2070 * 1150 mm, height can be customized, plastic gaylord box for sale\" \/>\n<meta name=\"robots\" content=\"index, follow, max-snippet:-1, max-image-preview:large, max-video-preview:-1\" \/>\n<link rel=\"canonical\" href=\"https:\/\/www.plastic-crates.com\/tr\/urun\/foldable-plastic-pallet-honeycomb-coaming-sleeve-box\/\" \/>\n<meta property=\"og:locale\" content=\"tr_TR\" \/>\n<meta property=\"og:type\" content=\"article\" \/>\n<meta property=\"og:title\" content=\"collapsible plastic pallet box fast supplier\" \/>\n<meta property=\"og:description\" content=\"Plastic Honeycomb Coaming Sleeve Box, Dimensions(L*W*H):2070 * 1150 mm, height can be customized, plastic gaylord box for sale\" \/>\n<meta property=\"og:url\" content=\"https:\/\/www.plastic-crates.com\/tr\/urun\/foldable-plastic-pallet-honeycomb-coaming-sleeve-box\/\" \/>\n<meta property=\"og:site_name\" content=\"plastic-crates.com\" \/>\n<meta property=\"article:modified_time\" content=\"2022-12-12T05:27:12+00:00\" \/>\n<meta property=\"og:image\" content=\"https:\/\/www.plastic-crates.com\/wp-content\/uploads\/2022\/12\/Foldable-Plastic-Pallet-Honeycomb-Coaming-Sleeve-Box-b.jpg\" \/>\n\t<meta property=\"og:image:width\" content=\"800\" \/>\n\t<meta property=\"og:image:height\" content=\"800\" \/>\n\t<meta property=\"og:image:type\" content=\"image\/jpeg\" \/>\n<meta name=\"twitter:card\" content=\"summary_large_image\" \/>\n<meta name=\"twitter:title\" content=\"collapsible plastic pallet box fast supplier\" \/>\n<meta name=\"twitter:label1\" content=\"Tahmini okuma s\u00fcresi\" \/>\n\t<meta name=\"twitter:data1\" content=\"1 dakika\" \/>\n<script type=\"application\/ld+json\" class=\"yoast-schema-graph\">{\"@context\":\"https:\/\/schema.org\",\"@graph\":[{\"@type\":\"WebPage\",\"@id\":\"https:\/\/www.plastic-crates.com\/product\/foldable-plastic-pallet-honeycomb-coaming-sleeve-box\/\",\"url\":\"https:\/\/www.plastic-crates.com\/product\/foldable-plastic-pallet-honeycomb-coaming-sleeve-box\/\",\"name\":\"plastic Honeycomb Coaming Sleeve Box wholesale & Factory Price\",\"isPartOf\":{\"@id\":\"https:\/\/www.plastic-crates.com\/#website\"},\"primaryImageOfPage\":{\"@id\":\"https:\/\/www.plastic-crates.com\/product\/foldable-plastic-pallet-honeycomb-coaming-sleeve-box\/#primaryimage\"},\"image\":{\"@id\":\"https:\/\/www.plastic-crates.com\/product\/foldable-plastic-pallet-honeycomb-coaming-sleeve-box\/#primaryimage\"},\"thumbnailUrl\":\"https:\/\/www.plastic-crates.com\/wp-content\/uploads\/2022\/12\/Foldable-Plastic-Pallet-Honeycomb-Coaming-Sleeve-Box-b.jpg\",\"datePublished\":\"2022-12-12T04:55:33+00:00\",\"dateModified\":\"2022-12-12T05:27:12+00:00\",\"description\":\"Plastic Honeycomb Coaming Sleeve Box, Dimensions(L*W*H):2070 * 1150 mm, height can be customized, plastic gaylord box for sale\",\"breadcrumb\":{\"@id\":\"https:\/\/www.plastic-crates.com\/product\/foldable-plastic-pallet-honeycomb-coaming-sleeve-box\/#breadcrumb\"},\"inLanguage\":\"tr\",\"potentialAction\":[{\"@type\":\"ReadAction\",\"target\":[\"https:\/\/www.plastic-crates.com\/product\/foldable-plastic-pallet-honeycomb-coaming-sleeve-box\/\"]}]},{\"@type\":\"ImageObject\",\"inLanguage\":\"tr\",\"@id\":\"https:\/\/www.plastic-crates.com\/product\/foldable-plastic-pallet-honeycomb-coaming-sleeve-box\/#primaryimage\",\"url\":\"https:\/\/www.plastic-crates.com\/wp-content\/uploads\/2022\/12\/Foldable-Plastic-Pallet-Honeycomb-Coaming-Sleeve-Box-b.jpg\",\"contentUrl\":\"https:\/\/www.plastic-crates.com\/wp-content\/uploads\/2022\/12\/Foldable-Plastic-Pallet-Honeycomb-Coaming-Sleeve-Box-b.jpg\",\"width\":800,\"height\":800,\"caption\":\"Foldable Plastic Pallet Honeycomb Coaming Sleeve Box\"},{\"@type\":\"BreadcrumbList\",\"@id\":\"https:\/\/www.plastic-crates.com\/product\/foldable-plastic-pallet-honeycomb-coaming-sleeve-box\/#breadcrumb\",\"itemListElement\":[{\"@type\":\"ListItem\",\"position\":1,\"name\":\"Home\",\"item\":\"https:\/\/www.plastic-crates.com\/\"},{\"@type\":\"ListItem\",\"position\":2,\"name\":\"Products\",\"item\":\"https:\/\/www.plastic-crates.com\/shop\/\"},{\"@type\":\"ListItem\",\"position\":3,\"name\":\"Foldable Plastic Pallet Honeycomb Coaming Sleeve Box\"}]},{\"@type\":\"WebSite\",\"@id\":\"https:\/\/www.plastic-crates.com\/#website\",\"url\":\"https:\/\/www.plastic-crates.com\/\",\"name\":\"plastic-crates.com\",\"description\":\"Leading plastic crates manufacturer in China\",\"potentialAction\":[{\"@type\":\"SearchAction\",\"target\":{\"@type\":\"EntryPoint\",\"urlTemplate\":\"https:\/\/www.plastic-crates.com\/?s={search_term_string}\"},\"query-input\":{\"@type\":\"PropertyValueSpecification\",\"valueRequired\":true,\"valueName\":\"search_term_string\"}}],\"inLanguage\":\"tr\"}]}<\/script>\n<!-- \/ Yoast SEO plugin. -->","yoast_head_json":{"title":"plastic Honeycomb Coaming Sleeve Box wholesale & Factory Price","description":"Plastic Honeycomb Coaming Sleeve Box, Dimensions(L*W*H):2070 * 1150 mm, height can be customized, plastic gaylord box for sale","robots":{"index":"index","follow":"follow","max-snippet":"max-snippet:-1","max-image-preview":"max-image-preview:large","max-video-preview":"max-video-preview:-1"},"canonical":"https:\/\/www.plastic-crates.com\/tr\/urun\/foldable-plastic-pallet-honeycomb-coaming-sleeve-box\/","og_locale":"tr_TR","og_type":"article","og_title":"collapsible plastic pallet box fast supplier","og_description":"Plastic Honeycomb Coaming Sleeve Box, Dimensions(L*W*H):2070 * 1150 mm, height can be customized, plastic gaylord box for sale","og_url":"https:\/\/www.plastic-crates.com\/tr\/urun\/foldable-plastic-pallet-honeycomb-coaming-sleeve-box\/","og_site_name":"plastic-crates.com","article_modified_time":"2022-12-12T05:27:12+00:00","og_image":[{"width":800,"height":800,"url":"https:\/\/www.plastic-crates.com\/wp-content\/uploads\/2022\/12\/Foldable-Plastic-Pallet-Honeycomb-Coaming-Sleeve-Box-b.jpg","type":"image\/jpeg"}],"twitter_card":"summary_large_image","twitter_title":"collapsible plastic pallet box fast supplier","twitter_misc":{"Tahmini okuma s\u00fcresi":"1 dakika"},"schema":{"@context":"https:\/\/schema.org","@graph":[{"@type":"WebPage","@id":"https:\/\/www.plastic-crates.com\/product\/foldable-plastic-pallet-honeycomb-coaming-sleeve-box\/","url":"https:\/\/www.plastic-crates.com\/product\/foldable-plastic-pallet-honeycomb-coaming-sleeve-box\/","name":"plastic Honeycomb Coaming Sleeve Box wholesale & Factory Price","isPartOf":{"@id":"https:\/\/www.plastic-crates.com\/#website"},"primaryImageOfPage":{"@id":"https:\/\/www.plastic-crates.com\/product\/foldable-plastic-pallet-honeycomb-coaming-sleeve-box\/#primaryimage"},"image":{"@id":"https:\/\/www.plastic-crates.com\/product\/foldable-plastic-pallet-honeycomb-coaming-sleeve-box\/#primaryimage"},"thumbnailUrl":"https:\/\/www.plastic-crates.com\/wp-content\/uploads\/2022\/12\/Foldable-Plastic-Pallet-Honeycomb-Coaming-Sleeve-Box-b.jpg","datePublished":"2022-12-12T04:55:33+00:00","dateModified":"2022-12-12T05:27:12+00:00","description":"Plastic Honeycomb Coaming Sleeve Box, Dimensions(L*W*H):2070 * 1150 mm, height can be customized, plastic gaylord box for sale","breadcrumb":{"@id":"https:\/\/www.plastic-crates.com\/product\/foldable-plastic-pallet-honeycomb-coaming-sleeve-box\/#breadcrumb"},"inLanguage":"tr","potentialAction":[{"@type":"ReadAction","target":["https:\/\/www.plastic-crates.com\/product\/foldable-plastic-pallet-honeycomb-coaming-sleeve-box\/"]}]},{"@type":"ImageObject","inLanguage":"tr","@id":"https:\/\/www.plastic-crates.com\/product\/foldable-plastic-pallet-honeycomb-coaming-sleeve-box\/#primaryimage","url":"https:\/\/www.plastic-crates.com\/wp-content\/uploads\/2022\/12\/Foldable-Plastic-Pallet-Honeycomb-Coaming-Sleeve-Box-b.jpg","contentUrl":"https:\/\/www.plastic-crates.com\/wp-content\/uploads\/2022\/12\/Foldable-Plastic-Pallet-Honeycomb-Coaming-Sleeve-Box-b.jpg","width":800,"height":800,"caption":"Foldable Plastic Pallet Honeycomb Coaming Sleeve Box"},{"@type":"BreadcrumbList","@id":"https:\/\/www.plastic-crates.com\/product\/foldable-plastic-pallet-honeycomb-coaming-sleeve-box\/#breadcrumb","itemListElement":[{"@type":"ListItem","position":1,"name":"Home","item":"https:\/\/www.plastic-crates.com\/"},{"@type":"ListItem","position":2,"name":"Products","item":"https:\/\/www.plastic-crates.com\/shop\/"},{"@type":"ListItem","position":3,"name":"Foldable Plastic Pallet Honeycomb Coaming Sleeve Box"}]},{"@type":"WebSite","@id":"https:\/\/www.plastic-crates.com\/#website","url":"https:\/\/www.plastic-crates.com\/","name":"plastic-crates.com","description":"\u00c7in&#039;in \u00f6nde gelen plastik kasa \u00fcreticisi","potentialAction":[{"@type":"SearchAction","target":{"@type":"EntryPoint","urlTemplate":"https:\/\/www.plastic-crates.com\/?s={search_term_string}"},"query-input":{"@type":"PropertyValueSpecification","valueRequired":true,"valueName":"search_term_string"}}],"inLanguage":"tr"}]}},"_links":{"self":[{"href":"https:\/\/www.plastic-crates.com\/tr\/wp-json\/wp\/v2\/product\/7200","targetHints":{"allow":["GET"]}}],"collection":[{"href":"https:\/\/www.plastic-crates.com\/tr\/wp-json\/wp\/v2\/product"}],"about":[{"href":"https:\/\/www.plastic-crates.com\/tr\/wp-json\/wp\/v2\/types\/product"}],"wp:featuredmedia":[{"embeddable":true,"href":"https:\/\/www.plastic-crates.com\/tr\/wp-json\/wp\/v2\/media\/7209"}],"wp:attachment":[{"href":"https:\/\/www.plastic-crates.com\/tr\/wp-json\/wp\/v2\/media?parent=7200"}],"wp:term":[{"taxonomy":"product_brand","embeddable":true,"href":"https:\/\/www.plastic-crates.com\/tr\/wp-json\/wp\/v2\/product_brand?post=7200"},{"taxonomy":"product_cat","embeddable":true,"href":"https:\/\/www.plastic-crates.com\/tr\/wp-json\/wp\/v2\/product_cat?post=7200"},{"taxonomy":"product_tag","embeddable":true,"href":"https:\/\/www.plastic-crates.com\/tr\/wp-json\/wp\/v2\/product_tag?post=7200"}],"curies":[{"name":"wp","href":"https:\/\/api.w.org\/{rel}","templated":true}]}}