{"id":7270,"date":"2023-10-29T14:41:52","date_gmt":"2023-10-29T14:41:52","guid":{"rendered":"https:\/\/www.plastic-crates.com\/?post_type=product&#038;p=7270"},"modified":"2025-01-15T04:34:18","modified_gmt":"2025-01-15T04:34:18","slug":"33l-clear-plastic-storage-totes-clear-plastic-storage-container","status":"publish","type":"product","link":"https:\/\/www.plastic-crates.com\/tr\/urun\/33l-clear-plastic-storage-totes-clear-plastic-storage-container\/","title":{"rendered":"33L \u015feffaf plastik saklama kaplar\u0131, \u015feffaf plastik saklama kab\u0131"},"content":{"rendered":"<p>\u015eeffaf tasar\u0131m\u0131 sayesinde kapa\u011f\u0131 a\u00e7madan i\u00e7indekilere bakabilirsiniz. \u00dcst \u00fcste konulabilir tasar\u0131m\u0131 sayesinde birden fazla kab\u0131 bir arada kullanarak eksiksiz bir depolama sistemi olu\u015fturabilirsiniz.<\/p>\n<h4>Clear plastic containers features<\/h4>\n<ul>\n<li>Bu saklama kutular\u0131yla oyun odalar\u0131n\u0131, yatak odalar\u0131n\u0131 ve dolaplar\u0131 d\u00fczenli tutun<\/li>\n<li>\u015eeffaf plastik taban ve kapak, i\u00e7eri\u011fin kolayca tan\u0131mlanmas\u0131na yard\u0131mc\u0131 olur<\/li>\n<li>Mandal, belgeleri g\u00fcvence alt\u0131na almak i\u00e7in kolayca yerine oturur<\/li>\n<li>Di\u011fer Stack &amp; Pull kutular\u0131yla istiflenebilir<\/li>\n<\/ul>\n<p><img loading=\"lazy\" decoding=\"async\" class=\"alignnone size-full wp-image-5038\" src=\"https:\/\/cdn.plastic-crates.com\/wp-content\/uploads\/2022\/08\/12L-clear-plastic-containers-detail-1.jpg\" alt=\"12L clear plastic containers detail\" width=\"750\" height=\"1059\" \/><\/p>\n<p>&nbsp;<\/p>\n<p><img loading=\"lazy\" decoding=\"async\" class=\"alignnone size-full wp-image-5040\" src=\"https:\/\/cdn.plastic-crates.com\/wp-content\/uploads\/2022\/08\/12L-clear-plastic-containers-shipping.jpg\" alt=\"12L \u015feffaf plastik kaplar\u0131n nakliye detaylar\u0131\" width=\"750\" height=\"1039\" \/><\/p>","protected":false},"excerpt":{"rendered":"<p><a href=\"https:\/\/www.dollymoving.com\/\">dolly for material handling<\/a><\/p>","protected":false},"featured_media":7290,"template":"","meta":{"_acf_changed":false},"product_brand":[],"product_cat":[140],"product_tag":[],"class_list":{"0":"post-7270","1":"product","2":"type-product","3":"status-publish","4":"has-post-thumbnail","6":"product_cat-clear-plastic-totes","8":"first","9":"instock","10":"shipping-taxable","11":"product-type-simple"},"acf":[],"yoast_head":"<!-- This site is optimized with the Yoast SEO plugin v26.1.1 - https:\/\/yoast.com\/wordpress\/plugins\/seo\/ -->\n<title>33L clear plastic storage totes, clear plastic storage container - plastic-crates.com<\/title>\n<meta name=\"description\" content=\"Wholesale 33L clear plastic storage totes, clear plastic storage container with handle, cheap clear storage totes supplier\" \/>\n<meta name=\"robots\" content=\"index, follow, max-snippet:-1, max-image-preview:large, max-video-preview:-1\" \/>\n<link rel=\"canonical\" href=\"https:\/\/www.plastic-crates.com\/tr\/urun\/33l-clear-plastic-storage-totes-clear-plastic-storage-container\/\" \/>\n<meta property=\"og:locale\" content=\"tr_TR\" \/>\n<meta property=\"og:type\" content=\"article\" \/>\n<meta property=\"og:title\" content=\"33L clear plastic storage totes, clear plastic storage container - plastic-crates.com\" \/>\n<meta property=\"og:description\" content=\"Wholesale 33L clear plastic storage totes, clear plastic storage container with handle, cheap clear storage totes supplier\" \/>\n<meta property=\"og:url\" content=\"https:\/\/www.plastic-crates.com\/tr\/urun\/33l-clear-plastic-storage-totes-clear-plastic-storage-container\/\" \/>\n<meta property=\"og:site_name\" content=\"plastic-crates.com\" \/>\n<meta property=\"article:modified_time\" content=\"2025-01-15T04:34:18+00:00\" \/>\n<meta property=\"og:image\" content=\"https:\/\/www.plastic-crates.com\/wp-content\/uploads\/2023\/10\/33L-clear-plastic-storage-totes-1.jpg\" \/>\n\t<meta property=\"og:image:width\" content=\"820\" \/>\n\t<meta property=\"og:image:height\" content=\"650\" \/>\n\t<meta property=\"og:image:type\" content=\"image\/jpeg\" \/>\n<meta name=\"twitter:card\" content=\"summary_large_image\" \/>\n<meta name=\"twitter:label1\" content=\"Tahmini okuma s\u00fcresi\" \/>\n\t<meta name=\"twitter:data1\" content=\"1 dakika\" \/>\n<script type=\"application\/ld+json\" class=\"yoast-schema-graph\">{\"@context\":\"https:\/\/schema.org\",\"@graph\":[{\"@type\":\"WebPage\",\"@id\":\"https:\/\/www.plastic-crates.com\/product\/33l-clear-plastic-storage-totes-clear-plastic-storage-container\/\",\"url\":\"https:\/\/www.plastic-crates.com\/product\/33l-clear-plastic-storage-totes-clear-plastic-storage-container\/\",\"name\":\"33L clear plastic storage totes, clear plastic storage container - plastic-crates.com\",\"isPartOf\":{\"@id\":\"https:\/\/www.plastic-crates.com\/#website\"},\"primaryImageOfPage\":{\"@id\":\"https:\/\/www.plastic-crates.com\/product\/33l-clear-plastic-storage-totes-clear-plastic-storage-container\/#primaryimage\"},\"image\":{\"@id\":\"https:\/\/www.plastic-crates.com\/product\/33l-clear-plastic-storage-totes-clear-plastic-storage-container\/#primaryimage\"},\"thumbnailUrl\":\"https:\/\/www.plastic-crates.com\/wp-content\/uploads\/2023\/10\/33L-clear-plastic-storage-totes-1.jpg\",\"datePublished\":\"2023-10-29T14:41:52+00:00\",\"dateModified\":\"2025-01-15T04:34:18+00:00\",\"description\":\"Wholesale 33L clear plastic storage totes, clear plastic storage container with handle, cheap clear storage totes supplier\",\"breadcrumb\":{\"@id\":\"https:\/\/www.plastic-crates.com\/product\/33l-clear-plastic-storage-totes-clear-plastic-storage-container\/#breadcrumb\"},\"inLanguage\":\"tr\",\"potentialAction\":[{\"@type\":\"ReadAction\",\"target\":[\"https:\/\/www.plastic-crates.com\/product\/33l-clear-plastic-storage-totes-clear-plastic-storage-container\/\"]}]},{\"@type\":\"ImageObject\",\"inLanguage\":\"tr\",\"@id\":\"https:\/\/www.plastic-crates.com\/product\/33l-clear-plastic-storage-totes-clear-plastic-storage-container\/#primaryimage\",\"url\":\"https:\/\/www.plastic-crates.com\/wp-content\/uploads\/2023\/10\/33L-clear-plastic-storage-totes-1.jpg\",\"contentUrl\":\"https:\/\/www.plastic-crates.com\/wp-content\/uploads\/2023\/10\/33L-clear-plastic-storage-totes-1.jpg\",\"width\":820,\"height\":650},{\"@type\":\"BreadcrumbList\",\"@id\":\"https:\/\/www.plastic-crates.com\/product\/33l-clear-plastic-storage-totes-clear-plastic-storage-container\/#breadcrumb\",\"itemListElement\":[{\"@type\":\"ListItem\",\"position\":1,\"name\":\"Home\",\"item\":\"https:\/\/www.plastic-crates.com\/\"},{\"@type\":\"ListItem\",\"position\":2,\"name\":\"Products\",\"item\":\"https:\/\/www.plastic-crates.com\/shop\/\"},{\"@type\":\"ListItem\",\"position\":3,\"name\":\"33L clear plastic storage totes, clear plastic storage container\"}]},{\"@type\":\"WebSite\",\"@id\":\"https:\/\/www.plastic-crates.com\/#website\",\"url\":\"https:\/\/www.plastic-crates.com\/\",\"name\":\"plastic-crates.com\",\"description\":\"Leading plastic crates manufacturer in China\",\"potentialAction\":[{\"@type\":\"SearchAction\",\"target\":{\"@type\":\"EntryPoint\",\"urlTemplate\":\"https:\/\/www.plastic-crates.com\/?s={search_term_string}\"},\"query-input\":{\"@type\":\"PropertyValueSpecification\",\"valueRequired\":true,\"valueName\":\"search_term_string\"}}],\"inLanguage\":\"tr\"}]}<\/script>\n<!-- \/ Yoast SEO plugin. -->","yoast_head_json":{"title":"33L clear plastic storage totes, clear plastic storage container - plastic-crates.com","description":"Wholesale 33L clear plastic storage totes, clear plastic storage container with handle, cheap clear storage totes supplier","robots":{"index":"index","follow":"follow","max-snippet":"max-snippet:-1","max-image-preview":"max-image-preview:large","max-video-preview":"max-video-preview:-1"},"canonical":"https:\/\/www.plastic-crates.com\/tr\/urun\/33l-clear-plastic-storage-totes-clear-plastic-storage-container\/","og_locale":"tr_TR","og_type":"article","og_title":"33L clear plastic storage totes, clear plastic storage container - plastic-crates.com","og_description":"Wholesale 33L clear plastic storage totes, clear plastic storage container with handle, cheap clear storage totes supplier","og_url":"https:\/\/www.plastic-crates.com\/tr\/urun\/33l-clear-plastic-storage-totes-clear-plastic-storage-container\/","og_site_name":"plastic-crates.com","article_modified_time":"2025-01-15T04:34:18+00:00","og_image":[{"width":820,"height":650,"url":"https:\/\/www.plastic-crates.com\/wp-content\/uploads\/2023\/10\/33L-clear-plastic-storage-totes-1.jpg","type":"image\/jpeg"}],"twitter_card":"summary_large_image","twitter_misc":{"Tahmini okuma s\u00fcresi":"1 dakika"},"schema":{"@context":"https:\/\/schema.org","@graph":[{"@type":"WebPage","@id":"https:\/\/www.plastic-crates.com\/product\/33l-clear-plastic-storage-totes-clear-plastic-storage-container\/","url":"https:\/\/www.plastic-crates.com\/product\/33l-clear-plastic-storage-totes-clear-plastic-storage-container\/","name":"33L clear plastic storage totes, clear plastic storage container - plastic-crates.com","isPartOf":{"@id":"https:\/\/www.plastic-crates.com\/#website"},"primaryImageOfPage":{"@id":"https:\/\/www.plastic-crates.com\/product\/33l-clear-plastic-storage-totes-clear-plastic-storage-container\/#primaryimage"},"image":{"@id":"https:\/\/www.plastic-crates.com\/product\/33l-clear-plastic-storage-totes-clear-plastic-storage-container\/#primaryimage"},"thumbnailUrl":"https:\/\/www.plastic-crates.com\/wp-content\/uploads\/2023\/10\/33L-clear-plastic-storage-totes-1.jpg","datePublished":"2023-10-29T14:41:52+00:00","dateModified":"2025-01-15T04:34:18+00:00","description":"Wholesale 33L clear plastic storage totes, clear plastic storage container with handle, cheap clear storage totes supplier","breadcrumb":{"@id":"https:\/\/www.plastic-crates.com\/product\/33l-clear-plastic-storage-totes-clear-plastic-storage-container\/#breadcrumb"},"inLanguage":"tr","potentialAction":[{"@type":"ReadAction","target":["https:\/\/www.plastic-crates.com\/product\/33l-clear-plastic-storage-totes-clear-plastic-storage-container\/"]}]},{"@type":"ImageObject","inLanguage":"tr","@id":"https:\/\/www.plastic-crates.com\/product\/33l-clear-plastic-storage-totes-clear-plastic-storage-container\/#primaryimage","url":"https:\/\/www.plastic-crates.com\/wp-content\/uploads\/2023\/10\/33L-clear-plastic-storage-totes-1.jpg","contentUrl":"https:\/\/www.plastic-crates.com\/wp-content\/uploads\/2023\/10\/33L-clear-plastic-storage-totes-1.jpg","width":820,"height":650},{"@type":"BreadcrumbList","@id":"https:\/\/www.plastic-crates.com\/product\/33l-clear-plastic-storage-totes-clear-plastic-storage-container\/#breadcrumb","itemListElement":[{"@type":"ListItem","position":1,"name":"Home","item":"https:\/\/www.plastic-crates.com\/"},{"@type":"ListItem","position":2,"name":"Products","item":"https:\/\/www.plastic-crates.com\/shop\/"},{"@type":"ListItem","position":3,"name":"33L clear plastic storage totes, clear plastic storage container"}]},{"@type":"WebSite","@id":"https:\/\/www.plastic-crates.com\/#website","url":"https:\/\/www.plastic-crates.com\/","name":"plastic-crates.com","description":"\u00c7in&#039;in \u00f6nde gelen plastik kasa \u00fcreticisi","potentialAction":[{"@type":"SearchAction","target":{"@type":"EntryPoint","urlTemplate":"https:\/\/www.plastic-crates.com\/?s={search_term_string}"},"query-input":{"@type":"PropertyValueSpecification","valueRequired":true,"valueName":"search_term_string"}}],"inLanguage":"tr"}]}},"_links":{"self":[{"href":"https:\/\/www.plastic-crates.com\/tr\/wp-json\/wp\/v2\/product\/7270","targetHints":{"allow":["GET"]}}],"collection":[{"href":"https:\/\/www.plastic-crates.com\/tr\/wp-json\/wp\/v2\/product"}],"about":[{"href":"https:\/\/www.plastic-crates.com\/tr\/wp-json\/wp\/v2\/types\/product"}],"wp:featuredmedia":[{"embeddable":true,"href":"https:\/\/www.plastic-crates.com\/tr\/wp-json\/wp\/v2\/media\/7290"}],"wp:attachment":[{"href":"https:\/\/www.plastic-crates.com\/tr\/wp-json\/wp\/v2\/media?parent=7270"}],"wp:term":[{"taxonomy":"product_brand","embeddable":true,"href":"https:\/\/www.plastic-crates.com\/tr\/wp-json\/wp\/v2\/product_brand?post=7270"},{"taxonomy":"product_cat","embeddable":true,"href":"https:\/\/www.plastic-crates.com\/tr\/wp-json\/wp\/v2\/product_cat?post=7270"},{"taxonomy":"product_tag","embeddable":true,"href":"https:\/\/www.plastic-crates.com\/tr\/wp-json\/wp\/v2\/product_tag?post=7270"}],"curies":[{"name":"wp","href":"https:\/\/api.w.org\/{rel}","templated":true}]}}