{"id":7277,"date":"2023-10-29T14:41:53","date_gmt":"2023-10-29T14:41:53","guid":{"rendered":"https:\/\/www.plastic-crates.com\/?post_type=product&#038;p=7277"},"modified":"2023-11-24T03:08:07","modified_gmt":"2023-11-24T03:08:07","slug":"128l-extra-large-clear-plastic-storage-containers-with-lids","status":"publish","type":"product","link":"https:\/\/www.plastic-crates.com\/tr\/urun\/128l-extra-large-clear-plastic-storage-containers-with-lids\/","title":{"rendered":"Kapakl\u0131 128L Ekstra B\u00fcy\u00fck \u015eeffaf Plastik Saklama Kaplar\u0131"},"content":{"rendered":"<p>\u015eeffaf tasar\u0131m\u0131 sayesinde kapa\u011f\u0131 a\u00e7madan i\u00e7indekilere bakabilirsiniz. \u00dcst \u00fcste konulabilir tasar\u0131m\u0131 sayesinde birden fazla kab\u0131 bir arada kullanarak eksiksiz bir depolama sistemi olu\u015fturabilirsiniz.<\/p>\n<div style=\"width: 960px;\" class=\"wp-video\"><!--[if lt IE 9]><script>document.createElement('video');<\/script><![endif]-->\n<video class=\"wp-video-shortcode\" id=\"video-7277-1\" width=\"960\" height=\"540\" preload=\"metadata\" controls=\"controls\"><source type=\"video\/mp4\" src=\"https:\/\/cdn.plastic-crates.com\/wp-content\/uploads\/2022\/08\/90L-clear-plastic-storage-box-with-wheels-and-handle.mp4?_=1\" \/><a href=\"https:\/\/cdn.plastic-crates.com\/wp-content\/uploads\/2022\/08\/90L-clear-plastic-storage-box-with-wheels-and-handle.mp4\">https:\/\/cdn.plastic-crates.com\/wp-content\/uploads\/2022\/08\/90L-clear-plastic-storage-box-with-wheels-and-handle.mp4<\/a><\/video><\/div>\n<h4>Extra Large Clear Plastic Storage containers with Lids feature<\/h4>\n<ul>\n<li>Bu saklama kutular\u0131yla oyun odalar\u0131n\u0131, yatak odalar\u0131n\u0131 ve dolaplar\u0131 d\u00fczenli tutun<\/li>\n<li>\u015eeffaf plastik taban ve kapak, i\u00e7eri\u011fin kolayca tan\u0131mlanmas\u0131na yard\u0131mc\u0131 olur<\/li>\n<li>Mandal, belgeleri g\u00fcvence alt\u0131na almak i\u00e7in kolayca yerine oturur<\/li>\n<li>Di\u011fer Stack &amp; Pull kutular\u0131yla istiflenebilir<\/li>\n<\/ul>\n<p><img loading=\"lazy\" decoding=\"async\" class=\"alignnone size-full wp-image-5133\" src=\"https:\/\/cdn.plastic-crates.com\/wp-content\/uploads\/2022\/08\/90L-clear-plastic-storage-box-with-wheels-and-handle-detail.jpg\" alt=\"Tekerlekli ve sapl\u0131 90L \u015feffaf plastik saklama kutusu\" width=\"750\" height=\"1004\" \/><\/p>\n<div class=\"content content-eight\">\n<div class=\"content content-eight\">\n<div class=\"content content-eight\">\n<h3><\/h3>\n<\/div>\n<div class=\"content content-ten\">\n<h3><\/h3>\n<\/div>\n<\/div>\n<h3 id=\"text9\"><img loading=\"lazy\" decoding=\"async\" class=\"alignnone size-full wp-image-5040\" style=\"font-size: 16px;\" src=\"https:\/\/cdn.plastic-crates.com\/wp-content\/uploads\/2022\/08\/12L-clear-plastic-containers-shipping.jpg\" alt=\"12L \u015feffaf plastik kaplar\u0131n nakliye detaylar\u0131\" width=\"750\" height=\"1039\" \/><\/h3>\n<\/div>","protected":false},"excerpt":{"rendered":"<p><a href=\"https:\/\/www.panosupplier.com\/suppliers\/corrugated-plastic-totes\">\u00f6zel oluklu plastik kap<\/a>, <a href=\"https:\/\/www.plastic-crate.co.uk\/product-category\/supermarket-crates-bale-arm-crates\/\" target=\"_blank\" rel=\"noopener\">sat\u0131l\u0131k s\u00fcpermarket plastik kasalar\u0131<\/a>, <a href=\"https:\/\/www.vegcrates.com\/product-category\/vegetable-harvest-crates\/\" target=\"_blank\" rel=\"noopener\">vegetable plastic crates<\/a><\/p>","protected":false},"featured_media":7332,"template":"","meta":{"_acf_changed":false},"product_brand":[],"product_cat":[140],"product_tag":[],"class_list":{"0":"post-7277","1":"product","2":"type-product","3":"status-publish","4":"has-post-thumbnail","6":"product_cat-clear-plastic-totes","8":"first","9":"instock","10":"shipping-taxable","11":"product-type-simple"},"acf":[],"yoast_head":"<!-- This site is optimized with the Yoast SEO plugin v26.1.1 - https:\/\/yoast.com\/wordpress\/plugins\/seo\/ -->\n<title>128L Extra Large Clear Plastic Storage containers with Lids wholesale<\/title>\n<meta name=\"description\" content=\"Wholesale 128L Extra Large Clear Plastic Storage containers with Lids, Extra Large storage containers on Wheels supplier.\" \/>\n<meta name=\"robots\" content=\"index, follow, max-snippet:-1, max-image-preview:large, max-video-preview:-1\" \/>\n<link rel=\"canonical\" href=\"https:\/\/www.plastic-crates.com\/tr\/urun\/128l-extra-large-clear-plastic-storage-containers-with-lids\/\" \/>\n<meta property=\"og:locale\" content=\"tr_TR\" \/>\n<meta property=\"og:type\" content=\"article\" \/>\n<meta property=\"og:title\" content=\"128L Extra Large Clear Plastic Storage containers with Lids wholesale\" \/>\n<meta property=\"og:description\" content=\"Wholesale 128L Extra Large Clear Plastic Storage containers with Lids, Extra Large storage containers on Wheels supplier.\" \/>\n<meta property=\"og:url\" content=\"https:\/\/www.plastic-crates.com\/tr\/urun\/128l-extra-large-clear-plastic-storage-containers-with-lids\/\" \/>\n<meta property=\"og:site_name\" content=\"plastic-crates.com\" \/>\n<meta property=\"article:modified_time\" content=\"2023-11-24T03:08:07+00:00\" \/>\n<meta property=\"og:image\" content=\"https:\/\/www.plastic-crates.com\/wp-content\/uploads\/2023\/10\/128L-Extra-Large-Clear-Plastic-Storage-containers-with-Lids-2.jpg\" \/>\n\t<meta property=\"og:image:width\" content=\"1000\" \/>\n\t<meta property=\"og:image:height\" content=\"1000\" \/>\n\t<meta property=\"og:image:type\" content=\"image\/jpeg\" \/>\n<meta name=\"twitter:card\" content=\"summary_large_image\" \/>\n<meta name=\"twitter:label1\" content=\"Tahmini okuma s\u00fcresi\" \/>\n\t<meta name=\"twitter:data1\" content=\"1 dakika\" \/>\n<script type=\"application\/ld+json\" class=\"yoast-schema-graph\">{\"@context\":\"https:\/\/schema.org\",\"@graph\":[{\"@type\":\"WebPage\",\"@id\":\"https:\/\/www.plastic-crates.com\/product\/128l-extra-large-clear-plastic-storage-containers-with-lids\/\",\"url\":\"https:\/\/www.plastic-crates.com\/product\/128l-extra-large-clear-plastic-storage-containers-with-lids\/\",\"name\":\"128L Extra Large Clear Plastic Storage containers with Lids wholesale\",\"isPartOf\":{\"@id\":\"https:\/\/www.plastic-crates.com\/#website\"},\"primaryImageOfPage\":{\"@id\":\"https:\/\/www.plastic-crates.com\/product\/128l-extra-large-clear-plastic-storage-containers-with-lids\/#primaryimage\"},\"image\":{\"@id\":\"https:\/\/www.plastic-crates.com\/product\/128l-extra-large-clear-plastic-storage-containers-with-lids\/#primaryimage\"},\"thumbnailUrl\":\"https:\/\/www.plastic-crates.com\/wp-content\/uploads\/2023\/10\/128L-Extra-Large-Clear-Plastic-Storage-containers-with-Lids-2.jpg\",\"datePublished\":\"2023-10-29T14:41:53+00:00\",\"dateModified\":\"2023-11-24T03:08:07+00:00\",\"description\":\"Wholesale 128L Extra Large Clear Plastic Storage containers with Lids, Extra Large storage containers on Wheels supplier.\",\"breadcrumb\":{\"@id\":\"https:\/\/www.plastic-crates.com\/product\/128l-extra-large-clear-plastic-storage-containers-with-lids\/#breadcrumb\"},\"inLanguage\":\"tr\",\"potentialAction\":[{\"@type\":\"ReadAction\",\"target\":[\"https:\/\/www.plastic-crates.com\/product\/128l-extra-large-clear-plastic-storage-containers-with-lids\/\"]}]},{\"@type\":\"ImageObject\",\"inLanguage\":\"tr\",\"@id\":\"https:\/\/www.plastic-crates.com\/product\/128l-extra-large-clear-plastic-storage-containers-with-lids\/#primaryimage\",\"url\":\"https:\/\/www.plastic-crates.com\/wp-content\/uploads\/2023\/10\/128L-Extra-Large-Clear-Plastic-Storage-containers-with-Lids-2.jpg\",\"contentUrl\":\"https:\/\/www.plastic-crates.com\/wp-content\/uploads\/2023\/10\/128L-Extra-Large-Clear-Plastic-Storage-containers-with-Lids-2.jpg\",\"width\":1000,\"height\":1000},{\"@type\":\"BreadcrumbList\",\"@id\":\"https:\/\/www.plastic-crates.com\/product\/128l-extra-large-clear-plastic-storage-containers-with-lids\/#breadcrumb\",\"itemListElement\":[{\"@type\":\"ListItem\",\"position\":1,\"name\":\"Home\",\"item\":\"https:\/\/www.plastic-crates.com\/\"},{\"@type\":\"ListItem\",\"position\":2,\"name\":\"Products\",\"item\":\"https:\/\/www.plastic-crates.com\/shop\/\"},{\"@type\":\"ListItem\",\"position\":3,\"name\":\"128L Extra Large Clear Plastic Storage containers with Lids\"}]},{\"@type\":\"WebSite\",\"@id\":\"https:\/\/www.plastic-crates.com\/#website\",\"url\":\"https:\/\/www.plastic-crates.com\/\",\"name\":\"plastic-crates.com\",\"description\":\"Leading plastic crates manufacturer in China\",\"potentialAction\":[{\"@type\":\"SearchAction\",\"target\":{\"@type\":\"EntryPoint\",\"urlTemplate\":\"https:\/\/www.plastic-crates.com\/?s={search_term_string}\"},\"query-input\":{\"@type\":\"PropertyValueSpecification\",\"valueRequired\":true,\"valueName\":\"search_term_string\"}}],\"inLanguage\":\"tr\"}]}<\/script>\n<!-- \/ Yoast SEO plugin. -->","yoast_head_json":{"title":"128L Extra Large Clear Plastic Storage containers with Lids wholesale","description":"Wholesale 128L Extra Large Clear Plastic Storage containers with Lids, Extra Large storage containers on Wheels supplier.","robots":{"index":"index","follow":"follow","max-snippet":"max-snippet:-1","max-image-preview":"max-image-preview:large","max-video-preview":"max-video-preview:-1"},"canonical":"https:\/\/www.plastic-crates.com\/tr\/urun\/128l-extra-large-clear-plastic-storage-containers-with-lids\/","og_locale":"tr_TR","og_type":"article","og_title":"128L Extra Large Clear Plastic Storage containers with Lids wholesale","og_description":"Wholesale 128L Extra Large Clear Plastic Storage containers with Lids, Extra Large storage containers on Wheels supplier.","og_url":"https:\/\/www.plastic-crates.com\/tr\/urun\/128l-extra-large-clear-plastic-storage-containers-with-lids\/","og_site_name":"plastic-crates.com","article_modified_time":"2023-11-24T03:08:07+00:00","og_image":[{"width":1000,"height":1000,"url":"https:\/\/www.plastic-crates.com\/wp-content\/uploads\/2023\/10\/128L-Extra-Large-Clear-Plastic-Storage-containers-with-Lids-2.jpg","type":"image\/jpeg"}],"twitter_card":"summary_large_image","twitter_misc":{"Tahmini okuma s\u00fcresi":"1 dakika"},"schema":{"@context":"https:\/\/schema.org","@graph":[{"@type":"WebPage","@id":"https:\/\/www.plastic-crates.com\/product\/128l-extra-large-clear-plastic-storage-containers-with-lids\/","url":"https:\/\/www.plastic-crates.com\/product\/128l-extra-large-clear-plastic-storage-containers-with-lids\/","name":"128L Extra Large Clear Plastic Storage containers with Lids wholesale","isPartOf":{"@id":"https:\/\/www.plastic-crates.com\/#website"},"primaryImageOfPage":{"@id":"https:\/\/www.plastic-crates.com\/product\/128l-extra-large-clear-plastic-storage-containers-with-lids\/#primaryimage"},"image":{"@id":"https:\/\/www.plastic-crates.com\/product\/128l-extra-large-clear-plastic-storage-containers-with-lids\/#primaryimage"},"thumbnailUrl":"https:\/\/www.plastic-crates.com\/wp-content\/uploads\/2023\/10\/128L-Extra-Large-Clear-Plastic-Storage-containers-with-Lids-2.jpg","datePublished":"2023-10-29T14:41:53+00:00","dateModified":"2023-11-24T03:08:07+00:00","description":"Wholesale 128L Extra Large Clear Plastic Storage containers with Lids, Extra Large storage containers on Wheels supplier.","breadcrumb":{"@id":"https:\/\/www.plastic-crates.com\/product\/128l-extra-large-clear-plastic-storage-containers-with-lids\/#breadcrumb"},"inLanguage":"tr","potentialAction":[{"@type":"ReadAction","target":["https:\/\/www.plastic-crates.com\/product\/128l-extra-large-clear-plastic-storage-containers-with-lids\/"]}]},{"@type":"ImageObject","inLanguage":"tr","@id":"https:\/\/www.plastic-crates.com\/product\/128l-extra-large-clear-plastic-storage-containers-with-lids\/#primaryimage","url":"https:\/\/www.plastic-crates.com\/wp-content\/uploads\/2023\/10\/128L-Extra-Large-Clear-Plastic-Storage-containers-with-Lids-2.jpg","contentUrl":"https:\/\/www.plastic-crates.com\/wp-content\/uploads\/2023\/10\/128L-Extra-Large-Clear-Plastic-Storage-containers-with-Lids-2.jpg","width":1000,"height":1000},{"@type":"BreadcrumbList","@id":"https:\/\/www.plastic-crates.com\/product\/128l-extra-large-clear-plastic-storage-containers-with-lids\/#breadcrumb","itemListElement":[{"@type":"ListItem","position":1,"name":"Home","item":"https:\/\/www.plastic-crates.com\/"},{"@type":"ListItem","position":2,"name":"Products","item":"https:\/\/www.plastic-crates.com\/shop\/"},{"@type":"ListItem","position":3,"name":"128L Extra Large Clear Plastic Storage containers with Lids"}]},{"@type":"WebSite","@id":"https:\/\/www.plastic-crates.com\/#website","url":"https:\/\/www.plastic-crates.com\/","name":"plastic-crates.com","description":"\u00c7in&#039;in \u00f6nde gelen plastik kasa \u00fcreticisi","potentialAction":[{"@type":"SearchAction","target":{"@type":"EntryPoint","urlTemplate":"https:\/\/www.plastic-crates.com\/?s={search_term_string}"},"query-input":{"@type":"PropertyValueSpecification","valueRequired":true,"valueName":"search_term_string"}}],"inLanguage":"tr"}]}},"_links":{"self":[{"href":"https:\/\/www.plastic-crates.com\/tr\/wp-json\/wp\/v2\/product\/7277","targetHints":{"allow":["GET"]}}],"collection":[{"href":"https:\/\/www.plastic-crates.com\/tr\/wp-json\/wp\/v2\/product"}],"about":[{"href":"https:\/\/www.plastic-crates.com\/tr\/wp-json\/wp\/v2\/types\/product"}],"wp:featuredmedia":[{"embeddable":true,"href":"https:\/\/www.plastic-crates.com\/tr\/wp-json\/wp\/v2\/media\/7332"}],"wp:attachment":[{"href":"https:\/\/www.plastic-crates.com\/tr\/wp-json\/wp\/v2\/media?parent=7277"}],"wp:term":[{"taxonomy":"product_brand","embeddable":true,"href":"https:\/\/www.plastic-crates.com\/tr\/wp-json\/wp\/v2\/product_brand?post=7277"},{"taxonomy":"product_cat","embeddable":true,"href":"https:\/\/www.plastic-crates.com\/tr\/wp-json\/wp\/v2\/product_cat?post=7277"},{"taxonomy":"product_tag","embeddable":true,"href":"https:\/\/www.plastic-crates.com\/tr\/wp-json\/wp\/v2\/product_tag?post=7277"}],"curies":[{"name":"wp","href":"https:\/\/api.w.org\/{rel}","templated":true}]}}