{"id":7343,"date":"2023-11-26T07:59:05","date_gmt":"2023-11-26T07:59:05","guid":{"rendered":"https:\/\/www.plastic-crates.com\/?post_type=product&#038;p=7343"},"modified":"2023-11-26T08:19:13","modified_gmt":"2023-11-26T08:19:13","slug":"bahce-icin-dikim-kutulari-bahce-ekici-kutusu","status":"publish","type":"product","link":"https:\/\/www.plastic-crates.com\/tr\/urun\/bahce-icin-dikim-kutulari-bahce-ekici-kutusu\/","title":{"rendered":"Bah\u00e7e saks\u0131 kutusu, bah\u00e7e i\u00e7in ekim kutular\u0131"},"content":{"rendered":"<p>Tan\u0131t\u0131m\u0131m\u0131z <strong>Bah\u00e7e saks\u0131 kutusu<\/strong> \u2013 Parmaklar\u0131n\u0131z\u0131n ucunda canl\u0131 bir bah\u00e7e yeti\u015ftirmek i\u00e7in stil ve i\u015flevselli\u011fin m\u00fckemmel birle\u015fimi. Bah\u00e7ecilik deneyiminizi geli\u015ftirmek i\u00e7in tasarlanan bu dikim bah\u00e7e kutular\u0131, bitki, \u00e7i\u00e7ek veya sebze yeti\u015ftirmek i\u00e7in kullan\u0131\u015fl\u0131 ve estetik bir \u00e7\u00f6z\u00fcm sunar.<\/p>\n<p><strong>Dayan\u0131kl\u0131 Yap\u0131<\/strong><\/p>\n<p>Hava ko\u015fullar\u0131na dayan\u0131kl\u0131 ve s\u00fcrd\u00fcr\u00fclebilir malzemelerden \u00fcretilen bu bah\u00e7e kutular\u0131, yap\u0131sal b\u00fct\u00fcnl\u00fc\u011f\u00fcn\u00fc korurken hava ko\u015fullar\u0131na dayanacak \u015fekilde \u00fcretilmi\u015ftir. Bah\u00e7e yat\u0131r\u0131m\u0131n\u0131z her mevsim korunur.<\/p>\n<p><strong>\u00d6zelle\u015ftirilebilir D\u00fczen<\/strong><\/p>\n<p>Mod\u00fcler tasar\u0131m, birden fazla Bah\u00e7e saks\u0131 kutusunun kolayca yap\u0131land\u0131r\u0131lmas\u0131na olanak tan\u0131yarak ki\u015fiselle\u015ftirilmi\u015f bir bah\u00e7e d\u00fczeni olu\u015fturman\u0131za olanak tan\u0131r. Alan\u0131n\u0131za ve estetik tercihlerinize uygun farkl\u0131 d\u00fczenlemeler deneyin.<\/p>\n<p><strong>Dahili Drenaj<\/strong><\/p>\n<p>Her kutu, a\u015f\u0131r\u0131 sulamay\u0131 \u00f6nlemek ve sa\u011fl\u0131kl\u0131 k\u00f6k sistemlerini desteklemek i\u00e7in dahili drenajla donat\u0131lm\u0131\u015ft\u0131r. Durgun suya veda edin ve canl\u0131, geli\u015fen bitkilere merhaba deyin.<\/p>\n<p><strong>\u00c7ok Y\u00f6nl\u00fc Dikim<\/strong><\/p>\n<p>Mutfak bitkilerinden canl\u0131 \u00e7i\u00e7eklere veya taze sebzelere kadar \u00e7e\u015fitli bitkiler i\u00e7in uygun olan Bah\u00e7e Dikim Kutular\u0131m\u0131z, bah\u00e7ecilik hayallerinizi kar\u015f\u0131lar. Kendi \u00fcr\u00fcnlerinizi yeti\u015ftirin veya \u00e7i\u00e7ek a\u00e7an bir cennet yarat\u0131n; olas\u0131l\u0131klar sonsuzdur.<\/p>\n<p>Ba\u015fvuru:<\/p>\n<p><strong>balkon saks\u0131 kutusu<\/strong><\/p>\n<p><strong><span data-spm-anchor-id=\"a2700.details.0.i89.49366eb2tVqa9e\">Saks\u0131 Yeti\u015ftirme Kutusu<\/span><\/strong><\/p>\n<p>&nbsp;<\/p>\n<p><a href=\"https:\/\/www.plastic-crates.com\/tr\/urun-kategori\/kapakli-cantalar\/\" target=\"_blank\" rel=\"noopener\">kapakl\u0131 tote<\/a>, <a href=\"https:\/\/www.plastic-crate.co.uk\/product-category\/plastic-trays\/\" target=\"_blank\" rel=\"noopener\">\u00f6zel plastik tepsi \u00fcreticileri<\/a>,<a href=\"https:\/\/www.poolteststrip.com\/product-category\/ph-test-strips\/\" target=\"_blank\" rel=\"noopener\">pH seviyesi \u015feritleri testi<\/a><\/p>","protected":false},"excerpt":{"rendered":"<p>Introducing our Garden planter box \u2013 the perfect fusion of style and functionality for cultivating a thriving garden right at&hellip;<\/p>","protected":false},"featured_media":7348,"template":"","meta":{"_acf_changed":false},"product_brand":[],"product_cat":[68],"product_tag":[],"class_list":{"0":"post-7343","1":"product","2":"type-product","3":"status-publish","4":"has-post-thumbnail","6":"product_cat-uncategorized","8":"first","9":"instock","10":"shipping-taxable","11":"product-type-simple"},"acf":[],"yoast_head":"<!-- This site is optimized with the Yoast SEO plugin v26.1.1 - https:\/\/yoast.com\/wordpress\/plugins\/seo\/ -->\n<title>Garden planter box, planting boxes for garden - plastic-crates.com<\/title>\n<meta name=\"description\" content=\"Wholesale Garden planter box, planting boxes for garden, cheap planter boxes for gardensupplier, planting garden boxes distributor\" \/>\n<meta name=\"robots\" content=\"index, follow, max-snippet:-1, max-image-preview:large, max-video-preview:-1\" \/>\n<link rel=\"canonical\" href=\"https:\/\/www.plastic-crates.com\/tr\/urun\/bahce-icin-dikim-kutulari-bahce-ekici-kutusu\/\" \/>\n<meta property=\"og:locale\" content=\"tr_TR\" \/>\n<meta property=\"og:type\" content=\"article\" \/>\n<meta property=\"og:title\" content=\"Garden planter box, planting boxes for garden - plastic-crates.com\" \/>\n<meta property=\"og:description\" content=\"Wholesale Garden planter box, planting boxes for garden, cheap planter boxes for gardensupplier, planting garden boxes distributor\" \/>\n<meta property=\"og:url\" content=\"https:\/\/www.plastic-crates.com\/tr\/urun\/bahce-icin-dikim-kutulari-bahce-ekici-kutusu\/\" \/>\n<meta property=\"og:site_name\" content=\"plastic-crates.com\" \/>\n<meta property=\"article:modified_time\" content=\"2023-11-26T08:19:13+00:00\" \/>\n<meta property=\"og:image\" content=\"https:\/\/www.plastic-crates.com\/wp-content\/uploads\/2023\/11\/garden-planter-box-5.jpeg\" \/>\n\t<meta property=\"og:image:width\" content=\"696\" \/>\n\t<meta property=\"og:image:height\" content=\"624\" \/>\n\t<meta property=\"og:image:type\" content=\"image\/jpeg\" \/>\n<meta name=\"twitter:card\" content=\"summary_large_image\" \/>\n<meta name=\"twitter:label1\" content=\"Tahmini okuma s\u00fcresi\" \/>\n\t<meta name=\"twitter:data1\" content=\"1 dakika\" \/>\n<script type=\"application\/ld+json\" class=\"yoast-schema-graph\">{\"@context\":\"https:\/\/schema.org\",\"@graph\":[{\"@type\":\"WebPage\",\"@id\":\"https:\/\/www.plastic-crates.com\/product\/garden-planter-box-planting-boxes-for-garden\/\",\"url\":\"https:\/\/www.plastic-crates.com\/product\/garden-planter-box-planting-boxes-for-garden\/\",\"name\":\"Garden planter box, planting boxes for garden - plastic-crates.com\",\"isPartOf\":{\"@id\":\"https:\/\/www.plastic-crates.com\/#website\"},\"primaryImageOfPage\":{\"@id\":\"https:\/\/www.plastic-crates.com\/product\/garden-planter-box-planting-boxes-for-garden\/#primaryimage\"},\"image\":{\"@id\":\"https:\/\/www.plastic-crates.com\/product\/garden-planter-box-planting-boxes-for-garden\/#primaryimage\"},\"thumbnailUrl\":\"https:\/\/www.plastic-crates.com\/wp-content\/uploads\/2023\/11\/garden-planter-box-5.jpeg\",\"datePublished\":\"2023-11-26T07:59:05+00:00\",\"dateModified\":\"2023-11-26T08:19:13+00:00\",\"description\":\"Wholesale Garden planter box, planting boxes for garden, cheap planter boxes for gardensupplier, planting garden boxes distributor\",\"breadcrumb\":{\"@id\":\"https:\/\/www.plastic-crates.com\/product\/garden-planter-box-planting-boxes-for-garden\/#breadcrumb\"},\"inLanguage\":\"tr\",\"potentialAction\":[{\"@type\":\"ReadAction\",\"target\":[\"https:\/\/www.plastic-crates.com\/product\/garden-planter-box-planting-boxes-for-garden\/\"]}]},{\"@type\":\"ImageObject\",\"inLanguage\":\"tr\",\"@id\":\"https:\/\/www.plastic-crates.com\/product\/garden-planter-box-planting-boxes-for-garden\/#primaryimage\",\"url\":\"https:\/\/www.plastic-crates.com\/wp-content\/uploads\/2023\/11\/garden-planter-box-5.jpeg\",\"contentUrl\":\"https:\/\/www.plastic-crates.com\/wp-content\/uploads\/2023\/11\/garden-planter-box-5.jpeg\",\"width\":696,\"height\":624,\"caption\":\"planting boxes for garden\"},{\"@type\":\"BreadcrumbList\",\"@id\":\"https:\/\/www.plastic-crates.com\/product\/garden-planter-box-planting-boxes-for-garden\/#breadcrumb\",\"itemListElement\":[{\"@type\":\"ListItem\",\"position\":1,\"name\":\"Home\",\"item\":\"https:\/\/www.plastic-crates.com\/\"},{\"@type\":\"ListItem\",\"position\":2,\"name\":\"Products\",\"item\":\"https:\/\/www.plastic-crates.com\/shop\/\"},{\"@type\":\"ListItem\",\"position\":3,\"name\":\"Garden planter box, planting boxes for garden\"}]},{\"@type\":\"WebSite\",\"@id\":\"https:\/\/www.plastic-crates.com\/#website\",\"url\":\"https:\/\/www.plastic-crates.com\/\",\"name\":\"plastic-crates.com\",\"description\":\"Leading plastic crates manufacturer in China\",\"potentialAction\":[{\"@type\":\"SearchAction\",\"target\":{\"@type\":\"EntryPoint\",\"urlTemplate\":\"https:\/\/www.plastic-crates.com\/?s={search_term_string}\"},\"query-input\":{\"@type\":\"PropertyValueSpecification\",\"valueRequired\":true,\"valueName\":\"search_term_string\"}}],\"inLanguage\":\"tr\"}]}<\/script>\n<!-- \/ Yoast SEO plugin. -->","yoast_head_json":{"title":"Bah\u00e7e saks\u0131 kutusu, bah\u00e7e i\u00e7in ekim kutular\u0131 - plastic-crates.com","description":"Toptan Bah\u00e7e dikim kutusu, bah\u00e7e i\u00e7in dikim kutular\u0131, bah\u00e7e i\u00e7in ucuz dikim kutular\u0131 tedarik\u00e7isi, bah\u00e7e dikim kutular\u0131 da\u011f\u0131t\u0131c\u0131s\u0131","robots":{"index":"index","follow":"follow","max-snippet":"max-snippet:-1","max-image-preview":"max-image-preview:large","max-video-preview":"max-video-preview:-1"},"canonical":"https:\/\/www.plastic-crates.com\/tr\/urun\/bahce-icin-dikim-kutulari-bahce-ekici-kutusu\/","og_locale":"tr_TR","og_type":"article","og_title":"Garden planter box, planting boxes for garden - plastic-crates.com","og_description":"Wholesale Garden planter box, planting boxes for garden, cheap planter boxes for gardensupplier, planting garden boxes distributor","og_url":"https:\/\/www.plastic-crates.com\/tr\/urun\/bahce-icin-dikim-kutulari-bahce-ekici-kutusu\/","og_site_name":"plastic-crates.com","article_modified_time":"2023-11-26T08:19:13+00:00","og_image":[{"width":696,"height":624,"url":"https:\/\/www.plastic-crates.com\/wp-content\/uploads\/2023\/11\/garden-planter-box-5.jpeg","type":"image\/jpeg"}],"twitter_card":"summary_large_image","twitter_misc":{"Tahmini okuma s\u00fcresi":"1 dakika"},"schema":{"@context":"https:\/\/schema.org","@graph":[{"@type":"WebPage","@id":"https:\/\/www.plastic-crates.com\/product\/garden-planter-box-planting-boxes-for-garden\/","url":"https:\/\/www.plastic-crates.com\/product\/garden-planter-box-planting-boxes-for-garden\/","name":"Bah\u00e7e saks\u0131 kutusu, bah\u00e7e i\u00e7in ekim kutular\u0131 - plastic-crates.com","isPartOf":{"@id":"https:\/\/www.plastic-crates.com\/#website"},"primaryImageOfPage":{"@id":"https:\/\/www.plastic-crates.com\/product\/garden-planter-box-planting-boxes-for-garden\/#primaryimage"},"image":{"@id":"https:\/\/www.plastic-crates.com\/product\/garden-planter-box-planting-boxes-for-garden\/#primaryimage"},"thumbnailUrl":"https:\/\/www.plastic-crates.com\/wp-content\/uploads\/2023\/11\/garden-planter-box-5.jpeg","datePublished":"2023-11-26T07:59:05+00:00","dateModified":"2023-11-26T08:19:13+00:00","description":"Toptan Bah\u00e7e dikim kutusu, bah\u00e7e i\u00e7in dikim kutular\u0131, bah\u00e7e i\u00e7in ucuz dikim kutular\u0131 tedarik\u00e7isi, bah\u00e7e dikim kutular\u0131 da\u011f\u0131t\u0131c\u0131s\u0131","breadcrumb":{"@id":"https:\/\/www.plastic-crates.com\/product\/garden-planter-box-planting-boxes-for-garden\/#breadcrumb"},"inLanguage":"tr","potentialAction":[{"@type":"ReadAction","target":["https:\/\/www.plastic-crates.com\/product\/garden-planter-box-planting-boxes-for-garden\/"]}]},{"@type":"ImageObject","inLanguage":"tr","@id":"https:\/\/www.plastic-crates.com\/product\/garden-planter-box-planting-boxes-for-garden\/#primaryimage","url":"https:\/\/www.plastic-crates.com\/wp-content\/uploads\/2023\/11\/garden-planter-box-5.jpeg","contentUrl":"https:\/\/www.plastic-crates.com\/wp-content\/uploads\/2023\/11\/garden-planter-box-5.jpeg","width":696,"height":624,"caption":"planting boxes for garden"},{"@type":"BreadcrumbList","@id":"https:\/\/www.plastic-crates.com\/product\/garden-planter-box-planting-boxes-for-garden\/#breadcrumb","itemListElement":[{"@type":"ListItem","position":1,"name":"Home","item":"https:\/\/www.plastic-crates.com\/"},{"@type":"ListItem","position":2,"name":"Products","item":"https:\/\/www.plastic-crates.com\/shop\/"},{"@type":"ListItem","position":3,"name":"Garden planter box, planting boxes for garden"}]},{"@type":"WebSite","@id":"https:\/\/www.plastic-crates.com\/#website","url":"https:\/\/www.plastic-crates.com\/","name":"plastic-crates.com","description":"\u00c7in&#039;in \u00f6nde gelen plastik kasa \u00fcreticisi","potentialAction":[{"@type":"SearchAction","target":{"@type":"EntryPoint","urlTemplate":"https:\/\/www.plastic-crates.com\/?s={search_term_string}"},"query-input":{"@type":"PropertyValueSpecification","valueRequired":true,"valueName":"search_term_string"}}],"inLanguage":"tr"}]}},"_links":{"self":[{"href":"https:\/\/www.plastic-crates.com\/tr\/wp-json\/wp\/v2\/product\/7343","targetHints":{"allow":["GET"]}}],"collection":[{"href":"https:\/\/www.plastic-crates.com\/tr\/wp-json\/wp\/v2\/product"}],"about":[{"href":"https:\/\/www.plastic-crates.com\/tr\/wp-json\/wp\/v2\/types\/product"}],"wp:featuredmedia":[{"embeddable":true,"href":"https:\/\/www.plastic-crates.com\/tr\/wp-json\/wp\/v2\/media\/7348"}],"wp:attachment":[{"href":"https:\/\/www.plastic-crates.com\/tr\/wp-json\/wp\/v2\/media?parent=7343"}],"wp:term":[{"taxonomy":"product_brand","embeddable":true,"href":"https:\/\/www.plastic-crates.com\/tr\/wp-json\/wp\/v2\/product_brand?post=7343"},{"taxonomy":"product_cat","embeddable":true,"href":"https:\/\/www.plastic-crates.com\/tr\/wp-json\/wp\/v2\/product_cat?post=7343"},{"taxonomy":"product_tag","embeddable":true,"href":"https:\/\/www.plastic-crates.com\/tr\/wp-json\/wp\/v2\/product_tag?post=7343"}],"curies":[{"name":"wp","href":"https:\/\/api.w.org\/{rel}","templated":true}]}}