{"id":7378,"date":"2024-10-28T00:44:59","date_gmt":"2024-10-28T00:44:59","guid":{"rendered":"https:\/\/www.plastic-crates.com\/?post_type=product&#038;p=7378"},"modified":"2026-03-05T21:11:26","modified_gmt":"2026-03-05T21:11:26","slug":"ozellestirilmis-buyuk-boy-plastik-palet-3000x3000mm","status":"publish","type":"product","link":"https:\/\/www.plastic-crates.com\/tr\/urun\/ozellestirilmis-buyuk-boy-plastik-palet-3000x3000mm\/","title":{"rendered":"\u00d6zelle\u015ftirilmi\u015f b\u00fcy\u00fck boy plastik palet 3000x3000mm"},"content":{"rendered":"<p>\u00d6zelle\u015ftirilmi\u015f b\u00fcy\u00fck boy plastik paletler, b\u00fcy\u00fck \u00fcr\u00fcnleri g\u00fcvenli ve emniyetli bir \u015fekilde ta\u015f\u0131mas\u0131 gereken \u015firketler i\u00e7in m\u00fckemmel bir yat\u0131r\u0131md\u0131r. Farkl\u0131 i\u015fletmelerin \u00f6zel ihtiya\u00e7lar\u0131na uyacak \u015fekilde \u00f6zelle\u015ftirilebilirler, bu da verimlili\u011fi art\u0131r\u0131r ve maliyet tasarrufu sa\u011flar.<\/p>\n<p dir=\"auto\">Plastik paletler, mallar\u0131n ta\u015f\u0131nma ve depolanma \u015feklini de\u011fi\u015ftiriyor. Geleneksel ah\u015fap paletlere modern ve geli\u015fmi\u015f bir alternatif olan bu paletler, dayan\u0131kl\u0131l\u0131k, hijyen ve s\u00fcrd\u00fcr\u00fclebilirlik a\u00e7\u0131s\u0131ndan bir\u00e7ok avantaj sa\u011fl\u0131yor. Art\u0131k, \u00f6zelle\u015ftirilebilir b\u00fcy\u00fck boy plastik palet se\u00e7enekleriyle i\u015fletmeler, lojistiklerini \u00f6zel ihtiya\u00e7lar\u0131n\u0131 kar\u015f\u0131layacak \u015fekilde optimize edebiliyor.<\/p>\n<p dir=\"auto\">Bu se\u00e7eneklerden biri, 3000x3000 mm \u00f6l\u00e7\u00fclerinde \u00f6zelle\u015ftirilmi\u015f b\u00fcy\u00fck boy plastik palettir. Bu boyut, b\u00fcy\u00fck makine, ekipman veya b\u00fcy\u00fck boyutlu \u00fcr\u00fcnleri ta\u015f\u0131mak i\u00e7in paletlere ihtiya\u00e7 duyan i\u015fletmeler i\u00e7in idealdir. \u00d6zelle\u015ftirme, paletin, maksimum stabilite sa\u011flamak i\u00e7in \u00e7ok seviyeli destekler veya kaymaz y\u00fczeyler gibi \u00f6zellikler eklenerek bir \u015firketin \u00f6zel gereksinimlerine uyacak \u015fekilde uyarlanabilece\u011fi anlam\u0131na gelir.<\/p>\n<p><strong>Mod\u00fcler Tasar\u0131m:<\/strong><\/p>\n<p>Mod\u00fcler tasar\u0131m, d\u00f6k\u00fclme \u00f6nleme paletlerinin depolama alan\u0131n\u0131z\u0131n \u00f6zel gereksinimlerine uyum sa\u011flayacak \u015fekilde \u00f6zel d\u00fczenlerde yap\u0131land\u0131r\u0131lmas\u0131na olanak tan\u0131r. Operasyonel ihtiya\u00e7lar\u0131n\u0131za g\u00f6re uyarlanm\u0131\u015f etkili bir d\u00f6k\u00fclme \u00f6nleme sistemi olu\u015fturun.<\/p>\n<p><a href=\"https:\/\/www.plastic-crates.com\/tr\/urun-kategori\/kapakli-cantalar\/\" target=\"_blank\" rel=\"noopener\">kapakl\u0131 saklama kaplar\u0131<\/a>, <a href=\"https:\/\/www.plastic-crate.co.uk\/product-category\/plastic-trays\/\" target=\"_blank\" rel=\"noopener\">kapakl\u0131 hamur tepsisi<\/a>,<a href=\"https:\/\/www.ph-teststrips.com\/product-category\/salt-water-test-strips\/\" target=\"_blank\" rel=\"noopener\">water test strips manufacturer<\/a><\/p>","protected":false},"excerpt":{"rendered":"<p>Customized large size plastic pallets are an excellent investment for companies that need to transport large products safely and securely.&hellip;<\/p>","protected":false},"featured_media":7379,"template":"","meta":{"_acf_changed":false},"product_brand":[],"product_cat":[155],"product_tag":[141],"class_list":{"0":"post-7378","1":"product","2":"type-product","3":"status-publish","4":"has-post-thumbnail","6":"product_cat-pallets-manufacturer","7":"product_tag-ibc-spill-containment-pallet","9":"first","10":"instock","11":"shipping-taxable","12":"product-type-simple"},"acf":[],"yoast_head":"<!-- This site is optimized with the Yoast SEO plugin v26.1.1 - https:\/\/yoast.com\/wordpress\/plugins\/seo\/ -->\n<title>Customized large size plastic pallet 3000x3000mm - plastic-crates.com<\/title>\n<meta name=\"description\" content=\"Wholesale Customized large size plastic pallets are an excellent option to transport large products safely and securely.\" \/>\n<meta name=\"robots\" content=\"index, follow, max-snippet:-1, max-image-preview:large, max-video-preview:-1\" \/>\n<link rel=\"canonical\" href=\"https:\/\/www.plastic-crates.com\/tr\/urun\/ozellestirilmis-buyuk-boy-plastik-palet-3000x3000mm\/\" \/>\n<meta property=\"og:locale\" content=\"tr_TR\" \/>\n<meta property=\"og:type\" content=\"article\" \/>\n<meta property=\"og:title\" content=\"Customized large size plastic pallet 3000x3000mm - plastic-crates.com\" \/>\n<meta property=\"og:description\" content=\"Wholesale Customized large size plastic pallets are an excellent option to transport large products safely and securely.\" \/>\n<meta property=\"og:url\" content=\"https:\/\/www.plastic-crates.com\/tr\/urun\/ozellestirilmis-buyuk-boy-plastik-palet-3000x3000mm\/\" \/>\n<meta property=\"og:site_name\" content=\"plastic-crates.com\" \/>\n<meta property=\"article:modified_time\" content=\"2026-03-05T21:11:26+00:00\" \/>\n<meta property=\"og:image\" content=\"https:\/\/www.plastic-crates.com\/wp-content\/uploads\/2024\/10\/large-size-3000x3000mm-special-custom-built-plastic-pallet.jpg\" \/>\n\t<meta property=\"og:image:width\" content=\"650\" \/>\n\t<meta property=\"og:image:height\" content=\"474\" \/>\n\t<meta property=\"og:image:type\" content=\"image\/jpeg\" \/>\n<meta name=\"twitter:card\" content=\"summary_large_image\" \/>\n<meta name=\"twitter:label1\" content=\"Tahmini okuma s\u00fcresi\" \/>\n\t<meta name=\"twitter:data1\" content=\"2 dakika\" \/>\n<script type=\"application\/ld+json\" class=\"yoast-schema-graph\">{\"@context\":\"https:\/\/schema.org\",\"@graph\":[{\"@type\":\"WebPage\",\"@id\":\"https:\/\/www.plastic-crates.com\/product\/customized-large-size-plastic-pallet-3000x3000mm\/\",\"url\":\"https:\/\/www.plastic-crates.com\/product\/customized-large-size-plastic-pallet-3000x3000mm\/\",\"name\":\"Customized large size plastic pallet 3000x3000mm - plastic-crates.com\",\"isPartOf\":{\"@id\":\"https:\/\/www.plastic-crates.com\/#website\"},\"primaryImageOfPage\":{\"@id\":\"https:\/\/www.plastic-crates.com\/product\/customized-large-size-plastic-pallet-3000x3000mm\/#primaryimage\"},\"image\":{\"@id\":\"https:\/\/www.plastic-crates.com\/product\/customized-large-size-plastic-pallet-3000x3000mm\/#primaryimage\"},\"thumbnailUrl\":\"https:\/\/www.plastic-crates.com\/wp-content\/uploads\/2024\/10\/large-size-3000x3000mm-special-custom-built-plastic-pallet.jpg\",\"datePublished\":\"2024-10-28T00:44:59+00:00\",\"dateModified\":\"2026-03-05T21:11:26+00:00\",\"description\":\"Wholesale Customized large size plastic pallets are an excellent option to transport large products safely and securely.\",\"breadcrumb\":{\"@id\":\"https:\/\/www.plastic-crates.com\/product\/customized-large-size-plastic-pallet-3000x3000mm\/#breadcrumb\"},\"inLanguage\":\"tr\",\"potentialAction\":[{\"@type\":\"ReadAction\",\"target\":[\"https:\/\/www.plastic-crates.com\/product\/customized-large-size-plastic-pallet-3000x3000mm\/\"]}]},{\"@type\":\"ImageObject\",\"inLanguage\":\"tr\",\"@id\":\"https:\/\/www.plastic-crates.com\/product\/customized-large-size-plastic-pallet-3000x3000mm\/#primaryimage\",\"url\":\"https:\/\/www.plastic-crates.com\/wp-content\/uploads\/2024\/10\/large-size-3000x3000mm-special-custom-built-plastic-pallet.jpg\",\"contentUrl\":\"https:\/\/www.plastic-crates.com\/wp-content\/uploads\/2024\/10\/large-size-3000x3000mm-special-custom-built-plastic-pallet.jpg\",\"width\":650,\"height\":474,\"caption\":\"customized large size plastic pallet 3000x3000mm\"},{\"@type\":\"BreadcrumbList\",\"@id\":\"https:\/\/www.plastic-crates.com\/product\/customized-large-size-plastic-pallet-3000x3000mm\/#breadcrumb\",\"itemListElement\":[{\"@type\":\"ListItem\",\"position\":1,\"name\":\"Home\",\"item\":\"https:\/\/www.plastic-crates.com\/\"},{\"@type\":\"ListItem\",\"position\":2,\"name\":\"Products\",\"item\":\"https:\/\/www.plastic-crates.com\/shop\/\"},{\"@type\":\"ListItem\",\"position\":3,\"name\":\"Customized large size plastic pallet 3000x3000mm\"}]},{\"@type\":\"WebSite\",\"@id\":\"https:\/\/www.plastic-crates.com\/#website\",\"url\":\"https:\/\/www.plastic-crates.com\/\",\"name\":\"plastic-crates.com\",\"description\":\"Leading plastic crates manufacturer in China\",\"potentialAction\":[{\"@type\":\"SearchAction\",\"target\":{\"@type\":\"EntryPoint\",\"urlTemplate\":\"https:\/\/www.plastic-crates.com\/?s={search_term_string}\"},\"query-input\":{\"@type\":\"PropertyValueSpecification\",\"valueRequired\":true,\"valueName\":\"search_term_string\"}}],\"inLanguage\":\"tr\"}]}<\/script>\n<!-- \/ Yoast SEO plugin. -->","yoast_head_json":{"title":"\u00d6zelle\u015ftirilmi\u015f b\u00fcy\u00fck boy plastik palet 3000x3000mm - plastic-crates.com","description":"Toptan \u00d6zelle\u015ftirilmi\u015f b\u00fcy\u00fck boy plastik paletler, b\u00fcy\u00fck \u00fcr\u00fcnleri g\u00fcvenli ve emniyetli bir \u015fekilde ta\u015f\u0131mak i\u00e7in m\u00fckemmel bir se\u00e7enektir.","robots":{"index":"index","follow":"follow","max-snippet":"max-snippet:-1","max-image-preview":"max-image-preview:large","max-video-preview":"max-video-preview:-1"},"canonical":"https:\/\/www.plastic-crates.com\/tr\/urun\/ozellestirilmis-buyuk-boy-plastik-palet-3000x3000mm\/","og_locale":"tr_TR","og_type":"article","og_title":"Customized large size plastic pallet 3000x3000mm - plastic-crates.com","og_description":"Wholesale Customized large size plastic pallets are an excellent option to transport large products safely and securely.","og_url":"https:\/\/www.plastic-crates.com\/tr\/urun\/ozellestirilmis-buyuk-boy-plastik-palet-3000x3000mm\/","og_site_name":"plastic-crates.com","article_modified_time":"2026-03-05T21:11:26+00:00","og_image":[{"width":650,"height":474,"url":"https:\/\/www.plastic-crates.com\/wp-content\/uploads\/2024\/10\/large-size-3000x3000mm-special-custom-built-plastic-pallet.jpg","type":"image\/jpeg"}],"twitter_card":"summary_large_image","twitter_misc":{"Tahmini okuma s\u00fcresi":"2 dakika"},"schema":{"@context":"https:\/\/schema.org","@graph":[{"@type":"WebPage","@id":"https:\/\/www.plastic-crates.com\/product\/customized-large-size-plastic-pallet-3000x3000mm\/","url":"https:\/\/www.plastic-crates.com\/product\/customized-large-size-plastic-pallet-3000x3000mm\/","name":"\u00d6zelle\u015ftirilmi\u015f b\u00fcy\u00fck boy plastik palet 3000x3000mm - plastic-crates.com","isPartOf":{"@id":"https:\/\/www.plastic-crates.com\/#website"},"primaryImageOfPage":{"@id":"https:\/\/www.plastic-crates.com\/product\/customized-large-size-plastic-pallet-3000x3000mm\/#primaryimage"},"image":{"@id":"https:\/\/www.plastic-crates.com\/product\/customized-large-size-plastic-pallet-3000x3000mm\/#primaryimage"},"thumbnailUrl":"https:\/\/www.plastic-crates.com\/wp-content\/uploads\/2024\/10\/large-size-3000x3000mm-special-custom-built-plastic-pallet.jpg","datePublished":"2024-10-28T00:44:59+00:00","dateModified":"2026-03-05T21:11:26+00:00","description":"Toptan \u00d6zelle\u015ftirilmi\u015f b\u00fcy\u00fck boy plastik paletler, b\u00fcy\u00fck \u00fcr\u00fcnleri g\u00fcvenli ve emniyetli bir \u015fekilde ta\u015f\u0131mak i\u00e7in m\u00fckemmel bir se\u00e7enektir.","breadcrumb":{"@id":"https:\/\/www.plastic-crates.com\/product\/customized-large-size-plastic-pallet-3000x3000mm\/#breadcrumb"},"inLanguage":"tr","potentialAction":[{"@type":"ReadAction","target":["https:\/\/www.plastic-crates.com\/product\/customized-large-size-plastic-pallet-3000x3000mm\/"]}]},{"@type":"ImageObject","inLanguage":"tr","@id":"https:\/\/www.plastic-crates.com\/product\/customized-large-size-plastic-pallet-3000x3000mm\/#primaryimage","url":"https:\/\/www.plastic-crates.com\/wp-content\/uploads\/2024\/10\/large-size-3000x3000mm-special-custom-built-plastic-pallet.jpg","contentUrl":"https:\/\/www.plastic-crates.com\/wp-content\/uploads\/2024\/10\/large-size-3000x3000mm-special-custom-built-plastic-pallet.jpg","width":650,"height":474,"caption":"customized large size plastic pallet 3000x3000mm"},{"@type":"BreadcrumbList","@id":"https:\/\/www.plastic-crates.com\/product\/customized-large-size-plastic-pallet-3000x3000mm\/#breadcrumb","itemListElement":[{"@type":"ListItem","position":1,"name":"Home","item":"https:\/\/www.plastic-crates.com\/"},{"@type":"ListItem","position":2,"name":"Products","item":"https:\/\/www.plastic-crates.com\/shop\/"},{"@type":"ListItem","position":3,"name":"Customized large size plastic pallet 3000x3000mm"}]},{"@type":"WebSite","@id":"https:\/\/www.plastic-crates.com\/#website","url":"https:\/\/www.plastic-crates.com\/","name":"plastic-crates.com","description":"\u00c7in&#039;in \u00f6nde gelen plastik kasa \u00fcreticisi","potentialAction":[{"@type":"SearchAction","target":{"@type":"EntryPoint","urlTemplate":"https:\/\/www.plastic-crates.com\/?s={search_term_string}"},"query-input":{"@type":"PropertyValueSpecification","valueRequired":true,"valueName":"search_term_string"}}],"inLanguage":"tr"}]}},"_links":{"self":[{"href":"https:\/\/www.plastic-crates.com\/tr\/wp-json\/wp\/v2\/product\/7378","targetHints":{"allow":["GET"]}}],"collection":[{"href":"https:\/\/www.plastic-crates.com\/tr\/wp-json\/wp\/v2\/product"}],"about":[{"href":"https:\/\/www.plastic-crates.com\/tr\/wp-json\/wp\/v2\/types\/product"}],"wp:featuredmedia":[{"embeddable":true,"href":"https:\/\/www.plastic-crates.com\/tr\/wp-json\/wp\/v2\/media\/7379"}],"wp:attachment":[{"href":"https:\/\/www.plastic-crates.com\/tr\/wp-json\/wp\/v2\/media?parent=7378"}],"wp:term":[{"taxonomy":"product_brand","embeddable":true,"href":"https:\/\/www.plastic-crates.com\/tr\/wp-json\/wp\/v2\/product_brand?post=7378"},{"taxonomy":"product_cat","embeddable":true,"href":"https:\/\/www.plastic-crates.com\/tr\/wp-json\/wp\/v2\/product_cat?post=7378"},{"taxonomy":"product_tag","embeddable":true,"href":"https:\/\/www.plastic-crates.com\/tr\/wp-json\/wp\/v2\/product_tag?post=7378"}],"curies":[{"name":"wp","href":"https:\/\/api.w.org\/{rel}","templated":true}]}}