{"id":7385,"date":"2024-10-28T04:29:06","date_gmt":"2024-10-28T04:29:06","guid":{"rendered":"https:\/\/www.plastic-crates.com\/?post_type=product&#038;p=7385"},"modified":"2025-04-28T21:21:01","modified_gmt":"2025-04-28T21:21:01","slug":"plastik-firin-tepsileri-plastik-firin-teshir-tepsileri-550","status":"publish","type":"product","link":"https:\/\/www.plastic-crates.com\/tr\/urun\/plastik-firin-tepsileri-plastik-firin-teshir-tepsileri-550\/","title":{"rendered":"Plastik f\u0131r\u0131n tepsileri, plastik f\u0131r\u0131n te\u015fhir tepsileri-550"},"content":{"rendered":"<p>Plastik f\u0131r\u0131n tepsileri, f\u0131r\u0131n\u0131n\u0131zda veya deponuzda, kamyonlar\u0131n\u0131zda, market veya s\u00fcpermarket depolar\u0131n\u0131zda mevcut alan\u0131n\u0131z\u0131 verimli bir \u015fekilde kullanman\u0131z i\u00e7in tasarlanm\u0131\u015ft\u0131r.<\/p>\n<p>Dolu olduklar\u0131nda, bunlar <strong>plastik f\u0131r\u0131n raf\u0131<\/strong> Kolay ta\u015f\u0131ma ve sergileme i\u00e7in g\u00fcvenli bir \u015fekilde istiflenebilirler. Bo\u015fken, arka oda ve kamyon alan\u0131ndan tasarruf etmek i\u00e7in \u00e7apraz istiflenebilir ve i\u00e7 i\u00e7e ge\u00e7ebilirler.<\/p>\n<p>\u00dcst \u00fcste dizilmi\u015f tepsiler, koridorlarda veya f\u0131r\u0131nlanm\u0131\u015f \u00fcr\u00fcn b\u00f6l\u00fcmlerinde g\u00f6rsel olarak \u00e7ekici, kolay eri\u015filebilir te\u015fhir alanlar\u0131 olu\u015fturur.<\/p>\n<p>&nbsp;<\/p>\n<ul>\n<li>Sal\u0131ncak \u00e7ubu\u011fu iste\u011fe ba\u011fl\u0131d\u0131r, sal\u0131ncak \u00e7ubu\u011funa istiflenebilir ve sal\u0131ncak \u00e7ubu\u011funu d\u0131\u015far\u0131 yuvalayabilir<\/li>\n<li>Kullan\u0131lmad\u0131\u011f\u0131 zaman yerden tasarruf sa\u011flayan i\u00e7 i\u00e7e ge\u00e7ebilen tasar\u0131m<\/li>\n<li>M\u00fc\u015fterinin ad\u0131 ve logosu ile ipek bask\u0131<\/li>\n<li>Etiket tutucusu iste\u011fe ba\u011fl\u0131 olarak tak\u0131labilir<\/li>\n<li>\u00d6zellikle ekmek y\u00fcklemesi i\u00e7in<\/li>\n<\/ul>\n<p><img loading=\"lazy\" decoding=\"async\" class=\"alignnone wp-image-6055 size-large\" src=\"https:\/\/www.plastic-crate.co.uk\/wp-content\/uploads\/2022\/04\/plastic-bakery-trays-feature-1024x295.jpg\" alt=\"f\u0131r\u0131n plastik tepsileri \u00f6zelli\u011fi\" width=\"1024\" height=\"295\" \/> <img loading=\"lazy\" decoding=\"async\" class=\"alignnone wp-image-6056 size-full\" src=\"https:\/\/www.plastic-crate.co.uk\/wp-content\/uploads\/2022\/04\/plastic-bakery-trays-detail.jpg\" alt=\"f\u0131r\u0131n plastik tepsileri detay\u0131\" width=\"1000\" height=\"1000\" \/> <img loading=\"lazy\" decoding=\"async\" class=\"alignnone wp-image-6057 size-full\" src=\"https:\/\/www.plastic-crate.co.uk\/wp-content\/uploads\/2022\/04\/plastic-bakery-trays-customize-logo.jpg\" alt=\"f\u0131r\u0131n plastik tepsileri logoyu \u00f6zelle\u015ftir\" width=\"1000\" height=\"495\" \/><\/p>\n<p>&nbsp;<\/p>\n<p><a href=\"https:\/\/www.plastic-crate.co.uk\/product-category\/plastic-milk-crates\/\">plastik s\u00fct kasalar\u0131<\/a>, <a href=\"https:\/\/www.plastic-crate.co.uk\/product-category\/supermarket-crates-bale-arm-crates\/\">s\u00fcpermarket kasalar\u0131<\/a>, <a href=\"https:\/\/www.plastic-crates.com\/tr\/urun-kategori\/kapakli-cantalar\/\" target=\"_blank\" rel=\"noopener\">kapakl\u0131 tote<\/a><\/p>","protected":false},"excerpt":{"rendered":"<p>Plastic bakery trays are designed for the efficient use of your available space in the bakery or warehouse, on trucks,&hellip;<\/p>","protected":false},"featured_media":7394,"template":"","meta":{"_acf_changed":false},"product_brand":[],"product_cat":[151,144],"product_tag":[],"class_list":{"0":"post-7385","1":"product","2":"type-product","3":"status-publish","4":"has-post-thumbnail","6":"product_cat-bakery-rack","7":"product_cat-plastic-trays-wholesale","9":"first","10":"instock","11":"product-type-simple"},"acf":[],"yoast_head":"<!-- This site is optimized with the Yoast SEO plugin v26.1.1 - https:\/\/yoast.com\/wordpress\/plugins\/seo\/ -->\n<title>Plastic bakery trays, plastic bakery display trays Wholesale<\/title>\n<meta name=\"description\" content=\"Plastic bakery trays, plastic bakery rack at wholesale prices, OEM &amp; ODM service available, perfect for catering supermarket\" \/>\n<meta name=\"robots\" content=\"index, follow, max-snippet:-1, max-image-preview:large, max-video-preview:-1\" \/>\n<link rel=\"canonical\" href=\"https:\/\/www.plastic-crates.com\/tr\/urun\/plastik-firin-tepsileri-plastik-firin-teshir-tepsileri-550\/\" \/>\n<meta property=\"og:locale\" content=\"tr_TR\" \/>\n<meta property=\"og:type\" content=\"article\" \/>\n<meta property=\"og:title\" content=\"stackable folding crate, High Quality stackable folding crate Wholesale\" \/>\n<meta property=\"og:description\" content=\"Plastic bakery trays, plastic bakery rack at wholesale prices, OEM &amp; ODM service available, perfect for catering supermarket\" \/>\n<meta property=\"og:url\" content=\"https:\/\/www.plastic-crates.com\/tr\/urun\/plastik-firin-tepsileri-plastik-firin-teshir-tepsileri-550\/\" \/>\n<meta property=\"og:site_name\" content=\"plastic-crates.com\" \/>\n<meta property=\"article:modified_time\" content=\"2025-04-28T21:21:01+00:00\" \/>\n<meta property=\"og:image\" content=\"https:\/\/www.plastic-crates.com\/wp-content\/uploads\/2024\/10\/plastic-bakery-trays-1.jpg\" \/>\n\t<meta property=\"og:image:width\" content=\"1000\" \/>\n\t<meta property=\"og:image:height\" content=\"1000\" \/>\n\t<meta property=\"og:image:type\" content=\"image\/jpeg\" \/>\n<meta name=\"twitter:card\" content=\"summary_large_image\" \/>\n<meta name=\"twitter:title\" content=\"stackable folding crate, High Quality stackable folding crate Wholesale\" \/>\n<meta name=\"twitter:label1\" content=\"Tahmini okuma s\u00fcresi\" \/>\n\t<meta name=\"twitter:data1\" content=\"2 dakika\" \/>\n<script type=\"application\/ld+json\" class=\"yoast-schema-graph\">{\"@context\":\"https:\/\/schema.org\",\"@graph\":[{\"@type\":\"WebPage\",\"@id\":\"https:\/\/www.plastic-crates.com\/product\/plastic-bakery-trays-plastic-bakery-display-trays-550\/\",\"url\":\"https:\/\/www.plastic-crates.com\/product\/plastic-bakery-trays-plastic-bakery-display-trays-550\/\",\"name\":\"Plastic bakery trays, plastic bakery display trays Wholesale\",\"isPartOf\":{\"@id\":\"https:\/\/www.plastic-crates.com\/#website\"},\"primaryImageOfPage\":{\"@id\":\"https:\/\/www.plastic-crates.com\/product\/plastic-bakery-trays-plastic-bakery-display-trays-550\/#primaryimage\"},\"image\":{\"@id\":\"https:\/\/www.plastic-crates.com\/product\/plastic-bakery-trays-plastic-bakery-display-trays-550\/#primaryimage\"},\"thumbnailUrl\":\"https:\/\/www.plastic-crates.com\/wp-content\/uploads\/2024\/10\/plastic-bakery-trays-1.jpg\",\"datePublished\":\"2024-10-28T04:29:06+00:00\",\"dateModified\":\"2025-04-28T21:21:01+00:00\",\"description\":\"Plastic bakery trays, plastic bakery rack at wholesale prices, OEM & ODM service available, perfect for catering supermarket\",\"breadcrumb\":{\"@id\":\"https:\/\/www.plastic-crates.com\/product\/plastic-bakery-trays-plastic-bakery-display-trays-550\/#breadcrumb\"},\"inLanguage\":\"tr\",\"potentialAction\":[{\"@type\":\"ReadAction\",\"target\":[\"https:\/\/www.plastic-crates.com\/product\/plastic-bakery-trays-plastic-bakery-display-trays-550\/\"]}]},{\"@type\":\"ImageObject\",\"inLanguage\":\"tr\",\"@id\":\"https:\/\/www.plastic-crates.com\/product\/plastic-bakery-trays-plastic-bakery-display-trays-550\/#primaryimage\",\"url\":\"https:\/\/www.plastic-crates.com\/wp-content\/uploads\/2024\/10\/plastic-bakery-trays-1.jpg\",\"contentUrl\":\"https:\/\/www.plastic-crates.com\/wp-content\/uploads\/2024\/10\/plastic-bakery-trays-1.jpg\",\"width\":1000,\"height\":1000},{\"@type\":\"BreadcrumbList\",\"@id\":\"https:\/\/www.plastic-crates.com\/product\/plastic-bakery-trays-plastic-bakery-display-trays-550\/#breadcrumb\",\"itemListElement\":[{\"@type\":\"ListItem\",\"position\":1,\"name\":\"Home\",\"item\":\"https:\/\/www.plastic-crates.com\/\"},{\"@type\":\"ListItem\",\"position\":2,\"name\":\"Products\",\"item\":\"https:\/\/www.plastic-crates.com\/shop\/\"},{\"@type\":\"ListItem\",\"position\":3,\"name\":\"Plastic bakery trays, plastic bakery display trays-550\"}]},{\"@type\":\"WebSite\",\"@id\":\"https:\/\/www.plastic-crates.com\/#website\",\"url\":\"https:\/\/www.plastic-crates.com\/\",\"name\":\"plastic-crates.com\",\"description\":\"Leading plastic crates manufacturer in China\",\"potentialAction\":[{\"@type\":\"SearchAction\",\"target\":{\"@type\":\"EntryPoint\",\"urlTemplate\":\"https:\/\/www.plastic-crates.com\/?s={search_term_string}\"},\"query-input\":{\"@type\":\"PropertyValueSpecification\",\"valueRequired\":true,\"valueName\":\"search_term_string\"}}],\"inLanguage\":\"tr\"}]}<\/script>\n<!-- \/ Yoast SEO plugin. -->","yoast_head_json":{"title":"Plastik f\u0131r\u0131n tepsileri, plastik f\u0131r\u0131n te\u015fhir tepsileri Toptan","description":"Toptan fiyatlarla plastik f\u0131r\u0131n tepsileri, plastik f\u0131r\u0131n raflar\u0131, OEM ve ODM hizmeti mevcuttur, catering s\u00fcpermarketleri i\u00e7in m\u00fckemmeldir","robots":{"index":"index","follow":"follow","max-snippet":"max-snippet:-1","max-image-preview":"max-image-preview:large","max-video-preview":"max-video-preview:-1"},"canonical":"https:\/\/www.plastic-crates.com\/tr\/urun\/plastik-firin-tepsileri-plastik-firin-teshir-tepsileri-550\/","og_locale":"tr_TR","og_type":"article","og_title":"stackable folding crate, High Quality stackable folding crate Wholesale","og_description":"Plastic bakery trays, plastic bakery rack at wholesale prices, OEM & ODM service available, perfect for catering supermarket","og_url":"https:\/\/www.plastic-crates.com\/tr\/urun\/plastik-firin-tepsileri-plastik-firin-teshir-tepsileri-550\/","og_site_name":"plastic-crates.com","article_modified_time":"2025-04-28T21:21:01+00:00","og_image":[{"width":1000,"height":1000,"url":"https:\/\/www.plastic-crates.com\/wp-content\/uploads\/2024\/10\/plastic-bakery-trays-1.jpg","type":"image\/jpeg"}],"twitter_card":"summary_large_image","twitter_title":"stackable folding crate, High Quality stackable folding crate Wholesale","twitter_misc":{"Tahmini okuma s\u00fcresi":"2 dakika"},"schema":{"@context":"https:\/\/schema.org","@graph":[{"@type":"WebPage","@id":"https:\/\/www.plastic-crates.com\/product\/plastic-bakery-trays-plastic-bakery-display-trays-550\/","url":"https:\/\/www.plastic-crates.com\/product\/plastic-bakery-trays-plastic-bakery-display-trays-550\/","name":"Plastik f\u0131r\u0131n tepsileri, plastik f\u0131r\u0131n te\u015fhir tepsileri Toptan","isPartOf":{"@id":"https:\/\/www.plastic-crates.com\/#website"},"primaryImageOfPage":{"@id":"https:\/\/www.plastic-crates.com\/product\/plastic-bakery-trays-plastic-bakery-display-trays-550\/#primaryimage"},"image":{"@id":"https:\/\/www.plastic-crates.com\/product\/plastic-bakery-trays-plastic-bakery-display-trays-550\/#primaryimage"},"thumbnailUrl":"https:\/\/www.plastic-crates.com\/wp-content\/uploads\/2024\/10\/plastic-bakery-trays-1.jpg","datePublished":"2024-10-28T04:29:06+00:00","dateModified":"2025-04-28T21:21:01+00:00","description":"Toptan fiyatlarla plastik f\u0131r\u0131n tepsileri, plastik f\u0131r\u0131n raflar\u0131, OEM ve ODM hizmeti mevcuttur, catering s\u00fcpermarketleri i\u00e7in m\u00fckemmeldir","breadcrumb":{"@id":"https:\/\/www.plastic-crates.com\/product\/plastic-bakery-trays-plastic-bakery-display-trays-550\/#breadcrumb"},"inLanguage":"tr","potentialAction":[{"@type":"ReadAction","target":["https:\/\/www.plastic-crates.com\/product\/plastic-bakery-trays-plastic-bakery-display-trays-550\/"]}]},{"@type":"ImageObject","inLanguage":"tr","@id":"https:\/\/www.plastic-crates.com\/product\/plastic-bakery-trays-plastic-bakery-display-trays-550\/#primaryimage","url":"https:\/\/www.plastic-crates.com\/wp-content\/uploads\/2024\/10\/plastic-bakery-trays-1.jpg","contentUrl":"https:\/\/www.plastic-crates.com\/wp-content\/uploads\/2024\/10\/plastic-bakery-trays-1.jpg","width":1000,"height":1000},{"@type":"BreadcrumbList","@id":"https:\/\/www.plastic-crates.com\/product\/plastic-bakery-trays-plastic-bakery-display-trays-550\/#breadcrumb","itemListElement":[{"@type":"ListItem","position":1,"name":"Home","item":"https:\/\/www.plastic-crates.com\/"},{"@type":"ListItem","position":2,"name":"Products","item":"https:\/\/www.plastic-crates.com\/shop\/"},{"@type":"ListItem","position":3,"name":"Plastic bakery trays, plastic bakery display trays-550"}]},{"@type":"WebSite","@id":"https:\/\/www.plastic-crates.com\/#website","url":"https:\/\/www.plastic-crates.com\/","name":"plastic-crates.com","description":"\u00c7in&#039;in \u00f6nde gelen plastik kasa \u00fcreticisi","potentialAction":[{"@type":"SearchAction","target":{"@type":"EntryPoint","urlTemplate":"https:\/\/www.plastic-crates.com\/?s={search_term_string}"},"query-input":{"@type":"PropertyValueSpecification","valueRequired":true,"valueName":"search_term_string"}}],"inLanguage":"tr"}]}},"_links":{"self":[{"href":"https:\/\/www.plastic-crates.com\/tr\/wp-json\/wp\/v2\/product\/7385","targetHints":{"allow":["GET"]}}],"collection":[{"href":"https:\/\/www.plastic-crates.com\/tr\/wp-json\/wp\/v2\/product"}],"about":[{"href":"https:\/\/www.plastic-crates.com\/tr\/wp-json\/wp\/v2\/types\/product"}],"wp:featuredmedia":[{"embeddable":true,"href":"https:\/\/www.plastic-crates.com\/tr\/wp-json\/wp\/v2\/media\/7394"}],"wp:attachment":[{"href":"https:\/\/www.plastic-crates.com\/tr\/wp-json\/wp\/v2\/media?parent=7385"}],"wp:term":[{"taxonomy":"product_brand","embeddable":true,"href":"https:\/\/www.plastic-crates.com\/tr\/wp-json\/wp\/v2\/product_brand?post=7385"},{"taxonomy":"product_cat","embeddable":true,"href":"https:\/\/www.plastic-crates.com\/tr\/wp-json\/wp\/v2\/product_cat?post=7385"},{"taxonomy":"product_tag","embeddable":true,"href":"https:\/\/www.plastic-crates.com\/tr\/wp-json\/wp\/v2\/product_tag?post=7385"}],"curies":[{"name":"wp","href":"https:\/\/api.w.org\/{rel}","templated":true}]}}