{"id":7386,"date":"2024-10-28T04:29:06","date_gmt":"2024-10-28T04:29:06","guid":{"rendered":"https:\/\/www.plastic-crates.com\/?post_type=product&#038;p=7386"},"modified":"2024-10-28T04:29:42","modified_gmt":"2024-10-28T04:29:42","slug":"makarna-kurutma-tepsisi-plastik-ticari-makarna-kurutma-tepsileri-002","status":"publish","type":"product","link":"https:\/\/www.plastic-crates.com\/tr\/urun\/makarna-kurutma-tepsisi-plastik-ticari-makarna-kurutma-tepsileri-002\/","title":{"rendered":"Makarna kurutma tepsisi, plastik ticari makarna kurutma tepsileri 002"},"content":{"rendered":"<p>Bu ticari makarna kurutma tepsileri son derece \u00e7ok y\u00f6nl\u00fcd\u00fcr ve g\u0131daya uygun, istiflenebilir ve kolayca y\u0131kanabilir olmalar\u0131 onlar\u0131 mutfa\u011f\u0131n\u0131z i\u00e7in m\u00fckemmel bir tamamlay\u0131c\u0131 haline getirir. \u0130ster makarna, ister ravioli, ister sebze veya ba\u015fka bir \u015fey kurutuyor olun, bu tepsiler g\u00fcnl\u00fck ihtiya\u00e7lar\u0131n\u0131z\u0131 kar\u015f\u0131layacakt\u0131r.<\/p>\n<ul>\n<li>Dayan\u0131kl\u0131 ve uzun \u00f6m\u00fcrl\u00fc<\/li>\n<li>-25&#039;ten itibaren G\u0131da G\u00fcvenli\u011fi testinden ge\u00e7mi\u015ftir<strong>\u00b0<\/strong>\u00a0C \u2013 115<strong>\u00b0<\/strong>\u00a0C (-13\u00b0 F \u2013 239\u00b0F)<\/li>\n<li>\u0130talya&#039;da \u00fcretildi<\/li>\n<li>\u0130stiflenebilir<\/li>\n<li>Kolay Temizlenir<\/li>\n<\/ul>\n<p><img loading=\"lazy\" decoding=\"async\" class=\"alignnone wp-image-6065 size-full\" src=\"https:\/\/www.plastic-crate.co.uk\/wp-content\/uploads\/2022\/04\/pasta-drying-tray-detail.jpg\" alt=\"ticari makarna kurutma tepsisi detay\u0131\" width=\"790\" height=\"876\" \/><\/p>\n<p><img loading=\"lazy\" decoding=\"async\" class=\"alignnone wp-image-6066 size-full\" src=\"https:\/\/www.plastic-crate.co.uk\/wp-content\/uploads\/2022\/04\/stackable-pasta-drying-tray.jpg\" alt=\"beyaz plastik istiflenebilir kurutma tepsileri\" width=\"790\" height=\"651\" \/><\/p>\n<p><img loading=\"lazy\" decoding=\"async\" class=\"alignnone wp-image-6067 size-full\" src=\"https:\/\/www.plastic-crate.co.uk\/wp-content\/uploads\/2022\/04\/pasta-drying-tray-usecase.jpg\" alt=\"makarna kurutma tepsisi kullan\u0131m \u00f6rne\u011fi\" width=\"790\" height=\"1500\" \/><\/p>\n<p>Makarna kurutma tepsisi Araba ile donat\u0131lm\u0131\u015ft\u0131r<\/p>\n<p><img loading=\"lazy\" decoding=\"async\" class=\"alignnone wp-image-6068 size-large\" src=\"https:\/\/www.plastic-crate.co.uk\/wp-content\/uploads\/2022\/04\/pasta-drying-tray-with-dolly-680x1024.jpg\" alt=\"tekerlekli makarna kurutma tepsisi\" width=\"680\" height=\"1024\" \/><\/p>\n<p><img loading=\"lazy\" decoding=\"async\" class=\"alignnone wp-image-6069 size-large\" src=\"https:\/\/www.plastic-crate.co.uk\/wp-content\/uploads\/2022\/04\/commercial-pasta-drying-tray-721x1024.jpg\" alt=\"ticari makarna kurutma tepsisi\" width=\"721\" height=\"1024\" \/><\/p>\n<p><img loading=\"lazy\" decoding=\"async\" class=\"alignnone wp-image-6070 size-large\" src=\"https:\/\/www.plastic-crate.co.uk\/wp-content\/uploads\/2022\/04\/commercial-pasta-drying-tray-detail-695x1024.jpg\" alt=\"ticari makarna kurutma tepsisi detay\u0131\" width=\"695\" height=\"1024\" \/><\/p>\n<p><img loading=\"lazy\" decoding=\"async\" class=\"alignnone wp-image-6071 size-full\" src=\"https:\/\/www.plastic-crate.co.uk\/wp-content\/uploads\/2022\/04\/commercial-pasta-drying-tray-use-case.jpg\" alt=\"ticari makarna kurutma tepsisi kullan\u0131m \u00f6rne\u011fi\" width=\"790\" height=\"902\" \/><\/p>\n<h5>Ticari makarna kurutma tepsisi mevcut boyut<\/h5>\n<p><img loading=\"lazy\" decoding=\"async\" class=\"alignnone wp-image-6072 size-full\" src=\"https:\/\/www.plastic-crate.co.uk\/wp-content\/uploads\/2022\/04\/pasta-drying-tray-available-size-a.jpg\" alt=\"ticari makarna kurutma tepsisi mevcut boyut\" width=\"790\" height=\"750\" \/><img loading=\"lazy\" decoding=\"async\" class=\"alignnone wp-image-6073 size-full\" src=\"https:\/\/www.plastic-crate.co.uk\/wp-content\/uploads\/2022\/04\/pasta-drying-tray-available-size-b.jpg\" alt=\"ticari makarna kurutma tepsisi mevcut boyut\" width=\"790\" height=\"904\" \/><img loading=\"lazy\" decoding=\"async\" class=\"alignnone wp-image-6074 size-full\" src=\"https:\/\/www.plastic-crate.co.uk\/wp-content\/uploads\/2022\/04\/pasta-drying-tray-available-size-c.jpg\" alt=\"ticari makarna kurutma tepsisi mevcut boyut\" width=\"790\" height=\"703\" \/><\/p>\n<p><a href=\"https:\/\/www.plastic-crate.co.uk\/product-category\/plastic-milk-crates\/\">sat\u0131l\u0131k plastik s\u00fct kasalar\u0131<\/a>, <a href=\"https:\/\/www.plastic-crate.co.uk\/product-category\/supermarket-crates-bale-arm-crates\/\">kefalet kol kasalar\u0131<\/a>, <a href=\"https:\/\/www.plastic-crates.com\/tr\/urun-kategori\/kapakli-cantalar\/\" target=\"_blank\" rel=\"noopener\">kapakl\u0131 saklama kaplar\u0131<\/a><\/p>","protected":false},"excerpt":{"rendered":"<p>These commercial pasta drying trays are extremely versatile, and the pasta drying trays are food safe, stackable and easily washable&hellip;<\/p>","protected":false},"featured_media":7401,"template":"","meta":{"_acf_changed":false},"product_brand":[],"product_cat":[144],"product_tag":[],"class_list":{"0":"post-7386","1":"product","2":"type-product","3":"status-publish","4":"has-post-thumbnail","6":"product_cat-plastic-trays-wholesale","8":"first","9":"instock","10":"product-type-simple"},"acf":[],"yoast_head":"<!-- This site is optimized with the Yoast SEO plugin v26.1.1 - https:\/\/yoast.com\/wordpress\/plugins\/seo\/ -->\n<title>Pasta drying tray, plastic commercial pasta drying trays Wholesale<\/title>\n<meta name=\"description\" content=\"Pasta drying tray, plastic commercial pasta drying trays at wholesale prices, Perforated white plastic stackable drying trays\" \/>\n<meta name=\"robots\" content=\"index, follow, max-snippet:-1, max-image-preview:large, max-video-preview:-1\" \/>\n<link rel=\"canonical\" href=\"https:\/\/www.plastic-crates.com\/tr\/urun\/makarna-kurutma-tepsisi-plastik-ticari-makarna-kurutma-tepsileri-002\/\" \/>\n<meta property=\"og:locale\" content=\"tr_TR\" \/>\n<meta property=\"og:type\" content=\"article\" \/>\n<meta property=\"og:title\" content=\"stackable folding crate, High Quality stackable folding crate Wholesale\" \/>\n<meta property=\"og:description\" content=\"Pasta drying tray, plastic commercial pasta drying trays at wholesale prices, Perforated white plastic stackable drying trays\" \/>\n<meta property=\"og:url\" content=\"https:\/\/www.plastic-crates.com\/tr\/urun\/makarna-kurutma-tepsisi-plastik-ticari-makarna-kurutma-tepsileri-002\/\" \/>\n<meta property=\"og:site_name\" content=\"plastic-crates.com\" \/>\n<meta property=\"article:modified_time\" content=\"2024-10-28T04:29:42+00:00\" \/>\n<meta property=\"og:image\" content=\"https:\/\/www.plastic-crate.co.uk\/wp-content\/uploads\/2022\/04\/pasta-drying-tray-detail.jpg\" \/>\n<meta name=\"twitter:card\" content=\"summary_large_image\" \/>\n<meta name=\"twitter:title\" content=\"stackable folding crate, High Quality stackable folding crate Wholesale\" \/>\n<meta name=\"twitter:label1\" content=\"Tahmini okuma s\u00fcresi\" \/>\n\t<meta name=\"twitter:data1\" content=\"3 dakika\" \/>\n<script type=\"application\/ld+json\" class=\"yoast-schema-graph\">{\"@context\":\"https:\/\/schema.org\",\"@graph\":[{\"@type\":\"WebPage\",\"@id\":\"https:\/\/www.plastic-crates.com\/product\/pasta-drying-tray-plastic-commercial-pasta-drying-trays-002\/\",\"url\":\"https:\/\/www.plastic-crates.com\/product\/pasta-drying-tray-plastic-commercial-pasta-drying-trays-002\/\",\"name\":\"Pasta drying tray, plastic commercial pasta drying trays Wholesale\",\"isPartOf\":{\"@id\":\"https:\/\/www.plastic-crates.com\/#website\"},\"primaryImageOfPage\":{\"@id\":\"https:\/\/www.plastic-crates.com\/product\/pasta-drying-tray-plastic-commercial-pasta-drying-trays-002\/#primaryimage\"},\"image\":{\"@id\":\"https:\/\/www.plastic-crates.com\/product\/pasta-drying-tray-plastic-commercial-pasta-drying-trays-002\/#primaryimage\"},\"thumbnailUrl\":\"https:\/\/www.plastic-crates.com\/wp-content\/uploads\/2024\/10\/plastic-pasta-drying-tray-3.jpg\",\"datePublished\":\"2024-10-28T04:29:06+00:00\",\"dateModified\":\"2024-10-28T04:29:42+00:00\",\"description\":\"Pasta drying tray, plastic commercial pasta drying trays at wholesale prices, Perforated white plastic stackable drying trays\",\"breadcrumb\":{\"@id\":\"https:\/\/www.plastic-crates.com\/product\/pasta-drying-tray-plastic-commercial-pasta-drying-trays-002\/#breadcrumb\"},\"inLanguage\":\"tr\",\"potentialAction\":[{\"@type\":\"ReadAction\",\"target\":[\"https:\/\/www.plastic-crates.com\/product\/pasta-drying-tray-plastic-commercial-pasta-drying-trays-002\/\"]}]},{\"@type\":\"ImageObject\",\"inLanguage\":\"tr\",\"@id\":\"https:\/\/www.plastic-crates.com\/product\/pasta-drying-tray-plastic-commercial-pasta-drying-trays-002\/#primaryimage\",\"url\":\"https:\/\/www.plastic-crates.com\/wp-content\/uploads\/2024\/10\/plastic-pasta-drying-tray-3.jpg\",\"contentUrl\":\"https:\/\/www.plastic-crates.com\/wp-content\/uploads\/2024\/10\/plastic-pasta-drying-tray-3.jpg\",\"width\":1000,\"height\":1000},{\"@type\":\"BreadcrumbList\",\"@id\":\"https:\/\/www.plastic-crates.com\/product\/pasta-drying-tray-plastic-commercial-pasta-drying-trays-002\/#breadcrumb\",\"itemListElement\":[{\"@type\":\"ListItem\",\"position\":1,\"name\":\"Home\",\"item\":\"https:\/\/www.plastic-crates.com\/\"},{\"@type\":\"ListItem\",\"position\":2,\"name\":\"Products\",\"item\":\"https:\/\/www.plastic-crates.com\/shop\/\"},{\"@type\":\"ListItem\",\"position\":3,\"name\":\"Pasta drying tray, plastic commercial pasta drying trays 002\"}]},{\"@type\":\"WebSite\",\"@id\":\"https:\/\/www.plastic-crates.com\/#website\",\"url\":\"https:\/\/www.plastic-crates.com\/\",\"name\":\"plastic-crates.com\",\"description\":\"Leading plastic crates manufacturer in China\",\"potentialAction\":[{\"@type\":\"SearchAction\",\"target\":{\"@type\":\"EntryPoint\",\"urlTemplate\":\"https:\/\/www.plastic-crates.com\/?s={search_term_string}\"},\"query-input\":{\"@type\":\"PropertyValueSpecification\",\"valueRequired\":true,\"valueName\":\"search_term_string\"}}],\"inLanguage\":\"tr\"}]}<\/script>\n<!-- \/ Yoast SEO plugin. -->","yoast_head_json":{"title":"Makarna kurutma tepsisi, plastik ticari makarna kurutma tepsileri Toptan","description":"Makarna kurutma tepsisi, toptan fiyatlarla plastik ticari makarna kurutma tepsileri, Delikli beyaz plastik istiflenebilir kurutma tepsileri","robots":{"index":"index","follow":"follow","max-snippet":"max-snippet:-1","max-image-preview":"max-image-preview:large","max-video-preview":"max-video-preview:-1"},"canonical":"https:\/\/www.plastic-crates.com\/tr\/urun\/makarna-kurutma-tepsisi-plastik-ticari-makarna-kurutma-tepsileri-002\/","og_locale":"tr_TR","og_type":"article","og_title":"stackable folding crate, High Quality stackable folding crate Wholesale","og_description":"Pasta drying tray, plastic commercial pasta drying trays at wholesale prices, Perforated white plastic stackable drying trays","og_url":"https:\/\/www.plastic-crates.com\/tr\/urun\/makarna-kurutma-tepsisi-plastik-ticari-makarna-kurutma-tepsileri-002\/","og_site_name":"plastic-crates.com","article_modified_time":"2024-10-28T04:29:42+00:00","og_image":[{"url":"https:\/\/www.plastic-crate.co.uk\/wp-content\/uploads\/2022\/04\/pasta-drying-tray-detail.jpg","type":"","width":"","height":""}],"twitter_card":"summary_large_image","twitter_title":"stackable folding crate, High Quality stackable folding crate Wholesale","twitter_misc":{"Tahmini okuma s\u00fcresi":"3 dakika"},"schema":{"@context":"https:\/\/schema.org","@graph":[{"@type":"WebPage","@id":"https:\/\/www.plastic-crates.com\/product\/pasta-drying-tray-plastic-commercial-pasta-drying-trays-002\/","url":"https:\/\/www.plastic-crates.com\/product\/pasta-drying-tray-plastic-commercial-pasta-drying-trays-002\/","name":"Makarna kurutma tepsisi, plastik ticari makarna kurutma tepsileri Toptan","isPartOf":{"@id":"https:\/\/www.plastic-crates.com\/#website"},"primaryImageOfPage":{"@id":"https:\/\/www.plastic-crates.com\/product\/pasta-drying-tray-plastic-commercial-pasta-drying-trays-002\/#primaryimage"},"image":{"@id":"https:\/\/www.plastic-crates.com\/product\/pasta-drying-tray-plastic-commercial-pasta-drying-trays-002\/#primaryimage"},"thumbnailUrl":"https:\/\/www.plastic-crates.com\/wp-content\/uploads\/2024\/10\/plastic-pasta-drying-tray-3.jpg","datePublished":"2024-10-28T04:29:06+00:00","dateModified":"2024-10-28T04:29:42+00:00","description":"Makarna kurutma tepsisi, toptan fiyatlarla plastik ticari makarna kurutma tepsileri, Delikli beyaz plastik istiflenebilir kurutma tepsileri","breadcrumb":{"@id":"https:\/\/www.plastic-crates.com\/product\/pasta-drying-tray-plastic-commercial-pasta-drying-trays-002\/#breadcrumb"},"inLanguage":"tr","potentialAction":[{"@type":"ReadAction","target":["https:\/\/www.plastic-crates.com\/product\/pasta-drying-tray-plastic-commercial-pasta-drying-trays-002\/"]}]},{"@type":"ImageObject","inLanguage":"tr","@id":"https:\/\/www.plastic-crates.com\/product\/pasta-drying-tray-plastic-commercial-pasta-drying-trays-002\/#primaryimage","url":"https:\/\/www.plastic-crates.com\/wp-content\/uploads\/2024\/10\/plastic-pasta-drying-tray-3.jpg","contentUrl":"https:\/\/www.plastic-crates.com\/wp-content\/uploads\/2024\/10\/plastic-pasta-drying-tray-3.jpg","width":1000,"height":1000},{"@type":"BreadcrumbList","@id":"https:\/\/www.plastic-crates.com\/product\/pasta-drying-tray-plastic-commercial-pasta-drying-trays-002\/#breadcrumb","itemListElement":[{"@type":"ListItem","position":1,"name":"Home","item":"https:\/\/www.plastic-crates.com\/"},{"@type":"ListItem","position":2,"name":"Products","item":"https:\/\/www.plastic-crates.com\/shop\/"},{"@type":"ListItem","position":3,"name":"Pasta drying tray, plastic commercial pasta drying trays 002"}]},{"@type":"WebSite","@id":"https:\/\/www.plastic-crates.com\/#website","url":"https:\/\/www.plastic-crates.com\/","name":"plastic-crates.com","description":"\u00c7in&#039;in \u00f6nde gelen plastik kasa \u00fcreticisi","potentialAction":[{"@type":"SearchAction","target":{"@type":"EntryPoint","urlTemplate":"https:\/\/www.plastic-crates.com\/?s={search_term_string}"},"query-input":{"@type":"PropertyValueSpecification","valueRequired":true,"valueName":"search_term_string"}}],"inLanguage":"tr"}]}},"_links":{"self":[{"href":"https:\/\/www.plastic-crates.com\/tr\/wp-json\/wp\/v2\/product\/7386","targetHints":{"allow":["GET"]}}],"collection":[{"href":"https:\/\/www.plastic-crates.com\/tr\/wp-json\/wp\/v2\/product"}],"about":[{"href":"https:\/\/www.plastic-crates.com\/tr\/wp-json\/wp\/v2\/types\/product"}],"wp:featuredmedia":[{"embeddable":true,"href":"https:\/\/www.plastic-crates.com\/tr\/wp-json\/wp\/v2\/media\/7401"}],"wp:attachment":[{"href":"https:\/\/www.plastic-crates.com\/tr\/wp-json\/wp\/v2\/media?parent=7386"}],"wp:term":[{"taxonomy":"product_brand","embeddable":true,"href":"https:\/\/www.plastic-crates.com\/tr\/wp-json\/wp\/v2\/product_brand?post=7386"},{"taxonomy":"product_cat","embeddable":true,"href":"https:\/\/www.plastic-crates.com\/tr\/wp-json\/wp\/v2\/product_cat?post=7386"},{"taxonomy":"product_tag","embeddable":true,"href":"https:\/\/www.plastic-crates.com\/tr\/wp-json\/wp\/v2\/product_tag?post=7386"}],"curies":[{"name":"wp","href":"https:\/\/api.w.org\/{rel}","templated":true}]}}