{"id":7387,"date":"2024-10-28T04:29:07","date_gmt":"2024-10-28T04:29:07","guid":{"rendered":"https:\/\/www.plastic-crates.com\/?post_type=product&#038;p=7387"},"modified":"2025-04-28T21:24:26","modified_gmt":"2025-04-28T21:24:26","slug":"plastik-ekmek-tepsileri-ticari-ekmek-tepsileri-690","status":"publish","type":"product","link":"https:\/\/www.plastic-crates.com\/tr\/urun\/plastik-ekmek-tepsileri-ticari-ekmek-tepsileri-690\/","title":{"rendered":"Plastik ekmek tepsileri, ticari ekmek tepsileri-690"},"content":{"rendered":"<p>Plastik ekmek tepsileri, f\u0131r\u0131n veya deponuzda, kamyonlar\u0131n\u0131zda, market veya s\u00fcpermarket depolar\u0131n\u0131zda mevcut alan\u0131n\u0131z\u0131 verimli bir \u015fekilde kullanman\u0131z i\u00e7in tasarlanm\u0131\u015ft\u0131r.<\/p>\n<p>Dolu olduklar\u0131nda, bu ticari ekmek tepsileri kolay ta\u015f\u0131ma ve sergileme i\u00e7in g\u00fcvenli bir \u015fekilde istiflenebilir. Bo\u015f olduklar\u0131nda ise \u00e7apraz istiflenebilir ve i\u00e7 i\u00e7e ge\u00e7erek arka oda ve kamyon alan\u0131ndan tasarruf sa\u011flar.<\/p>\n<p>\u00dcst \u00fcste dizilmi\u015f tepsiler, koridorlarda veya f\u0131r\u0131nlanm\u0131\u015f \u00fcr\u00fcn b\u00f6l\u00fcmlerinde g\u00f6rsel olarak \u00e7ekici, kolay eri\u015filebilir te\u015fhir alanlar\u0131 olu\u015fturur.<\/p>\n<p>&nbsp;<\/p>\n<ul>\n<li>Sal\u0131ncak \u00e7ubu\u011fu iste\u011fe ba\u011fl\u0131d\u0131r, sal\u0131ncak \u00e7ubu\u011funa istiflenebilir ve sal\u0131ncak \u00e7ubu\u011funu d\u0131\u015far\u0131 yuvalayabilir<\/li>\n<li>Kullan\u0131lmad\u0131\u011f\u0131 zaman yerden tasarruf sa\u011flayan i\u00e7 i\u00e7e ge\u00e7ebilen tasar\u0131m<\/li>\n<li>M\u00fc\u015fterinin ad\u0131 ve logosu ile ipek bask\u0131<\/li>\n<li>Etiket tutucusu iste\u011fe ba\u011fl\u0131 olarak tak\u0131labilir<\/li>\n<li>\u00d6zellikle ekmek y\u00fcklemesi i\u00e7in<\/li>\n<\/ul>\n<p>Mevcut boyut <strong>plastik ekmek tepsileri<\/strong><\/p>\n<p>725x650x150,<\/p>\n<p>550x480x165,<\/p>\n<p>550x480x153<\/p>\n<p>&nbsp;<\/p>\n<p><a href=\"https:\/\/www.plastic-crate.co.uk\/product-category\/plastic-milk-crates\/\">sat\u0131l\u0131k s\u00fct kasalar\u0131<\/a>, <a href=\"https:\/\/www.plastic-crate.co.uk\/product-category\/supermarket-crates-bale-arm-crates\/\">s\u00fcpermarket balya kolu kasalar\u0131<\/a>, <a href=\"https:\/\/www.plastic-crates.com\/tr\/urun-kategori\/kapakli-cantalar\/\" target=\"_blank\" rel=\"noopener\">ekli kapakl\u0131 plastik kasalar<\/a><\/p>","protected":false},"excerpt":{"rendered":"<p>Plastic bread trays are designed for the efficient use of your available space in the bakery or warehouse, on trucks,&hellip;<\/p>","protected":false},"featured_media":7407,"template":"","meta":{"_acf_changed":false},"product_brand":[],"product_cat":[151,144],"product_tag":[],"class_list":{"0":"post-7387","1":"product","2":"type-product","3":"status-publish","4":"has-post-thumbnail","6":"product_cat-bakery-rack","7":"product_cat-plastic-trays-wholesale","9":"first","10":"instock","11":"product-type-simple"},"acf":[],"yoast_head":"<!-- This site is optimized with the Yoast SEO plugin v26.1.1 - https:\/\/yoast.com\/wordpress\/plugins\/seo\/ -->\n<title>Plastic bread trays, commercial bread trays Wholesale<\/title>\n<meta name=\"description\" content=\"Plastic bread trays, commercial bread trays at wholesale prices, OEM &amp; ODM service available, perfect for catering supermarket\" \/>\n<meta name=\"robots\" content=\"index, follow, max-snippet:-1, max-image-preview:large, max-video-preview:-1\" \/>\n<link rel=\"canonical\" href=\"https:\/\/www.plastic-crates.com\/tr\/urun\/plastik-ekmek-tepsileri-ticari-ekmek-tepsileri-690\/\" \/>\n<meta property=\"og:locale\" content=\"tr_TR\" \/>\n<meta property=\"og:type\" content=\"article\" \/>\n<meta property=\"og:title\" content=\"stackable folding crate, High Quality stackable folding crate Wholesale\" \/>\n<meta property=\"og:description\" content=\"Plastic bread trays, commercial bread trays at wholesale prices, OEM &amp; ODM service available, perfect for catering supermarket\" \/>\n<meta property=\"og:url\" content=\"https:\/\/www.plastic-crates.com\/tr\/urun\/plastik-ekmek-tepsileri-ticari-ekmek-tepsileri-690\/\" \/>\n<meta property=\"og:site_name\" content=\"plastic-crates.com\" \/>\n<meta property=\"article:modified_time\" content=\"2025-04-28T21:24:26+00:00\" \/>\n<meta property=\"og:image\" content=\"https:\/\/www.plastic-crates.com\/wp-content\/uploads\/2024\/10\/plastic-bread-trays-2.jpg\" \/>\n\t<meta property=\"og:image:width\" content=\"800\" \/>\n\t<meta property=\"og:image:height\" content=\"800\" \/>\n\t<meta property=\"og:image:type\" content=\"image\/jpeg\" \/>\n<meta name=\"twitter:card\" content=\"summary_large_image\" \/>\n<meta name=\"twitter:title\" content=\"stackable folding crate, High Quality stackable folding crate Wholesale\" \/>\n<meta name=\"twitter:label1\" content=\"Tahmini okuma s\u00fcresi\" \/>\n\t<meta name=\"twitter:data1\" content=\"1 dakika\" \/>\n<script type=\"application\/ld+json\" class=\"yoast-schema-graph\">{\"@context\":\"https:\/\/schema.org\",\"@graph\":[{\"@type\":\"WebPage\",\"@id\":\"https:\/\/www.plastic-crates.com\/product\/plastic-bread-trays-commercial-bread-trays-690\/\",\"url\":\"https:\/\/www.plastic-crates.com\/product\/plastic-bread-trays-commercial-bread-trays-690\/\",\"name\":\"Plastic bread trays, commercial bread trays Wholesale\",\"isPartOf\":{\"@id\":\"https:\/\/www.plastic-crates.com\/#website\"},\"primaryImageOfPage\":{\"@id\":\"https:\/\/www.plastic-crates.com\/product\/plastic-bread-trays-commercial-bread-trays-690\/#primaryimage\"},\"image\":{\"@id\":\"https:\/\/www.plastic-crates.com\/product\/plastic-bread-trays-commercial-bread-trays-690\/#primaryimage\"},\"thumbnailUrl\":\"https:\/\/www.plastic-crates.com\/wp-content\/uploads\/2024\/10\/plastic-bread-trays-2.jpg\",\"datePublished\":\"2024-10-28T04:29:07+00:00\",\"dateModified\":\"2025-04-28T21:24:26+00:00\",\"description\":\"Plastic bread trays, commercial bread trays at wholesale prices, OEM & ODM service available, perfect for catering supermarket\",\"breadcrumb\":{\"@id\":\"https:\/\/www.plastic-crates.com\/product\/plastic-bread-trays-commercial-bread-trays-690\/#breadcrumb\"},\"inLanguage\":\"tr\",\"potentialAction\":[{\"@type\":\"ReadAction\",\"target\":[\"https:\/\/www.plastic-crates.com\/product\/plastic-bread-trays-commercial-bread-trays-690\/\"]}]},{\"@type\":\"ImageObject\",\"inLanguage\":\"tr\",\"@id\":\"https:\/\/www.plastic-crates.com\/product\/plastic-bread-trays-commercial-bread-trays-690\/#primaryimage\",\"url\":\"https:\/\/www.plastic-crates.com\/wp-content\/uploads\/2024\/10\/plastic-bread-trays-2.jpg\",\"contentUrl\":\"https:\/\/www.plastic-crates.com\/wp-content\/uploads\/2024\/10\/plastic-bread-trays-2.jpg\",\"width\":800,\"height\":800},{\"@type\":\"BreadcrumbList\",\"@id\":\"https:\/\/www.plastic-crates.com\/product\/plastic-bread-trays-commercial-bread-trays-690\/#breadcrumb\",\"itemListElement\":[{\"@type\":\"ListItem\",\"position\":1,\"name\":\"Home\",\"item\":\"https:\/\/www.plastic-crates.com\/\"},{\"@type\":\"ListItem\",\"position\":2,\"name\":\"Products\",\"item\":\"https:\/\/www.plastic-crates.com\/shop\/\"},{\"@type\":\"ListItem\",\"position\":3,\"name\":\"Plastic bread trays, commercial bread trays-690\"}]},{\"@type\":\"WebSite\",\"@id\":\"https:\/\/www.plastic-crates.com\/#website\",\"url\":\"https:\/\/www.plastic-crates.com\/\",\"name\":\"plastic-crates.com\",\"description\":\"Leading plastic crates manufacturer in China\",\"potentialAction\":[{\"@type\":\"SearchAction\",\"target\":{\"@type\":\"EntryPoint\",\"urlTemplate\":\"https:\/\/www.plastic-crates.com\/?s={search_term_string}\"},\"query-input\":{\"@type\":\"PropertyValueSpecification\",\"valueRequired\":true,\"valueName\":\"search_term_string\"}}],\"inLanguage\":\"tr\"}]}<\/script>\n<!-- \/ Yoast SEO plugin. -->","yoast_head_json":{"title":"Plastik ekmek tepsileri, ticari ekmek tepsileri Toptan","description":"Plastik ekmek tepsileri, toptan fiyatlarla ticari ekmek tepsileri, OEM ve ODM hizmeti mevcuttur, catering s\u00fcpermarketleri i\u00e7in m\u00fckemmeldir","robots":{"index":"index","follow":"follow","max-snippet":"max-snippet:-1","max-image-preview":"max-image-preview:large","max-video-preview":"max-video-preview:-1"},"canonical":"https:\/\/www.plastic-crates.com\/tr\/urun\/plastik-ekmek-tepsileri-ticari-ekmek-tepsileri-690\/","og_locale":"tr_TR","og_type":"article","og_title":"stackable folding crate, High Quality stackable folding crate Wholesale","og_description":"Plastic bread trays, commercial bread trays at wholesale prices, OEM & ODM service available, perfect for catering supermarket","og_url":"https:\/\/www.plastic-crates.com\/tr\/urun\/plastik-ekmek-tepsileri-ticari-ekmek-tepsileri-690\/","og_site_name":"plastic-crates.com","article_modified_time":"2025-04-28T21:24:26+00:00","og_image":[{"width":800,"height":800,"url":"https:\/\/www.plastic-crates.com\/wp-content\/uploads\/2024\/10\/plastic-bread-trays-2.jpg","type":"image\/jpeg"}],"twitter_card":"summary_large_image","twitter_title":"stackable folding crate, High Quality stackable folding crate Wholesale","twitter_misc":{"Tahmini okuma s\u00fcresi":"1 dakika"},"schema":{"@context":"https:\/\/schema.org","@graph":[{"@type":"WebPage","@id":"https:\/\/www.plastic-crates.com\/product\/plastic-bread-trays-commercial-bread-trays-690\/","url":"https:\/\/www.plastic-crates.com\/product\/plastic-bread-trays-commercial-bread-trays-690\/","name":"Plastik ekmek tepsileri, ticari ekmek tepsileri Toptan","isPartOf":{"@id":"https:\/\/www.plastic-crates.com\/#website"},"primaryImageOfPage":{"@id":"https:\/\/www.plastic-crates.com\/product\/plastic-bread-trays-commercial-bread-trays-690\/#primaryimage"},"image":{"@id":"https:\/\/www.plastic-crates.com\/product\/plastic-bread-trays-commercial-bread-trays-690\/#primaryimage"},"thumbnailUrl":"https:\/\/www.plastic-crates.com\/wp-content\/uploads\/2024\/10\/plastic-bread-trays-2.jpg","datePublished":"2024-10-28T04:29:07+00:00","dateModified":"2025-04-28T21:24:26+00:00","description":"Plastik ekmek tepsileri, toptan fiyatlarla ticari ekmek tepsileri, OEM ve ODM hizmeti mevcuttur, catering s\u00fcpermarketleri i\u00e7in m\u00fckemmeldir","breadcrumb":{"@id":"https:\/\/www.plastic-crates.com\/product\/plastic-bread-trays-commercial-bread-trays-690\/#breadcrumb"},"inLanguage":"tr","potentialAction":[{"@type":"ReadAction","target":["https:\/\/www.plastic-crates.com\/product\/plastic-bread-trays-commercial-bread-trays-690\/"]}]},{"@type":"ImageObject","inLanguage":"tr","@id":"https:\/\/www.plastic-crates.com\/product\/plastic-bread-trays-commercial-bread-trays-690\/#primaryimage","url":"https:\/\/www.plastic-crates.com\/wp-content\/uploads\/2024\/10\/plastic-bread-trays-2.jpg","contentUrl":"https:\/\/www.plastic-crates.com\/wp-content\/uploads\/2024\/10\/plastic-bread-trays-2.jpg","width":800,"height":800},{"@type":"BreadcrumbList","@id":"https:\/\/www.plastic-crates.com\/product\/plastic-bread-trays-commercial-bread-trays-690\/#breadcrumb","itemListElement":[{"@type":"ListItem","position":1,"name":"Home","item":"https:\/\/www.plastic-crates.com\/"},{"@type":"ListItem","position":2,"name":"Products","item":"https:\/\/www.plastic-crates.com\/shop\/"},{"@type":"ListItem","position":3,"name":"Plastic bread trays, commercial bread trays-690"}]},{"@type":"WebSite","@id":"https:\/\/www.plastic-crates.com\/#website","url":"https:\/\/www.plastic-crates.com\/","name":"plastic-crates.com","description":"\u00c7in&#039;in \u00f6nde gelen plastik kasa \u00fcreticisi","potentialAction":[{"@type":"SearchAction","target":{"@type":"EntryPoint","urlTemplate":"https:\/\/www.plastic-crates.com\/?s={search_term_string}"},"query-input":{"@type":"PropertyValueSpecification","valueRequired":true,"valueName":"search_term_string"}}],"inLanguage":"tr"}]}},"_links":{"self":[{"href":"https:\/\/www.plastic-crates.com\/tr\/wp-json\/wp\/v2\/product\/7387","targetHints":{"allow":["GET"]}}],"collection":[{"href":"https:\/\/www.plastic-crates.com\/tr\/wp-json\/wp\/v2\/product"}],"about":[{"href":"https:\/\/www.plastic-crates.com\/tr\/wp-json\/wp\/v2\/types\/product"}],"wp:featuredmedia":[{"embeddable":true,"href":"https:\/\/www.plastic-crates.com\/tr\/wp-json\/wp\/v2\/media\/7407"}],"wp:attachment":[{"href":"https:\/\/www.plastic-crates.com\/tr\/wp-json\/wp\/v2\/media?parent=7387"}],"wp:term":[{"taxonomy":"product_brand","embeddable":true,"href":"https:\/\/www.plastic-crates.com\/tr\/wp-json\/wp\/v2\/product_brand?post=7387"},{"taxonomy":"product_cat","embeddable":true,"href":"https:\/\/www.plastic-crates.com\/tr\/wp-json\/wp\/v2\/product_cat?post=7387"},{"taxonomy":"product_tag","embeddable":true,"href":"https:\/\/www.plastic-crates.com\/tr\/wp-json\/wp\/v2\/product_tag?post=7387"}],"curies":[{"name":"wp","href":"https:\/\/api.w.org\/{rel}","templated":true}]}}