{"id":7388,"date":"2024-10-28T04:29:07","date_gmt":"2024-10-28T04:29:07","guid":{"rendered":"https:\/\/www.plastic-crates.com\/?post_type=product&#038;p=7388"},"modified":"2024-10-28T04:30:11","modified_gmt":"2024-10-28T04:30:11","slug":"hamur-tepsileri-pizza-hamur-tepsileri-hamur-mayalama-tepsileri-650","status":"publish","type":"product","link":"https:\/\/www.plastic-crates.com\/tr\/urun\/hamur-tepsileri-pizza-hamur-tepsileri-hamur-mayalama-tepsileri-650\/","title":{"rendered":"Hamur tepsileri, pizza hamur tepsileri, hamur mayaland\u0131rma tepsileri-650"},"content":{"rendered":"<p>Kolay saklama i\u00e7in bu pizza hamuru tepsisi, benzer boyutlardaki di\u011fer kutularla g\u00fcvenli bir \u015fekilde istiflenebilecek \u015fekilde tasarlanm\u0131\u015ft\u0131r. Ev yap\u0131m\u0131 hamurunuzu saklamak i\u00e7in m\u00fckemmel durumda olmas\u0131 i\u00e7in, sat\u0131n ald\u0131\u011f\u0131n\u0131z her pizza hamuru tepsisini uyumlu kapaklarla birle\u015ftirmeniz yeterlidir. F\u0131r\u0131n veya sandvi\u00e7 d\u00fckkan\u0131 i\u00e7in idealdir.<\/p>\n<div style=\"width: 952px;\" class=\"wp-video\"><!--[if lt IE 9]><script>document.createElement('video');<\/script><![endif]-->\n<video class=\"wp-video-shortcode\" id=\"video-7388-1\" width=\"952\" height=\"540\" preload=\"metadata\" controls=\"controls\"><source type=\"video\/mp4\" src=\"https:\/\/www.plastic-crate.co.uk\/wp-content\/uploads\/2022\/04\/pizza-dough-trays.mp4?_=1\" \/><a href=\"https:\/\/www.plastic-crate.co.uk\/wp-content\/uploads\/2022\/04\/pizza-dough-trays.mp4\">https:\/\/www.plastic-crate.co.uk\/wp-content\/uploads\/2022\/04\/pizza-dough-trays.mp4<\/a><\/video><\/div>\n<p>&nbsp;<\/p>\n<p>&nbsp;<\/p>\n<p><a href=\"https:\/\/www.plastic-crate.co.uk\/product-category\/plastic-milk-crates\/\">sat\u0131l\u0131k plastik s\u00fct kasalar\u0131<\/a>, <a href=\"https:\/\/www.plastic-crate.co.uk\/product-category\/supermarket-crates-bale-arm-crates\/\">balya kolu kasalar\u0131<\/a>, <a href=\"https:\/\/www.plastic-crates.com\/tr\/urun-kategori\/kapakli-cantalar\/\" target=\"_blank\" rel=\"noopener\">ekli kapakl\u0131 plastik saklama kaplar\u0131<\/a><\/p>","protected":false},"excerpt":{"rendered":"<p>For easy storage, this pizza dough tray is designed to stack securely with other similarly sized boxes. Simply combine each&hellip;<\/p>","protected":false},"featured_media":7413,"template":"","meta":{"_acf_changed":false},"product_brand":[],"product_cat":[144],"product_tag":[],"class_list":{"0":"post-7388","1":"product","2":"type-product","3":"status-publish","4":"has-post-thumbnail","6":"product_cat-plastic-trays-wholesale","8":"first","9":"instock","10":"product-type-simple"},"acf":[],"yoast_head":"<!-- This site is optimized with the Yoast SEO plugin v26.1.1 - https:\/\/yoast.com\/wordpress\/plugins\/seo\/ -->\n<title>Pizza dough trays, dough proofing trays Wholesale<\/title>\n<meta name=\"description\" content=\"Dough trays, pizza dough trays, dough proofing trays at wholesale prices, OEM &amp; ODM service available, perfect for bakery or a sandwich shop\" \/>\n<meta name=\"robots\" content=\"index, follow, max-snippet:-1, max-image-preview:large, max-video-preview:-1\" \/>\n<link rel=\"canonical\" href=\"https:\/\/www.plastic-crates.com\/tr\/urun\/hamur-tepsileri-pizza-hamur-tepsileri-hamur-mayalama-tepsileri-650\/\" \/>\n<meta property=\"og:locale\" content=\"tr_TR\" \/>\n<meta property=\"og:type\" content=\"article\" \/>\n<meta property=\"og:title\" content=\"stackable folding crate, High Quality stackable folding crate Wholesale\" \/>\n<meta property=\"og:description\" content=\"Dough trays, pizza dough trays, dough proofing trays at wholesale prices, OEM &amp; ODM service available, perfect for bakery or a sandwich shop\" \/>\n<meta property=\"og:url\" content=\"https:\/\/www.plastic-crates.com\/tr\/urun\/hamur-tepsileri-pizza-hamur-tepsileri-hamur-mayalama-tepsileri-650\/\" \/>\n<meta property=\"og:site_name\" content=\"plastic-crates.com\" \/>\n<meta property=\"article:modified_time\" content=\"2024-10-28T04:30:11+00:00\" \/>\n<meta name=\"twitter:card\" content=\"summary_large_image\" \/>\n<meta name=\"twitter:title\" content=\"stackable folding crate, High Quality stackable folding crate Wholesale\" \/>\n<meta name=\"twitter:label1\" content=\"Tahmini okuma s\u00fcresi\" \/>\n\t<meta name=\"twitter:data1\" content=\"1 dakika\" \/>\n<script type=\"application\/ld+json\" class=\"yoast-schema-graph\">{\"@context\":\"https:\/\/schema.org\",\"@graph\":[{\"@type\":\"WebPage\",\"@id\":\"https:\/\/www.plastic-crates.com\/product\/dough-trays-pizza-dough-trays-dough-proofing-trays-650\/\",\"url\":\"https:\/\/www.plastic-crates.com\/product\/dough-trays-pizza-dough-trays-dough-proofing-trays-650\/\",\"name\":\"Pizza dough trays, dough proofing trays Wholesale\",\"isPartOf\":{\"@id\":\"https:\/\/www.plastic-crates.com\/#website\"},\"primaryImageOfPage\":{\"@id\":\"https:\/\/www.plastic-crates.com\/product\/dough-trays-pizza-dough-trays-dough-proofing-trays-650\/#primaryimage\"},\"image\":{\"@id\":\"https:\/\/www.plastic-crates.com\/product\/dough-trays-pizza-dough-trays-dough-proofing-trays-650\/#primaryimage\"},\"thumbnailUrl\":\"https:\/\/www.plastic-crates.com\/wp-content\/uploads\/2024\/10\/pizza-dough-trays-2.jpg\",\"datePublished\":\"2024-10-28T04:29:07+00:00\",\"dateModified\":\"2024-10-28T04:30:11+00:00\",\"description\":\"Dough trays, pizza dough trays, dough proofing trays at wholesale prices, OEM &amp; ODM service available, perfect for bakery or a sandwich shop\",\"breadcrumb\":{\"@id\":\"https:\/\/www.plastic-crates.com\/product\/dough-trays-pizza-dough-trays-dough-proofing-trays-650\/#breadcrumb\"},\"inLanguage\":\"tr\",\"potentialAction\":[{\"@type\":\"ReadAction\",\"target\":[\"https:\/\/www.plastic-crates.com\/product\/dough-trays-pizza-dough-trays-dough-proofing-trays-650\/\"]}]},{\"@type\":\"ImageObject\",\"inLanguage\":\"tr\",\"@id\":\"https:\/\/www.plastic-crates.com\/product\/dough-trays-pizza-dough-trays-dough-proofing-trays-650\/#primaryimage\",\"url\":\"https:\/\/www.plastic-crates.com\/wp-content\/uploads\/2024\/10\/pizza-dough-trays-2.jpg\",\"contentUrl\":\"https:\/\/www.plastic-crates.com\/wp-content\/uploads\/2024\/10\/pizza-dough-trays-2.jpg\",\"width\":700,\"height\":700},{\"@type\":\"BreadcrumbList\",\"@id\":\"https:\/\/www.plastic-crates.com\/product\/dough-trays-pizza-dough-trays-dough-proofing-trays-650\/#breadcrumb\",\"itemListElement\":[{\"@type\":\"ListItem\",\"position\":1,\"name\":\"Home\",\"item\":\"https:\/\/www.plastic-crates.com\/\"},{\"@type\":\"ListItem\",\"position\":2,\"name\":\"Products\",\"item\":\"https:\/\/www.plastic-crates.com\/shop\/\"},{\"@type\":\"ListItem\",\"position\":3,\"name\":\"Dough trays, pizza dough trays, dough proofing trays-650\"}]},{\"@type\":\"WebSite\",\"@id\":\"https:\/\/www.plastic-crates.com\/#website\",\"url\":\"https:\/\/www.plastic-crates.com\/\",\"name\":\"plastic-crates.com\",\"description\":\"Leading plastic crates manufacturer in China\",\"potentialAction\":[{\"@type\":\"SearchAction\",\"target\":{\"@type\":\"EntryPoint\",\"urlTemplate\":\"https:\/\/www.plastic-crates.com\/?s={search_term_string}\"},\"query-input\":{\"@type\":\"PropertyValueSpecification\",\"valueRequired\":true,\"valueName\":\"search_term_string\"}}],\"inLanguage\":\"tr\"}]}<\/script>\n<!-- \/ Yoast SEO plugin. -->","yoast_head_json":{"title":"Pizza hamur tepsileri, hamur mayalama tepsileri Toptan","description":"Dough trays, pizza dough trays, dough proofing trays at wholesale prices, OEM &amp; ODM service available, perfect for bakery or a sandwich shop","robots":{"index":"index","follow":"follow","max-snippet":"max-snippet:-1","max-image-preview":"max-image-preview:large","max-video-preview":"max-video-preview:-1"},"canonical":"https:\/\/www.plastic-crates.com\/tr\/urun\/hamur-tepsileri-pizza-hamur-tepsileri-hamur-mayalama-tepsileri-650\/","og_locale":"tr_TR","og_type":"article","og_title":"stackable folding crate, High Quality stackable folding crate Wholesale","og_description":"Dough trays, pizza dough trays, dough proofing trays at wholesale prices, OEM &amp; ODM service available, perfect for bakery or a sandwich shop","og_url":"https:\/\/www.plastic-crates.com\/tr\/urun\/hamur-tepsileri-pizza-hamur-tepsileri-hamur-mayalama-tepsileri-650\/","og_site_name":"plastic-crates.com","article_modified_time":"2024-10-28T04:30:11+00:00","twitter_card":"summary_large_image","twitter_title":"stackable folding crate, High Quality stackable folding crate Wholesale","twitter_misc":{"Tahmini okuma s\u00fcresi":"1 dakika"},"schema":{"@context":"https:\/\/schema.org","@graph":[{"@type":"WebPage","@id":"https:\/\/www.plastic-crates.com\/product\/dough-trays-pizza-dough-trays-dough-proofing-trays-650\/","url":"https:\/\/www.plastic-crates.com\/product\/dough-trays-pizza-dough-trays-dough-proofing-trays-650\/","name":"Pizza hamur tepsileri, hamur mayalama tepsileri Toptan","isPartOf":{"@id":"https:\/\/www.plastic-crates.com\/#website"},"primaryImageOfPage":{"@id":"https:\/\/www.plastic-crates.com\/product\/dough-trays-pizza-dough-trays-dough-proofing-trays-650\/#primaryimage"},"image":{"@id":"https:\/\/www.plastic-crates.com\/product\/dough-trays-pizza-dough-trays-dough-proofing-trays-650\/#primaryimage"},"thumbnailUrl":"https:\/\/www.plastic-crates.com\/wp-content\/uploads\/2024\/10\/pizza-dough-trays-2.jpg","datePublished":"2024-10-28T04:29:07+00:00","dateModified":"2024-10-28T04:30:11+00:00","description":"Dough trays, pizza dough trays, dough proofing trays at wholesale prices, OEM &amp; ODM service available, perfect for bakery or a sandwich shop","breadcrumb":{"@id":"https:\/\/www.plastic-crates.com\/product\/dough-trays-pizza-dough-trays-dough-proofing-trays-650\/#breadcrumb"},"inLanguage":"tr","potentialAction":[{"@type":"ReadAction","target":["https:\/\/www.plastic-crates.com\/product\/dough-trays-pizza-dough-trays-dough-proofing-trays-650\/"]}]},{"@type":"ImageObject","inLanguage":"tr","@id":"https:\/\/www.plastic-crates.com\/product\/dough-trays-pizza-dough-trays-dough-proofing-trays-650\/#primaryimage","url":"https:\/\/www.plastic-crates.com\/wp-content\/uploads\/2024\/10\/pizza-dough-trays-2.jpg","contentUrl":"https:\/\/www.plastic-crates.com\/wp-content\/uploads\/2024\/10\/pizza-dough-trays-2.jpg","width":700,"height":700},{"@type":"BreadcrumbList","@id":"https:\/\/www.plastic-crates.com\/product\/dough-trays-pizza-dough-trays-dough-proofing-trays-650\/#breadcrumb","itemListElement":[{"@type":"ListItem","position":1,"name":"Home","item":"https:\/\/www.plastic-crates.com\/"},{"@type":"ListItem","position":2,"name":"Products","item":"https:\/\/www.plastic-crates.com\/shop\/"},{"@type":"ListItem","position":3,"name":"Dough trays, pizza dough trays, dough proofing trays-650"}]},{"@type":"WebSite","@id":"https:\/\/www.plastic-crates.com\/#website","url":"https:\/\/www.plastic-crates.com\/","name":"plastic-crates.com","description":"\u00c7in&#039;in \u00f6nde gelen plastik kasa \u00fcreticisi","potentialAction":[{"@type":"SearchAction","target":{"@type":"EntryPoint","urlTemplate":"https:\/\/www.plastic-crates.com\/?s={search_term_string}"},"query-input":{"@type":"PropertyValueSpecification","valueRequired":true,"valueName":"search_term_string"}}],"inLanguage":"tr"}]}},"_links":{"self":[{"href":"https:\/\/www.plastic-crates.com\/tr\/wp-json\/wp\/v2\/product\/7388","targetHints":{"allow":["GET"]}}],"collection":[{"href":"https:\/\/www.plastic-crates.com\/tr\/wp-json\/wp\/v2\/product"}],"about":[{"href":"https:\/\/www.plastic-crates.com\/tr\/wp-json\/wp\/v2\/types\/product"}],"wp:featuredmedia":[{"embeddable":true,"href":"https:\/\/www.plastic-crates.com\/tr\/wp-json\/wp\/v2\/media\/7413"}],"wp:attachment":[{"href":"https:\/\/www.plastic-crates.com\/tr\/wp-json\/wp\/v2\/media?parent=7388"}],"wp:term":[{"taxonomy":"product_brand","embeddable":true,"href":"https:\/\/www.plastic-crates.com\/tr\/wp-json\/wp\/v2\/product_brand?post=7388"},{"taxonomy":"product_cat","embeddable":true,"href":"https:\/\/www.plastic-crates.com\/tr\/wp-json\/wp\/v2\/product_cat?post=7388"},{"taxonomy":"product_tag","embeddable":true,"href":"https:\/\/www.plastic-crates.com\/tr\/wp-json\/wp\/v2\/product_tag?post=7388"}],"curies":[{"name":"wp","href":"https:\/\/api.w.org\/{rel}","templated":true}]}}