{"id":7389,"date":"2024-10-28T04:29:07","date_gmt":"2024-10-28T04:29:07","guid":{"rendered":"https:\/\/www.plastic-crates.com\/?post_type=product&#038;p=7389"},"modified":"2025-09-10T17:18:04","modified_gmt":"2025-09-10T17:18:04","slug":"plastik-hamur-tepsileri-kapakli-pizza-hamur-tepsisi-453","status":"publish","type":"product","link":"https:\/\/www.plastic-crates.com\/tr\/urun\/plastik-hamur-tepsileri-kapakli-pizza-hamur-tepsisi-453\/","title":{"rendered":"Plastik hamur tepsileri, kapakl\u0131 pizza hamur tepsisi-453"},"content":{"rendered":"<p>Kolay saklama i\u00e7in, kapakl\u0131 bu plastik pizza hamuru tepsisi, benzer boyuttaki di\u011fer kutularla g\u00fcvenli bir \u015fekilde istiflenebilecek \u015fekilde tasarlanm\u0131\u015ft\u0131r. Ev yap\u0131m\u0131 hamurunuzu saklamak i\u00e7in m\u00fckemmel durumda olmas\u0131 i\u00e7in, sat\u0131n ald\u0131\u011f\u0131n\u0131z her pizza hamuru tepsisini uyumlu kapaklarla birle\u015ftirmeniz yeterlidir. F\u0131r\u0131n veya sandvi\u00e7 d\u00fckkan\u0131 i\u00e7in idealdir.<\/p>\n<div style=\"width: 960px;\" class=\"wp-video\"><!--[if lt IE 9]><script>document.createElement('video');<\/script><![endif]-->\n<video class=\"wp-video-shortcode\" id=\"video-7389-1\" width=\"960\" height=\"540\" preload=\"metadata\" controls=\"controls\"><source type=\"video\/mp4\" src=\"https:\/\/www.plastic-crate.co.uk\/wp-content\/uploads\/2022\/04\/dough-tray-with-lid.mp4?_=1\" \/><a href=\"https:\/\/www.plastic-crate.co.uk\/wp-content\/uploads\/2022\/04\/dough-tray-with-lid.mp4\">https:\/\/www.plastic-crate.co.uk\/wp-content\/uploads\/2022\/04\/dough-tray-with-lid.mp4<\/a><\/video><\/div>\n<p><img loading=\"lazy\" decoding=\"async\" class=\"alignnone wp-image-6099 size-full\" src=\"https:\/\/www.plastic-crate.co.uk\/wp-content\/uploads\/2022\/04\/pizza-dough-tray-with-lid-food-grade.jpg\" alt=\"kapakl\u0131 pizza hamur tepsisi g\u0131da s\u0131n\u0131f\u0131\" width=\"750\" height=\"956\" \/><img loading=\"lazy\" decoding=\"async\" class=\"alignnone wp-image-6100 size-full\" src=\"https:\/\/www.plastic-crate.co.uk\/wp-content\/uploads\/2022\/04\/pizza-dough-tray-with-lid-application.jpg\" alt=\"kapakl\u0131 pizza hamuru tepsisi uygulamas\u0131\" width=\"750\" height=\"776\" \/><\/p>\n<p><a href=\"https:\/\/www.plastic-crate.co.uk\/product-category\/plastic-milk-crates\/\">sat\u0131l\u0131k s\u00fct kasalar\u0131<\/a>, <a href=\"https:\/\/www.plastic-crate.co.uk\/product-category\/supermarket-crates-bale-arm-crates\/\">balya kolu kasalar\u0131<\/a>, <a href=\"https:\/\/www.plastic-crates.com\/tr\/urun-kategori\/kapakli-cantalar\/\" target=\"_blank\" rel=\"noopener\">ekli kapakl\u0131 plastik kaplar<\/a><\/p>","protected":false},"excerpt":{"rendered":"<p>For easy storage, this plastic pizza dough tray with lid is designed to stack securely with other similarly sized boxes.&hellip;<\/p>","protected":false},"featured_media":7418,"template":"","meta":{"_acf_changed":false},"product_brand":[],"product_cat":[144],"product_tag":[152],"class_list":{"0":"post-7389","1":"product","2":"type-product","3":"status-publish","4":"has-post-thumbnail","6":"product_cat-plastic-trays-wholesale","7":"product_tag-pizza-dough-proofing-box","9":"first","10":"instock","11":"product-type-simple"},"acf":[],"yoast_head":"<!-- This site is optimized with the Yoast SEO plugin v26.1.1 - https:\/\/yoast.com\/wordpress\/plugins\/seo\/ -->\n<title>Plastic dough trays, pizza dough tray with lid Wholesale<\/title>\n<meta name=\"description\" content=\"Plastic dough trays, pizza dough tray with lid at wholesale prices, OEM &amp; ODM service available, perfect for bakery or a sandwich shop\" \/>\n<meta name=\"robots\" content=\"index, follow, max-snippet:-1, max-image-preview:large, max-video-preview:-1\" \/>\n<link rel=\"canonical\" href=\"https:\/\/www.plastic-crates.com\/tr\/urun\/plastik-hamur-tepsileri-kapakli-pizza-hamur-tepsisi-453\/\" \/>\n<meta property=\"og:locale\" content=\"tr_TR\" \/>\n<meta property=\"og:type\" content=\"article\" \/>\n<meta property=\"og:title\" content=\"stackable folding crate, High Quality stackable folding crate Wholesale\" \/>\n<meta property=\"og:description\" content=\"Plastic dough trays, pizza dough tray with lid at wholesale prices, OEM &amp; ODM service available, perfect for bakery or a sandwich shop\" \/>\n<meta property=\"og:url\" content=\"https:\/\/www.plastic-crates.com\/tr\/urun\/plastik-hamur-tepsileri-kapakli-pizza-hamur-tepsisi-453\/\" \/>\n<meta property=\"og:site_name\" content=\"plastic-crates.com\" \/>\n<meta property=\"article:modified_time\" content=\"2025-09-10T17:18:04+00:00\" \/>\n<meta property=\"og:image\" content=\"https:\/\/www.plastic-crates.com\/wp-content\/uploads\/2024\/10\/dough-tray-with-lid-6.png\" \/>\n\t<meta property=\"og:image:width\" content=\"801\" \/>\n\t<meta property=\"og:image:height\" content=\"469\" \/>\n\t<meta property=\"og:image:type\" content=\"image\/png\" \/>\n<meta name=\"twitter:card\" content=\"summary_large_image\" \/>\n<meta name=\"twitter:title\" content=\"stackable folding crate, High Quality stackable folding crate Wholesale\" \/>\n<meta name=\"twitter:label1\" content=\"Tahmini okuma s\u00fcresi\" \/>\n\t<meta name=\"twitter:data1\" content=\"1 dakika\" \/>\n<script type=\"application\/ld+json\" class=\"yoast-schema-graph\">{\"@context\":\"https:\/\/schema.org\",\"@graph\":[{\"@type\":\"WebPage\",\"@id\":\"https:\/\/www.plastic-crates.com\/product\/plastic-dough-trays-pizza-dough-tray-with-lid-453\/\",\"url\":\"https:\/\/www.plastic-crates.com\/product\/plastic-dough-trays-pizza-dough-tray-with-lid-453\/\",\"name\":\"Plastic dough trays, pizza dough tray with lid Wholesale\",\"isPartOf\":{\"@id\":\"https:\/\/www.plastic-crates.com\/#website\"},\"primaryImageOfPage\":{\"@id\":\"https:\/\/www.plastic-crates.com\/product\/plastic-dough-trays-pizza-dough-tray-with-lid-453\/#primaryimage\"},\"image\":{\"@id\":\"https:\/\/www.plastic-crates.com\/product\/plastic-dough-trays-pizza-dough-tray-with-lid-453\/#primaryimage\"},\"thumbnailUrl\":\"https:\/\/www.plastic-crates.com\/wp-content\/uploads\/2024\/10\/dough-tray-with-lid-6.png\",\"datePublished\":\"2024-10-28T04:29:07+00:00\",\"dateModified\":\"2025-09-10T17:18:04+00:00\",\"description\":\"Plastic dough trays, pizza dough tray with lid at wholesale prices, OEM & ODM service available, perfect for bakery or a sandwich shop\",\"breadcrumb\":{\"@id\":\"https:\/\/www.plastic-crates.com\/product\/plastic-dough-trays-pizza-dough-tray-with-lid-453\/#breadcrumb\"},\"inLanguage\":\"tr\",\"potentialAction\":[{\"@type\":\"ReadAction\",\"target\":[\"https:\/\/www.plastic-crates.com\/product\/plastic-dough-trays-pizza-dough-tray-with-lid-453\/\"]}]},{\"@type\":\"ImageObject\",\"inLanguage\":\"tr\",\"@id\":\"https:\/\/www.plastic-crates.com\/product\/plastic-dough-trays-pizza-dough-tray-with-lid-453\/#primaryimage\",\"url\":\"https:\/\/www.plastic-crates.com\/wp-content\/uploads\/2024\/10\/dough-tray-with-lid-6.png\",\"contentUrl\":\"https:\/\/www.plastic-crates.com\/wp-content\/uploads\/2024\/10\/dough-tray-with-lid-6.png\",\"width\":801,\"height\":469},{\"@type\":\"BreadcrumbList\",\"@id\":\"https:\/\/www.plastic-crates.com\/product\/plastic-dough-trays-pizza-dough-tray-with-lid-453\/#breadcrumb\",\"itemListElement\":[{\"@type\":\"ListItem\",\"position\":1,\"name\":\"Home\",\"item\":\"https:\/\/www.plastic-crates.com\/\"},{\"@type\":\"ListItem\",\"position\":2,\"name\":\"Products\",\"item\":\"https:\/\/www.plastic-crates.com\/shop\/\"},{\"@type\":\"ListItem\",\"position\":3,\"name\":\"Plastic dough trays, pizza dough tray with lid-453\"}]},{\"@type\":\"WebSite\",\"@id\":\"https:\/\/www.plastic-crates.com\/#website\",\"url\":\"https:\/\/www.plastic-crates.com\/\",\"name\":\"plastic-crates.com\",\"description\":\"Leading plastic crates manufacturer in China\",\"potentialAction\":[{\"@type\":\"SearchAction\",\"target\":{\"@type\":\"EntryPoint\",\"urlTemplate\":\"https:\/\/www.plastic-crates.com\/?s={search_term_string}\"},\"query-input\":{\"@type\":\"PropertyValueSpecification\",\"valueRequired\":true,\"valueName\":\"search_term_string\"}}],\"inLanguage\":\"tr\"}]}<\/script>\n<!-- \/ Yoast SEO plugin. -->","yoast_head_json":{"title":"Plastik hamur tepsileri, kapakl\u0131 pizza hamur tepsisi Toptan","description":"Plastik hamur tepsileri, kapakl\u0131 pizza hamur tepsisi toptan fiyatlarla, OEM ve ODM hizmeti mevcuttur, f\u0131r\u0131n veya sandvi\u00e7 d\u00fckkan\u0131 i\u00e7in m\u00fckemmeldir","robots":{"index":"index","follow":"follow","max-snippet":"max-snippet:-1","max-image-preview":"max-image-preview:large","max-video-preview":"max-video-preview:-1"},"canonical":"https:\/\/www.plastic-crates.com\/tr\/urun\/plastik-hamur-tepsileri-kapakli-pizza-hamur-tepsisi-453\/","og_locale":"tr_TR","og_type":"article","og_title":"stackable folding crate, High Quality stackable folding crate Wholesale","og_description":"Plastic dough trays, pizza dough tray with lid at wholesale prices, OEM & ODM service available, perfect for bakery or a sandwich shop","og_url":"https:\/\/www.plastic-crates.com\/tr\/urun\/plastik-hamur-tepsileri-kapakli-pizza-hamur-tepsisi-453\/","og_site_name":"plastic-crates.com","article_modified_time":"2025-09-10T17:18:04+00:00","og_image":[{"width":801,"height":469,"url":"https:\/\/www.plastic-crates.com\/wp-content\/uploads\/2024\/10\/dough-tray-with-lid-6.png","type":"image\/png"}],"twitter_card":"summary_large_image","twitter_title":"stackable folding crate, High Quality stackable folding crate Wholesale","twitter_misc":{"Tahmini okuma s\u00fcresi":"1 dakika"},"schema":{"@context":"https:\/\/schema.org","@graph":[{"@type":"WebPage","@id":"https:\/\/www.plastic-crates.com\/product\/plastic-dough-trays-pizza-dough-tray-with-lid-453\/","url":"https:\/\/www.plastic-crates.com\/product\/plastic-dough-trays-pizza-dough-tray-with-lid-453\/","name":"Plastik hamur tepsileri, kapakl\u0131 pizza hamur tepsisi Toptan","isPartOf":{"@id":"https:\/\/www.plastic-crates.com\/#website"},"primaryImageOfPage":{"@id":"https:\/\/www.plastic-crates.com\/product\/plastic-dough-trays-pizza-dough-tray-with-lid-453\/#primaryimage"},"image":{"@id":"https:\/\/www.plastic-crates.com\/product\/plastic-dough-trays-pizza-dough-tray-with-lid-453\/#primaryimage"},"thumbnailUrl":"https:\/\/www.plastic-crates.com\/wp-content\/uploads\/2024\/10\/dough-tray-with-lid-6.png","datePublished":"2024-10-28T04:29:07+00:00","dateModified":"2025-09-10T17:18:04+00:00","description":"Plastik hamur tepsileri, kapakl\u0131 pizza hamur tepsisi toptan fiyatlarla, OEM ve ODM hizmeti mevcuttur, f\u0131r\u0131n veya sandvi\u00e7 d\u00fckkan\u0131 i\u00e7in m\u00fckemmeldir","breadcrumb":{"@id":"https:\/\/www.plastic-crates.com\/product\/plastic-dough-trays-pizza-dough-tray-with-lid-453\/#breadcrumb"},"inLanguage":"tr","potentialAction":[{"@type":"ReadAction","target":["https:\/\/www.plastic-crates.com\/product\/plastic-dough-trays-pizza-dough-tray-with-lid-453\/"]}]},{"@type":"ImageObject","inLanguage":"tr","@id":"https:\/\/www.plastic-crates.com\/product\/plastic-dough-trays-pizza-dough-tray-with-lid-453\/#primaryimage","url":"https:\/\/www.plastic-crates.com\/wp-content\/uploads\/2024\/10\/dough-tray-with-lid-6.png","contentUrl":"https:\/\/www.plastic-crates.com\/wp-content\/uploads\/2024\/10\/dough-tray-with-lid-6.png","width":801,"height":469},{"@type":"BreadcrumbList","@id":"https:\/\/www.plastic-crates.com\/product\/plastic-dough-trays-pizza-dough-tray-with-lid-453\/#breadcrumb","itemListElement":[{"@type":"ListItem","position":1,"name":"Home","item":"https:\/\/www.plastic-crates.com\/"},{"@type":"ListItem","position":2,"name":"Products","item":"https:\/\/www.plastic-crates.com\/shop\/"},{"@type":"ListItem","position":3,"name":"Plastic dough trays, pizza dough tray with lid-453"}]},{"@type":"WebSite","@id":"https:\/\/www.plastic-crates.com\/#website","url":"https:\/\/www.plastic-crates.com\/","name":"plastic-crates.com","description":"\u00c7in&#039;in \u00f6nde gelen plastik kasa \u00fcreticisi","potentialAction":[{"@type":"SearchAction","target":{"@type":"EntryPoint","urlTemplate":"https:\/\/www.plastic-crates.com\/?s={search_term_string}"},"query-input":{"@type":"PropertyValueSpecification","valueRequired":true,"valueName":"search_term_string"}}],"inLanguage":"tr"}]}},"_links":{"self":[{"href":"https:\/\/www.plastic-crates.com\/tr\/wp-json\/wp\/v2\/product\/7389","targetHints":{"allow":["GET"]}}],"collection":[{"href":"https:\/\/www.plastic-crates.com\/tr\/wp-json\/wp\/v2\/product"}],"about":[{"href":"https:\/\/www.plastic-crates.com\/tr\/wp-json\/wp\/v2\/types\/product"}],"wp:featuredmedia":[{"embeddable":true,"href":"https:\/\/www.plastic-crates.com\/tr\/wp-json\/wp\/v2\/media\/7418"}],"wp:attachment":[{"href":"https:\/\/www.plastic-crates.com\/tr\/wp-json\/wp\/v2\/media?parent=7389"}],"wp:term":[{"taxonomy":"product_brand","embeddable":true,"href":"https:\/\/www.plastic-crates.com\/tr\/wp-json\/wp\/v2\/product_brand?post=7389"},{"taxonomy":"product_cat","embeddable":true,"href":"https:\/\/www.plastic-crates.com\/tr\/wp-json\/wp\/v2\/product_cat?post=7389"},{"taxonomy":"product_tag","embeddable":true,"href":"https:\/\/www.plastic-crates.com\/tr\/wp-json\/wp\/v2\/product_tag?post=7389"}],"curies":[{"name":"wp","href":"https:\/\/api.w.org\/{rel}","templated":true}]}}