{"id":7390,"date":"2024-10-28T04:29:07","date_gmt":"2024-10-28T04:29:07","guid":{"rendered":"https:\/\/www.plastic-crates.com\/?post_type=product&#038;p=7390"},"modified":"2025-09-10T16:53:05","modified_gmt":"2025-09-10T16:53:05","slug":"hamur-mayalama-tepsileri","status":"publish","type":"product","link":"https:\/\/www.plastic-crates.com\/tr\/urun\/hamur-mayalama-tepsileri\/","title":{"rendered":"Hamur mayalama tepsileri"},"content":{"rendered":"<p>Kolay saklama i\u00e7in, kapakl\u0131 bu plastik pizza hamuru mayalama tepsisi, benzer boyutlardaki di\u011fer kutularla g\u00fcvenli bir \u015fekilde istiflenebilecek \u015fekilde tasarlanm\u0131\u015ft\u0131r. Ev yap\u0131m\u0131 hamurunuzu saklamak i\u00e7in m\u00fckemmel durumda olmas\u0131 i\u00e7in, sat\u0131n ald\u0131\u011f\u0131n\u0131z her pizza hamuru tepsisini uyumlu kapaklarla birle\u015ftirmeniz yeterlidir. F\u0131r\u0131n veya sandvi\u00e7 d\u00fckkan\u0131 i\u00e7in idealdir.<\/p>\n<div style=\"width: 960px;\" class=\"wp-video\"><!--[if lt IE 9]><script>document.createElement('video');<\/script><![endif]-->\n<video class=\"wp-video-shortcode\" id=\"video-7390-1\" width=\"960\" height=\"540\" preload=\"metadata\" controls=\"controls\"><source type=\"video\/mp4\" src=\"https:\/\/www.plastic-crate.co.uk\/wp-content\/uploads\/2023\/07\/dough-proofing-trays.mp4?_=1\" \/><a href=\"https:\/\/www.plastic-crate.co.uk\/wp-content\/uploads\/2023\/07\/dough-proofing-trays.mp4\">https:\/\/www.plastic-crate.co.uk\/wp-content\/uploads\/2023\/07\/dough-proofing-trays.mp4<\/a><\/video><\/div>\n<p>&nbsp;<\/p>\n<p><a href=\"https:\/\/www.plastic-crate.co.uk\/product-category\/plastic-milk-crates\/\">sat\u0131l\u0131k plastik s\u00fct kasalar\u0131<\/a>, <a href=\"https:\/\/www.plastic-crate.co.uk\/product-category\/supermarket-crates-bale-arm-crates\/\">s\u00fcpermarket kasalar\u0131<\/a>, <a href=\"https:\/\/www.plastic-crates.com\/tr\/urun-kategori\/kapakli-cantalar\/\" target=\"_blank\" rel=\"noopener\">ekli kapakl\u0131 plastik kaplar<\/a><\/p>","protected":false},"excerpt":{"rendered":"<p>For easy storage, this plastic pizza dough proofing tray with lid is designed to stack securely with other similarly sized&hellip;<\/p>","protected":false},"featured_media":7425,"template":"","meta":{"_acf_changed":false},"product_brand":[],"product_cat":[144],"product_tag":[152],"class_list":{"0":"post-7390","1":"product","2":"type-product","3":"status-publish","4":"has-post-thumbnail","6":"product_cat-plastic-trays-wholesale","7":"product_tag-pizza-dough-proofing-box","9":"first","10":"instock","11":"product-type-simple"},"acf":[],"yoast_head":"<!-- This site is optimized with the Yoast SEO plugin v26.1.1 - https:\/\/yoast.com\/wordpress\/plugins\/seo\/ -->\n<title>Dough proofing trays, plastic pizza dough container with lid Wholesale<\/title>\n<meta name=\"description\" content=\"Dough proofing trays, plastic pizza dough container with lid at wholesale prices, OEM &amp; ODM service available\" \/>\n<meta name=\"robots\" content=\"index, follow, max-snippet:-1, max-image-preview:large, max-video-preview:-1\" \/>\n<link rel=\"canonical\" href=\"https:\/\/www.plastic-crates.com\/tr\/urun\/hamur-mayalama-tepsileri\/\" \/>\n<meta property=\"og:locale\" content=\"tr_TR\" \/>\n<meta property=\"og:type\" content=\"article\" \/>\n<meta property=\"og:title\" content=\"stackable folding crate, High Quality stackable folding crate Wholesale\" \/>\n<meta property=\"og:description\" content=\"Dough proofing trays, plastic pizza dough container with lid at wholesale prices, OEM &amp; ODM service available\" \/>\n<meta property=\"og:url\" content=\"https:\/\/www.plastic-crates.com\/tr\/urun\/hamur-mayalama-tepsileri\/\" \/>\n<meta property=\"og:site_name\" content=\"plastic-crates.com\" \/>\n<meta property=\"article:modified_time\" content=\"2025-09-10T16:53:05+00:00\" \/>\n<meta property=\"og:image\" content=\"https:\/\/www.plastic-crates.com\/wp-content\/uploads\/2024\/10\/dough-proofing-trays-4-scaled-1.jpeg\" \/>\n\t<meta property=\"og:image:width\" content=\"2560\" \/>\n\t<meta property=\"og:image:height\" content=\"1707\" \/>\n\t<meta property=\"og:image:type\" content=\"image\/jpeg\" \/>\n<meta name=\"twitter:card\" content=\"summary_large_image\" \/>\n<meta name=\"twitter:title\" content=\"stackable folding crate, High Quality stackable folding crate Wholesale\" \/>\n<meta name=\"twitter:label1\" content=\"Tahmini okuma s\u00fcresi\" \/>\n\t<meta name=\"twitter:data1\" content=\"1 dakika\" \/>\n<script type=\"application\/ld+json\" class=\"yoast-schema-graph\">{\"@context\":\"https:\/\/schema.org\",\"@graph\":[{\"@type\":\"WebPage\",\"@id\":\"https:\/\/www.plastic-crates.com\/product\/dough-proofing-trays\/\",\"url\":\"https:\/\/www.plastic-crates.com\/product\/dough-proofing-trays\/\",\"name\":\"Dough proofing trays, plastic pizza dough container with lid Wholesale\",\"isPartOf\":{\"@id\":\"https:\/\/www.plastic-crates.com\/#website\"},\"primaryImageOfPage\":{\"@id\":\"https:\/\/www.plastic-crates.com\/product\/dough-proofing-trays\/#primaryimage\"},\"image\":{\"@id\":\"https:\/\/www.plastic-crates.com\/product\/dough-proofing-trays\/#primaryimage\"},\"thumbnailUrl\":\"https:\/\/www.plastic-crates.com\/wp-content\/uploads\/2024\/10\/dough-proofing-trays-4-scaled-1.jpeg\",\"datePublished\":\"2024-10-28T04:29:07+00:00\",\"dateModified\":\"2025-09-10T16:53:05+00:00\",\"description\":\"Dough proofing trays, plastic pizza dough container with lid at wholesale prices, OEM & ODM service available\",\"breadcrumb\":{\"@id\":\"https:\/\/www.plastic-crates.com\/product\/dough-proofing-trays\/#breadcrumb\"},\"inLanguage\":\"tr\",\"potentialAction\":[{\"@type\":\"ReadAction\",\"target\":[\"https:\/\/www.plastic-crates.com\/product\/dough-proofing-trays\/\"]}]},{\"@type\":\"ImageObject\",\"inLanguage\":\"tr\",\"@id\":\"https:\/\/www.plastic-crates.com\/product\/dough-proofing-trays\/#primaryimage\",\"url\":\"https:\/\/www.plastic-crates.com\/wp-content\/uploads\/2024\/10\/dough-proofing-trays-4-scaled-1.jpeg\",\"contentUrl\":\"https:\/\/www.plastic-crates.com\/wp-content\/uploads\/2024\/10\/dough-proofing-trays-4-scaled-1.jpeg\",\"width\":2560,\"height\":1707},{\"@type\":\"BreadcrumbList\",\"@id\":\"https:\/\/www.plastic-crates.com\/product\/dough-proofing-trays\/#breadcrumb\",\"itemListElement\":[{\"@type\":\"ListItem\",\"position\":1,\"name\":\"Home\",\"item\":\"https:\/\/www.plastic-crates.com\/\"},{\"@type\":\"ListItem\",\"position\":2,\"name\":\"Products\",\"item\":\"https:\/\/www.plastic-crates.com\/shop\/\"},{\"@type\":\"ListItem\",\"position\":3,\"name\":\"Dough proofing trays\"}]},{\"@type\":\"WebSite\",\"@id\":\"https:\/\/www.plastic-crates.com\/#website\",\"url\":\"https:\/\/www.plastic-crates.com\/\",\"name\":\"plastic-crates.com\",\"description\":\"Leading plastic crates manufacturer in China\",\"potentialAction\":[{\"@type\":\"SearchAction\",\"target\":{\"@type\":\"EntryPoint\",\"urlTemplate\":\"https:\/\/www.plastic-crates.com\/?s={search_term_string}\"},\"query-input\":{\"@type\":\"PropertyValueSpecification\",\"valueRequired\":true,\"valueName\":\"search_term_string\"}}],\"inLanguage\":\"tr\"}]}<\/script>\n<!-- \/ Yoast SEO plugin. -->","yoast_head_json":{"title":"Hamur mayalama tepsileri, kapakl\u0131 plastik pizza hamuru kab\u0131 Toptan","description":"Hamur mayalama tepsileri, kapakl\u0131 plastik pizza hamuru kab\u0131 toptan fiyatlarla, OEM ve ODM hizmeti mevcuttur","robots":{"index":"index","follow":"follow","max-snippet":"max-snippet:-1","max-image-preview":"max-image-preview:large","max-video-preview":"max-video-preview:-1"},"canonical":"https:\/\/www.plastic-crates.com\/tr\/urun\/hamur-mayalama-tepsileri\/","og_locale":"tr_TR","og_type":"article","og_title":"stackable folding crate, High Quality stackable folding crate Wholesale","og_description":"Dough proofing trays, plastic pizza dough container with lid at wholesale prices, OEM & ODM service available","og_url":"https:\/\/www.plastic-crates.com\/tr\/urun\/hamur-mayalama-tepsileri\/","og_site_name":"plastic-crates.com","article_modified_time":"2025-09-10T16:53:05+00:00","og_image":[{"width":2560,"height":1707,"url":"https:\/\/www.plastic-crates.com\/wp-content\/uploads\/2024\/10\/dough-proofing-trays-4-scaled-1.jpeg","type":"image\/jpeg"}],"twitter_card":"summary_large_image","twitter_title":"stackable folding crate, High Quality stackable folding crate Wholesale","twitter_misc":{"Tahmini okuma s\u00fcresi":"1 dakika"},"schema":{"@context":"https:\/\/schema.org","@graph":[{"@type":"WebPage","@id":"https:\/\/www.plastic-crates.com\/product\/dough-proofing-trays\/","url":"https:\/\/www.plastic-crates.com\/product\/dough-proofing-trays\/","name":"Hamur mayalama tepsileri, kapakl\u0131 plastik pizza hamuru kab\u0131 Toptan","isPartOf":{"@id":"https:\/\/www.plastic-crates.com\/#website"},"primaryImageOfPage":{"@id":"https:\/\/www.plastic-crates.com\/product\/dough-proofing-trays\/#primaryimage"},"image":{"@id":"https:\/\/www.plastic-crates.com\/product\/dough-proofing-trays\/#primaryimage"},"thumbnailUrl":"https:\/\/www.plastic-crates.com\/wp-content\/uploads\/2024\/10\/dough-proofing-trays-4-scaled-1.jpeg","datePublished":"2024-10-28T04:29:07+00:00","dateModified":"2025-09-10T16:53:05+00:00","description":"Hamur mayalama tepsileri, kapakl\u0131 plastik pizza hamuru kab\u0131 toptan fiyatlarla, OEM ve ODM hizmeti mevcuttur","breadcrumb":{"@id":"https:\/\/www.plastic-crates.com\/product\/dough-proofing-trays\/#breadcrumb"},"inLanguage":"tr","potentialAction":[{"@type":"ReadAction","target":["https:\/\/www.plastic-crates.com\/product\/dough-proofing-trays\/"]}]},{"@type":"ImageObject","inLanguage":"tr","@id":"https:\/\/www.plastic-crates.com\/product\/dough-proofing-trays\/#primaryimage","url":"https:\/\/www.plastic-crates.com\/wp-content\/uploads\/2024\/10\/dough-proofing-trays-4-scaled-1.jpeg","contentUrl":"https:\/\/www.plastic-crates.com\/wp-content\/uploads\/2024\/10\/dough-proofing-trays-4-scaled-1.jpeg","width":2560,"height":1707},{"@type":"BreadcrumbList","@id":"https:\/\/www.plastic-crates.com\/product\/dough-proofing-trays\/#breadcrumb","itemListElement":[{"@type":"ListItem","position":1,"name":"Home","item":"https:\/\/www.plastic-crates.com\/"},{"@type":"ListItem","position":2,"name":"Products","item":"https:\/\/www.plastic-crates.com\/shop\/"},{"@type":"ListItem","position":3,"name":"Dough proofing trays"}]},{"@type":"WebSite","@id":"https:\/\/www.plastic-crates.com\/#website","url":"https:\/\/www.plastic-crates.com\/","name":"plastic-crates.com","description":"\u00c7in&#039;in \u00f6nde gelen plastik kasa \u00fcreticisi","potentialAction":[{"@type":"SearchAction","target":{"@type":"EntryPoint","urlTemplate":"https:\/\/www.plastic-crates.com\/?s={search_term_string}"},"query-input":{"@type":"PropertyValueSpecification","valueRequired":true,"valueName":"search_term_string"}}],"inLanguage":"tr"}]}},"_links":{"self":[{"href":"https:\/\/www.plastic-crates.com\/tr\/wp-json\/wp\/v2\/product\/7390","targetHints":{"allow":["GET"]}}],"collection":[{"href":"https:\/\/www.plastic-crates.com\/tr\/wp-json\/wp\/v2\/product"}],"about":[{"href":"https:\/\/www.plastic-crates.com\/tr\/wp-json\/wp\/v2\/types\/product"}],"wp:featuredmedia":[{"embeddable":true,"href":"https:\/\/www.plastic-crates.com\/tr\/wp-json\/wp\/v2\/media\/7425"}],"wp:attachment":[{"href":"https:\/\/www.plastic-crates.com\/tr\/wp-json\/wp\/v2\/media?parent=7390"}],"wp:term":[{"taxonomy":"product_brand","embeddable":true,"href":"https:\/\/www.plastic-crates.com\/tr\/wp-json\/wp\/v2\/product_brand?post=7390"},{"taxonomy":"product_cat","embeddable":true,"href":"https:\/\/www.plastic-crates.com\/tr\/wp-json\/wp\/v2\/product_cat?post=7390"},{"taxonomy":"product_tag","embeddable":true,"href":"https:\/\/www.plastic-crates.com\/tr\/wp-json\/wp\/v2\/product_tag?post=7390"}],"curies":[{"name":"wp","href":"https:\/\/api.w.org\/{rel}","templated":true}]}}