{"id":7392,"date":"2024-10-28T04:29:07","date_gmt":"2024-10-28T04:29:07","guid":{"rendered":"https:\/\/www.plastic-crates.com\/?post_type=product&#038;p=7392"},"modified":"2025-10-28T01:35:24","modified_gmt":"2025-10-28T01:35:24","slug":"plastik-yiyecek-tepsileri-plastik-yiyecek-tepsileri-yemek-tepsileri","status":"publish","type":"product","link":"https:\/\/www.plastic-crates.com\/tr\/urun\/plastik-yiyecek-tepsileri-plastik-yiyecek-tepsileri-yemek-tepsileri\/","title":{"rendered":"Plastik yiyecek tepsileri, plastik yemek tepsileri, yemek tepsileri"},"content":{"rendered":"<p>\u00c7ok y\u00f6nl\u00fc ve g\u00fcvenilir \u00fcr\u00fcn\u00fcm\u00fcz\u00fc tan\u0131t\u0131yoruz <strong>Plastik G\u0131da Tepsileri<\/strong> \u2013 Yemek servisi deneyiminizi geli\u015ftirmek i\u00e7in m\u00fckemmel bir \u00e7\u00f6z\u00fcm. Mutfak d\u00fcnyas\u0131nda sunumun, kolayl\u0131\u011f\u0131n ve g\u0131da g\u00fcvenli\u011finin \u00f6neminin fark\u0131nday\u0131z. Plastik yemek tepsilerimiz, bu temel ihtiya\u00e7lar\u0131 kar\u015f\u0131lamak \u00fczere \u00f6zenle tasarlanm\u0131\u015f olup, hem ticari i\u015fletmeler hem de ev kullan\u0131m\u0131 i\u00e7in \u00e7e\u015fitli avantajlar sunar.<\/p>\n<p><a href=\"https:\/\/www.plastic-crate.co.uk\/product-category\/supermarket-crates-bale-arm-crates\/\" target=\"_blank\" rel=\"noopener\">s\u00fcpermarket istifleme kasalar\u0131<\/a>, <a href=\"https:\/\/www.ph-teststrips.com\/product-category\/salt-water-test-strips\/\" target=\"_blank\" rel=\"noopener\">tuzlu su havuzu i\u00e7in test \u015feritleri<\/a>, <a href=\"https:\/\/www.ahotech.com\/custom-battery-packs\/\" target=\"_blank\" rel=\"noopener\">\u00f6zel yap\u0131m lityum pil tak\u0131m\u0131<\/a><\/p>","protected":false},"excerpt":{"rendered":"<p>OEM ve ODM hizmeti mevcuttur<\/p>\n<p>Bu yemek tepsisinin mevcut rengi<\/p>\n<p>Siyah, pembe, beyaz, ye\u015fil<\/p>","protected":false},"featured_media":7437,"template":"","meta":{"_acf_changed":false},"product_brand":[],"product_cat":[144],"product_tag":[],"class_list":{"0":"post-7392","1":"product","2":"type-product","3":"status-publish","4":"has-post-thumbnail","6":"product_cat-plastic-trays-wholesale","8":"first","9":"instock","10":"product-type-simple"},"acf":[],"yoast_head":"<!-- This site is optimized with the Yoast SEO plugin v26.1.1 - https:\/\/yoast.com\/wordpress\/plugins\/seo\/ -->\n<title>Plastic trays for food, plastic food trays, dinner trays wholesale<\/title>\n<meta name=\"description\" content=\"Plastic trays for food, plastic food trays at wholesale prices, OEM &amp; ODM service available, dinner trays wholesale\" \/>\n<meta name=\"robots\" content=\"index, follow, max-snippet:-1, max-image-preview:large, max-video-preview:-1\" \/>\n<link rel=\"canonical\" href=\"https:\/\/www.plastic-crates.com\/tr\/urun\/plastik-yiyecek-tepsileri-plastik-yiyecek-tepsileri-yemek-tepsileri\/\" \/>\n<meta property=\"og:locale\" content=\"tr_TR\" \/>\n<meta property=\"og:type\" content=\"article\" \/>\n<meta property=\"og:title\" content=\"stackable folding crate, High Quality stackable folding crate Wholesale\" \/>\n<meta property=\"og:description\" content=\"Plastic trays for food, plastic food trays at wholesale prices, OEM &amp; ODM service available, dinner trays wholesale\" \/>\n<meta property=\"og:url\" content=\"https:\/\/www.plastic-crates.com\/tr\/urun\/plastik-yiyecek-tepsileri-plastik-yiyecek-tepsileri-yemek-tepsileri\/\" \/>\n<meta property=\"og:site_name\" content=\"plastic-crates.com\" \/>\n<meta property=\"article:modified_time\" content=\"2025-10-28T01:35:24+00:00\" \/>\n<meta property=\"og:image\" content=\"https:\/\/www.plastic-crates.com\/wp-content\/uploads\/2024\/10\/plastic-food-tray-1.jpg\" \/>\n\t<meta property=\"og:image:width\" content=\"800\" \/>\n\t<meta property=\"og:image:height\" content=\"800\" \/>\n\t<meta property=\"og:image:type\" content=\"image\/jpeg\" \/>\n<meta name=\"twitter:card\" content=\"summary_large_image\" \/>\n<meta name=\"twitter:title\" content=\"stackable folding crate, High Quality stackable folding crate Wholesale\" \/>\n<meta name=\"twitter:label1\" content=\"Tahmini okuma s\u00fcresi\" \/>\n\t<meta name=\"twitter:data1\" content=\"1 dakika\" \/>\n<script type=\"application\/ld+json\" class=\"yoast-schema-graph\">{\"@context\":\"https:\/\/schema.org\",\"@graph\":[{\"@type\":\"WebPage\",\"@id\":\"https:\/\/www.plastic-crates.com\/product\/plastic-trays-for-food-plastic-food-trays-dinner-trays\/\",\"url\":\"https:\/\/www.plastic-crates.com\/product\/plastic-trays-for-food-plastic-food-trays-dinner-trays\/\",\"name\":\"Plastic trays for food, plastic food trays, dinner trays wholesale\",\"isPartOf\":{\"@id\":\"https:\/\/www.plastic-crates.com\/#website\"},\"primaryImageOfPage\":{\"@id\":\"https:\/\/www.plastic-crates.com\/product\/plastic-trays-for-food-plastic-food-trays-dinner-trays\/#primaryimage\"},\"image\":{\"@id\":\"https:\/\/www.plastic-crates.com\/product\/plastic-trays-for-food-plastic-food-trays-dinner-trays\/#primaryimage\"},\"thumbnailUrl\":\"https:\/\/www.plastic-crates.com\/wp-content\/uploads\/2024\/10\/plastic-food-tray-1.jpg\",\"datePublished\":\"2024-10-28T04:29:07+00:00\",\"dateModified\":\"2025-10-28T01:35:24+00:00\",\"description\":\"Plastic trays for food, plastic food trays at wholesale prices, OEM & ODM service available, dinner trays wholesale\",\"breadcrumb\":{\"@id\":\"https:\/\/www.plastic-crates.com\/product\/plastic-trays-for-food-plastic-food-trays-dinner-trays\/#breadcrumb\"},\"inLanguage\":\"tr\",\"potentialAction\":[{\"@type\":\"ReadAction\",\"target\":[\"https:\/\/www.plastic-crates.com\/product\/plastic-trays-for-food-plastic-food-trays-dinner-trays\/\"]}]},{\"@type\":\"ImageObject\",\"inLanguage\":\"tr\",\"@id\":\"https:\/\/www.plastic-crates.com\/product\/plastic-trays-for-food-plastic-food-trays-dinner-trays\/#primaryimage\",\"url\":\"https:\/\/www.plastic-crates.com\/wp-content\/uploads\/2024\/10\/plastic-food-tray-1.jpg\",\"contentUrl\":\"https:\/\/www.plastic-crates.com\/wp-content\/uploads\/2024\/10\/plastic-food-tray-1.jpg\",\"width\":800,\"height\":800},{\"@type\":\"BreadcrumbList\",\"@id\":\"https:\/\/www.plastic-crates.com\/product\/plastic-trays-for-food-plastic-food-trays-dinner-trays\/#breadcrumb\",\"itemListElement\":[{\"@type\":\"ListItem\",\"position\":1,\"name\":\"Home\",\"item\":\"https:\/\/www.plastic-crates.com\/\"},{\"@type\":\"ListItem\",\"position\":2,\"name\":\"Products\",\"item\":\"https:\/\/www.plastic-crates.com\/shop\/\"},{\"@type\":\"ListItem\",\"position\":3,\"name\":\"Plastic trays for food, plastic food trays, dinner trays\"}]},{\"@type\":\"WebSite\",\"@id\":\"https:\/\/www.plastic-crates.com\/#website\",\"url\":\"https:\/\/www.plastic-crates.com\/\",\"name\":\"plastic-crates.com\",\"description\":\"Leading plastic crates manufacturer in China\",\"potentialAction\":[{\"@type\":\"SearchAction\",\"target\":{\"@type\":\"EntryPoint\",\"urlTemplate\":\"https:\/\/www.plastic-crates.com\/?s={search_term_string}\"},\"query-input\":{\"@type\":\"PropertyValueSpecification\",\"valueRequired\":true,\"valueName\":\"search_term_string\"}}],\"inLanguage\":\"tr\"}]}<\/script>\n<!-- \/ Yoast SEO plugin. -->","yoast_head_json":{"title":"Plastik yiyecek tepsileri, plastik yemek tepsileri, toptan yemek tepsileri","description":"Plastik g\u0131da tepsileri, toptan fiyatlarla plastik g\u0131da tepsileri, OEM ve ODM hizmeti mevcuttur, toptan yemek tepsileri","robots":{"index":"index","follow":"follow","max-snippet":"max-snippet:-1","max-image-preview":"max-image-preview:large","max-video-preview":"max-video-preview:-1"},"canonical":"https:\/\/www.plastic-crates.com\/tr\/urun\/plastik-yiyecek-tepsileri-plastik-yiyecek-tepsileri-yemek-tepsileri\/","og_locale":"tr_TR","og_type":"article","og_title":"stackable folding crate, High Quality stackable folding crate Wholesale","og_description":"Plastic trays for food, plastic food trays at wholesale prices, OEM & ODM service available, dinner trays wholesale","og_url":"https:\/\/www.plastic-crates.com\/tr\/urun\/plastik-yiyecek-tepsileri-plastik-yiyecek-tepsileri-yemek-tepsileri\/","og_site_name":"plastic-crates.com","article_modified_time":"2025-10-28T01:35:24+00:00","og_image":[{"width":800,"height":800,"url":"https:\/\/www.plastic-crates.com\/wp-content\/uploads\/2024\/10\/plastic-food-tray-1.jpg","type":"image\/jpeg"}],"twitter_card":"summary_large_image","twitter_title":"stackable folding crate, High Quality stackable folding crate Wholesale","twitter_misc":{"Tahmini okuma s\u00fcresi":"1 dakika"},"schema":{"@context":"https:\/\/schema.org","@graph":[{"@type":"WebPage","@id":"https:\/\/www.plastic-crates.com\/product\/plastic-trays-for-food-plastic-food-trays-dinner-trays\/","url":"https:\/\/www.plastic-crates.com\/product\/plastic-trays-for-food-plastic-food-trays-dinner-trays\/","name":"Plastik yiyecek tepsileri, plastik yemek tepsileri, toptan yemek tepsileri","isPartOf":{"@id":"https:\/\/www.plastic-crates.com\/#website"},"primaryImageOfPage":{"@id":"https:\/\/www.plastic-crates.com\/product\/plastic-trays-for-food-plastic-food-trays-dinner-trays\/#primaryimage"},"image":{"@id":"https:\/\/www.plastic-crates.com\/product\/plastic-trays-for-food-plastic-food-trays-dinner-trays\/#primaryimage"},"thumbnailUrl":"https:\/\/www.plastic-crates.com\/wp-content\/uploads\/2024\/10\/plastic-food-tray-1.jpg","datePublished":"2024-10-28T04:29:07+00:00","dateModified":"2025-10-28T01:35:24+00:00","description":"Plastik g\u0131da tepsileri, toptan fiyatlarla plastik g\u0131da tepsileri, OEM ve ODM hizmeti mevcuttur, toptan yemek tepsileri","breadcrumb":{"@id":"https:\/\/www.plastic-crates.com\/product\/plastic-trays-for-food-plastic-food-trays-dinner-trays\/#breadcrumb"},"inLanguage":"tr","potentialAction":[{"@type":"ReadAction","target":["https:\/\/www.plastic-crates.com\/product\/plastic-trays-for-food-plastic-food-trays-dinner-trays\/"]}]},{"@type":"ImageObject","inLanguage":"tr","@id":"https:\/\/www.plastic-crates.com\/product\/plastic-trays-for-food-plastic-food-trays-dinner-trays\/#primaryimage","url":"https:\/\/www.plastic-crates.com\/wp-content\/uploads\/2024\/10\/plastic-food-tray-1.jpg","contentUrl":"https:\/\/www.plastic-crates.com\/wp-content\/uploads\/2024\/10\/plastic-food-tray-1.jpg","width":800,"height":800},{"@type":"BreadcrumbList","@id":"https:\/\/www.plastic-crates.com\/product\/plastic-trays-for-food-plastic-food-trays-dinner-trays\/#breadcrumb","itemListElement":[{"@type":"ListItem","position":1,"name":"Home","item":"https:\/\/www.plastic-crates.com\/"},{"@type":"ListItem","position":2,"name":"Products","item":"https:\/\/www.plastic-crates.com\/shop\/"},{"@type":"ListItem","position":3,"name":"Plastic trays for food, plastic food trays, dinner trays"}]},{"@type":"WebSite","@id":"https:\/\/www.plastic-crates.com\/#website","url":"https:\/\/www.plastic-crates.com\/","name":"plastic-crates.com","description":"\u00c7in&#039;in \u00f6nde gelen plastik kasa \u00fcreticisi","potentialAction":[{"@type":"SearchAction","target":{"@type":"EntryPoint","urlTemplate":"https:\/\/www.plastic-crates.com\/?s={search_term_string}"},"query-input":{"@type":"PropertyValueSpecification","valueRequired":true,"valueName":"search_term_string"}}],"inLanguage":"tr"}]}},"_links":{"self":[{"href":"https:\/\/www.plastic-crates.com\/tr\/wp-json\/wp\/v2\/product\/7392","targetHints":{"allow":["GET"]}}],"collection":[{"href":"https:\/\/www.plastic-crates.com\/tr\/wp-json\/wp\/v2\/product"}],"about":[{"href":"https:\/\/www.plastic-crates.com\/tr\/wp-json\/wp\/v2\/types\/product"}],"wp:featuredmedia":[{"embeddable":true,"href":"https:\/\/www.plastic-crates.com\/tr\/wp-json\/wp\/v2\/media\/7437"}],"wp:attachment":[{"href":"https:\/\/www.plastic-crates.com\/tr\/wp-json\/wp\/v2\/media?parent=7392"}],"wp:term":[{"taxonomy":"product_brand","embeddable":true,"href":"https:\/\/www.plastic-crates.com\/tr\/wp-json\/wp\/v2\/product_brand?post=7392"},{"taxonomy":"product_cat","embeddable":true,"href":"https:\/\/www.plastic-crates.com\/tr\/wp-json\/wp\/v2\/product_cat?post=7392"},{"taxonomy":"product_tag","embeddable":true,"href":"https:\/\/www.plastic-crates.com\/tr\/wp-json\/wp\/v2\/product_tag?post=7392"}],"curies":[{"name":"wp","href":"https:\/\/api.w.org\/{rel}","templated":true}]}}