{"id":7393,"date":"2024-10-28T04:29:07","date_gmt":"2024-10-28T04:29:07","guid":{"rendered":"https:\/\/www.plastic-crates.com\/?post_type=product&#038;p=7393"},"modified":"2025-02-17T04:38:13","modified_gmt":"2025-02-17T04:38:13","slug":"siyah-asker-sinegi-ureme-kutusu","status":"publish","type":"product","link":"https:\/\/www.plastic-crates.com\/tr\/urun\/siyah-asker-sinegi-ureme-kutusu\/","title":{"rendered":"Kara asker sine\u011fi yeti\u015ftirme kutusu"},"content":{"rendered":"<p>Kara Asker Sine\u011fi Yeti\u015ftirme Kutusu, kara asker sineklerinin etkili bir \u015fekilde yeti\u015ftirilmesi i\u00e7in tasarlanm\u0131\u015f yenilik\u00e7i ve \u00e7evre dostu bir \u00e7\u00f6z\u00fcmd\u00fcr. Bu kompakt kutu, sineklerin b\u00fcy\u00fcmesi ve \u00fcremesi i\u00e7in elveri\u015fli bir ortam sunarak at\u0131k y\u00f6netimi ve organik tar\u0131m i\u00e7in idealdir. Kullan\u0131m\u0131 kolay tasar\u0131m\u0131, hem yeni ba\u015flayanlar hem de deneyimli yeti\u015ftiriciler i\u00e7in m\u00fckemmeldir. S\u00fcrd\u00fcr\u00fclebilirlik yolculu\u011funuza bug\u00fcn Kara Asker Sine\u011fi Yeti\u015ftirme Kutumuzla ba\u015flay\u0131n.<\/p>\n<p>Black Soldier Fly (BSF) kullan\u0131larak protein \u00fcretimi i\u00e7in \u00f6zel olarak tasarlanm\u0131\u015f, hacmi art\u0131r\u0131lm\u0131\u015f bir kutu, \u00fcreme ve istifleme y\u00fcksekli\u011fiyle ilgili ak\u0131ll\u0131 boyutlar\u0131yla \u00f6v\u00fcnerek y\u00fcksek verim ve getiri i\u00e7in m\u00fckemmeldir. \u00dcreme s\u00fcreci \u00f6nemli miktarda \u0131s\u0131, CO2 ve amonyak \u00fcretir. Kutunun a\u00e7\u0131k k\u00f6\u015feleri ve \u00f6zg\u00fcn tasar\u0131ml\u0131 uzun kenar\u0131, bu \u00f6zelli\u011fe \u00f6zellikle uygundur. Yeni tasarlanm\u0131\u015f p\u00fcr\u00fczs\u00fcz taban\u0131yla birle\u015fen bu \u00f6zellikler, hava ak\u0131\u015f\u0131n\u0131 art\u0131rarak daha iyi hava deplasman\u0131 sa\u011flar. Bu da kutular aras\u0131nda daha dengeli bir iklim sa\u011flar.<\/p>\n<p><a href=\"https:\/\/www.plastic-crates.com\/tr\/urun-kategori\/seffaf-plastik-saklama-kaplari\/\">\u015eeffaf plastik kutu<\/a>, <a href=\"https:\/\/www.plastic-crate.co.uk\/product-category\/supermarket-crates-bale-arm-crates\/\">balya kolu kasas\u0131<\/a>,<\/p>","protected":false},"excerpt":{"rendered":"<p>The Black Soldier Fly Breeding Box is an innovative and eco-friendly solution designed for the effective breeding of black soldier&hellip;<\/p>","protected":false},"featured_media":7461,"template":"","meta":{"_acf_changed":false},"product_brand":[],"product_cat":[144],"product_tag":[],"class_list":{"0":"post-7393","1":"product","2":"type-product","3":"status-publish","4":"has-post-thumbnail","6":"product_cat-plastic-trays-wholesale","8":"first","9":"instock","10":"product-type-simple"},"acf":[],"yoast_head":"<!-- This site is optimized with the Yoast SEO plugin v26.1.1 - https:\/\/yoast.com\/wordpress\/plugins\/seo\/ -->\n<title>Black soldier fly breeding box for sale<\/title>\n<meta name=\"description\" content=\"Black soldier fly breeding box, Insect Rearing Trays, OEM &amp; ODM service available, insect breeding boxes wholesale price!\" \/>\n<meta name=\"robots\" content=\"index, follow, max-snippet:-1, max-image-preview:large, max-video-preview:-1\" \/>\n<link rel=\"canonical\" href=\"https:\/\/www.plastic-crates.com\/tr\/urun\/siyah-asker-sinegi-ureme-kutusu\/\" \/>\n<meta property=\"og:locale\" content=\"tr_TR\" \/>\n<meta property=\"og:type\" content=\"article\" \/>\n<meta property=\"og:title\" content=\"stackable folding crate, High Quality stackable folding crate Wholesale\" \/>\n<meta property=\"og:description\" content=\"Black soldier fly breeding box, Insect Rearing Trays, OEM &amp; ODM service available, insect breeding boxes wholesale price!\" \/>\n<meta property=\"og:url\" content=\"https:\/\/www.plastic-crates.com\/tr\/urun\/siyah-asker-sinegi-ureme-kutusu\/\" \/>\n<meta property=\"og:site_name\" content=\"plastic-crates.com\" \/>\n<meta property=\"article:modified_time\" content=\"2025-02-17T04:38:13+00:00\" \/>\n<meta property=\"og:image\" content=\"https:\/\/www.plastic-crates.com\/wp-content\/uploads\/2024\/10\/black-soldier-fly-breeding-box-5.png\" \/>\n\t<meta property=\"og:image:width\" content=\"720\" \/>\n\t<meta property=\"og:image:height\" content=\"720\" \/>\n\t<meta property=\"og:image:type\" content=\"image\/png\" \/>\n<meta name=\"twitter:card\" content=\"summary_large_image\" \/>\n<meta name=\"twitter:title\" content=\"stackable folding crate, High Quality stackable folding crate Wholesale\" \/>\n<meta name=\"twitter:label1\" content=\"Tahmini okuma s\u00fcresi\" \/>\n\t<meta name=\"twitter:data1\" content=\"1 dakika\" \/>\n<script type=\"application\/ld+json\" class=\"yoast-schema-graph\">{\"@context\":\"https:\/\/schema.org\",\"@graph\":[{\"@type\":\"WebPage\",\"@id\":\"https:\/\/www.plastic-crates.com\/product\/black-soldier-fly-breeding-box\/\",\"url\":\"https:\/\/www.plastic-crates.com\/product\/black-soldier-fly-breeding-box\/\",\"name\":\"Black soldier fly breeding box for sale\",\"isPartOf\":{\"@id\":\"https:\/\/www.plastic-crates.com\/#website\"},\"primaryImageOfPage\":{\"@id\":\"https:\/\/www.plastic-crates.com\/product\/black-soldier-fly-breeding-box\/#primaryimage\"},\"image\":{\"@id\":\"https:\/\/www.plastic-crates.com\/product\/black-soldier-fly-breeding-box\/#primaryimage\"},\"thumbnailUrl\":\"https:\/\/www.plastic-crates.com\/wp-content\/uploads\/2024\/10\/black-soldier-fly-breeding-box-5.png\",\"datePublished\":\"2024-10-28T04:29:07+00:00\",\"dateModified\":\"2025-02-17T04:38:13+00:00\",\"description\":\"Black soldier fly breeding box, Insect Rearing Trays, OEM & ODM service available, insect breeding boxes wholesale price!\",\"breadcrumb\":{\"@id\":\"https:\/\/www.plastic-crates.com\/product\/black-soldier-fly-breeding-box\/#breadcrumb\"},\"inLanguage\":\"tr\",\"potentialAction\":[{\"@type\":\"ReadAction\",\"target\":[\"https:\/\/www.plastic-crates.com\/product\/black-soldier-fly-breeding-box\/\"]}]},{\"@type\":\"ImageObject\",\"inLanguage\":\"tr\",\"@id\":\"https:\/\/www.plastic-crates.com\/product\/black-soldier-fly-breeding-box\/#primaryimage\",\"url\":\"https:\/\/www.plastic-crates.com\/wp-content\/uploads\/2024\/10\/black-soldier-fly-breeding-box-5.png\",\"contentUrl\":\"https:\/\/www.plastic-crates.com\/wp-content\/uploads\/2024\/10\/black-soldier-fly-breeding-box-5.png\",\"width\":720,\"height\":720,\"caption\":\"black soldier fly breeding box\"},{\"@type\":\"BreadcrumbList\",\"@id\":\"https:\/\/www.plastic-crates.com\/product\/black-soldier-fly-breeding-box\/#breadcrumb\",\"itemListElement\":[{\"@type\":\"ListItem\",\"position\":1,\"name\":\"Home\",\"item\":\"https:\/\/www.plastic-crates.com\/\"},{\"@type\":\"ListItem\",\"position\":2,\"name\":\"Products\",\"item\":\"https:\/\/www.plastic-crates.com\/shop\/\"},{\"@type\":\"ListItem\",\"position\":3,\"name\":\"Black soldier fly breeding box\"}]},{\"@type\":\"WebSite\",\"@id\":\"https:\/\/www.plastic-crates.com\/#website\",\"url\":\"https:\/\/www.plastic-crates.com\/\",\"name\":\"plastic-crates.com\",\"description\":\"Leading plastic crates manufacturer in China\",\"potentialAction\":[{\"@type\":\"SearchAction\",\"target\":{\"@type\":\"EntryPoint\",\"urlTemplate\":\"https:\/\/www.plastic-crates.com\/?s={search_term_string}\"},\"query-input\":{\"@type\":\"PropertyValueSpecification\",\"valueRequired\":true,\"valueName\":\"search_term_string\"}}],\"inLanguage\":\"tr\"}]}<\/script>\n<!-- \/ Yoast SEO plugin. -->","yoast_head_json":{"title":"Sat\u0131l\u0131k siyah asker sine\u011fi yeti\u015ftirme kutusu","description":"Siyah asker sine\u011fi yeti\u015ftirme kutusu, B\u00f6cek Yeti\u015ftirme Tepsileri, OEM ve ODM hizmeti mevcuttur, b\u00f6cek yeti\u015ftirme kutular\u0131 toptan fiyat\u0131!","robots":{"index":"index","follow":"follow","max-snippet":"max-snippet:-1","max-image-preview":"max-image-preview:large","max-video-preview":"max-video-preview:-1"},"canonical":"https:\/\/www.plastic-crates.com\/tr\/urun\/siyah-asker-sinegi-ureme-kutusu\/","og_locale":"tr_TR","og_type":"article","og_title":"stackable folding crate, High Quality stackable folding crate Wholesale","og_description":"Black soldier fly breeding box, Insect Rearing Trays, OEM & ODM service available, insect breeding boxes wholesale price!","og_url":"https:\/\/www.plastic-crates.com\/tr\/urun\/siyah-asker-sinegi-ureme-kutusu\/","og_site_name":"plastic-crates.com","article_modified_time":"2025-02-17T04:38:13+00:00","og_image":[{"width":720,"height":720,"url":"https:\/\/www.plastic-crates.com\/wp-content\/uploads\/2024\/10\/black-soldier-fly-breeding-box-5.png","type":"image\/png"}],"twitter_card":"summary_large_image","twitter_title":"stackable folding crate, High Quality stackable folding crate Wholesale","twitter_misc":{"Tahmini okuma s\u00fcresi":"1 dakika"},"schema":{"@context":"https:\/\/schema.org","@graph":[{"@type":"WebPage","@id":"https:\/\/www.plastic-crates.com\/product\/black-soldier-fly-breeding-box\/","url":"https:\/\/www.plastic-crates.com\/product\/black-soldier-fly-breeding-box\/","name":"Sat\u0131l\u0131k siyah asker sine\u011fi yeti\u015ftirme kutusu","isPartOf":{"@id":"https:\/\/www.plastic-crates.com\/#website"},"primaryImageOfPage":{"@id":"https:\/\/www.plastic-crates.com\/product\/black-soldier-fly-breeding-box\/#primaryimage"},"image":{"@id":"https:\/\/www.plastic-crates.com\/product\/black-soldier-fly-breeding-box\/#primaryimage"},"thumbnailUrl":"https:\/\/www.plastic-crates.com\/wp-content\/uploads\/2024\/10\/black-soldier-fly-breeding-box-5.png","datePublished":"2024-10-28T04:29:07+00:00","dateModified":"2025-02-17T04:38:13+00:00","description":"Siyah asker sine\u011fi yeti\u015ftirme kutusu, B\u00f6cek Yeti\u015ftirme Tepsileri, OEM ve ODM hizmeti mevcuttur, b\u00f6cek yeti\u015ftirme kutular\u0131 toptan fiyat\u0131!","breadcrumb":{"@id":"https:\/\/www.plastic-crates.com\/product\/black-soldier-fly-breeding-box\/#breadcrumb"},"inLanguage":"tr","potentialAction":[{"@type":"ReadAction","target":["https:\/\/www.plastic-crates.com\/product\/black-soldier-fly-breeding-box\/"]}]},{"@type":"ImageObject","inLanguage":"tr","@id":"https:\/\/www.plastic-crates.com\/product\/black-soldier-fly-breeding-box\/#primaryimage","url":"https:\/\/www.plastic-crates.com\/wp-content\/uploads\/2024\/10\/black-soldier-fly-breeding-box-5.png","contentUrl":"https:\/\/www.plastic-crates.com\/wp-content\/uploads\/2024\/10\/black-soldier-fly-breeding-box-5.png","width":720,"height":720,"caption":"black soldier fly breeding box"},{"@type":"BreadcrumbList","@id":"https:\/\/www.plastic-crates.com\/product\/black-soldier-fly-breeding-box\/#breadcrumb","itemListElement":[{"@type":"ListItem","position":1,"name":"Home","item":"https:\/\/www.plastic-crates.com\/"},{"@type":"ListItem","position":2,"name":"Products","item":"https:\/\/www.plastic-crates.com\/shop\/"},{"@type":"ListItem","position":3,"name":"Black soldier fly breeding box"}]},{"@type":"WebSite","@id":"https:\/\/www.plastic-crates.com\/#website","url":"https:\/\/www.plastic-crates.com\/","name":"plastic-crates.com","description":"\u00c7in&#039;in \u00f6nde gelen plastik kasa \u00fcreticisi","potentialAction":[{"@type":"SearchAction","target":{"@type":"EntryPoint","urlTemplate":"https:\/\/www.plastic-crates.com\/?s={search_term_string}"},"query-input":{"@type":"PropertyValueSpecification","valueRequired":true,"valueName":"search_term_string"}}],"inLanguage":"tr"}]}},"_links":{"self":[{"href":"https:\/\/www.plastic-crates.com\/tr\/wp-json\/wp\/v2\/product\/7393","targetHints":{"allow":["GET"]}}],"collection":[{"href":"https:\/\/www.plastic-crates.com\/tr\/wp-json\/wp\/v2\/product"}],"about":[{"href":"https:\/\/www.plastic-crates.com\/tr\/wp-json\/wp\/v2\/types\/product"}],"wp:featuredmedia":[{"embeddable":true,"href":"https:\/\/www.plastic-crates.com\/tr\/wp-json\/wp\/v2\/media\/7461"}],"wp:attachment":[{"href":"https:\/\/www.plastic-crates.com\/tr\/wp-json\/wp\/v2\/media?parent=7393"}],"wp:term":[{"taxonomy":"product_brand","embeddable":true,"href":"https:\/\/www.plastic-crates.com\/tr\/wp-json\/wp\/v2\/product_brand?post=7393"},{"taxonomy":"product_cat","embeddable":true,"href":"https:\/\/www.plastic-crates.com\/tr\/wp-json\/wp\/v2\/product_cat?post=7393"},{"taxonomy":"product_tag","embeddable":true,"href":"https:\/\/www.plastic-crates.com\/tr\/wp-json\/wp\/v2\/product_tag?post=7393"}],"curies":[{"name":"wp","href":"https:\/\/api.w.org\/{rel}","templated":true}]}}