{"id":7471,"date":"2025-02-23T01:11:21","date_gmt":"2025-02-23T01:11:21","guid":{"rendered":"https:\/\/www.plastic-crates.com\/?post_type=product&#038;p=7471"},"modified":"2025-02-23T01:31:09","modified_gmt":"2025-02-23T01:31:09","slug":"wood-effect-folding-crate","status":"publish","type":"product","link":"https:\/\/www.plastic-crates.com\/tr\/urun\/wood-effect-folding-crate\/","title":{"rendered":"Ah\u015fap G\u00f6r\u00fcn\u00fcml\u00fc Katlan\u0131r Kasa"},"content":{"rendered":"<p>Tan\u0131t\u0131m\u0131m\u0131z <strong>Ah\u015fap G\u00f6r\u00fcn\u00fcml\u00fc Katlan\u0131r Kasa<\/strong> &#8211; a perfect blend of functionality and style. This crate is not only a practical storage solution but also a visually appealing addition to your home or office decor. Crafted with a wood-effect finish, it offers the rustic charm of a wooden crate, while being lighter and more durable.<\/p>\n<ul>\n<li>Can be collapsed and stacked for efficient space utilization during transportation and storage<\/li>\n<li>Eco-friendly and completely recyclable<\/li>\n<li>Polymer construction that is easy to clean, impervious to moisture, insecticides, fungi, acids, fats, solvents, and odors<\/li>\n<li>Certified for food contact<\/li>\n<li>Complies with European standards<\/li>\n<li>Panels can be effortlessly and silently folded up and down<\/li>\n<li>Equipped with active lock to secure the container when it&#8217;s unfolded.<\/li>\n<\/ul>\n<div style=\"width: 1170px;\" class=\"wp-video\"><!--[if lt IE 9]><script>document.createElement('video');<\/script><![endif]-->\n<video class=\"wp-video-shortcode\" id=\"video-7471-1\" width=\"1170\" height=\"663\" preload=\"metadata\" controls=\"controls\"><source type=\"video\/mp4\" src=\"https:\/\/www.plastic-crates.com\/wp-content\/uploads\/2025\/02\/wood-effect-folding-crate-effect.mp4?_=1\" \/><a href=\"https:\/\/www.plastic-crates.com\/wp-content\/uploads\/2025\/02\/wood-effect-folding-crate-effect.mp4\">https:\/\/www.plastic-crates.com\/wp-content\/uploads\/2025\/02\/wood-effect-folding-crate-effect.mp4<\/a><\/video><\/div>\n<p><img loading=\"lazy\" decoding=\"async\" class=\"alignnone size-full wp-image-7479\" src=\"https:\/\/www.plastic-crates.com\/wp-content\/uploads\/2025\/02\/wood-effect-folding-crate-application-1.png\" alt=\"Wood Effect Folding Crate application\" width=\"1195\" height=\"793\" srcset=\"https:\/\/www.plastic-crates.com\/wp-content\/uploads\/2025\/02\/wood-effect-folding-crate-application-1.png 1195w, https:\/\/www.plastic-crates.com\/wp-content\/uploads\/2025\/02\/wood-effect-folding-crate-application-1-300x199.png 300w, https:\/\/www.plastic-crates.com\/wp-content\/uploads\/2025\/02\/wood-effect-folding-crate-application-1-1024x680.png 1024w, https:\/\/www.plastic-crates.com\/wp-content\/uploads\/2025\/02\/wood-effect-folding-crate-application-1-768x510.png 768w, https:\/\/www.plastic-crates.com\/wp-content\/uploads\/2025\/02\/wood-effect-folding-crate-application-1-600x398.png 600w\" sizes=\"auto, (max-width: 1195px) 100vw, 1195px\" \/><br \/>\n<img loading=\"lazy\" decoding=\"async\" class=\"alignnone size-full wp-image-7480\" src=\"https:\/\/www.plastic-crates.com\/wp-content\/uploads\/2025\/02\/wood-effect-folding-crate-application-2.png\" alt=\"Wood Effect Folding Crate for fruits\" width=\"800\" height=\"1066\" srcset=\"https:\/\/www.plastic-crates.com\/wp-content\/uploads\/2025\/02\/wood-effect-folding-crate-application-2.png 800w, https:\/\/www.plastic-crates.com\/wp-content\/uploads\/2025\/02\/wood-effect-folding-crate-application-2-225x300.png 225w, https:\/\/www.plastic-crates.com\/wp-content\/uploads\/2025\/02\/wood-effect-folding-crate-application-2-768x1023.png 768w, https:\/\/www.plastic-crates.com\/wp-content\/uploads\/2025\/02\/wood-effect-folding-crate-application-2-600x800.png 600w\" sizes=\"auto, (max-width: 800px) 100vw, 800px\" \/><\/p>","protected":false},"excerpt":{"rendered":"<div><a href=\"https:\/\/www.plastic-crates.com\/tr\/urun\/spill-containment-pallet-drum-spill-containment-pallet\/\" target=\"_blank\">d\u00f6k\u00fclme tutma paleti<\/a>,<a href=\"https:\/\/www.plastic-crates.com\/tr\/urun-kategori\/istiflenebilir-konteynerler\/\" target=\"_blank\">plastik istiflenebilir saklama kaplar\u0131<\/a>,<a href=\"https:\/\/www.plastic-crates.com\/tr\/urun-kategori\/istiflenebilir-konteynerler\/\" target=\"_blank\" rel=\"noopener noreferrer\">istiflenebilir kasalar<\/a>,<a href=\"https:\/\/www.plastic-crates.com\/tr\/urun-kategori\/katlanabilir-kutu\/\" target=\"_blank\" rel=\"noopener noreferrer\">katlan\u0131r plastik sepet<\/a>,<a href=\"https:\/\/www.plastic-crates.com\/tr\/urun-kategori\/palet-konteyneri\/\" target=\"_blank\" rel=\"noopener noreferrer\">storage container bulk<\/a>,<a href=\"https:\/\/www.rollingcrates.com\/product-category\/folding-wagon\/\" target=\"_blank\">best collapsible folding wagon\u200b<\/a><\/div>","protected":false},"featured_media":7472,"template":"","meta":{"_acf_changed":false},"product_brand":[],"product_cat":[11],"product_tag":[101],"class_list":{"0":"post-7471","1":"product","2":"type-product","3":"status-publish","4":"has-post-thumbnail","6":"product_cat-collapsable-box","7":"product_tag-plastic-folding-boxes","9":"first","10":"instock","11":"product-type-simple"},"acf":[],"yoast_head":"<!-- This site is optimized with the Yoast SEO plugin v26.1.1 - https:\/\/yoast.com\/wordpress\/plugins\/seo\/ -->\n<title>Wood Effect Folding Crate wholesale &amp; Factory Price<\/title>\n<meta name=\"description\" content=\"Wholesale Wood Effect Folding Crate, collapsable Wood Effect plastic crates supplier, Dimensions(L*W*H):600 * 400 * 205 mm, Volume: 40L\" \/>\n<meta name=\"robots\" content=\"index, follow, max-snippet:-1, max-image-preview:large, max-video-preview:-1\" \/>\n<link rel=\"canonical\" href=\"https:\/\/www.plastic-crates.com\/tr\/urun\/wood-effect-folding-crate\/\" \/>\n<meta property=\"og:locale\" content=\"tr_TR\" \/>\n<meta property=\"og:type\" content=\"article\" \/>\n<meta property=\"og:title\" content=\"collapsible plastic basket\" \/>\n<meta property=\"og:description\" content=\"Wholesale Wood Effect Folding Crate, collapsable Wood Effect plastic crates supplier, Dimensions(L*W*H):600 * 400 * 205 mm, Volume: 40L\" \/>\n<meta property=\"og:url\" content=\"https:\/\/www.plastic-crates.com\/tr\/urun\/wood-effect-folding-crate\/\" \/>\n<meta property=\"og:site_name\" content=\"plastic-crates.com\" \/>\n<meta property=\"article:modified_time\" content=\"2025-02-23T01:31:09+00:00\" \/>\n<meta property=\"og:image\" content=\"https:\/\/www.plastic-crates.com\/wp-content\/uploads\/2025\/02\/wood-effect-folding-crate-1.jpg\" \/>\n\t<meta property=\"og:image:width\" content=\"700\" \/>\n\t<meta property=\"og:image:height\" content=\"700\" \/>\n\t<meta property=\"og:image:type\" content=\"image\/jpeg\" \/>\n<meta name=\"twitter:card\" content=\"summary_large_image\" \/>\n<meta name=\"twitter:title\" content=\"collapsible plastic basket\" \/>\n<meta name=\"twitter:label1\" content=\"Tahmini okuma s\u00fcresi\" \/>\n\t<meta name=\"twitter:data1\" content=\"2 dakika\" \/>\n<script type=\"application\/ld+json\" class=\"yoast-schema-graph\">{\"@context\":\"https:\/\/schema.org\",\"@graph\":[{\"@type\":\"WebPage\",\"@id\":\"https:\/\/www.plastic-crates.com\/product\/wood-effect-folding-crate\/\",\"url\":\"https:\/\/www.plastic-crates.com\/product\/wood-effect-folding-crate\/\",\"name\":\"Wood Effect Folding Crate wholesale & Factory Price\",\"isPartOf\":{\"@id\":\"https:\/\/www.plastic-crates.com\/#website\"},\"primaryImageOfPage\":{\"@id\":\"https:\/\/www.plastic-crates.com\/product\/wood-effect-folding-crate\/#primaryimage\"},\"image\":{\"@id\":\"https:\/\/www.plastic-crates.com\/product\/wood-effect-folding-crate\/#primaryimage\"},\"thumbnailUrl\":\"https:\/\/www.plastic-crates.com\/wp-content\/uploads\/2025\/02\/wood-effect-folding-crate-1.jpg\",\"datePublished\":\"2025-02-23T01:11:21+00:00\",\"dateModified\":\"2025-02-23T01:31:09+00:00\",\"description\":\"Wholesale Wood Effect Folding Crate, collapsable Wood Effect plastic crates supplier, Dimensions(L*W*H):600 * 400 * 205 mm, Volume: 40L\",\"breadcrumb\":{\"@id\":\"https:\/\/www.plastic-crates.com\/product\/wood-effect-folding-crate\/#breadcrumb\"},\"inLanguage\":\"tr\",\"potentialAction\":[{\"@type\":\"ReadAction\",\"target\":[\"https:\/\/www.plastic-crates.com\/product\/wood-effect-folding-crate\/\"]}]},{\"@type\":\"ImageObject\",\"inLanguage\":\"tr\",\"@id\":\"https:\/\/www.plastic-crates.com\/product\/wood-effect-folding-crate\/#primaryimage\",\"url\":\"https:\/\/www.plastic-crates.com\/wp-content\/uploads\/2025\/02\/wood-effect-folding-crate-1.jpg\",\"contentUrl\":\"https:\/\/www.plastic-crates.com\/wp-content\/uploads\/2025\/02\/wood-effect-folding-crate-1.jpg\",\"width\":700,\"height\":700,\"caption\":\"Wood Effect Folding Crate\"},{\"@type\":\"BreadcrumbList\",\"@id\":\"https:\/\/www.plastic-crates.com\/product\/wood-effect-folding-crate\/#breadcrumb\",\"itemListElement\":[{\"@type\":\"ListItem\",\"position\":1,\"name\":\"Home\",\"item\":\"https:\/\/www.plastic-crates.com\/\"},{\"@type\":\"ListItem\",\"position\":2,\"name\":\"Products\",\"item\":\"https:\/\/www.plastic-crates.com\/shop\/\"},{\"@type\":\"ListItem\",\"position\":3,\"name\":\"Wood Effect Folding Crate\"}]},{\"@type\":\"WebSite\",\"@id\":\"https:\/\/www.plastic-crates.com\/#website\",\"url\":\"https:\/\/www.plastic-crates.com\/\",\"name\":\"plastic-crates.com\",\"description\":\"Leading plastic crates manufacturer in China\",\"potentialAction\":[{\"@type\":\"SearchAction\",\"target\":{\"@type\":\"EntryPoint\",\"urlTemplate\":\"https:\/\/www.plastic-crates.com\/?s={search_term_string}\"},\"query-input\":{\"@type\":\"PropertyValueSpecification\",\"valueRequired\":true,\"valueName\":\"search_term_string\"}}],\"inLanguage\":\"tr\"}]}<\/script>\n<!-- \/ Yoast SEO plugin. -->","yoast_head_json":{"title":"Wood Effect Folding Crate wholesale & Factory Price","description":"Wholesale Wood Effect Folding Crate, collapsable Wood Effect plastic crates supplier, Dimensions(L*W*H):600 * 400 * 205 mm, Volume: 40L","robots":{"index":"index","follow":"follow","max-snippet":"max-snippet:-1","max-image-preview":"max-image-preview:large","max-video-preview":"max-video-preview:-1"},"canonical":"https:\/\/www.plastic-crates.com\/tr\/urun\/wood-effect-folding-crate\/","og_locale":"tr_TR","og_type":"article","og_title":"collapsible plastic basket","og_description":"Wholesale Wood Effect Folding Crate, collapsable Wood Effect plastic crates supplier, Dimensions(L*W*H):600 * 400 * 205 mm, Volume: 40L","og_url":"https:\/\/www.plastic-crates.com\/tr\/urun\/wood-effect-folding-crate\/","og_site_name":"plastic-crates.com","article_modified_time":"2025-02-23T01:31:09+00:00","og_image":[{"width":700,"height":700,"url":"https:\/\/www.plastic-crates.com\/wp-content\/uploads\/2025\/02\/wood-effect-folding-crate-1.jpg","type":"image\/jpeg"}],"twitter_card":"summary_large_image","twitter_title":"collapsible plastic basket","twitter_misc":{"Tahmini okuma s\u00fcresi":"2 dakika"},"schema":{"@context":"https:\/\/schema.org","@graph":[{"@type":"WebPage","@id":"https:\/\/www.plastic-crates.com\/product\/wood-effect-folding-crate\/","url":"https:\/\/www.plastic-crates.com\/product\/wood-effect-folding-crate\/","name":"Wood Effect Folding Crate wholesale & Factory Price","isPartOf":{"@id":"https:\/\/www.plastic-crates.com\/#website"},"primaryImageOfPage":{"@id":"https:\/\/www.plastic-crates.com\/product\/wood-effect-folding-crate\/#primaryimage"},"image":{"@id":"https:\/\/www.plastic-crates.com\/product\/wood-effect-folding-crate\/#primaryimage"},"thumbnailUrl":"https:\/\/www.plastic-crates.com\/wp-content\/uploads\/2025\/02\/wood-effect-folding-crate-1.jpg","datePublished":"2025-02-23T01:11:21+00:00","dateModified":"2025-02-23T01:31:09+00:00","description":"Wholesale Wood Effect Folding Crate, collapsable Wood Effect plastic crates supplier, Dimensions(L*W*H):600 * 400 * 205 mm, Volume: 40L","breadcrumb":{"@id":"https:\/\/www.plastic-crates.com\/product\/wood-effect-folding-crate\/#breadcrumb"},"inLanguage":"tr","potentialAction":[{"@type":"ReadAction","target":["https:\/\/www.plastic-crates.com\/product\/wood-effect-folding-crate\/"]}]},{"@type":"ImageObject","inLanguage":"tr","@id":"https:\/\/www.plastic-crates.com\/product\/wood-effect-folding-crate\/#primaryimage","url":"https:\/\/www.plastic-crates.com\/wp-content\/uploads\/2025\/02\/wood-effect-folding-crate-1.jpg","contentUrl":"https:\/\/www.plastic-crates.com\/wp-content\/uploads\/2025\/02\/wood-effect-folding-crate-1.jpg","width":700,"height":700,"caption":"Wood Effect Folding Crate"},{"@type":"BreadcrumbList","@id":"https:\/\/www.plastic-crates.com\/product\/wood-effect-folding-crate\/#breadcrumb","itemListElement":[{"@type":"ListItem","position":1,"name":"Home","item":"https:\/\/www.plastic-crates.com\/"},{"@type":"ListItem","position":2,"name":"Products","item":"https:\/\/www.plastic-crates.com\/shop\/"},{"@type":"ListItem","position":3,"name":"Wood Effect Folding Crate"}]},{"@type":"WebSite","@id":"https:\/\/www.plastic-crates.com\/#website","url":"https:\/\/www.plastic-crates.com\/","name":"plastic-crates.com","description":"\u00c7in&#039;in \u00f6nde gelen plastik kasa \u00fcreticisi","potentialAction":[{"@type":"SearchAction","target":{"@type":"EntryPoint","urlTemplate":"https:\/\/www.plastic-crates.com\/?s={search_term_string}"},"query-input":{"@type":"PropertyValueSpecification","valueRequired":true,"valueName":"search_term_string"}}],"inLanguage":"tr"}]}},"_links":{"self":[{"href":"https:\/\/www.plastic-crates.com\/tr\/wp-json\/wp\/v2\/product\/7471","targetHints":{"allow":["GET"]}}],"collection":[{"href":"https:\/\/www.plastic-crates.com\/tr\/wp-json\/wp\/v2\/product"}],"about":[{"href":"https:\/\/www.plastic-crates.com\/tr\/wp-json\/wp\/v2\/types\/product"}],"wp:featuredmedia":[{"embeddable":true,"href":"https:\/\/www.plastic-crates.com\/tr\/wp-json\/wp\/v2\/media\/7472"}],"wp:attachment":[{"href":"https:\/\/www.plastic-crates.com\/tr\/wp-json\/wp\/v2\/media?parent=7471"}],"wp:term":[{"taxonomy":"product_brand","embeddable":true,"href":"https:\/\/www.plastic-crates.com\/tr\/wp-json\/wp\/v2\/product_brand?post=7471"},{"taxonomy":"product_cat","embeddable":true,"href":"https:\/\/www.plastic-crates.com\/tr\/wp-json\/wp\/v2\/product_cat?post=7471"},{"taxonomy":"product_tag","embeddable":true,"href":"https:\/\/www.plastic-crates.com\/tr\/wp-json\/wp\/v2\/product_tag?post=7471"}],"curies":[{"name":"wp","href":"https:\/\/api.w.org\/{rel}","templated":true}]}}