{"id":7497,"date":"2025-03-24T20:47:23","date_gmt":"2025-03-24T20:47:23","guid":{"rendered":"https:\/\/www.plastic-crates.com\/?post_type=product&#038;p=7497"},"modified":"2025-03-24T21:08:26","modified_gmt":"2025-03-24T21:08:26","slug":"un-kurdu-icin-plastik-bsf-ureme-tepsisi-kutusu","status":"publish","type":"product","link":"https:\/\/www.plastic-crates.com\/tr\/urun\/un-kurdu-icin-plastik-bsf-ureme-tepsisi-kutusu\/","title":{"rendered":"Un kurdu i\u00e7in plastik BSF \u00fcreme tepsisi kutusu"},"content":{"rendered":"<p>B\u00f6cek yeti\u015ftirme veya g\u00f6zlem projelerinizi, b\u00f6cek yeti\u015ftirmek veya incelemek i\u00e7in g\u00fcvenli ve pratik bir ortam sa\u011flamak \u00fczere tasarlanm\u0131\u015f bu sa\u011flam B\u00f6cek Yeti\u015ftirme Kutusu ile zenginle\u015ftirin. Dayan\u0131kl\u0131, y\u00fcksek kaliteli mavi plastikten \u00fcretilen bu yeti\u015ftirme kutusu, d\u00fczenli kullan\u0131ma dayanacak ve i\u00e7indekilerin g\u00fcvenli\u011fini sa\u011flayacak \u015fekilde \u00fcretilmi\u015ftir. Geni\u015f dikd\u00f6rtgen tasar\u0131m\u0131, b\u00f6ceklerin geli\u015fmesi i\u00e7in bolca alan sunarak hobiciler, e\u011fitimciler veya ara\u015ft\u0131rmac\u0131lar i\u00e7in idealdir.<\/p>\n<div style=\"width: 1170px;\" class=\"wp-video\"><!--[if lt IE 9]><script>document.createElement('video');<\/script><![endif]-->\n<video class=\"wp-video-shortcode\" id=\"video-7497-1\" width=\"1170\" height=\"658\" preload=\"metadata\" controls=\"controls\"><source type=\"video\/mp4\" src=\"https:\/\/www.plastic-crates.com\/wp-content\/uploads\/2025\/03\/Insect-Breeding-Box.mp4?_=1\" \/><a href=\"https:\/\/www.plastic-crates.com\/wp-content\/uploads\/2025\/03\/Insect-Breeding-Box.mp4\">https:\/\/www.plastic-crates.com\/wp-content\/uploads\/2025\/03\/Insect-Breeding-Box.mp4<\/a><\/video><\/div>\n<p>Kutu, b\u00f6cekler i\u00e7in sa\u011fl\u0131kl\u0131 bir ortam sa\u011flamak \u00fczere uygun hava ak\u0131\u015f\u0131n\u0131 destekleyen, yanlar\u0131nda birden fazla kesik b\u00f6lme bulunan havaland\u0131rmal\u0131 bir yap\u0131ya sahiptir. Sa\u011flam taban\u0131 denge sa\u011flarken, y\u00fckseltilmi\u015f kenarlar\u0131 i\u00e7eri\u011fin g\u00fcvenli bir \u015fekilde muhafaza edilmesini sa\u011flar. Canl\u0131 mavi rengi, profesyonel bir g\u00f6r\u00fcn\u00fcm kazand\u0131rman\u0131n yan\u0131 s\u0131ra, her \u00e7al\u0131\u015fma alan\u0131nda kolayca fark edilmesini de sa\u011flar. T\u0131rt\u0131l, BSF, b\u00f6cek veya di\u011fer k\u00fc\u00e7\u00fck t\u00fcrler gibi b\u00f6cekleri yeti\u015ftirmek, g\u00f6zlemlemek veya ta\u015f\u0131mak i\u00e7in m\u00fckemmel olan bu B\u00f6cek Yeti\u015ftirme Kutusu, entomoloji merakl\u0131lar\u0131 i\u00e7in g\u00fcvenilir ve \u00e7ok y\u00f6nl\u00fc bir ara\u00e7t\u0131r. \u0130ster bir kelebek ya\u015fam alan\u0131 geli\u015ftiriyor olun ister b\u00f6cek davran\u0131\u015flar\u0131n\u0131 inceliyor olun, bu kutu ba\u015far\u0131l\u0131 b\u00f6cek yeti\u015ftirme i\u00e7in ihtiya\u00e7 duydu\u011funuz i\u015flevselli\u011fi ve dayan\u0131kl\u0131l\u0131\u011f\u0131 sunar.<\/p>\n<p><a href=\"https:\/\/www.plastic-crates.com\/tr\/urun-kategori\/seffaf-plastik-saklama-kaplari\/\">\u015eeffaf plastik saklama kaplar\u0131<\/a>, <a href=\"https:\/\/www.plastic-crate.co.uk\/product-category\/supermarket-crates-bale-arm-crates\/\">balya kolu kasalar\u0131<\/a>,<\/p>","protected":false},"excerpt":{"rendered":"<p>Enhance your insect breeding or observation projects with this sturdy Insect Breeding Box, designed to provide a secure and practical&hellip;<\/p>","protected":false},"featured_media":7504,"template":"","meta":{"_acf_changed":false},"product_brand":[],"product_cat":[144],"product_tag":[],"class_list":{"0":"post-7497","1":"product","2":"type-product","3":"status-publish","4":"has-post-thumbnail","6":"product_cat-plastic-trays-wholesale","8":"first","9":"instock","10":"sale","11":"purchasable","12":"product-type-simple"},"acf":[],"yoast_head":"<!-- This site is optimized with the Yoast SEO plugin v26.1.1 - https:\/\/yoast.com\/wordpress\/plugins\/seo\/ -->\n<title>Plastic BSF Breeding Tray Box for Mealworm for sale<\/title>\n<meta name=\"description\" content=\"Plastic BSF Breeding Tray Box for Mealworm, Insect Rearing box, OEM &amp; ODM service available, insect breeding boxes wholesale price!\" \/>\n<meta name=\"robots\" content=\"index, follow, max-snippet:-1, max-image-preview:large, max-video-preview:-1\" \/>\n<link rel=\"canonical\" href=\"https:\/\/www.plastic-crates.com\/tr\/urun\/un-kurdu-icin-plastik-bsf-ureme-tepsisi-kutusu\/\" \/>\n<meta property=\"og:locale\" content=\"tr_TR\" \/>\n<meta property=\"og:type\" content=\"article\" \/>\n<meta property=\"og:title\" content=\"stackable folding crate, High Quality stackable folding crate Wholesale\" \/>\n<meta property=\"og:description\" content=\"Plastic BSF Breeding Tray Box for Mealworm, Insect Rearing box, OEM &amp; ODM service available, insect breeding boxes wholesale price!\" \/>\n<meta property=\"og:url\" content=\"https:\/\/www.plastic-crates.com\/tr\/urun\/un-kurdu-icin-plastik-bsf-ureme-tepsisi-kutusu\/\" \/>\n<meta property=\"og:site_name\" content=\"plastic-crates.com\" \/>\n<meta property=\"article:modified_time\" content=\"2025-03-24T21:08:26+00:00\" \/>\n<meta property=\"og:image\" content=\"https:\/\/www.plastic-crates.com\/wp-content\/uploads\/2025\/03\/black-soldier-fly-breeding-box-7.jpg\" \/>\n\t<meta property=\"og:image:width\" content=\"720\" \/>\n\t<meta property=\"og:image:height\" content=\"720\" \/>\n\t<meta property=\"og:image:type\" content=\"image\/jpeg\" \/>\n<meta name=\"twitter:card\" content=\"summary_large_image\" \/>\n<meta name=\"twitter:title\" content=\"stackable folding crate, High Quality stackable folding crate Wholesale\" \/>\n<meta name=\"twitter:label1\" content=\"Tahmini okuma s\u00fcresi\" \/>\n\t<meta name=\"twitter:data1\" content=\"2 dakika\" \/>\n<script type=\"application\/ld+json\" class=\"yoast-schema-graph\">{\"@context\":\"https:\/\/schema.org\",\"@graph\":[{\"@type\":\"WebPage\",\"@id\":\"https:\/\/www.plastic-crates.com\/product\/plastic-bsf-breeding-tray-box-for-mealworm\/\",\"url\":\"https:\/\/www.plastic-crates.com\/product\/plastic-bsf-breeding-tray-box-for-mealworm\/\",\"name\":\"Plastic BSF Breeding Tray Box for Mealworm for sale\",\"isPartOf\":{\"@id\":\"https:\/\/www.plastic-crates.com\/#website\"},\"primaryImageOfPage\":{\"@id\":\"https:\/\/www.plastic-crates.com\/product\/plastic-bsf-breeding-tray-box-for-mealworm\/#primaryimage\"},\"image\":{\"@id\":\"https:\/\/www.plastic-crates.com\/product\/plastic-bsf-breeding-tray-box-for-mealworm\/#primaryimage\"},\"thumbnailUrl\":\"https:\/\/www.plastic-crates.com\/wp-content\/uploads\/2025\/03\/black-soldier-fly-breeding-box-7.jpg\",\"datePublished\":\"2025-03-24T20:47:23+00:00\",\"dateModified\":\"2025-03-24T21:08:26+00:00\",\"description\":\"Plastic BSF Breeding Tray Box for Mealworm, Insect Rearing box, OEM & ODM service available, insect breeding boxes wholesale price!\",\"breadcrumb\":{\"@id\":\"https:\/\/www.plastic-crates.com\/product\/plastic-bsf-breeding-tray-box-for-mealworm\/#breadcrumb\"},\"inLanguage\":\"tr\",\"potentialAction\":[{\"@type\":\"ReadAction\",\"target\":[\"https:\/\/www.plastic-crates.com\/product\/plastic-bsf-breeding-tray-box-for-mealworm\/\"]}]},{\"@type\":\"ImageObject\",\"inLanguage\":\"tr\",\"@id\":\"https:\/\/www.plastic-crates.com\/product\/plastic-bsf-breeding-tray-box-for-mealworm\/#primaryimage\",\"url\":\"https:\/\/www.plastic-crates.com\/wp-content\/uploads\/2025\/03\/black-soldier-fly-breeding-box-7.jpg\",\"contentUrl\":\"https:\/\/www.plastic-crates.com\/wp-content\/uploads\/2025\/03\/black-soldier-fly-breeding-box-7.jpg\",\"width\":720,\"height\":720,\"caption\":\"Insect breeding box\"},{\"@type\":\"BreadcrumbList\",\"@id\":\"https:\/\/www.plastic-crates.com\/product\/plastic-bsf-breeding-tray-box-for-mealworm\/#breadcrumb\",\"itemListElement\":[{\"@type\":\"ListItem\",\"position\":1,\"name\":\"Home\",\"item\":\"https:\/\/www.plastic-crates.com\/\"},{\"@type\":\"ListItem\",\"position\":2,\"name\":\"Products\",\"item\":\"https:\/\/www.plastic-crates.com\/shop\/\"},{\"@type\":\"ListItem\",\"position\":3,\"name\":\"Plastic BSF Breeding Tray Box for Mealworm\"}]},{\"@type\":\"WebSite\",\"@id\":\"https:\/\/www.plastic-crates.com\/#website\",\"url\":\"https:\/\/www.plastic-crates.com\/\",\"name\":\"plastic-crates.com\",\"description\":\"Leading plastic crates manufacturer in China\",\"potentialAction\":[{\"@type\":\"SearchAction\",\"target\":{\"@type\":\"EntryPoint\",\"urlTemplate\":\"https:\/\/www.plastic-crates.com\/?s={search_term_string}\"},\"query-input\":{\"@type\":\"PropertyValueSpecification\",\"valueRequired\":true,\"valueName\":\"search_term_string\"}}],\"inLanguage\":\"tr\"}]}<\/script>\n<!-- \/ Yoast SEO plugin. -->","yoast_head_json":{"title":"Sat\u0131l\u0131k Un Kurdu i\u00e7in Plastik BSF \u00dcreme Tepsi Kutusu","description":"Un kurdu, b\u00f6cek yeti\u015ftirme kutusu i\u00e7in plastik BSF yeti\u015ftirme tepsisi kutusu, OEM ve ODM hizmeti mevcuttur, b\u00f6cek yeti\u015ftirme kutular\u0131 toptan fiyat\u0131na!","robots":{"index":"index","follow":"follow","max-snippet":"max-snippet:-1","max-image-preview":"max-image-preview:large","max-video-preview":"max-video-preview:-1"},"canonical":"https:\/\/www.plastic-crates.com\/tr\/urun\/un-kurdu-icin-plastik-bsf-ureme-tepsisi-kutusu\/","og_locale":"tr_TR","og_type":"article","og_title":"stackable folding crate, High Quality stackable folding crate Wholesale","og_description":"Plastic BSF Breeding Tray Box for Mealworm, Insect Rearing box, OEM & ODM service available, insect breeding boxes wholesale price!","og_url":"https:\/\/www.plastic-crates.com\/tr\/urun\/un-kurdu-icin-plastik-bsf-ureme-tepsisi-kutusu\/","og_site_name":"plastic-crates.com","article_modified_time":"2025-03-24T21:08:26+00:00","og_image":[{"width":720,"height":720,"url":"https:\/\/www.plastic-crates.com\/wp-content\/uploads\/2025\/03\/black-soldier-fly-breeding-box-7.jpg","type":"image\/jpeg"}],"twitter_card":"summary_large_image","twitter_title":"stackable folding crate, High Quality stackable folding crate Wholesale","twitter_misc":{"Tahmini okuma s\u00fcresi":"2 dakika"},"schema":{"@context":"https:\/\/schema.org","@graph":[{"@type":"WebPage","@id":"https:\/\/www.plastic-crates.com\/product\/plastic-bsf-breeding-tray-box-for-mealworm\/","url":"https:\/\/www.plastic-crates.com\/product\/plastic-bsf-breeding-tray-box-for-mealworm\/","name":"Sat\u0131l\u0131k Un Kurdu i\u00e7in Plastik BSF \u00dcreme Tepsi Kutusu","isPartOf":{"@id":"https:\/\/www.plastic-crates.com\/#website"},"primaryImageOfPage":{"@id":"https:\/\/www.plastic-crates.com\/product\/plastic-bsf-breeding-tray-box-for-mealworm\/#primaryimage"},"image":{"@id":"https:\/\/www.plastic-crates.com\/product\/plastic-bsf-breeding-tray-box-for-mealworm\/#primaryimage"},"thumbnailUrl":"https:\/\/www.plastic-crates.com\/wp-content\/uploads\/2025\/03\/black-soldier-fly-breeding-box-7.jpg","datePublished":"2025-03-24T20:47:23+00:00","dateModified":"2025-03-24T21:08:26+00:00","description":"Un kurdu, b\u00f6cek yeti\u015ftirme kutusu i\u00e7in plastik BSF yeti\u015ftirme tepsisi kutusu, OEM ve ODM hizmeti mevcuttur, b\u00f6cek yeti\u015ftirme kutular\u0131 toptan fiyat\u0131na!","breadcrumb":{"@id":"https:\/\/www.plastic-crates.com\/product\/plastic-bsf-breeding-tray-box-for-mealworm\/#breadcrumb"},"inLanguage":"tr","potentialAction":[{"@type":"ReadAction","target":["https:\/\/www.plastic-crates.com\/product\/plastic-bsf-breeding-tray-box-for-mealworm\/"]}]},{"@type":"ImageObject","inLanguage":"tr","@id":"https:\/\/www.plastic-crates.com\/product\/plastic-bsf-breeding-tray-box-for-mealworm\/#primaryimage","url":"https:\/\/www.plastic-crates.com\/wp-content\/uploads\/2025\/03\/black-soldier-fly-breeding-box-7.jpg","contentUrl":"https:\/\/www.plastic-crates.com\/wp-content\/uploads\/2025\/03\/black-soldier-fly-breeding-box-7.jpg","width":720,"height":720,"caption":"Insect breeding box"},{"@type":"BreadcrumbList","@id":"https:\/\/www.plastic-crates.com\/product\/plastic-bsf-breeding-tray-box-for-mealworm\/#breadcrumb","itemListElement":[{"@type":"ListItem","position":1,"name":"Home","item":"https:\/\/www.plastic-crates.com\/"},{"@type":"ListItem","position":2,"name":"Products","item":"https:\/\/www.plastic-crates.com\/shop\/"},{"@type":"ListItem","position":3,"name":"Plastic BSF Breeding Tray Box for Mealworm"}]},{"@type":"WebSite","@id":"https:\/\/www.plastic-crates.com\/#website","url":"https:\/\/www.plastic-crates.com\/","name":"plastic-crates.com","description":"\u00c7in&#039;in \u00f6nde gelen plastik kasa \u00fcreticisi","potentialAction":[{"@type":"SearchAction","target":{"@type":"EntryPoint","urlTemplate":"https:\/\/www.plastic-crates.com\/?s={search_term_string}"},"query-input":{"@type":"PropertyValueSpecification","valueRequired":true,"valueName":"search_term_string"}}],"inLanguage":"tr"}]}},"_links":{"self":[{"href":"https:\/\/www.plastic-crates.com\/tr\/wp-json\/wp\/v2\/product\/7497","targetHints":{"allow":["GET"]}}],"collection":[{"href":"https:\/\/www.plastic-crates.com\/tr\/wp-json\/wp\/v2\/product"}],"about":[{"href":"https:\/\/www.plastic-crates.com\/tr\/wp-json\/wp\/v2\/types\/product"}],"wp:featuredmedia":[{"embeddable":true,"href":"https:\/\/www.plastic-crates.com\/tr\/wp-json\/wp\/v2\/media\/7504"}],"wp:attachment":[{"href":"https:\/\/www.plastic-crates.com\/tr\/wp-json\/wp\/v2\/media?parent=7497"}],"wp:term":[{"taxonomy":"product_brand","embeddable":true,"href":"https:\/\/www.plastic-crates.com\/tr\/wp-json\/wp\/v2\/product_brand?post=7497"},{"taxonomy":"product_cat","embeddable":true,"href":"https:\/\/www.plastic-crates.com\/tr\/wp-json\/wp\/v2\/product_cat?post=7497"},{"taxonomy":"product_tag","embeddable":true,"href":"https:\/\/www.plastic-crates.com\/tr\/wp-json\/wp\/v2\/product_tag?post=7497"}],"curies":[{"name":"wp","href":"https:\/\/api.w.org\/{rel}","templated":true}]}}