{"id":7508,"date":"2025-04-14T23:41:45","date_gmt":"2025-04-14T23:41:45","guid":{"rendered":"https:\/\/www.plastic-crates.com\/?post_type=product&#038;p=7508"},"modified":"2025-09-12T21:45:24","modified_gmt":"2025-09-12T21:45:24","slug":"katlanir-sut-kasalari-toptan","status":"publish","type":"product","link":"https:\/\/www.plastic-crates.com\/tr\/urun\/katlanir-sut-kasalari-toptan\/","title":{"rendered":"Katlan\u0131r s\u00fct kasalar\u0131 toptan sat\u0131\u015f"},"content":{"rendered":"<p>Depolama \u00e7\u00f6z\u00fcmlerinizi \u00e7ok y\u00f6nl\u00fc \u00e7\u00f6z\u00fcmlerimiz ile d\u00f6n\u00fc\u015ft\u00fcr\u00fcn <strong>Katlan\u0131r S\u00fct Kasalar\u0131<\/strong>Maksimum i\u015flevsellik i\u00e7in tasarlanan bu kasalar, market al\u0131\u015fveri\u015flerinden ofis malzemelerine kadar her \u015feyi depolaman\u0131n m\u00fckemmel bir yolunu sunarken, alan\u0131n\u0131z\u0131 d\u00fczenli ve verimli tutar.<\/p>\n<ul>\n<li><strong>Yerden Tasarruf Sa\u011flayan Tasar\u0131m:<\/strong>\u00a0Kullan\u0131lmad\u0131\u011f\u0131 zaman kompakt bir \u015fekilde saklanabilmesi i\u00e7in kolayca katlanabilen bu kasalar, evler, ofisler veya hareket halindeyken kullan\u0131m i\u00e7in m\u00fckemmeldir.<\/li>\n<li><strong>Dayan\u0131kl\u0131 Malzeme:<\/strong>\u00a0Y\u00fcksek kaliteli, dayan\u0131kl\u0131 plastikten \u00fcretilen s\u00fct kasalar\u0131m\u0131z a\u011f\u0131r y\u00fcklere dayan\u0131kl\u0131d\u0131r ve uzun \u00f6m\u00fcrl\u00fc kullan\u0131m sa\u011flar.<\/li>\n<li><strong>Havaland\u0131rmal\u0131 Tasar\u0131m:<\/strong>\u00a0Nefes alabilen kafes yap\u0131s\u0131yla bu kasalar, nem olu\u015fumunu \u00f6nlemeye yard\u0131mc\u0131 olarak hem g\u0131da hem de g\u0131da d\u0131\u015f\u0131 \u00fcr\u00fcnler i\u00e7in idealdir.<\/li>\n<li><strong>Kullan\u0131m\u0131 Kolay:<\/strong>\u00a0Dahili kulplar\u0131yla e\u015fyalar\u0131n\u0131z\u0131 ta\u015f\u0131mak hi\u00e7 bu kadar kolay olmam\u0131\u015ft\u0131. G\u00fcvenle al\u0131n, ta\u015f\u0131y\u0131n ve saklay\u0131n!<\/li>\n<li><strong>\u015e\u0131k ve \u0130\u015flevsel:<\/strong>\u00a0\u015e\u0131k turkuaz renginde mevcut olan bu kasalar, pratiklik sa\u011flarken depolama \u00e7\u00f6z\u00fcm\u00fcn\u00fcze renk katar.<\/li>\n<\/ul>\n<div style=\"width: 1170px;\" class=\"wp-video\"><!--[if lt IE 9]><script>document.createElement('video');<\/script><![endif]-->\n<video class=\"wp-video-shortcode\" id=\"video-7508-1\" width=\"1170\" height=\"658\" preload=\"metadata\" controls=\"controls\"><source type=\"video\/mp4\" src=\"https:\/\/www.plastic-crates.com\/wp-content\/uploads\/2025\/04\/folding-milk-crates-wholesale.mp4?_=1\" \/><a href=\"https:\/\/www.plastic-crates.com\/wp-content\/uploads\/2025\/04\/folding-milk-crates-wholesale.mp4\">https:\/\/www.plastic-crates.com\/wp-content\/uploads\/2025\/04\/folding-milk-crates-wholesale.mp4<\/a><\/video><\/div>\n<p><strong>\u015eunlar i\u00e7in m\u00fckemmel:<\/strong><\/p>\n<ul>\n<li>Ev organizasyonu<\/li>\n<li>Bakkal al\u0131\u015fveri\u015fi<\/li>\n<li>Ofis malzemeleri<\/li>\n<li>Kamp ve a\u00e7\u0131k hava etkinlikleri<\/li>\n<li>\u00c7ocuk oyuncaklar\u0131<\/li>\n<\/ul>","protected":false},"excerpt":{"rendered":"<div><a href=\"https:\/\/www.plastic-crates.com\/tr\/urun-kategori\/katlanabilir-kutu\/\" target=\"_blank\" rel=\"noopener noreferrer\">plastik katlan\u0131r kaplar<\/a>,<a href=\"https:\/\/www.plastic-crates.com\/tr\/urun-kategori\/palet-konteyneri\/\" target=\"_blank\" rel=\"noopener noreferrer\">toplu plastik kaplar<\/a>,<a href=\"https:\/\/www.plastic-crates.com\/tr\/urun-etiketi\/buyuk-plastik-saklama-kaplari\/\" target=\"_blank\" rel=\"noopener noreferrer\">b\u00fcy\u00fck depolama konteynerleri<\/a><\/div>","protected":false},"featured_media":7514,"template":"","meta":{"_acf_changed":false},"product_brand":[],"product_cat":[11],"product_tag":[153,135,102,149],"class_list":{"0":"post-7508","1":"product","2":"type-product","3":"status-publish","4":"has-post-thumbnail","6":"product_cat-collapsable-box","7":"product_tag-bottle-crate","8":"product_tag-collapsible-utility-crate","9":"product_tag-plastic-folding-basket","10":"product_tag-plastic-milk-crates","12":"first","13":"instock","14":"product-type-simple"},"acf":[],"yoast_head":"<!-- This site is optimized with the Yoast SEO plugin v26.1.1 - https:\/\/yoast.com\/wordpress\/plugins\/seo\/ -->\n<title>Folding milk crates wholesale, fold up milk crates &amp; Factory Price<\/title>\n<meta name=\"description\" content=\"Wholesale Folding milk crates, collapsable milk crates supplier, Dimensions(L*W*H):503*365*281 mm, fold up milk crates for sale\" \/>\n<meta name=\"robots\" content=\"index, follow, max-snippet:-1, max-image-preview:large, max-video-preview:-1\" \/>\n<link rel=\"canonical\" href=\"https:\/\/www.plastic-crates.com\/tr\/urun\/katlanir-sut-kasalari-toptan\/\" \/>\n<meta property=\"og:locale\" content=\"tr_TR\" \/>\n<meta property=\"og:type\" content=\"article\" \/>\n<meta property=\"og:title\" content=\"kis collapsible crate\" \/>\n<meta property=\"og:description\" content=\"Wholesale Folding milk crates, collapsable milk crates supplier, Dimensions(L*W*H):503*365*281 mm, fold up milk crates for sale\" \/>\n<meta property=\"og:url\" content=\"https:\/\/www.plastic-crates.com\/tr\/urun\/katlanir-sut-kasalari-toptan\/\" \/>\n<meta property=\"og:site_name\" content=\"plastic-crates.com\" \/>\n<meta property=\"article:modified_time\" content=\"2025-09-12T21:45:24+00:00\" \/>\n<meta property=\"og:image\" content=\"https:\/\/www.plastic-crates.com\/wp-content\/uploads\/2025\/04\/folding-milk-crates-wholesale-6.jpeg\" \/>\n\t<meta property=\"og:image:width\" content=\"960\" \/>\n\t<meta property=\"og:image:height\" content=\"960\" \/>\n\t<meta property=\"og:image:type\" content=\"image\/jpeg\" \/>\n<meta name=\"twitter:card\" content=\"summary_large_image\" \/>\n<meta name=\"twitter:title\" content=\"kis collapsible crate\" \/>\n<meta name=\"twitter:label1\" content=\"Tahmini okuma s\u00fcresi\" \/>\n\t<meta name=\"twitter:data1\" content=\"1 dakika\" \/>\n<script type=\"application\/ld+json\" class=\"yoast-schema-graph\">{\"@context\":\"https:\/\/schema.org\",\"@graph\":[{\"@type\":\"WebPage\",\"@id\":\"https:\/\/www.plastic-crates.com\/product\/folding-milk-crates-wholesale\/\",\"url\":\"https:\/\/www.plastic-crates.com\/product\/folding-milk-crates-wholesale\/\",\"name\":\"Folding milk crates wholesale, fold up milk crates & Factory Price\",\"isPartOf\":{\"@id\":\"https:\/\/www.plastic-crates.com\/#website\"},\"primaryImageOfPage\":{\"@id\":\"https:\/\/www.plastic-crates.com\/product\/folding-milk-crates-wholesale\/#primaryimage\"},\"image\":{\"@id\":\"https:\/\/www.plastic-crates.com\/product\/folding-milk-crates-wholesale\/#primaryimage\"},\"thumbnailUrl\":\"https:\/\/www.plastic-crates.com\/wp-content\/uploads\/2025\/04\/folding-milk-crates-wholesale-6.jpeg\",\"datePublished\":\"2025-04-14T23:41:45+00:00\",\"dateModified\":\"2025-09-12T21:45:24+00:00\",\"description\":\"Wholesale Folding milk crates, collapsable milk crates supplier, Dimensions(L*W*H):503*365*281 mm, fold up milk crates for sale\",\"breadcrumb\":{\"@id\":\"https:\/\/www.plastic-crates.com\/product\/folding-milk-crates-wholesale\/#breadcrumb\"},\"inLanguage\":\"tr\",\"potentialAction\":[{\"@type\":\"ReadAction\",\"target\":[\"https:\/\/www.plastic-crates.com\/product\/folding-milk-crates-wholesale\/\"]}]},{\"@type\":\"ImageObject\",\"inLanguage\":\"tr\",\"@id\":\"https:\/\/www.plastic-crates.com\/product\/folding-milk-crates-wholesale\/#primaryimage\",\"url\":\"https:\/\/www.plastic-crates.com\/wp-content\/uploads\/2025\/04\/folding-milk-crates-wholesale-6.jpeg\",\"contentUrl\":\"https:\/\/www.plastic-crates.com\/wp-content\/uploads\/2025\/04\/folding-milk-crates-wholesale-6.jpeg\",\"width\":960,\"height\":960,\"caption\":\"folding milk crate stackable\"},{\"@type\":\"BreadcrumbList\",\"@id\":\"https:\/\/www.plastic-crates.com\/product\/folding-milk-crates-wholesale\/#breadcrumb\",\"itemListElement\":[{\"@type\":\"ListItem\",\"position\":1,\"name\":\"Home\",\"item\":\"https:\/\/www.plastic-crates.com\/\"},{\"@type\":\"ListItem\",\"position\":2,\"name\":\"Products\",\"item\":\"https:\/\/www.plastic-crates.com\/shop\/\"},{\"@type\":\"ListItem\",\"position\":3,\"name\":\"Folding milk crates wholesale\"}]},{\"@type\":\"WebSite\",\"@id\":\"https:\/\/www.plastic-crates.com\/#website\",\"url\":\"https:\/\/www.plastic-crates.com\/\",\"name\":\"plastic-crates.com\",\"description\":\"Leading plastic crates manufacturer in China\",\"potentialAction\":[{\"@type\":\"SearchAction\",\"target\":{\"@type\":\"EntryPoint\",\"urlTemplate\":\"https:\/\/www.plastic-crates.com\/?s={search_term_string}\"},\"query-input\":{\"@type\":\"PropertyValueSpecification\",\"valueRequired\":true,\"valueName\":\"search_term_string\"}}],\"inLanguage\":\"tr\"}]}<\/script>\n<!-- \/ Yoast SEO plugin. -->","yoast_head_json":{"title":"Katlan\u0131r s\u00fct kasalar\u0131 toptan, katlanabilir s\u00fct kasalar\u0131 ve Fabrika Fiyat\u0131","description":"Toptan Katlan\u0131r s\u00fct kasalar\u0131, katlanabilir s\u00fct kasalar\u0131 tedarik\u00e7isi, Boyutlar (U*G*Y): 503*365*281 mm, sat\u0131l\u0131k katlanabilir s\u00fct kasalar\u0131","robots":{"index":"index","follow":"follow","max-snippet":"max-snippet:-1","max-image-preview":"max-image-preview:large","max-video-preview":"max-video-preview:-1"},"canonical":"https:\/\/www.plastic-crates.com\/tr\/urun\/katlanir-sut-kasalari-toptan\/","og_locale":"tr_TR","og_type":"article","og_title":"kis collapsible crate","og_description":"Wholesale Folding milk crates, collapsable milk crates supplier, Dimensions(L*W*H):503*365*281 mm, fold up milk crates for sale","og_url":"https:\/\/www.plastic-crates.com\/tr\/urun\/katlanir-sut-kasalari-toptan\/","og_site_name":"plastic-crates.com","article_modified_time":"2025-09-12T21:45:24+00:00","og_image":[{"width":960,"height":960,"url":"https:\/\/www.plastic-crates.com\/wp-content\/uploads\/2025\/04\/folding-milk-crates-wholesale-6.jpeg","type":"image\/jpeg"}],"twitter_card":"summary_large_image","twitter_title":"kis collapsible crate","twitter_misc":{"Tahmini okuma s\u00fcresi":"1 dakika"},"schema":{"@context":"https:\/\/schema.org","@graph":[{"@type":"WebPage","@id":"https:\/\/www.plastic-crates.com\/product\/folding-milk-crates-wholesale\/","url":"https:\/\/www.plastic-crates.com\/product\/folding-milk-crates-wholesale\/","name":"Katlan\u0131r s\u00fct kasalar\u0131 toptan, katlanabilir s\u00fct kasalar\u0131 ve Fabrika Fiyat\u0131","isPartOf":{"@id":"https:\/\/www.plastic-crates.com\/#website"},"primaryImageOfPage":{"@id":"https:\/\/www.plastic-crates.com\/product\/folding-milk-crates-wholesale\/#primaryimage"},"image":{"@id":"https:\/\/www.plastic-crates.com\/product\/folding-milk-crates-wholesale\/#primaryimage"},"thumbnailUrl":"https:\/\/www.plastic-crates.com\/wp-content\/uploads\/2025\/04\/folding-milk-crates-wholesale-6.jpeg","datePublished":"2025-04-14T23:41:45+00:00","dateModified":"2025-09-12T21:45:24+00:00","description":"Toptan Katlan\u0131r s\u00fct kasalar\u0131, katlanabilir s\u00fct kasalar\u0131 tedarik\u00e7isi, Boyutlar (U*G*Y): 503*365*281 mm, sat\u0131l\u0131k katlanabilir s\u00fct kasalar\u0131","breadcrumb":{"@id":"https:\/\/www.plastic-crates.com\/product\/folding-milk-crates-wholesale\/#breadcrumb"},"inLanguage":"tr","potentialAction":[{"@type":"ReadAction","target":["https:\/\/www.plastic-crates.com\/product\/folding-milk-crates-wholesale\/"]}]},{"@type":"ImageObject","inLanguage":"tr","@id":"https:\/\/www.plastic-crates.com\/product\/folding-milk-crates-wholesale\/#primaryimage","url":"https:\/\/www.plastic-crates.com\/wp-content\/uploads\/2025\/04\/folding-milk-crates-wholesale-6.jpeg","contentUrl":"https:\/\/www.plastic-crates.com\/wp-content\/uploads\/2025\/04\/folding-milk-crates-wholesale-6.jpeg","width":960,"height":960,"caption":"folding milk crate stackable"},{"@type":"BreadcrumbList","@id":"https:\/\/www.plastic-crates.com\/product\/folding-milk-crates-wholesale\/#breadcrumb","itemListElement":[{"@type":"ListItem","position":1,"name":"Home","item":"https:\/\/www.plastic-crates.com\/"},{"@type":"ListItem","position":2,"name":"Products","item":"https:\/\/www.plastic-crates.com\/shop\/"},{"@type":"ListItem","position":3,"name":"Folding milk crates wholesale"}]},{"@type":"WebSite","@id":"https:\/\/www.plastic-crates.com\/#website","url":"https:\/\/www.plastic-crates.com\/","name":"plastic-crates.com","description":"\u00c7in&#039;in \u00f6nde gelen plastik kasa \u00fcreticisi","potentialAction":[{"@type":"SearchAction","target":{"@type":"EntryPoint","urlTemplate":"https:\/\/www.plastic-crates.com\/?s={search_term_string}"},"query-input":{"@type":"PropertyValueSpecification","valueRequired":true,"valueName":"search_term_string"}}],"inLanguage":"tr"}]}},"_links":{"self":[{"href":"https:\/\/www.plastic-crates.com\/tr\/wp-json\/wp\/v2\/product\/7508","targetHints":{"allow":["GET"]}}],"collection":[{"href":"https:\/\/www.plastic-crates.com\/tr\/wp-json\/wp\/v2\/product"}],"about":[{"href":"https:\/\/www.plastic-crates.com\/tr\/wp-json\/wp\/v2\/types\/product"}],"wp:featuredmedia":[{"embeddable":true,"href":"https:\/\/www.plastic-crates.com\/tr\/wp-json\/wp\/v2\/media\/7514"}],"wp:attachment":[{"href":"https:\/\/www.plastic-crates.com\/tr\/wp-json\/wp\/v2\/media?parent=7508"}],"wp:term":[{"taxonomy":"product_brand","embeddable":true,"href":"https:\/\/www.plastic-crates.com\/tr\/wp-json\/wp\/v2\/product_brand?post=7508"},{"taxonomy":"product_cat","embeddable":true,"href":"https:\/\/www.plastic-crates.com\/tr\/wp-json\/wp\/v2\/product_cat?post=7508"},{"taxonomy":"product_tag","embeddable":true,"href":"https:\/\/www.plastic-crates.com\/tr\/wp-json\/wp\/v2\/product_tag?post=7508"}],"curies":[{"name":"wp","href":"https:\/\/api.w.org\/{rel}","templated":true}]}}